{"id":2012,"date":"2025-01-24T15:12:23","date_gmt":"2025-01-24T14:12:23","guid":{"rendered":"https:\/\/www.kemostik.com\/neostik\/lepila\/epoksidna-lepila\/neostik-epoxy-super-5\/"},"modified":"2025-01-24T15:12:23","modified_gmt":"2025-01-24T14:12:23","slug":"neostik-epoxy-super-5","status":"publish","type":"page","link":"https:\/\/www.kemostik.com\/en\/neostik\/adhesives\/epoxy-adhesives\/neostik-epoxy-super-5\/","title":{"rendered":"Neostik EPOXY SUPER 5"},"content":{"rendered":"<div class=\"wpb-content-wrapper\"><p>[vc_row][vc_column][vc_row_inner][vc_column_inner width=&#8221;1\/2&#8243;][vc_column_text css=&#8221;&#8221;]<\/p>\n<div class=\"stolpec-levo\">Hitro utrjujo\u010de dvokomponentno epoksidno lepilo zagotavlja mo\u010dno in zdr\u017eljivo vez. Utrjen sloj lepila je odporen na vodo, olje in \u0161tevilne kemikalije ter temperature od -40 \u00b0C do +120 \u00b0C. Je idealno za zapolnjevanje po\u0161kodb in lepljenje razli\u010dnih kombinacij materialov, npr. \u017eelezo na beton.<\/div>\n<p>[\/vc_column_text][vc_column_text css=&#8221;&#8221;]<\/p>\n<h6>LEPI:<\/h6>\n<p>kovino, plastiko, les, kamen, marmor in beton. Ne lepi PP, PE, PP, teflona, silikona in stekla.[\/vc_column_text][vc_column_text css=&#8221;&#8221;]<\/p>\n<h6>PAKIRANJE:<\/h6>\n<p>18 ml[\/vc_column_text][\/vc_column_inner][vc_column_inner width=&#8221;1\/2&#8243;][vc_single_image image=&#8221;437&#8243; img_size=&#8221;&#8221; alignment=&#8221;center&#8221; css=&#8221;&#8221;][\/vc_column_inner][\/vc_row_inner][\/vc_column][\/vc_row][vc_row][vc_column]\r\n\t\t\t<div class=\"helios_section_distance m\"><\/div>\r\n\r\n\t\t\t[\/vc_column][\/vc_row]<\/p>\n<\/div>","protected":false},"excerpt":{"rendered":"<p>[vc_row][vc_column][vc_row_inner][vc_column_inner width=&#8221;1\/2&#8243;][vc_column_text css=&#8221;&#8221;] Hitro utrjujo\u010de dvokomponentno epoksidno lepilo zagotavlja mo\u010dno in zdr\u017eljivo vez. Utrjen sloj lepila je odporen na vodo, olje in \u0161tevilne kemikalije ter temperature od -40 \u00b0C do +120 \u00b0C. Je idealno za zapolnjevanje po\u0161kodb in lepljenje razli\u010dnih kombinacij materialov, npr. \u017eelezo na beton. [\/vc_column_text][vc_column_text css=&#8221;&#8221;] LEPI: kovino, plastiko, les, kamen, marmor in&#8230;<\/p>\n","protected":false},"author":1,"featured_media":0,"parent":1996,"menu_order":0,"comment_status":"closed","ping_status":"closed","template":"","meta":{"footnotes":""},"class_list":["post-2012","page","type-page","status-publish","hentry"],"yoast_head":"<!-- This site is optimized with the Yoast SEO plugin v27.2 - https:\/\/yoast.com\/product\/yoast-seo-wordpress\/ -->\n<title>Neostik EPOXY SUPER 5 - KANSAI HELIOS Kemostik d.o.o<\/title>\n<meta name=\"robots\" content=\"index, follow, max-snippet:-1, max-image-preview:large, max-video-preview:-1\" \/>\n<link rel=\"canonical\" href=\"https:\/\/www.kemostik.com\/en\/neostik\/adhesives\/epoxy-adhesives\/neostik-epoxy-super-5\/\" \/>\n<meta property=\"og:locale\" content=\"en_US\" \/>\n<meta property=\"og:type\" content=\"article\" \/>\n<meta property=\"og:title\" content=\"Neostik EPOXY SUPER 5 - KANSAI HELIOS Kemostik d.o.o\" \/>\n<meta property=\"og:description\" content=\"[vc_row][vc_column][vc_row_inner][vc_column_inner width=&#8221;1\/2&#8243;][vc_column_text css=&#8221;&#8221;] Hitro utrjujo\u010de dvokomponentno epoksidno lepilo zagotavlja mo\u010dno in zdr\u017eljivo vez. Utrjen sloj lepila je odporen na vodo, olje in \u0161tevilne kemikalije ter temperature od -40 \u00b0C do +120 \u00b0C. Je idealno za zapolnjevanje po\u0161kodb in lepljenje razli\u010dnih kombinacij materialov, npr. \u017eelezo na beton. [\/vc_column_text][vc_column_text css=&#8221;&#8221;] LEPI: kovino, plastiko, les, kamen, marmor in...\" \/>\n<meta property=\"og:url\" content=\"https:\/\/www.kemostik.com\/en\/neostik\/adhesives\/epoxy-adhesives\/neostik-epoxy-super-5\/\" \/>\n<meta property=\"og:site_name\" content=\"KANSAI HELIOS Kemostik d.o.o\" \/>\n<meta name=\"twitter:card\" content=\"summary_large_image\" \/>\n<meta name=\"twitter:label1\" content=\"Est. reading time\" \/>\n\t<meta name=\"twitter:data1\" content=\"1 minute\" \/>\n<script type=\"application\/ld+json\" class=\"yoast-schema-graph\">{\"@context\":\"https:\/\/schema.org\",\"@graph\":[{\"@type\":\"WebPage\",\"@id\":\"https:\/\/www.kemostik.com\/en\/neostik\/adhesives\/epoxy-adhesives\/neostik-epoxy-super-5\/\",\"url\":\"https:\/\/www.kemostik.com\/en\/neostik\/adhesives\/epoxy-adhesives\/neostik-epoxy-super-5\/\",\"name\":\"Neostik EPOXY SUPER 5 - KANSAI HELIOS Kemostik d.o.o\",\"isPartOf\":{\"@id\":\"https:\/\/www.kemostik.com\/en\/#website\"},\"datePublished\":\"2025-01-24T14:12:23+00:00\",\"breadcrumb\":{\"@id\":\"https:\/\/www.kemostik.com\/en\/neostik\/adhesives\/epoxy-adhesives\/neostik-epoxy-super-5\/#breadcrumb\"},\"inLanguage\":\"en-US\",\"potentialAction\":[{\"@type\":\"ReadAction\",\"target\":[\"https:\/\/www.kemostik.com\/en\/neostik\/adhesives\/epoxy-adhesives\/neostik-epoxy-super-5\/\"]}]},{\"@type\":\"BreadcrumbList\",\"@id\":\"https:\/\/www.kemostik.com\/en\/neostik\/adhesives\/epoxy-adhesives\/neostik-epoxy-super-5\/#breadcrumb\",\"itemListElement\":[{\"@type\":\"ListItem\",\"position\":1,\"name\":\"Home\",\"item\":\"https:\/\/www.kemostik.com\/en\/\"},{\"@type\":\"ListItem\",\"position\":2,\"name\":\"NEOSTIK\",\"item\":\"https:\/\/www.kemostik.com\/en\/neostik\/\"},{\"@type\":\"ListItem\",\"position\":3,\"name\":\"Adhesives\",\"item\":\"https:\/\/www.kemostik.com\/en\/neostik\/lepila\/\"},{\"@type\":\"ListItem\",\"position\":4,\"name\":\"Epoxy adhesives\",\"item\":\"https:\/\/www.kemostik.com\/en\/neostik\/lepila\/epoksidna-lepila\/\"},{\"@type\":\"ListItem\",\"position\":5,\"name\":\"Neostik EPOXY SUPER 5\"}]},{\"@type\":\"WebSite\",\"@id\":\"https:\/\/www.kemostik.com\/en\/#website\",\"url\":\"https:\/\/www.kemostik.com\/en\/\",\"name\":\"KANSAI HELIOS Kemostik d.o.o\",\"description\":\"\",\"publisher\":{\"@id\":\"https:\/\/www.kemostik.com\/en\/#organization\"},\"potentialAction\":[{\"@type\":\"SearchAction\",\"target\":{\"@type\":\"EntryPoint\",\"urlTemplate\":\"https:\/\/www.kemostik.com\/en\/?s={search_term_string}\"},\"query-input\":{\"@type\":\"PropertyValueSpecification\",\"valueRequired\":true,\"valueName\":\"search_term_string\"}}],\"inLanguage\":\"en-US\"},{\"@type\":\"Organization\",\"@id\":\"https:\/\/www.kemostik.com\/en\/#organization\",\"name\":\"KANSAI HELIOS Kemostik d.o.o\",\"url\":\"https:\/\/www.kemostik.com\/en\/\",\"logo\":{\"@type\":\"ImageObject\",\"inLanguage\":\"en-US\",\"@id\":\"https:\/\/www.kemostik.com\/en\/#\/schema\/logo\/image\/\",\"url\":\"https:\/\/www.kemostik.com\/wp-content\/uploads\/2024\/10\/kansai-helios-logo-transparent.png\",\"contentUrl\":\"https:\/\/www.kemostik.com\/wp-content\/uploads\/2024\/10\/kansai-helios-logo-transparent.png\",\"width\":240,\"height\":90,\"caption\":\"KANSAI HELIOS Kemostik d.o.o\"},\"image\":{\"@id\":\"https:\/\/www.kemostik.com\/en\/#\/schema\/logo\/image\/\"}}]}<\/script>\n<!-- \/ Yoast SEO plugin. -->","yoast_head_json":{"title":"Neostik EPOXY SUPER 5 - KANSAI HELIOS Kemostik d.o.o","robots":{"index":"index","follow":"follow","max-snippet":"max-snippet:-1","max-image-preview":"max-image-preview:large","max-video-preview":"max-video-preview:-1"},"canonical":"https:\/\/www.kemostik.com\/en\/neostik\/adhesives\/epoxy-adhesives\/neostik-epoxy-super-5\/","og_locale":"en_US","og_type":"article","og_title":"Neostik EPOXY SUPER 5 - KANSAI HELIOS Kemostik d.o.o","og_description":"[vc_row][vc_column][vc_row_inner][vc_column_inner width=&#8221;1\/2&#8243;][vc_column_text css=&#8221;&#8221;] Hitro utrjujo\u010de dvokomponentno epoksidno lepilo zagotavlja mo\u010dno in zdr\u017eljivo vez. Utrjen sloj lepila je odporen na vodo, olje in \u0161tevilne kemikalije ter temperature od -40 \u00b0C do +120 \u00b0C. Je idealno za zapolnjevanje po\u0161kodb in lepljenje razli\u010dnih kombinacij materialov, npr. \u017eelezo na beton. [\/vc_column_text][vc_column_text css=&#8221;&#8221;] LEPI: kovino, plastiko, les, kamen, marmor in...","og_url":"https:\/\/www.kemostik.com\/en\/neostik\/adhesives\/epoxy-adhesives\/neostik-epoxy-super-5\/","og_site_name":"KANSAI HELIOS Kemostik d.o.o","twitter_card":"summary_large_image","twitter_misc":{"Est. reading time":"1 minute"},"schema":{"@context":"https:\/\/schema.org","@graph":[{"@type":"WebPage","@id":"https:\/\/www.kemostik.com\/en\/neostik\/adhesives\/epoxy-adhesives\/neostik-epoxy-super-5\/","url":"https:\/\/www.kemostik.com\/en\/neostik\/adhesives\/epoxy-adhesives\/neostik-epoxy-super-5\/","name":"Neostik EPOXY SUPER 5 - KANSAI HELIOS Kemostik d.o.o","isPartOf":{"@id":"https:\/\/www.kemostik.com\/en\/#website"},"datePublished":"2025-01-24T14:12:23+00:00","breadcrumb":{"@id":"https:\/\/www.kemostik.com\/en\/neostik\/adhesives\/epoxy-adhesives\/neostik-epoxy-super-5\/#breadcrumb"},"inLanguage":"en-US","potentialAction":[{"@type":"ReadAction","target":["https:\/\/www.kemostik.com\/en\/neostik\/adhesives\/epoxy-adhesives\/neostik-epoxy-super-5\/"]}]},{"@type":"BreadcrumbList","@id":"https:\/\/www.kemostik.com\/en\/neostik\/adhesives\/epoxy-adhesives\/neostik-epoxy-super-5\/#breadcrumb","itemListElement":[{"@type":"ListItem","position":1,"name":"Home","item":"https:\/\/www.kemostik.com\/en\/"},{"@type":"ListItem","position":2,"name":"NEOSTIK","item":"https:\/\/www.kemostik.com\/en\/neostik\/"},{"@type":"ListItem","position":3,"name":"Adhesives","item":"https:\/\/www.kemostik.com\/en\/neostik\/lepila\/"},{"@type":"ListItem","position":4,"name":"Epoxy adhesives","item":"https:\/\/www.kemostik.com\/en\/neostik\/lepila\/epoksidna-lepila\/"},{"@type":"ListItem","position":5,"name":"Neostik EPOXY SUPER 5"}]},{"@type":"WebSite","@id":"https:\/\/www.kemostik.com\/en\/#website","url":"https:\/\/www.kemostik.com\/en\/","name":"KANSAI HELIOS Kemostik d.o.o","description":"","publisher":{"@id":"https:\/\/www.kemostik.com\/en\/#organization"},"potentialAction":[{"@type":"SearchAction","target":{"@type":"EntryPoint","urlTemplate":"https:\/\/www.kemostik.com\/en\/?s={search_term_string}"},"query-input":{"@type":"PropertyValueSpecification","valueRequired":true,"valueName":"search_term_string"}}],"inLanguage":"en-US"},{"@type":"Organization","@id":"https:\/\/www.kemostik.com\/en\/#organization","name":"KANSAI HELIOS Kemostik d.o.o","url":"https:\/\/www.kemostik.com\/en\/","logo":{"@type":"ImageObject","inLanguage":"en-US","@id":"https:\/\/www.kemostik.com\/en\/#\/schema\/logo\/image\/","url":"https:\/\/www.kemostik.com\/wp-content\/uploads\/2024\/10\/kansai-helios-logo-transparent.png","contentUrl":"https:\/\/www.kemostik.com\/wp-content\/uploads\/2024\/10\/kansai-helios-logo-transparent.png","width":240,"height":90,"caption":"KANSAI HELIOS Kemostik d.o.o"},"image":{"@id":"https:\/\/www.kemostik.com\/en\/#\/schema\/logo\/image\/"}}]}},"_links":{"self":[{"href":"https:\/\/www.kemostik.com\/en\/wp-json\/wp\/v2\/pages\/2012","targetHints":{"allow":["GET"]}}],"collection":[{"href":"https:\/\/www.kemostik.com\/en\/wp-json\/wp\/v2\/pages"}],"about":[{"href":"https:\/\/www.kemostik.com\/en\/wp-json\/wp\/v2\/types\/page"}],"author":[{"embeddable":true,"href":"https:\/\/www.kemostik.com\/en\/wp-json\/wp\/v2\/users\/1"}],"replies":[{"embeddable":true,"href":"https:\/\/www.kemostik.com\/en\/wp-json\/wp\/v2\/comments?post=2012"}],"version-history":[{"count":0,"href":"https:\/\/www.kemostik.com\/en\/wp-json\/wp\/v2\/pages\/2012\/revisions"}],"up":[{"embeddable":true,"href":"https:\/\/www.kemostik.com\/en\/wp-json\/wp\/v2\/pages\/1996"}],"wp:attachment":[{"href":"https:\/\/www.kemostik.com\/en\/wp-json\/wp\/v2\/media?parent=2012"}],"curies":[{"name":"wp","href":"https:\/\/api.w.org\/{rel}","templated":true}]}}