{"id":1737,"date":"2024-10-05T23:45:19","date_gmt":"2024-10-05T21:45:19","guid":{"rendered":"https:\/\/www.kemostik.com\/varstvo-osebnih-podatkov\/"},"modified":"2025-03-23T13:45:23","modified_gmt":"2025-03-23T12:45:23","slug":"obavijest-o-zastiti-privatnosti","status":"publish","type":"page","link":"https:\/\/www.kemostik.com\/hr\/obavijest-o-zastiti-privatnosti\/","title":{"rendered":"Obavijest o za\u0161titi privatnosti"},"content":{"rendered":"<div class=\"wpb-content-wrapper\"><p>[vc_row][vc_column][vc_column_text css=&#8221;&#8221;]<\/p>\n<h5>Osnovne informacije<\/h5>\n<p>Nadzornik podataka je KANSAI HELIOS Kemostik d.o.o., Mekinje, Molkova pot 16, 1241 Kamnik.<\/p>\n<p>Slu\u017ebenik za za\u0161titu podataka (DPO): <a href=\"mailto:gdpr@kansai-helios.eu\">gdpr@kansai-helios.eu<\/a><\/p>\n<p>&nbsp;<\/p>\n<p>&nbsp;<\/p>\n<p>&nbsp;<\/p>\n<h5>Izrazi<\/h5>\n<p>GDPR ili Op\u0107a uredba: zna\u010di Uredbu (EU) 2016\/679 Europskog parlamenta i Vije\u0107a od 27. travnja 2016. o za\u0161titi pojedinaca u vezi s obradom osobnih podataka i o slobodnom kretanju takvih podataka te o stavljanju izvan snage Direktive 95\/46\/EZ (Op\u0107a uredba o za\u0161titi podataka) &#8211; izrazi opisani u GDPR tako\u0111er se koriste u ovoj politici.<\/p>\n<p>&nbsp;<\/p>\n<p>&nbsp;<\/p>\n<h5>Koja su moja prava i kako ih mogu ostvariti?<\/h5>\n<p>U bilo kojem trenutku mo\u017eete ostvariti sljede\u0107a prava u vezi s va\u0161im osobnim podacima kod nas:<\/p>\n<p>Imate pravo:<\/p>\n<ul>\n<li>pristupiti svojim osobnim podacima;<\/li>\n<li>ispraviti ili a\u017eurirati svoje osobne podatke;<\/li>\n<li>brisati svoje osobne podatke kada vi\u0161e ne postoji pravna osnova (ili zakonska obveza) za njihovu pohranu ili kada ste nam dali svoju privolu;<\/li>\n<li>ograni\u010diti obradu osobnih podataka (u odre\u0111enim slu\u010dajevima);<\/li>\n<li>na prigovor &#8211; kada se obrada provodi na temelju zakonitih interesa;<\/li>\n<li>na prenosivost podataka &#8211; u slu\u010daju ugovora ili osobnog pristanka i kada se obrada provodi automatiziranim putem.<\/li>\n<\/ul>\n<p>Svoja prava mo\u017eete ostvariti pisanim putem izvr\u0161itelju obrade podataka ili e-po\u0161tom na <a href=\"mailto:gdpr@kansai-helios.eu\">gdpr@kansai-helios.eu<\/a> s naslovom: GDPR \u2013 www.kemostik.com [name of the website] \u2013 \u201cVa\u0161a zemlja\u201d. U odre\u0111enim slu\u010dajevima mo\u017eemo od vas zatra\u017eiti potvrdu va\u0161eg identiteta.<br \/>\n&nbsp;<br \/>\n<strong>Mogu\u0107nost pritu\u017ebe:<\/strong> ako smatrate da va\u0161a prava ne ostvarujemo na odgovaraju\u0107i na\u010din, uljudno vas molimo da nam se najprije obratite. Ako to nije dovoljno, mo\u017eete podnijeti pritu\u017ebu ili prijaviti nadle\u017enom tijelu za za\u0161titu osobnih podataka: <a href=\"https:\/\/www.ip-rs.si\/en\/\">https:\/\/www.ip-rs.si\/en\/<\/a><\/p>\n<p>&nbsp;<\/p>\n<p>&nbsp;<\/p>\n<h5>Namjene obrade <\/h5>\n<p>&nbsp;<\/p>\n<p><strong>1. 1.\tAko ste ispunili obrazac za kontakt<\/strong><\/p>\n<p>&nbsp;<\/p>\n<p>Zahvalni smo za svaku va\u0161u poruku te u tom \u0107e se slu\u010daju na\u0161a komunikacija temeljiti na na\u0161em zakonitom interesu koji se o\u010dituje u komunikaciji Izvr\u0161itelja obrade podataka s javno\u0161\u0107u. Ako ne \u017eelite otkrivati svoje osobne podatke, na\u017ealost ne\u0107emo mo\u0107i odgovoriti na va\u0161e pitanje. Komunikaciju mo\u017eete prekinuti u bilo kojem trenutku (tako \u0161to \u0107ete nas obavijestiti), \u0161to \u0107e tako\u0111er zna\u010diti da \u0107emo izbrisati va\u0161e osobne podatke.<\/p>\n<p>&nbsp;<\/p>\n<p><span style=\"text-decoration: underline;\"><strong>Pojedinosti<\/strong><\/span><\/p>\n<p><strong>Pravna osnova:<\/strong> zakoniti interes (komunikacija s javno\u0161\u0107u) &#8211; \u010dlanak 6. stavak 1. to\u010dka GDPR<\/p>\n<p><strong>Kategorije korisnika:<\/strong> pru\u017eatelj internetskog prostora, mre\u017ea za isporuku sadr\u017eaja (Cloudflare)<\/p>\n<p><strong>Razdoblje zadr\u017eavanja:<\/strong> do kraja komunikacije. Prije toga mo\u017eete zatra\u017eiti prekid komunikacije \u2013 stoga \u0107emo va\u0161e osobne podatke nepovratno izbrisati (ako za daljnju obradu ne postoji daljnja pravna osnova (npr. ugovor)).<br \/>\n&nbsp;<\/p>\n<p><strong>2. 2.\tAko ste se prijavili za posao<\/strong><\/p>\n<p>&nbsp;<\/p>\n<p>U KANSAI HELIOS-u ve\u0107 vi\u0161e od 150 godina poti\u010demo kulturu neprestanog rasta i razvoja. Jedan smo od 10 najve\u0107ih proizvo\u0111a\u010da industrijskih premaza u Europi i dio smo Kansai Paint-a, jednog od najve\u0107ih proizvo\u0111a\u010da boja u svijetu. Uvijek smo u potrazi za pojedincima koji imaju strast prema na\u0161oj industriji i koji se \u017eele pridru\u017eiti na\u0161em timu.<\/p>\n<p>Za pridru\u017eivanje na\u0161em timu mo\u017eete se prijaviti putem objavljenog oglasa za posao ili ispunjavanjem obrasca na na\u0161oj internetskoj stranici. <\/p>\n<p>&nbsp;<\/p>\n<p><span style=\"text-decoration: underline;\"><strong>Pojedinosti<\/strong><\/span><\/p>\n<p><strong>Pravna osnova:<\/strong> poduzimanje koraka na zahtjev osobe \u010diji se podaci obra\u0111uju prije sklapanja ugovora prema \u010dlanku 6. stavku 1. to\u010dki b GDPR-a, privolu prema \u010dlanku 6. stavku 1. to\u010dki a GDPR-a.<\/p>\n<p><strong>Kategorije korisnika:<\/strong> pru\u017eatelj internetskog prostora, mre\u017ea za isporuku sadr\u017eaja (Cloudflare)<br \/>\n<strong>Razdoblje zadr\u017eavanja:<\/strong><\/p>\n<ul>\n<li>Prilikom prijave ispunjavanjem obrasca: do opoziva pristanka, a najdu\u017ee \u0161est mjeseci od dana primitka osobnih podataka. <\/li>\n<li>Prilikom prijave za objavljen posao: Popratna dokumentacija neuspje\u0161nog kandidata \u010duva se do 3 mjeseca.  U slu\u010daju podno\u0161enja \u017ealbe na zahtjev, popratni dokumenti \u010duvaju se do kona\u010dnog ishoda sudskog postupka. Dokumenti o uspje\u0161nom kandidatu \u010duvaju se trajno<\/li>\n<\/ul>\n<p>[\/vc_column_text][\/vc_column][\/vc_row]<\/p>\n<\/div>","protected":false},"excerpt":{"rendered":"<p>[vc_row][vc_column][vc_column_text css=&#8221;&#8221;] Osnovne informacije Nadzornik podataka je KANSAI HELIOS Kemostik d.o.o., Mekinje, Molkova pot 16, 1241 Kamnik. Slu\u017ebenik za za\u0161titu podataka (DPO): gdpr@kansai-helios.eu &nbsp; &nbsp; &nbsp; Izrazi GDPR ili Op\u0107a uredba: zna\u010di Uredbu (EU) 2016\/679 Europskog parlamenta i Vije\u0107a od 27. travnja 2016. o za\u0161titi pojedinaca u vezi s obradom osobnih podataka i o slobodnom&#8230;<\/p>\n","protected":false},"author":1,"featured_media":0,"parent":0,"menu_order":0,"comment_status":"closed","ping_status":"closed","template":"","meta":{"footnotes":""},"class_list":["post-1737","page","type-page","status-publish","hentry"],"yoast_head":"<!-- This site is optimized with the Yoast SEO plugin v27.2 - https:\/\/yoast.com\/product\/yoast-seo-wordpress\/ -->\n<title>Obavijest o za\u0161titi privatnosti - KANSAI HELIOS Kemostik d.o.o<\/title>\n<meta name=\"robots\" content=\"index, follow, max-snippet:-1, max-image-preview:large, max-video-preview:-1\" \/>\n<link rel=\"canonical\" href=\"https:\/\/www.kemostik.com\/hr\/obavijest-o-zastiti-privatnosti\/\" \/>\n<meta property=\"og:locale\" content=\"hr_HR\" \/>\n<meta property=\"og:type\" content=\"article\" \/>\n<meta property=\"og:title\" content=\"Obavijest o za\u0161titi privatnosti - KANSAI HELIOS Kemostik d.o.o\" \/>\n<meta property=\"og:description\" content=\"[vc_row][vc_column][vc_column_text css=&#8221;&#8221;] Osnovne informacije Nadzornik podataka je KANSAI HELIOS Kemostik d.o.o., Mekinje, Molkova pot 16, 1241 Kamnik. Slu\u017ebenik za za\u0161titu podataka (DPO): gdpr@kansai-helios.eu &nbsp; &nbsp; &nbsp; Izrazi GDPR ili Op\u0107a uredba: zna\u010di Uredbu (EU) 2016\/679 Europskog parlamenta i Vije\u0107a od 27. travnja 2016. o za\u0161titi pojedinaca u vezi s obradom osobnih podataka i o slobodnom...\" \/>\n<meta property=\"og:url\" content=\"https:\/\/www.kemostik.com\/hr\/obavijest-o-zastiti-privatnosti\/\" \/>\n<meta property=\"og:site_name\" content=\"KANSAI HELIOS Kemostik d.o.o\" \/>\n<meta property=\"article:modified_time\" content=\"2025-03-23T12:45:23+00:00\" \/>\n<meta name=\"twitter:card\" content=\"summary_large_image\" \/>\n<meta name=\"twitter:label1\" content=\"Procijenjeno vrijeme \u010ditanja\" \/>\n\t<meta name=\"twitter:data1\" content=\"3 minute\" \/>\n<script type=\"application\/ld+json\" class=\"yoast-schema-graph\">{\"@context\":\"https:\/\/schema.org\",\"@graph\":[{\"@type\":\"WebPage\",\"@id\":\"https:\/\/www.kemostik.com\/hr\/obavijest-o-zastiti-privatnosti\/\",\"url\":\"https:\/\/www.kemostik.com\/hr\/obavijest-o-zastiti-privatnosti\/\",\"name\":\"Obavijest o za\u0161titi privatnosti - KANSAI HELIOS Kemostik d.o.o\",\"isPartOf\":{\"@id\":\"https:\/\/www.kemostik.com\/hr\/#website\"},\"datePublished\":\"2024-10-05T21:45:19+00:00\",\"dateModified\":\"2025-03-23T12:45:23+00:00\",\"breadcrumb\":{\"@id\":\"https:\/\/www.kemostik.com\/hr\/obavijest-o-zastiti-privatnosti\/#breadcrumb\"},\"inLanguage\":\"hr\",\"potentialAction\":[{\"@type\":\"ReadAction\",\"target\":[\"https:\/\/www.kemostik.com\/hr\/obavijest-o-zastiti-privatnosti\/\"]}]},{\"@type\":\"BreadcrumbList\",\"@id\":\"https:\/\/www.kemostik.com\/hr\/obavijest-o-zastiti-privatnosti\/#breadcrumb\",\"itemListElement\":[{\"@type\":\"ListItem\",\"position\":1,\"name\":\"Home\",\"item\":\"https:\/\/www.kemostik.com\/hr\/\"},{\"@type\":\"ListItem\",\"position\":2,\"name\":\"Obavijest o za\u0161titi privatnosti\"}]},{\"@type\":\"WebSite\",\"@id\":\"https:\/\/www.kemostik.com\/hr\/#website\",\"url\":\"https:\/\/www.kemostik.com\/hr\/\",\"name\":\"KANSAI HELIOS Kemostik d.o.o\",\"description\":\"\",\"publisher\":{\"@id\":\"https:\/\/www.kemostik.com\/hr\/#organization\"},\"potentialAction\":[{\"@type\":\"SearchAction\",\"target\":{\"@type\":\"EntryPoint\",\"urlTemplate\":\"https:\/\/www.kemostik.com\/hr\/?s={search_term_string}\"},\"query-input\":{\"@type\":\"PropertyValueSpecification\",\"valueRequired\":true,\"valueName\":\"search_term_string\"}}],\"inLanguage\":\"hr\"},{\"@type\":\"Organization\",\"@id\":\"https:\/\/www.kemostik.com\/hr\/#organization\",\"name\":\"KANSAI HELIOS Kemostik d.o.o\",\"url\":\"https:\/\/www.kemostik.com\/hr\/\",\"logo\":{\"@type\":\"ImageObject\",\"inLanguage\":\"hr\",\"@id\":\"https:\/\/www.kemostik.com\/hr\/#\/schema\/logo\/image\/\",\"url\":\"https:\/\/www.kemostik.com\/wp-content\/uploads\/2024\/10\/kansai-helios-logo-transparent.png\",\"contentUrl\":\"https:\/\/www.kemostik.com\/wp-content\/uploads\/2024\/10\/kansai-helios-logo-transparent.png\",\"width\":240,\"height\":90,\"caption\":\"KANSAI HELIOS Kemostik d.o.o\"},\"image\":{\"@id\":\"https:\/\/www.kemostik.com\/hr\/#\/schema\/logo\/image\/\"}}]}<\/script>\n<!-- \/ Yoast SEO plugin. -->","yoast_head_json":{"title":"Obavijest o za\u0161titi privatnosti - KANSAI HELIOS Kemostik d.o.o","robots":{"index":"index","follow":"follow","max-snippet":"max-snippet:-1","max-image-preview":"max-image-preview:large","max-video-preview":"max-video-preview:-1"},"canonical":"https:\/\/www.kemostik.com\/hr\/obavijest-o-zastiti-privatnosti\/","og_locale":"hr_HR","og_type":"article","og_title":"Obavijest o za\u0161titi privatnosti - KANSAI HELIOS Kemostik d.o.o","og_description":"[vc_row][vc_column][vc_column_text css=&#8221;&#8221;] Osnovne informacije Nadzornik podataka je KANSAI HELIOS Kemostik d.o.o., Mekinje, Molkova pot 16, 1241 Kamnik. Slu\u017ebenik za za\u0161titu podataka (DPO): gdpr@kansai-helios.eu &nbsp; &nbsp; &nbsp; Izrazi GDPR ili Op\u0107a uredba: zna\u010di Uredbu (EU) 2016\/679 Europskog parlamenta i Vije\u0107a od 27. travnja 2016. o za\u0161titi pojedinaca u vezi s obradom osobnih podataka i o slobodnom...","og_url":"https:\/\/www.kemostik.com\/hr\/obavijest-o-zastiti-privatnosti\/","og_site_name":"KANSAI HELIOS Kemostik d.o.o","article_modified_time":"2025-03-23T12:45:23+00:00","twitter_card":"summary_large_image","twitter_misc":{"Procijenjeno vrijeme \u010ditanja":"3 minute"},"schema":{"@context":"https:\/\/schema.org","@graph":[{"@type":"WebPage","@id":"https:\/\/www.kemostik.com\/hr\/obavijest-o-zastiti-privatnosti\/","url":"https:\/\/www.kemostik.com\/hr\/obavijest-o-zastiti-privatnosti\/","name":"Obavijest o za\u0161titi privatnosti - KANSAI HELIOS Kemostik d.o.o","isPartOf":{"@id":"https:\/\/www.kemostik.com\/hr\/#website"},"datePublished":"2024-10-05T21:45:19+00:00","dateModified":"2025-03-23T12:45:23+00:00","breadcrumb":{"@id":"https:\/\/www.kemostik.com\/hr\/obavijest-o-zastiti-privatnosti\/#breadcrumb"},"inLanguage":"hr","potentialAction":[{"@type":"ReadAction","target":["https:\/\/www.kemostik.com\/hr\/obavijest-o-zastiti-privatnosti\/"]}]},{"@type":"BreadcrumbList","@id":"https:\/\/www.kemostik.com\/hr\/obavijest-o-zastiti-privatnosti\/#breadcrumb","itemListElement":[{"@type":"ListItem","position":1,"name":"Home","item":"https:\/\/www.kemostik.com\/hr\/"},{"@type":"ListItem","position":2,"name":"Obavijest o za\u0161titi privatnosti"}]},{"@type":"WebSite","@id":"https:\/\/www.kemostik.com\/hr\/#website","url":"https:\/\/www.kemostik.com\/hr\/","name":"KANSAI HELIOS Kemostik d.o.o","description":"","publisher":{"@id":"https:\/\/www.kemostik.com\/hr\/#organization"},"potentialAction":[{"@type":"SearchAction","target":{"@type":"EntryPoint","urlTemplate":"https:\/\/www.kemostik.com\/hr\/?s={search_term_string}"},"query-input":{"@type":"PropertyValueSpecification","valueRequired":true,"valueName":"search_term_string"}}],"inLanguage":"hr"},{"@type":"Organization","@id":"https:\/\/www.kemostik.com\/hr\/#organization","name":"KANSAI HELIOS Kemostik d.o.o","url":"https:\/\/www.kemostik.com\/hr\/","logo":{"@type":"ImageObject","inLanguage":"hr","@id":"https:\/\/www.kemostik.com\/hr\/#\/schema\/logo\/image\/","url":"https:\/\/www.kemostik.com\/wp-content\/uploads\/2024\/10\/kansai-helios-logo-transparent.png","contentUrl":"https:\/\/www.kemostik.com\/wp-content\/uploads\/2024\/10\/kansai-helios-logo-transparent.png","width":240,"height":90,"caption":"KANSAI HELIOS Kemostik d.o.o"},"image":{"@id":"https:\/\/www.kemostik.com\/hr\/#\/schema\/logo\/image\/"}}]}},"_links":{"self":[{"href":"https:\/\/www.kemostik.com\/hr\/wp-json\/wp\/v2\/pages\/1737","targetHints":{"allow":["GET"]}}],"collection":[{"href":"https:\/\/www.kemostik.com\/hr\/wp-json\/wp\/v2\/pages"}],"about":[{"href":"https:\/\/www.kemostik.com\/hr\/wp-json\/wp\/v2\/types\/page"}],"author":[{"embeddable":true,"href":"https:\/\/www.kemostik.com\/hr\/wp-json\/wp\/v2\/users\/1"}],"replies":[{"embeddable":true,"href":"https:\/\/www.kemostik.com\/hr\/wp-json\/wp\/v2\/comments?post=1737"}],"version-history":[{"count":7,"href":"https:\/\/www.kemostik.com\/hr\/wp-json\/wp\/v2\/pages\/1737\/revisions"}],"predecessor-version":[{"id":2748,"href":"https:\/\/www.kemostik.com\/hr\/wp-json\/wp\/v2\/pages\/1737\/revisions\/2748"}],"wp:attachment":[{"href":"https:\/\/www.kemostik.com\/hr\/wp-json\/wp\/v2\/media?parent=1737"}],"curies":[{"name":"wp","href":"https:\/\/api.w.org\/{rel}","templated":true}]}}