{"id":1741,"date":"2024-10-05T23:45:19","date_gmt":"2024-10-05T21:45:19","guid":{"rendered":"https:\/\/www.kemostik.com\/pravno-obvestilo\/"},"modified":"2025-09-22T11:30:25","modified_gmt":"2025-09-22T09:30:25","slug":"pravna-obavijest","status":"publish","type":"page","link":"https:\/\/www.kemostik.com\/hr\/pravna-obavijest\/","title":{"rendered":"Pravna obavijest"},"content":{"rendered":"<div class=\"wpb-content-wrapper\"><p>[vc_row][vc_column][vc_column_text css=&#8221;&#8221;]Ova internetska stranica sadr\u017ei op\u0107e informacije o KANSAI HELIOS Kemostik d.o.o. i povezanim trgova\u010dkim dru\u0161tvima, poslovanju navedenih dru\u0161tava te njihovim proizvodima. Obavijest se odnosi na sve koji posje\u0107uju internetsku stranicu; molimo, pa\u017eljivo pro\u010ditajte. Kori\u0161tenjem internetske stranice https:\/\/www.kemostik.com\/ korisnik potvr\u0111uje da je prihvatio i da je suglasan s navedenim uvjetima.<\/p>\n<p>&nbsp;<\/p>\n<p>&nbsp;<\/p>\n<p><strong>Op\u0107a pravila i uvjeti<\/strong><\/p>\n<p>&nbsp;<\/p>\n<p><strong> <a href=\"https:\/\/www.kemostik.com\/wp-content\/uploads\/2025\/09\/KH-Kemostik-GTC-09-2025-EN.pdf\" target=\"_blank\" rel=\"noopener\">KANSAI HELIOS Kemostik d.o.o. &#8211; Op\u0107a pravila i uvjeti<\/a><\/strong><\/p>\n<p>&nbsp;<\/p>\n<p>&nbsp;<\/p>\n<p><strong>Podaci o tvrtki<\/strong><\/p>\n<table class=\"data-table\">\n<tbody>\n<tr>\n<td>Naziv poduze\u0107a:<\/td>\n<td>KANSAI HELIOS Kemostik, tovarna lepil in kemi\u010dnih izdelkov d.o.o.<\/td>\n<\/tr>\n<tr>\n<td>Kra\u0107i naziv poduze\u0107a:<\/td>\n<td>KANSAI HELIOS Kemostik d.o.o.<\/td>\n<\/tr>\n<tr>\n<td>Registracijski broj:<\/td>\n<td>5043492000<\/td>\n<\/tr>\n<tr>\n<td>Porezni broj:<\/td>\n<td>SI 22323538<\/td>\n<\/tr>\n<tr>\n<td>Vlo\u017ena \u0161tevilka:<\/td>\n<td>10216000, Sodni register, Okro\u017eno sodi\u0161\u010de v Ljubljani<\/td>\n<\/tr>\n<tr>\n<td>Sjedi\u0161te:<\/td>\n<td>Mekinje<\/td>\n<\/tr>\n<tr>\n<td>Poslovna adresa:<\/td>\n<td>Mekinje, Molkova pot 16, 1241  Kamnik<\/td>\n<\/tr>\n<tr>\n<td>Telefon:<\/td>\n<td>+386 (0)1 830 37 50<\/td>\n<\/tr>\n<tr>\n<td>Fax:<\/td>\n<td>+386 (0)1 830 37 69<\/td>\n<\/tr>\n<tr>\n<td>Kontakt:<\/td>\n<td><a href=\"https:\/\/www.kemostik.com\/hr\/kontakt\/\">Kontaktirajte nas<\/a><\/td>\n<\/tr>\n<\/tbody>\n<\/table>\n<div style=\"display: flex; flex-direction: row; justify-content: start;\"><a href=\"https:\/\/www.helios-group.eu\/\" target=\"_blank\" rel=\"noopener\"><br \/>\n<img decoding=\"async\" style=\"width: auto; height: 25px;\" src=\"\/wp-content\/themes\/helios-theme\/assets\/logo\/Member-of-Kansai-Helios-RGB.svg\" \/><br \/>\n<\/a><br \/>\n<a href=\"https:\/\/www.kansai.com\/\" target=\"_blank\" rel=\"noopener\"><br \/>\n<img decoding=\"async\" style=\"width: auto; height: 25px; padding-left: 25px;\" src=\"\/wp-content\/themes\/helios-theme\/assets\/logo\/Part-of-Kansai-Paint-RGB.svg\" \/><br \/>\n<\/a><\/div>\n<p>&nbsp;<\/p>\n<p>&nbsp;<\/p>\n<p><strong>Pravne informacije<\/strong><\/p>\n<p>Sva prava pridr\u017eana. Obavijest se odnosi na po\u010detnu stranicu i sve pod-stranice internetske stranice https:\/\/www.kemostik.com\/. Sve informacije i materijal (tekst i slike) na internetskoj stranici https:\/\/www.kemostik.com\/ za\u0161ti\u0107eni su autorskim pravom i srodnim pravima i\/ili pravima industrijskog vlasni\u0161tva koja dr\u017ei KANSAI HELIOS Kemostik d.o.o. i\/ili povezana trgova\u010dka dru\u0161tva. Korisnici smiju koristiti internetsku stranicu https:\/\/kansai-helios.hr\/ samo za svoje osobne, nekomercijalne potrebe. Kori\u0161tenje internetske stranice https:\/\/www.kemostik.com\/ na ikoji drugi na\u010din, pogotovo za komercijalne potrebe, zabranjeno je.<\/p>\n<p>&nbsp;<\/p>\n<p>&nbsp;<\/p>\n<p><strong>Ograni\u010deno kori\u0161tenje informacija i materijala<\/strong><\/p>\n<p>Sve informacije i materijal (tekst i slike) objavljeni na internetskoj stranici https:\/\/www.kemostik.com\/ mogu se razmno\u017eavati samo za nekomercijalne potrebe te zadr\u017eavaju\u0107i sva iskazana upozorenja o autorskim pravima i\/ili pravima industrijskog vlasni\u0161tva. Spomenute informacije i materijali ne smiju se kopirati, razmno\u017eavati, ili na ikoji drugi na\u010din distribuirati za komercijalne potrebe bez izri\u010ditog odobrenja od strane KANSAI HELIOS Kemostik d.o.o. i\/ili povezanih trgova\u010dkih dru\u0161tava.<\/p>\n<p>Svaka kopija ili dio sadr\u017eaja sa internetske stranice mora biti ozna\u010dena KANSAI HELIOS Kemostik d.o.o. znakom, u skladu s pravilima korporativnog identiteta \u2013 sva prava pridr\u017eana. Internetska stranica https:\/\/www.kemostik.com\/ tako\u0111er sadr\u017ei informacije tre\u0107ih strana te poveznice do internetskih stranica tre\u0107ih strana, pri \u010demu KANSAI HELIOS Kemostik d.o.o. nije odgovoran za njihov sadr\u017eaj i ne mo\u017ee ni\u0161ta jam\u010diti u tom pogledu. Za posje\u0107ivanja i kori\u0161tenja spomenutih poveznica, odgovornost KANSAI HELIOS Kemostik d.o.o. u potpunosti je isklju\u010dena.<\/p>\n<p>Ovu pravnu obavijest KANSAI HELIOS Kemostik d.o.o. mo\u017ee izmijeniti u bilo kojem trenutku, te je za korisnike obvezuju\u0107a u svojem trenutno valjanom obliku; zato preporu\u010damo da se dobro upoznate s njenim sadr\u017eajem kod svakog posjeta internetskoj stranici https:\/\/www.kemostik.com\/. Kori\u0161tenje internetske stranice https:\/\/www.kemostik.com\/ u suprotnosti s ovdje navedenim pravilima je zabranjeno. Korisnik koji koriste internetsku stranicu https:\/\/www.kemostik.com\/ u suprotnosti s ovdje navedenim pravilima u potpunosti je sam odgovoran za svoje postupke.<\/p>\n<p>&nbsp;<\/p>\n<p>&nbsp;<\/p>\n<p><strong>Ograni\u010dena odgovornost<\/strong><\/p>\n<p>Sve informacije i materijali na internetskoj stranici https:\/\/www.kemostik.com\/ samo su informativne. KANSAI HELIOS Kemostik d.o.o. predan je pru\u017eanju to\u010dnih, a\u017eurnih i potpunih podataka na internetskoj stranici https:\/\/www.kemostik.com\/, me\u0111utim ne mo\u017ee jam\u010diti njihovu to\u010dnost i cjelovitost te ne preuzima odgovornost u tom pogledu.<\/p>\n<p>Korisnici internetsku stranicu https:\/\/www.kemostik.com\/ te njen sadr\u017eaj koriste na vlastitu odgovornost. KANSAI HELIOS Kemostik d.o.o. i druge pravne ili fizi\u010dke osobe koje su doprinijele osnivanju i oblikovanju stranice ili jo\u0161 uvijek sudjeluju s njenim a\u017euriranjem, nisu odgovorni za \u0161tetu do koje mo\u017ee do\u0107i zbog pristupanja, kori\u0161tenja ili nemogu\u0107nosti kori\u0161tenja informacija na tim internetskim stranicama, ili bile kakve gre\u0161ke ili propuste u njihovim sadr\u017eajima.<\/p>\n<p>KANSAI HELIOS Kemostik d.o.o. nije odgovoran za \u0161tetu (uklju\u010duju\u0107i onu nastalu zbog virusa) do koje mo\u017ee do\u0107i na korisnikovoj programskoj opremi, mobilnom telefonu ili bilo kojoj drugoj napravi i\/ili aplikaciji koja se je koristila za pristup spomenutoj internetskoj stranici, koja je posljedica pristupa ili kori\u0161tenja internetske stranice https:\/\/www.kemostik.com\/. Nadalje, KANSAI HELIOS Kemostik d.o.o. nije odgovoran za ikakvu drugu vrstu \u0161tete do koje mo\u017ee do\u0107i zbog kori\u0161tenja ili nemogu\u0107nosti kori\u0161tenja internetske stranice https:\/\/www.kemostik.com\/. KANSAI HELIOS Kemostik d.o.o. pridr\u017eava pravo da internetsku stranicu https:\/\/www.kemostik.com\/ bilo kada promijeni, na bilo koji na\u010din i bez obzira na razlog, bez prethodne obavijesti te ne preuzima nikakvu odgovornost za bilo kakve posljedice takvih promjena.[\/vc_column_text][\/vc_column][\/vc_row]<\/p>\n<\/div>","protected":false},"excerpt":{"rendered":"<p>[vc_row][vc_column][vc_column_text css=&#8221;&#8221;]Ova internetska stranica sadr\u017ei op\u0107e informacije o KANSAI HELIOS Kemostik d.o.o. i povezanim trgova\u010dkim dru\u0161tvima, poslovanju navedenih dru\u0161tava te njihovim proizvodima. Obavijest se odnosi na sve koji posje\u0107uju internetsku stranicu; molimo, pa\u017eljivo pro\u010ditajte. Kori\u0161tenjem internetske stranice https:\/\/www.kemostik.com\/ korisnik potvr\u0111uje da je prihvatio i da je suglasan s navedenim uvjetima. &nbsp; &nbsp; Op\u0107a pravila i&#8230;<\/p>\n","protected":false},"author":1,"featured_media":0,"parent":0,"menu_order":0,"comment_status":"closed","ping_status":"closed","template":"","meta":{"footnotes":""},"class_list":["post-1741","page","type-page","status-publish","hentry"],"yoast_head":"<!-- This site is optimized with the Yoast SEO plugin v27.2 - https:\/\/yoast.com\/product\/yoast-seo-wordpress\/ -->\n<title>Pravna obavijest - KANSAI HELIOS Kemostik d.o.o<\/title>\n<meta name=\"robots\" content=\"index, follow, max-snippet:-1, max-image-preview:large, max-video-preview:-1\" \/>\n<link rel=\"canonical\" href=\"https:\/\/www.kemostik.com\/hr\/pravna-obavijest\/\" \/>\n<meta property=\"og:locale\" content=\"hr_HR\" \/>\n<meta property=\"og:type\" content=\"article\" \/>\n<meta property=\"og:title\" content=\"Pravna obavijest - KANSAI HELIOS Kemostik d.o.o\" \/>\n<meta property=\"og:description\" content=\"[vc_row][vc_column][vc_column_text css=&#8221;&#8221;]Ova internetska stranica sadr\u017ei op\u0107e informacije o KANSAI HELIOS Kemostik d.o.o. i povezanim trgova\u010dkim dru\u0161tvima, poslovanju navedenih dru\u0161tava te njihovim proizvodima. Obavijest se odnosi na sve koji posje\u0107uju internetsku stranicu; molimo, pa\u017eljivo pro\u010ditajte. Kori\u0161tenjem internetske stranice https:\/\/www.kemostik.com\/ korisnik potvr\u0111uje da je prihvatio i da je suglasan s navedenim uvjetima. &nbsp; &nbsp; Op\u0107a pravila i...\" \/>\n<meta property=\"og:url\" content=\"https:\/\/www.kemostik.com\/hr\/pravna-obavijest\/\" \/>\n<meta property=\"og:site_name\" content=\"KANSAI HELIOS Kemostik d.o.o\" \/>\n<meta property=\"article:modified_time\" content=\"2025-09-22T09:30:25+00:00\" \/>\n<meta name=\"twitter:card\" content=\"summary_large_image\" \/>\n<meta name=\"twitter:label1\" content=\"Procijenjeno vrijeme \u010ditanja\" \/>\n\t<meta name=\"twitter:data1\" content=\"4 minute\" \/>\n<script type=\"application\/ld+json\" class=\"yoast-schema-graph\">{\"@context\":\"https:\/\/schema.org\",\"@graph\":[{\"@type\":\"WebPage\",\"@id\":\"https:\/\/www.kemostik.com\/hr\/pravna-obavijest\/\",\"url\":\"https:\/\/www.kemostik.com\/hr\/pravna-obavijest\/\",\"name\":\"Pravna obavijest - KANSAI HELIOS Kemostik d.o.o\",\"isPartOf\":{\"@id\":\"https:\/\/www.kemostik.com\/hr\/#website\"},\"datePublished\":\"2024-10-05T21:45:19+00:00\",\"dateModified\":\"2025-09-22T09:30:25+00:00\",\"breadcrumb\":{\"@id\":\"https:\/\/www.kemostik.com\/hr\/pravna-obavijest\/#breadcrumb\"},\"inLanguage\":\"hr\",\"potentialAction\":[{\"@type\":\"ReadAction\",\"target\":[\"https:\/\/www.kemostik.com\/hr\/pravna-obavijest\/\"]}]},{\"@type\":\"BreadcrumbList\",\"@id\":\"https:\/\/www.kemostik.com\/hr\/pravna-obavijest\/#breadcrumb\",\"itemListElement\":[{\"@type\":\"ListItem\",\"position\":1,\"name\":\"Home\",\"item\":\"https:\/\/www.kemostik.com\/hr\/\"},{\"@type\":\"ListItem\",\"position\":2,\"name\":\"Pravna obavijest\"}]},{\"@type\":\"WebSite\",\"@id\":\"https:\/\/www.kemostik.com\/hr\/#website\",\"url\":\"https:\/\/www.kemostik.com\/hr\/\",\"name\":\"KANSAI HELIOS Kemostik d.o.o\",\"description\":\"\",\"publisher\":{\"@id\":\"https:\/\/www.kemostik.com\/hr\/#organization\"},\"potentialAction\":[{\"@type\":\"SearchAction\",\"target\":{\"@type\":\"EntryPoint\",\"urlTemplate\":\"https:\/\/www.kemostik.com\/hr\/?s={search_term_string}\"},\"query-input\":{\"@type\":\"PropertyValueSpecification\",\"valueRequired\":true,\"valueName\":\"search_term_string\"}}],\"inLanguage\":\"hr\"},{\"@type\":\"Organization\",\"@id\":\"https:\/\/www.kemostik.com\/hr\/#organization\",\"name\":\"KANSAI HELIOS Kemostik d.o.o\",\"url\":\"https:\/\/www.kemostik.com\/hr\/\",\"logo\":{\"@type\":\"ImageObject\",\"inLanguage\":\"hr\",\"@id\":\"https:\/\/www.kemostik.com\/hr\/#\/schema\/logo\/image\/\",\"url\":\"https:\/\/www.kemostik.com\/wp-content\/uploads\/2024\/10\/kansai-helios-logo-transparent.png\",\"contentUrl\":\"https:\/\/www.kemostik.com\/wp-content\/uploads\/2024\/10\/kansai-helios-logo-transparent.png\",\"width\":240,\"height\":90,\"caption\":\"KANSAI HELIOS Kemostik d.o.o\"},\"image\":{\"@id\":\"https:\/\/www.kemostik.com\/hr\/#\/schema\/logo\/image\/\"}}]}<\/script>\n<!-- \/ Yoast SEO plugin. -->","yoast_head_json":{"title":"Pravna obavijest - KANSAI HELIOS Kemostik d.o.o","robots":{"index":"index","follow":"follow","max-snippet":"max-snippet:-1","max-image-preview":"max-image-preview:large","max-video-preview":"max-video-preview:-1"},"canonical":"https:\/\/www.kemostik.com\/hr\/pravna-obavijest\/","og_locale":"hr_HR","og_type":"article","og_title":"Pravna obavijest - KANSAI HELIOS Kemostik d.o.o","og_description":"[vc_row][vc_column][vc_column_text css=&#8221;&#8221;]Ova internetska stranica sadr\u017ei op\u0107e informacije o KANSAI HELIOS Kemostik d.o.o. i povezanim trgova\u010dkim dru\u0161tvima, poslovanju navedenih dru\u0161tava te njihovim proizvodima. Obavijest se odnosi na sve koji posje\u0107uju internetsku stranicu; molimo, pa\u017eljivo pro\u010ditajte. Kori\u0161tenjem internetske stranice https:\/\/www.kemostik.com\/ korisnik potvr\u0111uje da je prihvatio i da je suglasan s navedenim uvjetima. &nbsp; &nbsp; Op\u0107a pravila i...","og_url":"https:\/\/www.kemostik.com\/hr\/pravna-obavijest\/","og_site_name":"KANSAI HELIOS Kemostik d.o.o","article_modified_time":"2025-09-22T09:30:25+00:00","twitter_card":"summary_large_image","twitter_misc":{"Procijenjeno vrijeme \u010ditanja":"4 minute"},"schema":{"@context":"https:\/\/schema.org","@graph":[{"@type":"WebPage","@id":"https:\/\/www.kemostik.com\/hr\/pravna-obavijest\/","url":"https:\/\/www.kemostik.com\/hr\/pravna-obavijest\/","name":"Pravna obavijest - KANSAI HELIOS Kemostik d.o.o","isPartOf":{"@id":"https:\/\/www.kemostik.com\/hr\/#website"},"datePublished":"2024-10-05T21:45:19+00:00","dateModified":"2025-09-22T09:30:25+00:00","breadcrumb":{"@id":"https:\/\/www.kemostik.com\/hr\/pravna-obavijest\/#breadcrumb"},"inLanguage":"hr","potentialAction":[{"@type":"ReadAction","target":["https:\/\/www.kemostik.com\/hr\/pravna-obavijest\/"]}]},{"@type":"BreadcrumbList","@id":"https:\/\/www.kemostik.com\/hr\/pravna-obavijest\/#breadcrumb","itemListElement":[{"@type":"ListItem","position":1,"name":"Home","item":"https:\/\/www.kemostik.com\/hr\/"},{"@type":"ListItem","position":2,"name":"Pravna obavijest"}]},{"@type":"WebSite","@id":"https:\/\/www.kemostik.com\/hr\/#website","url":"https:\/\/www.kemostik.com\/hr\/","name":"KANSAI HELIOS Kemostik d.o.o","description":"","publisher":{"@id":"https:\/\/www.kemostik.com\/hr\/#organization"},"potentialAction":[{"@type":"SearchAction","target":{"@type":"EntryPoint","urlTemplate":"https:\/\/www.kemostik.com\/hr\/?s={search_term_string}"},"query-input":{"@type":"PropertyValueSpecification","valueRequired":true,"valueName":"search_term_string"}}],"inLanguage":"hr"},{"@type":"Organization","@id":"https:\/\/www.kemostik.com\/hr\/#organization","name":"KANSAI HELIOS Kemostik d.o.o","url":"https:\/\/www.kemostik.com\/hr\/","logo":{"@type":"ImageObject","inLanguage":"hr","@id":"https:\/\/www.kemostik.com\/hr\/#\/schema\/logo\/image\/","url":"https:\/\/www.kemostik.com\/wp-content\/uploads\/2024\/10\/kansai-helios-logo-transparent.png","contentUrl":"https:\/\/www.kemostik.com\/wp-content\/uploads\/2024\/10\/kansai-helios-logo-transparent.png","width":240,"height":90,"caption":"KANSAI HELIOS Kemostik d.o.o"},"image":{"@id":"https:\/\/www.kemostik.com\/hr\/#\/schema\/logo\/image\/"}}]}},"_links":{"self":[{"href":"https:\/\/www.kemostik.com\/hr\/wp-json\/wp\/v2\/pages\/1741","targetHints":{"allow":["GET"]}}],"collection":[{"href":"https:\/\/www.kemostik.com\/hr\/wp-json\/wp\/v2\/pages"}],"about":[{"href":"https:\/\/www.kemostik.com\/hr\/wp-json\/wp\/v2\/types\/page"}],"author":[{"embeddable":true,"href":"https:\/\/www.kemostik.com\/hr\/wp-json\/wp\/v2\/users\/1"}],"replies":[{"embeddable":true,"href":"https:\/\/www.kemostik.com\/hr\/wp-json\/wp\/v2\/comments?post=1741"}],"version-history":[{"count":7,"href":"https:\/\/www.kemostik.com\/hr\/wp-json\/wp\/v2\/pages\/1741\/revisions"}],"predecessor-version":[{"id":3809,"href":"https:\/\/www.kemostik.com\/hr\/wp-json\/wp\/v2\/pages\/1741\/revisions\/3809"}],"wp:attachment":[{"href":"https:\/\/www.kemostik.com\/hr\/wp-json\/wp\/v2\/media?parent=1741"}],"curies":[{"name":"wp","href":"https:\/\/api.w.org\/{rel}","templated":true}]}}