{"id":1749,"date":"2025-01-23T21:35:59","date_gmt":"2025-01-23T20:35:59","guid":{"rendered":"https:\/\/www.kemostik.com\/neostik\/ostali-izdelki\/"},"modified":"2025-04-05T10:53:58","modified_gmt":"2025-04-05T08:53:58","slug":"ostali-proizvodi-pistolji","status":"publish","type":"page","link":"https:\/\/www.kemostik.com\/hr\/neostik\/ostali-proizvodi-pistolji\/","title":{"rendered":"Ostali proizvodi i pi\u0161tolji"},"content":{"rendered":"<div class=\"wpb-content-wrapper\"><p>[vc_row css=&#8221;.vc_custom_1737578071091{margin-top: 40px !important;}&#8221;][vc_column width=&#8221;1\/3&#8243;][vc_single_image image=&#8221;484&#8243; img_size=&#8221;full&#8221; alignment=&#8221;center&#8221; css=&#8221;&#8221;][\/vc_column][vc_column width=&#8221;2\/3&#8243;][vc_custom_heading text=&#8221;PUROL&#8221; font_container=&#8221;tag:h5|text_align:left|color:%23AE841F&#8221; use_theme_fonts=&#8221;yes&#8221; css=&#8221;&#8221;][vc_column_text css=&#8221;&#8221;]Purol Universal je univerzalna mekana polirna pasta za metale. S njom poliramo, odstranjujemo hr\u0111u i \u010distimo povr\u0161ine razli\u010dnih metala: bakar, mesing, krom, cink, nikl, aluminij itd.[\/vc_column_text][vc_column_text css=&#8221;&#8221; el_class=&#8221;neostik-url&#8221;]<a href=\"https:\/\/www.kemostik.com\/hr\/neostik\/ostali-proizvodi-pistolji\/purol\/\">Pro\u010ditajte vi\u0161e<\/a><\/p>\n<p>&nbsp;<\/p>\n<div id=\"gtx-trans\" style=\"position: absolute; left: -35px; top: -10px;\">\n<div class=\"gtx-trans-icon\"><\/div>\n<\/div>\n<p>[\/vc_column_text][\/vc_column][\/vc_row][vc_row css=&#8221;.vc_custom_1737578079739{margin-top: 40px !important;}&#8221;][vc_column width=&#8221;1\/3&#8243;][vc_single_image image=&#8221;488&#8243; img_size=&#8221;full&#8221; alignment=&#8221;center&#8221; css=&#8221;&#8221;][\/vc_column][vc_column width=&#8221;2\/3&#8243;][vc_custom_heading text=&#8221;FERROSAN&#8221; font_container=&#8221;tag:h5|text_align:left|color:%23AE841F&#8221; use_theme_fonts=&#8221;yes&#8221; css=&#8221;&#8221;][vc_column_text css=&#8221;&#8221;]Ferrosan je vi\u0161enamjensko sredstvo za odstranjivanje hr\u0111e sa \u017eeljeznih povr\u0161ina.[\/vc_column_text][vc_column_text css=&#8221;&#8221; el_class=&#8221;neostik-url&#8221;]<a href=\"https:\/\/www.kemostik.com\/hr\/neostik\/ostali-proizvodi-pistolji\/ferrosan\/\">Pro\u010ditajte vi\u0161e<\/a><\/p>\n<p>&nbsp;<\/p>\n<div id=\"gtx-trans\" style=\"position: absolute; left: -7px; top: -10px;\">\n<div class=\"gtx-trans-icon\"><\/div>\n<\/div>\n<p>[\/vc_column_text][\/vc_column][\/vc_row][vc_row css=&#8221;.vc_custom_1737578086493{margin-top: 40px !important;}&#8221;][vc_column width=&#8221;1\/3&#8243;][vc_single_image image=&#8221;487&#8243; img_size=&#8221;full&#8221; alignment=&#8221;center&#8221; css=&#8221;&#8221;][\/vc_column][vc_column width=&#8221;2\/3&#8243;][vc_custom_heading text=&#8221;CINOL&#8221; font_container=&#8221;tag:h5|text_align:left|color:%23AE841F&#8221; use_theme_fonts=&#8221;yes&#8221; css=&#8221;&#8221;][vc_column_text css=&#8221;&#8221;]Cinol je vazelinska beskiselinska pasta za mekano spajanje bakrenih \u017eica, prvenstveno u elektroindustriji (spajanje \u017eica i elektroelemenata tiskanih plo\u010dica).<\/p>\n<div id=\"gtx-trans\" style=\"position: absolute; left: -7px; top: -10px;\">\n<div class=\"gtx-trans-icon\"><\/div>\n<\/div>\n<p>[\/vc_column_text][vc_column_text css=&#8221;&#8221; el_class=&#8221;neostik-url&#8221;]<a href=\"https:\/\/www.kemostik.com\/hr\/neostik\/ostali-proizvodi-pistolji\/cinol\/\">Pro\u010ditajte vi\u0161e<\/a><\/p>\n<p>&nbsp;<\/p>\n<div id=\"gtx-trans\" style=\"position: absolute; left: -40px; top: 38px;\">\n<div class=\"gtx-trans-icon\"><\/div>\n<\/div>\n<p>[\/vc_column_text][\/vc_column][\/vc_row][vc_row css=&#8221;.vc_custom_1737578086493{margin-top: 40px !important;}&#8221;][vc_column width=&#8221;1\/3&#8243;][vc_single_image image=&#8221;486&#8243; img_size=&#8221;full&#8221; alignment=&#8221;center&#8221; css=&#8221;&#8221;][\/vc_column][vc_column width=&#8221;2\/3&#8243;][vc_custom_heading text=&#8221;APLIKATOR ZA BRTVILA PROFI&#8221; font_container=&#8221;tag:h5|text_align:left|color:%23AE841F&#8221; use_theme_fonts=&#8221;yes&#8221; css=&#8221;&#8221;][vc_column_text css=&#8221;&#8221;]Visoko funkcionalna profesionalna pi\u0161tola za kartu\u0161e. Odli\u010dna kakovost in mo\u010dna izvedba zagotavljata dolgo dobo njene uporabnosti.[\/vc_column_text][vc_column_text css=&#8221;&#8221; el_class=&#8221;neostik-url&#8221;]<a href=\"https:\/\/www.kemostik.com\/hr\/neostik\/ostali-proizvodi-pistolji\/aplikator-za-brtvila-profi\/\">Pro\u010ditajte vi\u0161e<\/a><\/p>\n<p>&nbsp;<\/p>\n<div id=\"gtx-trans\" style=\"position: absolute; left: -5px; top: -10px;\">\n<div class=\"gtx-trans-icon\"><\/div>\n<\/div>\n<p>[\/vc_column_text][\/vc_column][\/vc_row][vc_row css=&#8221;.vc_custom_1737578086493{margin-top: 40px !important;}&#8221;][vc_column width=&#8221;1\/3&#8243;][vc_single_image image=&#8221;485&#8243; img_size=&#8221;full&#8221; alignment=&#8221;center&#8221; css=&#8221;&#8221;][\/vc_column][vc_column width=&#8221;2\/3&#8243;][vc_custom_heading text=&#8221;PI\u0160TOLA ZA PU PENO STANDARD&#8221; font_container=&#8221;tag:h5|text_align:left|color:%23AE841F&#8221; use_theme_fonts=&#8221;yes&#8221; css=&#8221;&#8221;][vc_column_text css=&#8221;&#8221;]Profesionalni aplikator za poliuretanske pjene s univerzalnim adapterom.[\/vc_column_text][vc_column_text css=&#8221;&#8221; el_class=&#8221;neostik-url&#8221;]<a href=\"https:\/\/www.kemostik.com\/hr\/neostik\/ostali-proizvodi-pistolji\/aplikator-za-pur-pjenu-standard\/\">Pro\u010ditajte vi\u0161e<\/a><\/p>\n<div id=\"gtx-trans\" style=\"position: absolute; left: -43px; top: -10px;\">\n<div class=\"gtx-trans-icon\"><\/div>\n<\/div>\n<p>[\/vc_column_text][\/vc_column][\/vc_row]<\/p>\n<\/div>","protected":false},"excerpt":{"rendered":"<p>[vc_row css=&#8221;.vc_custom_1737578071091{margin-top: 40px !important;}&#8221;][vc_column width=&#8221;1\/3&#8243;][vc_single_image image=&#8221;484&#8243; img_size=&#8221;full&#8221; alignment=&#8221;center&#8221; css=&#8221;&#8221;][\/vc_column][vc_column width=&#8221;2\/3&#8243;][vc_custom_heading text=&#8221;PUROL&#8221; font_container=&#8221;tag:h5|text_align:left|color:%23AE841F&#8221; use_theme_fonts=&#8221;yes&#8221; css=&#8221;&#8221;][vc_column_text css=&#8221;&#8221;]Purol Universal je univerzalna mekana polirna pasta za metale. S njom poliramo, odstranjujemo hr\u0111u i \u010distimo povr\u0161ine razli\u010dnih metala: bakar, mesing, krom, cink, nikl, aluminij itd.[\/vc_column_text][vc_column_text css=&#8221;&#8221; el_class=&#8221;neostik-url&#8221;]Pro\u010ditajte vi\u0161e &nbsp; [\/vc_column_text][\/vc_column][\/vc_row][vc_row css=&#8221;.vc_custom_1737578079739{margin-top: 40px !important;}&#8221;][vc_column width=&#8221;1\/3&#8243;][vc_single_image image=&#8221;488&#8243; img_size=&#8221;full&#8221; alignment=&#8221;center&#8221; css=&#8221;&#8221;][\/vc_column][vc_column width=&#8221;2\/3&#8243;][vc_custom_heading text=&#8221;FERROSAN&#8221;&#8230;<\/p>\n","protected":false},"author":1,"featured_media":0,"parent":1745,"menu_order":0,"comment_status":"closed","ping_status":"closed","template":"","meta":{"footnotes":""},"class_list":["post-1749","page","type-page","status-publish","hentry"],"yoast_head":"<!-- This site is optimized with the Yoast SEO plugin v27.2 - https:\/\/yoast.com\/product\/yoast-seo-wordpress\/ -->\n<title>Ostali proizvodi i pi\u0161tolji - KANSAI HELIOS Kemostik d.o.o<\/title>\n<meta name=\"robots\" content=\"index, follow, max-snippet:-1, max-image-preview:large, max-video-preview:-1\" \/>\n<link rel=\"canonical\" href=\"https:\/\/www.kemostik.com\/hr\/neostik\/ostali-proizvodi-pistolji\/\" \/>\n<meta property=\"og:locale\" content=\"hr_HR\" \/>\n<meta property=\"og:type\" content=\"article\" \/>\n<meta property=\"og:title\" content=\"Ostali proizvodi i pi\u0161tolji - KANSAI HELIOS Kemostik d.o.o\" \/>\n<meta property=\"og:description\" content=\"[vc_row css=&#8221;.vc_custom_1737578071091{margin-top: 40px !important;}&#8221;][vc_column width=&#8221;1\/3&#8243;][vc_single_image image=&#8221;484&#8243; img_size=&#8221;full&#8221; alignment=&#8221;center&#8221; css=&#8221;&#8221;][\/vc_column][vc_column width=&#8221;2\/3&#8243;][vc_custom_heading text=&#8221;PUROL&#8221; font_container=&#8221;tag:h5|text_align:left|color:%23AE841F&#8221; use_theme_fonts=&#8221;yes&#8221; css=&#8221;&#8221;][vc_column_text css=&#8221;&#8221;]Purol Universal je univerzalna mekana polirna pasta za metale. S njom poliramo, odstranjujemo hr\u0111u i \u010distimo povr\u0161ine razli\u010dnih metala: bakar, mesing, krom, cink, nikl, aluminij itd.[\/vc_column_text][vc_column_text css=&#8221;&#8221; el_class=&#8221;neostik-url&#8221;]Pro\u010ditajte vi\u0161e &nbsp; [\/vc_column_text][\/vc_column][\/vc_row][vc_row css=&#8221;.vc_custom_1737578079739{margin-top: 40px !important;}&#8221;][vc_column width=&#8221;1\/3&#8243;][vc_single_image image=&#8221;488&#8243; img_size=&#8221;full&#8221; alignment=&#8221;center&#8221; css=&#8221;&#8221;][\/vc_column][vc_column width=&#8221;2\/3&#8243;][vc_custom_heading text=&#8221;FERROSAN&#8221;...\" \/>\n<meta property=\"og:url\" content=\"https:\/\/www.kemostik.com\/hr\/neostik\/ostali-proizvodi-pistolji\/\" \/>\n<meta property=\"og:site_name\" content=\"KANSAI HELIOS Kemostik d.o.o\" \/>\n<meta property=\"article:modified_time\" content=\"2025-04-05T08:53:58+00:00\" \/>\n<meta name=\"twitter:card\" content=\"summary_large_image\" \/>\n<meta name=\"twitter:label1\" content=\"Procijenjeno vrijeme \u010ditanja\" \/>\n\t<meta name=\"twitter:data1\" content=\"2 minute\" \/>\n<script type=\"application\/ld+json\" class=\"yoast-schema-graph\">{\"@context\":\"https:\/\/schema.org\",\"@graph\":[{\"@type\":\"WebPage\",\"@id\":\"https:\/\/www.kemostik.com\/hr\/neostik\/ostali-proizvodi-pistolji\/\",\"url\":\"https:\/\/www.kemostik.com\/hr\/neostik\/ostali-proizvodi-pistolji\/\",\"name\":\"Ostali proizvodi i pi\u0161tolji - KANSAI HELIOS Kemostik d.o.o\",\"isPartOf\":{\"@id\":\"https:\/\/www.kemostik.com\/hr\/#website\"},\"datePublished\":\"2025-01-23T20:35:59+00:00\",\"dateModified\":\"2025-04-05T08:53:58+00:00\",\"breadcrumb\":{\"@id\":\"https:\/\/www.kemostik.com\/hr\/neostik\/ostali-proizvodi-pistolji\/#breadcrumb\"},\"inLanguage\":\"hr\",\"potentialAction\":[{\"@type\":\"ReadAction\",\"target\":[\"https:\/\/www.kemostik.com\/hr\/neostik\/ostali-proizvodi-pistolji\/\"]}]},{\"@type\":\"BreadcrumbList\",\"@id\":\"https:\/\/www.kemostik.com\/hr\/neostik\/ostali-proizvodi-pistolji\/#breadcrumb\",\"itemListElement\":[{\"@type\":\"ListItem\",\"position\":1,\"name\":\"Home\",\"item\":\"https:\/\/www.kemostik.com\/hr\/\"},{\"@type\":\"ListItem\",\"position\":2,\"name\":\"NEOSTIK\",\"item\":\"https:\/\/www.kemostik.com\/hr\/neostik\/\"},{\"@type\":\"ListItem\",\"position\":3,\"name\":\"Ostali proizvodi i pi\u0161tolji\"}]},{\"@type\":\"WebSite\",\"@id\":\"https:\/\/www.kemostik.com\/hr\/#website\",\"url\":\"https:\/\/www.kemostik.com\/hr\/\",\"name\":\"KANSAI HELIOS Kemostik d.o.o\",\"description\":\"\",\"publisher\":{\"@id\":\"https:\/\/www.kemostik.com\/hr\/#organization\"},\"potentialAction\":[{\"@type\":\"SearchAction\",\"target\":{\"@type\":\"EntryPoint\",\"urlTemplate\":\"https:\/\/www.kemostik.com\/hr\/?s={search_term_string}\"},\"query-input\":{\"@type\":\"PropertyValueSpecification\",\"valueRequired\":true,\"valueName\":\"search_term_string\"}}],\"inLanguage\":\"hr\"},{\"@type\":\"Organization\",\"@id\":\"https:\/\/www.kemostik.com\/hr\/#organization\",\"name\":\"KANSAI HELIOS Kemostik d.o.o\",\"url\":\"https:\/\/www.kemostik.com\/hr\/\",\"logo\":{\"@type\":\"ImageObject\",\"inLanguage\":\"hr\",\"@id\":\"https:\/\/www.kemostik.com\/hr\/#\/schema\/logo\/image\/\",\"url\":\"https:\/\/www.kemostik.com\/wp-content\/uploads\/2024\/10\/kansai-helios-logo-transparent.png\",\"contentUrl\":\"https:\/\/www.kemostik.com\/wp-content\/uploads\/2024\/10\/kansai-helios-logo-transparent.png\",\"width\":240,\"height\":90,\"caption\":\"KANSAI HELIOS Kemostik d.o.o\"},\"image\":{\"@id\":\"https:\/\/www.kemostik.com\/hr\/#\/schema\/logo\/image\/\"}}]}<\/script>\n<!-- \/ Yoast SEO plugin. -->","yoast_head_json":{"title":"Ostali proizvodi i pi\u0161tolji - KANSAI HELIOS Kemostik d.o.o","robots":{"index":"index","follow":"follow","max-snippet":"max-snippet:-1","max-image-preview":"max-image-preview:large","max-video-preview":"max-video-preview:-1"},"canonical":"https:\/\/www.kemostik.com\/hr\/neostik\/ostali-proizvodi-pistolji\/","og_locale":"hr_HR","og_type":"article","og_title":"Ostali proizvodi i pi\u0161tolji - KANSAI HELIOS Kemostik d.o.o","og_description":"[vc_row css=&#8221;.vc_custom_1737578071091{margin-top: 40px !important;}&#8221;][vc_column width=&#8221;1\/3&#8243;][vc_single_image image=&#8221;484&#8243; img_size=&#8221;full&#8221; alignment=&#8221;center&#8221; css=&#8221;&#8221;][\/vc_column][vc_column width=&#8221;2\/3&#8243;][vc_custom_heading text=&#8221;PUROL&#8221; font_container=&#8221;tag:h5|text_align:left|color:%23AE841F&#8221; use_theme_fonts=&#8221;yes&#8221; css=&#8221;&#8221;][vc_column_text css=&#8221;&#8221;]Purol Universal je univerzalna mekana polirna pasta za metale. S njom poliramo, odstranjujemo hr\u0111u i \u010distimo povr\u0161ine razli\u010dnih metala: bakar, mesing, krom, cink, nikl, aluminij itd.[\/vc_column_text][vc_column_text css=&#8221;&#8221; el_class=&#8221;neostik-url&#8221;]Pro\u010ditajte vi\u0161e &nbsp; [\/vc_column_text][\/vc_column][\/vc_row][vc_row css=&#8221;.vc_custom_1737578079739{margin-top: 40px !important;}&#8221;][vc_column width=&#8221;1\/3&#8243;][vc_single_image image=&#8221;488&#8243; img_size=&#8221;full&#8221; alignment=&#8221;center&#8221; css=&#8221;&#8221;][\/vc_column][vc_column width=&#8221;2\/3&#8243;][vc_custom_heading text=&#8221;FERROSAN&#8221;...","og_url":"https:\/\/www.kemostik.com\/hr\/neostik\/ostali-proizvodi-pistolji\/","og_site_name":"KANSAI HELIOS Kemostik d.o.o","article_modified_time":"2025-04-05T08:53:58+00:00","twitter_card":"summary_large_image","twitter_misc":{"Procijenjeno vrijeme \u010ditanja":"2 minute"},"schema":{"@context":"https:\/\/schema.org","@graph":[{"@type":"WebPage","@id":"https:\/\/www.kemostik.com\/hr\/neostik\/ostali-proizvodi-pistolji\/","url":"https:\/\/www.kemostik.com\/hr\/neostik\/ostali-proizvodi-pistolji\/","name":"Ostali proizvodi i pi\u0161tolji - KANSAI HELIOS Kemostik d.o.o","isPartOf":{"@id":"https:\/\/www.kemostik.com\/hr\/#website"},"datePublished":"2025-01-23T20:35:59+00:00","dateModified":"2025-04-05T08:53:58+00:00","breadcrumb":{"@id":"https:\/\/www.kemostik.com\/hr\/neostik\/ostali-proizvodi-pistolji\/#breadcrumb"},"inLanguage":"hr","potentialAction":[{"@type":"ReadAction","target":["https:\/\/www.kemostik.com\/hr\/neostik\/ostali-proizvodi-pistolji\/"]}]},{"@type":"BreadcrumbList","@id":"https:\/\/www.kemostik.com\/hr\/neostik\/ostali-proizvodi-pistolji\/#breadcrumb","itemListElement":[{"@type":"ListItem","position":1,"name":"Home","item":"https:\/\/www.kemostik.com\/hr\/"},{"@type":"ListItem","position":2,"name":"NEOSTIK","item":"https:\/\/www.kemostik.com\/hr\/neostik\/"},{"@type":"ListItem","position":3,"name":"Ostali proizvodi i pi\u0161tolji"}]},{"@type":"WebSite","@id":"https:\/\/www.kemostik.com\/hr\/#website","url":"https:\/\/www.kemostik.com\/hr\/","name":"KANSAI HELIOS Kemostik d.o.o","description":"","publisher":{"@id":"https:\/\/www.kemostik.com\/hr\/#organization"},"potentialAction":[{"@type":"SearchAction","target":{"@type":"EntryPoint","urlTemplate":"https:\/\/www.kemostik.com\/hr\/?s={search_term_string}"},"query-input":{"@type":"PropertyValueSpecification","valueRequired":true,"valueName":"search_term_string"}}],"inLanguage":"hr"},{"@type":"Organization","@id":"https:\/\/www.kemostik.com\/hr\/#organization","name":"KANSAI HELIOS Kemostik d.o.o","url":"https:\/\/www.kemostik.com\/hr\/","logo":{"@type":"ImageObject","inLanguage":"hr","@id":"https:\/\/www.kemostik.com\/hr\/#\/schema\/logo\/image\/","url":"https:\/\/www.kemostik.com\/wp-content\/uploads\/2024\/10\/kansai-helios-logo-transparent.png","contentUrl":"https:\/\/www.kemostik.com\/wp-content\/uploads\/2024\/10\/kansai-helios-logo-transparent.png","width":240,"height":90,"caption":"KANSAI HELIOS Kemostik d.o.o"},"image":{"@id":"https:\/\/www.kemostik.com\/hr\/#\/schema\/logo\/image\/"}}]}},"_links":{"self":[{"href":"https:\/\/www.kemostik.com\/hr\/wp-json\/wp\/v2\/pages\/1749","targetHints":{"allow":["GET"]}}],"collection":[{"href":"https:\/\/www.kemostik.com\/hr\/wp-json\/wp\/v2\/pages"}],"about":[{"href":"https:\/\/www.kemostik.com\/hr\/wp-json\/wp\/v2\/types\/page"}],"author":[{"embeddable":true,"href":"https:\/\/www.kemostik.com\/hr\/wp-json\/wp\/v2\/users\/1"}],"replies":[{"embeddable":true,"href":"https:\/\/www.kemostik.com\/hr\/wp-json\/wp\/v2\/comments?post=1749"}],"version-history":[{"count":6,"href":"https:\/\/www.kemostik.com\/hr\/wp-json\/wp\/v2\/pages\/1749\/revisions"}],"predecessor-version":[{"id":3626,"href":"https:\/\/www.kemostik.com\/hr\/wp-json\/wp\/v2\/pages\/1749\/revisions\/3626"}],"up":[{"embeddable":true,"href":"https:\/\/www.kemostik.com\/hr\/wp-json\/wp\/v2\/pages\/1745"}],"wp:attachment":[{"href":"https:\/\/www.kemostik.com\/hr\/wp-json\/wp\/v2\/media?parent=1749"}],"curies":[{"name":"wp","href":"https:\/\/api.w.org\/{rel}","templated":true}]}}