{"id":1761,"date":"2025-01-23T21:29:26","date_gmt":"2025-01-23T20:29:26","guid":{"rendered":"https:\/\/www.kemostik.com\/neostik\/poliuretanske-pene\/"},"modified":"2025-07-31T15:18:27","modified_gmt":"2025-07-31T13:18:27","slug":"pur-pjene","status":"publish","type":"page","link":"https:\/\/www.kemostik.com\/hr\/neostik\/pur-pjene\/","title":{"rendered":"Pur pjene"},"content":{"rendered":"<div class=\"wpb-content-wrapper\"><p>[vc_row][vc_column][vc_row_inner][vc_column_inner width=&#8221;1\/2&#8243;][vc_column_text css=&#8221;&#8221;]Jednokomponentne poliuretanske pjene Neostik upotrebljavamo za brtvljenje, ugradnju, izoliranje, zapunjavanje i lijepljenje razli\u010ditih gra\u0111evinskih materijala i predmeta.[\/vc_column_text][\/vc_column_inner][vc_column_inner width=&#8221;1\/2&#8243;][vc_single_image image=&#8221;809&#8243; img_size=&#8221;&#8221; alignment=&#8221;center&#8221; css=&#8221;&#8221;][\/vc_column_inner][\/vc_row_inner][\/vc_column][\/vc_row][vc_row css=&#8221;.vc_custom_1737578071091{margin-top: 40px !important;}&#8221;][vc_column width=&#8221;1\/3&#8243;][vc_single_image image=&#8221;479&#8243; img_size=&#8221;full&#8221; alignment=&#8221;center&#8221; css=&#8221;&#8221;][\/vc_column][vc_column width=&#8221;2\/3&#8243;][vc_custom_heading text=&#8221;Neostik PUR PJENA UNIVERZAL&#8221; font_container=&#8221;tag:h5|text_align:left|color:%23AE841F&#8221; use_theme_fonts=&#8221;yes&#8221; css=&#8221;&#8221;][vc_column_text css=&#8221;&#8221;]Neostik PUR PJENA UNIVERZAL omogu\u0107uje brojne aplikacije u graditeljstvu i elektroinstalacijama, kod zapunjavanja cijevi i ostalih materijala. Posebna formulacija omogu\u0107uje dobro prianjanje na brojne premaze.[\/vc_column_text][vc_column_text css=&#8221;&#8221; el_class=&#8221;neostik-url&#8221;]<a href=\"https:\/\/www.kemostik.com\/hr\/neostik\/pur-pjene\/neostik-pur-pjena-univerzal\/\">Pro\u010ditajte vi\u0161e<\/a><\/p>\n<p>&nbsp;<\/p>\n<div id=\"gtx-trans\" style=\"position: absolute; left: -46px; top: -10px;\">\n<div class=\"gtx-trans-icon\"><\/div>\n<\/div>\n<p>[\/vc_column_text][\/vc_column][\/vc_row][vc_row css=&#8221;.vc_custom_1737578079739{margin-top: 40px !important;}&#8221;][vc_column width=&#8221;1\/3&#8243;][vc_single_image image=&#8221;478&#8243; img_size=&#8221;full&#8221; alignment=&#8221;center&#8221; css=&#8221;&#8221;][\/vc_column][vc_column width=&#8221;2\/3&#8243;][vc_custom_heading text=&#8221;Neostik PUR PJENA UNIVERZAL PI\u0160TOLJSKA&#8221; font_container=&#8221;tag:h5|text_align:left|color:%23AE841F&#8221; use_theme_fonts=&#8221;yes&#8221; css=&#8221;&#8221;][vc_column_text css=&#8221;&#8221;]Neostik PUR PJENA UNIVERZAL PI\u0160TOLJSKA omogu\u0107uje brojne aplikacije u graditeljstvu i elektroinstalacijama, kod zapunjavanja cijevi i ostalih materijala. Posebna formulacija omogu\u0107uje dobro prianjanje na brojne premaze.[\/vc_column_text][vc_column_text css=&#8221;&#8221; el_class=&#8221;neostik-url&#8221;]<a href=\"https:\/\/www.kemostik.com\/hr\/neostik\/pur-pjene\/neostik-pur-pjena-univerzal-pistoljska\/\">Pro\u010ditajte vi\u0161e<\/a><\/p>\n<p>&nbsp;<\/p>\n<div id=\"gtx-trans\" style=\"position: absolute; left: -45px; top: 38px;\">\n<div class=\"gtx-trans-icon\"><\/div>\n<\/div>\n<p>[\/vc_column_text][\/vc_column][\/vc_row][vc_row css=&#8221;.vc_custom_1737578086493{margin-top: 40px !important;}&#8221;][vc_column width=&#8221;1\/3&#8243;][vc_single_image image=&#8221;3750&#8243; img_size=&#8221;full&#8221; alignment=&#8221;center&#8221; css=&#8221;&#8221;][\/vc_column][vc_column width=&#8221;2\/3&#8243;][vc_custom_heading text=&#8221;Neostik PUR PJENA ZA CRIJEP&#8221; font_container=&#8221;tag:h5|text_align:left|color:%23AE841F&#8221; use_theme_fonts=&#8221;yes&#8221; css=&#8221;&#8221;][vc_column_text css=&#8221;&#8221;]Neostik PUR PENA ZA STRE\u0160NIKE je zaradi svoje nizke ekspanzije in izjemno dobrega oprijema \u0161e posebej primerna za pritrjevanje stre\u0161nikov. Odporna je na veter ter na nizke in visoke temperature. Posebna formulacija zagotavlja dober oprijem na \u0161tevilne premaze.[\/vc_column_text][vc_column_text css=&#8221;&#8221; el_class=&#8221;neostik-url&#8221;]<a href=\"https:\/\/www.kemostik.com\/hr\/neostik\/pur-pjene\/neostik-pur-pjena-za-crijep\/\">Pro\u010ditajte vi\u0161e<\/a><\/p>\n<p>&nbsp;<\/p>\n<div id=\"gtx-trans\" style=\"position: absolute; left: -23px; top: -10px;\">\n<div class=\"gtx-trans-icon\"><\/div>\n<\/div>\n<p>[\/vc_column_text][\/vc_column][\/vc_row][vc_row css=&#8221;.vc_custom_1737578086493{margin-top: 40px !important;}&#8221;][vc_column width=&#8221;1\/3&#8243;][vc_single_image image=&#8221;3755&#8243; img_size=&#8221;full&#8221; alignment=&#8221;center&#8221; css=&#8221;&#8221;][\/vc_column][vc_column width=&#8221;2\/3&#8243;][vc_custom_heading text=&#8221;Neostik PUR PJENA ZA CRIJEP PI\u0160TOLJSKA&#8221; font_container=&#8221;tag:h5|text_align:left|color:%23AE841F&#8221; use_theme_fonts=&#8221;yes&#8221; css=&#8221;&#8221;][vc_column_text css=&#8221;&#8221;]Neostik PUR PJENA ZA CRIJEP PI\u0160TOLJSKA je zbog svoje niske ekspanzije i vrlo dobrog prianjanja posebno pogodna za popravak crijepova. Otporna je na vjetar te na niske i visoke temperature. Posebna formulacija omogu\u0107uje dobro prianjanje na brojne premaze.[\/vc_column_text][vc_column_text css=&#8221;&#8221; el_class=&#8221;neostik-url&#8221;]<a href=\"https:\/\/www.kemostik.com\/hr\/neostik\/pur-pjene\/neostik-pur-pjena-za-crijep-pistoljska\/\">Pro\u010ditajte vi\u0161e<\/a><\/p>\n<p>&nbsp;<\/p>\n<div id=\"gtx-trans\" style=\"position: absolute; left: -10px; top: -10px;\">\n<div class=\"gtx-trans-icon\"><\/div>\n<\/div>\n<p>[\/vc_column_text][\/vc_column][\/vc_row][vc_row css=&#8221;.vc_custom_1737578086493{margin-top: 40px !important;}&#8221;][vc_column width=&#8221;1\/3&#8243;][vc_single_image image=&#8221;475&#8243; img_size=&#8221;full&#8221; alignment=&#8221;center&#8221; css=&#8221;&#8221;][\/vc_column][vc_column width=&#8221;2\/3&#8243;][vc_custom_heading text=&#8221;Neostik PUR PJENA ZA IZOLATIVNE PLO\u010cE PI\u0160TOLJSKA&#8221; font_container=&#8221;tag:h5|text_align:left|color:%23AE841F&#8221; use_theme_fonts=&#8221;yes&#8221; css=&#8221;&#8221;][vc_column_text css=&#8221;&#8221;]Neostik PUR PJENA ZA IZOLACIJSKE PLO\u010cE PI\u0160TOLJSKA s niskom post ekspanzijom je pogodna za lijepljenje i fiksiranje izolacijskih plo\u010da te drugih materijala. Posebna formulacija omogu\u0107uje dobro prianjanje na razli\u010dite plo\u010de.[\/vc_column_text][vc_column_text css=&#8221;&#8221; el_class=&#8221;neostik-url&#8221;]<a href=\"https:\/\/www.kemostik.com\/hr\/neostik\/pur-pjene\/neostik-pur-pjena-za-izolativne-ploce-pistoljska\/\">Pro\u010ditajte vi\u0161e<\/a><\/p>\n<p>&nbsp;<\/p>\n<div id=\"gtx-trans\" style=\"position: absolute; left: -5px; top: -10px;\">\n<div class=\"gtx-trans-icon\"><\/div>\n<\/div>\n<p>[\/vc_column_text][\/vc_column][\/vc_row][vc_row css=&#8221;.vc_custom_1737578086493{margin-top: 40px !important;}&#8221;][vc_column width=&#8221;1\/3&#8243;][vc_single_image image=&#8221;474&#8243; img_size=&#8221;full&#8221; alignment=&#8221;center&#8221; css=&#8221;&#8221;][\/vc_column][vc_column width=&#8221;2\/3&#8243;][vc_custom_heading text=&#8221;Neostik PUR \u010cISTA\u010c&#8221; font_container=&#8221;tag:h5|text_align:left|color:%23AE841F&#8221; use_theme_fonts=&#8221;yes&#8221; css=&#8221;&#8221;][vc_column_text css=&#8221;&#8221;]\u010cistilo odstranjuje svije\u017eu i nestvrdnutu poliuretansku pjenu i tako\u0111er se koristi za \u010di\u0161\u0107enje pi\u0161tolja. Pogodno je za unutarnje i vanjsko \u010di\u0161\u0107enje pi\u0161tolja. Pri\u010dvr\u0161\u0107ena kapica za raspr\u0161ivanje omogu\u0107uje ru\u010dno \u010di\u0161\u0107enje.[\/vc_column_text][vc_column_text css=&#8221;&#8221; el_class=&#8221;neostik-url&#8221;]<a href=\"https:\/\/www.kemostik.com\/hr\/neostik\/pur-pjene\/neostik-pur-cistac\/\">Pro\u010ditajte vi\u0161e<\/a><\/p>\n<p>&nbsp;<\/p>\n<div id=\"gtx-trans\" style=\"position: absolute; left: -18px; top: -10px;\">\n<div class=\"gtx-trans-icon\"><\/div>\n<\/div>\n<p>[\/vc_column_text][\/vc_column][\/vc_row]<\/p>\n<\/div>","protected":false},"excerpt":{"rendered":"<p>[vc_row][vc_column][vc_row_inner][vc_column_inner width=&#8221;1\/2&#8243;][vc_column_text css=&#8221;&#8221;]Jednokomponentne poliuretanske pjene Neostik upotrebljavamo za brtvljenje, ugradnju, izoliranje, zapunjavanje i lijepljenje razli\u010ditih gra\u0111evinskih materijala i predmeta.[\/vc_column_text][\/vc_column_inner][vc_column_inner width=&#8221;1\/2&#8243;][vc_single_image image=&#8221;809&#8243; img_size=&#8221;&#8221; alignment=&#8221;center&#8221; css=&#8221;&#8221;][\/vc_column_inner][\/vc_row_inner][\/vc_column][\/vc_row][vc_row css=&#8221;.vc_custom_1737578071091{margin-top: 40px !important;}&#8221;][vc_column width=&#8221;1\/3&#8243;][vc_single_image image=&#8221;479&#8243; img_size=&#8221;full&#8221; alignment=&#8221;center&#8221; css=&#8221;&#8221;][\/vc_column][vc_column width=&#8221;2\/3&#8243;][vc_custom_heading text=&#8221;Neostik PUR PJENA UNIVERZAL&#8221; font_container=&#8221;tag:h5|text_align:left|color:%23AE841F&#8221; use_theme_fonts=&#8221;yes&#8221; css=&#8221;&#8221;][vc_column_text css=&#8221;&#8221;]Neostik PUR PJENA UNIVERZAL omogu\u0107uje brojne aplikacije u graditeljstvu i elektroinstalacijama, kod zapunjavanja cijevi i&#8230;<\/p>\n","protected":false},"author":1,"featured_media":0,"parent":1745,"menu_order":0,"comment_status":"closed","ping_status":"closed","template":"","meta":{"footnotes":""},"class_list":["post-1761","page","type-page","status-publish","hentry"],"yoast_head":"<!-- This site is optimized with the Yoast SEO plugin v27.2 - https:\/\/yoast.com\/product\/yoast-seo-wordpress\/ -->\n<title>Pur pjene - KANSAI HELIOS Kemostik d.o.o<\/title>\n<meta name=\"robots\" content=\"index, follow, max-snippet:-1, max-image-preview:large, max-video-preview:-1\" \/>\n<link rel=\"canonical\" href=\"https:\/\/www.kemostik.com\/hr\/neostik\/pur-pjene\/\" \/>\n<meta property=\"og:locale\" content=\"hr_HR\" \/>\n<meta property=\"og:type\" content=\"article\" \/>\n<meta property=\"og:title\" content=\"Pur pjene - KANSAI HELIOS Kemostik d.o.o\" \/>\n<meta property=\"og:description\" content=\"[vc_row][vc_column][vc_row_inner][vc_column_inner width=&#8221;1\/2&#8243;][vc_column_text css=&#8221;&#8221;]Jednokomponentne poliuretanske pjene Neostik upotrebljavamo za brtvljenje, ugradnju, izoliranje, zapunjavanje i lijepljenje razli\u010ditih gra\u0111evinskih materijala i predmeta.[\/vc_column_text][\/vc_column_inner][vc_column_inner width=&#8221;1\/2&#8243;][vc_single_image image=&#8221;809&#8243; img_size=&#8221;&#8221; alignment=&#8221;center&#8221; css=&#8221;&#8221;][\/vc_column_inner][\/vc_row_inner][\/vc_column][\/vc_row][vc_row css=&#8221;.vc_custom_1737578071091{margin-top: 40px !important;}&#8221;][vc_column width=&#8221;1\/3&#8243;][vc_single_image image=&#8221;479&#8243; img_size=&#8221;full&#8221; alignment=&#8221;center&#8221; css=&#8221;&#8221;][\/vc_column][vc_column width=&#8221;2\/3&#8243;][vc_custom_heading text=&#8221;Neostik PUR PJENA UNIVERZAL&#8221; font_container=&#8221;tag:h5|text_align:left|color:%23AE841F&#8221; use_theme_fonts=&#8221;yes&#8221; css=&#8221;&#8221;][vc_column_text css=&#8221;&#8221;]Neostik PUR PJENA UNIVERZAL omogu\u0107uje brojne aplikacije u graditeljstvu i elektroinstalacijama, kod zapunjavanja cijevi i...\" \/>\n<meta property=\"og:url\" content=\"https:\/\/www.kemostik.com\/hr\/neostik\/pur-pjene\/\" \/>\n<meta property=\"og:site_name\" content=\"KANSAI HELIOS Kemostik d.o.o\" \/>\n<meta property=\"article:modified_time\" content=\"2025-07-31T13:18:27+00:00\" \/>\n<meta name=\"twitter:card\" content=\"summary_large_image\" \/>\n<meta name=\"twitter:label1\" content=\"Procijenjeno vrijeme \u010ditanja\" \/>\n\t<meta name=\"twitter:data1\" content=\"2 minute\" \/>\n<script type=\"application\/ld+json\" class=\"yoast-schema-graph\">{\"@context\":\"https:\/\/schema.org\",\"@graph\":[{\"@type\":\"WebPage\",\"@id\":\"https:\/\/www.kemostik.com\/hr\/neostik\/pur-pjene\/\",\"url\":\"https:\/\/www.kemostik.com\/hr\/neostik\/pur-pjene\/\",\"name\":\"Pur pjene - KANSAI HELIOS Kemostik d.o.o\",\"isPartOf\":{\"@id\":\"https:\/\/www.kemostik.com\/hr\/#website\"},\"datePublished\":\"2025-01-23T20:29:26+00:00\",\"dateModified\":\"2025-07-31T13:18:27+00:00\",\"breadcrumb\":{\"@id\":\"https:\/\/www.kemostik.com\/hr\/neostik\/pur-pjene\/#breadcrumb\"},\"inLanguage\":\"hr\",\"potentialAction\":[{\"@type\":\"ReadAction\",\"target\":[\"https:\/\/www.kemostik.com\/hr\/neostik\/pur-pjene\/\"]}]},{\"@type\":\"BreadcrumbList\",\"@id\":\"https:\/\/www.kemostik.com\/hr\/neostik\/pur-pjene\/#breadcrumb\",\"itemListElement\":[{\"@type\":\"ListItem\",\"position\":1,\"name\":\"Home\",\"item\":\"https:\/\/www.kemostik.com\/hr\/\"},{\"@type\":\"ListItem\",\"position\":2,\"name\":\"NEOSTIK\",\"item\":\"https:\/\/www.kemostik.com\/hr\/neostik\/\"},{\"@type\":\"ListItem\",\"position\":3,\"name\":\"Pur pjene\"}]},{\"@type\":\"WebSite\",\"@id\":\"https:\/\/www.kemostik.com\/hr\/#website\",\"url\":\"https:\/\/www.kemostik.com\/hr\/\",\"name\":\"KANSAI HELIOS Kemostik d.o.o\",\"description\":\"\",\"publisher\":{\"@id\":\"https:\/\/www.kemostik.com\/hr\/#organization\"},\"potentialAction\":[{\"@type\":\"SearchAction\",\"target\":{\"@type\":\"EntryPoint\",\"urlTemplate\":\"https:\/\/www.kemostik.com\/hr\/?s={search_term_string}\"},\"query-input\":{\"@type\":\"PropertyValueSpecification\",\"valueRequired\":true,\"valueName\":\"search_term_string\"}}],\"inLanguage\":\"hr\"},{\"@type\":\"Organization\",\"@id\":\"https:\/\/www.kemostik.com\/hr\/#organization\",\"name\":\"KANSAI HELIOS Kemostik d.o.o\",\"url\":\"https:\/\/www.kemostik.com\/hr\/\",\"logo\":{\"@type\":\"ImageObject\",\"inLanguage\":\"hr\",\"@id\":\"https:\/\/www.kemostik.com\/hr\/#\/schema\/logo\/image\/\",\"url\":\"https:\/\/www.kemostik.com\/wp-content\/uploads\/2024\/10\/kansai-helios-logo-transparent.png\",\"contentUrl\":\"https:\/\/www.kemostik.com\/wp-content\/uploads\/2024\/10\/kansai-helios-logo-transparent.png\",\"width\":240,\"height\":90,\"caption\":\"KANSAI HELIOS Kemostik d.o.o\"},\"image\":{\"@id\":\"https:\/\/www.kemostik.com\/hr\/#\/schema\/logo\/image\/\"}}]}<\/script>\n<!-- \/ Yoast SEO plugin. -->","yoast_head_json":{"title":"Pur pjene - KANSAI HELIOS Kemostik d.o.o","robots":{"index":"index","follow":"follow","max-snippet":"max-snippet:-1","max-image-preview":"max-image-preview:large","max-video-preview":"max-video-preview:-1"},"canonical":"https:\/\/www.kemostik.com\/hr\/neostik\/pur-pjene\/","og_locale":"hr_HR","og_type":"article","og_title":"Pur pjene - KANSAI HELIOS Kemostik d.o.o","og_description":"[vc_row][vc_column][vc_row_inner][vc_column_inner width=&#8221;1\/2&#8243;][vc_column_text css=&#8221;&#8221;]Jednokomponentne poliuretanske pjene Neostik upotrebljavamo za brtvljenje, ugradnju, izoliranje, zapunjavanje i lijepljenje razli\u010ditih gra\u0111evinskih materijala i predmeta.[\/vc_column_text][\/vc_column_inner][vc_column_inner width=&#8221;1\/2&#8243;][vc_single_image image=&#8221;809&#8243; img_size=&#8221;&#8221; alignment=&#8221;center&#8221; css=&#8221;&#8221;][\/vc_column_inner][\/vc_row_inner][\/vc_column][\/vc_row][vc_row css=&#8221;.vc_custom_1737578071091{margin-top: 40px !important;}&#8221;][vc_column width=&#8221;1\/3&#8243;][vc_single_image image=&#8221;479&#8243; img_size=&#8221;full&#8221; alignment=&#8221;center&#8221; css=&#8221;&#8221;][\/vc_column][vc_column width=&#8221;2\/3&#8243;][vc_custom_heading text=&#8221;Neostik PUR PJENA UNIVERZAL&#8221; font_container=&#8221;tag:h5|text_align:left|color:%23AE841F&#8221; use_theme_fonts=&#8221;yes&#8221; css=&#8221;&#8221;][vc_column_text css=&#8221;&#8221;]Neostik PUR PJENA UNIVERZAL omogu\u0107uje brojne aplikacije u graditeljstvu i elektroinstalacijama, kod zapunjavanja cijevi i...","og_url":"https:\/\/www.kemostik.com\/hr\/neostik\/pur-pjene\/","og_site_name":"KANSAI HELIOS Kemostik d.o.o","article_modified_time":"2025-07-31T13:18:27+00:00","twitter_card":"summary_large_image","twitter_misc":{"Procijenjeno vrijeme \u010ditanja":"2 minute"},"schema":{"@context":"https:\/\/schema.org","@graph":[{"@type":"WebPage","@id":"https:\/\/www.kemostik.com\/hr\/neostik\/pur-pjene\/","url":"https:\/\/www.kemostik.com\/hr\/neostik\/pur-pjene\/","name":"Pur pjene - KANSAI HELIOS Kemostik d.o.o","isPartOf":{"@id":"https:\/\/www.kemostik.com\/hr\/#website"},"datePublished":"2025-01-23T20:29:26+00:00","dateModified":"2025-07-31T13:18:27+00:00","breadcrumb":{"@id":"https:\/\/www.kemostik.com\/hr\/neostik\/pur-pjene\/#breadcrumb"},"inLanguage":"hr","potentialAction":[{"@type":"ReadAction","target":["https:\/\/www.kemostik.com\/hr\/neostik\/pur-pjene\/"]}]},{"@type":"BreadcrumbList","@id":"https:\/\/www.kemostik.com\/hr\/neostik\/pur-pjene\/#breadcrumb","itemListElement":[{"@type":"ListItem","position":1,"name":"Home","item":"https:\/\/www.kemostik.com\/hr\/"},{"@type":"ListItem","position":2,"name":"NEOSTIK","item":"https:\/\/www.kemostik.com\/hr\/neostik\/"},{"@type":"ListItem","position":3,"name":"Pur pjene"}]},{"@type":"WebSite","@id":"https:\/\/www.kemostik.com\/hr\/#website","url":"https:\/\/www.kemostik.com\/hr\/","name":"KANSAI HELIOS Kemostik d.o.o","description":"","publisher":{"@id":"https:\/\/www.kemostik.com\/hr\/#organization"},"potentialAction":[{"@type":"SearchAction","target":{"@type":"EntryPoint","urlTemplate":"https:\/\/www.kemostik.com\/hr\/?s={search_term_string}"},"query-input":{"@type":"PropertyValueSpecification","valueRequired":true,"valueName":"search_term_string"}}],"inLanguage":"hr"},{"@type":"Organization","@id":"https:\/\/www.kemostik.com\/hr\/#organization","name":"KANSAI HELIOS Kemostik d.o.o","url":"https:\/\/www.kemostik.com\/hr\/","logo":{"@type":"ImageObject","inLanguage":"hr","@id":"https:\/\/www.kemostik.com\/hr\/#\/schema\/logo\/image\/","url":"https:\/\/www.kemostik.com\/wp-content\/uploads\/2024\/10\/kansai-helios-logo-transparent.png","contentUrl":"https:\/\/www.kemostik.com\/wp-content\/uploads\/2024\/10\/kansai-helios-logo-transparent.png","width":240,"height":90,"caption":"KANSAI HELIOS Kemostik d.o.o"},"image":{"@id":"https:\/\/www.kemostik.com\/hr\/#\/schema\/logo\/image\/"}}]}},"_links":{"self":[{"href":"https:\/\/www.kemostik.com\/hr\/wp-json\/wp\/v2\/pages\/1761","targetHints":{"allow":["GET"]}}],"collection":[{"href":"https:\/\/www.kemostik.com\/hr\/wp-json\/wp\/v2\/pages"}],"about":[{"href":"https:\/\/www.kemostik.com\/hr\/wp-json\/wp\/v2\/types\/page"}],"author":[{"embeddable":true,"href":"https:\/\/www.kemostik.com\/hr\/wp-json\/wp\/v2\/users\/1"}],"replies":[{"embeddable":true,"href":"https:\/\/www.kemostik.com\/hr\/wp-json\/wp\/v2\/comments?post=1761"}],"version-history":[{"count":6,"href":"https:\/\/www.kemostik.com\/hr\/wp-json\/wp\/v2\/pages\/1761\/revisions"}],"predecessor-version":[{"id":3762,"href":"https:\/\/www.kemostik.com\/hr\/wp-json\/wp\/v2\/pages\/1761\/revisions\/3762"}],"up":[{"embeddable":true,"href":"https:\/\/www.kemostik.com\/hr\/wp-json\/wp\/v2\/pages\/1745"}],"wp:attachment":[{"href":"https:\/\/www.kemostik.com\/hr\/wp-json\/wp\/v2\/media?parent=1761"}],"curies":[{"name":"wp","href":"https:\/\/api.w.org\/{rel}","templated":true}]}}