{"id":1813,"date":"2025-01-24T12:35:54","date_gmt":"2025-01-24T11:35:54","guid":{"rendered":"https:\/\/www.kemostik.com\/neostik\/silikonske-in-akrilne-tesnilne-mase\/neostik-silikon-univerzal\/"},"modified":"2025-03-17T12:44:58","modified_gmt":"2025-03-17T11:44:58","slug":"neostik-silikon-univerzal","status":"publish","type":"page","link":"https:\/\/www.kemostik.com\/hr\/neostik\/silikonske-akrilne-mase-za-brtvljenje\/neostik-silikon-univerzal\/","title":{"rendered":"Neostik SILIKON UNIVERZAL"},"content":{"rendered":"<div class=\"wpb-content-wrapper\"><p>[vc_row][vc_column][vc_row_inner][vc_column_inner width=&#8221;1\/2&#8243;][vc_column_text css=&#8221;&#8221;]Trajnoelasti\u010dna masa za brtvljenje na acetatnoj osnovi, odli\u010dno prianja na \u0161iroku paletu materijala. Visoko je otporna na UV zrake, svijetlost i starenje te na \u0161irok spektar kemikalija. U okomitim fugama ne pu\u017ee i nudi potpunu vodootpornu za\u0161titu.<\/p>\n<p>&nbsp;<\/p>\n<p><strong>UPOTREBA<\/strong>: za brtvljenje manje optere\u0107enih fuga te za ugradnju i brtvljenje stakla.[\/vc_column_text][vc_column_text css=&#8221;&#8221;]<\/p>\n<h6>ODLI\u010cNO PRIANJANJE NA:<\/h6>\n<p>aluminij, keramiku, staklo, ostakljene povr\u0161ine, profilirano (kopelit) staklo, klinker, porcelan, razli\u010dite vrste plastike i premaze.<\/p>\n<div id=\"gtx-trans\" style=\"position: absolute; left: -14px; top: -1.03125px;\">\n<div class=\"gtx-trans-icon\"><\/div>\n<\/div>\n<p>[\/vc_column_text][vc_column_text css=&#8221;&#8221;]<\/p>\n<h6>Boja:<\/h6>\n<p>Transparentna<br \/>\nBjela[\/vc_column_text][vc_column_text css=&#8221;&#8221;]<\/p>\n<h6>PAKIRANJE:<\/h6>\n<p>280 ml[\/vc_column_text][vc_column_text css=&#8221;&#8221;]<\/p>\n<div class=\"inline\"><img decoding=\"async\" class=\"wp-image-566\" src=\"https:\/\/www.kemostik.com\/wp-content\/uploads\/2025\/01\/C01.png\" \/><img decoding=\"async\" src=\"https:\/\/www.kemostik.com\/wp-content\/uploads\/2025\/01\/B02.png\" \/><img decoding=\"async\" src=\"https:\/\/www.kemostik.com\/wp-content\/uploads\/2025\/01\/G02.png\" \/><img decoding=\"async\" src=\"https:\/\/www.kemostik.com\/wp-content\/uploads\/2025\/01\/E02.png\" \/><\/div>\n<p>[\/vc_column_text][\/vc_column_inner][vc_column_inner width=&#8221;1\/2&#8243;][vc_single_image image=&#8221;468&#8243; img_size=&#8221;&#8221; alignment=&#8221;center&#8221; css=&#8221;&#8221;][\/vc_column_inner][\/vc_row_inner][\/vc_column][\/vc_row][vc_row][vc_column]\r\n\t\t\t<div class=\"helios_section_distance m\"><\/div>\r\n\r\n\t\t\t[\/vc_column][\/vc_row]<\/p>\n<\/div>","protected":false},"excerpt":{"rendered":"<p>[vc_row][vc_column][vc_row_inner][vc_column_inner width=&#8221;1\/2&#8243;][vc_column_text css=&#8221;&#8221;]Trajnoelasti\u010dna masa za brtvljenje na acetatnoj osnovi, odli\u010dno prianja na \u0161iroku paletu materijala. Visoko je otporna na UV zrake, svijetlost i starenje te na \u0161irok spektar kemikalija. U okomitim fugama ne pu\u017ee i nudi potpunu vodootpornu za\u0161titu. &nbsp; UPOTREBA: za brtvljenje manje optere\u0107enih fuga te za ugradnju i brtvljenje stakla.[\/vc_column_text][vc_column_text css=&#8221;&#8221;] ODLI\u010cNO PRIANJANJE&#8230;<\/p>\n","protected":false},"author":1,"featured_media":0,"parent":1789,"menu_order":0,"comment_status":"closed","ping_status":"closed","template":"","meta":{"footnotes":""},"class_list":["post-1813","page","type-page","status-publish","hentry"],"yoast_head":"<!-- This site is optimized with the Yoast SEO plugin v27.2 - https:\/\/yoast.com\/product\/yoast-seo-wordpress\/ -->\n<title>Neostik SILIKON UNIVERZAL - KANSAI HELIOS Kemostik d.o.o<\/title>\n<meta name=\"robots\" content=\"index, follow, max-snippet:-1, max-image-preview:large, max-video-preview:-1\" \/>\n<link rel=\"canonical\" href=\"https:\/\/www.kemostik.com\/hr\/neostik\/silikonske-akrilne-mase-za-brtvljenje\/neostik-silikon-univerzal\/\" \/>\n<meta property=\"og:locale\" content=\"hr_HR\" \/>\n<meta property=\"og:type\" content=\"article\" \/>\n<meta property=\"og:title\" content=\"Neostik SILIKON UNIVERZAL - KANSAI HELIOS Kemostik d.o.o\" \/>\n<meta property=\"og:description\" content=\"[vc_row][vc_column][vc_row_inner][vc_column_inner width=&#8221;1\/2&#8243;][vc_column_text css=&#8221;&#8221;]Trajnoelasti\u010dna masa za brtvljenje na acetatnoj osnovi, odli\u010dno prianja na \u0161iroku paletu materijala. Visoko je otporna na UV zrake, svijetlost i starenje te na \u0161irok spektar kemikalija. U okomitim fugama ne pu\u017ee i nudi potpunu vodootpornu za\u0161titu. &nbsp; UPOTREBA: za brtvljenje manje optere\u0107enih fuga te za ugradnju i brtvljenje stakla.[\/vc_column_text][vc_column_text css=&#8221;&#8221;] ODLI\u010cNO PRIANJANJE...\" \/>\n<meta property=\"og:url\" content=\"https:\/\/www.kemostik.com\/hr\/neostik\/silikonske-akrilne-mase-za-brtvljenje\/neostik-silikon-univerzal\/\" \/>\n<meta property=\"og:site_name\" content=\"KANSAI HELIOS Kemostik d.o.o\" \/>\n<meta property=\"article:modified_time\" content=\"2025-03-17T11:44:58+00:00\" \/>\n<meta property=\"og:image\" content=\"https:\/\/www.kemostik.com\/wp-content\/uploads\/2025\/01\/C01.png\" \/>\n<meta name=\"twitter:card\" content=\"summary_large_image\" \/>\n<meta name=\"twitter:label1\" content=\"Procijenjeno vrijeme \u010ditanja\" \/>\n\t<meta name=\"twitter:data1\" content=\"1 minuta\" \/>\n<script type=\"application\/ld+json\" class=\"yoast-schema-graph\">{\"@context\":\"https:\/\/schema.org\",\"@graph\":[{\"@type\":\"WebPage\",\"@id\":\"https:\/\/www.kemostik.com\/hr\/neostik\/silikonske-akrilne-mase-za-brtvljenje\/neostik-silikon-univerzal\/\",\"url\":\"https:\/\/www.kemostik.com\/hr\/neostik\/silikonske-akrilne-mase-za-brtvljenje\/neostik-silikon-univerzal\/\",\"name\":\"Neostik SILIKON UNIVERZAL - KANSAI HELIOS Kemostik d.o.o\",\"isPartOf\":{\"@id\":\"https:\/\/www.kemostik.com\/hr\/#website\"},\"primaryImageOfPage\":{\"@id\":\"https:\/\/www.kemostik.com\/hr\/neostik\/silikonske-akrilne-mase-za-brtvljenje\/neostik-silikon-univerzal\/#primaryimage\"},\"image\":{\"@id\":\"https:\/\/www.kemostik.com\/hr\/neostik\/silikonske-akrilne-mase-za-brtvljenje\/neostik-silikon-univerzal\/#primaryimage\"},\"thumbnailUrl\":\"https:\/\/www.kemostik.com\/wp-content\/uploads\/2025\/01\/C01.png\",\"datePublished\":\"2025-01-24T11:35:54+00:00\",\"dateModified\":\"2025-03-17T11:44:58+00:00\",\"breadcrumb\":{\"@id\":\"https:\/\/www.kemostik.com\/hr\/neostik\/silikonske-akrilne-mase-za-brtvljenje\/neostik-silikon-univerzal\/#breadcrumb\"},\"inLanguage\":\"hr\",\"potentialAction\":[{\"@type\":\"ReadAction\",\"target\":[\"https:\/\/www.kemostik.com\/hr\/neostik\/silikonske-akrilne-mase-za-brtvljenje\/neostik-silikon-univerzal\/\"]}]},{\"@type\":\"ImageObject\",\"inLanguage\":\"hr\",\"@id\":\"https:\/\/www.kemostik.com\/hr\/neostik\/silikonske-akrilne-mase-za-brtvljenje\/neostik-silikon-univerzal\/#primaryimage\",\"url\":\"https:\/\/www.kemostik.com\/wp-content\/uploads\/2025\/01\/C01.png\",\"contentUrl\":\"https:\/\/www.kemostik.com\/wp-content\/uploads\/2025\/01\/C01.png\"},{\"@type\":\"BreadcrumbList\",\"@id\":\"https:\/\/www.kemostik.com\/hr\/neostik\/silikonske-akrilne-mase-za-brtvljenje\/neostik-silikon-univerzal\/#breadcrumb\",\"itemListElement\":[{\"@type\":\"ListItem\",\"position\":1,\"name\":\"Home\",\"item\":\"https:\/\/www.kemostik.com\/hr\/\"},{\"@type\":\"ListItem\",\"position\":2,\"name\":\"NEOSTIK\",\"item\":\"https:\/\/www.kemostik.com\/hr\/neostik\/\"},{\"@type\":\"ListItem\",\"position\":3,\"name\":\"Silikonske i akrilne mase za brtvljenje\",\"item\":\"https:\/\/www.kemostik.com\/hr\/neostik\/silikonske-in-akrilne-tesnilne-mase\/\"},{\"@type\":\"ListItem\",\"position\":4,\"name\":\"Neostik SILIKON UNIVERZAL\"}]},{\"@type\":\"WebSite\",\"@id\":\"https:\/\/www.kemostik.com\/hr\/#website\",\"url\":\"https:\/\/www.kemostik.com\/hr\/\",\"name\":\"KANSAI HELIOS Kemostik d.o.o\",\"description\":\"\",\"publisher\":{\"@id\":\"https:\/\/www.kemostik.com\/hr\/#organization\"},\"potentialAction\":[{\"@type\":\"SearchAction\",\"target\":{\"@type\":\"EntryPoint\",\"urlTemplate\":\"https:\/\/www.kemostik.com\/hr\/?s={search_term_string}\"},\"query-input\":{\"@type\":\"PropertyValueSpecification\",\"valueRequired\":true,\"valueName\":\"search_term_string\"}}],\"inLanguage\":\"hr\"},{\"@type\":\"Organization\",\"@id\":\"https:\/\/www.kemostik.com\/hr\/#organization\",\"name\":\"KANSAI HELIOS Kemostik d.o.o\",\"url\":\"https:\/\/www.kemostik.com\/hr\/\",\"logo\":{\"@type\":\"ImageObject\",\"inLanguage\":\"hr\",\"@id\":\"https:\/\/www.kemostik.com\/hr\/#\/schema\/logo\/image\/\",\"url\":\"https:\/\/www.kemostik.com\/wp-content\/uploads\/2024\/10\/kansai-helios-logo-transparent.png\",\"contentUrl\":\"https:\/\/www.kemostik.com\/wp-content\/uploads\/2024\/10\/kansai-helios-logo-transparent.png\",\"width\":240,\"height\":90,\"caption\":\"KANSAI HELIOS Kemostik d.o.o\"},\"image\":{\"@id\":\"https:\/\/www.kemostik.com\/hr\/#\/schema\/logo\/image\/\"}}]}<\/script>\n<!-- \/ Yoast SEO plugin. -->","yoast_head_json":{"title":"Neostik SILIKON UNIVERZAL - KANSAI HELIOS Kemostik d.o.o","robots":{"index":"index","follow":"follow","max-snippet":"max-snippet:-1","max-image-preview":"max-image-preview:large","max-video-preview":"max-video-preview:-1"},"canonical":"https:\/\/www.kemostik.com\/hr\/neostik\/silikonske-akrilne-mase-za-brtvljenje\/neostik-silikon-univerzal\/","og_locale":"hr_HR","og_type":"article","og_title":"Neostik SILIKON UNIVERZAL - KANSAI HELIOS Kemostik d.o.o","og_description":"[vc_row][vc_column][vc_row_inner][vc_column_inner width=&#8221;1\/2&#8243;][vc_column_text css=&#8221;&#8221;]Trajnoelasti\u010dna masa za brtvljenje na acetatnoj osnovi, odli\u010dno prianja na \u0161iroku paletu materijala. Visoko je otporna na UV zrake, svijetlost i starenje te na \u0161irok spektar kemikalija. U okomitim fugama ne pu\u017ee i nudi potpunu vodootpornu za\u0161titu. &nbsp; UPOTREBA: za brtvljenje manje optere\u0107enih fuga te za ugradnju i brtvljenje stakla.[\/vc_column_text][vc_column_text css=&#8221;&#8221;] ODLI\u010cNO PRIANJANJE...","og_url":"https:\/\/www.kemostik.com\/hr\/neostik\/silikonske-akrilne-mase-za-brtvljenje\/neostik-silikon-univerzal\/","og_site_name":"KANSAI HELIOS Kemostik d.o.o","article_modified_time":"2025-03-17T11:44:58+00:00","og_image":[{"url":"https:\/\/www.kemostik.com\/wp-content\/uploads\/2025\/01\/C01.png","type":"","width":"","height":""}],"twitter_card":"summary_large_image","twitter_misc":{"Procijenjeno vrijeme \u010ditanja":"1 minuta"},"schema":{"@context":"https:\/\/schema.org","@graph":[{"@type":"WebPage","@id":"https:\/\/www.kemostik.com\/hr\/neostik\/silikonske-akrilne-mase-za-brtvljenje\/neostik-silikon-univerzal\/","url":"https:\/\/www.kemostik.com\/hr\/neostik\/silikonske-akrilne-mase-za-brtvljenje\/neostik-silikon-univerzal\/","name":"Neostik SILIKON UNIVERZAL - KANSAI HELIOS Kemostik d.o.o","isPartOf":{"@id":"https:\/\/www.kemostik.com\/hr\/#website"},"primaryImageOfPage":{"@id":"https:\/\/www.kemostik.com\/hr\/neostik\/silikonske-akrilne-mase-za-brtvljenje\/neostik-silikon-univerzal\/#primaryimage"},"image":{"@id":"https:\/\/www.kemostik.com\/hr\/neostik\/silikonske-akrilne-mase-za-brtvljenje\/neostik-silikon-univerzal\/#primaryimage"},"thumbnailUrl":"https:\/\/www.kemostik.com\/wp-content\/uploads\/2025\/01\/C01.png","datePublished":"2025-01-24T11:35:54+00:00","dateModified":"2025-03-17T11:44:58+00:00","breadcrumb":{"@id":"https:\/\/www.kemostik.com\/hr\/neostik\/silikonske-akrilne-mase-za-brtvljenje\/neostik-silikon-univerzal\/#breadcrumb"},"inLanguage":"hr","potentialAction":[{"@type":"ReadAction","target":["https:\/\/www.kemostik.com\/hr\/neostik\/silikonske-akrilne-mase-za-brtvljenje\/neostik-silikon-univerzal\/"]}]},{"@type":"ImageObject","inLanguage":"hr","@id":"https:\/\/www.kemostik.com\/hr\/neostik\/silikonske-akrilne-mase-za-brtvljenje\/neostik-silikon-univerzal\/#primaryimage","url":"https:\/\/www.kemostik.com\/wp-content\/uploads\/2025\/01\/C01.png","contentUrl":"https:\/\/www.kemostik.com\/wp-content\/uploads\/2025\/01\/C01.png"},{"@type":"BreadcrumbList","@id":"https:\/\/www.kemostik.com\/hr\/neostik\/silikonske-akrilne-mase-za-brtvljenje\/neostik-silikon-univerzal\/#breadcrumb","itemListElement":[{"@type":"ListItem","position":1,"name":"Home","item":"https:\/\/www.kemostik.com\/hr\/"},{"@type":"ListItem","position":2,"name":"NEOSTIK","item":"https:\/\/www.kemostik.com\/hr\/neostik\/"},{"@type":"ListItem","position":3,"name":"Silikonske i akrilne mase za brtvljenje","item":"https:\/\/www.kemostik.com\/hr\/neostik\/silikonske-in-akrilne-tesnilne-mase\/"},{"@type":"ListItem","position":4,"name":"Neostik SILIKON UNIVERZAL"}]},{"@type":"WebSite","@id":"https:\/\/www.kemostik.com\/hr\/#website","url":"https:\/\/www.kemostik.com\/hr\/","name":"KANSAI HELIOS Kemostik d.o.o","description":"","publisher":{"@id":"https:\/\/www.kemostik.com\/hr\/#organization"},"potentialAction":[{"@type":"SearchAction","target":{"@type":"EntryPoint","urlTemplate":"https:\/\/www.kemostik.com\/hr\/?s={search_term_string}"},"query-input":{"@type":"PropertyValueSpecification","valueRequired":true,"valueName":"search_term_string"}}],"inLanguage":"hr"},{"@type":"Organization","@id":"https:\/\/www.kemostik.com\/hr\/#organization","name":"KANSAI HELIOS Kemostik d.o.o","url":"https:\/\/www.kemostik.com\/hr\/","logo":{"@type":"ImageObject","inLanguage":"hr","@id":"https:\/\/www.kemostik.com\/hr\/#\/schema\/logo\/image\/","url":"https:\/\/www.kemostik.com\/wp-content\/uploads\/2024\/10\/kansai-helios-logo-transparent.png","contentUrl":"https:\/\/www.kemostik.com\/wp-content\/uploads\/2024\/10\/kansai-helios-logo-transparent.png","width":240,"height":90,"caption":"KANSAI HELIOS Kemostik d.o.o"},"image":{"@id":"https:\/\/www.kemostik.com\/hr\/#\/schema\/logo\/image\/"}}]}},"_links":{"self":[{"href":"https:\/\/www.kemostik.com\/hr\/wp-json\/wp\/v2\/pages\/1813","targetHints":{"allow":["GET"]}}],"collection":[{"href":"https:\/\/www.kemostik.com\/hr\/wp-json\/wp\/v2\/pages"}],"about":[{"href":"https:\/\/www.kemostik.com\/hr\/wp-json\/wp\/v2\/types\/page"}],"author":[{"embeddable":true,"href":"https:\/\/www.kemostik.com\/hr\/wp-json\/wp\/v2\/users\/1"}],"replies":[{"embeddable":true,"href":"https:\/\/www.kemostik.com\/hr\/wp-json\/wp\/v2\/comments?post=1813"}],"version-history":[{"count":2,"href":"https:\/\/www.kemostik.com\/hr\/wp-json\/wp\/v2\/pages\/1813\/revisions"}],"predecessor-version":[{"id":2214,"href":"https:\/\/www.kemostik.com\/hr\/wp-json\/wp\/v2\/pages\/1813\/revisions\/2214"}],"up":[{"embeddable":true,"href":"https:\/\/www.kemostik.com\/hr\/wp-json\/wp\/v2\/pages\/1789"}],"wp:attachment":[{"href":"https:\/\/www.kemostik.com\/hr\/wp-json\/wp\/v2\/media?parent=1813"}],"curies":[{"name":"wp","href":"https:\/\/api.w.org\/{rel}","templated":true}]}}