{"id":1817,"date":"2025-01-24T12:49:02","date_gmt":"2025-01-24T11:49:02","guid":{"rendered":"https:\/\/www.kemostik.com\/neostik\/silikonske-in-akrilne-tesnilne-mase\/neostik-tesnilna-masa-za-visoke-temperature\/"},"modified":"2026-01-21T14:01:19","modified_gmt":"2026-01-21T13:01:19","slug":"neostik-brtvilo-za-visoke-temperature","status":"publish","type":"page","link":"https:\/\/www.kemostik.com\/hr\/neostik\/silikonske-akrilne-mase-za-brtvljenje\/neostik-brtvilo-za-visoke-temperature\/","title":{"rendered":"Neostik BRTVILO ZA VISOKE TEMPERATURE"},"content":{"rendered":"<div class=\"wpb-content-wrapper\"><p>[vc_row][vc_column][vc_row_inner][vc_column_inner width=&#8221;1\/2&#8243;][vc_column_text css=&#8221;&#8221;]Masa za brtvljenje na acetatnoj osnovi namijenjena za fuge koje su izlo\u017eene stalnom visokom termi\u010dkom optere\u0107enju, jer \u010duva svoje osobine elasti\u010dnosti do 300 \u00b0C.<br \/>\nOdli\u010dno prianja na brojne materijale. Visokootporna je na UV zrake, ekstremne temperature i starenje te na \u0161irok spektar kemikalija. U vertikalnim fugama ne pu\u017ee i nudi potpunu vodootpornu za\u0161titu.<\/p>\n<p>&nbsp;<\/p>\n<p><strong>UPOTREBA<\/strong>: za brtvljenje fuga izlo\u017eenih vi\u0161im temperaturama, za brtvljenje fuga kod pe\u0107i, \u0161tednjaka i kamina, za brtvljenje ventilacijskih ure\u0111aja i industrijskih pe\u0107i, za brtvljenje motora i za cjelokupnu industrijsku uporabu.[\/vc_column_text][vc_column_text css=&#8221;&#8221;]<\/p>\n<h6>ODLI\u010cNO PRIANJANJE NA:<\/h6>\n<p>staklo, keramiku, premaze, aluminij, beton, gips i brojne vrste plastike.[\/vc_column_text][vc_column_text css=&#8221;&#8221;]<\/p>\n<h6>BOJA:<\/h6>\n<p>Crna<br \/>\nCrvena<\/p>\n<div id=\"gtx-trans\" style=\"position: absolute; left: 41px; top: 112.016px;\">\n<div class=\"gtx-trans-icon\"><\/div>\n<\/div>\n<p>[\/vc_column_text][vc_column_text css=&#8221;&#8221;]<\/p>\n<h6>PAKIRANJE:<\/h6>\n<p>300 ml[\/vc_column_text][vc_column_text css=&#8221;&#8221;]<\/p>\n<div class=\"inline\"><img decoding=\"async\" class=\"wp-image-566\" src=\"https:\/\/www.kemostik.com\/wp-content\/uploads\/2025\/01\/C01.png\" \/><img decoding=\"async\" src=\"https:\/\/www.kemostik.com\/wp-content\/uploads\/2025\/01\/B02.png\" \/><img decoding=\"async\" src=\"https:\/\/www.kemostik.com\/wp-content\/uploads\/2025\/01\/G04.png\" \/><img decoding=\"async\" src=\"https:\/\/www.kemostik.com\/wp-content\/uploads\/2025\/01\/E01.png\" \/><\/div>\n<p>[\/vc_column_text][\/vc_column_inner][vc_column_inner width=&#8221;1\/2&#8243;][vc_single_image image=&#8221;3883&#8243; img_size=&#8221;&#8221; alignment=&#8221;center&#8221; css=&#8221;&#8221;][\/vc_column_inner][\/vc_row_inner][\/vc_column][\/vc_row][vc_row][vc_column]\r\n\t\t\t<div class=\"helios_section_distance m\"><\/div>\r\n\r\n\t\t\t[\/vc_column][\/vc_row]<\/p>\n<\/div>","protected":false},"excerpt":{"rendered":"<p>[vc_row][vc_column][vc_row_inner][vc_column_inner width=&#8221;1\/2&#8243;][vc_column_text css=&#8221;&#8221;]Masa za brtvljenje na acetatnoj osnovi namijenjena za fuge koje su izlo\u017eene stalnom visokom termi\u010dkom optere\u0107enju, jer \u010duva svoje osobine elasti\u010dnosti do 300 \u00b0C. Odli\u010dno prianja na brojne materijale. Visokootporna je na UV zrake, ekstremne temperature i starenje te na \u0161irok spektar kemikalija. U vertikalnim fugama ne pu\u017ee i nudi potpunu vodootpornu za\u0161titu&#8230;.<\/p>\n","protected":false},"author":1,"featured_media":0,"parent":1789,"menu_order":0,"comment_status":"closed","ping_status":"closed","template":"","meta":{"footnotes":""},"class_list":["post-1817","page","type-page","status-publish","hentry"],"yoast_head":"<!-- This site is optimized with the Yoast SEO plugin v27.2 - https:\/\/yoast.com\/product\/yoast-seo-wordpress\/ -->\n<title>Neostik BRTVILO ZA VISOKE TEMPERATURE - KANSAI HELIOS Kemostik d.o.o<\/title>\n<meta name=\"robots\" content=\"index, follow, max-snippet:-1, max-image-preview:large, max-video-preview:-1\" \/>\n<link rel=\"canonical\" href=\"https:\/\/www.kemostik.com\/hr\/neostik\/silikonske-akrilne-mase-za-brtvljenje\/neostik-brtvilo-za-visoke-temperature\/\" \/>\n<meta property=\"og:locale\" content=\"hr_HR\" \/>\n<meta property=\"og:type\" content=\"article\" \/>\n<meta property=\"og:title\" content=\"Neostik BRTVILO ZA VISOKE TEMPERATURE - KANSAI HELIOS Kemostik d.o.o\" \/>\n<meta property=\"og:description\" content=\"[vc_row][vc_column][vc_row_inner][vc_column_inner width=&#8221;1\/2&#8243;][vc_column_text css=&#8221;&#8221;]Masa za brtvljenje na acetatnoj osnovi namijenjena za fuge koje su izlo\u017eene stalnom visokom termi\u010dkom optere\u0107enju, jer \u010duva svoje osobine elasti\u010dnosti do 300 \u00b0C. Odli\u010dno prianja na brojne materijale. Visokootporna je na UV zrake, ekstremne temperature i starenje te na \u0161irok spektar kemikalija. U vertikalnim fugama ne pu\u017ee i nudi potpunu vodootpornu za\u0161titu....\" \/>\n<meta property=\"og:url\" content=\"https:\/\/www.kemostik.com\/hr\/neostik\/silikonske-akrilne-mase-za-brtvljenje\/neostik-brtvilo-za-visoke-temperature\/\" \/>\n<meta property=\"og:site_name\" content=\"KANSAI HELIOS Kemostik d.o.o\" \/>\n<meta property=\"article:modified_time\" content=\"2026-01-21T13:01:19+00:00\" \/>\n<meta property=\"og:image\" content=\"https:\/\/www.kemostik.com\/wp-content\/uploads\/2025\/01\/B01.png\" \/>\n\t<meta property=\"og:image:width\" content=\"255\" \/>\n\t<meta property=\"og:image:height\" content=\"255\" \/>\n\t<meta property=\"og:image:type\" content=\"image\/png\" \/>\n<meta name=\"twitter:card\" content=\"summary_large_image\" \/>\n<meta name=\"twitter:label1\" content=\"Procijenjeno vrijeme \u010ditanja\" \/>\n\t<meta name=\"twitter:data1\" content=\"2 minute\" \/>\n<script type=\"application\/ld+json\" class=\"yoast-schema-graph\">{\"@context\":\"https:\/\/schema.org\",\"@graph\":[{\"@type\":\"WebPage\",\"@id\":\"https:\/\/www.kemostik.com\/hr\/neostik\/silikonske-akrilne-mase-za-brtvljenje\/neostik-brtvilo-za-visoke-temperature\/\",\"url\":\"https:\/\/www.kemostik.com\/hr\/neostik\/silikonske-akrilne-mase-za-brtvljenje\/neostik-brtvilo-za-visoke-temperature\/\",\"name\":\"Neostik BRTVILO ZA VISOKE TEMPERATURE - KANSAI HELIOS Kemostik d.o.o\",\"isPartOf\":{\"@id\":\"https:\/\/www.kemostik.com\/hr\/#website\"},\"primaryImageOfPage\":{\"@id\":\"https:\/\/www.kemostik.com\/hr\/neostik\/silikonske-akrilne-mase-za-brtvljenje\/neostik-brtvilo-za-visoke-temperature\/#primaryimage\"},\"image\":{\"@id\":\"https:\/\/www.kemostik.com\/hr\/neostik\/silikonske-akrilne-mase-za-brtvljenje\/neostik-brtvilo-za-visoke-temperature\/#primaryimage\"},\"thumbnailUrl\":\"https:\/\/www.kemostik.com\/wp-content\/uploads\/2025\/01\/C01.png\",\"datePublished\":\"2025-01-24T11:49:02+00:00\",\"dateModified\":\"2026-01-21T13:01:19+00:00\",\"breadcrumb\":{\"@id\":\"https:\/\/www.kemostik.com\/hr\/neostik\/silikonske-akrilne-mase-za-brtvljenje\/neostik-brtvilo-za-visoke-temperature\/#breadcrumb\"},\"inLanguage\":\"hr\",\"potentialAction\":[{\"@type\":\"ReadAction\",\"target\":[\"https:\/\/www.kemostik.com\/hr\/neostik\/silikonske-akrilne-mase-za-brtvljenje\/neostik-brtvilo-za-visoke-temperature\/\"]}]},{\"@type\":\"ImageObject\",\"inLanguage\":\"hr\",\"@id\":\"https:\/\/www.kemostik.com\/hr\/neostik\/silikonske-akrilne-mase-za-brtvljenje\/neostik-brtvilo-za-visoke-temperature\/#primaryimage\",\"url\":\"https:\/\/www.kemostik.com\/wp-content\/uploads\/2025\/01\/C01.png\",\"contentUrl\":\"https:\/\/www.kemostik.com\/wp-content\/uploads\/2025\/01\/C01.png\"},{\"@type\":\"BreadcrumbList\",\"@id\":\"https:\/\/www.kemostik.com\/hr\/neostik\/silikonske-akrilne-mase-za-brtvljenje\/neostik-brtvilo-za-visoke-temperature\/#breadcrumb\",\"itemListElement\":[{\"@type\":\"ListItem\",\"position\":1,\"name\":\"Home\",\"item\":\"https:\/\/www.kemostik.com\/hr\/\"},{\"@type\":\"ListItem\",\"position\":2,\"name\":\"NEOSTIK\",\"item\":\"https:\/\/www.kemostik.com\/hr\/neostik\/\"},{\"@type\":\"ListItem\",\"position\":3,\"name\":\"Silikonske i akrilne mase za brtvljenje\",\"item\":\"https:\/\/www.kemostik.com\/hr\/neostik\/silikonske-in-akrilne-tesnilne-mase\/\"},{\"@type\":\"ListItem\",\"position\":4,\"name\":\"Neostik BRTVILO ZA VISOKE TEMPERATURE\"}]},{\"@type\":\"WebSite\",\"@id\":\"https:\/\/www.kemostik.com\/hr\/#website\",\"url\":\"https:\/\/www.kemostik.com\/hr\/\",\"name\":\"KANSAI HELIOS Kemostik d.o.o\",\"description\":\"\",\"publisher\":{\"@id\":\"https:\/\/www.kemostik.com\/hr\/#organization\"},\"potentialAction\":[{\"@type\":\"SearchAction\",\"target\":{\"@type\":\"EntryPoint\",\"urlTemplate\":\"https:\/\/www.kemostik.com\/hr\/?s={search_term_string}\"},\"query-input\":{\"@type\":\"PropertyValueSpecification\",\"valueRequired\":true,\"valueName\":\"search_term_string\"}}],\"inLanguage\":\"hr\"},{\"@type\":\"Organization\",\"@id\":\"https:\/\/www.kemostik.com\/hr\/#organization\",\"name\":\"KANSAI HELIOS Kemostik d.o.o\",\"url\":\"https:\/\/www.kemostik.com\/hr\/\",\"logo\":{\"@type\":\"ImageObject\",\"inLanguage\":\"hr\",\"@id\":\"https:\/\/www.kemostik.com\/hr\/#\/schema\/logo\/image\/\",\"url\":\"https:\/\/www.kemostik.com\/wp-content\/uploads\/2024\/10\/kansai-helios-logo-transparent.png\",\"contentUrl\":\"https:\/\/www.kemostik.com\/wp-content\/uploads\/2024\/10\/kansai-helios-logo-transparent.png\",\"width\":240,\"height\":90,\"caption\":\"KANSAI HELIOS Kemostik d.o.o\"},\"image\":{\"@id\":\"https:\/\/www.kemostik.com\/hr\/#\/schema\/logo\/image\/\"}}]}<\/script>\n<!-- \/ Yoast SEO plugin. -->","yoast_head_json":{"title":"Neostik BRTVILO ZA VISOKE TEMPERATURE - KANSAI HELIOS Kemostik d.o.o","robots":{"index":"index","follow":"follow","max-snippet":"max-snippet:-1","max-image-preview":"max-image-preview:large","max-video-preview":"max-video-preview:-1"},"canonical":"https:\/\/www.kemostik.com\/hr\/neostik\/silikonske-akrilne-mase-za-brtvljenje\/neostik-brtvilo-za-visoke-temperature\/","og_locale":"hr_HR","og_type":"article","og_title":"Neostik BRTVILO ZA VISOKE TEMPERATURE - KANSAI HELIOS Kemostik d.o.o","og_description":"[vc_row][vc_column][vc_row_inner][vc_column_inner width=&#8221;1\/2&#8243;][vc_column_text css=&#8221;&#8221;]Masa za brtvljenje na acetatnoj osnovi namijenjena za fuge koje su izlo\u017eene stalnom visokom termi\u010dkom optere\u0107enju, jer \u010duva svoje osobine elasti\u010dnosti do 300 \u00b0C. Odli\u010dno prianja na brojne materijale. Visokootporna je na UV zrake, ekstremne temperature i starenje te na \u0161irok spektar kemikalija. U vertikalnim fugama ne pu\u017ee i nudi potpunu vodootpornu za\u0161titu....","og_url":"https:\/\/www.kemostik.com\/hr\/neostik\/silikonske-akrilne-mase-za-brtvljenje\/neostik-brtvilo-za-visoke-temperature\/","og_site_name":"KANSAI HELIOS Kemostik d.o.o","article_modified_time":"2026-01-21T13:01:19+00:00","og_image":[{"width":255,"height":255,"url":"https:\/\/www.kemostik.com\/wp-content\/uploads\/2025\/01\/B01.png","type":"image\/png"}],"twitter_card":"summary_large_image","twitter_misc":{"Procijenjeno vrijeme \u010ditanja":"2 minute"},"schema":{"@context":"https:\/\/schema.org","@graph":[{"@type":"WebPage","@id":"https:\/\/www.kemostik.com\/hr\/neostik\/silikonske-akrilne-mase-za-brtvljenje\/neostik-brtvilo-za-visoke-temperature\/","url":"https:\/\/www.kemostik.com\/hr\/neostik\/silikonske-akrilne-mase-za-brtvljenje\/neostik-brtvilo-za-visoke-temperature\/","name":"Neostik BRTVILO ZA VISOKE TEMPERATURE - KANSAI HELIOS Kemostik d.o.o","isPartOf":{"@id":"https:\/\/www.kemostik.com\/hr\/#website"},"primaryImageOfPage":{"@id":"https:\/\/www.kemostik.com\/hr\/neostik\/silikonske-akrilne-mase-za-brtvljenje\/neostik-brtvilo-za-visoke-temperature\/#primaryimage"},"image":{"@id":"https:\/\/www.kemostik.com\/hr\/neostik\/silikonske-akrilne-mase-za-brtvljenje\/neostik-brtvilo-za-visoke-temperature\/#primaryimage"},"thumbnailUrl":"https:\/\/www.kemostik.com\/wp-content\/uploads\/2025\/01\/C01.png","datePublished":"2025-01-24T11:49:02+00:00","dateModified":"2026-01-21T13:01:19+00:00","breadcrumb":{"@id":"https:\/\/www.kemostik.com\/hr\/neostik\/silikonske-akrilne-mase-za-brtvljenje\/neostik-brtvilo-za-visoke-temperature\/#breadcrumb"},"inLanguage":"hr","potentialAction":[{"@type":"ReadAction","target":["https:\/\/www.kemostik.com\/hr\/neostik\/silikonske-akrilne-mase-za-brtvljenje\/neostik-brtvilo-za-visoke-temperature\/"]}]},{"@type":"ImageObject","inLanguage":"hr","@id":"https:\/\/www.kemostik.com\/hr\/neostik\/silikonske-akrilne-mase-za-brtvljenje\/neostik-brtvilo-za-visoke-temperature\/#primaryimage","url":"https:\/\/www.kemostik.com\/wp-content\/uploads\/2025\/01\/C01.png","contentUrl":"https:\/\/www.kemostik.com\/wp-content\/uploads\/2025\/01\/C01.png"},{"@type":"BreadcrumbList","@id":"https:\/\/www.kemostik.com\/hr\/neostik\/silikonske-akrilne-mase-za-brtvljenje\/neostik-brtvilo-za-visoke-temperature\/#breadcrumb","itemListElement":[{"@type":"ListItem","position":1,"name":"Home","item":"https:\/\/www.kemostik.com\/hr\/"},{"@type":"ListItem","position":2,"name":"NEOSTIK","item":"https:\/\/www.kemostik.com\/hr\/neostik\/"},{"@type":"ListItem","position":3,"name":"Silikonske i akrilne mase za brtvljenje","item":"https:\/\/www.kemostik.com\/hr\/neostik\/silikonske-in-akrilne-tesnilne-mase\/"},{"@type":"ListItem","position":4,"name":"Neostik BRTVILO ZA VISOKE TEMPERATURE"}]},{"@type":"WebSite","@id":"https:\/\/www.kemostik.com\/hr\/#website","url":"https:\/\/www.kemostik.com\/hr\/","name":"KANSAI HELIOS Kemostik d.o.o","description":"","publisher":{"@id":"https:\/\/www.kemostik.com\/hr\/#organization"},"potentialAction":[{"@type":"SearchAction","target":{"@type":"EntryPoint","urlTemplate":"https:\/\/www.kemostik.com\/hr\/?s={search_term_string}"},"query-input":{"@type":"PropertyValueSpecification","valueRequired":true,"valueName":"search_term_string"}}],"inLanguage":"hr"},{"@type":"Organization","@id":"https:\/\/www.kemostik.com\/hr\/#organization","name":"KANSAI HELIOS Kemostik d.o.o","url":"https:\/\/www.kemostik.com\/hr\/","logo":{"@type":"ImageObject","inLanguage":"hr","@id":"https:\/\/www.kemostik.com\/hr\/#\/schema\/logo\/image\/","url":"https:\/\/www.kemostik.com\/wp-content\/uploads\/2024\/10\/kansai-helios-logo-transparent.png","contentUrl":"https:\/\/www.kemostik.com\/wp-content\/uploads\/2024\/10\/kansai-helios-logo-transparent.png","width":240,"height":90,"caption":"KANSAI HELIOS Kemostik d.o.o"},"image":{"@id":"https:\/\/www.kemostik.com\/hr\/#\/schema\/logo\/image\/"}}]}},"_links":{"self":[{"href":"https:\/\/www.kemostik.com\/hr\/wp-json\/wp\/v2\/pages\/1817","targetHints":{"allow":["GET"]}}],"collection":[{"href":"https:\/\/www.kemostik.com\/hr\/wp-json\/wp\/v2\/pages"}],"about":[{"href":"https:\/\/www.kemostik.com\/hr\/wp-json\/wp\/v2\/types\/page"}],"author":[{"embeddable":true,"href":"https:\/\/www.kemostik.com\/hr\/wp-json\/wp\/v2\/users\/1"}],"replies":[{"embeddable":true,"href":"https:\/\/www.kemostik.com\/hr\/wp-json\/wp\/v2\/comments?post=1817"}],"version-history":[{"count":4,"href":"https:\/\/www.kemostik.com\/hr\/wp-json\/wp\/v2\/pages\/1817\/revisions"}],"predecessor-version":[{"id":3885,"href":"https:\/\/www.kemostik.com\/hr\/wp-json\/wp\/v2\/pages\/1817\/revisions\/3885"}],"up":[{"embeddable":true,"href":"https:\/\/www.kemostik.com\/hr\/wp-json\/wp\/v2\/pages\/1789"}],"wp:attachment":[{"href":"https:\/\/www.kemostik.com\/hr\/wp-json\/wp\/v2\/media?parent=1817"}],"curies":[{"name":"wp","href":"https:\/\/api.w.org\/{rel}","templated":true}]}}