{"id":1841,"date":"2024-10-24T12:58:44","date_gmt":"2024-10-24T10:58:44","guid":{"rendered":"https:\/\/www.kemostik.com\/neostik\/lepila\/"},"modified":"2025-04-05T10:45:45","modified_gmt":"2025-04-05T08:45:45","slug":"ljepila","status":"publish","type":"page","link":"https:\/\/www.kemostik.com\/hr\/neostik\/ljepila\/","title":{"rendered":"Ljepila"},"content":{"rendered":"<div class=\"wpb-content-wrapper\"><p>[vc_row][vc_column][vc_row_inner][vc_column_inner width=&#8221;1\/2&#8243;][vc_column_text css=&#8221;&#8221;]Ako tra\u017eite ljepilo za manje popravke u va\u0161em domu, \u0161kolsko ljepilo za projekte va\u0161e djece, ljepilo za drvo za popravak va\u0161eg poku\u0107stva ili teku\u0107e ljepilo za unutarnju i vanjsku upotrebu, koje je tako\u0111er otporno na vremenske utjecaje, zasigurno \u0107ete na\u0107i pravo u na\u0161oj \u0161irokoj ponudi ljepila. Mo\u017eete birati izme\u0111u univerzalnih kontaktnih kau\u010dukovih ljepila, monta\u017enih ljepila, ljepila za drvo, podne i zidne obloge te epoksidnih ljepila. Sigurni smo da \u0107ete na\u0107i ljepilo koje Vam je potrebno.<\/p>\n<p>&nbsp;<\/p>\n<p>Izvrsno prianjanje.<br \/>\n\u010cisto nano\u0161enje, bez zamazivanja i prljav\u0161tine.<br \/>\nBogat izbor ljepila za sve namjene.<\/p>\n<p>&nbsp;<\/p>\n<h6><strong>DR\u017dI.<\/strong><\/h6>\n<p>[\/vc_column_text][\/vc_column_inner][vc_column_inner width=&#8221;1\/2&#8243;][vc_single_image image=&#8221;816&#8243; img_size=&#8221;&#8221; alignment=&#8221;center&#8221; css=&#8221;&#8221;][\/vc_column_inner][\/vc_row_inner][\/vc_column][\/vc_row][vc_row][vc_column]\r\n\t\t\t<div class=\"helios_section_distance s\"><\/div>\r\n\r\n\t\t\t[\/vc_column][\/vc_row][vc_row][vc_column]            <style>\r\n                .helios_grid_column > div {\r\n                    max-width: 33.333333333333%;\r\n                }\r\n                @media screen and (max-width: 770px) {\r\n                    .helios_grid_column > div {\r\n                        max-width: 50%;\r\n                    }\r\n                }\r\n                @media screen and (max-width: 500px) {\r\n                    .helios_grid_column > div {\r\n                        max-width: 100%;\r\n                    }\r\n                }\r\n            <\/style>\r\n\r\n            <div class=\"helios_grid_column\">\r\n                                <div class=\"helios_grid_page\">\r\n                    <div class=\"grid-page-wrap\">\r\n                        <div class=\"page-img-wrap\">\r\n                            <a rel=\"\" target=\"\" href=\"https:\/\/www.kemostik.com\/hr\/neostik\/ljepila\/univerzalna-ljepila\/\">\r\n                                <img decoding=\"async\" src=\"https:\/\/www.kemostik.com\/wp-content\/uploads\/2025\/03\/Neostik_Univerzalna-lepila_Universal-glues2-600x400-1.jpg\" alt=\"\" style=\"object-fit:cover\" loading=\"lazy\">\r\n                            <\/a>\r\n                        <\/div>\r\n                        <div class=\"page-title-wrap\">\r\n                            <a rel=\"\" target=\"\" href=\"https:\/\/www.kemostik.com\/hr\/neostik\/ljepila\/univerzalna-ljepila\/\">\r\n                                <span class=\"page-title\">\r\n                                     Univerzalna ljepila                                <\/span>\r\n                                <span class=\"next-arrow\">\r\n                                    <i class=\"fa fa-chevron-right\"><\/i>\r\n                                <\/span>\r\n                            <\/a>\r\n                        <\/div>\r\n                    <\/div>\r\n                <\/div>\r\n                                <div class=\"helios_grid_page\">\r\n                    <div class=\"grid-page-wrap\">\r\n                        <div class=\"page-img-wrap\">\r\n                            <a rel=\"\" target=\"\" href=\"https:\/\/www.kemostik.com\/hr\/neostik\/ljepila\/sekundna-ljepila\/\">\r\n                                <img decoding=\"async\" src=\"https:\/\/www.kemostik.com\/wp-content\/uploads\/2025\/01\/Neostik_Sekundna-lepila-300x200-1.jpg\" alt=\"\" style=\"object-fit:cover\" loading=\"lazy\">\r\n                            <\/a>\r\n                        <\/div>\r\n                        <div class=\"page-title-wrap\">\r\n                            <a rel=\"\" target=\"\" href=\"https:\/\/www.kemostik.com\/hr\/neostik\/ljepila\/sekundna-ljepila\/\">\r\n                                <span class=\"page-title\">\r\n                                     Trenutna ljepila                                <\/span>\r\n                                <span class=\"next-arrow\">\r\n                                    <i class=\"fa fa-chevron-right\"><\/i>\r\n                                <\/span>\r\n                            <\/a>\r\n                        <\/div>\r\n                    <\/div>\r\n                <\/div>\r\n                                <div class=\"helios_grid_page\">\r\n                    <div class=\"grid-page-wrap\">\r\n                        <div class=\"page-img-wrap\">\r\n                            <a rel=\"\" target=\"\" href=\"https:\/\/www.kemostik.com\/hr\/neostik\/ljepila\/montazna-ljepila\/\">\r\n                                <img decoding=\"async\" src=\"https:\/\/www.kemostik.com\/wp-content\/uploads\/2025\/01\/Neostik_Montazna-lepila-300x200-1.jpg\" alt=\"\" style=\"object-fit:cover\" loading=\"lazy\">\r\n                            <\/a>\r\n                        <\/div>\r\n                        <div class=\"page-title-wrap\">\r\n                            <a rel=\"\" target=\"\" href=\"https:\/\/www.kemostik.com\/hr\/neostik\/ljepila\/montazna-ljepila\/\">\r\n                                <span class=\"page-title\">\r\n                                     Monta\u017ena ljepila                                <\/span>\r\n                                <span class=\"next-arrow\">\r\n                                    <i class=\"fa fa-chevron-right\"><\/i>\r\n                                <\/span>\r\n                            <\/a>\r\n                        <\/div>\r\n                    <\/div>\r\n                <\/div>\r\n                                <div class=\"helios_grid_page\">\r\n                    <div class=\"grid-page-wrap\">\r\n                        <div class=\"page-img-wrap\">\r\n                            <a rel=\"\" target=\"\" href=\"https:\/\/www.kemostik.com\/hr\/neostik\/ljepila\/ljepila-za-drvo\/\">\r\n                                <img decoding=\"async\" src=\"https:\/\/www.kemostik.com\/wp-content\/uploads\/2025\/01\/Neostik_Lepila-za-les-300x200-1.jpg\" alt=\"\" style=\"object-fit:cover\" loading=\"lazy\">\r\n                            <\/a>\r\n                        <\/div>\r\n                        <div class=\"page-title-wrap\">\r\n                            <a rel=\"\" target=\"\" href=\"https:\/\/www.kemostik.com\/hr\/neostik\/ljepila\/ljepila-za-drvo\/\">\r\n                                <span class=\"page-title\">\r\n                                     Ljepila za drvo                                <\/span>\r\n                                <span class=\"next-arrow\">\r\n                                    <i class=\"fa fa-chevron-right\"><\/i>\r\n                                <\/span>\r\n                            <\/a>\r\n                        <\/div>\r\n                    <\/div>\r\n                <\/div>\r\n                                <div class=\"helios_grid_page\">\r\n                    <div class=\"grid-page-wrap\">\r\n                        <div class=\"page-img-wrap\">\r\n                            <a rel=\"\" target=\"\" href=\"https:\/\/www.kemostik.com\/hr\/neostik\/ljepila\/epoksidna-ljepila\/\">\r\n                                <img decoding=\"async\" src=\"https:\/\/www.kemostik.com\/wp-content\/uploads\/2025\/01\/Neostik_Epoksidna-lepila-300x200-1.jpg\" alt=\"\" style=\"object-fit:cover\" loading=\"lazy\">\r\n                            <\/a>\r\n                        <\/div>\r\n                        <div class=\"page-title-wrap\">\r\n                            <a rel=\"\" target=\"\" href=\"https:\/\/www.kemostik.com\/hr\/neostik\/ljepila\/epoksidna-ljepila\/\">\r\n                                <span class=\"page-title\">\r\n                                     Epoksidna ljepila                                <\/span>\r\n                                <span class=\"next-arrow\">\r\n                                    <i class=\"fa fa-chevron-right\"><\/i>\r\n                                <\/span>\r\n                            <\/a>\r\n                        <\/div>\r\n                    <\/div>\r\n                <\/div>\r\n                                <div class=\"helios_grid_page\">\r\n                    <div class=\"grid-page-wrap\">\r\n                        <div class=\"page-img-wrap\">\r\n                            <a rel=\"\" target=\"\" href=\"https:\/\/www.kemostik.com\/hr\/neostik\/ljepila\/ljepila-za-podne-zidne-obloge\/\">\r\n                                <img decoding=\"async\" src=\"https:\/\/www.kemostik.com\/wp-content\/uploads\/2025\/01\/Neostik_Lepilo-za-talne-stekse-obloge-1-300x200-1.jpg\" alt=\"\" style=\"object-fit:cover\" loading=\"lazy\">\r\n                            <\/a>\r\n                        <\/div>\r\n                        <div class=\"page-title-wrap\">\r\n                            <a rel=\"\" target=\"\" href=\"https:\/\/www.kemostik.com\/hr\/neostik\/ljepila\/ljepila-za-podne-zidne-obloge\/\">\r\n                                <span class=\"page-title\">\r\n                                     Ljepila za podne i zidne obloge                                <\/span>\r\n                                <span class=\"next-arrow\">\r\n                                    <i class=\"fa fa-chevron-right\"><\/i>\r\n                                <\/span>\r\n                            <\/a>\r\n                        <\/div>\r\n                    <\/div>\r\n                <\/div>\r\n                            <\/div>\r\n            [\/vc_column][\/vc_row]<\/p>\n<\/div>","protected":false},"excerpt":{"rendered":"<p>[vc_row][vc_column][vc_row_inner][vc_column_inner width=&#8221;1\/2&#8243;][vc_column_text css=&#8221;&#8221;]Ako tra\u017eite ljepilo za manje popravke u va\u0161em domu, \u0161kolsko ljepilo za projekte va\u0161e djece, ljepilo za drvo za popravak va\u0161eg poku\u0107stva ili teku\u0107e ljepilo za unutarnju i vanjsku upotrebu, koje je tako\u0111er otporno na vremenske utjecaje, zasigurno \u0107ete na\u0107i pravo u na\u0161oj \u0161irokoj ponudi ljepila. Mo\u017eete birati izme\u0111u univerzalnih kontaktnih kau\u010dukovih ljepila,&#8230;<\/p>\n","protected":false},"author":1,"featured_media":0,"parent":1745,"menu_order":0,"comment_status":"closed","ping_status":"closed","template":"","meta":{"footnotes":""},"class_list":["post-1841","page","type-page","status-publish","hentry"],"yoast_head":"<!-- This site is optimized with the Yoast SEO plugin v27.5 - https:\/\/yoast.com\/product\/yoast-seo-wordpress\/ -->\n<title>Ljepila - KANSAI HELIOS Kemostik d.o.o<\/title>\n<meta name=\"robots\" content=\"index, follow, max-snippet:-1, max-image-preview:large, max-video-preview:-1\" \/>\n<link rel=\"canonical\" href=\"https:\/\/www.kemostik.com\/hr\/neostik\/ljepila\/\" \/>\n<meta property=\"og:locale\" content=\"hr_HR\" \/>\n<meta property=\"og:type\" content=\"article\" \/>\n<meta property=\"og:title\" content=\"Ljepila - KANSAI HELIOS Kemostik d.o.o\" \/>\n<meta property=\"og:description\" content=\"[vc_row][vc_column][vc_row_inner][vc_column_inner width=&#8221;1\/2&#8243;][vc_column_text css=&#8221;&#8221;]Ako tra\u017eite ljepilo za manje popravke u va\u0161em domu, \u0161kolsko ljepilo za projekte va\u0161e djece, ljepilo za drvo za popravak va\u0161eg poku\u0107stva ili teku\u0107e ljepilo za unutarnju i vanjsku upotrebu, koje je tako\u0111er otporno na vremenske utjecaje, zasigurno \u0107ete na\u0107i pravo u na\u0161oj \u0161irokoj ponudi ljepila. Mo\u017eete birati izme\u0111u univerzalnih kontaktnih kau\u010dukovih ljepila,...\" \/>\n<meta property=\"og:url\" content=\"https:\/\/www.kemostik.com\/hr\/neostik\/ljepila\/\" \/>\n<meta property=\"og:site_name\" content=\"KANSAI HELIOS Kemostik d.o.o\" \/>\n<meta property=\"article:modified_time\" content=\"2025-04-05T08:45:45+00:00\" \/>\n<meta name=\"twitter:card\" content=\"summary_large_image\" \/>\n<meta name=\"twitter:label1\" content=\"Procijenjeno vrijeme \u010ditanja\" \/>\n\t<meta name=\"twitter:data1\" content=\"2 minute\" \/>\n<script type=\"application\/ld+json\" class=\"yoast-schema-graph\">{\"@context\":\"https:\\\/\\\/schema.org\",\"@graph\":[{\"@type\":\"WebPage\",\"@id\":\"https:\\\/\\\/www.kemostik.com\\\/hr\\\/neostik\\\/ljepila\\\/\",\"url\":\"https:\\\/\\\/www.kemostik.com\\\/hr\\\/neostik\\\/ljepila\\\/\",\"name\":\"Ljepila - KANSAI HELIOS Kemostik d.o.o\",\"isPartOf\":{\"@id\":\"https:\\\/\\\/www.kemostik.com\\\/hr\\\/#website\"},\"datePublished\":\"2024-10-24T10:58:44+00:00\",\"dateModified\":\"2025-04-05T08:45:45+00:00\",\"breadcrumb\":{\"@id\":\"https:\\\/\\\/www.kemostik.com\\\/hr\\\/neostik\\\/ljepila\\\/#breadcrumb\"},\"inLanguage\":\"hr\",\"potentialAction\":[{\"@type\":\"ReadAction\",\"target\":[\"https:\\\/\\\/www.kemostik.com\\\/hr\\\/neostik\\\/ljepila\\\/\"]}]},{\"@type\":\"BreadcrumbList\",\"@id\":\"https:\\\/\\\/www.kemostik.com\\\/hr\\\/neostik\\\/ljepila\\\/#breadcrumb\",\"itemListElement\":[{\"@type\":\"ListItem\",\"position\":1,\"name\":\"Home\",\"item\":\"https:\\\/\\\/www.kemostik.com\\\/hr\\\/\"},{\"@type\":\"ListItem\",\"position\":2,\"name\":\"NEOSTIK\",\"item\":\"https:\\\/\\\/www.kemostik.com\\\/hr\\\/neostik\\\/\"},{\"@type\":\"ListItem\",\"position\":3,\"name\":\"Ljepila\"}]},{\"@type\":\"WebSite\",\"@id\":\"https:\\\/\\\/www.kemostik.com\\\/hr\\\/#website\",\"url\":\"https:\\\/\\\/www.kemostik.com\\\/hr\\\/\",\"name\":\"KANSAI HELIOS Kemostik d.o.o\",\"description\":\"\",\"publisher\":{\"@id\":\"https:\\\/\\\/www.kemostik.com\\\/hr\\\/#organization\"},\"potentialAction\":[{\"@type\":\"SearchAction\",\"target\":{\"@type\":\"EntryPoint\",\"urlTemplate\":\"https:\\\/\\\/www.kemostik.com\\\/hr\\\/?s={search_term_string}\"},\"query-input\":{\"@type\":\"PropertyValueSpecification\",\"valueRequired\":true,\"valueName\":\"search_term_string\"}}],\"inLanguage\":\"hr\"},{\"@type\":\"Organization\",\"@id\":\"https:\\\/\\\/www.kemostik.com\\\/hr\\\/#organization\",\"name\":\"KANSAI HELIOS Kemostik d.o.o\",\"url\":\"https:\\\/\\\/www.kemostik.com\\\/hr\\\/\",\"logo\":{\"@type\":\"ImageObject\",\"inLanguage\":\"hr\",\"@id\":\"https:\\\/\\\/www.kemostik.com\\\/hr\\\/#\\\/schema\\\/logo\\\/image\\\/\",\"url\":\"https:\\\/\\\/www.kemostik.com\\\/wp-content\\\/uploads\\\/2024\\\/10\\\/kansai-helios-logo-transparent.png\",\"contentUrl\":\"https:\\\/\\\/www.kemostik.com\\\/wp-content\\\/uploads\\\/2024\\\/10\\\/kansai-helios-logo-transparent.png\",\"width\":240,\"height\":90,\"caption\":\"KANSAI HELIOS Kemostik d.o.o\"},\"image\":{\"@id\":\"https:\\\/\\\/www.kemostik.com\\\/hr\\\/#\\\/schema\\\/logo\\\/image\\\/\"}}]}<\/script>\n<!-- \/ Yoast SEO plugin. -->","yoast_head_json":{"title":"Ljepila - KANSAI HELIOS Kemostik d.o.o","robots":{"index":"index","follow":"follow","max-snippet":"max-snippet:-1","max-image-preview":"max-image-preview:large","max-video-preview":"max-video-preview:-1"},"canonical":"https:\/\/www.kemostik.com\/hr\/neostik\/ljepila\/","og_locale":"hr_HR","og_type":"article","og_title":"Ljepila - KANSAI HELIOS Kemostik d.o.o","og_description":"[vc_row][vc_column][vc_row_inner][vc_column_inner width=&#8221;1\/2&#8243;][vc_column_text css=&#8221;&#8221;]Ako tra\u017eite ljepilo za manje popravke u va\u0161em domu, \u0161kolsko ljepilo za projekte va\u0161e djece, ljepilo za drvo za popravak va\u0161eg poku\u0107stva ili teku\u0107e ljepilo za unutarnju i vanjsku upotrebu, koje je tako\u0111er otporno na vremenske utjecaje, zasigurno \u0107ete na\u0107i pravo u na\u0161oj \u0161irokoj ponudi ljepila. Mo\u017eete birati izme\u0111u univerzalnih kontaktnih kau\u010dukovih ljepila,...","og_url":"https:\/\/www.kemostik.com\/hr\/neostik\/ljepila\/","og_site_name":"KANSAI HELIOS Kemostik d.o.o","article_modified_time":"2025-04-05T08:45:45+00:00","twitter_card":"summary_large_image","twitter_misc":{"Procijenjeno vrijeme \u010ditanja":"2 minute"},"schema":{"@context":"https:\/\/schema.org","@graph":[{"@type":"WebPage","@id":"https:\/\/www.kemostik.com\/hr\/neostik\/ljepila\/","url":"https:\/\/www.kemostik.com\/hr\/neostik\/ljepila\/","name":"Ljepila - KANSAI HELIOS Kemostik d.o.o","isPartOf":{"@id":"https:\/\/www.kemostik.com\/hr\/#website"},"datePublished":"2024-10-24T10:58:44+00:00","dateModified":"2025-04-05T08:45:45+00:00","breadcrumb":{"@id":"https:\/\/www.kemostik.com\/hr\/neostik\/ljepila\/#breadcrumb"},"inLanguage":"hr","potentialAction":[{"@type":"ReadAction","target":["https:\/\/www.kemostik.com\/hr\/neostik\/ljepila\/"]}]},{"@type":"BreadcrumbList","@id":"https:\/\/www.kemostik.com\/hr\/neostik\/ljepila\/#breadcrumb","itemListElement":[{"@type":"ListItem","position":1,"name":"Home","item":"https:\/\/www.kemostik.com\/hr\/"},{"@type":"ListItem","position":2,"name":"NEOSTIK","item":"https:\/\/www.kemostik.com\/hr\/neostik\/"},{"@type":"ListItem","position":3,"name":"Ljepila"}]},{"@type":"WebSite","@id":"https:\/\/www.kemostik.com\/hr\/#website","url":"https:\/\/www.kemostik.com\/hr\/","name":"KANSAI HELIOS Kemostik d.o.o","description":"","publisher":{"@id":"https:\/\/www.kemostik.com\/hr\/#organization"},"potentialAction":[{"@type":"SearchAction","target":{"@type":"EntryPoint","urlTemplate":"https:\/\/www.kemostik.com\/hr\/?s={search_term_string}"},"query-input":{"@type":"PropertyValueSpecification","valueRequired":true,"valueName":"search_term_string"}}],"inLanguage":"hr"},{"@type":"Organization","@id":"https:\/\/www.kemostik.com\/hr\/#organization","name":"KANSAI HELIOS Kemostik d.o.o","url":"https:\/\/www.kemostik.com\/hr\/","logo":{"@type":"ImageObject","inLanguage":"hr","@id":"https:\/\/www.kemostik.com\/hr\/#\/schema\/logo\/image\/","url":"https:\/\/www.kemostik.com\/wp-content\/uploads\/2024\/10\/kansai-helios-logo-transparent.png","contentUrl":"https:\/\/www.kemostik.com\/wp-content\/uploads\/2024\/10\/kansai-helios-logo-transparent.png","width":240,"height":90,"caption":"KANSAI HELIOS Kemostik d.o.o"},"image":{"@id":"https:\/\/www.kemostik.com\/hr\/#\/schema\/logo\/image\/"}}]}},"_links":{"self":[{"href":"https:\/\/www.kemostik.com\/hr\/wp-json\/wp\/v2\/pages\/1841","targetHints":{"allow":["GET"]}}],"collection":[{"href":"https:\/\/www.kemostik.com\/hr\/wp-json\/wp\/v2\/pages"}],"about":[{"href":"https:\/\/www.kemostik.com\/hr\/wp-json\/wp\/v2\/types\/page"}],"author":[{"embeddable":true,"href":"https:\/\/www.kemostik.com\/hr\/wp-json\/wp\/v2\/users\/1"}],"replies":[{"embeddable":true,"href":"https:\/\/www.kemostik.com\/hr\/wp-json\/wp\/v2\/comments?post=1841"}],"version-history":[{"count":7,"href":"https:\/\/www.kemostik.com\/hr\/wp-json\/wp\/v2\/pages\/1841\/revisions"}],"predecessor-version":[{"id":3621,"href":"https:\/\/www.kemostik.com\/hr\/wp-json\/wp\/v2\/pages\/1841\/revisions\/3621"}],"up":[{"embeddable":true,"href":"https:\/\/www.kemostik.com\/hr\/wp-json\/wp\/v2\/pages\/1745"}],"wp:attachment":[{"href":"https:\/\/www.kemostik.com\/hr\/wp-json\/wp\/v2\/media?parent=1841"}],"curies":[{"name":"wp","href":"https:\/\/api.w.org\/{rel}","templated":true}]}}