{"id":1849,"date":"2025-01-24T13:40:46","date_gmt":"2025-01-24T12:40:46","guid":{"rendered":"https:\/\/www.kemostik.com\/neostik\/lepila\/montazna-lepila\/neostik-montazno-lepilo-za-stiropor\/"},"modified":"2025-03-16T22:39:24","modified_gmt":"2025-03-16T21:39:24","slug":"neostik-montazno-ljepilo-za-stiropor","status":"publish","type":"page","link":"https:\/\/www.kemostik.com\/hr\/neostik\/ljepila\/montazna-ljepila\/neostik-montazno-ljepilo-za-stiropor\/","title":{"rendered":"Neostik MONTA\u017dNO LJEPILO ZA STIROPOR"},"content":{"rendered":"<div class=\"wpb-content-wrapper\"><p>[vc_row][vc_column][vc_row_inner][vc_column_inner width=&#8221;1\/2&#8243;][vc_column_text css=&#8221;&#8221;]Namijenjeno je brzoj monta\u017ei elemenata iz stiropora na upojne podloge. Dobro prijanja i ne pu\u017ee na vertikalnim fugama. Mo\u017ee se bojati, ne uzrokuje koroziju i ne stvara mrlje te je otporno protiv starenja. Proizvod je namijenjen za unutarnju uporabu.<\/p>\n<p>&nbsp;<\/p>\n<p><strong>UPOTREBA<\/strong>: za popravak, fiksiranje i lijepljenje dekorativnih elemenata iz stiropora, EPS i XPS na ve\u0107inu upojnih gra\u0111evinskih materijala.<\/p>\n<div id=\"gtx-trans\" style=\"position: absolute; left: 3px; top: 166px;\">\n<div class=\"gtx-trans-icon\"><\/div>\n<\/div>\n<p>[\/vc_column_text][vc_column_text css=&#8221;&#8221;]<\/p>\n<h6>LIJEPI:<\/h6>\n<p>stiropor, EPS i XPS.<\/p>\n<div id=\"gtx-trans\" style=\"position: absolute; left: -54px; top: -1.03125px;\">\n<div class=\"gtx-trans-icon\"><\/div>\n<\/div>\n<p>[\/vc_column_text][vc_column_text css=&#8221;&#8221;]<\/p>\n<h6>PAKIRANJE:<\/h6>\n<p>310 ml, 1 kg, 4 kg[\/vc_column_text][vc_column_text css=&#8221;&#8221;]<\/p>\n<div class=\"inline\"><img decoding=\"async\" class=\"wp-image-566\" src=\"https:\/\/www.kemostik.com\/wp-content\/uploads\/2025\/01\/I01.png\" \/><img decoding=\"async\" src=\"https:\/\/www.kemostik.com\/wp-content\/uploads\/2025\/01\/I02.png\" \/><img decoding=\"async\" src=\"https:\/\/www.kemostik.com\/wp-content\/uploads\/2025\/01\/I03.png\" \/><\/div>\n<p>[\/vc_column_text][\/vc_column_inner][vc_column_inner width=&#8221;1\/2&#8243;][vc_single_image image=&#8221;422&#8243; img_size=&#8221;&#8221; alignment=&#8221;center&#8221; css=&#8221;&#8221;][\/vc_column_inner][\/vc_row_inner][\/vc_column][\/vc_row][vc_row][vc_column]\r\n\t\t\t<div class=\"helios_section_distance m\"><\/div>\r\n\r\n\t\t\t[\/vc_column][\/vc_row]<\/p>\n<\/div>","protected":false},"excerpt":{"rendered":"<p>[vc_row][vc_column][vc_row_inner][vc_column_inner width=&#8221;1\/2&#8243;][vc_column_text css=&#8221;&#8221;]Namijenjeno je brzoj monta\u017ei elemenata iz stiropora na upojne podloge. Dobro prijanja i ne pu\u017ee na vertikalnim fugama. Mo\u017ee se bojati, ne uzrokuje koroziju i ne stvara mrlje te je otporno protiv starenja. Proizvod je namijenjen za unutarnju uporabu. &nbsp; UPOTREBA: za popravak, fiksiranje i lijepljenje dekorativnih elemenata iz stiropora, EPS i XPS&#8230;<\/p>\n","protected":false},"author":1,"featured_media":0,"parent":1845,"menu_order":0,"comment_status":"closed","ping_status":"closed","template":"","meta":{"footnotes":""},"class_list":["post-1849","page","type-page","status-publish","hentry"],"yoast_head":"<!-- This site is optimized with the Yoast SEO plugin v27.2 - https:\/\/yoast.com\/product\/yoast-seo-wordpress\/ -->\n<title>Neostik MONTA\u017dNO LJEPILO ZA STIROPOR - KANSAI HELIOS Kemostik d.o.o<\/title>\n<meta name=\"robots\" content=\"index, follow, max-snippet:-1, max-image-preview:large, max-video-preview:-1\" \/>\n<link rel=\"canonical\" href=\"https:\/\/www.kemostik.com\/hr\/neostik\/ljepila\/montazna-ljepila\/neostik-montazno-ljepilo-za-stiropor\/\" \/>\n<meta property=\"og:locale\" content=\"hr_HR\" \/>\n<meta property=\"og:type\" content=\"article\" \/>\n<meta property=\"og:title\" content=\"Neostik MONTA\u017dNO LJEPILO ZA STIROPOR - KANSAI HELIOS Kemostik d.o.o\" \/>\n<meta property=\"og:description\" content=\"[vc_row][vc_column][vc_row_inner][vc_column_inner width=&#8221;1\/2&#8243;][vc_column_text css=&#8221;&#8221;]Namijenjeno je brzoj monta\u017ei elemenata iz stiropora na upojne podloge. Dobro prijanja i ne pu\u017ee na vertikalnim fugama. Mo\u017ee se bojati, ne uzrokuje koroziju i ne stvara mrlje te je otporno protiv starenja. Proizvod je namijenjen za unutarnju uporabu. &nbsp; UPOTREBA: za popravak, fiksiranje i lijepljenje dekorativnih elemenata iz stiropora, EPS i XPS...\" \/>\n<meta property=\"og:url\" content=\"https:\/\/www.kemostik.com\/hr\/neostik\/ljepila\/montazna-ljepila\/neostik-montazno-ljepilo-za-stiropor\/\" \/>\n<meta property=\"og:site_name\" content=\"KANSAI HELIOS Kemostik d.o.o\" \/>\n<meta property=\"article:modified_time\" content=\"2025-03-16T21:39:24+00:00\" \/>\n<meta property=\"og:image\" content=\"https:\/\/www.kemostik.com\/wp-content\/uploads\/2025\/01\/I01.png\" \/>\n<meta name=\"twitter:card\" content=\"summary_large_image\" \/>\n<meta name=\"twitter:label1\" content=\"Procijenjeno vrijeme \u010ditanja\" \/>\n\t<meta name=\"twitter:data1\" content=\"1 minuta\" \/>\n<script type=\"application\/ld+json\" class=\"yoast-schema-graph\">{\"@context\":\"https:\/\/schema.org\",\"@graph\":[{\"@type\":\"WebPage\",\"@id\":\"https:\/\/www.kemostik.com\/hr\/neostik\/ljepila\/montazna-ljepila\/neostik-montazno-ljepilo-za-stiropor\/\",\"url\":\"https:\/\/www.kemostik.com\/hr\/neostik\/ljepila\/montazna-ljepila\/neostik-montazno-ljepilo-za-stiropor\/\",\"name\":\"Neostik MONTA\u017dNO LJEPILO ZA STIROPOR - KANSAI HELIOS Kemostik d.o.o\",\"isPartOf\":{\"@id\":\"https:\/\/www.kemostik.com\/hr\/#website\"},\"primaryImageOfPage\":{\"@id\":\"https:\/\/www.kemostik.com\/hr\/neostik\/ljepila\/montazna-ljepila\/neostik-montazno-ljepilo-za-stiropor\/#primaryimage\"},\"image\":{\"@id\":\"https:\/\/www.kemostik.com\/hr\/neostik\/ljepila\/montazna-ljepila\/neostik-montazno-ljepilo-za-stiropor\/#primaryimage\"},\"thumbnailUrl\":\"https:\/\/www.kemostik.com\/wp-content\/uploads\/2025\/01\/I01.png\",\"datePublished\":\"2025-01-24T12:40:46+00:00\",\"dateModified\":\"2025-03-16T21:39:24+00:00\",\"breadcrumb\":{\"@id\":\"https:\/\/www.kemostik.com\/hr\/neostik\/ljepila\/montazna-ljepila\/neostik-montazno-ljepilo-za-stiropor\/#breadcrumb\"},\"inLanguage\":\"hr\",\"potentialAction\":[{\"@type\":\"ReadAction\",\"target\":[\"https:\/\/www.kemostik.com\/hr\/neostik\/ljepila\/montazna-ljepila\/neostik-montazno-ljepilo-za-stiropor\/\"]}]},{\"@type\":\"ImageObject\",\"inLanguage\":\"hr\",\"@id\":\"https:\/\/www.kemostik.com\/hr\/neostik\/ljepila\/montazna-ljepila\/neostik-montazno-ljepilo-za-stiropor\/#primaryimage\",\"url\":\"https:\/\/www.kemostik.com\/wp-content\/uploads\/2025\/01\/I01.png\",\"contentUrl\":\"https:\/\/www.kemostik.com\/wp-content\/uploads\/2025\/01\/I01.png\"},{\"@type\":\"BreadcrumbList\",\"@id\":\"https:\/\/www.kemostik.com\/hr\/neostik\/ljepila\/montazna-ljepila\/neostik-montazno-ljepilo-za-stiropor\/#breadcrumb\",\"itemListElement\":[{\"@type\":\"ListItem\",\"position\":1,\"name\":\"Home\",\"item\":\"https:\/\/www.kemostik.com\/hr\/\"},{\"@type\":\"ListItem\",\"position\":2,\"name\":\"NEOSTIK\",\"item\":\"https:\/\/www.kemostik.com\/hr\/neostik\/\"},{\"@type\":\"ListItem\",\"position\":3,\"name\":\"Ljepila\",\"item\":\"https:\/\/www.kemostik.com\/hr\/neostik\/lepila\/\"},{\"@type\":\"ListItem\",\"position\":4,\"name\":\"Monta\u017ena ljepila\",\"item\":\"https:\/\/www.kemostik.com\/hr\/neostik\/lepila\/montazna-lepila\/\"},{\"@type\":\"ListItem\",\"position\":5,\"name\":\"Neostik MONTA\u017dNO LJEPILO ZA STIROPOR\"}]},{\"@type\":\"WebSite\",\"@id\":\"https:\/\/www.kemostik.com\/hr\/#website\",\"url\":\"https:\/\/www.kemostik.com\/hr\/\",\"name\":\"KANSAI HELIOS Kemostik d.o.o\",\"description\":\"\",\"publisher\":{\"@id\":\"https:\/\/www.kemostik.com\/hr\/#organization\"},\"potentialAction\":[{\"@type\":\"SearchAction\",\"target\":{\"@type\":\"EntryPoint\",\"urlTemplate\":\"https:\/\/www.kemostik.com\/hr\/?s={search_term_string}\"},\"query-input\":{\"@type\":\"PropertyValueSpecification\",\"valueRequired\":true,\"valueName\":\"search_term_string\"}}],\"inLanguage\":\"hr\"},{\"@type\":\"Organization\",\"@id\":\"https:\/\/www.kemostik.com\/hr\/#organization\",\"name\":\"KANSAI HELIOS Kemostik d.o.o\",\"url\":\"https:\/\/www.kemostik.com\/hr\/\",\"logo\":{\"@type\":\"ImageObject\",\"inLanguage\":\"hr\",\"@id\":\"https:\/\/www.kemostik.com\/hr\/#\/schema\/logo\/image\/\",\"url\":\"https:\/\/www.kemostik.com\/wp-content\/uploads\/2024\/10\/kansai-helios-logo-transparent.png\",\"contentUrl\":\"https:\/\/www.kemostik.com\/wp-content\/uploads\/2024\/10\/kansai-helios-logo-transparent.png\",\"width\":240,\"height\":90,\"caption\":\"KANSAI HELIOS Kemostik d.o.o\"},\"image\":{\"@id\":\"https:\/\/www.kemostik.com\/hr\/#\/schema\/logo\/image\/\"}}]}<\/script>\n<!-- \/ Yoast SEO plugin. -->","yoast_head_json":{"title":"Neostik MONTA\u017dNO LJEPILO ZA STIROPOR - KANSAI HELIOS Kemostik d.o.o","robots":{"index":"index","follow":"follow","max-snippet":"max-snippet:-1","max-image-preview":"max-image-preview:large","max-video-preview":"max-video-preview:-1"},"canonical":"https:\/\/www.kemostik.com\/hr\/neostik\/ljepila\/montazna-ljepila\/neostik-montazno-ljepilo-za-stiropor\/","og_locale":"hr_HR","og_type":"article","og_title":"Neostik MONTA\u017dNO LJEPILO ZA STIROPOR - KANSAI HELIOS Kemostik d.o.o","og_description":"[vc_row][vc_column][vc_row_inner][vc_column_inner width=&#8221;1\/2&#8243;][vc_column_text css=&#8221;&#8221;]Namijenjeno je brzoj monta\u017ei elemenata iz stiropora na upojne podloge. Dobro prijanja i ne pu\u017ee na vertikalnim fugama. Mo\u017ee se bojati, ne uzrokuje koroziju i ne stvara mrlje te je otporno protiv starenja. Proizvod je namijenjen za unutarnju uporabu. &nbsp; UPOTREBA: za popravak, fiksiranje i lijepljenje dekorativnih elemenata iz stiropora, EPS i XPS...","og_url":"https:\/\/www.kemostik.com\/hr\/neostik\/ljepila\/montazna-ljepila\/neostik-montazno-ljepilo-za-stiropor\/","og_site_name":"KANSAI HELIOS Kemostik d.o.o","article_modified_time":"2025-03-16T21:39:24+00:00","og_image":[{"url":"https:\/\/www.kemostik.com\/wp-content\/uploads\/2025\/01\/I01.png","type":"","width":"","height":""}],"twitter_card":"summary_large_image","twitter_misc":{"Procijenjeno vrijeme \u010ditanja":"1 minuta"},"schema":{"@context":"https:\/\/schema.org","@graph":[{"@type":"WebPage","@id":"https:\/\/www.kemostik.com\/hr\/neostik\/ljepila\/montazna-ljepila\/neostik-montazno-ljepilo-za-stiropor\/","url":"https:\/\/www.kemostik.com\/hr\/neostik\/ljepila\/montazna-ljepila\/neostik-montazno-ljepilo-za-stiropor\/","name":"Neostik MONTA\u017dNO LJEPILO ZA STIROPOR - KANSAI HELIOS Kemostik d.o.o","isPartOf":{"@id":"https:\/\/www.kemostik.com\/hr\/#website"},"primaryImageOfPage":{"@id":"https:\/\/www.kemostik.com\/hr\/neostik\/ljepila\/montazna-ljepila\/neostik-montazno-ljepilo-za-stiropor\/#primaryimage"},"image":{"@id":"https:\/\/www.kemostik.com\/hr\/neostik\/ljepila\/montazna-ljepila\/neostik-montazno-ljepilo-za-stiropor\/#primaryimage"},"thumbnailUrl":"https:\/\/www.kemostik.com\/wp-content\/uploads\/2025\/01\/I01.png","datePublished":"2025-01-24T12:40:46+00:00","dateModified":"2025-03-16T21:39:24+00:00","breadcrumb":{"@id":"https:\/\/www.kemostik.com\/hr\/neostik\/ljepila\/montazna-ljepila\/neostik-montazno-ljepilo-za-stiropor\/#breadcrumb"},"inLanguage":"hr","potentialAction":[{"@type":"ReadAction","target":["https:\/\/www.kemostik.com\/hr\/neostik\/ljepila\/montazna-ljepila\/neostik-montazno-ljepilo-za-stiropor\/"]}]},{"@type":"ImageObject","inLanguage":"hr","@id":"https:\/\/www.kemostik.com\/hr\/neostik\/ljepila\/montazna-ljepila\/neostik-montazno-ljepilo-za-stiropor\/#primaryimage","url":"https:\/\/www.kemostik.com\/wp-content\/uploads\/2025\/01\/I01.png","contentUrl":"https:\/\/www.kemostik.com\/wp-content\/uploads\/2025\/01\/I01.png"},{"@type":"BreadcrumbList","@id":"https:\/\/www.kemostik.com\/hr\/neostik\/ljepila\/montazna-ljepila\/neostik-montazno-ljepilo-za-stiropor\/#breadcrumb","itemListElement":[{"@type":"ListItem","position":1,"name":"Home","item":"https:\/\/www.kemostik.com\/hr\/"},{"@type":"ListItem","position":2,"name":"NEOSTIK","item":"https:\/\/www.kemostik.com\/hr\/neostik\/"},{"@type":"ListItem","position":3,"name":"Ljepila","item":"https:\/\/www.kemostik.com\/hr\/neostik\/lepila\/"},{"@type":"ListItem","position":4,"name":"Monta\u017ena ljepila","item":"https:\/\/www.kemostik.com\/hr\/neostik\/lepila\/montazna-lepila\/"},{"@type":"ListItem","position":5,"name":"Neostik MONTA\u017dNO LJEPILO ZA STIROPOR"}]},{"@type":"WebSite","@id":"https:\/\/www.kemostik.com\/hr\/#website","url":"https:\/\/www.kemostik.com\/hr\/","name":"KANSAI HELIOS Kemostik d.o.o","description":"","publisher":{"@id":"https:\/\/www.kemostik.com\/hr\/#organization"},"potentialAction":[{"@type":"SearchAction","target":{"@type":"EntryPoint","urlTemplate":"https:\/\/www.kemostik.com\/hr\/?s={search_term_string}"},"query-input":{"@type":"PropertyValueSpecification","valueRequired":true,"valueName":"search_term_string"}}],"inLanguage":"hr"},{"@type":"Organization","@id":"https:\/\/www.kemostik.com\/hr\/#organization","name":"KANSAI HELIOS Kemostik d.o.o","url":"https:\/\/www.kemostik.com\/hr\/","logo":{"@type":"ImageObject","inLanguage":"hr","@id":"https:\/\/www.kemostik.com\/hr\/#\/schema\/logo\/image\/","url":"https:\/\/www.kemostik.com\/wp-content\/uploads\/2024\/10\/kansai-helios-logo-transparent.png","contentUrl":"https:\/\/www.kemostik.com\/wp-content\/uploads\/2024\/10\/kansai-helios-logo-transparent.png","width":240,"height":90,"caption":"KANSAI HELIOS Kemostik d.o.o"},"image":{"@id":"https:\/\/www.kemostik.com\/hr\/#\/schema\/logo\/image\/"}}]}},"_links":{"self":[{"href":"https:\/\/www.kemostik.com\/hr\/wp-json\/wp\/v2\/pages\/1849","targetHints":{"allow":["GET"]}}],"collection":[{"href":"https:\/\/www.kemostik.com\/hr\/wp-json\/wp\/v2\/pages"}],"about":[{"href":"https:\/\/www.kemostik.com\/hr\/wp-json\/wp\/v2\/types\/page"}],"author":[{"embeddable":true,"href":"https:\/\/www.kemostik.com\/hr\/wp-json\/wp\/v2\/users\/1"}],"replies":[{"embeddable":true,"href":"https:\/\/www.kemostik.com\/hr\/wp-json\/wp\/v2\/comments?post=1849"}],"version-history":[{"count":2,"href":"https:\/\/www.kemostik.com\/hr\/wp-json\/wp\/v2\/pages\/1849\/revisions"}],"predecessor-version":[{"id":2141,"href":"https:\/\/www.kemostik.com\/hr\/wp-json\/wp\/v2\/pages\/1849\/revisions\/2141"}],"up":[{"embeddable":true,"href":"https:\/\/www.kemostik.com\/hr\/wp-json\/wp\/v2\/pages\/1845"}],"wp:attachment":[{"href":"https:\/\/www.kemostik.com\/hr\/wp-json\/wp\/v2\/media?parent=1849"}],"curies":[{"name":"wp","href":"https:\/\/api.w.org\/{rel}","templated":true}]}}