{"id":1893,"date":"2025-01-22T21:35:55","date_gmt":"2025-01-22T20:35:55","guid":{"rendered":"https:\/\/www.kemostik.com\/neostik\/lepila\/univerzalna-lepila\/neostik-universal-spray-profi\/"},"modified":"2025-03-26T17:55:09","modified_gmt":"2025-03-26T16:55:09","slug":"neostik-spray-profi-universal","status":"publish","type":"page","link":"https:\/\/www.kemostik.com\/hr\/neostik\/ljepila\/univerzalna-ljepila\/neostik-spray-profi-universal\/","title":{"rendered":"Neostik UNIVERSAL SPRAY PROFI"},"content":{"rendered":"<div class=\"wpb-content-wrapper\"><p>[vc_row][vc_column][vc_row_inner][vc_column_inner width=&#8221;1\/2&#8243;][vc_column_text css=&#8221;&#8221;]Univerzalno kontaktno kau\u010dukovo ljepilo u spreju je namijenjeno lijepljenju \u0161irokog spektra materijala. Me\u0111usobno ili na razli\u010dite podloge mo\u017eete lijepiti razli\u010dite materijale. Posebno je u\u010dinkovit na mjestima gdje su visoka optere\u0107enja spojeva. Trostupanjska dizna omogu\u0107uje reguliranje \u0161irine izlaza ljepila iz doze i time omogu\u0107uje raznovrsnu potro\u0161nju:<br \/>\nniska \/ srednja \/ visoka potro\u0161nja. Posebna dodatna funkcija dizne tako\u0111er omogu\u0107uje raznovrsno nano\u0161enje ljepila: to\u010dkasto ili na \u0161irokoj povr\u0161ini.[\/vc_column_text][vc_column_text css=&#8221;&#8221;]<\/p>\n<h6>LIJEPI:<\/h6>\n<p>mekane pjene, prirodnu ko\u017eu, gumu, drvo, furnir, pluto, plasti\u010dne mase, papir, karton i tekstil.<br \/>\nLjepilo je pogodno tako\u0111er za ve\u0107inu vrsta stiropora (preporu\u010damo da na povr\u0161ini prethodno napravite probu).[\/vc_column_text][vc_column_text css=&#8221;&#8221;]<\/p>\n<h6>PAKIRANJE:<\/h6>\n<p>400 ml[\/vc_column_text][vc_column_text css=&#8221;&#8221;]<\/p>\n<div class=\"inline\"><img decoding=\"async\" src=\"\/wp-content\/uploads\/2025\/01\/N01.png\" alt=\"\" \/><br \/>\n<img decoding=\"async\" src=\"\/wp-content\/uploads\/2025\/01\/E04.png\" alt=\"\" \/><br \/>\n<img decoding=\"async\" src=\"\/wp-content\/uploads\/2025\/01\/C03.png\" alt=\"\" \/><br \/>\n<img decoding=\"async\" src=\"\/wp-content\/uploads\/2025\/01\/G03.png\" alt=\"\" \/><\/div>\n<p>[\/vc_column_text][\/vc_column_inner][vc_column_inner width=&#8221;1\/2&#8243;][vc_single_image image=&#8221;373&#8243; img_size=&#8221;&#8221; alignment=&#8221;center&#8221; css=&#8221;&#8221;][\/vc_column_inner][\/vc_row_inner][\/vc_column][\/vc_row][vc_row][vc_column][vc_video link=&#8221;https:\/\/youtu.be\/k1EOltrwL9g?si=APZYj537Yfb-SHZE&#8221; align=&#8221;center&#8221; css=&#8221;&#8221;][\/vc_column][\/vc_row][vc_row][vc_column]\r\n\t\t\t<div class=\"helios_section_distance m\"><\/div>\r\n\r\n\t\t\t[\/vc_column][\/vc_row]<\/p>\n<\/div>","protected":false},"excerpt":{"rendered":"<p>[vc_row][vc_column][vc_row_inner][vc_column_inner width=&#8221;1\/2&#8243;][vc_column_text css=&#8221;&#8221;]Univerzalno kontaktno kau\u010dukovo ljepilo u spreju je namijenjeno lijepljenju \u0161irokog spektra materijala. Me\u0111usobno ili na razli\u010dite podloge mo\u017eete lijepiti razli\u010dite materijale. Posebno je u\u010dinkovit na mjestima gdje su visoka optere\u0107enja spojeva. Trostupanjska dizna omogu\u0107uje reguliranje \u0161irine izlaza ljepila iz doze i time omogu\u0107uje raznovrsnu potro\u0161nju: niska \/ srednja \/ visoka potro\u0161nja. Posebna dodatna&#8230;<\/p>\n","protected":false},"author":1,"featured_media":0,"parent":1881,"menu_order":0,"comment_status":"closed","ping_status":"closed","template":"","meta":{"footnotes":""},"class_list":["post-1893","page","type-page","status-publish","hentry"],"yoast_head":"<!-- This site is optimized with the Yoast SEO plugin v27.2 - https:\/\/yoast.com\/product\/yoast-seo-wordpress\/ -->\n<title>Neostik UNIVERSAL SPRAY PROFI - KANSAI HELIOS Kemostik d.o.o<\/title>\n<meta name=\"robots\" content=\"index, follow, max-snippet:-1, max-image-preview:large, max-video-preview:-1\" \/>\n<link rel=\"canonical\" href=\"https:\/\/www.kemostik.com\/hr\/neostik\/ljepila\/univerzalna-ljepila\/neostik-spray-profi-universal\/\" \/>\n<meta property=\"og:locale\" content=\"hr_HR\" \/>\n<meta property=\"og:type\" content=\"article\" \/>\n<meta property=\"og:title\" content=\"Neostik UNIVERSAL SPRAY PROFI - KANSAI HELIOS Kemostik d.o.o\" \/>\n<meta property=\"og:description\" content=\"[vc_row][vc_column][vc_row_inner][vc_column_inner width=&#8221;1\/2&#8243;][vc_column_text css=&#8221;&#8221;]Univerzalno kontaktno kau\u010dukovo ljepilo u spreju je namijenjeno lijepljenju \u0161irokog spektra materijala. Me\u0111usobno ili na razli\u010dite podloge mo\u017eete lijepiti razli\u010dite materijale. Posebno je u\u010dinkovit na mjestima gdje su visoka optere\u0107enja spojeva. Trostupanjska dizna omogu\u0107uje reguliranje \u0161irine izlaza ljepila iz doze i time omogu\u0107uje raznovrsnu potro\u0161nju: niska \/ srednja \/ visoka potro\u0161nja. Posebna dodatna...\" \/>\n<meta property=\"og:url\" content=\"https:\/\/www.kemostik.com\/hr\/neostik\/ljepila\/univerzalna-ljepila\/neostik-spray-profi-universal\/\" \/>\n<meta property=\"og:site_name\" content=\"KANSAI HELIOS Kemostik d.o.o\" \/>\n<meta property=\"article:modified_time\" content=\"2025-03-26T16:55:09+00:00\" \/>\n<meta name=\"twitter:card\" content=\"summary_large_image\" \/>\n<meta name=\"twitter:label1\" content=\"Procijenjeno vrijeme \u010ditanja\" \/>\n\t<meta name=\"twitter:data1\" content=\"1 minuta\" \/>\n<script type=\"application\/ld+json\" class=\"yoast-schema-graph\">{\"@context\":\"https:\/\/schema.org\",\"@graph\":[{\"@type\":\"WebPage\",\"@id\":\"https:\/\/www.kemostik.com\/hr\/neostik\/ljepila\/univerzalna-ljepila\/neostik-spray-profi-universal\/\",\"url\":\"https:\/\/www.kemostik.com\/hr\/neostik\/ljepila\/univerzalna-ljepila\/neostik-spray-profi-universal\/\",\"name\":\"Neostik UNIVERSAL SPRAY PROFI - KANSAI HELIOS Kemostik d.o.o\",\"isPartOf\":{\"@id\":\"https:\/\/www.kemostik.com\/hr\/#website\"},\"datePublished\":\"2025-01-22T20:35:55+00:00\",\"dateModified\":\"2025-03-26T16:55:09+00:00\",\"breadcrumb\":{\"@id\":\"https:\/\/www.kemostik.com\/hr\/neostik\/ljepila\/univerzalna-ljepila\/neostik-spray-profi-universal\/#breadcrumb\"},\"inLanguage\":\"hr\",\"potentialAction\":[{\"@type\":\"ReadAction\",\"target\":[\"https:\/\/www.kemostik.com\/hr\/neostik\/ljepila\/univerzalna-ljepila\/neostik-spray-profi-universal\/\"]}]},{\"@type\":\"BreadcrumbList\",\"@id\":\"https:\/\/www.kemostik.com\/hr\/neostik\/ljepila\/univerzalna-ljepila\/neostik-spray-profi-universal\/#breadcrumb\",\"itemListElement\":[{\"@type\":\"ListItem\",\"position\":1,\"name\":\"Home\",\"item\":\"https:\/\/www.kemostik.com\/hr\/\"},{\"@type\":\"ListItem\",\"position\":2,\"name\":\"NEOSTIK\",\"item\":\"https:\/\/www.kemostik.com\/hr\/neostik\/\"},{\"@type\":\"ListItem\",\"position\":3,\"name\":\"Ljepila\",\"item\":\"https:\/\/www.kemostik.com\/hr\/neostik\/lepila\/\"},{\"@type\":\"ListItem\",\"position\":4,\"name\":\"Univerzalna ljepila\",\"item\":\"https:\/\/www.kemostik.com\/hr\/neostik\/lepila\/univerzalna-lepila\/\"},{\"@type\":\"ListItem\",\"position\":5,\"name\":\"Neostik UNIVERSAL SPRAY PROFI\"}]},{\"@type\":\"WebSite\",\"@id\":\"https:\/\/www.kemostik.com\/hr\/#website\",\"url\":\"https:\/\/www.kemostik.com\/hr\/\",\"name\":\"KANSAI HELIOS Kemostik d.o.o\",\"description\":\"\",\"publisher\":{\"@id\":\"https:\/\/www.kemostik.com\/hr\/#organization\"},\"potentialAction\":[{\"@type\":\"SearchAction\",\"target\":{\"@type\":\"EntryPoint\",\"urlTemplate\":\"https:\/\/www.kemostik.com\/hr\/?s={search_term_string}\"},\"query-input\":{\"@type\":\"PropertyValueSpecification\",\"valueRequired\":true,\"valueName\":\"search_term_string\"}}],\"inLanguage\":\"hr\"},{\"@type\":\"Organization\",\"@id\":\"https:\/\/www.kemostik.com\/hr\/#organization\",\"name\":\"KANSAI HELIOS Kemostik d.o.o\",\"url\":\"https:\/\/www.kemostik.com\/hr\/\",\"logo\":{\"@type\":\"ImageObject\",\"inLanguage\":\"hr\",\"@id\":\"https:\/\/www.kemostik.com\/hr\/#\/schema\/logo\/image\/\",\"url\":\"https:\/\/www.kemostik.com\/wp-content\/uploads\/2024\/10\/kansai-helios-logo-transparent.png\",\"contentUrl\":\"https:\/\/www.kemostik.com\/wp-content\/uploads\/2024\/10\/kansai-helios-logo-transparent.png\",\"width\":240,\"height\":90,\"caption\":\"KANSAI HELIOS Kemostik d.o.o\"},\"image\":{\"@id\":\"https:\/\/www.kemostik.com\/hr\/#\/schema\/logo\/image\/\"}}]}<\/script>\n<!-- \/ Yoast SEO plugin. -->","yoast_head_json":{"title":"Neostik UNIVERSAL SPRAY PROFI - KANSAI HELIOS Kemostik d.o.o","robots":{"index":"index","follow":"follow","max-snippet":"max-snippet:-1","max-image-preview":"max-image-preview:large","max-video-preview":"max-video-preview:-1"},"canonical":"https:\/\/www.kemostik.com\/hr\/neostik\/ljepila\/univerzalna-ljepila\/neostik-spray-profi-universal\/","og_locale":"hr_HR","og_type":"article","og_title":"Neostik UNIVERSAL SPRAY PROFI - KANSAI HELIOS Kemostik d.o.o","og_description":"[vc_row][vc_column][vc_row_inner][vc_column_inner width=&#8221;1\/2&#8243;][vc_column_text css=&#8221;&#8221;]Univerzalno kontaktno kau\u010dukovo ljepilo u spreju je namijenjeno lijepljenju \u0161irokog spektra materijala. Me\u0111usobno ili na razli\u010dite podloge mo\u017eete lijepiti razli\u010dite materijale. Posebno je u\u010dinkovit na mjestima gdje su visoka optere\u0107enja spojeva. Trostupanjska dizna omogu\u0107uje reguliranje \u0161irine izlaza ljepila iz doze i time omogu\u0107uje raznovrsnu potro\u0161nju: niska \/ srednja \/ visoka potro\u0161nja. Posebna dodatna...","og_url":"https:\/\/www.kemostik.com\/hr\/neostik\/ljepila\/univerzalna-ljepila\/neostik-spray-profi-universal\/","og_site_name":"KANSAI HELIOS Kemostik d.o.o","article_modified_time":"2025-03-26T16:55:09+00:00","twitter_card":"summary_large_image","twitter_misc":{"Procijenjeno vrijeme \u010ditanja":"1 minuta"},"schema":{"@context":"https:\/\/schema.org","@graph":[{"@type":"WebPage","@id":"https:\/\/www.kemostik.com\/hr\/neostik\/ljepila\/univerzalna-ljepila\/neostik-spray-profi-universal\/","url":"https:\/\/www.kemostik.com\/hr\/neostik\/ljepila\/univerzalna-ljepila\/neostik-spray-profi-universal\/","name":"Neostik UNIVERSAL SPRAY PROFI - KANSAI HELIOS Kemostik d.o.o","isPartOf":{"@id":"https:\/\/www.kemostik.com\/hr\/#website"},"datePublished":"2025-01-22T20:35:55+00:00","dateModified":"2025-03-26T16:55:09+00:00","breadcrumb":{"@id":"https:\/\/www.kemostik.com\/hr\/neostik\/ljepila\/univerzalna-ljepila\/neostik-spray-profi-universal\/#breadcrumb"},"inLanguage":"hr","potentialAction":[{"@type":"ReadAction","target":["https:\/\/www.kemostik.com\/hr\/neostik\/ljepila\/univerzalna-ljepila\/neostik-spray-profi-universal\/"]}]},{"@type":"BreadcrumbList","@id":"https:\/\/www.kemostik.com\/hr\/neostik\/ljepila\/univerzalna-ljepila\/neostik-spray-profi-universal\/#breadcrumb","itemListElement":[{"@type":"ListItem","position":1,"name":"Home","item":"https:\/\/www.kemostik.com\/hr\/"},{"@type":"ListItem","position":2,"name":"NEOSTIK","item":"https:\/\/www.kemostik.com\/hr\/neostik\/"},{"@type":"ListItem","position":3,"name":"Ljepila","item":"https:\/\/www.kemostik.com\/hr\/neostik\/lepila\/"},{"@type":"ListItem","position":4,"name":"Univerzalna ljepila","item":"https:\/\/www.kemostik.com\/hr\/neostik\/lepila\/univerzalna-lepila\/"},{"@type":"ListItem","position":5,"name":"Neostik UNIVERSAL SPRAY PROFI"}]},{"@type":"WebSite","@id":"https:\/\/www.kemostik.com\/hr\/#website","url":"https:\/\/www.kemostik.com\/hr\/","name":"KANSAI HELIOS Kemostik d.o.o","description":"","publisher":{"@id":"https:\/\/www.kemostik.com\/hr\/#organization"},"potentialAction":[{"@type":"SearchAction","target":{"@type":"EntryPoint","urlTemplate":"https:\/\/www.kemostik.com\/hr\/?s={search_term_string}"},"query-input":{"@type":"PropertyValueSpecification","valueRequired":true,"valueName":"search_term_string"}}],"inLanguage":"hr"},{"@type":"Organization","@id":"https:\/\/www.kemostik.com\/hr\/#organization","name":"KANSAI HELIOS Kemostik d.o.o","url":"https:\/\/www.kemostik.com\/hr\/","logo":{"@type":"ImageObject","inLanguage":"hr","@id":"https:\/\/www.kemostik.com\/hr\/#\/schema\/logo\/image\/","url":"https:\/\/www.kemostik.com\/wp-content\/uploads\/2024\/10\/kansai-helios-logo-transparent.png","contentUrl":"https:\/\/www.kemostik.com\/wp-content\/uploads\/2024\/10\/kansai-helios-logo-transparent.png","width":240,"height":90,"caption":"KANSAI HELIOS Kemostik d.o.o"},"image":{"@id":"https:\/\/www.kemostik.com\/hr\/#\/schema\/logo\/image\/"}}]}},"_links":{"self":[{"href":"https:\/\/www.kemostik.com\/hr\/wp-json\/wp\/v2\/pages\/1893","targetHints":{"allow":["GET"]}}],"collection":[{"href":"https:\/\/www.kemostik.com\/hr\/wp-json\/wp\/v2\/pages"}],"about":[{"href":"https:\/\/www.kemostik.com\/hr\/wp-json\/wp\/v2\/types\/page"}],"author":[{"embeddable":true,"href":"https:\/\/www.kemostik.com\/hr\/wp-json\/wp\/v2\/users\/1"}],"replies":[{"embeddable":true,"href":"https:\/\/www.kemostik.com\/hr\/wp-json\/wp\/v2\/comments?post=1893"}],"version-history":[{"count":3,"href":"https:\/\/www.kemostik.com\/hr\/wp-json\/wp\/v2\/pages\/1893\/revisions"}],"predecessor-version":[{"id":2833,"href":"https:\/\/www.kemostik.com\/hr\/wp-json\/wp\/v2\/pages\/1893\/revisions\/2833"}],"up":[{"embeddable":true,"href":"https:\/\/www.kemostik.com\/hr\/wp-json\/wp\/v2\/pages\/1881"}],"wp:attachment":[{"href":"https:\/\/www.kemostik.com\/hr\/wp-json\/wp\/v2\/media?parent=1893"}],"curies":[{"name":"wp","href":"https:\/\/api.w.org\/{rel}","templated":true}]}}