{"id":1901,"date":"2025-01-23T15:36:56","date_gmt":"2025-01-23T14:36:56","guid":{"rendered":"https:\/\/www.kemostik.com\/neostik\/lepilno-tesnilne-mase\/"},"modified":"2025-03-26T18:07:17","modified_gmt":"2025-03-26T17:07:17","slug":"mase-za-lijepljenje-brtvljenje","status":"publish","type":"page","link":"https:\/\/www.kemostik.com\/hr\/neostik\/mase-za-lijepljenje-brtvljenje\/","title":{"rendered":"Mase za lijepljenje i brtvljenje"},"content":{"rendered":"<div class=\"wpb-content-wrapper\"><p>[vc_row][vc_column][vc_row_inner][vc_column_inner width=&#8221;1\/2&#8243;][vc_column_text css=&#8221;&#8221;]Mase za lijepljenje i brtvljenje Neostik su odli\u010dan izbor za sve namjene i u svim vremenskim uvjetima. Upotrebljavamo ih u graditeljstvu za brtvljenje i lijepljenje na \u0161iroku paletu materijala i na koju god povr\u0161inu. Otporne su na UV zrake, vremenske uvjete i starenje, zbog \u010dega ih bez brige mo\u017eete upotrijebiti tako\u0111er i vani.[\/vc_column_text][\/vc_column_inner][vc_column_inner width=&#8221;1\/2&#8243;][vc_single_image image=&#8221;840&#8243; img_size=&#8221;&#8221; alignment=&#8221;center&#8221; css=&#8221;&#8221;][\/vc_column_inner][\/vc_row_inner][\/vc_column][\/vc_row][vc_row css=&#8221;.vc_custom_1737578071091{margin-top: 40px !important;}&#8221;][vc_column width=&#8221;1\/3&#8243;][vc_single_image image=&#8221;459&#8243; img_size=&#8221;full&#8221; alignment=&#8221;center&#8221; css=&#8221;&#8221;][\/vc_column][vc_column width=&#8221;2\/3&#8243;][vc_custom_heading text=&#8221;Neostik LJEPILO I MASA ZA BRTVLJENJE&#8221; font_container=&#8221;tag:h5|text_align:left|color:%23AE841F&#8221; use_theme_fonts=&#8221;yes&#8221; css=&#8221;&#8221;][vc_column_text css=&#8221;&#8221;]Vi\u0161enamjenska i trajnoelasti\u010dna masa za lijepljenje i brtvljenje s odli\u010dnim prianjanjem na sve povr\u0161ine i ve\u0107inu gra\u0111evinskih materijala, ima odli\u010dna mehani\u010dka svojstva. Mo\u017ee se obojati, u vertikalnoj fugi ne pu\u017ee, mo\u017ee se nana\u0161ati na djelomi\u010dno vla\u017ene povr\u0161ine, sprje\u010dava nastanak plijesni.[\/vc_column_text][vc_column_text css=&#8221;&#8221; el_class=&#8221;neostik-url&#8221;]<a href=\"https:\/\/www.kemostik.com\/hr\/neostik\/mase-za-lijepljenje-brtvljenje\/neostik-ljepilo-masa-za-brtvljenje\/\">Pro\u010ditajte vi\u0161e<\/a><\/p>\n<p>&nbsp;[\/vc_column_text][\/vc_column][\/vc_row][vc_row css=&#8221;.vc_custom_1737578079739{margin-top: 40px !important;}&#8221;][vc_column width=&#8221;1\/3&#8243;][vc_single_image image=&#8221;458&#8243; img_size=&#8221;full&#8221; alignment=&#8221;center&#8221; css=&#8221;&#8221;][\/vc_column][vc_column width=&#8221;2\/3&#8243;][vc_custom_heading text=&#8221;Neostik POLIURETANSKA MASA ZA LIJEPLJENJE I BRTVLJENJE&#8221; font_container=&#8221;tag:h5|text_align:left|color:%23AE841F&#8221; use_theme_fonts=&#8221;yes&#8221; css=&#8221;&#8221;][vc_column_text css=&#8221;&#8221;]Poliuretanska masa za lijepljenje i brtvljenje je namijenjena izvedbi elasti\u010dnih spojeva i lijepljenju razli\u010ditih materijala. Odli\u010dno prianja na ve\u0107inu gra\u0111evinskih materijala. Tiksotropna je, mo\u017ee se bojati i otporna je na vremenske utjecaje, UV zrake i starenje. Otporna je na vibracije.[\/vc_column_text][vc_column_text css=&#8221;&#8221; el_class=&#8221;neostik-url&#8221;]<a href=\"https:\/\/www.kemostik.com\/hr\/neostik\/mase-za-lijepljenje-brtvljenje\/neostik-poliuretanska-masa-za-lijepljenje-brtvljenje\/\">Pro\u010ditajte vi\u0161e<\/a><\/p>\n<p>&nbsp;<\/p>\n<p>&nbsp;<\/p>\n<div id=\"gtx-trans\" style=\"position: absolute; left: -105px; top: 38px;\">\n<div class=\"gtx-trans-icon\"><\/div>\n<\/div>\n<p>[\/vc_column_text][\/vc_column][\/vc_row]<\/p>\n<\/div>","protected":false},"excerpt":{"rendered":"<p>[vc_row][vc_column][vc_row_inner][vc_column_inner width=&#8221;1\/2&#8243;][vc_column_text css=&#8221;&#8221;]Mase za lijepljenje i brtvljenje Neostik su odli\u010dan izbor za sve namjene i u svim vremenskim uvjetima. Upotrebljavamo ih u graditeljstvu za brtvljenje i lijepljenje na \u0161iroku paletu materijala i na koju god povr\u0161inu. Otporne su na UV zrake, vremenske uvjete i starenje, zbog \u010dega ih bez brige mo\u017eete upotrijebiti tako\u0111er i vani.[\/vc_column_text][\/vc_column_inner][vc_column_inner&#8230;<\/p>\n","protected":false},"author":1,"featured_media":0,"parent":1745,"menu_order":0,"comment_status":"closed","ping_status":"closed","template":"","meta":{"footnotes":""},"class_list":["post-1901","page","type-page","status-publish","hentry"],"yoast_head":"<!-- This site is optimized with the Yoast SEO plugin v27.2 - https:\/\/yoast.com\/product\/yoast-seo-wordpress\/ -->\n<title>Mase za lijepljenje i brtvljenje - KANSAI HELIOS Kemostik d.o.o<\/title>\n<meta name=\"robots\" content=\"index, follow, max-snippet:-1, max-image-preview:large, max-video-preview:-1\" \/>\n<link rel=\"canonical\" href=\"https:\/\/www.kemostik.com\/hr\/neostik\/mase-za-lijepljenje-brtvljenje\/\" \/>\n<meta property=\"og:locale\" content=\"hr_HR\" \/>\n<meta property=\"og:type\" content=\"article\" \/>\n<meta property=\"og:title\" content=\"Mase za lijepljenje i brtvljenje - KANSAI HELIOS Kemostik d.o.o\" \/>\n<meta property=\"og:description\" content=\"[vc_row][vc_column][vc_row_inner][vc_column_inner width=&#8221;1\/2&#8243;][vc_column_text css=&#8221;&#8221;]Mase za lijepljenje i brtvljenje Neostik su odli\u010dan izbor za sve namjene i u svim vremenskim uvjetima. Upotrebljavamo ih u graditeljstvu za brtvljenje i lijepljenje na \u0161iroku paletu materijala i na koju god povr\u0161inu. Otporne su na UV zrake, vremenske uvjete i starenje, zbog \u010dega ih bez brige mo\u017eete upotrijebiti tako\u0111er i vani.[\/vc_column_text][\/vc_column_inner][vc_column_inner...\" \/>\n<meta property=\"og:url\" content=\"https:\/\/www.kemostik.com\/hr\/neostik\/mase-za-lijepljenje-brtvljenje\/\" \/>\n<meta property=\"og:site_name\" content=\"KANSAI HELIOS Kemostik d.o.o\" \/>\n<meta property=\"article:modified_time\" content=\"2025-03-26T17:07:17+00:00\" \/>\n<meta name=\"twitter:card\" content=\"summary_large_image\" \/>\n<meta name=\"twitter:label1\" content=\"Procijenjeno vrijeme \u010ditanja\" \/>\n\t<meta name=\"twitter:data1\" content=\"2 minute\" \/>\n<script type=\"application\/ld+json\" class=\"yoast-schema-graph\">{\"@context\":\"https:\/\/schema.org\",\"@graph\":[{\"@type\":\"WebPage\",\"@id\":\"https:\/\/www.kemostik.com\/hr\/neostik\/mase-za-lijepljenje-brtvljenje\/\",\"url\":\"https:\/\/www.kemostik.com\/hr\/neostik\/mase-za-lijepljenje-brtvljenje\/\",\"name\":\"Mase za lijepljenje i brtvljenje - KANSAI HELIOS Kemostik d.o.o\",\"isPartOf\":{\"@id\":\"https:\/\/www.kemostik.com\/hr\/#website\"},\"datePublished\":\"2025-01-23T14:36:56+00:00\",\"dateModified\":\"2025-03-26T17:07:17+00:00\",\"breadcrumb\":{\"@id\":\"https:\/\/www.kemostik.com\/hr\/neostik\/mase-za-lijepljenje-brtvljenje\/#breadcrumb\"},\"inLanguage\":\"hr\",\"potentialAction\":[{\"@type\":\"ReadAction\",\"target\":[\"https:\/\/www.kemostik.com\/hr\/neostik\/mase-za-lijepljenje-brtvljenje\/\"]}]},{\"@type\":\"BreadcrumbList\",\"@id\":\"https:\/\/www.kemostik.com\/hr\/neostik\/mase-za-lijepljenje-brtvljenje\/#breadcrumb\",\"itemListElement\":[{\"@type\":\"ListItem\",\"position\":1,\"name\":\"Home\",\"item\":\"https:\/\/www.kemostik.com\/hr\/\"},{\"@type\":\"ListItem\",\"position\":2,\"name\":\"NEOSTIK\",\"item\":\"https:\/\/www.kemostik.com\/hr\/neostik\/\"},{\"@type\":\"ListItem\",\"position\":3,\"name\":\"Mase za lijepljenje i brtvljenje\"}]},{\"@type\":\"WebSite\",\"@id\":\"https:\/\/www.kemostik.com\/hr\/#website\",\"url\":\"https:\/\/www.kemostik.com\/hr\/\",\"name\":\"KANSAI HELIOS Kemostik d.o.o\",\"description\":\"\",\"publisher\":{\"@id\":\"https:\/\/www.kemostik.com\/hr\/#organization\"},\"potentialAction\":[{\"@type\":\"SearchAction\",\"target\":{\"@type\":\"EntryPoint\",\"urlTemplate\":\"https:\/\/www.kemostik.com\/hr\/?s={search_term_string}\"},\"query-input\":{\"@type\":\"PropertyValueSpecification\",\"valueRequired\":true,\"valueName\":\"search_term_string\"}}],\"inLanguage\":\"hr\"},{\"@type\":\"Organization\",\"@id\":\"https:\/\/www.kemostik.com\/hr\/#organization\",\"name\":\"KANSAI HELIOS Kemostik d.o.o\",\"url\":\"https:\/\/www.kemostik.com\/hr\/\",\"logo\":{\"@type\":\"ImageObject\",\"inLanguage\":\"hr\",\"@id\":\"https:\/\/www.kemostik.com\/hr\/#\/schema\/logo\/image\/\",\"url\":\"https:\/\/www.kemostik.com\/wp-content\/uploads\/2024\/10\/kansai-helios-logo-transparent.png\",\"contentUrl\":\"https:\/\/www.kemostik.com\/wp-content\/uploads\/2024\/10\/kansai-helios-logo-transparent.png\",\"width\":240,\"height\":90,\"caption\":\"KANSAI HELIOS Kemostik d.o.o\"},\"image\":{\"@id\":\"https:\/\/www.kemostik.com\/hr\/#\/schema\/logo\/image\/\"}}]}<\/script>\n<!-- \/ Yoast SEO plugin. -->","yoast_head_json":{"title":"Mase za lijepljenje i brtvljenje - KANSAI HELIOS Kemostik d.o.o","robots":{"index":"index","follow":"follow","max-snippet":"max-snippet:-1","max-image-preview":"max-image-preview:large","max-video-preview":"max-video-preview:-1"},"canonical":"https:\/\/www.kemostik.com\/hr\/neostik\/mase-za-lijepljenje-brtvljenje\/","og_locale":"hr_HR","og_type":"article","og_title":"Mase za lijepljenje i brtvljenje - KANSAI HELIOS Kemostik d.o.o","og_description":"[vc_row][vc_column][vc_row_inner][vc_column_inner width=&#8221;1\/2&#8243;][vc_column_text css=&#8221;&#8221;]Mase za lijepljenje i brtvljenje Neostik su odli\u010dan izbor za sve namjene i u svim vremenskim uvjetima. Upotrebljavamo ih u graditeljstvu za brtvljenje i lijepljenje na \u0161iroku paletu materijala i na koju god povr\u0161inu. Otporne su na UV zrake, vremenske uvjete i starenje, zbog \u010dega ih bez brige mo\u017eete upotrijebiti tako\u0111er i vani.[\/vc_column_text][\/vc_column_inner][vc_column_inner...","og_url":"https:\/\/www.kemostik.com\/hr\/neostik\/mase-za-lijepljenje-brtvljenje\/","og_site_name":"KANSAI HELIOS Kemostik d.o.o","article_modified_time":"2025-03-26T17:07:17+00:00","twitter_card":"summary_large_image","twitter_misc":{"Procijenjeno vrijeme \u010ditanja":"2 minute"},"schema":{"@context":"https:\/\/schema.org","@graph":[{"@type":"WebPage","@id":"https:\/\/www.kemostik.com\/hr\/neostik\/mase-za-lijepljenje-brtvljenje\/","url":"https:\/\/www.kemostik.com\/hr\/neostik\/mase-za-lijepljenje-brtvljenje\/","name":"Mase za lijepljenje i brtvljenje - KANSAI HELIOS Kemostik d.o.o","isPartOf":{"@id":"https:\/\/www.kemostik.com\/hr\/#website"},"datePublished":"2025-01-23T14:36:56+00:00","dateModified":"2025-03-26T17:07:17+00:00","breadcrumb":{"@id":"https:\/\/www.kemostik.com\/hr\/neostik\/mase-za-lijepljenje-brtvljenje\/#breadcrumb"},"inLanguage":"hr","potentialAction":[{"@type":"ReadAction","target":["https:\/\/www.kemostik.com\/hr\/neostik\/mase-za-lijepljenje-brtvljenje\/"]}]},{"@type":"BreadcrumbList","@id":"https:\/\/www.kemostik.com\/hr\/neostik\/mase-za-lijepljenje-brtvljenje\/#breadcrumb","itemListElement":[{"@type":"ListItem","position":1,"name":"Home","item":"https:\/\/www.kemostik.com\/hr\/"},{"@type":"ListItem","position":2,"name":"NEOSTIK","item":"https:\/\/www.kemostik.com\/hr\/neostik\/"},{"@type":"ListItem","position":3,"name":"Mase za lijepljenje i brtvljenje"}]},{"@type":"WebSite","@id":"https:\/\/www.kemostik.com\/hr\/#website","url":"https:\/\/www.kemostik.com\/hr\/","name":"KANSAI HELIOS Kemostik d.o.o","description":"","publisher":{"@id":"https:\/\/www.kemostik.com\/hr\/#organization"},"potentialAction":[{"@type":"SearchAction","target":{"@type":"EntryPoint","urlTemplate":"https:\/\/www.kemostik.com\/hr\/?s={search_term_string}"},"query-input":{"@type":"PropertyValueSpecification","valueRequired":true,"valueName":"search_term_string"}}],"inLanguage":"hr"},{"@type":"Organization","@id":"https:\/\/www.kemostik.com\/hr\/#organization","name":"KANSAI HELIOS Kemostik d.o.o","url":"https:\/\/www.kemostik.com\/hr\/","logo":{"@type":"ImageObject","inLanguage":"hr","@id":"https:\/\/www.kemostik.com\/hr\/#\/schema\/logo\/image\/","url":"https:\/\/www.kemostik.com\/wp-content\/uploads\/2024\/10\/kansai-helios-logo-transparent.png","contentUrl":"https:\/\/www.kemostik.com\/wp-content\/uploads\/2024\/10\/kansai-helios-logo-transparent.png","width":240,"height":90,"caption":"KANSAI HELIOS Kemostik d.o.o"},"image":{"@id":"https:\/\/www.kemostik.com\/hr\/#\/schema\/logo\/image\/"}}]}},"_links":{"self":[{"href":"https:\/\/www.kemostik.com\/hr\/wp-json\/wp\/v2\/pages\/1901","targetHints":{"allow":["GET"]}}],"collection":[{"href":"https:\/\/www.kemostik.com\/hr\/wp-json\/wp\/v2\/pages"}],"about":[{"href":"https:\/\/www.kemostik.com\/hr\/wp-json\/wp\/v2\/types\/page"}],"author":[{"embeddable":true,"href":"https:\/\/www.kemostik.com\/hr\/wp-json\/wp\/v2\/users\/1"}],"replies":[{"embeddable":true,"href":"https:\/\/www.kemostik.com\/hr\/wp-json\/wp\/v2\/comments?post=1901"}],"version-history":[{"count":5,"href":"https:\/\/www.kemostik.com\/hr\/wp-json\/wp\/v2\/pages\/1901\/revisions"}],"predecessor-version":[{"id":2850,"href":"https:\/\/www.kemostik.com\/hr\/wp-json\/wp\/v2\/pages\/1901\/revisions\/2850"}],"up":[{"embeddable":true,"href":"https:\/\/www.kemostik.com\/hr\/wp-json\/wp\/v2\/pages\/1745"}],"wp:attachment":[{"href":"https:\/\/www.kemostik.com\/hr\/wp-json\/wp\/v2\/media?parent=1901"}],"curies":[{"name":"wp","href":"https:\/\/api.w.org\/{rel}","templated":true}]}}