{"id":1931,"date":"2024-12-12T22:50:14","date_gmt":"2024-12-12T21:50:14","guid":{"rendered":"https:\/\/www.kemostik.com\/tehnicni-skrobi\/"},"modified":"2025-03-26T17:42:13","modified_gmt":"2025-03-26T16:42:13","slug":"tehnicki-skrobovi","status":"publish","type":"page","link":"https:\/\/www.kemostik.com\/hr\/proizvodi\/skrobovi\/tehnicki-skrobovi\/","title":{"rendered":"Tehni\u010dki \u0161krobovi"},"content":{"rendered":"<div class=\"wpb-content-wrapper\"><p>[vc_row][vc_column][vc_row_inner][vc_column_inner width=&#8221;1\/2&#8243;][vc_custom_heading text=&#8221;\u0160krobovi za proizvodnju papira&#8221; font_container=&#8221;tag:h5|text_align:left&#8221; use_theme_fonts=&#8221;yes&#8221; css=&#8221;&#8221;][vc_column_text css=&#8221;&#8221;]Za proizvo\u0111a\u010de papira i kartona nudimo razli\u010dite \u0161krobne aditive i specijalne \u0161krobove koji kona\u010dnom proizvodu daju sva potrebna svojstva.<\/p>\n<p>\u0160krobni aditivi za unapre\u0111ivanje mehani\u010dkih svojstava papira i kartona, kao \u0161to su\u00a0<strong>PAPIRAN SKM-42<\/strong>,\u00a0<strong>PAPIRAN SKP-42<\/strong>\u00a0i\u00a0<strong>PAPIRAN SKW-42<\/strong>\u00a0se proizvode na osnovi razli\u010ditih prirodnih proizvoda kao \u0161to su kukuruz, krumpir i p\u0161enica.<\/p>\n<p>\u0160krobni aditivi za pobolj\u0161anje povr\u0161inskih svojstava papira, kao \u0161to su\u00a0<strong>DOMAPRET MO-20<\/strong>\u00a0i\u00a0<strong>DOMAPRET MO-30<\/strong>\u00a0pobolj\u0161avaju izgled, svojstva pri tiskanju kao i otpornosti oblo\u017eenih povr\u0161ina na cijepanje. Nativni\u00a0<strong>KUKURUZNI \u0160KROB<\/strong>\u00a0se brine o enzimskoj degradaciji \u0161kroba.<\/p>\n<p>Specijalni \u0161krob\u00a0<strong>DOMKOP WSP-21<\/strong>\u00a0se koristi kao fiksator u procesu mikroenkapsulacije za samokopiraju\u0107i papir, dok je\u00a0<strong>DOMALIN PG-4<\/strong>\u00a0acetilisan \u0161krob namijenjen za proizvodnju ljepljive trake.<\/p>\n<div id=\"gtx-trans\" style=\"position: absolute; left: 483px; top: 302px;\">\n<div class=\"gtx-trans-icon\"><\/div>\n<\/div>\n<p>[\/vc_column_text][\/vc_column_inner][vc_column_inner width=&#8221;1\/2&#8243;][vc_single_image image=&#8221;274&#8243; img_size=&#8221;full&#8221; alignment=&#8221;center&#8221; css=&#8221;&#8221;][\/vc_column_inner][\/vc_row_inner]\r\n\t\t\t<div class=\"helios_section_distance xs\"><\/div>\r\n\r\n\t\t\t[vc_row_inner][vc_column_inner][vc_custom_heading text=&#8221;Veziva&#8221; font_container=&#8221;tag:h5|text_align:left&#8221; use_theme_fonts=&#8221;yes&#8221; css=&#8221;&#8221;][vc_column_text css=&#8221;&#8221;]Nudimo\u00a0<strong>DELIKOL ST-16<\/strong>\u00a0i\u00a0<strong>DELIKOL BT<\/strong>, koji se koriste kao vezivna sredstva pri proizvodnji ugljenih briketa koji se koriste za ro\u0161tilj i kuhanje.<\/p>\n<p>Kad je u pitanju proizvodnja drvenih peleta od tvrdog drva, mi nudimo\u00a0<strong>KUKURUZNI \u0160KROB<\/strong>\u00a0kao vezivno sredstvo.<\/p>\n<p>Tako\u0111er nudimo razli\u010dita\u00a0<strong>VEZIVA<\/strong>\u00a0posebno namijenjena za upotrebu u talionicama i za proizvodnju odre\u0111enih vrsta aditiva. Veziva se prave od kukuruznog i \u0161kroba od krumpira razgra\u0111enih hidrolizom i toplinom, koji se tako\u0111er mogu koristiti i u drugim granama industrije.<\/p>\n<div id=\"gtx-trans\" style=\"position: absolute; left: 234px; top: 118px;\">\n<div class=\"gtx-trans-icon\"><\/div>\n<\/div>\n<p>[\/vc_column_text][\/vc_column_inner][\/vc_row_inner]\r\n\t\t\t<div class=\"helios_section_distance s\"><\/div>\r\n\r\n\t\t\t[\/vc_column][\/vc_row]<\/p>\n<\/div>","protected":false},"excerpt":{"rendered":"<p>[vc_row][vc_column][vc_row_inner][vc_column_inner width=&#8221;1\/2&#8243;][vc_custom_heading text=&#8221;\u0160krobovi za proizvodnju papira&#8221; font_container=&#8221;tag:h5|text_align:left&#8221; use_theme_fonts=&#8221;yes&#8221; css=&#8221;&#8221;][vc_column_text css=&#8221;&#8221;]Za proizvo\u0111a\u010de papira i kartona nudimo razli\u010dite \u0161krobne aditive i specijalne \u0161krobove koji kona\u010dnom proizvodu daju sva potrebna svojstva. \u0160krobni aditivi za unapre\u0111ivanje mehani\u010dkih svojstava papira i kartona, kao \u0161to su\u00a0PAPIRAN SKM-42,\u00a0PAPIRAN SKP-42\u00a0i\u00a0PAPIRAN SKW-42\u00a0se proizvode na osnovi razli\u010ditih prirodnih proizvoda kao \u0161to su kukuruz, krumpir i&#8230;<\/p>\n","protected":false},"author":1,"featured_media":0,"parent":1939,"menu_order":0,"comment_status":"closed","ping_status":"closed","template":"","meta":{"footnotes":""},"class_list":["post-1931","page","type-page","status-publish","hentry"],"yoast_head":"<!-- This site is optimized with the Yoast SEO plugin v27.2 - https:\/\/yoast.com\/product\/yoast-seo-wordpress\/ -->\n<title>Tehni\u010dki \u0161krobovi - KANSAI HELIOS Kemostik d.o.o<\/title>\n<meta name=\"robots\" content=\"index, follow, max-snippet:-1, max-image-preview:large, max-video-preview:-1\" \/>\n<link rel=\"canonical\" href=\"https:\/\/www.kemostik.com\/hr\/proizvodi\/skrobovi\/tehnicki-skrobovi\/\" \/>\n<meta property=\"og:locale\" content=\"hr_HR\" \/>\n<meta property=\"og:type\" content=\"article\" \/>\n<meta property=\"og:title\" content=\"Tehni\u010dki \u0161krobovi - KANSAI HELIOS Kemostik d.o.o\" \/>\n<meta property=\"og:description\" content=\"[vc_row][vc_column][vc_row_inner][vc_column_inner width=&#8221;1\/2&#8243;][vc_custom_heading text=&#8221;\u0160krobovi za proizvodnju papira&#8221; font_container=&#8221;tag:h5|text_align:left&#8221; use_theme_fonts=&#8221;yes&#8221; css=&#8221;&#8221;][vc_column_text css=&#8221;&#8221;]Za proizvo\u0111a\u010de papira i kartona nudimo razli\u010dite \u0161krobne aditive i specijalne \u0161krobove koji kona\u010dnom proizvodu daju sva potrebna svojstva. \u0160krobni aditivi za unapre\u0111ivanje mehani\u010dkih svojstava papira i kartona, kao \u0161to su\u00a0PAPIRAN SKM-42,\u00a0PAPIRAN SKP-42\u00a0i\u00a0PAPIRAN SKW-42\u00a0se proizvode na osnovi razli\u010ditih prirodnih proizvoda kao \u0161to su kukuruz, krumpir i...\" \/>\n<meta property=\"og:url\" content=\"https:\/\/www.kemostik.com\/hr\/proizvodi\/skrobovi\/tehnicki-skrobovi\/\" \/>\n<meta property=\"og:site_name\" content=\"KANSAI HELIOS Kemostik d.o.o\" \/>\n<meta property=\"article:modified_time\" content=\"2025-03-26T16:42:13+00:00\" \/>\n<meta name=\"twitter:card\" content=\"summary_large_image\" \/>\n<meta name=\"twitter:label1\" content=\"Procijenjeno vrijeme \u010ditanja\" \/>\n\t<meta name=\"twitter:data1\" content=\"2 minute\" \/>\n<script type=\"application\/ld+json\" class=\"yoast-schema-graph\">{\"@context\":\"https:\/\/schema.org\",\"@graph\":[{\"@type\":\"WebPage\",\"@id\":\"https:\/\/www.kemostik.com\/hr\/proizvodi\/skrobovi\/tehnicki-skrobovi\/\",\"url\":\"https:\/\/www.kemostik.com\/hr\/proizvodi\/skrobovi\/tehnicki-skrobovi\/\",\"name\":\"Tehni\u010dki \u0161krobovi - KANSAI HELIOS Kemostik d.o.o\",\"isPartOf\":{\"@id\":\"https:\/\/www.kemostik.com\/hr\/#website\"},\"datePublished\":\"2024-12-12T21:50:14+00:00\",\"dateModified\":\"2025-03-26T16:42:13+00:00\",\"breadcrumb\":{\"@id\":\"https:\/\/www.kemostik.com\/hr\/proizvodi\/skrobovi\/tehnicki-skrobovi\/#breadcrumb\"},\"inLanguage\":\"hr\",\"potentialAction\":[{\"@type\":\"ReadAction\",\"target\":[\"https:\/\/www.kemostik.com\/hr\/proizvodi\/skrobovi\/tehnicki-skrobovi\/\"]}]},{\"@type\":\"BreadcrumbList\",\"@id\":\"https:\/\/www.kemostik.com\/hr\/proizvodi\/skrobovi\/tehnicki-skrobovi\/#breadcrumb\",\"itemListElement\":[{\"@type\":\"ListItem\",\"position\":1,\"name\":\"Home\",\"item\":\"https:\/\/www.kemostik.com\/hr\/\"},{\"@type\":\"ListItem\",\"position\":2,\"name\":\"Proizvodi\",\"item\":\"https:\/\/www.kemostik.com\/hr\/izdelki\/\"},{\"@type\":\"ListItem\",\"position\":3,\"name\":\"\u0160krobovi\",\"item\":\"https:\/\/www.kemostik.com\/hr\/izdelki\/skrobi\/\"},{\"@type\":\"ListItem\",\"position\":4,\"name\":\"Tehni\u010dki \u0161krobovi\"}]},{\"@type\":\"WebSite\",\"@id\":\"https:\/\/www.kemostik.com\/hr\/#website\",\"url\":\"https:\/\/www.kemostik.com\/hr\/\",\"name\":\"KANSAI HELIOS Kemostik d.o.o\",\"description\":\"\",\"publisher\":{\"@id\":\"https:\/\/www.kemostik.com\/hr\/#organization\"},\"potentialAction\":[{\"@type\":\"SearchAction\",\"target\":{\"@type\":\"EntryPoint\",\"urlTemplate\":\"https:\/\/www.kemostik.com\/hr\/?s={search_term_string}\"},\"query-input\":{\"@type\":\"PropertyValueSpecification\",\"valueRequired\":true,\"valueName\":\"search_term_string\"}}],\"inLanguage\":\"hr\"},{\"@type\":\"Organization\",\"@id\":\"https:\/\/www.kemostik.com\/hr\/#organization\",\"name\":\"KANSAI HELIOS Kemostik d.o.o\",\"url\":\"https:\/\/www.kemostik.com\/hr\/\",\"logo\":{\"@type\":\"ImageObject\",\"inLanguage\":\"hr\",\"@id\":\"https:\/\/www.kemostik.com\/hr\/#\/schema\/logo\/image\/\",\"url\":\"https:\/\/www.kemostik.com\/wp-content\/uploads\/2024\/10\/kansai-helios-logo-transparent.png\",\"contentUrl\":\"https:\/\/www.kemostik.com\/wp-content\/uploads\/2024\/10\/kansai-helios-logo-transparent.png\",\"width\":240,\"height\":90,\"caption\":\"KANSAI HELIOS Kemostik d.o.o\"},\"image\":{\"@id\":\"https:\/\/www.kemostik.com\/hr\/#\/schema\/logo\/image\/\"}}]}<\/script>\n<!-- \/ Yoast SEO plugin. -->","yoast_head_json":{"title":"Tehni\u010dki \u0161krobovi - KANSAI HELIOS Kemostik d.o.o","robots":{"index":"index","follow":"follow","max-snippet":"max-snippet:-1","max-image-preview":"max-image-preview:large","max-video-preview":"max-video-preview:-1"},"canonical":"https:\/\/www.kemostik.com\/hr\/proizvodi\/skrobovi\/tehnicki-skrobovi\/","og_locale":"hr_HR","og_type":"article","og_title":"Tehni\u010dki \u0161krobovi - KANSAI HELIOS Kemostik d.o.o","og_description":"[vc_row][vc_column][vc_row_inner][vc_column_inner width=&#8221;1\/2&#8243;][vc_custom_heading text=&#8221;\u0160krobovi za proizvodnju papira&#8221; font_container=&#8221;tag:h5|text_align:left&#8221; use_theme_fonts=&#8221;yes&#8221; css=&#8221;&#8221;][vc_column_text css=&#8221;&#8221;]Za proizvo\u0111a\u010de papira i kartona nudimo razli\u010dite \u0161krobne aditive i specijalne \u0161krobove koji kona\u010dnom proizvodu daju sva potrebna svojstva. \u0160krobni aditivi za unapre\u0111ivanje mehani\u010dkih svojstava papira i kartona, kao \u0161to su\u00a0PAPIRAN SKM-42,\u00a0PAPIRAN SKP-42\u00a0i\u00a0PAPIRAN SKW-42\u00a0se proizvode na osnovi razli\u010ditih prirodnih proizvoda kao \u0161to su kukuruz, krumpir i...","og_url":"https:\/\/www.kemostik.com\/hr\/proizvodi\/skrobovi\/tehnicki-skrobovi\/","og_site_name":"KANSAI HELIOS Kemostik d.o.o","article_modified_time":"2025-03-26T16:42:13+00:00","twitter_card":"summary_large_image","twitter_misc":{"Procijenjeno vrijeme \u010ditanja":"2 minute"},"schema":{"@context":"https:\/\/schema.org","@graph":[{"@type":"WebPage","@id":"https:\/\/www.kemostik.com\/hr\/proizvodi\/skrobovi\/tehnicki-skrobovi\/","url":"https:\/\/www.kemostik.com\/hr\/proizvodi\/skrobovi\/tehnicki-skrobovi\/","name":"Tehni\u010dki \u0161krobovi - KANSAI HELIOS Kemostik d.o.o","isPartOf":{"@id":"https:\/\/www.kemostik.com\/hr\/#website"},"datePublished":"2024-12-12T21:50:14+00:00","dateModified":"2025-03-26T16:42:13+00:00","breadcrumb":{"@id":"https:\/\/www.kemostik.com\/hr\/proizvodi\/skrobovi\/tehnicki-skrobovi\/#breadcrumb"},"inLanguage":"hr","potentialAction":[{"@type":"ReadAction","target":["https:\/\/www.kemostik.com\/hr\/proizvodi\/skrobovi\/tehnicki-skrobovi\/"]}]},{"@type":"BreadcrumbList","@id":"https:\/\/www.kemostik.com\/hr\/proizvodi\/skrobovi\/tehnicki-skrobovi\/#breadcrumb","itemListElement":[{"@type":"ListItem","position":1,"name":"Home","item":"https:\/\/www.kemostik.com\/hr\/"},{"@type":"ListItem","position":2,"name":"Proizvodi","item":"https:\/\/www.kemostik.com\/hr\/izdelki\/"},{"@type":"ListItem","position":3,"name":"\u0160krobovi","item":"https:\/\/www.kemostik.com\/hr\/izdelki\/skrobi\/"},{"@type":"ListItem","position":4,"name":"Tehni\u010dki \u0161krobovi"}]},{"@type":"WebSite","@id":"https:\/\/www.kemostik.com\/hr\/#website","url":"https:\/\/www.kemostik.com\/hr\/","name":"KANSAI HELIOS Kemostik d.o.o","description":"","publisher":{"@id":"https:\/\/www.kemostik.com\/hr\/#organization"},"potentialAction":[{"@type":"SearchAction","target":{"@type":"EntryPoint","urlTemplate":"https:\/\/www.kemostik.com\/hr\/?s={search_term_string}"},"query-input":{"@type":"PropertyValueSpecification","valueRequired":true,"valueName":"search_term_string"}}],"inLanguage":"hr"},{"@type":"Organization","@id":"https:\/\/www.kemostik.com\/hr\/#organization","name":"KANSAI HELIOS Kemostik d.o.o","url":"https:\/\/www.kemostik.com\/hr\/","logo":{"@type":"ImageObject","inLanguage":"hr","@id":"https:\/\/www.kemostik.com\/hr\/#\/schema\/logo\/image\/","url":"https:\/\/www.kemostik.com\/wp-content\/uploads\/2024\/10\/kansai-helios-logo-transparent.png","contentUrl":"https:\/\/www.kemostik.com\/wp-content\/uploads\/2024\/10\/kansai-helios-logo-transparent.png","width":240,"height":90,"caption":"KANSAI HELIOS Kemostik d.o.o"},"image":{"@id":"https:\/\/www.kemostik.com\/hr\/#\/schema\/logo\/image\/"}}]}},"_links":{"self":[{"href":"https:\/\/www.kemostik.com\/hr\/wp-json\/wp\/v2\/pages\/1931","targetHints":{"allow":["GET"]}}],"collection":[{"href":"https:\/\/www.kemostik.com\/hr\/wp-json\/wp\/v2\/pages"}],"about":[{"href":"https:\/\/www.kemostik.com\/hr\/wp-json\/wp\/v2\/types\/page"}],"author":[{"embeddable":true,"href":"https:\/\/www.kemostik.com\/hr\/wp-json\/wp\/v2\/users\/1"}],"replies":[{"embeddable":true,"href":"https:\/\/www.kemostik.com\/hr\/wp-json\/wp\/v2\/comments?post=1931"}],"version-history":[{"count":3,"href":"https:\/\/www.kemostik.com\/hr\/wp-json\/wp\/v2\/pages\/1931\/revisions"}],"predecessor-version":[{"id":2823,"href":"https:\/\/www.kemostik.com\/hr\/wp-json\/wp\/v2\/pages\/1931\/revisions\/2823"}],"up":[{"embeddable":true,"href":"https:\/\/www.kemostik.com\/hr\/wp-json\/wp\/v2\/pages\/1939"}],"wp:attachment":[{"href":"https:\/\/www.kemostik.com\/hr\/wp-json\/wp\/v2\/media?parent=1931"}],"curies":[{"name":"wp","href":"https:\/\/api.w.org\/{rel}","templated":true}]}}