{"id":1951,"date":"2024-12-12T23:35:10","date_gmt":"2024-12-12T22:35:10","guid":{"rendered":"https:\/\/www.kemostik.com\/lepila-za-papirno-in-kartonazno-industrijo\/"},"modified":"2025-03-16T19:00:44","modified_gmt":"2025-03-16T18:00:44","slug":"ljepila-za-industriju-papira-kartona","status":"publish","type":"page","link":"https:\/\/www.kemostik.com\/hr\/proizvodi\/ljepila\/ljepila-za-industriju-papira-kartona\/","title":{"rendered":"Ljepila za industriju papira i kartona"},"content":{"rendered":"<div class=\"wpb-content-wrapper\"><p>[vc_row][vc_column][vc_row_inner][vc_column_inner width=&#8221;1\/2&#8243;][vc_custom_heading text=&#8221;PLASTIKOL ljepila za papir i ka\u0161iranje&#8221; font_container=&#8221;tag:h5|text_align:left&#8221; use_theme_fonts=&#8221;yes&#8221; css=&#8221;&#8221;][vc_column_text css=&#8221;&#8221;]Ljepila na osnovi PVAC se koriste kod proizvodnje kartonske ambala\u017ee za ka\u0161iranje papira na razli\u010dite vrste kartona.<\/p>\n<div id=\"gtx-trans\" style=\"position: absolute; left: 152px; top: -10px;\">\n<div class=\"gtx-trans-icon\"><\/div>\n<\/div>\n<p>[\/vc_column_text][\/vc_column_inner][vc_column_inner width=&#8221;1\/2&#8243;][vc_single_image image=&#8221;300&#8243; img_size=&#8221;300&#215;200&#8243; css=&#8221;&#8221;][\/vc_column_inner][\/vc_row_inner]\r\n\t\t\t<div class=\"helios_section_distance xs\"><\/div>\r\n\r\n\t\t\t[vc_row_inner][vc_column_inner width=&#8221;1\/2&#8243;][vc_custom_heading text=&#8221;PLASTIKOL ljepila za spajanje kartonskih kutija&#8221; font_container=&#8221;tag:h5|text_align:left&#8221; use_theme_fonts=&#8221;yes&#8221; css=&#8221;&#8221;][vc_column_text css=&#8221;&#8221;]Ljepila su na vodenoj osnovi i koriste se za spajanje kartonske ambala\u017ee.[\/vc_column_text][\/vc_column_inner][vc_column_inner width=&#8221;1\/2&#8243;][vc_single_image image=&#8221;299&#8243; img_size=&#8221;300&#215;200&#8243; css=&#8221;&#8221;][\/vc_column_inner][\/vc_row_inner]\r\n\t\t\t<div class=\"helios_section_distance xs\"><\/div>\r\n\r\n\t\t\t[vc_row_inner][vc_column_inner width=&#8221;1\/2&#8243;][vc_custom_heading text=&#8221;PLASTIKOL ljepila za papirnate vre\u0107ice&#8221; font_container=&#8221;tag:h5|text_align:left&#8221; use_theme_fonts=&#8221;yes&#8221; css=&#8221;&#8221;][vc_column_text css=&#8221;&#8221;]Ovo je kompletna paleta ljepila na vodenoj osnovi koja se koriste u proizvodnji papirnatih vre\u0107ica i ambala\u017ee. Ova ljepila se koriste za lijepljenje dna vre\u0107ica, bo\u010dnih rubova, ru\u010dki i za plastifikaciju papira.[\/vc_column_text][\/vc_column_inner][vc_column_inner width=&#8221;1\/2&#8243;][vc_single_image image=&#8221;298&#8243; img_size=&#8221;300&#215;200&#8243; css=&#8221;&#8221;][\/vc_column_inner][\/vc_row_inner]\r\n\t\t\t<div class=\"helios_section_distance xs\"><\/div>\r\n\r\n\t\t\t[vc_row_inner][vc_column_inner width=&#8221;1\/2&#8243;][vc_custom_heading text=&#8221;PLASTIKOL lepila za kuverte&#8221; font_container=&#8221;tag:h5|text_align:left&#8221; use_theme_fonts=&#8221;yes&#8221; css=&#8221;&#8221;][vc_column_text css=&#8221;&#8221;]Portfolio proizvoda Helios Kemostika nudi kompletnu paletu rje\u0161enja za lijepljenje razli\u010ditih vrsta i dijelova kuverti.[\/vc_column_text][\/vc_column_inner][vc_column_inner width=&#8221;1\/2&#8243;][vc_single_image image=&#8221;297&#8243; img_size=&#8221;300&#215;200&#8243; css=&#8221;&#8221;][\/vc_column_inner][\/vc_row_inner]\r\n\t\t\t<div class=\"helios_section_distance xs\"><\/div>\r\n\r\n\t\t\t[vc_row_inner][vc_column_inner width=&#8221;1\/2&#8243;][vc_custom_heading text=&#8221;Ljepila za izradu papirnatih cijevi&#8221; font_container=&#8221;tag:h5|text_align:left&#8221; use_theme_fonts=&#8221;yes&#8221; css=&#8221;&#8221;][vc_column_text css=&#8221;&#8221;]Ljepila pod brendom DEVAKOL napravljena su na osnovi dekstrina i posebno se koriste za spiralno namotavanje papirnatih cijevi, dok brend PLASTIKOL nudi specijalna ljepila na vodenoj osnovi za istu namjenu. Obje vrste pokrivaju sve trenutne i budu\u0107e zahtjeve kupaca sa razli\u010ditim tehnologijama proizvodnje papirnatih cijevi.[\/vc_column_text][\/vc_column_inner][vc_column_inner width=&#8221;1\/2&#8243;][vc_single_image image=&#8221;296&#8243; img_size=&#8221;300&#215;200&#8243; css=&#8221;&#8221;][\/vc_column_inner][\/vc_row_inner]\r\n\t\t\t<div class=\"helios_section_distance xs\"><\/div>\r\n\r\n\t\t\t[vc_row_inner][vc_column_inner width=&#8221;1\/2&#8243;][vc_custom_heading text=&#8221;DEVAKOL suha lepila za izdelavo valovitega kartona&#8221; font_container=&#8221;tag:h5|text_align:left&#8221; use_theme_fonts=&#8221;yes&#8221; css=&#8221;&#8221;][vc_column_text css=&#8221;&#8221;]Namenjena so lepljenju ve\u010dplastnega valovitega kartona. Tipi lepil se med seboj razlikujejo po razli\u010dnih me\u0161alnih razmerjih z vodo.[\/vc_column_text][\/vc_column_inner][vc_column_inner width=&#8221;1\/2&#8243;][vc_single_image image=&#8221;295&#8243; img_size=&#8221;300&#215;200&#8243; css=&#8221;&#8221;][\/vc_column_inner][\/vc_row_inner]\r\n\t\t\t<div class=\"helios_section_distance xs\"><\/div>\r\n\r\n\t\t\t[vc_row_inner][vc_column_inner width=&#8221;1\/2&#8243;][vc_custom_heading text=&#8221;DEVAKOL suha lepila za izdelavo papirnih vre\u010d&#8221; font_container=&#8221;tag:h5|text_align:left&#8221; use_theme_fonts=&#8221;yes&#8221; css=&#8221;&#8221;][vc_column_text css=&#8221;&#8221;]<\/p>\n<div id=\"main\" class=\"site-main\">\n<div id=\"primary\" class=\"content-area\">\n<div id=\"content\" class=\"site-content\" role=\"main\">\n<article id=\"post-368\" class=\"post-368 page type-page status-publish has-post-thumbnail hentry\">\n<div class=\"page-content-custom\">\n<div class=\"entry-content\">\n<p>Ta lepila so izdelana na osnovi modificiranega \u0161kroba z dodatki. Uporabljajo se za lepljenje cementnih vre\u010d kakor tudi za eno ali ve\u010d slojne papirnate vre\u010de za druge namene.<\/p><\/div>\n<\/div>\n<\/article>\n<\/div>\n<\/div>\n<\/div>\n<p>[\/vc_column_text][\/vc_column_inner][vc_column_inner width=&#8221;1\/2&#8243;][vc_single_image image=&#8221;294&#8243; img_size=&#8221;300&#215;200&#8243; css=&#8221;&#8221;][\/vc_column_inner][\/vc_row_inner]\r\n\t\t\t<div class=\"helios_section_distance s\"><\/div>\r\n\r\n\t\t\t[\/vc_column][\/vc_row]<\/p>\n<\/div>","protected":false},"excerpt":{"rendered":"<p>[vc_row][vc_column][vc_row_inner][vc_column_inner width=&#8221;1\/2&#8243;][vc_custom_heading text=&#8221;PLASTIKOL ljepila za papir i ka\u0161iranje&#8221; font_container=&#8221;tag:h5|text_align:left&#8221; use_theme_fonts=&#8221;yes&#8221; css=&#8221;&#8221;][vc_column_text css=&#8221;&#8221;]Ljepila na osnovi PVAC se koriste kod proizvodnje kartonske ambala\u017ee za ka\u0161iranje papira na razli\u010dite vrste kartona. [\/vc_column_text][\/vc_column_inner][vc_column_inner width=&#8221;1\/2&#8243;][vc_single_image image=&#8221;300&#8243; img_size=&#8221;300&#215;200&#8243; css=&#8221;&#8221;][\/vc_column_inner][\/vc_row_inner][vc_row_inner][vc_column_inner width=&#8221;1\/2&#8243;][vc_custom_heading text=&#8221;PLASTIKOL ljepila za spajanje kartonskih kutija&#8221; font_container=&#8221;tag:h5|text_align:left&#8221; use_theme_fonts=&#8221;yes&#8221; css=&#8221;&#8221;][vc_column_text css=&#8221;&#8221;]Ljepila su na vodenoj osnovi i koriste se za spajanje kartonske ambala\u017ee.[\/vc_column_text][\/vc_column_inner][vc_column_inner&#8230;<\/p>\n","protected":false},"author":1,"featured_media":0,"parent":1983,"menu_order":0,"comment_status":"closed","ping_status":"closed","template":"","meta":{"footnotes":""},"class_list":["post-1951","page","type-page","status-publish","hentry"],"yoast_head":"<!-- This site is optimized with the Yoast SEO plugin v27.2 - https:\/\/yoast.com\/product\/yoast-seo-wordpress\/ -->\n<title>Ljepila za industriju papira i kartona - KANSAI HELIOS Kemostik d.o.o<\/title>\n<meta name=\"robots\" content=\"index, follow, max-snippet:-1, max-image-preview:large, max-video-preview:-1\" \/>\n<link rel=\"canonical\" href=\"https:\/\/www.kemostik.com\/hr\/proizvodi\/ljepila\/ljepila-za-industriju-papira-kartona\/\" \/>\n<meta property=\"og:locale\" content=\"hr_HR\" \/>\n<meta property=\"og:type\" content=\"article\" \/>\n<meta property=\"og:title\" content=\"Ljepila za industriju papira i kartona - KANSAI HELIOS Kemostik d.o.o\" \/>\n<meta property=\"og:description\" content=\"[vc_row][vc_column][vc_row_inner][vc_column_inner width=&#8221;1\/2&#8243;][vc_custom_heading text=&#8221;PLASTIKOL ljepila za papir i ka\u0161iranje&#8221; font_container=&#8221;tag:h5|text_align:left&#8221; use_theme_fonts=&#8221;yes&#8221; css=&#8221;&#8221;][vc_column_text css=&#8221;&#8221;]Ljepila na osnovi PVAC se koriste kod proizvodnje kartonske ambala\u017ee za ka\u0161iranje papira na razli\u010dite vrste kartona. [\/vc_column_text][\/vc_column_inner][vc_column_inner width=&#8221;1\/2&#8243;][vc_single_image image=&#8221;300&#8243; img_size=&#8221;300&#215;200&#8243; css=&#8221;&#8221;][\/vc_column_inner][\/vc_row_inner][vc_row_inner][vc_column_inner width=&#8221;1\/2&#8243;][vc_custom_heading text=&#8221;PLASTIKOL ljepila za spajanje kartonskih kutija&#8221; font_container=&#8221;tag:h5|text_align:left&#8221; use_theme_fonts=&#8221;yes&#8221; css=&#8221;&#8221;][vc_column_text css=&#8221;&#8221;]Ljepila su na vodenoj osnovi i koriste se za spajanje kartonske ambala\u017ee.[\/vc_column_text][\/vc_column_inner][vc_column_inner...\" \/>\n<meta property=\"og:url\" content=\"https:\/\/www.kemostik.com\/hr\/proizvodi\/ljepila\/ljepila-za-industriju-papira-kartona\/\" \/>\n<meta property=\"og:site_name\" content=\"KANSAI HELIOS Kemostik d.o.o\" \/>\n<meta property=\"article:modified_time\" content=\"2025-03-16T18:00:44+00:00\" \/>\n<meta name=\"twitter:card\" content=\"summary_large_image\" \/>\n<meta name=\"twitter:label1\" content=\"Procijenjeno vrijeme \u010ditanja\" \/>\n\t<meta name=\"twitter:data1\" content=\"3 minute\" \/>\n<script type=\"application\/ld+json\" class=\"yoast-schema-graph\">{\"@context\":\"https:\/\/schema.org\",\"@graph\":[{\"@type\":\"WebPage\",\"@id\":\"https:\/\/www.kemostik.com\/hr\/proizvodi\/ljepila\/ljepila-za-industriju-papira-kartona\/\",\"url\":\"https:\/\/www.kemostik.com\/hr\/proizvodi\/ljepila\/ljepila-za-industriju-papira-kartona\/\",\"name\":\"Ljepila za industriju papira i kartona - KANSAI HELIOS Kemostik d.o.o\",\"isPartOf\":{\"@id\":\"https:\/\/www.kemostik.com\/hr\/#website\"},\"datePublished\":\"2024-12-12T22:35:10+00:00\",\"dateModified\":\"2025-03-16T18:00:44+00:00\",\"breadcrumb\":{\"@id\":\"https:\/\/www.kemostik.com\/hr\/proizvodi\/ljepila\/ljepila-za-industriju-papira-kartona\/#breadcrumb\"},\"inLanguage\":\"hr\",\"potentialAction\":[{\"@type\":\"ReadAction\",\"target\":[\"https:\/\/www.kemostik.com\/hr\/proizvodi\/ljepila\/ljepila-za-industriju-papira-kartona\/\"]}]},{\"@type\":\"BreadcrumbList\",\"@id\":\"https:\/\/www.kemostik.com\/hr\/proizvodi\/ljepila\/ljepila-za-industriju-papira-kartona\/#breadcrumb\",\"itemListElement\":[{\"@type\":\"ListItem\",\"position\":1,\"name\":\"Home\",\"item\":\"https:\/\/www.kemostik.com\/hr\/\"},{\"@type\":\"ListItem\",\"position\":2,\"name\":\"Proizvodi\",\"item\":\"https:\/\/www.kemostik.com\/hr\/izdelki\/\"},{\"@type\":\"ListItem\",\"position\":3,\"name\":\"Ljepila\",\"item\":\"https:\/\/www.kemostik.com\/hr\/izdelki\/lepila\/\"},{\"@type\":\"ListItem\",\"position\":4,\"name\":\"Ljepila za industriju papira i kartona\"}]},{\"@type\":\"WebSite\",\"@id\":\"https:\/\/www.kemostik.com\/hr\/#website\",\"url\":\"https:\/\/www.kemostik.com\/hr\/\",\"name\":\"KANSAI HELIOS Kemostik d.o.o\",\"description\":\"\",\"publisher\":{\"@id\":\"https:\/\/www.kemostik.com\/hr\/#organization\"},\"potentialAction\":[{\"@type\":\"SearchAction\",\"target\":{\"@type\":\"EntryPoint\",\"urlTemplate\":\"https:\/\/www.kemostik.com\/hr\/?s={search_term_string}\"},\"query-input\":{\"@type\":\"PropertyValueSpecification\",\"valueRequired\":true,\"valueName\":\"search_term_string\"}}],\"inLanguage\":\"hr\"},{\"@type\":\"Organization\",\"@id\":\"https:\/\/www.kemostik.com\/hr\/#organization\",\"name\":\"KANSAI HELIOS Kemostik d.o.o\",\"url\":\"https:\/\/www.kemostik.com\/hr\/\",\"logo\":{\"@type\":\"ImageObject\",\"inLanguage\":\"hr\",\"@id\":\"https:\/\/www.kemostik.com\/hr\/#\/schema\/logo\/image\/\",\"url\":\"https:\/\/www.kemostik.com\/wp-content\/uploads\/2024\/10\/kansai-helios-logo-transparent.png\",\"contentUrl\":\"https:\/\/www.kemostik.com\/wp-content\/uploads\/2024\/10\/kansai-helios-logo-transparent.png\",\"width\":240,\"height\":90,\"caption\":\"KANSAI HELIOS Kemostik d.o.o\"},\"image\":{\"@id\":\"https:\/\/www.kemostik.com\/hr\/#\/schema\/logo\/image\/\"}}]}<\/script>\n<!-- \/ Yoast SEO plugin. -->","yoast_head_json":{"title":"Ljepila za industriju papira i kartona - KANSAI HELIOS Kemostik d.o.o","robots":{"index":"index","follow":"follow","max-snippet":"max-snippet:-1","max-image-preview":"max-image-preview:large","max-video-preview":"max-video-preview:-1"},"canonical":"https:\/\/www.kemostik.com\/hr\/proizvodi\/ljepila\/ljepila-za-industriju-papira-kartona\/","og_locale":"hr_HR","og_type":"article","og_title":"Ljepila za industriju papira i kartona - KANSAI HELIOS Kemostik d.o.o","og_description":"[vc_row][vc_column][vc_row_inner][vc_column_inner width=&#8221;1\/2&#8243;][vc_custom_heading text=&#8221;PLASTIKOL ljepila za papir i ka\u0161iranje&#8221; font_container=&#8221;tag:h5|text_align:left&#8221; use_theme_fonts=&#8221;yes&#8221; css=&#8221;&#8221;][vc_column_text css=&#8221;&#8221;]Ljepila na osnovi PVAC se koriste kod proizvodnje kartonske ambala\u017ee za ka\u0161iranje papira na razli\u010dite vrste kartona. [\/vc_column_text][\/vc_column_inner][vc_column_inner width=&#8221;1\/2&#8243;][vc_single_image image=&#8221;300&#8243; img_size=&#8221;300&#215;200&#8243; css=&#8221;&#8221;][\/vc_column_inner][\/vc_row_inner][vc_row_inner][vc_column_inner width=&#8221;1\/2&#8243;][vc_custom_heading text=&#8221;PLASTIKOL ljepila za spajanje kartonskih kutija&#8221; font_container=&#8221;tag:h5|text_align:left&#8221; use_theme_fonts=&#8221;yes&#8221; css=&#8221;&#8221;][vc_column_text css=&#8221;&#8221;]Ljepila su na vodenoj osnovi i koriste se za spajanje kartonske ambala\u017ee.[\/vc_column_text][\/vc_column_inner][vc_column_inner...","og_url":"https:\/\/www.kemostik.com\/hr\/proizvodi\/ljepila\/ljepila-za-industriju-papira-kartona\/","og_site_name":"KANSAI HELIOS Kemostik d.o.o","article_modified_time":"2025-03-16T18:00:44+00:00","twitter_card":"summary_large_image","twitter_misc":{"Procijenjeno vrijeme \u010ditanja":"3 minute"},"schema":{"@context":"https:\/\/schema.org","@graph":[{"@type":"WebPage","@id":"https:\/\/www.kemostik.com\/hr\/proizvodi\/ljepila\/ljepila-za-industriju-papira-kartona\/","url":"https:\/\/www.kemostik.com\/hr\/proizvodi\/ljepila\/ljepila-za-industriju-papira-kartona\/","name":"Ljepila za industriju papira i kartona - KANSAI HELIOS Kemostik d.o.o","isPartOf":{"@id":"https:\/\/www.kemostik.com\/hr\/#website"},"datePublished":"2024-12-12T22:35:10+00:00","dateModified":"2025-03-16T18:00:44+00:00","breadcrumb":{"@id":"https:\/\/www.kemostik.com\/hr\/proizvodi\/ljepila\/ljepila-za-industriju-papira-kartona\/#breadcrumb"},"inLanguage":"hr","potentialAction":[{"@type":"ReadAction","target":["https:\/\/www.kemostik.com\/hr\/proizvodi\/ljepila\/ljepila-za-industriju-papira-kartona\/"]}]},{"@type":"BreadcrumbList","@id":"https:\/\/www.kemostik.com\/hr\/proizvodi\/ljepila\/ljepila-za-industriju-papira-kartona\/#breadcrumb","itemListElement":[{"@type":"ListItem","position":1,"name":"Home","item":"https:\/\/www.kemostik.com\/hr\/"},{"@type":"ListItem","position":2,"name":"Proizvodi","item":"https:\/\/www.kemostik.com\/hr\/izdelki\/"},{"@type":"ListItem","position":3,"name":"Ljepila","item":"https:\/\/www.kemostik.com\/hr\/izdelki\/lepila\/"},{"@type":"ListItem","position":4,"name":"Ljepila za industriju papira i kartona"}]},{"@type":"WebSite","@id":"https:\/\/www.kemostik.com\/hr\/#website","url":"https:\/\/www.kemostik.com\/hr\/","name":"KANSAI HELIOS Kemostik d.o.o","description":"","publisher":{"@id":"https:\/\/www.kemostik.com\/hr\/#organization"},"potentialAction":[{"@type":"SearchAction","target":{"@type":"EntryPoint","urlTemplate":"https:\/\/www.kemostik.com\/hr\/?s={search_term_string}"},"query-input":{"@type":"PropertyValueSpecification","valueRequired":true,"valueName":"search_term_string"}}],"inLanguage":"hr"},{"@type":"Organization","@id":"https:\/\/www.kemostik.com\/hr\/#organization","name":"KANSAI HELIOS Kemostik d.o.o","url":"https:\/\/www.kemostik.com\/hr\/","logo":{"@type":"ImageObject","inLanguage":"hr","@id":"https:\/\/www.kemostik.com\/hr\/#\/schema\/logo\/image\/","url":"https:\/\/www.kemostik.com\/wp-content\/uploads\/2024\/10\/kansai-helios-logo-transparent.png","contentUrl":"https:\/\/www.kemostik.com\/wp-content\/uploads\/2024\/10\/kansai-helios-logo-transparent.png","width":240,"height":90,"caption":"KANSAI HELIOS Kemostik d.o.o"},"image":{"@id":"https:\/\/www.kemostik.com\/hr\/#\/schema\/logo\/image\/"}}]}},"_links":{"self":[{"href":"https:\/\/www.kemostik.com\/hr\/wp-json\/wp\/v2\/pages\/1951","targetHints":{"allow":["GET"]}}],"collection":[{"href":"https:\/\/www.kemostik.com\/hr\/wp-json\/wp\/v2\/pages"}],"about":[{"href":"https:\/\/www.kemostik.com\/hr\/wp-json\/wp\/v2\/types\/page"}],"author":[{"embeddable":true,"href":"https:\/\/www.kemostik.com\/hr\/wp-json\/wp\/v2\/users\/1"}],"replies":[{"embeddable":true,"href":"https:\/\/www.kemostik.com\/hr\/wp-json\/wp\/v2\/comments?post=1951"}],"version-history":[{"count":2,"href":"https:\/\/www.kemostik.com\/hr\/wp-json\/wp\/v2\/pages\/1951\/revisions"}],"predecessor-version":[{"id":2086,"href":"https:\/\/www.kemostik.com\/hr\/wp-json\/wp\/v2\/pages\/1951\/revisions\/2086"}],"up":[{"embeddable":true,"href":"https:\/\/www.kemostik.com\/hr\/wp-json\/wp\/v2\/pages\/1983"}],"wp:attachment":[{"href":"https:\/\/www.kemostik.com\/hr\/wp-json\/wp\/v2\/media?parent=1951"}],"curies":[{"name":"wp","href":"https:\/\/api.w.org\/{rel}","templated":true}]}}