{"id":1963,"date":"2024-12-12T23:31:49","date_gmt":"2024-12-12T22:31:49","guid":{"rendered":"https:\/\/www.kemostik.com\/lepila-za-oblazinjeno-pohistvo\/"},"modified":"2025-03-16T18:16:20","modified_gmt":"2025-03-16T17:16:20","slug":"ljepila-za-tapecirani-namjestaj","status":"publish","type":"page","link":"https:\/\/www.kemostik.com\/hr\/proizvodi\/ljepila\/ljepila-za-tapecirani-namjestaj\/","title":{"rendered":"Ljepila za tapecirani namje\u0161taj"},"content":{"rendered":"<div class=\"wpb-content-wrapper\"><p>[vc_row][vc_column][vc_row_inner][vc_column_inner width=&#8221;1\/2&#8243;][vc_custom_heading text=&#8221;NEOSTIK nezapaljiva ljepila za tapeciranje&#8221; font_container=&#8221;tag:h5|text_align:left&#8221; use_theme_fonts=&#8221;yes&#8221; css=&#8221;&#8221;][vc_column_text css=&#8221;&#8221;]Jednokomponentna ljepila na osnovi termoplasti\u010dnog kau\u010duka i nezapaljivih organskih otapala. Namijenjeni su za lijepljenje poliesterske ili poliuretanske pjene me\u0111usobno ili na drvo, \u0161perplo\u010du, filc, karton ili kokos. Razlikuju se po sadr\u017eaju suhe tvari i otvorenom vremenu.[\/vc_column_text][\/vc_column_inner][vc_column_inner width=&#8221;1\/2&#8243;][vc_single_image image=&#8221;287&#8243; img_size=&#8221;300&#215;200&#8243; css=&#8221;&#8221;][\/vc_column_inner][\/vc_row_inner]\r\n\t\t\t<div class=\"helios_section_distance xs\"><\/div>\r\n\r\n\t\t\t[vc_row_inner][vc_column_inner width=&#8221;1\/2&#8243;][vc_custom_heading text=&#8221;NEOSTIK zapaljiva ljepila za tapeciranje&#8221; font_container=&#8221;tag:h5|text_align:left&#8221; use_theme_fonts=&#8221;yes&#8221; css=&#8221;&#8221;][vc_column_text css=&#8221;&#8221;]Jednokomponentna ljepila na osnovi termoplasti\u010dnog kau\u010duka i zapaljivih organskih otapala. Tako\u0111er mogu lijepiti poliestersku ili poliuretansku pjenu me\u0111usobno, ili na drvo, \u0161perplo\u010du, filc, karton ili kokos. Zapaljiva ljepila obi\u010dno imaju ve\u0107i sadr\u017eaj suhe tvari i kra\u0107e otvoreno vreme u odnosu na nezapaljiva ljepila.[\/vc_column_text][\/vc_column_inner][vc_column_inner width=&#8221;1\/2&#8243;][vc_single_image image=&#8221;289&#8243; img_size=&#8221;300&#215;200&#8243; css=&#8221;&#8221;][\/vc_column_inner][\/vc_row_inner]\r\n\t\t\t<div class=\"helios_section_distance xs\"><\/div>\r\n\r\n\t\t\t[vc_row_inner][vc_column_inner][vc_custom_heading text=&#8221;NEOSTIK ljepila za tapeciranje na vodenoj osnovi&#8221; font_container=&#8221;tag:h5|text_align:left&#8221; use_theme_fonts=&#8221;yes&#8221; css=&#8221;&#8221;][vc_column_text css=&#8221;&#8221;]Jednokomponentna kontaktna ljepila na vodenoj osnovi zamjenjuju ljepila na osnovi organskih otapala. Odli\u010dno lijepe razli\u010dite tipove pjena za tapeciranje, tekstil, ko\u017eu i drvo, a pored toga su i ekolo\u0161ki sigurna ljepila.[\/vc_column_text][\/vc_column_inner][\/vc_row_inner]\r\n\t\t\t<div class=\"helios_section_distance xs\"><\/div>\r\n\r\n\t\t\t[vc_row_inner][vc_column_inner][vc_custom_heading text=&#8221;HELIOMELT termo taljiva ljepila za tapeciranje&#8221; font_container=&#8221;tag:h5|text_align:left&#8221; use_theme_fonts=&#8221;yes&#8221; css=&#8221;&#8221;][vc_column_text css=&#8221;&#8221;]<\/p>\n<div id=\"main\" class=\"site-main\">\n<div id=\"primary\" class=\"content-area\">\n<div id=\"content\" class=\"site-content\" role=\"main\">\n<article id=\"post-2229\" class=\"post-2229 page type-page status-publish has-post-thumbnail hentry\">\n<div class=\"page-content-custom\">\n<div class=\"entry-content\">\n<p>Program termo taljivih ljepila za tapeciranje uklju\u010duje ljepila za:<\/p>\n<ul>\n<li>Izradu madraca<\/li>\n<li>Izradu d\u017eepi\u010dastih opruga<\/li>\n<\/ul>\n<\/div>\n<\/div>\n<footer class=\"entry-meta\"><\/footer>\n<\/article>\n<div id=\"comments\" class=\"comments-area\"><\/div>\n<\/div>\n<\/div>\n<\/div>\n<footer id=\"footer\" class=\"site-footer\" role=\"contentinfo\">\n<div class=\"center-wrapper\">\n<div id=\"footer-sidebar-top\" class=\"secondary\">\n<div id=\"footer-sidebar1\"><\/div>\n<\/div>\n<\/div>\n<\/footer>\n<p>[\/vc_column_text][\/vc_column_inner][\/vc_row_inner]\r\n\t\t\t<div class=\"helios_section_distance s\"><\/div>\r\n\r\n\t\t\t[\/vc_column][\/vc_row]<\/p>\n<\/div>","protected":false},"excerpt":{"rendered":"<p>[vc_row][vc_column][vc_row_inner][vc_column_inner width=&#8221;1\/2&#8243;][vc_custom_heading text=&#8221;NEOSTIK nezapaljiva ljepila za tapeciranje&#8221; font_container=&#8221;tag:h5|text_align:left&#8221; use_theme_fonts=&#8221;yes&#8221; css=&#8221;&#8221;][vc_column_text css=&#8221;&#8221;]Jednokomponentna ljepila na osnovi termoplasti\u010dnog kau\u010duka i nezapaljivih organskih otapala. Namijenjeni su za lijepljenje poliesterske ili poliuretanske pjene me\u0111usobno ili na drvo, \u0161perplo\u010du, filc, karton ili kokos. Razlikuju se po sadr\u017eaju suhe tvari i otvorenom vremenu.[\/vc_column_text][\/vc_column_inner][vc_column_inner width=&#8221;1\/2&#8243;][vc_single_image image=&#8221;287&#8243; img_size=&#8221;300&#215;200&#8243; css=&#8221;&#8221;][\/vc_column_inner][\/vc_row_inner][vc_row_inner][vc_column_inner width=&#8221;1\/2&#8243;][vc_custom_heading text=&#8221;NEOSTIK zapaljiva ljepila za&#8230;<\/p>\n","protected":false},"author":1,"featured_media":0,"parent":1983,"menu_order":0,"comment_status":"closed","ping_status":"closed","template":"","meta":{"footnotes":""},"class_list":["post-1963","page","type-page","status-publish","hentry"],"yoast_head":"<!-- This site is optimized with the Yoast SEO plugin v27.5 - https:\/\/yoast.com\/product\/yoast-seo-wordpress\/ -->\n<title>Ljepila za tapecirani namje\u0161taj - KANSAI HELIOS Kemostik d.o.o<\/title>\n<meta name=\"robots\" content=\"index, follow, max-snippet:-1, max-image-preview:large, max-video-preview:-1\" \/>\n<link rel=\"canonical\" href=\"https:\/\/www.kemostik.com\/hr\/proizvodi\/ljepila\/ljepila-za-tapecirani-namjestaj\/\" \/>\n<meta property=\"og:locale\" content=\"hr_HR\" \/>\n<meta property=\"og:type\" content=\"article\" \/>\n<meta property=\"og:title\" content=\"Ljepila za tapecirani namje\u0161taj - KANSAI HELIOS Kemostik d.o.o\" \/>\n<meta property=\"og:description\" content=\"[vc_row][vc_column][vc_row_inner][vc_column_inner width=&#8221;1\/2&#8243;][vc_custom_heading text=&#8221;NEOSTIK nezapaljiva ljepila za tapeciranje&#8221; font_container=&#8221;tag:h5|text_align:left&#8221; use_theme_fonts=&#8221;yes&#8221; css=&#8221;&#8221;][vc_column_text css=&#8221;&#8221;]Jednokomponentna ljepila na osnovi termoplasti\u010dnog kau\u010duka i nezapaljivih organskih otapala. Namijenjeni su za lijepljenje poliesterske ili poliuretanske pjene me\u0111usobno ili na drvo, \u0161perplo\u010du, filc, karton ili kokos. Razlikuju se po sadr\u017eaju suhe tvari i otvorenom vremenu.[\/vc_column_text][\/vc_column_inner][vc_column_inner width=&#8221;1\/2&#8243;][vc_single_image image=&#8221;287&#8243; img_size=&#8221;300&#215;200&#8243; css=&#8221;&#8221;][\/vc_column_inner][\/vc_row_inner][vc_row_inner][vc_column_inner width=&#8221;1\/2&#8243;][vc_custom_heading text=&#8221;NEOSTIK zapaljiva ljepila za...\" \/>\n<meta property=\"og:url\" content=\"https:\/\/www.kemostik.com\/hr\/proizvodi\/ljepila\/ljepila-za-tapecirani-namjestaj\/\" \/>\n<meta property=\"og:site_name\" content=\"KANSAI HELIOS Kemostik d.o.o\" \/>\n<meta property=\"article:modified_time\" content=\"2025-03-16T17:16:20+00:00\" \/>\n<meta name=\"twitter:card\" content=\"summary_large_image\" \/>\n<meta name=\"twitter:label1\" content=\"Procijenjeno vrijeme \u010ditanja\" \/>\n\t<meta name=\"twitter:data1\" content=\"2 minute\" \/>\n<script type=\"application\/ld+json\" class=\"yoast-schema-graph\">{\"@context\":\"https:\\\/\\\/schema.org\",\"@graph\":[{\"@type\":\"WebPage\",\"@id\":\"https:\\\/\\\/www.kemostik.com\\\/hr\\\/proizvodi\\\/ljepila\\\/ljepila-za-tapecirani-namjestaj\\\/\",\"url\":\"https:\\\/\\\/www.kemostik.com\\\/hr\\\/proizvodi\\\/ljepila\\\/ljepila-za-tapecirani-namjestaj\\\/\",\"name\":\"Ljepila za tapecirani namje\u0161taj - KANSAI HELIOS Kemostik d.o.o\",\"isPartOf\":{\"@id\":\"https:\\\/\\\/www.kemostik.com\\\/hr\\\/#website\"},\"datePublished\":\"2024-12-12T22:31:49+00:00\",\"dateModified\":\"2025-03-16T17:16:20+00:00\",\"breadcrumb\":{\"@id\":\"https:\\\/\\\/www.kemostik.com\\\/hr\\\/proizvodi\\\/ljepila\\\/ljepila-za-tapecirani-namjestaj\\\/#breadcrumb\"},\"inLanguage\":\"hr\",\"potentialAction\":[{\"@type\":\"ReadAction\",\"target\":[\"https:\\\/\\\/www.kemostik.com\\\/hr\\\/proizvodi\\\/ljepila\\\/ljepila-za-tapecirani-namjestaj\\\/\"]}]},{\"@type\":\"BreadcrumbList\",\"@id\":\"https:\\\/\\\/www.kemostik.com\\\/hr\\\/proizvodi\\\/ljepila\\\/ljepila-za-tapecirani-namjestaj\\\/#breadcrumb\",\"itemListElement\":[{\"@type\":\"ListItem\",\"position\":1,\"name\":\"Home\",\"item\":\"https:\\\/\\\/www.kemostik.com\\\/hr\\\/\"},{\"@type\":\"ListItem\",\"position\":2,\"name\":\"Proizvodi\",\"item\":\"https:\\\/\\\/www.kemostik.com\\\/hr\\\/izdelki\\\/\"},{\"@type\":\"ListItem\",\"position\":3,\"name\":\"Ljepila\",\"item\":\"https:\\\/\\\/www.kemostik.com\\\/hr\\\/izdelki\\\/lepila\\\/\"},{\"@type\":\"ListItem\",\"position\":4,\"name\":\"Ljepila za tapecirani namje\u0161taj\"}]},{\"@type\":\"WebSite\",\"@id\":\"https:\\\/\\\/www.kemostik.com\\\/hr\\\/#website\",\"url\":\"https:\\\/\\\/www.kemostik.com\\\/hr\\\/\",\"name\":\"KANSAI HELIOS Kemostik d.o.o\",\"description\":\"\",\"publisher\":{\"@id\":\"https:\\\/\\\/www.kemostik.com\\\/hr\\\/#organization\"},\"potentialAction\":[{\"@type\":\"SearchAction\",\"target\":{\"@type\":\"EntryPoint\",\"urlTemplate\":\"https:\\\/\\\/www.kemostik.com\\\/hr\\\/?s={search_term_string}\"},\"query-input\":{\"@type\":\"PropertyValueSpecification\",\"valueRequired\":true,\"valueName\":\"search_term_string\"}}],\"inLanguage\":\"hr\"},{\"@type\":\"Organization\",\"@id\":\"https:\\\/\\\/www.kemostik.com\\\/hr\\\/#organization\",\"name\":\"KANSAI HELIOS Kemostik d.o.o\",\"url\":\"https:\\\/\\\/www.kemostik.com\\\/hr\\\/\",\"logo\":{\"@type\":\"ImageObject\",\"inLanguage\":\"hr\",\"@id\":\"https:\\\/\\\/www.kemostik.com\\\/hr\\\/#\\\/schema\\\/logo\\\/image\\\/\",\"url\":\"https:\\\/\\\/www.kemostik.com\\\/wp-content\\\/uploads\\\/2024\\\/10\\\/kansai-helios-logo-transparent.png\",\"contentUrl\":\"https:\\\/\\\/www.kemostik.com\\\/wp-content\\\/uploads\\\/2024\\\/10\\\/kansai-helios-logo-transparent.png\",\"width\":240,\"height\":90,\"caption\":\"KANSAI HELIOS Kemostik d.o.o\"},\"image\":{\"@id\":\"https:\\\/\\\/www.kemostik.com\\\/hr\\\/#\\\/schema\\\/logo\\\/image\\\/\"}}]}<\/script>\n<!-- \/ Yoast SEO plugin. -->","yoast_head_json":{"title":"Ljepila za tapecirani namje\u0161taj - KANSAI HELIOS Kemostik d.o.o","robots":{"index":"index","follow":"follow","max-snippet":"max-snippet:-1","max-image-preview":"max-image-preview:large","max-video-preview":"max-video-preview:-1"},"canonical":"https:\/\/www.kemostik.com\/hr\/proizvodi\/ljepila\/ljepila-za-tapecirani-namjestaj\/","og_locale":"hr_HR","og_type":"article","og_title":"Ljepila za tapecirani namje\u0161taj - KANSAI HELIOS Kemostik d.o.o","og_description":"[vc_row][vc_column][vc_row_inner][vc_column_inner width=&#8221;1\/2&#8243;][vc_custom_heading text=&#8221;NEOSTIK nezapaljiva ljepila za tapeciranje&#8221; font_container=&#8221;tag:h5|text_align:left&#8221; use_theme_fonts=&#8221;yes&#8221; css=&#8221;&#8221;][vc_column_text css=&#8221;&#8221;]Jednokomponentna ljepila na osnovi termoplasti\u010dnog kau\u010duka i nezapaljivih organskih otapala. Namijenjeni su za lijepljenje poliesterske ili poliuretanske pjene me\u0111usobno ili na drvo, \u0161perplo\u010du, filc, karton ili kokos. Razlikuju se po sadr\u017eaju suhe tvari i otvorenom vremenu.[\/vc_column_text][\/vc_column_inner][vc_column_inner width=&#8221;1\/2&#8243;][vc_single_image image=&#8221;287&#8243; img_size=&#8221;300&#215;200&#8243; css=&#8221;&#8221;][\/vc_column_inner][\/vc_row_inner][vc_row_inner][vc_column_inner width=&#8221;1\/2&#8243;][vc_custom_heading text=&#8221;NEOSTIK zapaljiva ljepila za...","og_url":"https:\/\/www.kemostik.com\/hr\/proizvodi\/ljepila\/ljepila-za-tapecirani-namjestaj\/","og_site_name":"KANSAI HELIOS Kemostik d.o.o","article_modified_time":"2025-03-16T17:16:20+00:00","twitter_card":"summary_large_image","twitter_misc":{"Procijenjeno vrijeme \u010ditanja":"2 minute"},"schema":{"@context":"https:\/\/schema.org","@graph":[{"@type":"WebPage","@id":"https:\/\/www.kemostik.com\/hr\/proizvodi\/ljepila\/ljepila-za-tapecirani-namjestaj\/","url":"https:\/\/www.kemostik.com\/hr\/proizvodi\/ljepila\/ljepila-za-tapecirani-namjestaj\/","name":"Ljepila za tapecirani namje\u0161taj - KANSAI HELIOS Kemostik d.o.o","isPartOf":{"@id":"https:\/\/www.kemostik.com\/hr\/#website"},"datePublished":"2024-12-12T22:31:49+00:00","dateModified":"2025-03-16T17:16:20+00:00","breadcrumb":{"@id":"https:\/\/www.kemostik.com\/hr\/proizvodi\/ljepila\/ljepila-za-tapecirani-namjestaj\/#breadcrumb"},"inLanguage":"hr","potentialAction":[{"@type":"ReadAction","target":["https:\/\/www.kemostik.com\/hr\/proizvodi\/ljepila\/ljepila-za-tapecirani-namjestaj\/"]}]},{"@type":"BreadcrumbList","@id":"https:\/\/www.kemostik.com\/hr\/proizvodi\/ljepila\/ljepila-za-tapecirani-namjestaj\/#breadcrumb","itemListElement":[{"@type":"ListItem","position":1,"name":"Home","item":"https:\/\/www.kemostik.com\/hr\/"},{"@type":"ListItem","position":2,"name":"Proizvodi","item":"https:\/\/www.kemostik.com\/hr\/izdelki\/"},{"@type":"ListItem","position":3,"name":"Ljepila","item":"https:\/\/www.kemostik.com\/hr\/izdelki\/lepila\/"},{"@type":"ListItem","position":4,"name":"Ljepila za tapecirani namje\u0161taj"}]},{"@type":"WebSite","@id":"https:\/\/www.kemostik.com\/hr\/#website","url":"https:\/\/www.kemostik.com\/hr\/","name":"KANSAI HELIOS Kemostik d.o.o","description":"","publisher":{"@id":"https:\/\/www.kemostik.com\/hr\/#organization"},"potentialAction":[{"@type":"SearchAction","target":{"@type":"EntryPoint","urlTemplate":"https:\/\/www.kemostik.com\/hr\/?s={search_term_string}"},"query-input":{"@type":"PropertyValueSpecification","valueRequired":true,"valueName":"search_term_string"}}],"inLanguage":"hr"},{"@type":"Organization","@id":"https:\/\/www.kemostik.com\/hr\/#organization","name":"KANSAI HELIOS Kemostik d.o.o","url":"https:\/\/www.kemostik.com\/hr\/","logo":{"@type":"ImageObject","inLanguage":"hr","@id":"https:\/\/www.kemostik.com\/hr\/#\/schema\/logo\/image\/","url":"https:\/\/www.kemostik.com\/wp-content\/uploads\/2024\/10\/kansai-helios-logo-transparent.png","contentUrl":"https:\/\/www.kemostik.com\/wp-content\/uploads\/2024\/10\/kansai-helios-logo-transparent.png","width":240,"height":90,"caption":"KANSAI HELIOS Kemostik d.o.o"},"image":{"@id":"https:\/\/www.kemostik.com\/hr\/#\/schema\/logo\/image\/"}}]}},"_links":{"self":[{"href":"https:\/\/www.kemostik.com\/hr\/wp-json\/wp\/v2\/pages\/1963","targetHints":{"allow":["GET"]}}],"collection":[{"href":"https:\/\/www.kemostik.com\/hr\/wp-json\/wp\/v2\/pages"}],"about":[{"href":"https:\/\/www.kemostik.com\/hr\/wp-json\/wp\/v2\/types\/page"}],"author":[{"embeddable":true,"href":"https:\/\/www.kemostik.com\/hr\/wp-json\/wp\/v2\/users\/1"}],"replies":[{"embeddable":true,"href":"https:\/\/www.kemostik.com\/hr\/wp-json\/wp\/v2\/comments?post=1963"}],"version-history":[{"count":3,"href":"https:\/\/www.kemostik.com\/hr\/wp-json\/wp\/v2\/pages\/1963\/revisions"}],"predecessor-version":[{"id":2078,"href":"https:\/\/www.kemostik.com\/hr\/wp-json\/wp\/v2\/pages\/1963\/revisions\/2078"}],"up":[{"embeddable":true,"href":"https:\/\/www.kemostik.com\/hr\/wp-json\/wp\/v2\/pages\/1983"}],"wp:attachment":[{"href":"https:\/\/www.kemostik.com\/hr\/wp-json\/wp\/v2\/media?parent=1963"}],"curies":[{"name":"wp","href":"https:\/\/api.w.org\/{rel}","templated":true}]}}