{"id":1971,"date":"2024-12-12T23:46:25","date_gmt":"2024-12-12T22:46:25","guid":{"rendered":"https:\/\/www.kemostik.com\/lepila-in-tesnila-za-proizvodnjo-posebnih-vrst-vozil-in-kontejnerjev\/"},"modified":"2025-03-16T17:54:30","modified_gmt":"2025-03-16T16:54:30","slug":"ljepila-mase-za-brtvljenje-za-specijalna-vozila-kontejnere","status":"publish","type":"page","link":"https:\/\/www.kemostik.com\/hr\/proizvodi\/ljepila\/ljepila-mase-za-brtvljenje-za-specijalna-vozila-kontejnere\/","title":{"rendered":"Ljepila i mase za brtvljenje za specijalna vozila i kontejnere"},"content":{"rendered":"<div class=\"wpb-content-wrapper\"><p>[vc_row][vc_column][vc_row_inner][vc_column_inner][vc_custom_heading text=&#8221;NEOSTIK ljepila za podne i zidne obloge&#8221; font_container=&#8221;tag:h5|text_align:left&#8221; use_theme_fonts=&#8221;yes&#8221; css=&#8221;&#8221;][vc_column_text css=&#8221;&#8221;]Koriste se za lijepljenje razli\u010ditih tipova podnih i zidnih obloga, naro\u010dito u proizvodnji autobusa, kamiona, kampera, prikolica, mobilnih ku\u0107ica i kontejnera za stanovanje. Paleta proizvoda uklju\u010duje slijede\u0107a ljepila:<\/p>\n<ul>\n<li>Na osnovi organskih otapala. Naro\u010dito se koriste za lijepljenje gumenih obloga na razli\u010dite podloge; mogu se nanositi ru\u010dno ili prskanjem.<\/li>\n<li>Na vodenoj osnovi. Koriste se za lijepljenje razli\u010ditih plasti\u010dnih obloga na iverici ili na druge upojne podloge; mogu se nanositi ru\u010dno ili rolerom.<\/li>\n<\/ul>\n<p>[\/vc_column_text][\/vc_column_inner][\/vc_row_inner]\r\n\t\t\t<div class=\"helios_section_distance xs\"><\/div>\r\n\r\n\t\t\t[vc_row_inner][vc_column_inner width=&#8221;1\/2&#8243;][vc_custom_heading text=&#8221;NEOSTIK ljepila za izolaciju&#8221; font_container=&#8221;tag:h5|text_align:left&#8221; use_theme_fonts=&#8221;yes&#8221; css=&#8221;&#8221;][vc_column_text css=&#8221;&#8221;]Helios Kemostik je za lijepljenje izolacije razvio tri rje\u0161enja:<\/p>\n<ul>\n<li><strong>FLEXBOND<\/strong>\u00a0ljepilo na osnovi organskih otapala za lijepljenje izolacije napravljene od elastomerne pjene.<\/li>\n<li>Dvokomponentna poliuretanska ljepila za lijepljenje izolacije kao \u0161to su polistiren ili mineralna vuna na metal, beton, drvo i druge sli\u010dne povr\u0161ine.<\/li>\n<li><strong>NEOSTIK PUR<\/strong>\u00a0jednokomponentno reaktivno poliuretansko ljepilo pogodno za strukturalno vezivanje razli\u010ditih materijala i lijepljenje izolacije i panela. Postoje tipovi s razli\u010ditim otvorenim vremenom u rasponu od 5 do 60 minuta.<\/li>\n<\/ul>\n<div id=\"gtx-trans\" style=\"position: absolute; left: 142px; top: 126px;\">\n<div class=\"gtx-trans-icon\"><\/div>\n<\/div>\n<p>[\/vc_column_text][\/vc_column_inner][vc_column_inner width=&#8221;1\/2&#8243;][vc_single_image image=&#8221;309&#8243; img_size=&#8221;300&#215;200&#8243; css=&#8221;&#8221;][\/vc_column_inner][\/vc_row_inner]\r\n\t\t\t<div class=\"helios_section_distance xs\"><\/div>\r\n\r\n\t\t\t[vc_row_inner][vc_column_inner width=&#8221;1\/2&#8243;][vc_custom_heading text=&#8221;NEOSTIK poliuretanske i druge mase za brtvljenje&#8221; font_container=&#8221;tag:h5|text_align:left&#8221; use_theme_fonts=&#8221;yes&#8221; css=&#8221;&#8221;][vc_column_text css=&#8221;&#8221;]Koriste se naro\u010dito za lijepljenje i brtvljenje, kao i za ugradnju prozora u proizvodnji autobusa, \u017eeljezni\u010dkih vagona i kontejnera za stanovanje. Paleta proizvoda uklju\u010duje poliuretanske mase za brtvljenje razli\u010dite \u010dvrsto\u0107e, MS-polimere, silikonske mase za<br \/>\nbrtvljenje i pomo\u0107ne proizvode kao \u0161to su prajmeri i proizvodi za \u010di\u0161\u0107enje.[\/vc_column_text][\/vc_column_inner][vc_column_inner width=&#8221;1\/2&#8243;][vc_single_image image=&#8221;308&#8243; img_size=&#8221;300&#215;200&#8243; css=&#8221;&#8221;][\/vc_column_inner][\/vc_row_inner]\r\n\t\t\t<div class=\"helios_section_distance s\"><\/div>\r\n\r\n\t\t\t[\/vc_column][\/vc_row]<\/p>\n<\/div>","protected":false},"excerpt":{"rendered":"<p>[vc_row][vc_column][vc_row_inner][vc_column_inner][vc_custom_heading text=&#8221;NEOSTIK ljepila za podne i zidne obloge&#8221; font_container=&#8221;tag:h5|text_align:left&#8221; use_theme_fonts=&#8221;yes&#8221; css=&#8221;&#8221;][vc_column_text css=&#8221;&#8221;]Koriste se za lijepljenje razli\u010ditih tipova podnih i zidnih obloga, naro\u010dito u proizvodnji autobusa, kamiona, kampera, prikolica, mobilnih ku\u0107ica i kontejnera za stanovanje. Paleta proizvoda uklju\u010duje slijede\u0107a ljepila: Na osnovi organskih otapala. Naro\u010dito se koriste za lijepljenje gumenih obloga na razli\u010dite podloge; mogu se&#8230;<\/p>\n","protected":false},"author":1,"featured_media":0,"parent":1983,"menu_order":0,"comment_status":"closed","ping_status":"closed","template":"","meta":{"footnotes":""},"class_list":["post-1971","page","type-page","status-publish","hentry"],"yoast_head":"<!-- This site is optimized with the Yoast SEO plugin v27.2 - https:\/\/yoast.com\/product\/yoast-seo-wordpress\/ -->\n<title>Ljepila i mase za brtvljenje za specijalna vozila i kontejnere - KANSAI HELIOS Kemostik d.o.o<\/title>\n<meta name=\"robots\" content=\"index, follow, max-snippet:-1, max-image-preview:large, max-video-preview:-1\" \/>\n<link rel=\"canonical\" href=\"https:\/\/www.kemostik.com\/hr\/proizvodi\/ljepila\/ljepila-mase-za-brtvljenje-za-specijalna-vozila-kontejnere\/\" \/>\n<meta property=\"og:locale\" content=\"hr_HR\" \/>\n<meta property=\"og:type\" content=\"article\" \/>\n<meta property=\"og:title\" content=\"Ljepila i mase za brtvljenje za specijalna vozila i kontejnere - KANSAI HELIOS Kemostik d.o.o\" \/>\n<meta property=\"og:description\" content=\"[vc_row][vc_column][vc_row_inner][vc_column_inner][vc_custom_heading text=&#8221;NEOSTIK ljepila za podne i zidne obloge&#8221; font_container=&#8221;tag:h5|text_align:left&#8221; use_theme_fonts=&#8221;yes&#8221; css=&#8221;&#8221;][vc_column_text css=&#8221;&#8221;]Koriste se za lijepljenje razli\u010ditih tipova podnih i zidnih obloga, naro\u010dito u proizvodnji autobusa, kamiona, kampera, prikolica, mobilnih ku\u0107ica i kontejnera za stanovanje. Paleta proizvoda uklju\u010duje slijede\u0107a ljepila: Na osnovi organskih otapala. Naro\u010dito se koriste za lijepljenje gumenih obloga na razli\u010dite podloge; mogu se...\" \/>\n<meta property=\"og:url\" content=\"https:\/\/www.kemostik.com\/hr\/proizvodi\/ljepila\/ljepila-mase-za-brtvljenje-za-specijalna-vozila-kontejnere\/\" \/>\n<meta property=\"og:site_name\" content=\"KANSAI HELIOS Kemostik d.o.o\" \/>\n<meta property=\"article:modified_time\" content=\"2025-03-16T16:54:30+00:00\" \/>\n<meta name=\"twitter:card\" content=\"summary_large_image\" \/>\n<meta name=\"twitter:label1\" content=\"Procijenjeno vrijeme \u010ditanja\" \/>\n\t<meta name=\"twitter:data1\" content=\"2 minute\" \/>\n<script type=\"application\/ld+json\" class=\"yoast-schema-graph\">{\"@context\":\"https:\/\/schema.org\",\"@graph\":[{\"@type\":\"WebPage\",\"@id\":\"https:\/\/www.kemostik.com\/hr\/proizvodi\/ljepila\/ljepila-mase-za-brtvljenje-za-specijalna-vozila-kontejnere\/\",\"url\":\"https:\/\/www.kemostik.com\/hr\/proizvodi\/ljepila\/ljepila-mase-za-brtvljenje-za-specijalna-vozila-kontejnere\/\",\"name\":\"Ljepila i mase za brtvljenje za specijalna vozila i kontejnere - KANSAI HELIOS Kemostik d.o.o\",\"isPartOf\":{\"@id\":\"https:\/\/www.kemostik.com\/hr\/#website\"},\"datePublished\":\"2024-12-12T22:46:25+00:00\",\"dateModified\":\"2025-03-16T16:54:30+00:00\",\"breadcrumb\":{\"@id\":\"https:\/\/www.kemostik.com\/hr\/proizvodi\/ljepila\/ljepila-mase-za-brtvljenje-za-specijalna-vozila-kontejnere\/#breadcrumb\"},\"inLanguage\":\"hr\",\"potentialAction\":[{\"@type\":\"ReadAction\",\"target\":[\"https:\/\/www.kemostik.com\/hr\/proizvodi\/ljepila\/ljepila-mase-za-brtvljenje-za-specijalna-vozila-kontejnere\/\"]}]},{\"@type\":\"BreadcrumbList\",\"@id\":\"https:\/\/www.kemostik.com\/hr\/proizvodi\/ljepila\/ljepila-mase-za-brtvljenje-za-specijalna-vozila-kontejnere\/#breadcrumb\",\"itemListElement\":[{\"@type\":\"ListItem\",\"position\":1,\"name\":\"Home\",\"item\":\"https:\/\/www.kemostik.com\/hr\/\"},{\"@type\":\"ListItem\",\"position\":2,\"name\":\"Proizvodi\",\"item\":\"https:\/\/www.kemostik.com\/hr\/izdelki\/\"},{\"@type\":\"ListItem\",\"position\":3,\"name\":\"Ljepila\",\"item\":\"https:\/\/www.kemostik.com\/hr\/izdelki\/lepila\/\"},{\"@type\":\"ListItem\",\"position\":4,\"name\":\"Ljepila i mase za brtvljenje za specijalna vozila i kontejnere\"}]},{\"@type\":\"WebSite\",\"@id\":\"https:\/\/www.kemostik.com\/hr\/#website\",\"url\":\"https:\/\/www.kemostik.com\/hr\/\",\"name\":\"KANSAI HELIOS Kemostik d.o.o\",\"description\":\"\",\"publisher\":{\"@id\":\"https:\/\/www.kemostik.com\/hr\/#organization\"},\"potentialAction\":[{\"@type\":\"SearchAction\",\"target\":{\"@type\":\"EntryPoint\",\"urlTemplate\":\"https:\/\/www.kemostik.com\/hr\/?s={search_term_string}\"},\"query-input\":{\"@type\":\"PropertyValueSpecification\",\"valueRequired\":true,\"valueName\":\"search_term_string\"}}],\"inLanguage\":\"hr\"},{\"@type\":\"Organization\",\"@id\":\"https:\/\/www.kemostik.com\/hr\/#organization\",\"name\":\"KANSAI HELIOS Kemostik d.o.o\",\"url\":\"https:\/\/www.kemostik.com\/hr\/\",\"logo\":{\"@type\":\"ImageObject\",\"inLanguage\":\"hr\",\"@id\":\"https:\/\/www.kemostik.com\/hr\/#\/schema\/logo\/image\/\",\"url\":\"https:\/\/www.kemostik.com\/wp-content\/uploads\/2024\/10\/kansai-helios-logo-transparent.png\",\"contentUrl\":\"https:\/\/www.kemostik.com\/wp-content\/uploads\/2024\/10\/kansai-helios-logo-transparent.png\",\"width\":240,\"height\":90,\"caption\":\"KANSAI HELIOS Kemostik d.o.o\"},\"image\":{\"@id\":\"https:\/\/www.kemostik.com\/hr\/#\/schema\/logo\/image\/\"}}]}<\/script>\n<!-- \/ Yoast SEO plugin. -->","yoast_head_json":{"title":"Ljepila i mase za brtvljenje za specijalna vozila i kontejnere - KANSAI HELIOS Kemostik d.o.o","robots":{"index":"index","follow":"follow","max-snippet":"max-snippet:-1","max-image-preview":"max-image-preview:large","max-video-preview":"max-video-preview:-1"},"canonical":"https:\/\/www.kemostik.com\/hr\/proizvodi\/ljepila\/ljepila-mase-za-brtvljenje-za-specijalna-vozila-kontejnere\/","og_locale":"hr_HR","og_type":"article","og_title":"Ljepila i mase za brtvljenje za specijalna vozila i kontejnere - KANSAI HELIOS Kemostik d.o.o","og_description":"[vc_row][vc_column][vc_row_inner][vc_column_inner][vc_custom_heading text=&#8221;NEOSTIK ljepila za podne i zidne obloge&#8221; font_container=&#8221;tag:h5|text_align:left&#8221; use_theme_fonts=&#8221;yes&#8221; css=&#8221;&#8221;][vc_column_text css=&#8221;&#8221;]Koriste se za lijepljenje razli\u010ditih tipova podnih i zidnih obloga, naro\u010dito u proizvodnji autobusa, kamiona, kampera, prikolica, mobilnih ku\u0107ica i kontejnera za stanovanje. Paleta proizvoda uklju\u010duje slijede\u0107a ljepila: Na osnovi organskih otapala. Naro\u010dito se koriste za lijepljenje gumenih obloga na razli\u010dite podloge; mogu se...","og_url":"https:\/\/www.kemostik.com\/hr\/proizvodi\/ljepila\/ljepila-mase-za-brtvljenje-za-specijalna-vozila-kontejnere\/","og_site_name":"KANSAI HELIOS Kemostik d.o.o","article_modified_time":"2025-03-16T16:54:30+00:00","twitter_card":"summary_large_image","twitter_misc":{"Procijenjeno vrijeme \u010ditanja":"2 minute"},"schema":{"@context":"https:\/\/schema.org","@graph":[{"@type":"WebPage","@id":"https:\/\/www.kemostik.com\/hr\/proizvodi\/ljepila\/ljepila-mase-za-brtvljenje-za-specijalna-vozila-kontejnere\/","url":"https:\/\/www.kemostik.com\/hr\/proizvodi\/ljepila\/ljepila-mase-za-brtvljenje-za-specijalna-vozila-kontejnere\/","name":"Ljepila i mase za brtvljenje za specijalna vozila i kontejnere - KANSAI HELIOS Kemostik d.o.o","isPartOf":{"@id":"https:\/\/www.kemostik.com\/hr\/#website"},"datePublished":"2024-12-12T22:46:25+00:00","dateModified":"2025-03-16T16:54:30+00:00","breadcrumb":{"@id":"https:\/\/www.kemostik.com\/hr\/proizvodi\/ljepila\/ljepila-mase-za-brtvljenje-za-specijalna-vozila-kontejnere\/#breadcrumb"},"inLanguage":"hr","potentialAction":[{"@type":"ReadAction","target":["https:\/\/www.kemostik.com\/hr\/proizvodi\/ljepila\/ljepila-mase-za-brtvljenje-za-specijalna-vozila-kontejnere\/"]}]},{"@type":"BreadcrumbList","@id":"https:\/\/www.kemostik.com\/hr\/proizvodi\/ljepila\/ljepila-mase-za-brtvljenje-za-specijalna-vozila-kontejnere\/#breadcrumb","itemListElement":[{"@type":"ListItem","position":1,"name":"Home","item":"https:\/\/www.kemostik.com\/hr\/"},{"@type":"ListItem","position":2,"name":"Proizvodi","item":"https:\/\/www.kemostik.com\/hr\/izdelki\/"},{"@type":"ListItem","position":3,"name":"Ljepila","item":"https:\/\/www.kemostik.com\/hr\/izdelki\/lepila\/"},{"@type":"ListItem","position":4,"name":"Ljepila i mase za brtvljenje za specijalna vozila i kontejnere"}]},{"@type":"WebSite","@id":"https:\/\/www.kemostik.com\/hr\/#website","url":"https:\/\/www.kemostik.com\/hr\/","name":"KANSAI HELIOS Kemostik d.o.o","description":"","publisher":{"@id":"https:\/\/www.kemostik.com\/hr\/#organization"},"potentialAction":[{"@type":"SearchAction","target":{"@type":"EntryPoint","urlTemplate":"https:\/\/www.kemostik.com\/hr\/?s={search_term_string}"},"query-input":{"@type":"PropertyValueSpecification","valueRequired":true,"valueName":"search_term_string"}}],"inLanguage":"hr"},{"@type":"Organization","@id":"https:\/\/www.kemostik.com\/hr\/#organization","name":"KANSAI HELIOS Kemostik d.o.o","url":"https:\/\/www.kemostik.com\/hr\/","logo":{"@type":"ImageObject","inLanguage":"hr","@id":"https:\/\/www.kemostik.com\/hr\/#\/schema\/logo\/image\/","url":"https:\/\/www.kemostik.com\/wp-content\/uploads\/2024\/10\/kansai-helios-logo-transparent.png","contentUrl":"https:\/\/www.kemostik.com\/wp-content\/uploads\/2024\/10\/kansai-helios-logo-transparent.png","width":240,"height":90,"caption":"KANSAI HELIOS Kemostik d.o.o"},"image":{"@id":"https:\/\/www.kemostik.com\/hr\/#\/schema\/logo\/image\/"}}]}},"_links":{"self":[{"href":"https:\/\/www.kemostik.com\/hr\/wp-json\/wp\/v2\/pages\/1971","targetHints":{"allow":["GET"]}}],"collection":[{"href":"https:\/\/www.kemostik.com\/hr\/wp-json\/wp\/v2\/pages"}],"about":[{"href":"https:\/\/www.kemostik.com\/hr\/wp-json\/wp\/v2\/types\/page"}],"author":[{"embeddable":true,"href":"https:\/\/www.kemostik.com\/hr\/wp-json\/wp\/v2\/users\/1"}],"replies":[{"embeddable":true,"href":"https:\/\/www.kemostik.com\/hr\/wp-json\/wp\/v2\/comments?post=1971"}],"version-history":[{"count":3,"href":"https:\/\/www.kemostik.com\/hr\/wp-json\/wp\/v2\/pages\/1971\/revisions"}],"predecessor-version":[{"id":2073,"href":"https:\/\/www.kemostik.com\/hr\/wp-json\/wp\/v2\/pages\/1971\/revisions\/2073"}],"up":[{"embeddable":true,"href":"https:\/\/www.kemostik.com\/hr\/wp-json\/wp\/v2\/pages\/1983"}],"wp:attachment":[{"href":"https:\/\/www.kemostik.com\/hr\/wp-json\/wp\/v2\/media?parent=1971"}],"curies":[{"name":"wp","href":"https:\/\/api.w.org\/{rel}","templated":true}]}}