{"id":1975,"date":"2024-12-12T23:56:38","date_gmt":"2024-12-12T22:56:38","guid":{"rendered":"https:\/\/www.kemostik.com\/lepila-in-kemicni-izdelki-za-druge-namene\/"},"modified":"2025-03-16T17:45:34","modified_gmt":"2025-03-16T16:45:34","slug":"ljepila-kemijski-proizvodi-za-ostale-namjene","status":"publish","type":"page","link":"https:\/\/www.kemostik.com\/hr\/proizvodi\/ljepila\/ljepila-kemijski-proizvodi-za-ostale-namjene\/","title":{"rendered":"Ljepila i kemijski proizvodi za ostale namjene"},"content":{"rendered":"<div class=\"wpb-content-wrapper\"><p>[vc_row][vc_column][vc_row_inner][vc_column_inner width=&#8221;1\/2&#8243;][vc_custom_heading text=&#8221;Ljepila za knjigove\u017enice i grafi\u010dku industriju&#8221; font_container=&#8221;tag:h5|text_align:left&#8221; use_theme_fonts=&#8221;yes&#8221; css=&#8221;&#8221;][vc_column_text css=&#8221;&#8221;]Ovaj portfolio uklju\u010duje termo taljiva ljepila kao i ljepila na vodenoj osnovi za potrebe knjigove\u017enica.[\/vc_column_text][\/vc_column_inner][vc_column_inner width=&#8221;1\/2&#8243;][vc_single_image image=&#8221;324&#8243; img_size=&#8221;300&#215;200&#8243; css=&#8221;&#8221;][\/vc_column_inner][\/vc_row_inner]\r\n\t\t\t<div class=\"helios_section_distance xs\"><\/div>\r\n\r\n\t\t\t[vc_row_inner][vc_column_inner][vc_custom_heading text=&#8221;Ljepila za gumu&#8221; font_container=&#8221;tag:h5|text_align:left&#8221; use_theme_fonts=&#8221;yes&#8221; css=&#8221;&#8221;][vc_column_text css=&#8221;&#8221;]Helios Kemostik paleta proizvoda uklju\u010duje ljepila koja nude savr\u0161ena rje\u0161enja kod proizvodnje transportnih traka, gumenih \u010damca i vulkanizacije.[\/vc_column_text][\/vc_column_inner][\/vc_row_inner]\r\n\t\t\t<div class=\"helios_section_distance xs\"><\/div>\r\n\r\n\t\t\t[vc_row_inner][vc_column_inner][vc_custom_heading text=&#8221;Ljepila za lijepljenje izolacije&#8221; font_container=&#8221;tag:h5|text_align:left&#8221; use_theme_fonts=&#8221;yes&#8221; css=&#8221;&#8221;][vc_column_text css=&#8221;&#8221;]U programu su jednokomponentna i dvokomponentna ljepila brendova\u00a0<strong>Neostik<\/strong>\u00a0i\u00a0<strong>Metacoll<\/strong>, za lijepljenje izolacijske pjene, kamene vune, polistirena i stirodura na razli\u010dite podloge kao \u0161to su metal, drvo itd. Razlikuju se po otvorenom vremenu, brzini su\u0161enja, vremenu vezivanja i viskozitetu.<\/p>\n<div id=\"gtx-trans\" style=\"position: absolute; left: 203px; top: 14px;\">\n<div class=\"gtx-trans-icon\"><\/div>\n<\/div>\n<p>[\/vc_column_text][\/vc_column_inner][\/vc_row_inner]\r\n\t\t\t<div class=\"helios_section_distance xs\"><\/div>\r\n\r\n\t\t\t[vc_row_inner][vc_column_inner][vc_custom_heading text=&#8221;Ljepila za cigarete&#8221; font_container=&#8221;tag:h5|text_align:left&#8221; use_theme_fonts=&#8221;yes&#8221; css=&#8221;&#8221;][vc_column_text css=&#8221;&#8221;]Ovaj program se sastoji od\u00a0<strong>PLASTIKOL<\/strong>\u00a0ljepila, koji predstavljaju kompletnu paletu ljepila za proizvo\u0111a\u010de cigareta u duhanskoj industriji.<\/p>\n<div id=\"gtx-trans\" style=\"position: absolute; left: 275px; top: -10px;\">\n<div class=\"gtx-trans-icon\"><\/div>\n<\/div>\n<p>[\/vc_column_text][\/vc_column_inner][\/vc_row_inner]\r\n\t\t\t<div class=\"helios_section_distance xs\"><\/div>\r\n\r\n\t\t\t[vc_row_inner][vc_column_inner width=&#8221;1\/2&#8243;][vc_custom_heading text=&#8221;Ljepila za spojne remene i tekstil&#8221; font_container=&#8221;tag:h5|text_align:left&#8221; use_theme_fonts=&#8221;yes&#8221; css=&#8221;&#8221;][vc_column_text css=&#8221;&#8221;]Ova paleta proizvoda uglavnom sadr\u017ei termo taljiva ljepila i <strong>PVAC<\/strong>\u00a0ljepila na vodenoj osnovi za laminaciju tekstilnih remena za razli\u010dite namjene.[\/vc_column_text][\/vc_column_inner][vc_column_inner width=&#8221;1\/2&#8243;][vc_single_image image=&#8221;323&#8243; img_size=&#8221;300&#215;200&#8243; css=&#8221;&#8221;][\/vc_column_inner][\/vc_row_inner]\r\n\t\t\t<div class=\"helios_section_distance xs\"><\/div>\r\n\r\n\t\t\t[vc_row_inner][vc_column_inner][vc_custom_heading text=&#8221;Ljepila i pomo\u0107ni proizvodi za druge namjene&#8221; font_container=&#8221;tag:h5|text_align:left&#8221; use_theme_fonts=&#8221;yes&#8221; css=&#8221;&#8221;][vc_column_text css=&#8221;&#8221;]Portfolio proizvoda uklju\u010duje cianoakrilatna ljepila za \u0161irok spektar zahtjevnih spajanja u industriji, dvokomponentna epoksi ljepila razli\u010dite gusto\u0107e i otvorenog vremena, ljepila za PVC, kao i sve vrste sredstava za \u010di\u0161\u0107enje i razrje\u0111iva\u010da za ljepila.[\/vc_column_text][\/vc_column_inner][\/vc_row_inner]\r\n\t\t\t<div class=\"helios_section_distance s\"><\/div>\r\n\r\n\t\t\t[\/vc_column][\/vc_row]<\/p>\n<\/div>","protected":false},"excerpt":{"rendered":"<p>[vc_row][vc_column][vc_row_inner][vc_column_inner width=&#8221;1\/2&#8243;][vc_custom_heading text=&#8221;Ljepila za knjigove\u017enice i grafi\u010dku industriju&#8221; font_container=&#8221;tag:h5|text_align:left&#8221; use_theme_fonts=&#8221;yes&#8221; css=&#8221;&#8221;][vc_column_text css=&#8221;&#8221;]Ovaj portfolio uklju\u010duje termo taljiva ljepila kao i ljepila na vodenoj osnovi za potrebe knjigove\u017enica.[\/vc_column_text][\/vc_column_inner][vc_column_inner width=&#8221;1\/2&#8243;][vc_single_image image=&#8221;324&#8243; img_size=&#8221;300&#215;200&#8243; css=&#8221;&#8221;][\/vc_column_inner][\/vc_row_inner][vc_row_inner][vc_column_inner][vc_custom_heading text=&#8221;Ljepila za gumu&#8221; font_container=&#8221;tag:h5|text_align:left&#8221; use_theme_fonts=&#8221;yes&#8221; css=&#8221;&#8221;][vc_column_text css=&#8221;&#8221;]Helios Kemostik paleta proizvoda uklju\u010duje ljepila koja nude savr\u0161ena rje\u0161enja kod proizvodnje transportnih traka, gumenih \u010damca i vulkanizacije.[\/vc_column_text][\/vc_column_inner][\/vc_row_inner][vc_row_inner][vc_column_inner][vc_custom_heading text=&#8221;Ljepila&#8230;<\/p>\n","protected":false},"author":1,"featured_media":0,"parent":1983,"menu_order":0,"comment_status":"closed","ping_status":"closed","template":"","meta":{"footnotes":""},"class_list":["post-1975","page","type-page","status-publish","hentry"],"yoast_head":"<!-- This site is optimized with the Yoast SEO plugin v27.2 - https:\/\/yoast.com\/product\/yoast-seo-wordpress\/ -->\n<title>Ljepila i kemijski proizvodi za ostale namjene - KANSAI HELIOS Kemostik d.o.o<\/title>\n<meta name=\"robots\" content=\"index, follow, max-snippet:-1, max-image-preview:large, max-video-preview:-1\" \/>\n<link rel=\"canonical\" href=\"https:\/\/www.kemostik.com\/hr\/proizvodi\/ljepila\/ljepila-kemijski-proizvodi-za-ostale-namjene\/\" \/>\n<meta property=\"og:locale\" content=\"hr_HR\" \/>\n<meta property=\"og:type\" content=\"article\" \/>\n<meta property=\"og:title\" content=\"Ljepila i kemijski proizvodi za ostale namjene - KANSAI HELIOS Kemostik d.o.o\" \/>\n<meta property=\"og:description\" content=\"[vc_row][vc_column][vc_row_inner][vc_column_inner width=&#8221;1\/2&#8243;][vc_custom_heading text=&#8221;Ljepila za knjigove\u017enice i grafi\u010dku industriju&#8221; font_container=&#8221;tag:h5|text_align:left&#8221; use_theme_fonts=&#8221;yes&#8221; css=&#8221;&#8221;][vc_column_text css=&#8221;&#8221;]Ovaj portfolio uklju\u010duje termo taljiva ljepila kao i ljepila na vodenoj osnovi za potrebe knjigove\u017enica.[\/vc_column_text][\/vc_column_inner][vc_column_inner width=&#8221;1\/2&#8243;][vc_single_image image=&#8221;324&#8243; img_size=&#8221;300&#215;200&#8243; css=&#8221;&#8221;][\/vc_column_inner][\/vc_row_inner][vc_row_inner][vc_column_inner][vc_custom_heading text=&#8221;Ljepila za gumu&#8221; font_container=&#8221;tag:h5|text_align:left&#8221; use_theme_fonts=&#8221;yes&#8221; css=&#8221;&#8221;][vc_column_text css=&#8221;&#8221;]Helios Kemostik paleta proizvoda uklju\u010duje ljepila koja nude savr\u0161ena rje\u0161enja kod proizvodnje transportnih traka, gumenih \u010damca i vulkanizacije.[\/vc_column_text][\/vc_column_inner][\/vc_row_inner][vc_row_inner][vc_column_inner][vc_custom_heading text=&#8221;Ljepila...\" \/>\n<meta property=\"og:url\" content=\"https:\/\/www.kemostik.com\/hr\/proizvodi\/ljepila\/ljepila-kemijski-proizvodi-za-ostale-namjene\/\" \/>\n<meta property=\"og:site_name\" content=\"KANSAI HELIOS Kemostik d.o.o\" \/>\n<meta property=\"article:modified_time\" content=\"2025-03-16T16:45:34+00:00\" \/>\n<meta name=\"twitter:card\" content=\"summary_large_image\" \/>\n<meta name=\"twitter:label1\" content=\"Procijenjeno vrijeme \u010ditanja\" \/>\n\t<meta name=\"twitter:data1\" content=\"2 minute\" \/>\n<script type=\"application\/ld+json\" class=\"yoast-schema-graph\">{\"@context\":\"https:\/\/schema.org\",\"@graph\":[{\"@type\":\"WebPage\",\"@id\":\"https:\/\/www.kemostik.com\/hr\/proizvodi\/ljepila\/ljepila-kemijski-proizvodi-za-ostale-namjene\/\",\"url\":\"https:\/\/www.kemostik.com\/hr\/proizvodi\/ljepila\/ljepila-kemijski-proizvodi-za-ostale-namjene\/\",\"name\":\"Ljepila i kemijski proizvodi za ostale namjene - KANSAI HELIOS Kemostik d.o.o\",\"isPartOf\":{\"@id\":\"https:\/\/www.kemostik.com\/hr\/#website\"},\"datePublished\":\"2024-12-12T22:56:38+00:00\",\"dateModified\":\"2025-03-16T16:45:34+00:00\",\"breadcrumb\":{\"@id\":\"https:\/\/www.kemostik.com\/hr\/proizvodi\/ljepila\/ljepila-kemijski-proizvodi-za-ostale-namjene\/#breadcrumb\"},\"inLanguage\":\"hr\",\"potentialAction\":[{\"@type\":\"ReadAction\",\"target\":[\"https:\/\/www.kemostik.com\/hr\/proizvodi\/ljepila\/ljepila-kemijski-proizvodi-za-ostale-namjene\/\"]}]},{\"@type\":\"BreadcrumbList\",\"@id\":\"https:\/\/www.kemostik.com\/hr\/proizvodi\/ljepila\/ljepila-kemijski-proizvodi-za-ostale-namjene\/#breadcrumb\",\"itemListElement\":[{\"@type\":\"ListItem\",\"position\":1,\"name\":\"Home\",\"item\":\"https:\/\/www.kemostik.com\/hr\/\"},{\"@type\":\"ListItem\",\"position\":2,\"name\":\"Proizvodi\",\"item\":\"https:\/\/www.kemostik.com\/hr\/izdelki\/\"},{\"@type\":\"ListItem\",\"position\":3,\"name\":\"Ljepila\",\"item\":\"https:\/\/www.kemostik.com\/hr\/izdelki\/lepila\/\"},{\"@type\":\"ListItem\",\"position\":4,\"name\":\"Ljepila i kemijski proizvodi za ostale namjene\"}]},{\"@type\":\"WebSite\",\"@id\":\"https:\/\/www.kemostik.com\/hr\/#website\",\"url\":\"https:\/\/www.kemostik.com\/hr\/\",\"name\":\"KANSAI HELIOS Kemostik d.o.o\",\"description\":\"\",\"publisher\":{\"@id\":\"https:\/\/www.kemostik.com\/hr\/#organization\"},\"potentialAction\":[{\"@type\":\"SearchAction\",\"target\":{\"@type\":\"EntryPoint\",\"urlTemplate\":\"https:\/\/www.kemostik.com\/hr\/?s={search_term_string}\"},\"query-input\":{\"@type\":\"PropertyValueSpecification\",\"valueRequired\":true,\"valueName\":\"search_term_string\"}}],\"inLanguage\":\"hr\"},{\"@type\":\"Organization\",\"@id\":\"https:\/\/www.kemostik.com\/hr\/#organization\",\"name\":\"KANSAI HELIOS Kemostik d.o.o\",\"url\":\"https:\/\/www.kemostik.com\/hr\/\",\"logo\":{\"@type\":\"ImageObject\",\"inLanguage\":\"hr\",\"@id\":\"https:\/\/www.kemostik.com\/hr\/#\/schema\/logo\/image\/\",\"url\":\"https:\/\/www.kemostik.com\/wp-content\/uploads\/2024\/10\/kansai-helios-logo-transparent.png\",\"contentUrl\":\"https:\/\/www.kemostik.com\/wp-content\/uploads\/2024\/10\/kansai-helios-logo-transparent.png\",\"width\":240,\"height\":90,\"caption\":\"KANSAI HELIOS Kemostik d.o.o\"},\"image\":{\"@id\":\"https:\/\/www.kemostik.com\/hr\/#\/schema\/logo\/image\/\"}}]}<\/script>\n<!-- \/ Yoast SEO plugin. -->","yoast_head_json":{"title":"Ljepila i kemijski proizvodi za ostale namjene - KANSAI HELIOS Kemostik d.o.o","robots":{"index":"index","follow":"follow","max-snippet":"max-snippet:-1","max-image-preview":"max-image-preview:large","max-video-preview":"max-video-preview:-1"},"canonical":"https:\/\/www.kemostik.com\/hr\/proizvodi\/ljepila\/ljepila-kemijski-proizvodi-za-ostale-namjene\/","og_locale":"hr_HR","og_type":"article","og_title":"Ljepila i kemijski proizvodi za ostale namjene - KANSAI HELIOS Kemostik d.o.o","og_description":"[vc_row][vc_column][vc_row_inner][vc_column_inner width=&#8221;1\/2&#8243;][vc_custom_heading text=&#8221;Ljepila za knjigove\u017enice i grafi\u010dku industriju&#8221; font_container=&#8221;tag:h5|text_align:left&#8221; use_theme_fonts=&#8221;yes&#8221; css=&#8221;&#8221;][vc_column_text css=&#8221;&#8221;]Ovaj portfolio uklju\u010duje termo taljiva ljepila kao i ljepila na vodenoj osnovi za potrebe knjigove\u017enica.[\/vc_column_text][\/vc_column_inner][vc_column_inner width=&#8221;1\/2&#8243;][vc_single_image image=&#8221;324&#8243; img_size=&#8221;300&#215;200&#8243; css=&#8221;&#8221;][\/vc_column_inner][\/vc_row_inner][vc_row_inner][vc_column_inner][vc_custom_heading text=&#8221;Ljepila za gumu&#8221; font_container=&#8221;tag:h5|text_align:left&#8221; use_theme_fonts=&#8221;yes&#8221; css=&#8221;&#8221;][vc_column_text css=&#8221;&#8221;]Helios Kemostik paleta proizvoda uklju\u010duje ljepila koja nude savr\u0161ena rje\u0161enja kod proizvodnje transportnih traka, gumenih \u010damca i vulkanizacije.[\/vc_column_text][\/vc_column_inner][\/vc_row_inner][vc_row_inner][vc_column_inner][vc_custom_heading text=&#8221;Ljepila...","og_url":"https:\/\/www.kemostik.com\/hr\/proizvodi\/ljepila\/ljepila-kemijski-proizvodi-za-ostale-namjene\/","og_site_name":"KANSAI HELIOS Kemostik d.o.o","article_modified_time":"2025-03-16T16:45:34+00:00","twitter_card":"summary_large_image","twitter_misc":{"Procijenjeno vrijeme \u010ditanja":"2 minute"},"schema":{"@context":"https:\/\/schema.org","@graph":[{"@type":"WebPage","@id":"https:\/\/www.kemostik.com\/hr\/proizvodi\/ljepila\/ljepila-kemijski-proizvodi-za-ostale-namjene\/","url":"https:\/\/www.kemostik.com\/hr\/proizvodi\/ljepila\/ljepila-kemijski-proizvodi-za-ostale-namjene\/","name":"Ljepila i kemijski proizvodi za ostale namjene - KANSAI HELIOS Kemostik d.o.o","isPartOf":{"@id":"https:\/\/www.kemostik.com\/hr\/#website"},"datePublished":"2024-12-12T22:56:38+00:00","dateModified":"2025-03-16T16:45:34+00:00","breadcrumb":{"@id":"https:\/\/www.kemostik.com\/hr\/proizvodi\/ljepila\/ljepila-kemijski-proizvodi-za-ostale-namjene\/#breadcrumb"},"inLanguage":"hr","potentialAction":[{"@type":"ReadAction","target":["https:\/\/www.kemostik.com\/hr\/proizvodi\/ljepila\/ljepila-kemijski-proizvodi-za-ostale-namjene\/"]}]},{"@type":"BreadcrumbList","@id":"https:\/\/www.kemostik.com\/hr\/proizvodi\/ljepila\/ljepila-kemijski-proizvodi-za-ostale-namjene\/#breadcrumb","itemListElement":[{"@type":"ListItem","position":1,"name":"Home","item":"https:\/\/www.kemostik.com\/hr\/"},{"@type":"ListItem","position":2,"name":"Proizvodi","item":"https:\/\/www.kemostik.com\/hr\/izdelki\/"},{"@type":"ListItem","position":3,"name":"Ljepila","item":"https:\/\/www.kemostik.com\/hr\/izdelki\/lepila\/"},{"@type":"ListItem","position":4,"name":"Ljepila i kemijski proizvodi za ostale namjene"}]},{"@type":"WebSite","@id":"https:\/\/www.kemostik.com\/hr\/#website","url":"https:\/\/www.kemostik.com\/hr\/","name":"KANSAI HELIOS Kemostik d.o.o","description":"","publisher":{"@id":"https:\/\/www.kemostik.com\/hr\/#organization"},"potentialAction":[{"@type":"SearchAction","target":{"@type":"EntryPoint","urlTemplate":"https:\/\/www.kemostik.com\/hr\/?s={search_term_string}"},"query-input":{"@type":"PropertyValueSpecification","valueRequired":true,"valueName":"search_term_string"}}],"inLanguage":"hr"},{"@type":"Organization","@id":"https:\/\/www.kemostik.com\/hr\/#organization","name":"KANSAI HELIOS Kemostik d.o.o","url":"https:\/\/www.kemostik.com\/hr\/","logo":{"@type":"ImageObject","inLanguage":"hr","@id":"https:\/\/www.kemostik.com\/hr\/#\/schema\/logo\/image\/","url":"https:\/\/www.kemostik.com\/wp-content\/uploads\/2024\/10\/kansai-helios-logo-transparent.png","contentUrl":"https:\/\/www.kemostik.com\/wp-content\/uploads\/2024\/10\/kansai-helios-logo-transparent.png","width":240,"height":90,"caption":"KANSAI HELIOS Kemostik d.o.o"},"image":{"@id":"https:\/\/www.kemostik.com\/hr\/#\/schema\/logo\/image\/"}}]}},"_links":{"self":[{"href":"https:\/\/www.kemostik.com\/hr\/wp-json\/wp\/v2\/pages\/1975","targetHints":{"allow":["GET"]}}],"collection":[{"href":"https:\/\/www.kemostik.com\/hr\/wp-json\/wp\/v2\/pages"}],"about":[{"href":"https:\/\/www.kemostik.com\/hr\/wp-json\/wp\/v2\/types\/page"}],"author":[{"embeddable":true,"href":"https:\/\/www.kemostik.com\/hr\/wp-json\/wp\/v2\/users\/1"}],"replies":[{"embeddable":true,"href":"https:\/\/www.kemostik.com\/hr\/wp-json\/wp\/v2\/comments?post=1975"}],"version-history":[{"count":3,"href":"https:\/\/www.kemostik.com\/hr\/wp-json\/wp\/v2\/pages\/1975\/revisions"}],"predecessor-version":[{"id":2070,"href":"https:\/\/www.kemostik.com\/hr\/wp-json\/wp\/v2\/pages\/1975\/revisions\/2070"}],"up":[{"embeddable":true,"href":"https:\/\/www.kemostik.com\/hr\/wp-json\/wp\/v2\/pages\/1983"}],"wp:attachment":[{"href":"https:\/\/www.kemostik.com\/hr\/wp-json\/wp\/v2\/media?parent=1975"}],"curies":[{"name":"wp","href":"https:\/\/api.w.org\/{rel}","templated":true}]}}