{"id":1979,"date":"2024-12-12T23:50:02","date_gmt":"2024-12-12T22:50:02","guid":{"rendered":"https:\/\/www.kemostik.com\/cevljarska-lepila\/"},"modified":"2025-03-16T17:06:02","modified_gmt":"2025-03-16T16:06:02","slug":"ljepila-za-obucu","status":"publish","type":"page","link":"https:\/\/www.kemostik.com\/hr\/proizvodi\/ljepila\/ljepila-za-obucu\/","title":{"rendered":"Ljepila za obu\u0107u"},"content":{"rendered":"<div class=\"wpb-content-wrapper\"><p>[vc_row][vc_column][vc_row_inner][vc_column_inner][vc_custom_heading text=&#8221;NEOSTIK ljepila za obu\u0107u za manje zahtjevna lijepljenja&#8221; font_container=&#8221;tag:h5|text_align:left&#8221; use_theme_fonts=&#8221;yes&#8221; css=&#8221;&#8221;][vc_column_text css=&#8221;&#8221;]Jednokomponentna ljepila na osnovi prirodne gume ili lateksa za manje zahtjevno spajanje prirodnih materijala prije \u0161ivanja, u proizvodnji gornjih dijelova obu\u0107e, galanterije, itd.[\/vc_column_text][\/vc_column_inner][\/vc_row_inner]\r\n\t\t\t<div class=\"helios_section_distance xs\"><\/div>\r\n\r\n\t\t\t[vc_row_inner][vc_column_inner width=&#8221;1\/2&#8243;][vc_custom_heading text=&#8221;NEOSTIK ljepila na osnovi polikloroprena za razli\u010dita lijepljenja u proizvodnji obu\u0107e i torbi&#8221; font_container=&#8221;tag:h5|text_align:left&#8221; use_theme_fonts=&#8221;yes&#8221; css=&#8221;&#8221;][vc_column_text css=&#8221;&#8221;]Dizajnirana su za zahtjevno spajanje razli\u010ditih vrsta gume, ko\u017ee, termoplasti\u010dnih materijala, tvrde i meke PVC plastike, poliuretana, a sa dodatkom\u00a0TRDILO FE\u00a0u\u010dvr\u0161\u0107iva\u010da mogu se koristiti i kao dvokomponentna ljepila.[\/vc_column_text][\/vc_column_inner][vc_column_inner width=&#8221;1\/2&#8243;][vc_single_image image=&#8221;313&#8243; img_size=&#8221;300&#215;200&#8243; css=&#8221;&#8221;][\/vc_column_inner][\/vc_row_inner]\r\n\t\t\t<div class=\"helios_section_distance xs\"><\/div>\r\n\r\n\t\t\t[vc_row_inner][vc_column_inner][vc_custom_heading text=&#8221;NEOSTIK poliuretanska monta\u017ena ljepila&#8221; font_container=&#8221;tag:h5|text_align:left&#8221; use_theme_fonts=&#8221;yes&#8221; css=&#8221;&#8221;][vc_column_text css=&#8221;&#8221;]Dizajnirana su za zahtjevno spajanje razli\u010ditih vrsta gume, ko\u017ee, termoplasti\u010dnih materijala, tvrde i meke PVC plastike, poliuretana, a sa dodatkom\u00a0TRDILO FE\u00a0u\u010dvr\u0161\u0107iva\u010da mogu se koristiti i kao dvokomponentna ljepila.[\/vc_column_text][\/vc_column_inner][\/vc_row_inner]\r\n\t\t\t<div class=\"helios_section_distance xs\"><\/div>\r\n\r\n\t\t\t[vc_row_inner][vc_column_inner][vc_custom_heading text=&#8221;Ostala ljepila i pomo\u0107ni proizvodi za industriju obu\u0107e&#8221; font_container=&#8221;tag:h5|text_align:left&#8221; use_theme_fonts=&#8221;yes&#8221; css=&#8221;&#8221;][vc_column_text css=&#8221;&#8221;]U programu su disperzivna ljepila za impregniranje i umakanje lubova za pete iz ko\u017enog materijala. Sredstva za \u010di\u0161\u0107enje i halogeniranje trebaju pripremiti povr\u0161ine termoplasti\u010dnih materijala na lijepljenje. Fini\u0161i se koriste za oblikovanje ko\u017ee ili za zavr\u0161nu obradu, kako bi se pobolj\u0161ao izgled krajnjeg proizvoda.[\/vc_column_text][\/vc_column_inner][\/vc_row_inner]\r\n\t\t\t<div class=\"helios_section_distance s\"><\/div>\r\n\r\n\t\t\t[\/vc_column][\/vc_row]<\/p>\n<\/div>","protected":false},"excerpt":{"rendered":"<p>[vc_row][vc_column][vc_row_inner][vc_column_inner][vc_custom_heading text=&#8221;NEOSTIK ljepila za obu\u0107u za manje zahtjevna lijepljenja&#8221; font_container=&#8221;tag:h5|text_align:left&#8221; use_theme_fonts=&#8221;yes&#8221; css=&#8221;&#8221;][vc_column_text css=&#8221;&#8221;]Jednokomponentna ljepila na osnovi prirodne gume ili lateksa za manje zahtjevno spajanje prirodnih materijala prije \u0161ivanja, u proizvodnji gornjih dijelova obu\u0107e, galanterije, itd.[\/vc_column_text][\/vc_column_inner][\/vc_row_inner][vc_row_inner][vc_column_inner width=&#8221;1\/2&#8243;][vc_custom_heading text=&#8221;NEOSTIK ljepila na osnovi polikloroprena za razli\u010dita lijepljenja u proizvodnji obu\u0107e i torbi&#8221; font_container=&#8221;tag:h5|text_align:left&#8221; use_theme_fonts=&#8221;yes&#8221; css=&#8221;&#8221;][vc_column_text css=&#8221;&#8221;]Dizajnirana su za&#8230;<\/p>\n","protected":false},"author":1,"featured_media":0,"parent":1983,"menu_order":0,"comment_status":"closed","ping_status":"closed","template":"","meta":{"footnotes":""},"class_list":["post-1979","page","type-page","status-publish","hentry"],"yoast_head":"<!-- This site is optimized with the Yoast SEO plugin v27.2 - https:\/\/yoast.com\/product\/yoast-seo-wordpress\/ -->\n<title>Ljepila za obu\u0107u - KANSAI HELIOS Kemostik d.o.o<\/title>\n<meta name=\"robots\" content=\"index, follow, max-snippet:-1, max-image-preview:large, max-video-preview:-1\" \/>\n<link rel=\"canonical\" href=\"https:\/\/www.kemostik.com\/hr\/proizvodi\/ljepila\/ljepila-za-obucu\/\" \/>\n<meta property=\"og:locale\" content=\"hr_HR\" \/>\n<meta property=\"og:type\" content=\"article\" \/>\n<meta property=\"og:title\" content=\"Ljepila za obu\u0107u - KANSAI HELIOS Kemostik d.o.o\" \/>\n<meta property=\"og:description\" content=\"[vc_row][vc_column][vc_row_inner][vc_column_inner][vc_custom_heading text=&#8221;NEOSTIK ljepila za obu\u0107u za manje zahtjevna lijepljenja&#8221; font_container=&#8221;tag:h5|text_align:left&#8221; use_theme_fonts=&#8221;yes&#8221; css=&#8221;&#8221;][vc_column_text css=&#8221;&#8221;]Jednokomponentna ljepila na osnovi prirodne gume ili lateksa za manje zahtjevno spajanje prirodnih materijala prije \u0161ivanja, u proizvodnji gornjih dijelova obu\u0107e, galanterije, itd.[\/vc_column_text][\/vc_column_inner][\/vc_row_inner][vc_row_inner][vc_column_inner width=&#8221;1\/2&#8243;][vc_custom_heading text=&#8221;NEOSTIK ljepila na osnovi polikloroprena za razli\u010dita lijepljenja u proizvodnji obu\u0107e i torbi&#8221; font_container=&#8221;tag:h5|text_align:left&#8221; use_theme_fonts=&#8221;yes&#8221; css=&#8221;&#8221;][vc_column_text css=&#8221;&#8221;]Dizajnirana su za...\" \/>\n<meta property=\"og:url\" content=\"https:\/\/www.kemostik.com\/hr\/proizvodi\/ljepila\/ljepila-za-obucu\/\" \/>\n<meta property=\"og:site_name\" content=\"KANSAI HELIOS Kemostik d.o.o\" \/>\n<meta property=\"article:modified_time\" content=\"2025-03-16T16:06:02+00:00\" \/>\n<meta name=\"twitter:card\" content=\"summary_large_image\" \/>\n<meta name=\"twitter:label1\" content=\"Procijenjeno vrijeme \u010ditanja\" \/>\n\t<meta name=\"twitter:data1\" content=\"2 minute\" \/>\n<script type=\"application\/ld+json\" class=\"yoast-schema-graph\">{\"@context\":\"https:\/\/schema.org\",\"@graph\":[{\"@type\":\"WebPage\",\"@id\":\"https:\/\/www.kemostik.com\/hr\/proizvodi\/ljepila\/ljepila-za-obucu\/\",\"url\":\"https:\/\/www.kemostik.com\/hr\/proizvodi\/ljepila\/ljepila-za-obucu\/\",\"name\":\"Ljepila za obu\u0107u - KANSAI HELIOS Kemostik d.o.o\",\"isPartOf\":{\"@id\":\"https:\/\/www.kemostik.com\/hr\/#website\"},\"datePublished\":\"2024-12-12T22:50:02+00:00\",\"dateModified\":\"2025-03-16T16:06:02+00:00\",\"breadcrumb\":{\"@id\":\"https:\/\/www.kemostik.com\/hr\/proizvodi\/ljepila\/ljepila-za-obucu\/#breadcrumb\"},\"inLanguage\":\"hr\",\"potentialAction\":[{\"@type\":\"ReadAction\",\"target\":[\"https:\/\/www.kemostik.com\/hr\/proizvodi\/ljepila\/ljepila-za-obucu\/\"]}]},{\"@type\":\"BreadcrumbList\",\"@id\":\"https:\/\/www.kemostik.com\/hr\/proizvodi\/ljepila\/ljepila-za-obucu\/#breadcrumb\",\"itemListElement\":[{\"@type\":\"ListItem\",\"position\":1,\"name\":\"Home\",\"item\":\"https:\/\/www.kemostik.com\/hr\/\"},{\"@type\":\"ListItem\",\"position\":2,\"name\":\"Proizvodi\",\"item\":\"https:\/\/www.kemostik.com\/hr\/izdelki\/\"},{\"@type\":\"ListItem\",\"position\":3,\"name\":\"Ljepila\",\"item\":\"https:\/\/www.kemostik.com\/hr\/izdelki\/lepila\/\"},{\"@type\":\"ListItem\",\"position\":4,\"name\":\"Ljepila za obu\u0107u\"}]},{\"@type\":\"WebSite\",\"@id\":\"https:\/\/www.kemostik.com\/hr\/#website\",\"url\":\"https:\/\/www.kemostik.com\/hr\/\",\"name\":\"KANSAI HELIOS Kemostik d.o.o\",\"description\":\"\",\"publisher\":{\"@id\":\"https:\/\/www.kemostik.com\/hr\/#organization\"},\"potentialAction\":[{\"@type\":\"SearchAction\",\"target\":{\"@type\":\"EntryPoint\",\"urlTemplate\":\"https:\/\/www.kemostik.com\/hr\/?s={search_term_string}\"},\"query-input\":{\"@type\":\"PropertyValueSpecification\",\"valueRequired\":true,\"valueName\":\"search_term_string\"}}],\"inLanguage\":\"hr\"},{\"@type\":\"Organization\",\"@id\":\"https:\/\/www.kemostik.com\/hr\/#organization\",\"name\":\"KANSAI HELIOS Kemostik d.o.o\",\"url\":\"https:\/\/www.kemostik.com\/hr\/\",\"logo\":{\"@type\":\"ImageObject\",\"inLanguage\":\"hr\",\"@id\":\"https:\/\/www.kemostik.com\/hr\/#\/schema\/logo\/image\/\",\"url\":\"https:\/\/www.kemostik.com\/wp-content\/uploads\/2024\/10\/kansai-helios-logo-transparent.png\",\"contentUrl\":\"https:\/\/www.kemostik.com\/wp-content\/uploads\/2024\/10\/kansai-helios-logo-transparent.png\",\"width\":240,\"height\":90,\"caption\":\"KANSAI HELIOS Kemostik d.o.o\"},\"image\":{\"@id\":\"https:\/\/www.kemostik.com\/hr\/#\/schema\/logo\/image\/\"}}]}<\/script>\n<!-- \/ Yoast SEO plugin. -->","yoast_head_json":{"title":"Ljepila za obu\u0107u - KANSAI HELIOS Kemostik d.o.o","robots":{"index":"index","follow":"follow","max-snippet":"max-snippet:-1","max-image-preview":"max-image-preview:large","max-video-preview":"max-video-preview:-1"},"canonical":"https:\/\/www.kemostik.com\/hr\/proizvodi\/ljepila\/ljepila-za-obucu\/","og_locale":"hr_HR","og_type":"article","og_title":"Ljepila za obu\u0107u - KANSAI HELIOS Kemostik d.o.o","og_description":"[vc_row][vc_column][vc_row_inner][vc_column_inner][vc_custom_heading text=&#8221;NEOSTIK ljepila za obu\u0107u za manje zahtjevna lijepljenja&#8221; font_container=&#8221;tag:h5|text_align:left&#8221; use_theme_fonts=&#8221;yes&#8221; css=&#8221;&#8221;][vc_column_text css=&#8221;&#8221;]Jednokomponentna ljepila na osnovi prirodne gume ili lateksa za manje zahtjevno spajanje prirodnih materijala prije \u0161ivanja, u proizvodnji gornjih dijelova obu\u0107e, galanterije, itd.[\/vc_column_text][\/vc_column_inner][\/vc_row_inner][vc_row_inner][vc_column_inner width=&#8221;1\/2&#8243;][vc_custom_heading text=&#8221;NEOSTIK ljepila na osnovi polikloroprena za razli\u010dita lijepljenja u proizvodnji obu\u0107e i torbi&#8221; font_container=&#8221;tag:h5|text_align:left&#8221; use_theme_fonts=&#8221;yes&#8221; css=&#8221;&#8221;][vc_column_text css=&#8221;&#8221;]Dizajnirana su za...","og_url":"https:\/\/www.kemostik.com\/hr\/proizvodi\/ljepila\/ljepila-za-obucu\/","og_site_name":"KANSAI HELIOS Kemostik d.o.o","article_modified_time":"2025-03-16T16:06:02+00:00","twitter_card":"summary_large_image","twitter_misc":{"Procijenjeno vrijeme \u010ditanja":"2 minute"},"schema":{"@context":"https:\/\/schema.org","@graph":[{"@type":"WebPage","@id":"https:\/\/www.kemostik.com\/hr\/proizvodi\/ljepila\/ljepila-za-obucu\/","url":"https:\/\/www.kemostik.com\/hr\/proizvodi\/ljepila\/ljepila-za-obucu\/","name":"Ljepila za obu\u0107u - KANSAI HELIOS Kemostik d.o.o","isPartOf":{"@id":"https:\/\/www.kemostik.com\/hr\/#website"},"datePublished":"2024-12-12T22:50:02+00:00","dateModified":"2025-03-16T16:06:02+00:00","breadcrumb":{"@id":"https:\/\/www.kemostik.com\/hr\/proizvodi\/ljepila\/ljepila-za-obucu\/#breadcrumb"},"inLanguage":"hr","potentialAction":[{"@type":"ReadAction","target":["https:\/\/www.kemostik.com\/hr\/proizvodi\/ljepila\/ljepila-za-obucu\/"]}]},{"@type":"BreadcrumbList","@id":"https:\/\/www.kemostik.com\/hr\/proizvodi\/ljepila\/ljepila-za-obucu\/#breadcrumb","itemListElement":[{"@type":"ListItem","position":1,"name":"Home","item":"https:\/\/www.kemostik.com\/hr\/"},{"@type":"ListItem","position":2,"name":"Proizvodi","item":"https:\/\/www.kemostik.com\/hr\/izdelki\/"},{"@type":"ListItem","position":3,"name":"Ljepila","item":"https:\/\/www.kemostik.com\/hr\/izdelki\/lepila\/"},{"@type":"ListItem","position":4,"name":"Ljepila za obu\u0107u"}]},{"@type":"WebSite","@id":"https:\/\/www.kemostik.com\/hr\/#website","url":"https:\/\/www.kemostik.com\/hr\/","name":"KANSAI HELIOS Kemostik d.o.o","description":"","publisher":{"@id":"https:\/\/www.kemostik.com\/hr\/#organization"},"potentialAction":[{"@type":"SearchAction","target":{"@type":"EntryPoint","urlTemplate":"https:\/\/www.kemostik.com\/hr\/?s={search_term_string}"},"query-input":{"@type":"PropertyValueSpecification","valueRequired":true,"valueName":"search_term_string"}}],"inLanguage":"hr"},{"@type":"Organization","@id":"https:\/\/www.kemostik.com\/hr\/#organization","name":"KANSAI HELIOS Kemostik d.o.o","url":"https:\/\/www.kemostik.com\/hr\/","logo":{"@type":"ImageObject","inLanguage":"hr","@id":"https:\/\/www.kemostik.com\/hr\/#\/schema\/logo\/image\/","url":"https:\/\/www.kemostik.com\/wp-content\/uploads\/2024\/10\/kansai-helios-logo-transparent.png","contentUrl":"https:\/\/www.kemostik.com\/wp-content\/uploads\/2024\/10\/kansai-helios-logo-transparent.png","width":240,"height":90,"caption":"KANSAI HELIOS Kemostik d.o.o"},"image":{"@id":"https:\/\/www.kemostik.com\/hr\/#\/schema\/logo\/image\/"}}]}},"_links":{"self":[{"href":"https:\/\/www.kemostik.com\/hr\/wp-json\/wp\/v2\/pages\/1979","targetHints":{"allow":["GET"]}}],"collection":[{"href":"https:\/\/www.kemostik.com\/hr\/wp-json\/wp\/v2\/pages"}],"about":[{"href":"https:\/\/www.kemostik.com\/hr\/wp-json\/wp\/v2\/types\/page"}],"author":[{"embeddable":true,"href":"https:\/\/www.kemostik.com\/hr\/wp-json\/wp\/v2\/users\/1"}],"replies":[{"embeddable":true,"href":"https:\/\/www.kemostik.com\/hr\/wp-json\/wp\/v2\/comments?post=1979"}],"version-history":[{"count":4,"href":"https:\/\/www.kemostik.com\/hr\/wp-json\/wp\/v2\/pages\/1979\/revisions"}],"predecessor-version":[{"id":2067,"href":"https:\/\/www.kemostik.com\/hr\/wp-json\/wp\/v2\/pages\/1979\/revisions\/2067"}],"up":[{"embeddable":true,"href":"https:\/\/www.kemostik.com\/hr\/wp-json\/wp\/v2\/pages\/1983"}],"wp:attachment":[{"href":"https:\/\/www.kemostik.com\/hr\/wp-json\/wp\/v2\/media?parent=1979"}],"curies":[{"name":"wp","href":"https:\/\/api.w.org\/{rel}","templated":true}]}}