{"id":1743,"date":"2024-10-05T23:45:19","date_gmt":"2024-10-05T21:45:19","guid":{"rendered":"https:\/\/www.kemostik.com\/pravno-obvestilo\/"},"modified":"2025-09-22T11:31:15","modified_gmt":"2025-09-22T09:31:15","slug":"avviso-legale","status":"publish","type":"page","link":"https:\/\/www.kemostik.com\/it\/avviso-legale\/","title":{"rendered":"Avviso legale"},"content":{"rendered":"<div class=\"wpb-content-wrapper\"><p>[vc_row][vc_column][vc_column_text css=&#8221;&#8221;]Questo sito web fornisce informazioni generali su KANSAI HELIOS Kemostik d.o.o. e sulle societ\u00e0 ad essa collegate, sulle loro attivit\u00e0 e sui loro prodotti. Ti invitiamo a leggere attentamente la presente informativa, che si applica a tutti coloro che visitano questo sito web.<\/p>\n<p>Utilizzando il sito web https:\/\/www.kemostik.si, l&#8217;utente riconosce di aver accettato e acconsentito ai termini e alle condizioni qui descritti.<\/p>\n<p>&nbsp;<\/p>\n<p><strong>Regole e condizioni generali<\/strong><\/p>\n<p>&nbsp;<\/p>\n<p><strong> <a href=\"https:\/\/www.kemostik.com\/wp-content\/uploads\/2025\/09\/KH-Kemostik-GTC-09-2025-EN.pdf\" target=\"_blank\" rel=\"noopener\">KANSAI HELIOS Kemostik d.o.o. &#8211; Regole e condizioni generali<\/a><\/strong><\/p>\n<p>&nbsp;<\/p>\n<p>&nbsp;<\/p>\n<p><strong>Informazioni sull&#8217;azienda<\/strong><\/p>\n<table class=\"data-table\">\n<tbody>\n<tr>\n<td>Nome dell&#8217;azienda:<\/td>\n<td>KANSAI HELIOS Kemostik, tovarna lepil in kemi\u010dnih izdelkov d.o.o.<\/td>\n<\/tr>\n<tr>\n<td>Nome breve dell&#8217;azienda:<\/td>\n<td>KANSAI HELIOS Kemostik d.o.o.<\/td>\n<\/tr>\n<tr>\n<td>Numero di registrazione:<\/td>\n<td>5043492000<\/td>\n<\/tr>\n<tr>\n<td>Codice fiscale:<\/td>\n<td>SI 22323538<\/td>\n<\/tr>\n<tr>\n<td>Numero di deposito:<\/td>\n<td>10216000, Sodni register, Okro\u017eno sodi\u0161\u010de v Ljubljani<\/td>\n<\/tr>\n<tr>\n<td>Sede centrale:<\/td>\n<td>Mekinje<\/td>\n<\/tr>\n<tr>\n<td>Indirizzo commerciale:<\/td>\n<td>Mekinje, Molkova pot 16, 1241  Kamnik<\/td>\n<\/tr>\n<tr>\n<td>Telefono:<\/td>\n<td>+386 (0)1 830 37 50<\/td>\n<\/tr>\n<tr>\n<td>Fax:<\/td>\n<td>+386 (0)1 830 37 69<\/td>\n<\/tr>\n<tr>\n<td>Contatti:<\/td>\n<td><a href=\"https:\/\/www.kemostik.com\/it\/contatti\/\">Contattaci<\/a><\/td>\n<\/tr>\n<\/tbody>\n<\/table>\n<div style=\"display: flex; flex-direction: row; justify-content: start;\"><a href=\"https:\/\/www.helios-group.eu\/\" target=\"_blank\" rel=\"noopener\"><br \/>\n<img decoding=\"async\" style=\"width: auto; height: 25px;\" src=\"\/wp-content\/themes\/helios-theme\/assets\/logo\/Member-of-Kansai-Helios-RGB.svg\" \/><br \/>\n<\/a><br \/>\n<a href=\"https:\/\/www.kansai.com\/\" target=\"_blank\" rel=\"noopener\"><br \/>\n<img decoding=\"async\" style=\"width: auto; height: 25px; padding-left: 25px;\" src=\"\/wp-content\/themes\/helios-theme\/assets\/logo\/Part-of-Kansai-Paint-RGB.svg\" \/><br \/>\n<\/a><\/div>\n<p>&nbsp;<\/p>\n<p>&nbsp;<\/p>\n<p><strong>Informazioni legali<\/strong><\/p>\n<p>Tutti i diritti riservati. Questo avviso si applica alla home page e a tutte le sottopagine del sito web. <a href=\"https:\/\/www.kemostik.com\/it\/\"><\/a>. Tutte le informazioni e il materiale (scritto e illustrativo) presenti sul sito web <a href=\"https:\/\/www.kemostik.com\/it\/\"><\/a> sono protetti da copyright e da diritti di propriet\u00e0 industriale e\/o correlati di propriet\u00e0 di KANSAI HELIOS Kemostik d.o.o. e\/o delle sue societ\u00e0 affiliate. L&#8217;Utente pu\u00f2 utilizzare il contenuto del sito web https:\/\/www.kemostik.si esclusivamente per uso personale e non commerciale. Qualsiasi altro uso del contenuto del sito web \u00e8 vietato. <a href=\"https:\/\/www.kemostik.com\/it\/\"><\/a>soprattutto per scopi commerciali.<\/p>\n<p>&nbsp;<\/p>\n<p>&nbsp;<\/p>\n<p><strong>Restrizioni all&#8217;uso di informazioni e materiali<\/strong><\/p>\n<p>Tutte le informazioni e il materiale (scritto e illustrato) pubblicati sul sito web <a href=\"https:\/\/www.kemostik.com\/it\/\"><\/a> possono essere riprodotti solo per scopi non commerciali e devono essere rispettati tutti gli avvisi di copyright, diritti connessi e\/o diritti di propriet\u00e0 industriale. Queste informazioni e questo materiale non possono essere copiati, riprodotti o distribuiti in altro modo per scopi commerciali senza l&#8217;espressa autorizzazione scritta di KANSAI HELIOS Kemostik Ltd. e\/o delle sue societ\u00e0 collegate.<\/p>\n<p>Qualsiasi riproduzione o riproduzione di contenuti di questo sito web deve utilizzare il logo KANSAI HELIOS Kemostik d.o.o., in conformit\u00e0 con le regole della grafica integrata &#8211; tutti i diritti riservati. Sito web <a href=\"https:\/\/www.kemostik.com\/it\/\"> <\/a>contiene anche informazioni di terzi e link a siti web di terzi; KANSAI HELIOS Kemostik d.o.o. non \u00e8 responsabile del loro contenuto e non fornisce alcuna garanzia al riguardo. La responsabilit\u00e0 di KANSAI HELIOS Kemostik d.o.o. \u00e8 esclusa nella sua interezza quando si visitano e si utilizzano i siti web collegati.<\/p>\n<p>Il presente Avviso Legale pu\u00f2 essere modificato da KANSAI HELIOS Kemostik d.o.o. in qualsiasi momento ed \u00e8 vincolante per gli utenti in qualsiasi forma in cui sia in vigore in qualsiasi momento, pertanto si consiglia agli utenti di leggerlo attentamente ogni volta che visitano il sito web. <a href=\"https:\/\/www.kemostik.com\/it\/\"><\/a>. Utilizzo del sito web <a href=\"https:\/\/www.kemostik.com\/it\/\"><\/a> \u00e8 proibito qualsiasi comportamento contrario alle regole qui esposte. L&#8217;utente che utilizza il sito web <a href=\"https:\/\/www.kemostik.com\/it\/\"><\/a> in violazione delle regole qui esposte, sar\u00e0 l&#8217;unico responsabile delle proprie azioni.<\/p>\n<p>&nbsp;<\/p>\n<p>&nbsp;<\/p>\n<p><strong>Limitazione di responsabilit\u00e0<\/strong><\/p>\n<p>Tutte le informazioni e i materiali presenti sul sito web <a href=\"https:\/\/www.kemostik.com\/it\/\"><\/a> sono solo a titolo informativo. KANSAI HELIOS Kemostik d.o.o. si impegna a garantire che le informazioni contenute nel sito web siano corrette, aggiornate e complete. <a href=\"https:\/\/www.kemostik.com\/it\/\"><\/a>ma non pu\u00f2 garantirne l&#8217;accuratezza o la completezza e non si assume alcuna responsabilit\u00e0 al riguardo.<\/p>\n<p>Gli utenti utilizzano il sito web <a href=\"https:\/\/www.kemostik.com\/it\/\"><\/a> e i contenuti pubblicati su questo sito web a tuo rischio e pericolo. Pertanto, n\u00e9 KANSAI HELIOS Kemostik d.o.o. n\u00e9 alcuna persona fisica o giuridica coinvolta nella creazione e nello sviluppo del sito web o ancora coinvolta nei suoi aggiornamenti sar\u00e0 responsabile di eventuali danni derivanti dall&#8217;accesso, dall&#8217;uso o dall&#8217;impossibilit\u00e0 di usare le informazioni contenute in questo sito web o di eventuali errori o omissioni nel suo contenuto.<\/p>\n<p>KANSAI HELIOS Kemostik d.o.o. non sar\u00e0 responsabile per eventuali danni (compresi quelli causati da virus) derivanti dalla visita al sito web. <a href=\"https:\/\/www.kemostik.com\/it\/\"><\/a> o qualsiasi utilizzo dello stesso da parte dell&#8217;utente su apparecchiature informatiche, telefoni cellulari o qualsiasi altro dispositivo e\/o applicazione che possa essere utilizzata per accedere a questo sito web. Inoltre, KANSAI HELIOS Kemostik d.o.o. non sar\u00e0 responsabile per qualsiasi altro tipo di danno che possa derivare dall&#8217;uso o dall&#8217;impossibilit\u00e0 di usare il sito web. <a href=\"https:\/\/www.kemostik.com\/it\/\"><\/a>. KANSAI HELIOS Kemostik d.o.o. si riserva il diritto di modificare il contenuto del sito web. <a href=\"https:\/\/www.kemostik.com\/it\/\"><\/a> in qualsiasi momento, in qualsiasi modo, per qualsiasi motivo, senza preavviso, e non sar\u00e0 responsabile delle conseguenze di tali modifiche.[\/vc_column_text][\/vc_column][\/vc_row]<\/p>\n<\/div>","protected":false},"excerpt":{"rendered":"<p>[vc_row][vc_column][vc_column_text css=&#8221;&#8221;]Questo sito web fornisce informazioni generali su KANSAI HELIOS Kemostik d.o.o. e sulle societ\u00e0 ad essa collegate, sulle loro attivit\u00e0 e sui loro prodotti. Ti invitiamo a leggere attentamente la presente informativa, che si applica a tutti coloro che visitano questo sito web. Utilizzando il sito web https:\/\/www.kemostik.si, l&#8217;utente riconosce di aver accettato e&#8230;<\/p>\n","protected":false},"author":1,"featured_media":0,"parent":0,"menu_order":0,"comment_status":"closed","ping_status":"closed","template":"","meta":{"footnotes":""},"class_list":["post-1743","page","type-page","status-publish","hentry"],"yoast_head":"<!-- This site is optimized with the Yoast SEO plugin v27.2 - https:\/\/yoast.com\/product\/yoast-seo-wordpress\/ -->\n<title>Avviso legale - KANSAI HELIOS Kemostik d.o.o<\/title>\n<meta name=\"robots\" content=\"index, follow, max-snippet:-1, max-image-preview:large, max-video-preview:-1\" \/>\n<link rel=\"canonical\" href=\"https:\/\/www.kemostik.com\/it\/avviso-legale\/\" \/>\n<meta property=\"og:locale\" content=\"it_IT\" \/>\n<meta property=\"og:type\" content=\"article\" \/>\n<meta property=\"og:title\" content=\"Avviso legale - KANSAI HELIOS Kemostik d.o.o\" \/>\n<meta property=\"og:description\" content=\"[vc_row][vc_column][vc_column_text css=&#8221;&#8221;]Questo sito web fornisce informazioni generali su KANSAI HELIOS Kemostik d.o.o. e sulle societ\u00e0 ad essa collegate, sulle loro attivit\u00e0 e sui loro prodotti. Ti invitiamo a leggere attentamente la presente informativa, che si applica a tutti coloro che visitano questo sito web. Utilizzando il sito web https:\/\/www.kemostik.si, l&#8217;utente riconosce di aver accettato e...\" \/>\n<meta property=\"og:url\" content=\"https:\/\/www.kemostik.com\/it\/avviso-legale\/\" \/>\n<meta property=\"og:site_name\" content=\"KANSAI HELIOS Kemostik d.o.o\" \/>\n<meta property=\"article:modified_time\" content=\"2025-09-22T09:31:15+00:00\" \/>\n<meta name=\"twitter:card\" content=\"summary_large_image\" \/>\n<meta name=\"twitter:label1\" content=\"Tempo di lettura stimato\" \/>\n\t<meta name=\"twitter:data1\" content=\"5 minuti\" \/>\n<script type=\"application\/ld+json\" class=\"yoast-schema-graph\">{\"@context\":\"https:\/\/schema.org\",\"@graph\":[{\"@type\":\"WebPage\",\"@id\":\"https:\/\/www.kemostik.com\/it\/avviso-legale\/\",\"url\":\"https:\/\/www.kemostik.com\/it\/avviso-legale\/\",\"name\":\"Avviso legale - KANSAI HELIOS Kemostik d.o.o\",\"isPartOf\":{\"@id\":\"https:\/\/www.kemostik.com\/it\/#website\"},\"datePublished\":\"2024-10-05T21:45:19+00:00\",\"dateModified\":\"2025-09-22T09:31:15+00:00\",\"breadcrumb\":{\"@id\":\"https:\/\/www.kemostik.com\/it\/avviso-legale\/#breadcrumb\"},\"inLanguage\":\"it-IT\",\"potentialAction\":[{\"@type\":\"ReadAction\",\"target\":[\"https:\/\/www.kemostik.com\/it\/avviso-legale\/\"]}]},{\"@type\":\"BreadcrumbList\",\"@id\":\"https:\/\/www.kemostik.com\/it\/avviso-legale\/#breadcrumb\",\"itemListElement\":[{\"@type\":\"ListItem\",\"position\":1,\"name\":\"Home\",\"item\":\"https:\/\/www.kemostik.com\/it\/\"},{\"@type\":\"ListItem\",\"position\":2,\"name\":\"Avviso legale\"}]},{\"@type\":\"WebSite\",\"@id\":\"https:\/\/www.kemostik.com\/it\/#website\",\"url\":\"https:\/\/www.kemostik.com\/it\/\",\"name\":\"KANSAI HELIOS Kemostik d.o.o\",\"description\":\"\",\"publisher\":{\"@id\":\"https:\/\/www.kemostik.com\/it\/#organization\"},\"potentialAction\":[{\"@type\":\"SearchAction\",\"target\":{\"@type\":\"EntryPoint\",\"urlTemplate\":\"https:\/\/www.kemostik.com\/it\/?s={search_term_string}\"},\"query-input\":{\"@type\":\"PropertyValueSpecification\",\"valueRequired\":true,\"valueName\":\"search_term_string\"}}],\"inLanguage\":\"it-IT\"},{\"@type\":\"Organization\",\"@id\":\"https:\/\/www.kemostik.com\/it\/#organization\",\"name\":\"KANSAI HELIOS Kemostik d.o.o\",\"url\":\"https:\/\/www.kemostik.com\/it\/\",\"logo\":{\"@type\":\"ImageObject\",\"inLanguage\":\"it-IT\",\"@id\":\"https:\/\/www.kemostik.com\/it\/#\/schema\/logo\/image\/\",\"url\":\"https:\/\/www.kemostik.com\/wp-content\/uploads\/2024\/10\/kansai-helios-logo-transparent.png\",\"contentUrl\":\"https:\/\/www.kemostik.com\/wp-content\/uploads\/2024\/10\/kansai-helios-logo-transparent.png\",\"width\":240,\"height\":90,\"caption\":\"KANSAI HELIOS Kemostik d.o.o\"},\"image\":{\"@id\":\"https:\/\/www.kemostik.com\/it\/#\/schema\/logo\/image\/\"}}]}<\/script>\n<!-- \/ Yoast SEO plugin. -->","yoast_head_json":{"title":"Avviso legale - KANSAI HELIOS Kemostik d.o.o","robots":{"index":"index","follow":"follow","max-snippet":"max-snippet:-1","max-image-preview":"max-image-preview:large","max-video-preview":"max-video-preview:-1"},"canonical":"https:\/\/www.kemostik.com\/it\/avviso-legale\/","og_locale":"it_IT","og_type":"article","og_title":"Avviso legale - KANSAI HELIOS Kemostik d.o.o","og_description":"[vc_row][vc_column][vc_column_text css=&#8221;&#8221;]Questo sito web fornisce informazioni generali su KANSAI HELIOS Kemostik d.o.o. e sulle societ\u00e0 ad essa collegate, sulle loro attivit\u00e0 e sui loro prodotti. Ti invitiamo a leggere attentamente la presente informativa, che si applica a tutti coloro che visitano questo sito web. Utilizzando il sito web https:\/\/www.kemostik.si, l&#8217;utente riconosce di aver accettato e...","og_url":"https:\/\/www.kemostik.com\/it\/avviso-legale\/","og_site_name":"KANSAI HELIOS Kemostik d.o.o","article_modified_time":"2025-09-22T09:31:15+00:00","twitter_card":"summary_large_image","twitter_misc":{"Tempo di lettura stimato":"5 minuti"},"schema":{"@context":"https:\/\/schema.org","@graph":[{"@type":"WebPage","@id":"https:\/\/www.kemostik.com\/it\/avviso-legale\/","url":"https:\/\/www.kemostik.com\/it\/avviso-legale\/","name":"Avviso legale - KANSAI HELIOS Kemostik d.o.o","isPartOf":{"@id":"https:\/\/www.kemostik.com\/it\/#website"},"datePublished":"2024-10-05T21:45:19+00:00","dateModified":"2025-09-22T09:31:15+00:00","breadcrumb":{"@id":"https:\/\/www.kemostik.com\/it\/avviso-legale\/#breadcrumb"},"inLanguage":"it-IT","potentialAction":[{"@type":"ReadAction","target":["https:\/\/www.kemostik.com\/it\/avviso-legale\/"]}]},{"@type":"BreadcrumbList","@id":"https:\/\/www.kemostik.com\/it\/avviso-legale\/#breadcrumb","itemListElement":[{"@type":"ListItem","position":1,"name":"Home","item":"https:\/\/www.kemostik.com\/it\/"},{"@type":"ListItem","position":2,"name":"Avviso legale"}]},{"@type":"WebSite","@id":"https:\/\/www.kemostik.com\/it\/#website","url":"https:\/\/www.kemostik.com\/it\/","name":"KANSAI HELIOS Kemostik d.o.o","description":"","publisher":{"@id":"https:\/\/www.kemostik.com\/it\/#organization"},"potentialAction":[{"@type":"SearchAction","target":{"@type":"EntryPoint","urlTemplate":"https:\/\/www.kemostik.com\/it\/?s={search_term_string}"},"query-input":{"@type":"PropertyValueSpecification","valueRequired":true,"valueName":"search_term_string"}}],"inLanguage":"it-IT"},{"@type":"Organization","@id":"https:\/\/www.kemostik.com\/it\/#organization","name":"KANSAI HELIOS Kemostik d.o.o","url":"https:\/\/www.kemostik.com\/it\/","logo":{"@type":"ImageObject","inLanguage":"it-IT","@id":"https:\/\/www.kemostik.com\/it\/#\/schema\/logo\/image\/","url":"https:\/\/www.kemostik.com\/wp-content\/uploads\/2024\/10\/kansai-helios-logo-transparent.png","contentUrl":"https:\/\/www.kemostik.com\/wp-content\/uploads\/2024\/10\/kansai-helios-logo-transparent.png","width":240,"height":90,"caption":"KANSAI HELIOS Kemostik d.o.o"},"image":{"@id":"https:\/\/www.kemostik.com\/it\/#\/schema\/logo\/image\/"}}]}},"_links":{"self":[{"href":"https:\/\/www.kemostik.com\/it\/wp-json\/wp\/v2\/pages\/1743","targetHints":{"allow":["GET"]}}],"collection":[{"href":"https:\/\/www.kemostik.com\/it\/wp-json\/wp\/v2\/pages"}],"about":[{"href":"https:\/\/www.kemostik.com\/it\/wp-json\/wp\/v2\/types\/page"}],"author":[{"embeddable":true,"href":"https:\/\/www.kemostik.com\/it\/wp-json\/wp\/v2\/users\/1"}],"replies":[{"embeddable":true,"href":"https:\/\/www.kemostik.com\/it\/wp-json\/wp\/v2\/comments?post=1743"}],"version-history":[{"count":9,"href":"https:\/\/www.kemostik.com\/it\/wp-json\/wp\/v2\/pages\/1743\/revisions"}],"predecessor-version":[{"id":3811,"href":"https:\/\/www.kemostik.com\/it\/wp-json\/wp\/v2\/pages\/1743\/revisions\/3811"}],"wp:attachment":[{"href":"https:\/\/www.kemostik.com\/it\/wp-json\/wp\/v2\/media?parent=1743"}],"curies":[{"name":"wp","href":"https:\/\/api.w.org\/{rel}","templated":true}]}}