{"id":1823,"date":"2024-12-12T22:11:28","date_gmt":"2024-12-12T21:11:28","guid":{"rendered":"https:\/\/www.kemostik.com\/politika-zdravja-varnosti-in-dobrega-pocutja\/"},"modified":"2025-04-22T13:13:36","modified_gmt":"2025-04-22T11:13:36","slug":"politica-in-materia-di-salute-sicurezza-e-benessere","status":"publish","type":"page","link":"https:\/\/www.kemostik.com\/it\/politica-in-materia-di-salute-sicurezza-e-benessere\/","title":{"rendered":"Politica in materia di salute, sicurezza e benessere"},"content":{"rendered":"<div class=\"wpb-content-wrapper\"><p>[vc_row][vc_column][vc_row_inner equal_height=&#8221;yes&#8221; content_placement=&#8221;middle&#8221;][vc_column_inner][vc_column_text css=&#8221;&#8221;]Nel Gruppo Kansai Helios, la salvaguardia della salute, della sicurezza e del benessere delle nostre persone e comunit\u00e0 \u00e8 pi\u00f9 di un impegno \u2013 \u00e8 la nostra promessa solenne.<br \/>\nQuesta Policy \u00e8 il faro che ci guida nella creazione di un posto di lavoro libero da pericoli, nella coltivazione di una cultura di cura e nell\u2019assicurazione del rispetto della normativa.[\/vc_column_text][\/vc_column_inner][\/vc_row_inner]                <a class=\"btn btn-default\" rel=\"\" target=\"_blank\" href=\"\/wp-content\/uploads\/2025\/03\/IT_Health-Policy_2025_WEB_wosign.pdf\">POLITICA IN MATERIA DI SALUTE, SICUREZZA E BENESSERE<\/a>\r\n\t\t\t\t\r\n\t\t\t<div class=\"helios_section_distance s\"><\/div>\r\n\r\n\t\t\t[\/vc_column][\/vc_row][vc_row disable_element=&#8221;yes&#8221;][vc_column][vc_row_inner][vc_column_inner width=&#8221;1\/2&#8243;][vc_custom_heading text=&#8221;Ni\u010d nezgod in zdravo delovno mesto&#8221; font_container=&#8221;tag:h4|text_align:left&#8221; use_theme_fonts=&#8221;yes&#8221; css=&#8221;&#8221;][vc_column_text css=&#8221;&#8221;]V sklopu iniciative \u00bbHero for Zero\u00ab (Vsak je lahko junak) pove\u010dujemo obseg aktivnosti na podro\u010dju varnosti in zdravja pri delu ter spodbujamo zaposlene, da prevzamejo aktivno vlogo pri skrbi za varnost in zdravje sebe kot tudi drugih. Z razli\u010dnimi aktivnostmi in programi na delovnem mestu skrbimo za dobro po\u010dutje na\u0161ih zaposlenih in ozave\u0161\u010damo o pomenu zdravega \u017eivljenjskega sloga.[\/vc_column_text][\/vc_column_inner][vc_column_inner width=&#8221;1\/2&#8243;][vc_single_image image=&#8221;245&#8243; img_size=&#8221;825&#215;550&#8243; css=&#8221;&#8221;][\/vc_column_inner][\/vc_row_inner]\r\n\t\t\t<div class=\"helios_section_distance s\"><\/div>\r\n\r\n\t\t\t[vc_row_inner][vc_column_inner width=&#8221;1\/2&#8243;][vc_custom_heading text=&#8221;Zagotavljanje varnosti v podjetju&#8221; font_container=&#8221;tag:h4|text_align:left&#8221; use_theme_fonts=&#8221;yes&#8221; css=&#8221;&#8221;][vc_column_text css=&#8221;&#8221;]Na podlagi Uredbe o prepre\u010devanju ve\u010djih nesre\u010d in zmanj\u0161evanju njihovih posledic, objavljamo javne informacije o varnostnih ukrepih, ki jih izvajamo v podjetju KANSAI HELIOS Slovenija. V pripetih dokumentih lahko najdete ve\u010d informacij o na\u0161i politiki prepre\u010devanja nesre\u010d ter potrditev izdelave varnostnega poro\u010dila in izdanega okoljevarstvenega dovoljenja.<\/p>\n<p>V priponkah najdete tudi napotke za ustrezno ukrepanje in ravnanje ob ve\u010dji nesre\u010di. Dokumenti so hkrati potrditev, da podjetje KANSAI HELIOS Slovenija izvaja ustrezne ukrepe za obvladovanje ve\u010djih nesre\u010d in za zmanj\u0161evanje njihovih posledic, \u0161e posebej da sodelujemo z re\u0161evalnimi in drugimi pristojnimi slu\u017ebami. Informacija za javnost podaja \u0161e podatke o in\u0161pekcijskem nadzoru ter kontakt kjer zainteresirani lahko dobite podrobnej\u0161e podatke o varnostnih ukrepih in in\u0161pekcijskem nadzoru.[\/vc_column_text][\/vc_column_inner][vc_column_inner width=&#8221;1\/2&#8243;][vc_single_image image=&#8221;244&#8243; img_size=&#8221;825&#215;550&#8243; css=&#8221;&#8221;][\/vc_column_inner][\/vc_row_inner]\r\n\t\t\t<div class=\"helios_section_distance s\"><\/div>\r\n\r\n\t\t\t[\/vc_column][\/vc_row]<\/p>\n<\/div>","protected":false},"excerpt":{"rendered":"<p>[vc_row][vc_column][vc_row_inner equal_height=&#8221;yes&#8221; content_placement=&#8221;middle&#8221;][vc_column_inner][vc_column_text css=&#8221;&#8221;]Nel Gruppo Kansai Helios, la salvaguardia della salute, della sicurezza e del benessere delle nostre persone e comunit\u00e0 \u00e8 pi\u00f9 di un impegno \u2013 \u00e8 la nostra promessa solenne. Questa Policy \u00e8 il faro che ci guida nella creazione di un posto di lavoro libero da pericoli, nella coltivazione di una cultura&#8230;<\/p>\n","protected":false},"author":1,"featured_media":0,"parent":0,"menu_order":0,"comment_status":"closed","ping_status":"closed","template":"","meta":{"footnotes":""},"class_list":["post-1823","page","type-page","status-publish","hentry"],"yoast_head":"<!-- This site is optimized with the Yoast SEO plugin v27.2 - https:\/\/yoast.com\/product\/yoast-seo-wordpress\/ -->\n<title>Politica in materia di salute, sicurezza e benessere - KANSAI HELIOS Kemostik d.o.o<\/title>\n<meta name=\"robots\" content=\"index, follow, max-snippet:-1, max-image-preview:large, max-video-preview:-1\" \/>\n<link rel=\"canonical\" href=\"https:\/\/www.kemostik.com\/it\/politica-in-materia-di-salute-sicurezza-e-benessere\/\" \/>\n<meta property=\"og:locale\" content=\"it_IT\" \/>\n<meta property=\"og:type\" content=\"article\" \/>\n<meta property=\"og:title\" content=\"Politica in materia di salute, sicurezza e benessere - KANSAI HELIOS Kemostik d.o.o\" \/>\n<meta property=\"og:description\" content=\"[vc_row][vc_column][vc_row_inner equal_height=&#8221;yes&#8221; content_placement=&#8221;middle&#8221;][vc_column_inner][vc_column_text css=&#8221;&#8221;]Nel Gruppo Kansai Helios, la salvaguardia della salute, della sicurezza e del benessere delle nostre persone e comunit\u00e0 \u00e8 pi\u00f9 di un impegno \u2013 \u00e8 la nostra promessa solenne. Questa Policy \u00e8 il faro che ci guida nella creazione di un posto di lavoro libero da pericoli, nella coltivazione di una cultura...\" \/>\n<meta property=\"og:url\" content=\"https:\/\/www.kemostik.com\/it\/politica-in-materia-di-salute-sicurezza-e-benessere\/\" \/>\n<meta property=\"og:site_name\" content=\"KANSAI HELIOS Kemostik d.o.o\" \/>\n<meta property=\"article:modified_time\" content=\"2025-04-22T11:13:36+00:00\" \/>\n<meta name=\"twitter:card\" content=\"summary_large_image\" \/>\n<meta name=\"twitter:label1\" content=\"Tempo di lettura stimato\" \/>\n\t<meta name=\"twitter:data1\" content=\"2 minuti\" \/>\n<script type=\"application\/ld+json\" class=\"yoast-schema-graph\">{\"@context\":\"https:\/\/schema.org\",\"@graph\":[{\"@type\":\"WebPage\",\"@id\":\"https:\/\/www.kemostik.com\/it\/politica-in-materia-di-salute-sicurezza-e-benessere\/\",\"url\":\"https:\/\/www.kemostik.com\/it\/politica-in-materia-di-salute-sicurezza-e-benessere\/\",\"name\":\"Politica in materia di salute, sicurezza e benessere - KANSAI HELIOS Kemostik d.o.o\",\"isPartOf\":{\"@id\":\"https:\/\/www.kemostik.com\/it\/#website\"},\"datePublished\":\"2024-12-12T21:11:28+00:00\",\"dateModified\":\"2025-04-22T11:13:36+00:00\",\"breadcrumb\":{\"@id\":\"https:\/\/www.kemostik.com\/it\/politica-in-materia-di-salute-sicurezza-e-benessere\/#breadcrumb\"},\"inLanguage\":\"it-IT\",\"potentialAction\":[{\"@type\":\"ReadAction\",\"target\":[\"https:\/\/www.kemostik.com\/it\/politica-in-materia-di-salute-sicurezza-e-benessere\/\"]}]},{\"@type\":\"BreadcrumbList\",\"@id\":\"https:\/\/www.kemostik.com\/it\/politica-in-materia-di-salute-sicurezza-e-benessere\/#breadcrumb\",\"itemListElement\":[{\"@type\":\"ListItem\",\"position\":1,\"name\":\"Home\",\"item\":\"https:\/\/www.kemostik.com\/it\/\"},{\"@type\":\"ListItem\",\"position\":2,\"name\":\"Politica in materia di salute, sicurezza e benessere\"}]},{\"@type\":\"WebSite\",\"@id\":\"https:\/\/www.kemostik.com\/it\/#website\",\"url\":\"https:\/\/www.kemostik.com\/it\/\",\"name\":\"KANSAI HELIOS Kemostik d.o.o\",\"description\":\"\",\"publisher\":{\"@id\":\"https:\/\/www.kemostik.com\/it\/#organization\"},\"potentialAction\":[{\"@type\":\"SearchAction\",\"target\":{\"@type\":\"EntryPoint\",\"urlTemplate\":\"https:\/\/www.kemostik.com\/it\/?s={search_term_string}\"},\"query-input\":{\"@type\":\"PropertyValueSpecification\",\"valueRequired\":true,\"valueName\":\"search_term_string\"}}],\"inLanguage\":\"it-IT\"},{\"@type\":\"Organization\",\"@id\":\"https:\/\/www.kemostik.com\/it\/#organization\",\"name\":\"KANSAI HELIOS Kemostik d.o.o\",\"url\":\"https:\/\/www.kemostik.com\/it\/\",\"logo\":{\"@type\":\"ImageObject\",\"inLanguage\":\"it-IT\",\"@id\":\"https:\/\/www.kemostik.com\/it\/#\/schema\/logo\/image\/\",\"url\":\"https:\/\/www.kemostik.com\/wp-content\/uploads\/2024\/10\/kansai-helios-logo-transparent.png\",\"contentUrl\":\"https:\/\/www.kemostik.com\/wp-content\/uploads\/2024\/10\/kansai-helios-logo-transparent.png\",\"width\":240,\"height\":90,\"caption\":\"KANSAI HELIOS Kemostik d.o.o\"},\"image\":{\"@id\":\"https:\/\/www.kemostik.com\/it\/#\/schema\/logo\/image\/\"}}]}<\/script>\n<!-- \/ Yoast SEO plugin. -->","yoast_head_json":{"title":"Politica in materia di salute, sicurezza e benessere - KANSAI HELIOS Kemostik d.o.o","robots":{"index":"index","follow":"follow","max-snippet":"max-snippet:-1","max-image-preview":"max-image-preview:large","max-video-preview":"max-video-preview:-1"},"canonical":"https:\/\/www.kemostik.com\/it\/politica-in-materia-di-salute-sicurezza-e-benessere\/","og_locale":"it_IT","og_type":"article","og_title":"Politica in materia di salute, sicurezza e benessere - KANSAI HELIOS Kemostik d.o.o","og_description":"[vc_row][vc_column][vc_row_inner equal_height=&#8221;yes&#8221; content_placement=&#8221;middle&#8221;][vc_column_inner][vc_column_text css=&#8221;&#8221;]Nel Gruppo Kansai Helios, la salvaguardia della salute, della sicurezza e del benessere delle nostre persone e comunit\u00e0 \u00e8 pi\u00f9 di un impegno \u2013 \u00e8 la nostra promessa solenne. Questa Policy \u00e8 il faro che ci guida nella creazione di un posto di lavoro libero da pericoli, nella coltivazione di una cultura...","og_url":"https:\/\/www.kemostik.com\/it\/politica-in-materia-di-salute-sicurezza-e-benessere\/","og_site_name":"KANSAI HELIOS Kemostik d.o.o","article_modified_time":"2025-04-22T11:13:36+00:00","twitter_card":"summary_large_image","twitter_misc":{"Tempo di lettura stimato":"2 minuti"},"schema":{"@context":"https:\/\/schema.org","@graph":[{"@type":"WebPage","@id":"https:\/\/www.kemostik.com\/it\/politica-in-materia-di-salute-sicurezza-e-benessere\/","url":"https:\/\/www.kemostik.com\/it\/politica-in-materia-di-salute-sicurezza-e-benessere\/","name":"Politica in materia di salute, sicurezza e benessere - KANSAI HELIOS Kemostik d.o.o","isPartOf":{"@id":"https:\/\/www.kemostik.com\/it\/#website"},"datePublished":"2024-12-12T21:11:28+00:00","dateModified":"2025-04-22T11:13:36+00:00","breadcrumb":{"@id":"https:\/\/www.kemostik.com\/it\/politica-in-materia-di-salute-sicurezza-e-benessere\/#breadcrumb"},"inLanguage":"it-IT","potentialAction":[{"@type":"ReadAction","target":["https:\/\/www.kemostik.com\/it\/politica-in-materia-di-salute-sicurezza-e-benessere\/"]}]},{"@type":"BreadcrumbList","@id":"https:\/\/www.kemostik.com\/it\/politica-in-materia-di-salute-sicurezza-e-benessere\/#breadcrumb","itemListElement":[{"@type":"ListItem","position":1,"name":"Home","item":"https:\/\/www.kemostik.com\/it\/"},{"@type":"ListItem","position":2,"name":"Politica in materia di salute, sicurezza e benessere"}]},{"@type":"WebSite","@id":"https:\/\/www.kemostik.com\/it\/#website","url":"https:\/\/www.kemostik.com\/it\/","name":"KANSAI HELIOS Kemostik d.o.o","description":"","publisher":{"@id":"https:\/\/www.kemostik.com\/it\/#organization"},"potentialAction":[{"@type":"SearchAction","target":{"@type":"EntryPoint","urlTemplate":"https:\/\/www.kemostik.com\/it\/?s={search_term_string}"},"query-input":{"@type":"PropertyValueSpecification","valueRequired":true,"valueName":"search_term_string"}}],"inLanguage":"it-IT"},{"@type":"Organization","@id":"https:\/\/www.kemostik.com\/it\/#organization","name":"KANSAI HELIOS Kemostik d.o.o","url":"https:\/\/www.kemostik.com\/it\/","logo":{"@type":"ImageObject","inLanguage":"it-IT","@id":"https:\/\/www.kemostik.com\/it\/#\/schema\/logo\/image\/","url":"https:\/\/www.kemostik.com\/wp-content\/uploads\/2024\/10\/kansai-helios-logo-transparent.png","contentUrl":"https:\/\/www.kemostik.com\/wp-content\/uploads\/2024\/10\/kansai-helios-logo-transparent.png","width":240,"height":90,"caption":"KANSAI HELIOS Kemostik d.o.o"},"image":{"@id":"https:\/\/www.kemostik.com\/it\/#\/schema\/logo\/image\/"}}]}},"_links":{"self":[{"href":"https:\/\/www.kemostik.com\/it\/wp-json\/wp\/v2\/pages\/1823","targetHints":{"allow":["GET"]}}],"collection":[{"href":"https:\/\/www.kemostik.com\/it\/wp-json\/wp\/v2\/pages"}],"about":[{"href":"https:\/\/www.kemostik.com\/it\/wp-json\/wp\/v2\/types\/page"}],"author":[{"embeddable":true,"href":"https:\/\/www.kemostik.com\/it\/wp-json\/wp\/v2\/users\/1"}],"replies":[{"embeddable":true,"href":"https:\/\/www.kemostik.com\/it\/wp-json\/wp\/v2\/comments?post=1823"}],"version-history":[{"count":3,"href":"https:\/\/www.kemostik.com\/it\/wp-json\/wp\/v2\/pages\/1823\/revisions"}],"predecessor-version":[{"id":3644,"href":"https:\/\/www.kemostik.com\/it\/wp-json\/wp\/v2\/pages\/1823\/revisions\/3644"}],"wp:attachment":[{"href":"https:\/\/www.kemostik.com\/it\/wp-json\/wp\/v2\/media?parent=1823"}],"curies":[{"name":"wp","href":"https:\/\/api.w.org\/{rel}","templated":true}]}}