{"id":1827,"date":"2024-12-12T22:04:39","date_gmt":"2024-12-12T21:04:39","guid":{"rendered":"https:\/\/www.kemostik.com\/okoljska-politika\/"},"modified":"2025-04-22T13:14:59","modified_gmt":"2025-04-22T11:14:59","slug":"politica-ambientale","status":"publish","type":"page","link":"https:\/\/www.kemostik.com\/it\/politica-ambientale\/","title":{"rendered":"Politica ambientale"},"content":{"rendered":"<div class=\"wpb-content-wrapper\"><p>[vc_row][vc_column][vc_row_inner equal_height=&#8221;yes&#8221; content_placement=&#8221;middle&#8221;][vc_column_inner][vc_column_text css=&#8221;&#8221;]Nel Gruppo KANSAI HELIOS, diamo priorit\u00e0 alla gestione ambientale nell\u2019ambito delle nostre operazioni e della catena del valore riconoscendo la sua importanza cruciale per le generazioni presenti e future.<\/p>\n<p>&nbsp;<\/p>\n<p>Questa Policy si applica a tutti i soggetti del Gruppo KANSAI HELIOS, ivi comprese le Societ\u00e0 controllate, le divisioni, le unit\u00e0 e gli stabilimenti aziendali. Ci aspettiamo che tutti i dipendenti rispettino tali principi nelle proprie attivit\u00e0 quotidiane, ed incoraggiamo i nostri partner, fornitori e collaboratori ad adeguarsi ad essi.[\/vc_column_text]                <a class=\"btn btn-default\" rel=\"\" target=\"_blank\" href=\"\/wp-content\/uploads\/2025\/03\/IT_Environmental-Policy_2025_WEB_wosign.pdf\">Politica ambientale<\/a>\r\n\t\t\t\t[\/vc_column_inner][\/vc_row_inner]\r\n\t\t\t<div class=\"helios_section_distance s\"><\/div>\r\n\r\n\t\t\t[\/vc_column][\/vc_row]<\/p>\n<\/div>","protected":false},"excerpt":{"rendered":"<p>[vc_row][vc_column][vc_row_inner equal_height=&#8221;yes&#8221; content_placement=&#8221;middle&#8221;][vc_column_inner][vc_column_text css=&#8221;&#8221;]Nel Gruppo KANSAI HELIOS, diamo priorit\u00e0 alla gestione ambientale nell\u2019ambito delle nostre operazioni e della catena del valore riconoscendo la sua importanza cruciale per le generazioni presenti e future. &nbsp; Questa Policy si applica a tutti i soggetti del Gruppo KANSAI HELIOS, ivi comprese le Societ\u00e0 controllate, le divisioni, le unit\u00e0 e&#8230;<\/p>\n","protected":false},"author":1,"featured_media":0,"parent":0,"menu_order":0,"comment_status":"closed","ping_status":"closed","template":"","meta":{"footnotes":""},"class_list":["post-1827","page","type-page","status-publish","hentry"],"yoast_head":"<!-- This site is optimized with the Yoast SEO plugin v27.2 - https:\/\/yoast.com\/product\/yoast-seo-wordpress\/ -->\n<title>Politica ambientale - KANSAI HELIOS Kemostik d.o.o<\/title>\n<meta name=\"robots\" content=\"index, follow, max-snippet:-1, max-image-preview:large, max-video-preview:-1\" \/>\n<link rel=\"canonical\" href=\"https:\/\/www.kemostik.com\/it\/politica-ambientale\/\" \/>\n<meta property=\"og:locale\" content=\"it_IT\" \/>\n<meta property=\"og:type\" content=\"article\" \/>\n<meta property=\"og:title\" content=\"Politica ambientale - KANSAI HELIOS Kemostik d.o.o\" \/>\n<meta property=\"og:description\" content=\"[vc_row][vc_column][vc_row_inner equal_height=&#8221;yes&#8221; content_placement=&#8221;middle&#8221;][vc_column_inner][vc_column_text css=&#8221;&#8221;]Nel Gruppo KANSAI HELIOS, diamo priorit\u00e0 alla gestione ambientale nell\u2019ambito delle nostre operazioni e della catena del valore riconoscendo la sua importanza cruciale per le generazioni presenti e future. &nbsp; Questa Policy si applica a tutti i soggetti del Gruppo KANSAI HELIOS, ivi comprese le Societ\u00e0 controllate, le divisioni, le unit\u00e0 e...\" \/>\n<meta property=\"og:url\" content=\"https:\/\/www.kemostik.com\/it\/politica-ambientale\/\" \/>\n<meta property=\"og:site_name\" content=\"KANSAI HELIOS Kemostik d.o.o\" \/>\n<meta property=\"article:modified_time\" content=\"2025-04-22T11:14:59+00:00\" \/>\n<meta name=\"twitter:card\" content=\"summary_large_image\" \/>\n<meta name=\"twitter:label1\" content=\"Tempo di lettura stimato\" \/>\n\t<meta name=\"twitter:data1\" content=\"1 minuto\" \/>\n<script type=\"application\/ld+json\" class=\"yoast-schema-graph\">{\"@context\":\"https:\/\/schema.org\",\"@graph\":[{\"@type\":\"WebPage\",\"@id\":\"https:\/\/www.kemostik.com\/it\/politica-ambientale\/\",\"url\":\"https:\/\/www.kemostik.com\/it\/politica-ambientale\/\",\"name\":\"Politica ambientale - KANSAI HELIOS Kemostik d.o.o\",\"isPartOf\":{\"@id\":\"https:\/\/www.kemostik.com\/it\/#website\"},\"datePublished\":\"2024-12-12T21:04:39+00:00\",\"dateModified\":\"2025-04-22T11:14:59+00:00\",\"breadcrumb\":{\"@id\":\"https:\/\/www.kemostik.com\/it\/politica-ambientale\/#breadcrumb\"},\"inLanguage\":\"it-IT\",\"potentialAction\":[{\"@type\":\"ReadAction\",\"target\":[\"https:\/\/www.kemostik.com\/it\/politica-ambientale\/\"]}]},{\"@type\":\"BreadcrumbList\",\"@id\":\"https:\/\/www.kemostik.com\/it\/politica-ambientale\/#breadcrumb\",\"itemListElement\":[{\"@type\":\"ListItem\",\"position\":1,\"name\":\"Home\",\"item\":\"https:\/\/www.kemostik.com\/it\/\"},{\"@type\":\"ListItem\",\"position\":2,\"name\":\"Politica ambientale\"}]},{\"@type\":\"WebSite\",\"@id\":\"https:\/\/www.kemostik.com\/it\/#website\",\"url\":\"https:\/\/www.kemostik.com\/it\/\",\"name\":\"KANSAI HELIOS Kemostik d.o.o\",\"description\":\"\",\"publisher\":{\"@id\":\"https:\/\/www.kemostik.com\/it\/#organization\"},\"potentialAction\":[{\"@type\":\"SearchAction\",\"target\":{\"@type\":\"EntryPoint\",\"urlTemplate\":\"https:\/\/www.kemostik.com\/it\/?s={search_term_string}\"},\"query-input\":{\"@type\":\"PropertyValueSpecification\",\"valueRequired\":true,\"valueName\":\"search_term_string\"}}],\"inLanguage\":\"it-IT\"},{\"@type\":\"Organization\",\"@id\":\"https:\/\/www.kemostik.com\/it\/#organization\",\"name\":\"KANSAI HELIOS Kemostik d.o.o\",\"url\":\"https:\/\/www.kemostik.com\/it\/\",\"logo\":{\"@type\":\"ImageObject\",\"inLanguage\":\"it-IT\",\"@id\":\"https:\/\/www.kemostik.com\/it\/#\/schema\/logo\/image\/\",\"url\":\"https:\/\/www.kemostik.com\/wp-content\/uploads\/2024\/10\/kansai-helios-logo-transparent.png\",\"contentUrl\":\"https:\/\/www.kemostik.com\/wp-content\/uploads\/2024\/10\/kansai-helios-logo-transparent.png\",\"width\":240,\"height\":90,\"caption\":\"KANSAI HELIOS Kemostik d.o.o\"},\"image\":{\"@id\":\"https:\/\/www.kemostik.com\/it\/#\/schema\/logo\/image\/\"}}]}<\/script>\n<!-- \/ Yoast SEO plugin. -->","yoast_head_json":{"title":"Politica ambientale - KANSAI HELIOS Kemostik d.o.o","robots":{"index":"index","follow":"follow","max-snippet":"max-snippet:-1","max-image-preview":"max-image-preview:large","max-video-preview":"max-video-preview:-1"},"canonical":"https:\/\/www.kemostik.com\/it\/politica-ambientale\/","og_locale":"it_IT","og_type":"article","og_title":"Politica ambientale - KANSAI HELIOS Kemostik d.o.o","og_description":"[vc_row][vc_column][vc_row_inner equal_height=&#8221;yes&#8221; content_placement=&#8221;middle&#8221;][vc_column_inner][vc_column_text css=&#8221;&#8221;]Nel Gruppo KANSAI HELIOS, diamo priorit\u00e0 alla gestione ambientale nell\u2019ambito delle nostre operazioni e della catena del valore riconoscendo la sua importanza cruciale per le generazioni presenti e future. &nbsp; Questa Policy si applica a tutti i soggetti del Gruppo KANSAI HELIOS, ivi comprese le Societ\u00e0 controllate, le divisioni, le unit\u00e0 e...","og_url":"https:\/\/www.kemostik.com\/it\/politica-ambientale\/","og_site_name":"KANSAI HELIOS Kemostik d.o.o","article_modified_time":"2025-04-22T11:14:59+00:00","twitter_card":"summary_large_image","twitter_misc":{"Tempo di lettura stimato":"1 minuto"},"schema":{"@context":"https:\/\/schema.org","@graph":[{"@type":"WebPage","@id":"https:\/\/www.kemostik.com\/it\/politica-ambientale\/","url":"https:\/\/www.kemostik.com\/it\/politica-ambientale\/","name":"Politica ambientale - KANSAI HELIOS Kemostik d.o.o","isPartOf":{"@id":"https:\/\/www.kemostik.com\/it\/#website"},"datePublished":"2024-12-12T21:04:39+00:00","dateModified":"2025-04-22T11:14:59+00:00","breadcrumb":{"@id":"https:\/\/www.kemostik.com\/it\/politica-ambientale\/#breadcrumb"},"inLanguage":"it-IT","potentialAction":[{"@type":"ReadAction","target":["https:\/\/www.kemostik.com\/it\/politica-ambientale\/"]}]},{"@type":"BreadcrumbList","@id":"https:\/\/www.kemostik.com\/it\/politica-ambientale\/#breadcrumb","itemListElement":[{"@type":"ListItem","position":1,"name":"Home","item":"https:\/\/www.kemostik.com\/it\/"},{"@type":"ListItem","position":2,"name":"Politica ambientale"}]},{"@type":"WebSite","@id":"https:\/\/www.kemostik.com\/it\/#website","url":"https:\/\/www.kemostik.com\/it\/","name":"KANSAI HELIOS Kemostik d.o.o","description":"","publisher":{"@id":"https:\/\/www.kemostik.com\/it\/#organization"},"potentialAction":[{"@type":"SearchAction","target":{"@type":"EntryPoint","urlTemplate":"https:\/\/www.kemostik.com\/it\/?s={search_term_string}"},"query-input":{"@type":"PropertyValueSpecification","valueRequired":true,"valueName":"search_term_string"}}],"inLanguage":"it-IT"},{"@type":"Organization","@id":"https:\/\/www.kemostik.com\/it\/#organization","name":"KANSAI HELIOS Kemostik d.o.o","url":"https:\/\/www.kemostik.com\/it\/","logo":{"@type":"ImageObject","inLanguage":"it-IT","@id":"https:\/\/www.kemostik.com\/it\/#\/schema\/logo\/image\/","url":"https:\/\/www.kemostik.com\/wp-content\/uploads\/2024\/10\/kansai-helios-logo-transparent.png","contentUrl":"https:\/\/www.kemostik.com\/wp-content\/uploads\/2024\/10\/kansai-helios-logo-transparent.png","width":240,"height":90,"caption":"KANSAI HELIOS Kemostik d.o.o"},"image":{"@id":"https:\/\/www.kemostik.com\/it\/#\/schema\/logo\/image\/"}}]}},"_links":{"self":[{"href":"https:\/\/www.kemostik.com\/it\/wp-json\/wp\/v2\/pages\/1827","targetHints":{"allow":["GET"]}}],"collection":[{"href":"https:\/\/www.kemostik.com\/it\/wp-json\/wp\/v2\/pages"}],"about":[{"href":"https:\/\/www.kemostik.com\/it\/wp-json\/wp\/v2\/types\/page"}],"author":[{"embeddable":true,"href":"https:\/\/www.kemostik.com\/it\/wp-json\/wp\/v2\/users\/1"}],"replies":[{"embeddable":true,"href":"https:\/\/www.kemostik.com\/it\/wp-json\/wp\/v2\/comments?post=1827"}],"version-history":[{"count":4,"href":"https:\/\/www.kemostik.com\/it\/wp-json\/wp\/v2\/pages\/1827\/revisions"}],"predecessor-version":[{"id":3645,"href":"https:\/\/www.kemostik.com\/it\/wp-json\/wp\/v2\/pages\/1827\/revisions\/3645"}],"wp:attachment":[{"href":"https:\/\/www.kemostik.com\/it\/wp-json\/wp\/v2\/media?parent=1827"}],"curies":[{"name":"wp","href":"https:\/\/api.w.org\/{rel}","templated":true}]}}