{"id":1847,"date":"2025-01-23T15:04:02","date_gmt":"2025-01-23T14:04:02","guid":{"rendered":"https:\/\/www.kemostik.com\/neostik\/lepila\/montazna-lepila\/"},"modified":"2025-04-05T10:43:36","modified_gmt":"2025-04-05T08:43:36","slug":"montazna-lepila","status":"publish","type":"page","link":"https:\/\/www.kemostik.com\/it\/neostik\/adesivi\/montazna-lepila\/","title":{"rendered":"Monta\u017ena lepila"},"content":{"rendered":"<div class=\"wpb-content-wrapper\"><p>[vc_row][vc_column][vc_row_inner][vc_column_inner width=&#8221;1\/2&#8243;][vc_column_text css=&#8221;&#8221;]Visokokakovostna okolju prijazna monta\u017ena lepila Neostik imajo odli\u010dne mehanske lastnosti, so preprosta za uporabo in se lahko nana\u0161ajo tudi na nekoliko vla\u017ene povr\u0161ine.[\/vc_column_text][\/vc_column_inner][vc_column_inner width=&#8221;1\/2&#8243;][vc_single_image image=&#8221;423&#8243; img_size=&#8221;&#8221; alignment=&#8221;center&#8221; css=&#8221;&#8221;][\/vc_column_inner][\/vc_row_inner][\/vc_column][\/vc_row][vc_row css=&#8221;.vc_custom_1737578071091{margin-top: 40px !important;}&#8221;][vc_column width=&#8221;1\/3&#8243;][vc_single_image image=&#8221;422&#8243; img_size=&#8221;full&#8221; alignment=&#8221;center&#8221; css=&#8221;&#8221;][\/vc_column][vc_column width=&#8221;2\/3&#8243;][vc_custom_heading text=&#8221;Neostik MONTA\u017dNO LEPILO ZA STIROPOR&#8221; font_container=&#8221;tag:h5|text_align:left|color:%23AE841F&#8221; use_theme_fonts=&#8221;yes&#8221; css=&#8221;&#8221;][vc_column_text css=&#8221;&#8221;]Namenjeno je hitri monta\u017ei elementov iz stiropora na vpojne podlage. Uporabljamo ga za pritrjevanje, fiksiranje in lepljenje dekorativnih elementov iz stiropora, EPS in XPS na ve\u010dino vpojnih gradbenih materialov.[\/vc_column_text][vc_column_text css=&#8221;&#8221; el_class=&#8221;neostik-url&#8221;]<a href=\"https:\/\/www.kemostik.com\/neostik\/lepila\/montazna-lepila\/montazna-lepila-lepilo-za-stiropor\/\">Preberite ve\u010d<\/a>[\/vc_column_text][\/vc_column][\/vc_row][vc_row css=&#8221;.vc_custom_1737578079739{margin-top: 40px !important;}&#8221;][vc_column width=&#8221;1\/3&#8243;][vc_single_image image=&#8221;421&#8243; img_size=&#8221;full&#8221; alignment=&#8221;center&#8221; css=&#8221;&#8221;][\/vc_column][vc_column width=&#8221;2\/3&#8243;][vc_custom_heading text=&#8221;Neostik MONTA\u017dNO LEPILO KLASIK&#8221; font_container=&#8221;tag:h5|text_align:left|color:%23AE841F&#8221; use_theme_fonts=&#8221;yes&#8221; css=&#8221;&#8221;][vc_column_text css=&#8221;&#8221;]Ve\u010dnamensko lepilo na osnovi akrilatne disperzije je namenjeno pritrjevanju, fiksiranju in lepljenju ve\u010dine vpojnih gradbenih materialov. V vertikalni regi ne polzi. Odporno je na atmosferske vplive in proti staranju, ne povzro\u010da korozije in ne pu\u0161\u010da made\u017eev.[\/vc_column_text][vc_column_text css=&#8221;&#8221; el_class=&#8221;neostik-url&#8221;]<a href=\"https:\/\/www.kemostik.com\/neostik\/lepila\/montazna-lepila\/neostik-montazno-lepilo-klasik\/\">Preberite ve\u010d<\/a>[\/vc_column_text][\/vc_column][\/vc_row][vc_row css=&#8221;.vc_custom_1737578086493{margin-top: 40px !important;}&#8221;][vc_column width=&#8221;1\/3&#8243;][vc_single_image image=&#8221;420&#8243; img_size=&#8221;full&#8221; alignment=&#8221;center&#8221; css=&#8221;&#8221;][\/vc_column][vc_column width=&#8221;2\/3&#8243;][vc_custom_heading text=&#8221;Neostik MONTA\u017dNO LEPILO EKSPRES&#8221; font_container=&#8221;tag:h5|text_align:left|color:%23AE841F&#8221; use_theme_fonts=&#8221;yes&#8221; css=&#8221;&#8221;][vc_column_text css=&#8221;&#8221;]Mo\u010dno, hitro, vsestransko in trajno elasti\u010dno lepilo za pritrjevanje, fiksiranje in lepljenje na vse povr\u0161ine in ve\u010dino gradbenih materialov. V vertikalni regi ne polzi in lahko ga tudi prebarvamo. Lahko ga nana\u0161amo na nekoliko vla\u017ene povr\u0161ine.[\/vc_column_text][vc_column_text css=&#8221;&#8221; el_class=&#8221;neostik-url&#8221;]<a href=\"https:\/\/www.kemostik.com\/neostik\/lepila\/montazna-lepila\/neostik-montazno-lepilo-ekspres\/\">Preberite ve\u010d<\/a>[\/vc_column_text][\/vc_column][\/vc_row]<\/p>\n<\/div>","protected":false},"excerpt":{"rendered":"<p>[vc_row][vc_column][vc_row_inner][vc_column_inner width=&#8221;1\/2&#8243;][vc_column_text css=&#8221;&#8221;]Visokokakovostna okolju prijazna monta\u017ena lepila Neostik imajo odli\u010dne mehanske lastnosti, so preprosta za uporabo in se lahko nana\u0161ajo tudi na nekoliko vla\u017ene povr\u0161ine.[\/vc_column_text][\/vc_column_inner][vc_column_inner width=&#8221;1\/2&#8243;][vc_single_image image=&#8221;423&#8243; img_size=&#8221;&#8221; alignment=&#8221;center&#8221; css=&#8221;&#8221;][\/vc_column_inner][\/vc_row_inner][\/vc_column][\/vc_row][vc_row css=&#8221;.vc_custom_1737578071091{margin-top: 40px !important;}&#8221;][vc_column width=&#8221;1\/3&#8243;][vc_single_image image=&#8221;422&#8243; img_size=&#8221;full&#8221; alignment=&#8221;center&#8221; css=&#8221;&#8221;][\/vc_column][vc_column width=&#8221;2\/3&#8243;][vc_custom_heading text=&#8221;Neostik MONTA\u017dNO LEPILO ZA STIROPOR&#8221; font_container=&#8221;tag:h5|text_align:left|color:%23AE841F&#8221; use_theme_fonts=&#8221;yes&#8221; css=&#8221;&#8221;][vc_column_text css=&#8221;&#8221;]Namenjeno je hitri monta\u017ei elementov iz stiropora na&#8230;<\/p>\n","protected":false},"author":1,"featured_media":0,"parent":1843,"menu_order":0,"comment_status":"closed","ping_status":"closed","template":"","meta":{"footnotes":""},"class_list":["post-1847","page","type-page","status-publish","hentry"],"yoast_head":"<!-- This site is optimized with the Yoast SEO plugin v27.2 - https:\/\/yoast.com\/product\/yoast-seo-wordpress\/ -->\n<title>Monta\u017ena lepila - KANSAI HELIOS Kemostik d.o.o<\/title>\n<meta name=\"robots\" content=\"index, follow, max-snippet:-1, max-image-preview:large, max-video-preview:-1\" \/>\n<link rel=\"canonical\" href=\"https:\/\/www.kemostik.com\/it\/neostik\/adesivi\/montazna-lepila\/\" \/>\n<meta property=\"og:locale\" content=\"it_IT\" \/>\n<meta property=\"og:type\" content=\"article\" \/>\n<meta property=\"og:title\" content=\"Monta\u017ena lepila - KANSAI HELIOS Kemostik d.o.o\" \/>\n<meta property=\"og:description\" content=\"[vc_row][vc_column][vc_row_inner][vc_column_inner width=&#8221;1\/2&#8243;][vc_column_text css=&#8221;&#8221;]Visokokakovostna okolju prijazna monta\u017ena lepila Neostik imajo odli\u010dne mehanske lastnosti, so preprosta za uporabo in se lahko nana\u0161ajo tudi na nekoliko vla\u017ene povr\u0161ine.[\/vc_column_text][\/vc_column_inner][vc_column_inner width=&#8221;1\/2&#8243;][vc_single_image image=&#8221;423&#8243; img_size=&#8221;&#8221; alignment=&#8221;center&#8221; css=&#8221;&#8221;][\/vc_column_inner][\/vc_row_inner][\/vc_column][\/vc_row][vc_row css=&#8221;.vc_custom_1737578071091{margin-top: 40px !important;}&#8221;][vc_column width=&#8221;1\/3&#8243;][vc_single_image image=&#8221;422&#8243; img_size=&#8221;full&#8221; alignment=&#8221;center&#8221; css=&#8221;&#8221;][\/vc_column][vc_column width=&#8221;2\/3&#8243;][vc_custom_heading text=&#8221;Neostik MONTA\u017dNO LEPILO ZA STIROPOR&#8221; font_container=&#8221;tag:h5|text_align:left|color:%23AE841F&#8221; use_theme_fonts=&#8221;yes&#8221; css=&#8221;&#8221;][vc_column_text css=&#8221;&#8221;]Namenjeno je hitri monta\u017ei elementov iz stiropora na...\" \/>\n<meta property=\"og:url\" content=\"https:\/\/www.kemostik.com\/it\/neostik\/adesivi\/montazna-lepila\/\" \/>\n<meta property=\"og:site_name\" content=\"KANSAI HELIOS Kemostik d.o.o\" \/>\n<meta property=\"article:modified_time\" content=\"2025-04-05T08:43:36+00:00\" \/>\n<meta name=\"twitter:card\" content=\"summary_large_image\" \/>\n<meta name=\"twitter:label1\" content=\"Tempo di lettura stimato\" \/>\n\t<meta name=\"twitter:data1\" content=\"2 minuti\" \/>\n<script type=\"application\/ld+json\" class=\"yoast-schema-graph\">{\"@context\":\"https:\/\/schema.org\",\"@graph\":[{\"@type\":\"WebPage\",\"@id\":\"https:\/\/www.kemostik.com\/it\/neostik\/adesivi\/montazna-lepila\/\",\"url\":\"https:\/\/www.kemostik.com\/it\/neostik\/adesivi\/montazna-lepila\/\",\"name\":\"Monta\u017ena lepila - KANSAI HELIOS Kemostik d.o.o\",\"isPartOf\":{\"@id\":\"https:\/\/www.kemostik.com\/it\/#website\"},\"datePublished\":\"2025-01-23T14:04:02+00:00\",\"dateModified\":\"2025-04-05T08:43:36+00:00\",\"breadcrumb\":{\"@id\":\"https:\/\/www.kemostik.com\/it\/neostik\/adesivi\/montazna-lepila\/#breadcrumb\"},\"inLanguage\":\"it-IT\",\"potentialAction\":[{\"@type\":\"ReadAction\",\"target\":[\"https:\/\/www.kemostik.com\/it\/neostik\/adesivi\/montazna-lepila\/\"]}]},{\"@type\":\"BreadcrumbList\",\"@id\":\"https:\/\/www.kemostik.com\/it\/neostik\/adesivi\/montazna-lepila\/#breadcrumb\",\"itemListElement\":[{\"@type\":\"ListItem\",\"position\":1,\"name\":\"Home\",\"item\":\"https:\/\/www.kemostik.com\/it\/\"},{\"@type\":\"ListItem\",\"position\":2,\"name\":\"NEOSTIK\",\"item\":\"https:\/\/www.kemostik.com\/it\/neostik\/\"},{\"@type\":\"ListItem\",\"position\":3,\"name\":\"Adesivi\",\"item\":\"https:\/\/www.kemostik.com\/it\/neostik\/lepila\/\"},{\"@type\":\"ListItem\",\"position\":4,\"name\":\"Monta\u017ena lepila\"}]},{\"@type\":\"WebSite\",\"@id\":\"https:\/\/www.kemostik.com\/it\/#website\",\"url\":\"https:\/\/www.kemostik.com\/it\/\",\"name\":\"KANSAI HELIOS Kemostik d.o.o\",\"description\":\"\",\"publisher\":{\"@id\":\"https:\/\/www.kemostik.com\/it\/#organization\"},\"potentialAction\":[{\"@type\":\"SearchAction\",\"target\":{\"@type\":\"EntryPoint\",\"urlTemplate\":\"https:\/\/www.kemostik.com\/it\/?s={search_term_string}\"},\"query-input\":{\"@type\":\"PropertyValueSpecification\",\"valueRequired\":true,\"valueName\":\"search_term_string\"}}],\"inLanguage\":\"it-IT\"},{\"@type\":\"Organization\",\"@id\":\"https:\/\/www.kemostik.com\/it\/#organization\",\"name\":\"KANSAI HELIOS Kemostik d.o.o\",\"url\":\"https:\/\/www.kemostik.com\/it\/\",\"logo\":{\"@type\":\"ImageObject\",\"inLanguage\":\"it-IT\",\"@id\":\"https:\/\/www.kemostik.com\/it\/#\/schema\/logo\/image\/\",\"url\":\"https:\/\/www.kemostik.com\/wp-content\/uploads\/2024\/10\/kansai-helios-logo-transparent.png\",\"contentUrl\":\"https:\/\/www.kemostik.com\/wp-content\/uploads\/2024\/10\/kansai-helios-logo-transparent.png\",\"width\":240,\"height\":90,\"caption\":\"KANSAI HELIOS Kemostik d.o.o\"},\"image\":{\"@id\":\"https:\/\/www.kemostik.com\/it\/#\/schema\/logo\/image\/\"}}]}<\/script>\n<!-- \/ Yoast SEO plugin. -->","yoast_head_json":{"title":"Monta\u017ena lepila - KANSAI HELIOS Kemostik d.o.o","robots":{"index":"index","follow":"follow","max-snippet":"max-snippet:-1","max-image-preview":"max-image-preview:large","max-video-preview":"max-video-preview:-1"},"canonical":"https:\/\/www.kemostik.com\/it\/neostik\/adesivi\/montazna-lepila\/","og_locale":"it_IT","og_type":"article","og_title":"Monta\u017ena lepila - KANSAI HELIOS Kemostik d.o.o","og_description":"[vc_row][vc_column][vc_row_inner][vc_column_inner width=&#8221;1\/2&#8243;][vc_column_text css=&#8221;&#8221;]Visokokakovostna okolju prijazna monta\u017ena lepila Neostik imajo odli\u010dne mehanske lastnosti, so preprosta za uporabo in se lahko nana\u0161ajo tudi na nekoliko vla\u017ene povr\u0161ine.[\/vc_column_text][\/vc_column_inner][vc_column_inner width=&#8221;1\/2&#8243;][vc_single_image image=&#8221;423&#8243; img_size=&#8221;&#8221; alignment=&#8221;center&#8221; css=&#8221;&#8221;][\/vc_column_inner][\/vc_row_inner][\/vc_column][\/vc_row][vc_row css=&#8221;.vc_custom_1737578071091{margin-top: 40px !important;}&#8221;][vc_column width=&#8221;1\/3&#8243;][vc_single_image image=&#8221;422&#8243; img_size=&#8221;full&#8221; alignment=&#8221;center&#8221; css=&#8221;&#8221;][\/vc_column][vc_column width=&#8221;2\/3&#8243;][vc_custom_heading text=&#8221;Neostik MONTA\u017dNO LEPILO ZA STIROPOR&#8221; font_container=&#8221;tag:h5|text_align:left|color:%23AE841F&#8221; use_theme_fonts=&#8221;yes&#8221; css=&#8221;&#8221;][vc_column_text css=&#8221;&#8221;]Namenjeno je hitri monta\u017ei elementov iz stiropora na...","og_url":"https:\/\/www.kemostik.com\/it\/neostik\/adesivi\/montazna-lepila\/","og_site_name":"KANSAI HELIOS Kemostik d.o.o","article_modified_time":"2025-04-05T08:43:36+00:00","twitter_card":"summary_large_image","twitter_misc":{"Tempo di lettura stimato":"2 minuti"},"schema":{"@context":"https:\/\/schema.org","@graph":[{"@type":"WebPage","@id":"https:\/\/www.kemostik.com\/it\/neostik\/adesivi\/montazna-lepila\/","url":"https:\/\/www.kemostik.com\/it\/neostik\/adesivi\/montazna-lepila\/","name":"Monta\u017ena lepila - KANSAI HELIOS Kemostik d.o.o","isPartOf":{"@id":"https:\/\/www.kemostik.com\/it\/#website"},"datePublished":"2025-01-23T14:04:02+00:00","dateModified":"2025-04-05T08:43:36+00:00","breadcrumb":{"@id":"https:\/\/www.kemostik.com\/it\/neostik\/adesivi\/montazna-lepila\/#breadcrumb"},"inLanguage":"it-IT","potentialAction":[{"@type":"ReadAction","target":["https:\/\/www.kemostik.com\/it\/neostik\/adesivi\/montazna-lepila\/"]}]},{"@type":"BreadcrumbList","@id":"https:\/\/www.kemostik.com\/it\/neostik\/adesivi\/montazna-lepila\/#breadcrumb","itemListElement":[{"@type":"ListItem","position":1,"name":"Home","item":"https:\/\/www.kemostik.com\/it\/"},{"@type":"ListItem","position":2,"name":"NEOSTIK","item":"https:\/\/www.kemostik.com\/it\/neostik\/"},{"@type":"ListItem","position":3,"name":"Adesivi","item":"https:\/\/www.kemostik.com\/it\/neostik\/lepila\/"},{"@type":"ListItem","position":4,"name":"Monta\u017ena lepila"}]},{"@type":"WebSite","@id":"https:\/\/www.kemostik.com\/it\/#website","url":"https:\/\/www.kemostik.com\/it\/","name":"KANSAI HELIOS Kemostik d.o.o","description":"","publisher":{"@id":"https:\/\/www.kemostik.com\/it\/#organization"},"potentialAction":[{"@type":"SearchAction","target":{"@type":"EntryPoint","urlTemplate":"https:\/\/www.kemostik.com\/it\/?s={search_term_string}"},"query-input":{"@type":"PropertyValueSpecification","valueRequired":true,"valueName":"search_term_string"}}],"inLanguage":"it-IT"},{"@type":"Organization","@id":"https:\/\/www.kemostik.com\/it\/#organization","name":"KANSAI HELIOS Kemostik d.o.o","url":"https:\/\/www.kemostik.com\/it\/","logo":{"@type":"ImageObject","inLanguage":"it-IT","@id":"https:\/\/www.kemostik.com\/it\/#\/schema\/logo\/image\/","url":"https:\/\/www.kemostik.com\/wp-content\/uploads\/2024\/10\/kansai-helios-logo-transparent.png","contentUrl":"https:\/\/www.kemostik.com\/wp-content\/uploads\/2024\/10\/kansai-helios-logo-transparent.png","width":240,"height":90,"caption":"KANSAI HELIOS Kemostik d.o.o"},"image":{"@id":"https:\/\/www.kemostik.com\/it\/#\/schema\/logo\/image\/"}}]}},"_links":{"self":[{"href":"https:\/\/www.kemostik.com\/it\/wp-json\/wp\/v2\/pages\/1847","targetHints":{"allow":["GET"]}}],"collection":[{"href":"https:\/\/www.kemostik.com\/it\/wp-json\/wp\/v2\/pages"}],"about":[{"href":"https:\/\/www.kemostik.com\/it\/wp-json\/wp\/v2\/types\/page"}],"author":[{"embeddable":true,"href":"https:\/\/www.kemostik.com\/it\/wp-json\/wp\/v2\/users\/1"}],"replies":[{"embeddable":true,"href":"https:\/\/www.kemostik.com\/it\/wp-json\/wp\/v2\/comments?post=1847"}],"version-history":[{"count":2,"href":"https:\/\/www.kemostik.com\/it\/wp-json\/wp\/v2\/pages\/1847\/revisions"}],"predecessor-version":[{"id":3618,"href":"https:\/\/www.kemostik.com\/it\/wp-json\/wp\/v2\/pages\/1847\/revisions\/3618"}],"up":[{"embeddable":true,"href":"https:\/\/www.kemostik.com\/it\/wp-json\/wp\/v2\/pages\/1843"}],"wp:attachment":[{"href":"https:\/\/www.kemostik.com\/it\/wp-json\/wp\/v2\/media?parent=1847"}],"curies":[{"name":"wp","href":"https:\/\/api.w.org\/{rel}","templated":true}]}}