{"id":1929,"date":"2024-10-05T23:45:19","date_gmt":"2024-10-05T21:45:19","guid":{"rendered":"https:\/\/www.kemostik.com\/o-nas\/"},"modified":"2025-05-08T09:05:52","modified_gmt":"2025-05-08T07:05:52","slug":"chi-siamo","status":"publish","type":"page","link":"https:\/\/www.kemostik.com\/it\/chi-siamo\/","title":{"rendered":"Informazioni su di noi"},"content":{"rendered":"<div class=\"wpb-content-wrapper\"><p>[vc_row][vc_column][vc_row_inner equal_height=&#8221;yes&#8221; content_placement=&#8221;middle&#8221;][vc_column_inner width=&#8221;1\/2&#8243;][vc_custom_heading text=&#8221;KANSAI HELIOS Kemostik&#8221; font_container=&#8221;tag:h5|text_align:left&#8221; use_theme_fonts=&#8221;yes&#8221; css=&#8221;&#8221;][vc_column_text css=&#8221;&#8221;]La tradizione della produzione di adesivi risale a 6 decenni fa, quando nacque l&#8217;adesivo in gomma pi\u00f9 famoso, Neostik. Gli investimenti continui nello sviluppo di nuovi tipi di adesivi ecologici hanno reso KANSAI HELIOS Kemostik un attore importante nel mercato dell&#8217;Europa centrale e orientale. Oltre alla gamma avanzata di prodotti adesivi, l&#8217;azienda produce anche un programma composto da amidi di alta qualit\u00e0, paste per lucidatura e levigatura e prodotti nel campo della chimica applicata come Ferrosan e Cinol.[\/vc_column_text][\/vc_column_inner][vc_column_inner width=&#8221;1\/2&#8243;][vc_single_image image=&#8221;224&#8243; img_size=&#8221;539&#215;346&#8243; alignment=&#8221;center&#8221; css=&#8221;&#8221;][\/vc_column_inner][\/vc_row_inner]\r\n\t\t\t<div class=\"helios_section_distance s\"><\/div>\r\n\r\n\t\t\t[vc_row_inner equal_height=&#8221;yes&#8221; content_placement=&#8221;middle&#8221;][vc_column_inner width=&#8221;1\/2&#8243;][vc_custom_heading text=&#8221;Neostik&#8221; font_container=&#8221;tag:h5|text_align:left&#8221; use_theme_fonts=&#8221;yes&#8221; css=&#8221;&#8221;][vc_column_text css=&#8221;&#8221;]L&#8217;ampia conoscenza nello sviluppo di soluzioni adesive di alta qualit\u00e0 per utenti professionali \u00e8 anche la base per lo sviluppo di adesivi per uso generale e fai-da-te. L&#8217;adesivo in gomma Neostik \u00e8 diventato sinonimo di qualit\u00e0 e adesivo forte pi\u00f9 di 50 anni fa.[\/vc_column_text][\/vc_column_inner][vc_column_inner width=&#8221;1\/2&#8243;][vc_single_image image=&#8221;223&#8243; img_size=&#8221;539&#215;346&#8243; alignment=&#8221;center&#8221; css=&#8221;&#8221;][\/vc_column_inner][\/vc_row_inner]\r\n\t\t\t<div class=\"helios_section_distance s\"><\/div>\r\n\r\n\t\t\t[vc_row_inner equal_height=&#8221;yes&#8221; content_placement=&#8221;middle&#8221;][vc_column_inner width=&#8221;1\/2&#8243;][vc_custom_heading text=&#8221;I sistemi di rivestimento&#8221; font_container=&#8221;tag:h5|text_align:left&#8221; use_theme_fonts=&#8221;yes&#8221; css=&#8221;&#8221;][vc_column_text css=&#8221;&#8221;]I nostri adesivi e sigillanti fanno parte dell&#8217;assortimento del fornitore di sistemi KANSAI HELIOS. Presso KANSAI HELIOS offriamo sistemi completi di rivestimenti industriali e vernici per tutte le superfici e i pi\u00f9 elevati standard delle industrie pi\u00f9 esigenti. Il nostro assortimento comprende rivestimenti liquidi e in polvere, e-coat, gelcoat, nonch\u00e9 sigillanti e adesivi industriali &#8211; perfettamente allineati in tutte le caratteristiche importanti del rivestimento.<\/p>\n<p>&nbsp;<\/p>\n<p>Puoi trovare maggiori informazioni <a href=\"https:\/\/kansai-helios-industry.com\/\">qui<\/a>.[\/vc_column_text][\/vc_column_inner][vc_column_inner width=&#8221;1\/2&#8243;][vc_single_image image=&#8221;3730&#8243; img_size=&#8221;539&#215;346&#8243; alignment=&#8221;center&#8221; css=&#8221;&#8221;][\/vc_column_inner][\/vc_row_inner]\r\n\t\t\t<div class=\"helios_section_distance s\"><\/div>\r\n\r\n\t\t\t[vc_row_inner equal_height=&#8221;yes&#8221; content_placement=&#8221;middle&#8221;][vc_column_inner][vc_custom_heading text=&#8221;Il Gruppo KANSAI HELIOS&#8221; font_container=&#8221;tag:h5|text_align:left&#8221; use_theme_fonts=&#8221;yes&#8221; css=&#8221;&#8221;][vc_column_text css=&#8221;&#8221;]Affidabilit\u00e0, crescita e scienza sono i valori pi\u00f9 importanti che guidano la nostra attivit\u00e0 quotidiana e ci aiutano a creare nuovi prodotti e servizi che soddisfano le esigenze dei nostri clienti.<\/p>\n<p>&nbsp;<\/p>\n<p>Il Gruppo <strong>KANSAI HELIOS<\/strong> \u00e8 composto da aziende di produzione modernamente attrezzate e da uffici di vendita propri per un servizio locale impegnato e individuale.[\/vc_column_text][\/vc_column_inner][\/vc_row_inner]\r\n\t\t\t<div class=\"helios_section_distance s\"><\/div>\r\n\r\n\t\t\t[\/vc_column][\/vc_row][vc_row][vc_column][vc_video link=&#8221;https:\/\/www.youtube.com\/watch?v=Mk2j_f3tSZU&#8221; align=&#8221;center&#8221; css=&#8221;&#8221;]\r\n\t\t\t<div class=\"helios_section_distance s\"><\/div>\r\n\r\n\t\t\t[\/vc_column][\/vc_row]<\/p>\n<\/div>","protected":false},"excerpt":{"rendered":"<p>[vc_row][vc_column][vc_row_inner equal_height=&#8221;yes&#8221; content_placement=&#8221;middle&#8221;][vc_column_inner width=&#8221;1\/2&#8243;][vc_custom_heading text=&#8221;KANSAI HELIOS Kemostik&#8221; font_container=&#8221;tag:h5|text_align:left&#8221; use_theme_fonts=&#8221;yes&#8221; css=&#8221;&#8221;][vc_column_text css=&#8221;&#8221;]La tradizione della produzione di adesivi risale a 6 decenni fa, quando nacque l&#8217;adesivo in gomma pi\u00f9 famoso, Neostik. Gli investimenti continui nello sviluppo di nuovi tipi di adesivi ecologici hanno reso KANSAI HELIOS Kemostik un attore importante nel mercato dell&#8217;Europa centrale e orientale. Oltre&#8230;<\/p>\n","protected":false},"author":1,"featured_media":0,"parent":0,"menu_order":0,"comment_status":"closed","ping_status":"closed","template":"","meta":{"footnotes":""},"class_list":["post-1929","page","type-page","status-publish","hentry"],"yoast_head":"<!-- This site is optimized with the Yoast SEO plugin v27.2 - https:\/\/yoast.com\/product\/yoast-seo-wordpress\/ -->\n<title>Informazioni su di noi - KANSAI HELIOS Kemostik d.o.o<\/title>\n<meta name=\"robots\" content=\"index, follow, max-snippet:-1, max-image-preview:large, max-video-preview:-1\" \/>\n<link rel=\"canonical\" href=\"https:\/\/www.kemostik.com\/it\/chi-siamo\/\" \/>\n<meta property=\"og:locale\" content=\"it_IT\" \/>\n<meta property=\"og:type\" content=\"article\" \/>\n<meta property=\"og:title\" content=\"Informazioni su di noi - KANSAI HELIOS Kemostik d.o.o\" \/>\n<meta property=\"og:description\" content=\"[vc_row][vc_column][vc_row_inner equal_height=&#8221;yes&#8221; content_placement=&#8221;middle&#8221;][vc_column_inner width=&#8221;1\/2&#8243;][vc_custom_heading text=&#8221;KANSAI HELIOS Kemostik&#8221; font_container=&#8221;tag:h5|text_align:left&#8221; use_theme_fonts=&#8221;yes&#8221; css=&#8221;&#8221;][vc_column_text css=&#8221;&#8221;]La tradizione della produzione di adesivi risale a 6 decenni fa, quando nacque l&#8217;adesivo in gomma pi\u00f9 famoso, Neostik. Gli investimenti continui nello sviluppo di nuovi tipi di adesivi ecologici hanno reso KANSAI HELIOS Kemostik un attore importante nel mercato dell&#8217;Europa centrale e orientale. Oltre...\" \/>\n<meta property=\"og:url\" content=\"https:\/\/www.kemostik.com\/it\/chi-siamo\/\" \/>\n<meta property=\"og:site_name\" content=\"KANSAI HELIOS Kemostik d.o.o\" \/>\n<meta property=\"article:modified_time\" content=\"2025-05-08T07:05:52+00:00\" \/>\n<meta name=\"twitter:card\" content=\"summary_large_image\" \/>\n<meta name=\"twitter:label1\" content=\"Tempo di lettura stimato\" \/>\n\t<meta name=\"twitter:data1\" content=\"3 minuti\" \/>\n<script type=\"application\/ld+json\" class=\"yoast-schema-graph\">{\"@context\":\"https:\/\/schema.org\",\"@graph\":[{\"@type\":\"WebPage\",\"@id\":\"https:\/\/www.kemostik.com\/it\/chi-siamo\/\",\"url\":\"https:\/\/www.kemostik.com\/it\/chi-siamo\/\",\"name\":\"Informazioni su di noi - KANSAI HELIOS Kemostik d.o.o\",\"isPartOf\":{\"@id\":\"https:\/\/www.kemostik.com\/it\/#website\"},\"datePublished\":\"2024-10-05T21:45:19+00:00\",\"dateModified\":\"2025-05-08T07:05:52+00:00\",\"breadcrumb\":{\"@id\":\"https:\/\/www.kemostik.com\/it\/chi-siamo\/#breadcrumb\"},\"inLanguage\":\"it-IT\",\"potentialAction\":[{\"@type\":\"ReadAction\",\"target\":[\"https:\/\/www.kemostik.com\/it\/chi-siamo\/\"]}]},{\"@type\":\"BreadcrumbList\",\"@id\":\"https:\/\/www.kemostik.com\/it\/chi-siamo\/#breadcrumb\",\"itemListElement\":[{\"@type\":\"ListItem\",\"position\":1,\"name\":\"Home\",\"item\":\"https:\/\/www.kemostik.com\/it\/\"},{\"@type\":\"ListItem\",\"position\":2,\"name\":\"Informazioni su di noi\"}]},{\"@type\":\"WebSite\",\"@id\":\"https:\/\/www.kemostik.com\/it\/#website\",\"url\":\"https:\/\/www.kemostik.com\/it\/\",\"name\":\"KANSAI HELIOS Kemostik d.o.o\",\"description\":\"\",\"publisher\":{\"@id\":\"https:\/\/www.kemostik.com\/it\/#organization\"},\"potentialAction\":[{\"@type\":\"SearchAction\",\"target\":{\"@type\":\"EntryPoint\",\"urlTemplate\":\"https:\/\/www.kemostik.com\/it\/?s={search_term_string}\"},\"query-input\":{\"@type\":\"PropertyValueSpecification\",\"valueRequired\":true,\"valueName\":\"search_term_string\"}}],\"inLanguage\":\"it-IT\"},{\"@type\":\"Organization\",\"@id\":\"https:\/\/www.kemostik.com\/it\/#organization\",\"name\":\"KANSAI HELIOS Kemostik d.o.o\",\"url\":\"https:\/\/www.kemostik.com\/it\/\",\"logo\":{\"@type\":\"ImageObject\",\"inLanguage\":\"it-IT\",\"@id\":\"https:\/\/www.kemostik.com\/it\/#\/schema\/logo\/image\/\",\"url\":\"https:\/\/www.kemostik.com\/wp-content\/uploads\/2024\/10\/kansai-helios-logo-transparent.png\",\"contentUrl\":\"https:\/\/www.kemostik.com\/wp-content\/uploads\/2024\/10\/kansai-helios-logo-transparent.png\",\"width\":240,\"height\":90,\"caption\":\"KANSAI HELIOS Kemostik d.o.o\"},\"image\":{\"@id\":\"https:\/\/www.kemostik.com\/it\/#\/schema\/logo\/image\/\"}}]}<\/script>\n<!-- \/ Yoast SEO plugin. -->","yoast_head_json":{"title":"Informazioni su di noi - KANSAI HELIOS Kemostik d.o.o","robots":{"index":"index","follow":"follow","max-snippet":"max-snippet:-1","max-image-preview":"max-image-preview:large","max-video-preview":"max-video-preview:-1"},"canonical":"https:\/\/www.kemostik.com\/it\/chi-siamo\/","og_locale":"it_IT","og_type":"article","og_title":"Informazioni su di noi - KANSAI HELIOS Kemostik d.o.o","og_description":"[vc_row][vc_column][vc_row_inner equal_height=&#8221;yes&#8221; content_placement=&#8221;middle&#8221;][vc_column_inner width=&#8221;1\/2&#8243;][vc_custom_heading text=&#8221;KANSAI HELIOS Kemostik&#8221; font_container=&#8221;tag:h5|text_align:left&#8221; use_theme_fonts=&#8221;yes&#8221; css=&#8221;&#8221;][vc_column_text css=&#8221;&#8221;]La tradizione della produzione di adesivi risale a 6 decenni fa, quando nacque l&#8217;adesivo in gomma pi\u00f9 famoso, Neostik. Gli investimenti continui nello sviluppo di nuovi tipi di adesivi ecologici hanno reso KANSAI HELIOS Kemostik un attore importante nel mercato dell&#8217;Europa centrale e orientale. Oltre...","og_url":"https:\/\/www.kemostik.com\/it\/chi-siamo\/","og_site_name":"KANSAI HELIOS Kemostik d.o.o","article_modified_time":"2025-05-08T07:05:52+00:00","twitter_card":"summary_large_image","twitter_misc":{"Tempo di lettura stimato":"3 minuti"},"schema":{"@context":"https:\/\/schema.org","@graph":[{"@type":"WebPage","@id":"https:\/\/www.kemostik.com\/it\/chi-siamo\/","url":"https:\/\/www.kemostik.com\/it\/chi-siamo\/","name":"Informazioni su di noi - KANSAI HELIOS Kemostik d.o.o","isPartOf":{"@id":"https:\/\/www.kemostik.com\/it\/#website"},"datePublished":"2024-10-05T21:45:19+00:00","dateModified":"2025-05-08T07:05:52+00:00","breadcrumb":{"@id":"https:\/\/www.kemostik.com\/it\/chi-siamo\/#breadcrumb"},"inLanguage":"it-IT","potentialAction":[{"@type":"ReadAction","target":["https:\/\/www.kemostik.com\/it\/chi-siamo\/"]}]},{"@type":"BreadcrumbList","@id":"https:\/\/www.kemostik.com\/it\/chi-siamo\/#breadcrumb","itemListElement":[{"@type":"ListItem","position":1,"name":"Home","item":"https:\/\/www.kemostik.com\/it\/"},{"@type":"ListItem","position":2,"name":"Informazioni su di noi"}]},{"@type":"WebSite","@id":"https:\/\/www.kemostik.com\/it\/#website","url":"https:\/\/www.kemostik.com\/it\/","name":"KANSAI HELIOS Kemostik d.o.o","description":"","publisher":{"@id":"https:\/\/www.kemostik.com\/it\/#organization"},"potentialAction":[{"@type":"SearchAction","target":{"@type":"EntryPoint","urlTemplate":"https:\/\/www.kemostik.com\/it\/?s={search_term_string}"},"query-input":{"@type":"PropertyValueSpecification","valueRequired":true,"valueName":"search_term_string"}}],"inLanguage":"it-IT"},{"@type":"Organization","@id":"https:\/\/www.kemostik.com\/it\/#organization","name":"KANSAI HELIOS Kemostik d.o.o","url":"https:\/\/www.kemostik.com\/it\/","logo":{"@type":"ImageObject","inLanguage":"it-IT","@id":"https:\/\/www.kemostik.com\/it\/#\/schema\/logo\/image\/","url":"https:\/\/www.kemostik.com\/wp-content\/uploads\/2024\/10\/kansai-helios-logo-transparent.png","contentUrl":"https:\/\/www.kemostik.com\/wp-content\/uploads\/2024\/10\/kansai-helios-logo-transparent.png","width":240,"height":90,"caption":"KANSAI HELIOS Kemostik d.o.o"},"image":{"@id":"https:\/\/www.kemostik.com\/it\/#\/schema\/logo\/image\/"}}]}},"_links":{"self":[{"href":"https:\/\/www.kemostik.com\/it\/wp-json\/wp\/v2\/pages\/1929","targetHints":{"allow":["GET"]}}],"collection":[{"href":"https:\/\/www.kemostik.com\/it\/wp-json\/wp\/v2\/pages"}],"about":[{"href":"https:\/\/www.kemostik.com\/it\/wp-json\/wp\/v2\/types\/page"}],"author":[{"embeddable":true,"href":"https:\/\/www.kemostik.com\/it\/wp-json\/wp\/v2\/users\/1"}],"replies":[{"embeddable":true,"href":"https:\/\/www.kemostik.com\/it\/wp-json\/wp\/v2\/comments?post=1929"}],"version-history":[{"count":5,"href":"https:\/\/www.kemostik.com\/it\/wp-json\/wp\/v2\/pages\/1929\/revisions"}],"predecessor-version":[{"id":3741,"href":"https:\/\/www.kemostik.com\/it\/wp-json\/wp\/v2\/pages\/1929\/revisions\/3741"}],"wp:attachment":[{"href":"https:\/\/www.kemostik.com\/it\/wp-json\/wp\/v2\/media?parent=1929"}],"curies":[{"name":"wp","href":"https:\/\/api.w.org\/{rel}","templated":true}]}}