{"id":1744,"date":"2024-10-05T23:45:19","date_gmt":"2024-10-05T21:45:19","guid":{"rendered":"https:\/\/www.kemostik.com\/pravno-obvestilo\/"},"modified":"2025-09-22T11:32:00","modified_gmt":"2025-09-22T09:32:00","slug":"pravno-obavestenje","status":"publish","type":"page","link":"https:\/\/www.kemostik.com\/sr\/pravno-obavestenje\/","title":{"rendered":"Pravno obave\u0161tenje"},"content":{"rendered":"<div class=\"wpb-content-wrapper\"><p>[vc_row][vc_column][vc_column_text css=&#8220;&#8220;]Na veb lokaciji nalaze se op\u0161te informacije o kompaniji KANSAI HELIOS Kemostik d.o.o. i njenim pridru\u017eenim kompanijama, informacije o poslovanju navedenih kompanija i njihovim proizvodima. Ovo obave\u0161tenje odnosi se na svako lice koje poseti veb lokaciju; molimo vas da ga pa\u017eljivo pro\u010ditate.<\/p>\n<p>Prilikom pristupa veb lokaciji https:\/\/www.kemostik.com\/ korisnik potvr\u0111uje da prihvata uslove koji su ovde navedeni i da se sa njima sla\u017ee.<\/p>\n<p>&nbsp;<\/p>\n<p><strong>Op\u0161ti uslovi i odredbe<\/strong><\/p>\n<p>&nbsp;<\/p>\n<p><strong> <a href=\"https:\/\/www.kemostik.com\/wp-content\/uploads\/2025\/09\/KH-Kemostik-GTC-09-2025-EN.pdf\" target=\"_blank\" rel=\"noopener\">KANSAI HELIOS Kemostik d.o.o. \u2013 Op\u0161ti uslovi i odredbe kompanije<\/a><\/strong><\/p>\n<p>&nbsp;<\/p>\n<p>&nbsp;<\/p>\n<p><strong>Podaci o kompaniji<\/strong><\/p>\n<table class=\"data-table\">\n<tbody>\n<tr>\n<td>Ime kompanije:<\/td>\n<td>KANSAI HELIOS Kemostik, tovarna lepil in kemi\u010dnih izdelkov d.o.o.<\/td>\n<\/tr>\n<tr>\n<td>Kratko ime kompanije:<\/td>\n<td>KANSAI HELIOS Kemostik d.o.o.<\/td>\n<\/tr>\n<tr>\n<td>Registarski broj:<\/td>\n<td>5043492000<\/td>\n<\/tr>\n<tr>\n<td>Poreski identifikacioni broj (PIB):<\/td>\n<td>SI 22323538<\/td>\n<\/tr>\n<tr>\n<td>Br. Reg. ulo\u0161ka:<\/td>\n<td>10216000, Sodni register, Okro\u017eno sodi\u0161\u010de v Ljubljani<\/td>\n<\/tr>\n<tr>\n<td>SSedi\u0161te:<\/td>\n<td>Mekinje<\/td>\n<\/tr>\n<tr>\n<td>Poslovna adresa:<\/td>\n<td>Mekinje, Molkova pot 16, 1241  Kamnik<\/td>\n<\/tr>\n<tr>\n<td>Telefon:<\/td>\n<td>+386 (0)1 830 37 50<\/td>\n<\/tr>\n<tr>\n<td>Fax:<\/td>\n<td>+386 (0)1 830 37 69<\/td>\n<\/tr>\n<tr>\n<td>Kontakt:<\/td>\n<td><a href=\"https:\/\/www.kemostik.com\/sr\/kontakt\/\">Kontaktirajte nas<\/a><\/td>\n<\/tr>\n<\/tbody>\n<\/table>\n<div style=\"display: flex; flex-direction: row; justify-content: start;\"><a href=\"https:\/\/www.helios-group.eu\/\" target=\"_blank\" rel=\"noopener\"><br \/>\n<img decoding=\"async\" style=\"width: auto; height: 25px;\" src=\"\/wp-content\/themes\/helios-theme\/assets\/logo\/Member-of-Kansai-Helios-RGB.svg\" \/><br \/>\n<\/a><br \/>\n<a href=\"https:\/\/www.kansai.com\/\" target=\"_blank\" rel=\"noopener\"><br \/>\n<img decoding=\"async\" style=\"width: auto; height: 25px; padding-left: 25px;\" src=\"\/wp-content\/themes\/helios-theme\/assets\/logo\/Part-of-Kansai-Paint-RGB.svg\" \/><br \/>\n<\/a><\/div>\n<p>&nbsp;<\/p>\n<p>&nbsp;<\/p>\n<p><strong>Pravne informacije<\/strong><\/p>\n<p>Sva prava su zadr\u017eana. Obave\u0161tenje se odnosi na mati\u010dnu stranicu i na sve podstranice na veb lokaciji https:\/\/www.kemostik.com. Sve informacije i sav materijal (tekst i slike) na veb lokaciji https:\/\/www.kemostik.com za\u0161ti\u0107eni su autorskim i srodnim pravima i\/ili pravima industrijske svojine koja su u vlasni\u0161tvu kompanije KANSAI HELIOS Kemostik d.o.o. i\/ili njenih pridru\u017eenih kompanija. Korisnici mogu da koriste veb lokaciju https:\/\/www.kemostik.com isklju\u010divo u li\u010dne, nekomercijalne svrhe. Zabranjena je upotreba veb lokacije https:\/\/www.kemostik.com na bilo koji drugi na\u010din, a naro\u010dito u komercijalne svrhe.<\/p>\n<p>&nbsp;<\/p>\n<p>&nbsp;<\/p>\n<p><strong>Ograni\u010dena upotreba informacija i materijala<\/strong><\/p>\n<p>Sve informacije i materijal (tekst i slike) koji su objavljeni na veb lokaciji https:\/\/www.kemostik.com mogu se reprodukovati isklju\u010divo u nekomercijalne svrhe, uz zadr\u017eavanje svih navedenih upozorenja o autorskim i srodnim pravima i\/ili pravima industrijske svojine. Navedene informacije i materijal ne smeju se kopirati, reprodukovati ili na drugi na\u010din distribuirati u komercijalne svrhe bez izri\u010ditog pismenog odobrenja kompanije KANSAI HELIOS Kemostik d.o.o. i\/ili njenih pridru\u017eenih kompanija.<\/p>\n<p>Svaka reprodukcija ili deo sadr\u017eaja veb lokacije moraju biti ozna\u010deni znakom kompanije KANSAI HELIOS Kemostik d.o.o., u skladu sa pravilima korporativnog identiteta \u2013 sva prava su zadr\u017eana. Veb https:\/\/www.kemostik.com tako\u0111e sadr\u017ei informacije tre\u0107ih lica i veze ka veb lokacijama tre\u0107ih lica, pri \u010demu kompanija KANSAI HELIOS Kemostik d.o.o. nije odgovorna za njihov sadr\u017eaj i ne mo\u017ee dati nikakve garancije u vezi s njim. Ukoliko pose\u0107ujete i koristite navedene povezane veb lokacije, odgovornost kompanije KANSAI HELIOS Kemostik d.o.o. u potpunosti je isklju\u010dena.<\/p>\n<p>Kompanija KANSAI HELIOS Kemostik d.o.o. mo\u017ee izmeniti ovo pravno obave\u0161tenje u bilo kom trenutku i ono \u0107e biti obavezuju\u0107e za korisnike u trenutno va\u017ee\u0107em obliku; stoga se korisnicima preporu\u010duje da se detaljno upoznaju sa njegovim sadr\u017eajem prilikom svake posete veb lokaciji https:\/\/www.kemostik.com. Zabranjena je upotreba veb lokacije https:\/\/www.kemostik.com koja je u suprotnosti sa ovde navedenim pravilima. Korisnik koji koristi veb lokaciju https:\/\/www.kemostik.com u suprotnosti sa ovde navedenim pravilima u potpunosti je odgovoran za svoje postupke.<\/p>\n<p>&nbsp;<\/p>\n<p>&nbsp;<\/p>\n<p><strong>Omejitev odgovornosti<\/strong><\/p>\n<p>Sve informacije i sav materijal na veb lokaciji https:\/\/www.kemostik.com isklju\u010divo su namenjeni u informativne svrhe. Kompanija KANSAI HELIOS Kemostik d.o.o. posve\u0107ena je pru\u017eanju ta\u010dnih, a\u017euriranih i kompletnih podataka na veb lokaciji https:\/\/www.kemostik.com, ali ne mo\u017ee garantovati njihovu ta\u010dnost i potpunost i ne preuzima nikakvu odgovornost u tom pogledu.<\/p>\n<p>Korisnici koriste veb lokaciju https:\/\/www.kemostik.com i sadr\u017eaj objavljen na toj veb lokaciji na sopstvenu odgovornost. Ni kompanija KANSAI HELIOS Kemostik d.o.o. ni bilo koje drugo pravno ili fizi\u010dko lice koje je doprinelo kreiranju i dizajniranju veb lokacije ili jo\u0161 uvek sara\u0111uje na njenom a\u017euriranju, nisu odgovorni za bilo kakvu \u0161tetu koja mo\u017ee nastati prilikom pristupa informacijama na ovim veb lokacijama, prilikom njihovog kori\u0161\u0107enja ili nemogu\u0107nosti kori\u0161\u0107enja ili za bilo koju gre\u0161ku ili propust u pogledu njihovog sadr\u017eaja.<\/p>\n<p>Kompanija KANSAI HELIOS Kemostik d.o.o. nije odgovorna za \u0161tetu (uklju\u010duju\u0107i \u0161tetu uzrokovanu virusima) koju bi korisnik mogao da pretrpi na svom softveru, mobilnom telefonu ili bilo kom drugom ure\u0111aju i\/ili aplikaciji koja se koristi za pristup navedenoj veb lokaciji, kao posledicu posete ili kori\u0161\u0107enja veb lokacije https:\/\/www.kemostik.com. Pored toga, kompanija KANSAI HELIOS Kemostik d.o.o. nije odgovorna za bilo koju vrstu \u0161tete koja mo\u017ee biti posledica upotrebe ili nemogu\u0107nosti upotrebe veb lokacije https:\/\/www.kemostik.com. Kompanija KANSAI HELIOS Kemostik d.o.o. zadr\u017eava pravo da u svakom trenutku izmeni veb lokaciju https:\/\/www.kansai-helios.rs na bilo koji na\u010din i bez obzira na razlog, bez prethodnog obave\u0161tavanja, i ne preuzima odgovornost za bilo kakve posledice tih modifikacija.[\/vc_column_text][\/vc_column][\/vc_row]<\/p>\n<\/div>","protected":false},"excerpt":{"rendered":"<p>[vc_row][vc_column][vc_column_text css=&#8220;&#8220;]Na veb lokaciji nalaze se op\u0161te informacije o kompaniji KANSAI HELIOS Kemostik d.o.o. i njenim pridru\u017eenim kompanijama, informacije o poslovanju navedenih kompanija i njihovim proizvodima. Ovo obave\u0161tenje odnosi se na svako lice koje poseti veb lokaciju; molimo vas da ga pa\u017eljivo pro\u010ditate. Prilikom pristupa veb lokaciji https:\/\/www.kemostik.com\/ korisnik potvr\u0111uje da prihvata uslove koji su&#8230;<\/p>\n","protected":false},"author":1,"featured_media":0,"parent":0,"menu_order":0,"comment_status":"closed","ping_status":"closed","template":"","meta":{"footnotes":""},"class_list":["post-1744","page","type-page","status-publish","hentry"],"yoast_head":"<!-- This site is optimized with the Yoast SEO plugin v27.2 - https:\/\/yoast.com\/product\/yoast-seo-wordpress\/ -->\n<title>Pravno obave\u0161tenje - KANSAI HELIOS Kemostik d.o.o<\/title>\n<meta name=\"robots\" content=\"index, follow, max-snippet:-1, max-image-preview:large, max-video-preview:-1\" \/>\n<link rel=\"canonical\" href=\"https:\/\/www.kemostik.com\/sr\/pravno-obavestenje\/\" \/>\n<meta property=\"og:locale\" content=\"sr_RS\" \/>\n<meta property=\"og:type\" content=\"article\" \/>\n<meta property=\"og:title\" content=\"Pravno obave\u0161tenje - KANSAI HELIOS Kemostik d.o.o\" \/>\n<meta property=\"og:description\" content=\"[vc_row][vc_column][vc_column_text css=&#8220;&#8220;]Na veb lokaciji nalaze se op\u0161te informacije o kompaniji KANSAI HELIOS Kemostik d.o.o. i njenim pridru\u017eenim kompanijama, informacije o poslovanju navedenih kompanija i njihovim proizvodima. Ovo obave\u0161tenje odnosi se na svako lice koje poseti veb lokaciju; molimo vas da ga pa\u017eljivo pro\u010ditate. Prilikom pristupa veb lokaciji https:\/\/www.kemostik.com\/ korisnik potvr\u0111uje da prihvata uslove koji su...\" \/>\n<meta property=\"og:url\" content=\"https:\/\/www.kemostik.com\/sr\/pravno-obavestenje\/\" \/>\n<meta property=\"og:site_name\" content=\"KANSAI HELIOS Kemostik d.o.o\" \/>\n<meta property=\"article:modified_time\" content=\"2025-09-22T09:32:00+00:00\" \/>\n<meta name=\"twitter:card\" content=\"summary_large_image\" \/>\n<meta name=\"twitter:label1\" content=\"\u041f\u0440\u043e\u0446\u0435\u045a\u0435\u043d\u043e \u0432\u0440\u0435\u043c\u0435 \u0447\u0438\u0442\u0430\u045a\u0430\" \/>\n\t<meta name=\"twitter:data1\" content=\"5 \u043c\u0438\u043d\u0443\u0442\u0430\" \/>\n<script type=\"application\/ld+json\" class=\"yoast-schema-graph\">{\"@context\":\"https:\/\/schema.org\",\"@graph\":[{\"@type\":\"WebPage\",\"@id\":\"https:\/\/www.kemostik.com\/sr\/pravno-obavestenje\/\",\"url\":\"https:\/\/www.kemostik.com\/sr\/pravno-obavestenje\/\",\"name\":\"Pravno obave\u0161tenje - KANSAI HELIOS Kemostik d.o.o\",\"isPartOf\":{\"@id\":\"https:\/\/www.kemostik.com\/sr\/#website\"},\"datePublished\":\"2024-10-05T21:45:19+00:00\",\"dateModified\":\"2025-09-22T09:32:00+00:00\",\"breadcrumb\":{\"@id\":\"https:\/\/www.kemostik.com\/sr\/pravno-obavestenje\/#breadcrumb\"},\"inLanguage\":\"sr-RS\",\"potentialAction\":[{\"@type\":\"ReadAction\",\"target\":[\"https:\/\/www.kemostik.com\/sr\/pravno-obavestenje\/\"]}]},{\"@type\":\"BreadcrumbList\",\"@id\":\"https:\/\/www.kemostik.com\/sr\/pravno-obavestenje\/#breadcrumb\",\"itemListElement\":[{\"@type\":\"ListItem\",\"position\":1,\"name\":\"Home\",\"item\":\"https:\/\/www.kemostik.com\/sr\/\"},{\"@type\":\"ListItem\",\"position\":2,\"name\":\"Pravno obave\u0161tenje\"}]},{\"@type\":\"WebSite\",\"@id\":\"https:\/\/www.kemostik.com\/sr\/#website\",\"url\":\"https:\/\/www.kemostik.com\/sr\/\",\"name\":\"KANSAI HELIOS Kemostik d.o.o\",\"description\":\"\",\"publisher\":{\"@id\":\"https:\/\/www.kemostik.com\/sr\/#organization\"},\"potentialAction\":[{\"@type\":\"SearchAction\",\"target\":{\"@type\":\"EntryPoint\",\"urlTemplate\":\"https:\/\/www.kemostik.com\/sr\/?s={search_term_string}\"},\"query-input\":{\"@type\":\"PropertyValueSpecification\",\"valueRequired\":true,\"valueName\":\"search_term_string\"}}],\"inLanguage\":\"sr-RS\"},{\"@type\":\"Organization\",\"@id\":\"https:\/\/www.kemostik.com\/sr\/#organization\",\"name\":\"KANSAI HELIOS Kemostik d.o.o\",\"url\":\"https:\/\/www.kemostik.com\/sr\/\",\"logo\":{\"@type\":\"ImageObject\",\"inLanguage\":\"sr-RS\",\"@id\":\"https:\/\/www.kemostik.com\/sr\/#\/schema\/logo\/image\/\",\"url\":\"https:\/\/www.kemostik.com\/wp-content\/uploads\/2024\/10\/kansai-helios-logo-transparent.png\",\"contentUrl\":\"https:\/\/www.kemostik.com\/wp-content\/uploads\/2024\/10\/kansai-helios-logo-transparent.png\",\"width\":240,\"height\":90,\"caption\":\"KANSAI HELIOS Kemostik d.o.o\"},\"image\":{\"@id\":\"https:\/\/www.kemostik.com\/sr\/#\/schema\/logo\/image\/\"}}]}<\/script>\n<!-- \/ Yoast SEO plugin. -->","yoast_head_json":{"title":"Pravno obave\u0161tenje - KANSAI HELIOS Kemostik d.o.o","robots":{"index":"index","follow":"follow","max-snippet":"max-snippet:-1","max-image-preview":"max-image-preview:large","max-video-preview":"max-video-preview:-1"},"canonical":"https:\/\/www.kemostik.com\/sr\/pravno-obavestenje\/","og_locale":"sr_RS","og_type":"article","og_title":"Pravno obave\u0161tenje - KANSAI HELIOS Kemostik d.o.o","og_description":"[vc_row][vc_column][vc_column_text css=&#8220;&#8220;]Na veb lokaciji nalaze se op\u0161te informacije o kompaniji KANSAI HELIOS Kemostik d.o.o. i njenim pridru\u017eenim kompanijama, informacije o poslovanju navedenih kompanija i njihovim proizvodima. Ovo obave\u0161tenje odnosi se na svako lice koje poseti veb lokaciju; molimo vas da ga pa\u017eljivo pro\u010ditate. Prilikom pristupa veb lokaciji https:\/\/www.kemostik.com\/ korisnik potvr\u0111uje da prihvata uslove koji su...","og_url":"https:\/\/www.kemostik.com\/sr\/pravno-obavestenje\/","og_site_name":"KANSAI HELIOS Kemostik d.o.o","article_modified_time":"2025-09-22T09:32:00+00:00","twitter_card":"summary_large_image","twitter_misc":{"\u041f\u0440\u043e\u0446\u0435\u045a\u0435\u043d\u043e \u0432\u0440\u0435\u043c\u0435 \u0447\u0438\u0442\u0430\u045a\u0430":"5 \u043c\u0438\u043d\u0443\u0442\u0430"},"schema":{"@context":"https:\/\/schema.org","@graph":[{"@type":"WebPage","@id":"https:\/\/www.kemostik.com\/sr\/pravno-obavestenje\/","url":"https:\/\/www.kemostik.com\/sr\/pravno-obavestenje\/","name":"Pravno obave\u0161tenje - KANSAI HELIOS Kemostik d.o.o","isPartOf":{"@id":"https:\/\/www.kemostik.com\/sr\/#website"},"datePublished":"2024-10-05T21:45:19+00:00","dateModified":"2025-09-22T09:32:00+00:00","breadcrumb":{"@id":"https:\/\/www.kemostik.com\/sr\/pravno-obavestenje\/#breadcrumb"},"inLanguage":"sr-RS","potentialAction":[{"@type":"ReadAction","target":["https:\/\/www.kemostik.com\/sr\/pravno-obavestenje\/"]}]},{"@type":"BreadcrumbList","@id":"https:\/\/www.kemostik.com\/sr\/pravno-obavestenje\/#breadcrumb","itemListElement":[{"@type":"ListItem","position":1,"name":"Home","item":"https:\/\/www.kemostik.com\/sr\/"},{"@type":"ListItem","position":2,"name":"Pravno obave\u0161tenje"}]},{"@type":"WebSite","@id":"https:\/\/www.kemostik.com\/sr\/#website","url":"https:\/\/www.kemostik.com\/sr\/","name":"KANSAI HELIOS Kemostik d.o.o","description":"","publisher":{"@id":"https:\/\/www.kemostik.com\/sr\/#organization"},"potentialAction":[{"@type":"SearchAction","target":{"@type":"EntryPoint","urlTemplate":"https:\/\/www.kemostik.com\/sr\/?s={search_term_string}"},"query-input":{"@type":"PropertyValueSpecification","valueRequired":true,"valueName":"search_term_string"}}],"inLanguage":"sr-RS"},{"@type":"Organization","@id":"https:\/\/www.kemostik.com\/sr\/#organization","name":"KANSAI HELIOS Kemostik d.o.o","url":"https:\/\/www.kemostik.com\/sr\/","logo":{"@type":"ImageObject","inLanguage":"sr-RS","@id":"https:\/\/www.kemostik.com\/sr\/#\/schema\/logo\/image\/","url":"https:\/\/www.kemostik.com\/wp-content\/uploads\/2024\/10\/kansai-helios-logo-transparent.png","contentUrl":"https:\/\/www.kemostik.com\/wp-content\/uploads\/2024\/10\/kansai-helios-logo-transparent.png","width":240,"height":90,"caption":"KANSAI HELIOS Kemostik d.o.o"},"image":{"@id":"https:\/\/www.kemostik.com\/sr\/#\/schema\/logo\/image\/"}}]}},"_links":{"self":[{"href":"https:\/\/www.kemostik.com\/sr\/wp-json\/wp\/v2\/pages\/1744","targetHints":{"allow":["GET"]}}],"collection":[{"href":"https:\/\/www.kemostik.com\/sr\/wp-json\/wp\/v2\/pages"}],"about":[{"href":"https:\/\/www.kemostik.com\/sr\/wp-json\/wp\/v2\/types\/page"}],"author":[{"embeddable":true,"href":"https:\/\/www.kemostik.com\/sr\/wp-json\/wp\/v2\/users\/1"}],"replies":[{"embeddable":true,"href":"https:\/\/www.kemostik.com\/sr\/wp-json\/wp\/v2\/comments?post=1744"}],"version-history":[{"count":5,"href":"https:\/\/www.kemostik.com\/sr\/wp-json\/wp\/v2\/pages\/1744\/revisions"}],"predecessor-version":[{"id":3813,"href":"https:\/\/www.kemostik.com\/sr\/wp-json\/wp\/v2\/pages\/1744\/revisions\/3813"}],"wp:attachment":[{"href":"https:\/\/www.kemostik.com\/sr\/wp-json\/wp\/v2\/media?parent=1744"}],"curies":[{"name":"wp","href":"https:\/\/api.w.org\/{rel}","templated":true}]}}