{"id":1760,"date":"2025-01-24T10:46:58","date_gmt":"2025-01-24T09:46:58","guid":{"rendered":"https:\/\/www.kemostik.com\/neostik\/ostali-izdelki\/purol\/"},"modified":"2025-03-19T22:56:17","modified_gmt":"2025-03-19T21:56:17","slug":"purol","status":"publish","type":"page","link":"https:\/\/www.kemostik.com\/sr\/neostik\/ostali-proizvodi\/purol\/","title":{"rendered":"Purol"},"content":{"rendered":"<div class=\"wpb-content-wrapper\"><p>[vc_row][vc_column][vc_row_inner][vc_column_inner width=&#8220;1\/2&#8243;][vc_column_text css=&#8220;&#8220;]Purol Universal je univerzalna mekana polirna pasta za metale. S njom poliramo, odstranjujemo r\u0111u i \u010distimo povr\u0161ine razli\u010dnih metala: bakar, mesing, krom, cink, nikl, aluminijum itd. Pasta je pogodna i za poliranje emajliranih predmeta i tvrdih plasti\u010dnih masa.<\/p>\n<p>&nbsp;<\/p>\n<p>Pasta nije pogodna za poliranje automobila.[\/vc_column_text][vc_column_text css=&#8220;&#8220;]<\/p>\n<h6>O\u010cISTI:<\/h6>\n<p>bakar, mesing, hrom, cink, nikl, aluminijum itd.<\/p>\n<div id=\"gtx-trans\" style=\"position: absolute; left: -9px; top: -1.03125px;\">\n<div class=\"gtx-trans-icon\"><\/div>\n<\/div>\n<p>[\/vc_column_text][vc_column_text css=&#8220;&#8220;]<\/p>\n<h6>PAKOVANJE:<\/h6>\n<p>100 g<\/p>\n<div id=\"gtx-trans\" style=\"position: absolute; left: 32px; top: 39.9688px;\">\n<div class=\"gtx-trans-icon\"><\/div>\n<\/div>\n<p>[\/vc_column_text][\/vc_column_inner][vc_column_inner width=&#8220;1\/2&#8243;][vc_single_image image=&#8220;484&#8243; img_size=&#8220;&#8220; alignment=&#8220;center&#8220; css=&#8220;&#8220;][\/vc_column_inner][\/vc_row_inner][\/vc_column][\/vc_row][vc_row][vc_column]\r\n\t\t\t<div class=\"helios_section_distance m\"><\/div>\r\n\r\n\t\t\t[\/vc_column][\/vc_row]<\/p>\n<\/div>","protected":false},"excerpt":{"rendered":"<p>[vc_row][vc_column][vc_row_inner][vc_column_inner width=&#8220;1\/2&#8243;][vc_column_text css=&#8220;&#8220;]Purol Universal je univerzalna mekana polirna pasta za metale. S njom poliramo, odstranjujemo r\u0111u i \u010distimo povr\u0161ine razli\u010dnih metala: bakar, mesing, krom, cink, nikl, aluminijum itd. Pasta je pogodna i za poliranje emajliranih predmeta i tvrdih plasti\u010dnih masa. &nbsp; Pasta nije pogodna za poliranje automobila.[\/vc_column_text][vc_column_text css=&#8220;&#8220;] O\u010cISTI: bakar, mesing, hrom, cink, nikl, aluminijum&#8230;<\/p>\n","protected":false},"author":1,"featured_media":0,"parent":1752,"menu_order":0,"comment_status":"closed","ping_status":"closed","template":"","meta":{"footnotes":""},"class_list":["post-1760","page","type-page","status-publish","hentry"],"yoast_head":"<!-- This site is optimized with the Yoast SEO plugin v27.2 - https:\/\/yoast.com\/product\/yoast-seo-wordpress\/ -->\n<title>Purol - KANSAI HELIOS Kemostik d.o.o<\/title>\n<meta name=\"robots\" content=\"index, follow, max-snippet:-1, max-image-preview:large, max-video-preview:-1\" \/>\n<link rel=\"canonical\" href=\"https:\/\/www.kemostik.com\/sr\/neostik\/ostali-proizvodi\/purol\/\" \/>\n<meta property=\"og:locale\" content=\"sr_RS\" \/>\n<meta property=\"og:type\" content=\"article\" \/>\n<meta property=\"og:title\" content=\"Purol - KANSAI HELIOS Kemostik d.o.o\" \/>\n<meta property=\"og:description\" content=\"[vc_row][vc_column][vc_row_inner][vc_column_inner width=&#8220;1\/2&#8243;][vc_column_text css=&#8220;&#8220;]Purol Universal je univerzalna mekana polirna pasta za metale. S njom poliramo, odstranjujemo r\u0111u i \u010distimo povr\u0161ine razli\u010dnih metala: bakar, mesing, krom, cink, nikl, aluminijum itd. Pasta je pogodna i za poliranje emajliranih predmeta i tvrdih plasti\u010dnih masa. &nbsp; Pasta nije pogodna za poliranje automobila.[\/vc_column_text][vc_column_text css=&#8220;&#8220;] O\u010cISTI: bakar, mesing, hrom, cink, nikl, aluminijum...\" \/>\n<meta property=\"og:url\" content=\"https:\/\/www.kemostik.com\/sr\/neostik\/ostali-proizvodi\/purol\/\" \/>\n<meta property=\"og:site_name\" content=\"KANSAI HELIOS Kemostik d.o.o\" \/>\n<meta property=\"article:modified_time\" content=\"2025-03-19T21:56:17+00:00\" \/>\n<meta name=\"twitter:card\" content=\"summary_large_image\" \/>\n<meta name=\"twitter:label1\" content=\"\u041f\u0440\u043e\u0446\u0435\u045a\u0435\u043d\u043e \u0432\u0440\u0435\u043c\u0435 \u0447\u0438\u0442\u0430\u045a\u0430\" \/>\n\t<meta name=\"twitter:data1\" content=\"1 \u043c\u0438\u043d\u0443\u0442\" \/>\n<script type=\"application\/ld+json\" class=\"yoast-schema-graph\">{\"@context\":\"https:\/\/schema.org\",\"@graph\":[{\"@type\":\"WebPage\",\"@id\":\"https:\/\/www.kemostik.com\/sr\/neostik\/ostali-proizvodi\/purol\/\",\"url\":\"https:\/\/www.kemostik.com\/sr\/neostik\/ostali-proizvodi\/purol\/\",\"name\":\"Purol - KANSAI HELIOS Kemostik d.o.o\",\"isPartOf\":{\"@id\":\"https:\/\/www.kemostik.com\/sr\/#website\"},\"datePublished\":\"2025-01-24T09:46:58+00:00\",\"dateModified\":\"2025-03-19T21:56:17+00:00\",\"breadcrumb\":{\"@id\":\"https:\/\/www.kemostik.com\/sr\/neostik\/ostali-proizvodi\/purol\/#breadcrumb\"},\"inLanguage\":\"sr-RS\",\"potentialAction\":[{\"@type\":\"ReadAction\",\"target\":[\"https:\/\/www.kemostik.com\/sr\/neostik\/ostali-proizvodi\/purol\/\"]}]},{\"@type\":\"BreadcrumbList\",\"@id\":\"https:\/\/www.kemostik.com\/sr\/neostik\/ostali-proizvodi\/purol\/#breadcrumb\",\"itemListElement\":[{\"@type\":\"ListItem\",\"position\":1,\"name\":\"Home\",\"item\":\"https:\/\/www.kemostik.com\/sr\/\"},{\"@type\":\"ListItem\",\"position\":2,\"name\":\"NEOSTIK\",\"item\":\"https:\/\/www.kemostik.com\/sr\/neostik\/\"},{\"@type\":\"ListItem\",\"position\":3,\"name\":\"Ostali proizvodi\",\"item\":\"https:\/\/www.kemostik.com\/sr\/neostik\/ostali-izdelki\/\"},{\"@type\":\"ListItem\",\"position\":4,\"name\":\"Purol\"}]},{\"@type\":\"WebSite\",\"@id\":\"https:\/\/www.kemostik.com\/sr\/#website\",\"url\":\"https:\/\/www.kemostik.com\/sr\/\",\"name\":\"KANSAI HELIOS Kemostik d.o.o\",\"description\":\"\",\"publisher\":{\"@id\":\"https:\/\/www.kemostik.com\/sr\/#organization\"},\"potentialAction\":[{\"@type\":\"SearchAction\",\"target\":{\"@type\":\"EntryPoint\",\"urlTemplate\":\"https:\/\/www.kemostik.com\/sr\/?s={search_term_string}\"},\"query-input\":{\"@type\":\"PropertyValueSpecification\",\"valueRequired\":true,\"valueName\":\"search_term_string\"}}],\"inLanguage\":\"sr-RS\"},{\"@type\":\"Organization\",\"@id\":\"https:\/\/www.kemostik.com\/sr\/#organization\",\"name\":\"KANSAI HELIOS Kemostik d.o.o\",\"url\":\"https:\/\/www.kemostik.com\/sr\/\",\"logo\":{\"@type\":\"ImageObject\",\"inLanguage\":\"sr-RS\",\"@id\":\"https:\/\/www.kemostik.com\/sr\/#\/schema\/logo\/image\/\",\"url\":\"https:\/\/www.kemostik.com\/wp-content\/uploads\/2024\/10\/kansai-helios-logo-transparent.png\",\"contentUrl\":\"https:\/\/www.kemostik.com\/wp-content\/uploads\/2024\/10\/kansai-helios-logo-transparent.png\",\"width\":240,\"height\":90,\"caption\":\"KANSAI HELIOS Kemostik d.o.o\"},\"image\":{\"@id\":\"https:\/\/www.kemostik.com\/sr\/#\/schema\/logo\/image\/\"}}]}<\/script>\n<!-- \/ Yoast SEO plugin. -->","yoast_head_json":{"title":"Purol - KANSAI HELIOS Kemostik d.o.o","robots":{"index":"index","follow":"follow","max-snippet":"max-snippet:-1","max-image-preview":"max-image-preview:large","max-video-preview":"max-video-preview:-1"},"canonical":"https:\/\/www.kemostik.com\/sr\/neostik\/ostali-proizvodi\/purol\/","og_locale":"sr_RS","og_type":"article","og_title":"Purol - KANSAI HELIOS Kemostik d.o.o","og_description":"[vc_row][vc_column][vc_row_inner][vc_column_inner width=&#8220;1\/2&#8243;][vc_column_text css=&#8220;&#8220;]Purol Universal je univerzalna mekana polirna pasta za metale. S njom poliramo, odstranjujemo r\u0111u i \u010distimo povr\u0161ine razli\u010dnih metala: bakar, mesing, krom, cink, nikl, aluminijum itd. Pasta je pogodna i za poliranje emajliranih predmeta i tvrdih plasti\u010dnih masa. &nbsp; Pasta nije pogodna za poliranje automobila.[\/vc_column_text][vc_column_text css=&#8220;&#8220;] O\u010cISTI: bakar, mesing, hrom, cink, nikl, aluminijum...","og_url":"https:\/\/www.kemostik.com\/sr\/neostik\/ostali-proizvodi\/purol\/","og_site_name":"KANSAI HELIOS Kemostik d.o.o","article_modified_time":"2025-03-19T21:56:17+00:00","twitter_card":"summary_large_image","twitter_misc":{"\u041f\u0440\u043e\u0446\u0435\u045a\u0435\u043d\u043e \u0432\u0440\u0435\u043c\u0435 \u0447\u0438\u0442\u0430\u045a\u0430":"1 \u043c\u0438\u043d\u0443\u0442"},"schema":{"@context":"https:\/\/schema.org","@graph":[{"@type":"WebPage","@id":"https:\/\/www.kemostik.com\/sr\/neostik\/ostali-proizvodi\/purol\/","url":"https:\/\/www.kemostik.com\/sr\/neostik\/ostali-proizvodi\/purol\/","name":"Purol - KANSAI HELIOS Kemostik d.o.o","isPartOf":{"@id":"https:\/\/www.kemostik.com\/sr\/#website"},"datePublished":"2025-01-24T09:46:58+00:00","dateModified":"2025-03-19T21:56:17+00:00","breadcrumb":{"@id":"https:\/\/www.kemostik.com\/sr\/neostik\/ostali-proizvodi\/purol\/#breadcrumb"},"inLanguage":"sr-RS","potentialAction":[{"@type":"ReadAction","target":["https:\/\/www.kemostik.com\/sr\/neostik\/ostali-proizvodi\/purol\/"]}]},{"@type":"BreadcrumbList","@id":"https:\/\/www.kemostik.com\/sr\/neostik\/ostali-proizvodi\/purol\/#breadcrumb","itemListElement":[{"@type":"ListItem","position":1,"name":"Home","item":"https:\/\/www.kemostik.com\/sr\/"},{"@type":"ListItem","position":2,"name":"NEOSTIK","item":"https:\/\/www.kemostik.com\/sr\/neostik\/"},{"@type":"ListItem","position":3,"name":"Ostali proizvodi","item":"https:\/\/www.kemostik.com\/sr\/neostik\/ostali-izdelki\/"},{"@type":"ListItem","position":4,"name":"Purol"}]},{"@type":"WebSite","@id":"https:\/\/www.kemostik.com\/sr\/#website","url":"https:\/\/www.kemostik.com\/sr\/","name":"KANSAI HELIOS Kemostik d.o.o","description":"","publisher":{"@id":"https:\/\/www.kemostik.com\/sr\/#organization"},"potentialAction":[{"@type":"SearchAction","target":{"@type":"EntryPoint","urlTemplate":"https:\/\/www.kemostik.com\/sr\/?s={search_term_string}"},"query-input":{"@type":"PropertyValueSpecification","valueRequired":true,"valueName":"search_term_string"}}],"inLanguage":"sr-RS"},{"@type":"Organization","@id":"https:\/\/www.kemostik.com\/sr\/#organization","name":"KANSAI HELIOS Kemostik d.o.o","url":"https:\/\/www.kemostik.com\/sr\/","logo":{"@type":"ImageObject","inLanguage":"sr-RS","@id":"https:\/\/www.kemostik.com\/sr\/#\/schema\/logo\/image\/","url":"https:\/\/www.kemostik.com\/wp-content\/uploads\/2024\/10\/kansai-helios-logo-transparent.png","contentUrl":"https:\/\/www.kemostik.com\/wp-content\/uploads\/2024\/10\/kansai-helios-logo-transparent.png","width":240,"height":90,"caption":"KANSAI HELIOS Kemostik d.o.o"},"image":{"@id":"https:\/\/www.kemostik.com\/sr\/#\/schema\/logo\/image\/"}}]}},"_links":{"self":[{"href":"https:\/\/www.kemostik.com\/sr\/wp-json\/wp\/v2\/pages\/1760","targetHints":{"allow":["GET"]}}],"collection":[{"href":"https:\/\/www.kemostik.com\/sr\/wp-json\/wp\/v2\/pages"}],"about":[{"href":"https:\/\/www.kemostik.com\/sr\/wp-json\/wp\/v2\/types\/page"}],"author":[{"embeddable":true,"href":"https:\/\/www.kemostik.com\/sr\/wp-json\/wp\/v2\/users\/1"}],"replies":[{"embeddable":true,"href":"https:\/\/www.kemostik.com\/sr\/wp-json\/wp\/v2\/comments?post=1760"}],"version-history":[{"count":1,"href":"https:\/\/www.kemostik.com\/sr\/wp-json\/wp\/v2\/pages\/1760\/revisions"}],"predecessor-version":[{"id":2394,"href":"https:\/\/www.kemostik.com\/sr\/wp-json\/wp\/v2\/pages\/1760\/revisions\/2394"}],"up":[{"embeddable":true,"href":"https:\/\/www.kemostik.com\/sr\/wp-json\/wp\/v2\/pages\/1752"}],"wp:attachment":[{"href":"https:\/\/www.kemostik.com\/sr\/wp-json\/wp\/v2\/media?parent=1760"}],"curies":[{"name":"wp","href":"https:\/\/api.w.org\/{rel}","templated":true}]}}