{"id":1764,"date":"2025-01-23T21:29:26","date_gmt":"2025-01-23T20:29:26","guid":{"rendered":"https:\/\/www.kemostik.com\/neostik\/poliuretanske-pene\/"},"modified":"2025-07-31T15:19:25","modified_gmt":"2025-07-31T13:19:25","slug":"pur-pene","status":"publish","type":"page","link":"https:\/\/www.kemostik.com\/sr\/neostik\/pur-pene\/","title":{"rendered":"Pur pene"},"content":{"rendered":"<div class=\"wpb-content-wrapper\"><p>[vc_row][vc_column][vc_row_inner][vc_column_inner width=&#8220;1\/2&#8243;][vc_column_text css=&#8220;&#8220;]Jednokomponentne poliuretanske pene Neostik upotrebljavamo za zaptivanje, ugradnju, izolovanje, zapunjavanje i lepljenje razli\u010ditih gra\u0111evinskih materijala i predmeta.[\/vc_column_text][\/vc_column_inner][vc_column_inner width=&#8220;1\/2&#8243;][vc_single_image image=&#8220;809&#8243; img_size=&#8220;&#8220; alignment=&#8220;center&#8220; css=&#8220;&#8220;][\/vc_column_inner][\/vc_row_inner][\/vc_column][\/vc_row][vc_row css=&#8220;.vc_custom_1737578071091{margin-top: 40px !important;}&#8220;][vc_column width=&#8220;1\/3&#8243;][vc_single_image image=&#8220;479&#8243; img_size=&#8220;full&#8220; alignment=&#8220;center&#8220; css=&#8220;&#8220;][\/vc_column][vc_column width=&#8220;2\/3&#8243;][vc_custom_heading text=&#8220;Neostik PUR PENA UNIVERZAL&#8220; font_container=&#8220;tag:h5|text_align:left|color:%23AE841F&#8220; use_theme_fonts=&#8220;yes&#8220; css=&#8220;&#8220;][vc_column_text css=&#8220;&#8220;]Neostik PUR PENA UNIVERZAL omogu\u0107uje brojne aplikacije u gra\u0111evini i elektroinstalacijama, kod zapunjavanja cevi i ostalih materijala. Posebna formulacija omogu\u0107uje dobro prijanjanje na brojne premaze.[\/vc_column_text][vc_column_text css=&#8220;&#8220; el_class=&#8220;neostik-url&#8220;]<a href=\"https:\/\/www.kemostik.com\/sr\/neostik\/pur-pene\/neostik-pur-pena-univerzal\/\">Preberite ve\u010d<\/a><\/p>\n<div id=\"gtx-trans\" style=\"position: absolute; left: -62px; top: 38px;\">\n<div class=\"gtx-trans-icon\"><\/div>\n<\/div>\n<p>[\/vc_column_text][\/vc_column][\/vc_row][vc_row css=&#8220;.vc_custom_1737578079739{margin-top: 40px !important;}&#8220;][vc_column width=&#8220;1\/3&#8243;][vc_single_image image=&#8220;478&#8243; img_size=&#8220;full&#8220; alignment=&#8220;center&#8220; css=&#8220;&#8220;][\/vc_column][vc_column width=&#8220;2\/3&#8243;][vc_custom_heading text=&#8220;Neostik PUR PENA UNIVERZAL PI\u0160TOLJSKA&#8220; font_container=&#8220;tag:h5|text_align:left|color:%23AE841F&#8220; use_theme_fonts=&#8220;yes&#8220; css=&#8220;&#8220;][vc_column_text css=&#8220;&#8220;]Neostik PUR PENA UNIVERZAL PI\u0160TOLJSKA omogu\u0107uje brojne aplikacije u gradjevini i elektroinstalacijama, kod zapunjavanja cevi i ostalih materijala. Posebna formulacija omogu\u0107uje dobro prijanjanje na brojne premaze.[\/vc_column_text][vc_column_text css=&#8220;&#8220; el_class=&#8220;neostik-url&#8220;]<a href=\"https:\/\/www.kemostik.com\/sr\/neostik\/pur-pene\/neostik-pur-pena-univerzal-pistoljska\/\">Preberite ve\u010d<\/a><\/p>\n<div id=\"gtx-trans\" style=\"position: absolute; left: -92px; top: -10px;\">\n<div class=\"gtx-trans-icon\"><\/div>\n<\/div>\n<p>[\/vc_column_text][\/vc_column][\/vc_row][vc_row css=&#8220;.vc_custom_1737578086493{margin-top: 40px !important;}&#8220;][vc_column width=&#8220;1\/3&#8243;][vc_single_image image=&#8220;3753&#8243; img_size=&#8220;full&#8220; alignment=&#8220;center&#8220; css=&#8220;&#8220;][\/vc_column][vc_column width=&#8220;2\/3&#8243;][vc_custom_heading text=&#8220;Neostik PUR PENA ZA KROVOVE&#8220; font_container=&#8220;tag:h5|text_align:left|color:%23AE841F&#8220; use_theme_fonts=&#8220;yes&#8220; css=&#8220;&#8220;][vc_column_text css=&#8220;&#8220;]Neostik PUR PENA ZA KROVOVE je zbog svoje niske ekspanzije i vrlo dobrog prijanjanja posebno pogodna za popravku krovova. Otporna je na vetar i na niske i visoke temperature. Posebna formulacija omogu\u0107uje dobro prijanjanje na brojne premaze.[\/vc_column_text][vc_column_text css=&#8220;&#8220; el_class=&#8220;neostik-url&#8220;]<a href=\"https:\/\/www.kemostik.com\/sr\/neostik\/pur-pene\/neostik-pur-pena-za-krovove\/\">Preberite ve\u010d<\/a><\/p>\n<div id=\"gtx-trans\" style=\"position: absolute; left: -53px; top: -10px;\">\n<div class=\"gtx-trans-icon\"><\/div>\n<\/div>\n<p>[\/vc_column_text][\/vc_column][\/vc_row][vc_row css=&#8220;.vc_custom_1737578086493{margin-top: 40px !important;}&#8220;][vc_column width=&#8220;1\/3&#8243;][vc_single_image image=&#8220;3758&#8243; img_size=&#8220;full&#8220; alignment=&#8220;center&#8220; css=&#8220;&#8220;][\/vc_column][vc_column width=&#8220;2\/3&#8243;][vc_custom_heading text=&#8220;Neostik PUR PENA ZA KROVOVE PI\u0160TOLJSKA&#8220; font_container=&#8220;tag:h5|text_align:left|color:%23AE841F&#8220; use_theme_fonts=&#8220;yes&#8220; css=&#8220;&#8220;][vc_column_text css=&#8220;&#8220;]Neostik PUR PENA ZA KROVOVE PI\u0160TOLJSKA je zbog svoje niske ekspanzije i vrlo dobrog prijanjanja posebno pogodna za popravak krovova. Otporna je na vetar i na niske i visoke temperature. Posebna formulacija omogu\u0107uje dobro prijanjanje na brojne premaze.[\/vc_column_text][vc_column_text css=&#8220;&#8220; el_class=&#8220;neostik-url&#8220;]<a href=\"https:\/\/www.kemostik.com\/sr\/neostik\/pur-pene\/neostik-pur-pena-za-krovove-pistoljska\/\">Preberite ve\u010d<\/a><\/p>\n<div id=\"gtx-trans\" style=\"position: absolute; left: -79px; top: -10px;\">\n<div class=\"gtx-trans-icon\"><\/div>\n<\/div>\n<p>[\/vc_column_text][\/vc_column][\/vc_row][vc_row css=&#8220;.vc_custom_1737578086493{margin-top: 40px !important;}&#8220;][vc_column width=&#8220;1\/3&#8243;][vc_single_image image=&#8220;475&#8243; img_size=&#8220;full&#8220; alignment=&#8220;center&#8220; css=&#8220;&#8220;][\/vc_column][vc_column width=&#8220;2\/3&#8243;][vc_custom_heading text=&#8220;Neostik PUR PENA ZA IZOLACIJSKE PLO\u010cE PI\u0160TOLJSKA&#8220; font_container=&#8220;tag:h5|text_align:left|color:%23AE841F&#8220; use_theme_fonts=&#8220;yes&#8220; css=&#8220;&#8220;][vc_column_text css=&#8220;&#8220;]Neostik PUR PENA ZA IZOLACIJSKE PLO\u010cE PI\u0160TOLJSKA s niskom post ekspanzijom je pogodna za lepljenje i fiksiranje izolacijskih plo\u010da i drugih materijala. Posebna formulacija omogu\u0107ava dobro prijanjanje na razli\u010dite plo\u010de.[\/vc_column_text][vc_column_text css=&#8220;&#8220; el_class=&#8220;neostik-url&#8220;]<a href=\"https:\/\/www.kemostik.com\/sr\/neostik\/pur-pene\/neostik-pur-pena-za-izolacijske-ploce-pistoljska\/\">Preberite ve\u010d<\/a><\/p>\n<div id=\"gtx-trans\" style=\"position: absolute; left: -52px; top: 38px;\">\n<div class=\"gtx-trans-icon\"><\/div>\n<\/div>\n<p>[\/vc_column_text][\/vc_column][\/vc_row][vc_row css=&#8220;.vc_custom_1737578086493{margin-top: 40px !important;}&#8220;][vc_column width=&#8220;1\/3&#8243;][vc_single_image image=&#8220;474&#8243; img_size=&#8220;full&#8220; alignment=&#8220;center&#8220; css=&#8220;&#8220;][\/vc_column][vc_column width=&#8220;2\/3&#8243;][vc_custom_heading text=&#8220;Neostik PUR SREDSTVO ZA \u010cI\u0160\u0106ENJE&#8220; font_container=&#8220;tag:h5|text_align:left|color:%23AE841F&#8220; use_theme_fonts=&#8220;yes&#8220; css=&#8220;&#8220;][vc_column_text css=&#8220;&#8220;]PUR SREDSTVO ZA \u010cI\u0160\u0106ENJE uklanja sve\u017eu i nestvrdnutu poliuretansku penu i tako\u0111e se koristi za \u010di\u0161\u0107enje pi\u0161tolja. Pogodno je za unutra\u0161nje i spoljno \u010di\u0161\u0107enje pi\u0161tolja. Pri\u010dvr\u0161\u0107ena kapica za raspr\u0161ivanje omogu\u0107uje ru\u010dno \u010di\u0161\u0107enje.[\/vc_column_text][vc_column_text css=&#8220;&#8220; el_class=&#8220;neostik-url&#8220;]<a href=\"https:\/\/www.kemostik.com\/sr\/neostik\/pur-pene\/neostik-pur-cistilo\/\">Preberite ve\u010d<\/a><\/p>\n<div id=\"gtx-trans\" style=\"position: absolute; left: -30px; top: -10px;\">\n<div class=\"gtx-trans-icon\"><\/div>\n<\/div>\n<p>[\/vc_column_text][\/vc_column][\/vc_row]<\/p>\n<\/div>","protected":false},"excerpt":{"rendered":"<p>[vc_row][vc_column][vc_row_inner][vc_column_inner width=&#8220;1\/2&#8243;][vc_column_text css=&#8220;&#8220;]Jednokomponentne poliuretanske pene Neostik upotrebljavamo za zaptivanje, ugradnju, izolovanje, zapunjavanje i lepljenje razli\u010ditih gra\u0111evinskih materijala i predmeta.[\/vc_column_text][\/vc_column_inner][vc_column_inner width=&#8220;1\/2&#8243;][vc_single_image image=&#8220;809&#8243; img_size=&#8220;&#8220; alignment=&#8220;center&#8220; css=&#8220;&#8220;][\/vc_column_inner][\/vc_row_inner][\/vc_column][\/vc_row][vc_row css=&#8220;.vc_custom_1737578071091{margin-top: 40px !important;}&#8220;][vc_column width=&#8220;1\/3&#8243;][vc_single_image image=&#8220;479&#8243; img_size=&#8220;full&#8220; alignment=&#8220;center&#8220; css=&#8220;&#8220;][\/vc_column][vc_column width=&#8220;2\/3&#8243;][vc_custom_heading text=&#8220;Neostik PUR PENA UNIVERZAL&#8220; font_container=&#8220;tag:h5|text_align:left|color:%23AE841F&#8220; use_theme_fonts=&#8220;yes&#8220; css=&#8220;&#8220;][vc_column_text css=&#8220;&#8220;]Neostik PUR PENA UNIVERZAL omogu\u0107uje brojne aplikacije u gra\u0111evini i elektroinstalacijama, kod zapunjavanja cevi i&#8230;<\/p>\n","protected":false},"author":1,"featured_media":0,"parent":1748,"menu_order":0,"comment_status":"closed","ping_status":"closed","template":"","meta":{"footnotes":""},"class_list":["post-1764","page","type-page","status-publish","hentry"],"yoast_head":"<!-- This site is optimized with the Yoast SEO plugin v27.2 - https:\/\/yoast.com\/product\/yoast-seo-wordpress\/ -->\n<title>Pur pene - KANSAI HELIOS Kemostik d.o.o<\/title>\n<meta name=\"robots\" content=\"index, follow, max-snippet:-1, max-image-preview:large, max-video-preview:-1\" \/>\n<link rel=\"canonical\" href=\"https:\/\/www.kemostik.com\/sr\/neostik\/pur-pene\/\" \/>\n<meta property=\"og:locale\" content=\"sr_RS\" \/>\n<meta property=\"og:type\" content=\"article\" \/>\n<meta property=\"og:title\" content=\"Pur pene - KANSAI HELIOS Kemostik d.o.o\" \/>\n<meta property=\"og:description\" content=\"[vc_row][vc_column][vc_row_inner][vc_column_inner width=&#8220;1\/2&#8243;][vc_column_text css=&#8220;&#8220;]Jednokomponentne poliuretanske pene Neostik upotrebljavamo za zaptivanje, ugradnju, izolovanje, zapunjavanje i lepljenje razli\u010ditih gra\u0111evinskih materijala i predmeta.[\/vc_column_text][\/vc_column_inner][vc_column_inner width=&#8220;1\/2&#8243;][vc_single_image image=&#8220;809&#8243; img_size=&#8220;&#8220; alignment=&#8220;center&#8220; css=&#8220;&#8220;][\/vc_column_inner][\/vc_row_inner][\/vc_column][\/vc_row][vc_row css=&#8220;.vc_custom_1737578071091{margin-top: 40px !important;}&#8220;][vc_column width=&#8220;1\/3&#8243;][vc_single_image image=&#8220;479&#8243; img_size=&#8220;full&#8220; alignment=&#8220;center&#8220; css=&#8220;&#8220;][\/vc_column][vc_column width=&#8220;2\/3&#8243;][vc_custom_heading text=&#8220;Neostik PUR PENA UNIVERZAL&#8220; font_container=&#8220;tag:h5|text_align:left|color:%23AE841F&#8220; use_theme_fonts=&#8220;yes&#8220; css=&#8220;&#8220;][vc_column_text css=&#8220;&#8220;]Neostik PUR PENA UNIVERZAL omogu\u0107uje brojne aplikacije u gra\u0111evini i elektroinstalacijama, kod zapunjavanja cevi i...\" \/>\n<meta property=\"og:url\" content=\"https:\/\/www.kemostik.com\/sr\/neostik\/pur-pene\/\" \/>\n<meta property=\"og:site_name\" content=\"KANSAI HELIOS Kemostik d.o.o\" \/>\n<meta property=\"article:modified_time\" content=\"2025-07-31T13:19:25+00:00\" \/>\n<meta name=\"twitter:card\" content=\"summary_large_image\" \/>\n<meta name=\"twitter:label1\" content=\"\u041f\u0440\u043e\u0446\u0435\u045a\u0435\u043d\u043e \u0432\u0440\u0435\u043c\u0435 \u0447\u0438\u0442\u0430\u045a\u0430\" \/>\n\t<meta name=\"twitter:data1\" content=\"4 \u043c\u0438\u043d\u0443\u0442\u0430\" \/>\n<script type=\"application\/ld+json\" class=\"yoast-schema-graph\">{\"@context\":\"https:\/\/schema.org\",\"@graph\":[{\"@type\":\"WebPage\",\"@id\":\"https:\/\/www.kemostik.com\/sr\/neostik\/pur-pene\/\",\"url\":\"https:\/\/www.kemostik.com\/sr\/neostik\/pur-pene\/\",\"name\":\"Pur pene - KANSAI HELIOS Kemostik d.o.o\",\"isPartOf\":{\"@id\":\"https:\/\/www.kemostik.com\/sr\/#website\"},\"datePublished\":\"2025-01-23T20:29:26+00:00\",\"dateModified\":\"2025-07-31T13:19:25+00:00\",\"breadcrumb\":{\"@id\":\"https:\/\/www.kemostik.com\/sr\/neostik\/pur-pene\/#breadcrumb\"},\"inLanguage\":\"sr-RS\",\"potentialAction\":[{\"@type\":\"ReadAction\",\"target\":[\"https:\/\/www.kemostik.com\/sr\/neostik\/pur-pene\/\"]}]},{\"@type\":\"BreadcrumbList\",\"@id\":\"https:\/\/www.kemostik.com\/sr\/neostik\/pur-pene\/#breadcrumb\",\"itemListElement\":[{\"@type\":\"ListItem\",\"position\":1,\"name\":\"Home\",\"item\":\"https:\/\/www.kemostik.com\/sr\/\"},{\"@type\":\"ListItem\",\"position\":2,\"name\":\"NEOSTIK\",\"item\":\"https:\/\/www.kemostik.com\/sr\/neostik\/\"},{\"@type\":\"ListItem\",\"position\":3,\"name\":\"Pur pene\"}]},{\"@type\":\"WebSite\",\"@id\":\"https:\/\/www.kemostik.com\/sr\/#website\",\"url\":\"https:\/\/www.kemostik.com\/sr\/\",\"name\":\"KANSAI HELIOS Kemostik d.o.o\",\"description\":\"\",\"publisher\":{\"@id\":\"https:\/\/www.kemostik.com\/sr\/#organization\"},\"potentialAction\":[{\"@type\":\"SearchAction\",\"target\":{\"@type\":\"EntryPoint\",\"urlTemplate\":\"https:\/\/www.kemostik.com\/sr\/?s={search_term_string}\"},\"query-input\":{\"@type\":\"PropertyValueSpecification\",\"valueRequired\":true,\"valueName\":\"search_term_string\"}}],\"inLanguage\":\"sr-RS\"},{\"@type\":\"Organization\",\"@id\":\"https:\/\/www.kemostik.com\/sr\/#organization\",\"name\":\"KANSAI HELIOS Kemostik d.o.o\",\"url\":\"https:\/\/www.kemostik.com\/sr\/\",\"logo\":{\"@type\":\"ImageObject\",\"inLanguage\":\"sr-RS\",\"@id\":\"https:\/\/www.kemostik.com\/sr\/#\/schema\/logo\/image\/\",\"url\":\"https:\/\/www.kemostik.com\/wp-content\/uploads\/2024\/10\/kansai-helios-logo-transparent.png\",\"contentUrl\":\"https:\/\/www.kemostik.com\/wp-content\/uploads\/2024\/10\/kansai-helios-logo-transparent.png\",\"width\":240,\"height\":90,\"caption\":\"KANSAI HELIOS Kemostik d.o.o\"},\"image\":{\"@id\":\"https:\/\/www.kemostik.com\/sr\/#\/schema\/logo\/image\/\"}}]}<\/script>\n<!-- \/ Yoast SEO plugin. -->","yoast_head_json":{"title":"Pur pene - KANSAI HELIOS Kemostik d.o.o","robots":{"index":"index","follow":"follow","max-snippet":"max-snippet:-1","max-image-preview":"max-image-preview:large","max-video-preview":"max-video-preview:-1"},"canonical":"https:\/\/www.kemostik.com\/sr\/neostik\/pur-pene\/","og_locale":"sr_RS","og_type":"article","og_title":"Pur pene - KANSAI HELIOS Kemostik d.o.o","og_description":"[vc_row][vc_column][vc_row_inner][vc_column_inner width=&#8220;1\/2&#8243;][vc_column_text css=&#8220;&#8220;]Jednokomponentne poliuretanske pene Neostik upotrebljavamo za zaptivanje, ugradnju, izolovanje, zapunjavanje i lepljenje razli\u010ditih gra\u0111evinskih materijala i predmeta.[\/vc_column_text][\/vc_column_inner][vc_column_inner width=&#8220;1\/2&#8243;][vc_single_image image=&#8220;809&#8243; img_size=&#8220;&#8220; alignment=&#8220;center&#8220; css=&#8220;&#8220;][\/vc_column_inner][\/vc_row_inner][\/vc_column][\/vc_row][vc_row css=&#8220;.vc_custom_1737578071091{margin-top: 40px !important;}&#8220;][vc_column width=&#8220;1\/3&#8243;][vc_single_image image=&#8220;479&#8243; img_size=&#8220;full&#8220; alignment=&#8220;center&#8220; css=&#8220;&#8220;][\/vc_column][vc_column width=&#8220;2\/3&#8243;][vc_custom_heading text=&#8220;Neostik PUR PENA UNIVERZAL&#8220; font_container=&#8220;tag:h5|text_align:left|color:%23AE841F&#8220; use_theme_fonts=&#8220;yes&#8220; css=&#8220;&#8220;][vc_column_text css=&#8220;&#8220;]Neostik PUR PENA UNIVERZAL omogu\u0107uje brojne aplikacije u gra\u0111evini i elektroinstalacijama, kod zapunjavanja cevi i...","og_url":"https:\/\/www.kemostik.com\/sr\/neostik\/pur-pene\/","og_site_name":"KANSAI HELIOS Kemostik d.o.o","article_modified_time":"2025-07-31T13:19:25+00:00","twitter_card":"summary_large_image","twitter_misc":{"\u041f\u0440\u043e\u0446\u0435\u045a\u0435\u043d\u043e \u0432\u0440\u0435\u043c\u0435 \u0447\u0438\u0442\u0430\u045a\u0430":"4 \u043c\u0438\u043d\u0443\u0442\u0430"},"schema":{"@context":"https:\/\/schema.org","@graph":[{"@type":"WebPage","@id":"https:\/\/www.kemostik.com\/sr\/neostik\/pur-pene\/","url":"https:\/\/www.kemostik.com\/sr\/neostik\/pur-pene\/","name":"Pur pene - KANSAI HELIOS Kemostik d.o.o","isPartOf":{"@id":"https:\/\/www.kemostik.com\/sr\/#website"},"datePublished":"2025-01-23T20:29:26+00:00","dateModified":"2025-07-31T13:19:25+00:00","breadcrumb":{"@id":"https:\/\/www.kemostik.com\/sr\/neostik\/pur-pene\/#breadcrumb"},"inLanguage":"sr-RS","potentialAction":[{"@type":"ReadAction","target":["https:\/\/www.kemostik.com\/sr\/neostik\/pur-pene\/"]}]},{"@type":"BreadcrumbList","@id":"https:\/\/www.kemostik.com\/sr\/neostik\/pur-pene\/#breadcrumb","itemListElement":[{"@type":"ListItem","position":1,"name":"Home","item":"https:\/\/www.kemostik.com\/sr\/"},{"@type":"ListItem","position":2,"name":"NEOSTIK","item":"https:\/\/www.kemostik.com\/sr\/neostik\/"},{"@type":"ListItem","position":3,"name":"Pur pene"}]},{"@type":"WebSite","@id":"https:\/\/www.kemostik.com\/sr\/#website","url":"https:\/\/www.kemostik.com\/sr\/","name":"KANSAI HELIOS Kemostik d.o.o","description":"","publisher":{"@id":"https:\/\/www.kemostik.com\/sr\/#organization"},"potentialAction":[{"@type":"SearchAction","target":{"@type":"EntryPoint","urlTemplate":"https:\/\/www.kemostik.com\/sr\/?s={search_term_string}"},"query-input":{"@type":"PropertyValueSpecification","valueRequired":true,"valueName":"search_term_string"}}],"inLanguage":"sr-RS"},{"@type":"Organization","@id":"https:\/\/www.kemostik.com\/sr\/#organization","name":"KANSAI HELIOS Kemostik d.o.o","url":"https:\/\/www.kemostik.com\/sr\/","logo":{"@type":"ImageObject","inLanguage":"sr-RS","@id":"https:\/\/www.kemostik.com\/sr\/#\/schema\/logo\/image\/","url":"https:\/\/www.kemostik.com\/wp-content\/uploads\/2024\/10\/kansai-helios-logo-transparent.png","contentUrl":"https:\/\/www.kemostik.com\/wp-content\/uploads\/2024\/10\/kansai-helios-logo-transparent.png","width":240,"height":90,"caption":"KANSAI HELIOS Kemostik d.o.o"},"image":{"@id":"https:\/\/www.kemostik.com\/sr\/#\/schema\/logo\/image\/"}}]}},"_links":{"self":[{"href":"https:\/\/www.kemostik.com\/sr\/wp-json\/wp\/v2\/pages\/1764","targetHints":{"allow":["GET"]}}],"collection":[{"href":"https:\/\/www.kemostik.com\/sr\/wp-json\/wp\/v2\/pages"}],"about":[{"href":"https:\/\/www.kemostik.com\/sr\/wp-json\/wp\/v2\/types\/page"}],"author":[{"embeddable":true,"href":"https:\/\/www.kemostik.com\/sr\/wp-json\/wp\/v2\/users\/1"}],"replies":[{"embeddable":true,"href":"https:\/\/www.kemostik.com\/sr\/wp-json\/wp\/v2\/comments?post=1764"}],"version-history":[{"count":5,"href":"https:\/\/www.kemostik.com\/sr\/wp-json\/wp\/v2\/pages\/1764\/revisions"}],"predecessor-version":[{"id":3767,"href":"https:\/\/www.kemostik.com\/sr\/wp-json\/wp\/v2\/pages\/1764\/revisions\/3767"}],"up":[{"embeddable":true,"href":"https:\/\/www.kemostik.com\/sr\/wp-json\/wp\/v2\/pages\/1748"}],"wp:attachment":[{"href":"https:\/\/www.kemostik.com\/sr\/wp-json\/wp\/v2\/media?parent=1764"}],"curies":[{"name":"wp","href":"https:\/\/api.w.org\/{rel}","templated":true}]}}