{"id":1780,"date":"2025-01-24T12:23:19","date_gmt":"2025-01-24T11:23:19","guid":{"rendered":"https:\/\/www.kemostik.com\/neostik\/poliuretanske-pene\/neostik-pur-pena-za-izolacijske-plosce-pistolska\/"},"modified":"2025-03-20T17:11:05","modified_gmt":"2025-03-20T16:11:05","slug":"neostik-pur-pena-za-izolacijske-ploce-pistoljska","status":"publish","type":"page","link":"https:\/\/www.kemostik.com\/sr\/neostik\/pur-pene\/neostik-pur-pena-za-izolacijske-ploce-pistoljska\/","title":{"rendered":"Neostik PUR PENA ZA IZOLACIJSKE PLO\u010cE PI\u0160TOLJSKA"},"content":{"rendered":"<div class=\"wpb-content-wrapper\"><p>[vc_row][vc_column][vc_row_inner][vc_column_inner width=&#8220;1\/2&#8243;][vc_column_text css=&#8220;&#8220;]Neostik PUR PENA ZA IZOLACIJSKE PLO\u010cE PI\u0160TOLJSKA s niskom post ekspanzijom je pogodna za lepljenje i fiksiranje izolacijskih plo\u010da i drugih materijala. Posebna formulacija omogu\u0107ava dobro prijanjanje na razli\u010dite plo\u010de. Napravljena je od visokokvalitetnih sirovina i dodataka koji omogu\u0107uju optimalnu zvu\u010dnu i toplotnu izolaciju. Kvalitetan ventil omogu\u0107ava maksimalan izlaz pene. Pena je u skladu sa odredbama ETAG 004 i dobija mehani\u010dku tvrdo\u0107u ve\u0107 nakon 2 sata.<br \/>\nStvrdnjava pomo\u0107u vazdu\u0161ne vlage.<br \/>\nNe prijanja na polietilen, silikon i PTFE.[\/vc_column_text][vc_column_text css=&#8220;&#8220;]<\/p>\n<h6>ODLI\u010cNO PRIJANJANJE NA:<\/h6>\n<p>stiropor, stirodur, kamenu vunu, beton, crep, ciglu, gips, drvo i druge gra\u0111evinske materijale.[\/vc_column_text][vc_column_text css=&#8220;&#8220;]<\/p>\n<h6>PAKOVANJE:<\/h6>\n<p>750 ml<\/p>\n<div id=\"gtx-trans\" style=\"position: absolute; left: 35px; top: 39.9688px;\">\n<div class=\"gtx-trans-icon\"><\/div>\n<\/div>\n<p>[\/vc_column_text][vc_column_text css=&#8220;&#8220;]<\/p>\n<div class=\"inline\"><img loading=\"lazy\" decoding=\"async\" width=\"255\" height=\"255\" class=\"wp-image-566\" src=\"https:\/\/www.kemostik.com\/wp-content\/uploads\/2025\/01\/B01.png\" srcset=\"https:\/\/www.kemostik.com\/wp-content\/uploads\/2025\/01\/B01.png 255w, https:\/\/www.kemostik.com\/wp-content\/uploads\/2025\/01\/B01-150x150.png 150w\" sizes=\"auto, (max-width: 255px) 100vw, 255px\" \/><img decoding=\"async\" src=\"https:\/\/www.kemostik.com\/wp-content\/uploads\/2025\/01\/D03.png\" \/><img decoding=\"async\" src=\"https:\/\/www.kemostik.com\/wp-content\/uploads\/2025\/01\/E01.png\" \/><img decoding=\"async\" src=\"https:\/\/www.kemostik.com\/wp-content\/uploads\/2025\/01\/H03.png\" \/><\/div>\n<p>[\/vc_column_text][\/vc_column_inner][vc_column_inner width=&#8220;1\/2&#8243;][vc_single_image image=&#8220;475&#8243; img_size=&#8220;&#8220; alignment=&#8220;center&#8220; css=&#8220;&#8220;][\/vc_column_inner][\/vc_row_inner][\/vc_column][\/vc_row][vc_row][vc_column]\r\n\t\t\t<div class=\"helios_section_distance m\"><\/div>\r\n\r\n\t\t\t[\/vc_column][\/vc_row]<\/p>\n<\/div>","protected":false},"excerpt":{"rendered":"<p>[vc_row][vc_column][vc_row_inner][vc_column_inner width=&#8220;1\/2&#8243;][vc_column_text css=&#8220;&#8220;]Neostik PUR PENA ZA IZOLACIJSKE PLO\u010cE PI\u0160TOLJSKA s niskom post ekspanzijom je pogodna za lepljenje i fiksiranje izolacijskih plo\u010da i drugih materijala. Posebna formulacija omogu\u0107ava dobro prijanjanje na razli\u010dite plo\u010de. Napravljena je od visokokvalitetnih sirovina i dodataka koji omogu\u0107uju optimalnu zvu\u010dnu i toplotnu izolaciju. Kvalitetan ventil omogu\u0107ava maksimalan izlaz pene. Pena je u&#8230;<\/p>\n","protected":false},"author":1,"featured_media":0,"parent":1764,"menu_order":0,"comment_status":"closed","ping_status":"closed","template":"","meta":{"footnotes":""},"class_list":["post-1780","page","type-page","status-publish","hentry"],"yoast_head":"<!-- This site is optimized with the Yoast SEO plugin v27.2 - https:\/\/yoast.com\/product\/yoast-seo-wordpress\/ -->\n<title>Neostik PUR PENA ZA IZOLACIJSKE PLO\u010cE PI\u0160TOLJSKA - KANSAI HELIOS Kemostik d.o.o<\/title>\n<meta name=\"robots\" content=\"index, follow, max-snippet:-1, max-image-preview:large, max-video-preview:-1\" \/>\n<link rel=\"canonical\" href=\"https:\/\/www.kemostik.com\/sr\/neostik\/pur-pene\/neostik-pur-pena-za-izolacijske-ploce-pistoljska\/\" \/>\n<meta property=\"og:locale\" content=\"sr_RS\" \/>\n<meta property=\"og:type\" content=\"article\" \/>\n<meta property=\"og:title\" content=\"Neostik PUR PENA ZA IZOLACIJSKE PLO\u010cE PI\u0160TOLJSKA - KANSAI HELIOS Kemostik d.o.o\" \/>\n<meta property=\"og:description\" content=\"[vc_row][vc_column][vc_row_inner][vc_column_inner width=&#8220;1\/2&#8243;][vc_column_text css=&#8220;&#8220;]Neostik PUR PENA ZA IZOLACIJSKE PLO\u010cE PI\u0160TOLJSKA s niskom post ekspanzijom je pogodna za lepljenje i fiksiranje izolacijskih plo\u010da i drugih materijala. Posebna formulacija omogu\u0107ava dobro prijanjanje na razli\u010dite plo\u010de. Napravljena je od visokokvalitetnih sirovina i dodataka koji omogu\u0107uju optimalnu zvu\u010dnu i toplotnu izolaciju. Kvalitetan ventil omogu\u0107ava maksimalan izlaz pene. Pena je u...\" \/>\n<meta property=\"og:url\" content=\"https:\/\/www.kemostik.com\/sr\/neostik\/pur-pene\/neostik-pur-pena-za-izolacijske-ploce-pistoljska\/\" \/>\n<meta property=\"og:site_name\" content=\"KANSAI HELIOS Kemostik d.o.o\" \/>\n<meta property=\"article:modified_time\" content=\"2025-03-20T16:11:05+00:00\" \/>\n<meta property=\"og:image\" content=\"https:\/\/www.kemostik.com\/wp-content\/uploads\/2025\/01\/B01.png\" \/>\n<meta name=\"twitter:card\" content=\"summary_large_image\" \/>\n<meta name=\"twitter:label1\" content=\"\u041f\u0440\u043e\u0446\u0435\u045a\u0435\u043d\u043e \u0432\u0440\u0435\u043c\u0435 \u0447\u0438\u0442\u0430\u045a\u0430\" \/>\n\t<meta name=\"twitter:data1\" content=\"1 \u043c\u0438\u043d\u0443\u0442\" \/>\n<script type=\"application\/ld+json\" class=\"yoast-schema-graph\">{\"@context\":\"https:\/\/schema.org\",\"@graph\":[{\"@type\":\"WebPage\",\"@id\":\"https:\/\/www.kemostik.com\/sr\/neostik\/pur-pene\/neostik-pur-pena-za-izolacijske-ploce-pistoljska\/\",\"url\":\"https:\/\/www.kemostik.com\/sr\/neostik\/pur-pene\/neostik-pur-pena-za-izolacijske-ploce-pistoljska\/\",\"name\":\"Neostik PUR PENA ZA IZOLACIJSKE PLO\u010cE PI\u0160TOLJSKA - KANSAI HELIOS Kemostik d.o.o\",\"isPartOf\":{\"@id\":\"https:\/\/www.kemostik.com\/sr\/#website\"},\"primaryImageOfPage\":{\"@id\":\"https:\/\/www.kemostik.com\/sr\/neostik\/pur-pene\/neostik-pur-pena-za-izolacijske-ploce-pistoljska\/#primaryimage\"},\"image\":{\"@id\":\"https:\/\/www.kemostik.com\/sr\/neostik\/pur-pene\/neostik-pur-pena-za-izolacijske-ploce-pistoljska\/#primaryimage\"},\"thumbnailUrl\":\"https:\/\/www.kemostik.com\/wp-content\/uploads\/2025\/01\/B01.png\",\"datePublished\":\"2025-01-24T11:23:19+00:00\",\"dateModified\":\"2025-03-20T16:11:05+00:00\",\"breadcrumb\":{\"@id\":\"https:\/\/www.kemostik.com\/sr\/neostik\/pur-pene\/neostik-pur-pena-za-izolacijske-ploce-pistoljska\/#breadcrumb\"},\"inLanguage\":\"sr-RS\",\"potentialAction\":[{\"@type\":\"ReadAction\",\"target\":[\"https:\/\/www.kemostik.com\/sr\/neostik\/pur-pene\/neostik-pur-pena-za-izolacijske-ploce-pistoljska\/\"]}]},{\"@type\":\"ImageObject\",\"inLanguage\":\"sr-RS\",\"@id\":\"https:\/\/www.kemostik.com\/sr\/neostik\/pur-pene\/neostik-pur-pena-za-izolacijske-ploce-pistoljska\/#primaryimage\",\"url\":\"https:\/\/www.kemostik.com\/wp-content\/uploads\/2025\/01\/B01.png\",\"contentUrl\":\"https:\/\/www.kemostik.com\/wp-content\/uploads\/2025\/01\/B01.png\"},{\"@type\":\"BreadcrumbList\",\"@id\":\"https:\/\/www.kemostik.com\/sr\/neostik\/pur-pene\/neostik-pur-pena-za-izolacijske-ploce-pistoljska\/#breadcrumb\",\"itemListElement\":[{\"@type\":\"ListItem\",\"position\":1,\"name\":\"Home\",\"item\":\"https:\/\/www.kemostik.com\/sr\/\"},{\"@type\":\"ListItem\",\"position\":2,\"name\":\"NEOSTIK\",\"item\":\"https:\/\/www.kemostik.com\/sr\/neostik\/\"},{\"@type\":\"ListItem\",\"position\":3,\"name\":\"Pur pene\",\"item\":\"https:\/\/www.kemostik.com\/sr\/neostik\/pur-pene\/\"},{\"@type\":\"ListItem\",\"position\":4,\"name\":\"Neostik PUR PENA ZA IZOLACIJSKE PLO\u010cE PI\u0160TOLJSKA\"}]},{\"@type\":\"WebSite\",\"@id\":\"https:\/\/www.kemostik.com\/sr\/#website\",\"url\":\"https:\/\/www.kemostik.com\/sr\/\",\"name\":\"KANSAI HELIOS Kemostik d.o.o\",\"description\":\"\",\"publisher\":{\"@id\":\"https:\/\/www.kemostik.com\/sr\/#organization\"},\"potentialAction\":[{\"@type\":\"SearchAction\",\"target\":{\"@type\":\"EntryPoint\",\"urlTemplate\":\"https:\/\/www.kemostik.com\/sr\/?s={search_term_string}\"},\"query-input\":{\"@type\":\"PropertyValueSpecification\",\"valueRequired\":true,\"valueName\":\"search_term_string\"}}],\"inLanguage\":\"sr-RS\"},{\"@type\":\"Organization\",\"@id\":\"https:\/\/www.kemostik.com\/sr\/#organization\",\"name\":\"KANSAI HELIOS Kemostik d.o.o\",\"url\":\"https:\/\/www.kemostik.com\/sr\/\",\"logo\":{\"@type\":\"ImageObject\",\"inLanguage\":\"sr-RS\",\"@id\":\"https:\/\/www.kemostik.com\/sr\/#\/schema\/logo\/image\/\",\"url\":\"https:\/\/www.kemostik.com\/wp-content\/uploads\/2024\/10\/kansai-helios-logo-transparent.png\",\"contentUrl\":\"https:\/\/www.kemostik.com\/wp-content\/uploads\/2024\/10\/kansai-helios-logo-transparent.png\",\"width\":240,\"height\":90,\"caption\":\"KANSAI HELIOS Kemostik d.o.o\"},\"image\":{\"@id\":\"https:\/\/www.kemostik.com\/sr\/#\/schema\/logo\/image\/\"}}]}<\/script>\n<!-- \/ Yoast SEO plugin. -->","yoast_head_json":{"title":"Neostik PUR PENA ZA IZOLACIJSKE PLO\u010cE PI\u0160TOLJSKA - KANSAI HELIOS Kemostik d.o.o","robots":{"index":"index","follow":"follow","max-snippet":"max-snippet:-1","max-image-preview":"max-image-preview:large","max-video-preview":"max-video-preview:-1"},"canonical":"https:\/\/www.kemostik.com\/sr\/neostik\/pur-pene\/neostik-pur-pena-za-izolacijske-ploce-pistoljska\/","og_locale":"sr_RS","og_type":"article","og_title":"Neostik PUR PENA ZA IZOLACIJSKE PLO\u010cE PI\u0160TOLJSKA - KANSAI HELIOS Kemostik d.o.o","og_description":"[vc_row][vc_column][vc_row_inner][vc_column_inner width=&#8220;1\/2&#8243;][vc_column_text css=&#8220;&#8220;]Neostik PUR PENA ZA IZOLACIJSKE PLO\u010cE PI\u0160TOLJSKA s niskom post ekspanzijom je pogodna za lepljenje i fiksiranje izolacijskih plo\u010da i drugih materijala. Posebna formulacija omogu\u0107ava dobro prijanjanje na razli\u010dite plo\u010de. Napravljena je od visokokvalitetnih sirovina i dodataka koji omogu\u0107uju optimalnu zvu\u010dnu i toplotnu izolaciju. Kvalitetan ventil omogu\u0107ava maksimalan izlaz pene. Pena je u...","og_url":"https:\/\/www.kemostik.com\/sr\/neostik\/pur-pene\/neostik-pur-pena-za-izolacijske-ploce-pistoljska\/","og_site_name":"KANSAI HELIOS Kemostik d.o.o","article_modified_time":"2025-03-20T16:11:05+00:00","og_image":[{"url":"https:\/\/www.kemostik.com\/wp-content\/uploads\/2025\/01\/B01.png","type":"","width":"","height":""}],"twitter_card":"summary_large_image","twitter_misc":{"\u041f\u0440\u043e\u0446\u0435\u045a\u0435\u043d\u043e \u0432\u0440\u0435\u043c\u0435 \u0447\u0438\u0442\u0430\u045a\u0430":"1 \u043c\u0438\u043d\u0443\u0442"},"schema":{"@context":"https:\/\/schema.org","@graph":[{"@type":"WebPage","@id":"https:\/\/www.kemostik.com\/sr\/neostik\/pur-pene\/neostik-pur-pena-za-izolacijske-ploce-pistoljska\/","url":"https:\/\/www.kemostik.com\/sr\/neostik\/pur-pene\/neostik-pur-pena-za-izolacijske-ploce-pistoljska\/","name":"Neostik PUR PENA ZA IZOLACIJSKE PLO\u010cE PI\u0160TOLJSKA - KANSAI HELIOS Kemostik d.o.o","isPartOf":{"@id":"https:\/\/www.kemostik.com\/sr\/#website"},"primaryImageOfPage":{"@id":"https:\/\/www.kemostik.com\/sr\/neostik\/pur-pene\/neostik-pur-pena-za-izolacijske-ploce-pistoljska\/#primaryimage"},"image":{"@id":"https:\/\/www.kemostik.com\/sr\/neostik\/pur-pene\/neostik-pur-pena-za-izolacijske-ploce-pistoljska\/#primaryimage"},"thumbnailUrl":"https:\/\/www.kemostik.com\/wp-content\/uploads\/2025\/01\/B01.png","datePublished":"2025-01-24T11:23:19+00:00","dateModified":"2025-03-20T16:11:05+00:00","breadcrumb":{"@id":"https:\/\/www.kemostik.com\/sr\/neostik\/pur-pene\/neostik-pur-pena-za-izolacijske-ploce-pistoljska\/#breadcrumb"},"inLanguage":"sr-RS","potentialAction":[{"@type":"ReadAction","target":["https:\/\/www.kemostik.com\/sr\/neostik\/pur-pene\/neostik-pur-pena-za-izolacijske-ploce-pistoljska\/"]}]},{"@type":"ImageObject","inLanguage":"sr-RS","@id":"https:\/\/www.kemostik.com\/sr\/neostik\/pur-pene\/neostik-pur-pena-za-izolacijske-ploce-pistoljska\/#primaryimage","url":"https:\/\/www.kemostik.com\/wp-content\/uploads\/2025\/01\/B01.png","contentUrl":"https:\/\/www.kemostik.com\/wp-content\/uploads\/2025\/01\/B01.png"},{"@type":"BreadcrumbList","@id":"https:\/\/www.kemostik.com\/sr\/neostik\/pur-pene\/neostik-pur-pena-za-izolacijske-ploce-pistoljska\/#breadcrumb","itemListElement":[{"@type":"ListItem","position":1,"name":"Home","item":"https:\/\/www.kemostik.com\/sr\/"},{"@type":"ListItem","position":2,"name":"NEOSTIK","item":"https:\/\/www.kemostik.com\/sr\/neostik\/"},{"@type":"ListItem","position":3,"name":"Pur pene","item":"https:\/\/www.kemostik.com\/sr\/neostik\/pur-pene\/"},{"@type":"ListItem","position":4,"name":"Neostik PUR PENA ZA IZOLACIJSKE PLO\u010cE PI\u0160TOLJSKA"}]},{"@type":"WebSite","@id":"https:\/\/www.kemostik.com\/sr\/#website","url":"https:\/\/www.kemostik.com\/sr\/","name":"KANSAI HELIOS Kemostik d.o.o","description":"","publisher":{"@id":"https:\/\/www.kemostik.com\/sr\/#organization"},"potentialAction":[{"@type":"SearchAction","target":{"@type":"EntryPoint","urlTemplate":"https:\/\/www.kemostik.com\/sr\/?s={search_term_string}"},"query-input":{"@type":"PropertyValueSpecification","valueRequired":true,"valueName":"search_term_string"}}],"inLanguage":"sr-RS"},{"@type":"Organization","@id":"https:\/\/www.kemostik.com\/sr\/#organization","name":"KANSAI HELIOS Kemostik d.o.o","url":"https:\/\/www.kemostik.com\/sr\/","logo":{"@type":"ImageObject","inLanguage":"sr-RS","@id":"https:\/\/www.kemostik.com\/sr\/#\/schema\/logo\/image\/","url":"https:\/\/www.kemostik.com\/wp-content\/uploads\/2024\/10\/kansai-helios-logo-transparent.png","contentUrl":"https:\/\/www.kemostik.com\/wp-content\/uploads\/2024\/10\/kansai-helios-logo-transparent.png","width":240,"height":90,"caption":"KANSAI HELIOS Kemostik d.o.o"},"image":{"@id":"https:\/\/www.kemostik.com\/sr\/#\/schema\/logo\/image\/"}}]}},"_links":{"self":[{"href":"https:\/\/www.kemostik.com\/sr\/wp-json\/wp\/v2\/pages\/1780","targetHints":{"allow":["GET"]}}],"collection":[{"href":"https:\/\/www.kemostik.com\/sr\/wp-json\/wp\/v2\/pages"}],"about":[{"href":"https:\/\/www.kemostik.com\/sr\/wp-json\/wp\/v2\/types\/page"}],"author":[{"embeddable":true,"href":"https:\/\/www.kemostik.com\/sr\/wp-json\/wp\/v2\/users\/1"}],"replies":[{"embeddable":true,"href":"https:\/\/www.kemostik.com\/sr\/wp-json\/wp\/v2\/comments?post=1780"}],"version-history":[{"count":2,"href":"https:\/\/www.kemostik.com\/sr\/wp-json\/wp\/v2\/pages\/1780\/revisions"}],"predecessor-version":[{"id":2406,"href":"https:\/\/www.kemostik.com\/sr\/wp-json\/wp\/v2\/pages\/1780\/revisions\/2406"}],"up":[{"embeddable":true,"href":"https:\/\/www.kemostik.com\/sr\/wp-json\/wp\/v2\/pages\/1764"}],"wp:attachment":[{"href":"https:\/\/www.kemostik.com\/sr\/wp-json\/wp\/v2\/media?parent=1780"}],"curies":[{"name":"wp","href":"https:\/\/api.w.org\/{rel}","templated":true}]}}