{"id":1796,"date":"2025-01-24T12:43:35","date_gmt":"2025-01-24T11:43:35","guid":{"rendered":"https:\/\/www.kemostik.com\/neostik\/silikonske-in-akrilne-tesnilne-mase\/neostik-akrilna-tesnilna-masa\/"},"modified":"2025-03-28T16:32:40","modified_gmt":"2025-03-28T15:32:40","slug":"neostik-akril","status":"publish","type":"page","link":"https:\/\/www.kemostik.com\/sr\/neostik\/silikonske-akrilne-mase-za-zaptivanje\/neostik-akril\/","title":{"rendered":"Neostik AKRIL"},"content":{"rendered":"<div class=\"wpb-content-wrapper\"><p>[vc_row][vc_column][vc_row_inner][vc_column_inner width=&#8220;1\/2&#8243;][vc_column_text css=&#8220;&#8220;]Masa za zaptivanje na akrilnoj osnovi namenjena zaptivanju manje optere\u0107enih fuga, upojnih gra\u0111evinskih materijala, kao i za zaptivanje spojeva izme\u0111u zidova, gips plo\u010da i betonskih elemenata te za zaptivanje fuga kod ugradnje prozora i vrata. Jednostavna je za upotrebu, mo\u017eemo je bojiti i u vertikalnoj fugi ne kliza. Mo\u017eemo je nanositi i na delimi\u010dno vla\u017ene povr\u0161ine. Otporna je na atmosferske uticaje, UV zrake i starenje. Ne sadr\u017ei razredjiva\u010de i ne stvara mrlje. Podnosi 15 % dilatacije.<\/p>\n<p>&nbsp;<\/p>\n<p><strong>UPOTREBA:<\/strong>\u00a0Za zaptivanje spojeva izme\u0111u zidova, gips plo\u010da i betonskih elemenata i za zaptivanje fuga kod ugradnje prozora i vrata. Namenjen je za popravke i popunjavanje pukotina u gipsu i zidovima, za zatvaraju\u0107e fuge izme\u0111u polica i zida te ku\u0107i\u0161ta roletni.[\/vc_column_text][vc_column_text css=&#8220;&#8220;]<\/p>\n<h6>ODLI\u010cNO PRIJANJANJE NA:<\/h6>\n<p>beton, gips, gips plo\u010de, ciglu, drvo, pjenobeton i kerami\u010dke plo\u010dice.[\/vc_column_text][vc_column_text css=&#8220;&#8220;]<\/p>\n<h6>BOJA:<\/h6>\n<p>Bela<\/p>\n<div id=\"gtx-trans\" style=\"position: absolute; left: 26px; top: 39.9688px;\">\n<div class=\"gtx-trans-icon\"><\/div>\n<\/div>\n<p>[\/vc_column_text][vc_column_text css=&#8220;&#8220;]<\/p>\n<h6>PAKOVANJE:<\/h6>\n<p>280 ml<\/p>\n<div id=\"gtx-trans\" style=\"position: absolute; left: 34px; top: -1.03125px;\">\n<div class=\"gtx-trans-icon\"><\/div>\n<\/div>\n<p>[\/vc_column_text][vc_column_text css=&#8220;&#8220;]<\/p>\n<div class=\"inline\"><img decoding=\"async\" class=\"wp-image-566\" src=\"https:\/\/www.kemostik.com\/wp-content\/uploads\/2025\/01\/C02.png\" \/><img decoding=\"async\" src=\"https:\/\/www.kemostik.com\/wp-content\/uploads\/2025\/01\/B02.png\" \/><img decoding=\"async\" src=\"https:\/\/www.kemostik.com\/wp-content\/uploads\/2025\/01\/G01.png\" \/><img decoding=\"async\" src=\"https:\/\/www.kemostik.com\/wp-content\/uploads\/2025\/01\/O01.png\" \/><\/div>\n<p>[\/vc_column_text][\/vc_column_inner][vc_column_inner width=&#8220;1\/2&#8243;][vc_single_image image=&#8220;465&#8243; img_size=&#8220;&#8220; alignment=&#8220;center&#8220; css=&#8220;&#8220;][\/vc_column_inner][\/vc_row_inner][\/vc_column][\/vc_row][vc_row][vc_column]\r\n\t\t\t<div class=\"helios_section_distance m\"><\/div>\r\n\r\n\t\t\t[\/vc_column][\/vc_row]<\/p>\n<\/div>","protected":false},"excerpt":{"rendered":"<p>[vc_row][vc_column][vc_row_inner][vc_column_inner width=&#8220;1\/2&#8243;][vc_column_text css=&#8220;&#8220;]Masa za zaptivanje na akrilnoj osnovi namenjena zaptivanju manje optere\u0107enih fuga, upojnih gra\u0111evinskih materijala, kao i za zaptivanje spojeva izme\u0111u zidova, gips plo\u010da i betonskih elemenata te za zaptivanje fuga kod ugradnje prozora i vrata. Jednostavna je za upotrebu, mo\u017eemo je bojiti i u vertikalnoj fugi ne kliza. Mo\u017eemo je nanositi i na&#8230;<\/p>\n","protected":false},"author":1,"featured_media":0,"parent":1792,"menu_order":0,"comment_status":"closed","ping_status":"closed","template":"","meta":{"footnotes":""},"class_list":["post-1796","page","type-page","status-publish","hentry"],"yoast_head":"<!-- This site is optimized with the Yoast SEO plugin v27.2 - https:\/\/yoast.com\/product\/yoast-seo-wordpress\/ -->\n<title>Neostik AKRIL - KANSAI HELIOS Kemostik d.o.o<\/title>\n<meta name=\"robots\" content=\"index, follow, max-snippet:-1, max-image-preview:large, max-video-preview:-1\" \/>\n<link rel=\"canonical\" href=\"https:\/\/www.kemostik.com\/sr\/neostik\/silikonske-akrilne-mase-za-zaptivanje\/neostik-akril\/\" \/>\n<meta property=\"og:locale\" content=\"sr_RS\" \/>\n<meta property=\"og:type\" content=\"article\" \/>\n<meta property=\"og:title\" content=\"Neostik AKRIL - KANSAI HELIOS Kemostik d.o.o\" \/>\n<meta property=\"og:description\" content=\"[vc_row][vc_column][vc_row_inner][vc_column_inner width=&#8220;1\/2&#8243;][vc_column_text css=&#8220;&#8220;]Masa za zaptivanje na akrilnoj osnovi namenjena zaptivanju manje optere\u0107enih fuga, upojnih gra\u0111evinskih materijala, kao i za zaptivanje spojeva izme\u0111u zidova, gips plo\u010da i betonskih elemenata te za zaptivanje fuga kod ugradnje prozora i vrata. Jednostavna je za upotrebu, mo\u017eemo je bojiti i u vertikalnoj fugi ne kliza. Mo\u017eemo je nanositi i na...\" \/>\n<meta property=\"og:url\" content=\"https:\/\/www.kemostik.com\/sr\/neostik\/silikonske-akrilne-mase-za-zaptivanje\/neostik-akril\/\" \/>\n<meta property=\"og:site_name\" content=\"KANSAI HELIOS Kemostik d.o.o\" \/>\n<meta property=\"article:modified_time\" content=\"2025-03-28T15:32:40+00:00\" \/>\n<meta property=\"og:image\" content=\"https:\/\/www.kemostik.com\/wp-content\/uploads\/2025\/01\/C02.png\" \/>\n<meta name=\"twitter:card\" content=\"summary_large_image\" \/>\n<meta name=\"twitter:label1\" content=\"\u041f\u0440\u043e\u0446\u0435\u045a\u0435\u043d\u043e \u0432\u0440\u0435\u043c\u0435 \u0447\u0438\u0442\u0430\u045a\u0430\" \/>\n\t<meta name=\"twitter:data1\" content=\"1 \u043c\u0438\u043d\u0443\u0442\" \/>\n<script type=\"application\/ld+json\" class=\"yoast-schema-graph\">{\"@context\":\"https:\/\/schema.org\",\"@graph\":[{\"@type\":\"WebPage\",\"@id\":\"https:\/\/www.kemostik.com\/sr\/neostik\/silikonske-akrilne-mase-za-zaptivanje\/neostik-akril\/\",\"url\":\"https:\/\/www.kemostik.com\/sr\/neostik\/silikonske-akrilne-mase-za-zaptivanje\/neostik-akril\/\",\"name\":\"Neostik AKRIL - KANSAI HELIOS Kemostik d.o.o\",\"isPartOf\":{\"@id\":\"https:\/\/www.kemostik.com\/sr\/#website\"},\"primaryImageOfPage\":{\"@id\":\"https:\/\/www.kemostik.com\/sr\/neostik\/silikonske-akrilne-mase-za-zaptivanje\/neostik-akril\/#primaryimage\"},\"image\":{\"@id\":\"https:\/\/www.kemostik.com\/sr\/neostik\/silikonske-akrilne-mase-za-zaptivanje\/neostik-akril\/#primaryimage\"},\"thumbnailUrl\":\"https:\/\/www.kemostik.com\/wp-content\/uploads\/2025\/01\/C02.png\",\"datePublished\":\"2025-01-24T11:43:35+00:00\",\"dateModified\":\"2025-03-28T15:32:40+00:00\",\"breadcrumb\":{\"@id\":\"https:\/\/www.kemostik.com\/sr\/neostik\/silikonske-akrilne-mase-za-zaptivanje\/neostik-akril\/#breadcrumb\"},\"inLanguage\":\"sr-RS\",\"potentialAction\":[{\"@type\":\"ReadAction\",\"target\":[\"https:\/\/www.kemostik.com\/sr\/neostik\/silikonske-akrilne-mase-za-zaptivanje\/neostik-akril\/\"]}]},{\"@type\":\"ImageObject\",\"inLanguage\":\"sr-RS\",\"@id\":\"https:\/\/www.kemostik.com\/sr\/neostik\/silikonske-akrilne-mase-za-zaptivanje\/neostik-akril\/#primaryimage\",\"url\":\"https:\/\/www.kemostik.com\/wp-content\/uploads\/2025\/01\/C02.png\",\"contentUrl\":\"https:\/\/www.kemostik.com\/wp-content\/uploads\/2025\/01\/C02.png\"},{\"@type\":\"BreadcrumbList\",\"@id\":\"https:\/\/www.kemostik.com\/sr\/neostik\/silikonske-akrilne-mase-za-zaptivanje\/neostik-akril\/#breadcrumb\",\"itemListElement\":[{\"@type\":\"ListItem\",\"position\":1,\"name\":\"Home\",\"item\":\"https:\/\/www.kemostik.com\/sr\/\"},{\"@type\":\"ListItem\",\"position\":2,\"name\":\"NEOSTIK\",\"item\":\"https:\/\/www.kemostik.com\/sr\/neostik\/\"},{\"@type\":\"ListItem\",\"position\":3,\"name\":\"Silikonske i akrilne mase za zaptivanje\",\"item\":\"https:\/\/www.kemostik.com\/sr\/neostik\/silikonske-in-akrilne-tesnilne-mase\/\"},{\"@type\":\"ListItem\",\"position\":4,\"name\":\"Neostik AKRIL\"}]},{\"@type\":\"WebSite\",\"@id\":\"https:\/\/www.kemostik.com\/sr\/#website\",\"url\":\"https:\/\/www.kemostik.com\/sr\/\",\"name\":\"KANSAI HELIOS Kemostik d.o.o\",\"description\":\"\",\"publisher\":{\"@id\":\"https:\/\/www.kemostik.com\/sr\/#organization\"},\"potentialAction\":[{\"@type\":\"SearchAction\",\"target\":{\"@type\":\"EntryPoint\",\"urlTemplate\":\"https:\/\/www.kemostik.com\/sr\/?s={search_term_string}\"},\"query-input\":{\"@type\":\"PropertyValueSpecification\",\"valueRequired\":true,\"valueName\":\"search_term_string\"}}],\"inLanguage\":\"sr-RS\"},{\"@type\":\"Organization\",\"@id\":\"https:\/\/www.kemostik.com\/sr\/#organization\",\"name\":\"KANSAI HELIOS Kemostik d.o.o\",\"url\":\"https:\/\/www.kemostik.com\/sr\/\",\"logo\":{\"@type\":\"ImageObject\",\"inLanguage\":\"sr-RS\",\"@id\":\"https:\/\/www.kemostik.com\/sr\/#\/schema\/logo\/image\/\",\"url\":\"https:\/\/www.kemostik.com\/wp-content\/uploads\/2024\/10\/kansai-helios-logo-transparent.png\",\"contentUrl\":\"https:\/\/www.kemostik.com\/wp-content\/uploads\/2024\/10\/kansai-helios-logo-transparent.png\",\"width\":240,\"height\":90,\"caption\":\"KANSAI HELIOS Kemostik d.o.o\"},\"image\":{\"@id\":\"https:\/\/www.kemostik.com\/sr\/#\/schema\/logo\/image\/\"}}]}<\/script>\n<!-- \/ Yoast SEO plugin. -->","yoast_head_json":{"title":"Neostik AKRIL - KANSAI HELIOS Kemostik d.o.o","robots":{"index":"index","follow":"follow","max-snippet":"max-snippet:-1","max-image-preview":"max-image-preview:large","max-video-preview":"max-video-preview:-1"},"canonical":"https:\/\/www.kemostik.com\/sr\/neostik\/silikonske-akrilne-mase-za-zaptivanje\/neostik-akril\/","og_locale":"sr_RS","og_type":"article","og_title":"Neostik AKRIL - KANSAI HELIOS Kemostik d.o.o","og_description":"[vc_row][vc_column][vc_row_inner][vc_column_inner width=&#8220;1\/2&#8243;][vc_column_text css=&#8220;&#8220;]Masa za zaptivanje na akrilnoj osnovi namenjena zaptivanju manje optere\u0107enih fuga, upojnih gra\u0111evinskih materijala, kao i za zaptivanje spojeva izme\u0111u zidova, gips plo\u010da i betonskih elemenata te za zaptivanje fuga kod ugradnje prozora i vrata. Jednostavna je za upotrebu, mo\u017eemo je bojiti i u vertikalnoj fugi ne kliza. Mo\u017eemo je nanositi i na...","og_url":"https:\/\/www.kemostik.com\/sr\/neostik\/silikonske-akrilne-mase-za-zaptivanje\/neostik-akril\/","og_site_name":"KANSAI HELIOS Kemostik d.o.o","article_modified_time":"2025-03-28T15:32:40+00:00","og_image":[{"url":"https:\/\/www.kemostik.com\/wp-content\/uploads\/2025\/01\/C02.png","type":"","width":"","height":""}],"twitter_card":"summary_large_image","twitter_misc":{"\u041f\u0440\u043e\u0446\u0435\u045a\u0435\u043d\u043e \u0432\u0440\u0435\u043c\u0435 \u0447\u0438\u0442\u0430\u045a\u0430":"1 \u043c\u0438\u043d\u0443\u0442"},"schema":{"@context":"https:\/\/schema.org","@graph":[{"@type":"WebPage","@id":"https:\/\/www.kemostik.com\/sr\/neostik\/silikonske-akrilne-mase-za-zaptivanje\/neostik-akril\/","url":"https:\/\/www.kemostik.com\/sr\/neostik\/silikonske-akrilne-mase-za-zaptivanje\/neostik-akril\/","name":"Neostik AKRIL - KANSAI HELIOS Kemostik d.o.o","isPartOf":{"@id":"https:\/\/www.kemostik.com\/sr\/#website"},"primaryImageOfPage":{"@id":"https:\/\/www.kemostik.com\/sr\/neostik\/silikonske-akrilne-mase-za-zaptivanje\/neostik-akril\/#primaryimage"},"image":{"@id":"https:\/\/www.kemostik.com\/sr\/neostik\/silikonske-akrilne-mase-za-zaptivanje\/neostik-akril\/#primaryimage"},"thumbnailUrl":"https:\/\/www.kemostik.com\/wp-content\/uploads\/2025\/01\/C02.png","datePublished":"2025-01-24T11:43:35+00:00","dateModified":"2025-03-28T15:32:40+00:00","breadcrumb":{"@id":"https:\/\/www.kemostik.com\/sr\/neostik\/silikonske-akrilne-mase-za-zaptivanje\/neostik-akril\/#breadcrumb"},"inLanguage":"sr-RS","potentialAction":[{"@type":"ReadAction","target":["https:\/\/www.kemostik.com\/sr\/neostik\/silikonske-akrilne-mase-za-zaptivanje\/neostik-akril\/"]}]},{"@type":"ImageObject","inLanguage":"sr-RS","@id":"https:\/\/www.kemostik.com\/sr\/neostik\/silikonske-akrilne-mase-za-zaptivanje\/neostik-akril\/#primaryimage","url":"https:\/\/www.kemostik.com\/wp-content\/uploads\/2025\/01\/C02.png","contentUrl":"https:\/\/www.kemostik.com\/wp-content\/uploads\/2025\/01\/C02.png"},{"@type":"BreadcrumbList","@id":"https:\/\/www.kemostik.com\/sr\/neostik\/silikonske-akrilne-mase-za-zaptivanje\/neostik-akril\/#breadcrumb","itemListElement":[{"@type":"ListItem","position":1,"name":"Home","item":"https:\/\/www.kemostik.com\/sr\/"},{"@type":"ListItem","position":2,"name":"NEOSTIK","item":"https:\/\/www.kemostik.com\/sr\/neostik\/"},{"@type":"ListItem","position":3,"name":"Silikonske i akrilne mase za zaptivanje","item":"https:\/\/www.kemostik.com\/sr\/neostik\/silikonske-in-akrilne-tesnilne-mase\/"},{"@type":"ListItem","position":4,"name":"Neostik AKRIL"}]},{"@type":"WebSite","@id":"https:\/\/www.kemostik.com\/sr\/#website","url":"https:\/\/www.kemostik.com\/sr\/","name":"KANSAI HELIOS Kemostik d.o.o","description":"","publisher":{"@id":"https:\/\/www.kemostik.com\/sr\/#organization"},"potentialAction":[{"@type":"SearchAction","target":{"@type":"EntryPoint","urlTemplate":"https:\/\/www.kemostik.com\/sr\/?s={search_term_string}"},"query-input":{"@type":"PropertyValueSpecification","valueRequired":true,"valueName":"search_term_string"}}],"inLanguage":"sr-RS"},{"@type":"Organization","@id":"https:\/\/www.kemostik.com\/sr\/#organization","name":"KANSAI HELIOS Kemostik d.o.o","url":"https:\/\/www.kemostik.com\/sr\/","logo":{"@type":"ImageObject","inLanguage":"sr-RS","@id":"https:\/\/www.kemostik.com\/sr\/#\/schema\/logo\/image\/","url":"https:\/\/www.kemostik.com\/wp-content\/uploads\/2024\/10\/kansai-helios-logo-transparent.png","contentUrl":"https:\/\/www.kemostik.com\/wp-content\/uploads\/2024\/10\/kansai-helios-logo-transparent.png","width":240,"height":90,"caption":"KANSAI HELIOS Kemostik d.o.o"},"image":{"@id":"https:\/\/www.kemostik.com\/sr\/#\/schema\/logo\/image\/"}}]}},"_links":{"self":[{"href":"https:\/\/www.kemostik.com\/sr\/wp-json\/wp\/v2\/pages\/1796","targetHints":{"allow":["GET"]}}],"collection":[{"href":"https:\/\/www.kemostik.com\/sr\/wp-json\/wp\/v2\/pages"}],"about":[{"href":"https:\/\/www.kemostik.com\/sr\/wp-json\/wp\/v2\/types\/page"}],"author":[{"embeddable":true,"href":"https:\/\/www.kemostik.com\/sr\/wp-json\/wp\/v2\/users\/1"}],"replies":[{"embeddable":true,"href":"https:\/\/www.kemostik.com\/sr\/wp-json\/wp\/v2\/comments?post=1796"}],"version-history":[{"count":2,"href":"https:\/\/www.kemostik.com\/sr\/wp-json\/wp\/v2\/pages\/1796\/revisions"}],"predecessor-version":[{"id":2416,"href":"https:\/\/www.kemostik.com\/sr\/wp-json\/wp\/v2\/pages\/1796\/revisions\/2416"}],"up":[{"embeddable":true,"href":"https:\/\/www.kemostik.com\/sr\/wp-json\/wp\/v2\/pages\/1792"}],"wp:attachment":[{"href":"https:\/\/www.kemostik.com\/sr\/wp-json\/wp\/v2\/media?parent=1796"}],"curies":[{"name":"wp","href":"https:\/\/api.w.org\/{rel}","templated":true}]}}