{"id":1824,"date":"2024-12-12T22:11:28","date_gmt":"2024-12-12T21:11:28","guid":{"rendered":"https:\/\/www.kemostik.com\/politika-zdravja-varnosti-in-dobrega-pocutja\/"},"modified":"2025-04-22T14:54:36","modified_gmt":"2025-04-22T12:54:36","slug":"politika-zdravlja-bezbednosti-i-dobrobiti","status":"publish","type":"page","link":"https:\/\/www.kemostik.com\/sr\/politika-zdravlja-bezbednosti-i-dobrobiti\/","title":{"rendered":"Politika zdravlja, bezbednosti I dobrobiti"},"content":{"rendered":"<div class=\"wpb-content-wrapper\"><p>[vc_row][vc_column][vc_row_inner equal_height=&#8220;yes&#8220; content_placement=&#8220;middle&#8220;][vc_column_inner][vc_column_text css=&#8220;&#8220;]U KANSAI HELIOS Grupi, za\u0161tita zdravlja, bezbednosti i dobrobiti na\u0161ih ljudi i zajednice je mnogo vi\u0161e od obaveze \u2013 to je na\u0161e nepoklolebljivo obe\u0107anje.<br \/>\nOva politika slu\u017ei kao na\u0161a vodilja ka stvaranju radnog okru\u017eenja bez opasnosti, negovanju kulture brige i obezbe\u0111ivanju uskla\u0111enosti sa propisima.[\/vc_column_text][\/vc_column_inner][\/vc_row_inner]                <a class=\"btn btn-default\" rel=\"\" target=\"_blank\" href=\"\/wp-content\/uploads\/2025\/03\/RS_Health-Policy_2025_WEB_wosign.pdf\">Politika zdravlja, bezbednosti I dobrobiti<\/a>\r\n\t\t\t\t\r\n\t\t\t<div class=\"helios_section_distance s\"><\/div>\r\n\r\n\t\t\t[\/vc_column][\/vc_row][vc_row disable_element=&#8220;yes&#8220;][vc_column][vc_row_inner][vc_column_inner width=&#8220;1\/2&#8243;][vc_custom_heading text=&#8220;Ni\u010d nezgod in zdravo delovno mesto&#8220; font_container=&#8220;tag:h4|text_align:left&#8220; use_theme_fonts=&#8220;yes&#8220; css=&#8220;&#8220;][vc_column_text css=&#8220;&#8220;]V sklopu iniciative \u00bbHero for Zero\u00ab (Vsak je lahko junak) pove\u010dujemo obseg aktivnosti na podro\u010dju varnosti in zdravja pri delu ter spodbujamo zaposlene, da prevzamejo aktivno vlogo pri skrbi za varnost in zdravje sebe kot tudi drugih. Z razli\u010dnimi aktivnostmi in programi na delovnem mestu skrbimo za dobro po\u010dutje na\u0161ih zaposlenih in ozave\u0161\u010damo o pomenu zdravega \u017eivljenjskega sloga.[\/vc_column_text][\/vc_column_inner][vc_column_inner width=&#8220;1\/2&#8243;][vc_single_image image=&#8220;245&#8243; img_size=&#8220;825&#215;550&#8243; css=&#8220;&#8220;][\/vc_column_inner][\/vc_row_inner]\r\n\t\t\t<div class=\"helios_section_distance s\"><\/div>\r\n\r\n\t\t\t[vc_row_inner][vc_column_inner width=&#8220;1\/2&#8243;][vc_custom_heading text=&#8220;Zagotavljanje varnosti v podjetju&#8220; font_container=&#8220;tag:h4|text_align:left&#8220; use_theme_fonts=&#8220;yes&#8220; css=&#8220;&#8220;][vc_column_text css=&#8220;&#8220;]Na podlagi Uredbe o prepre\u010devanju ve\u010djih nesre\u010d in zmanj\u0161evanju njihovih posledic, objavljamo javne informacije o varnostnih ukrepih, ki jih izvajamo v podjetju KANSAI HELIOS Slovenija. V pripetih dokumentih lahko najdete ve\u010d informacij o na\u0161i politiki prepre\u010devanja nesre\u010d ter potrditev izdelave varnostnega poro\u010dila in izdanega okoljevarstvenega dovoljenja.<\/p>\n<p>V priponkah najdete tudi napotke za ustrezno ukrepanje in ravnanje ob ve\u010dji nesre\u010di. Dokumenti so hkrati potrditev, da podjetje KANSAI HELIOS Slovenija izvaja ustrezne ukrepe za obvladovanje ve\u010djih nesre\u010d in za zmanj\u0161evanje njihovih posledic, \u0161e posebej da sodelujemo z re\u0161evalnimi in drugimi pristojnimi slu\u017ebami. Informacija za javnost podaja \u0161e podatke o in\u0161pekcijskem nadzoru ter kontakt kjer zainteresirani lahko dobite podrobnej\u0161e podatke o varnostnih ukrepih in in\u0161pekcijskem nadzoru.[\/vc_column_text][\/vc_column_inner][vc_column_inner width=&#8220;1\/2&#8243;][vc_single_image image=&#8220;244&#8243; img_size=&#8220;825&#215;550&#8243; css=&#8220;&#8220;][\/vc_column_inner][\/vc_row_inner]\r\n\t\t\t<div class=\"helios_section_distance s\"><\/div>\r\n\r\n\t\t\t[\/vc_column][\/vc_row]<\/p>\n<\/div>","protected":false},"excerpt":{"rendered":"<p>[vc_row][vc_column][vc_row_inner equal_height=&#8220;yes&#8220; content_placement=&#8220;middle&#8220;][vc_column_inner][vc_column_text css=&#8220;&#8220;]U KANSAI HELIOS Grupi, za\u0161tita zdravlja, bezbednosti i dobrobiti na\u0161ih ljudi i zajednice je mnogo vi\u0161e od obaveze \u2013 to je na\u0161e nepoklolebljivo obe\u0107anje. Ova politika slu\u017ei kao na\u0161a vodilja ka stvaranju radnog okru\u017eenja bez opasnosti, negovanju kulture brige i obezbe\u0111ivanju uskla\u0111enosti sa propisima.[\/vc_column_text][\/vc_column_inner][\/vc_row_inner][\/vc_column][\/vc_row][vc_row disable_element=&#8220;yes&#8220;][vc_column][vc_row_inner][vc_column_inner width=&#8220;1\/2&#8243;][vc_custom_heading text=&#8220;Ni\u010d nezgod in zdravo delovno mesto&#8220;&#8230;<\/p>\n","protected":false},"author":1,"featured_media":0,"parent":0,"menu_order":0,"comment_status":"closed","ping_status":"closed","template":"","meta":{"footnotes":""},"class_list":["post-1824","page","type-page","status-publish","hentry"],"yoast_head":"<!-- This site is optimized with the Yoast SEO plugin v27.2 - https:\/\/yoast.com\/product\/yoast-seo-wordpress\/ -->\n<title>Politika zdravlja, bezbednosti I dobrobiti - KANSAI HELIOS Kemostik d.o.o<\/title>\n<meta name=\"robots\" content=\"index, follow, max-snippet:-1, max-image-preview:large, max-video-preview:-1\" \/>\n<link rel=\"canonical\" href=\"https:\/\/www.kemostik.com\/sr\/politika-zdravlja-bezbednosti-i-dobrobiti\/\" \/>\n<meta property=\"og:locale\" content=\"sr_RS\" \/>\n<meta property=\"og:type\" content=\"article\" \/>\n<meta property=\"og:title\" content=\"Politika zdravlja, bezbednosti I dobrobiti - KANSAI HELIOS Kemostik d.o.o\" \/>\n<meta property=\"og:description\" content=\"[vc_row][vc_column][vc_row_inner equal_height=&#8220;yes&#8220; content_placement=&#8220;middle&#8220;][vc_column_inner][vc_column_text css=&#8220;&#8220;]U KANSAI HELIOS Grupi, za\u0161tita zdravlja, bezbednosti i dobrobiti na\u0161ih ljudi i zajednice je mnogo vi\u0161e od obaveze \u2013 to je na\u0161e nepoklolebljivo obe\u0107anje. Ova politika slu\u017ei kao na\u0161a vodilja ka stvaranju radnog okru\u017eenja bez opasnosti, negovanju kulture brige i obezbe\u0111ivanju uskla\u0111enosti sa propisima.[\/vc_column_text][\/vc_column_inner][\/vc_row_inner][\/vc_column][\/vc_row][vc_row disable_element=&#8220;yes&#8220;][vc_column][vc_row_inner][vc_column_inner width=&#8220;1\/2&#8243;][vc_custom_heading text=&#8220;Ni\u010d nezgod in zdravo delovno mesto&#8220;...\" \/>\n<meta property=\"og:url\" content=\"https:\/\/www.kemostik.com\/sr\/politika-zdravlja-bezbednosti-i-dobrobiti\/\" \/>\n<meta property=\"og:site_name\" content=\"KANSAI HELIOS Kemostik d.o.o\" \/>\n<meta property=\"article:modified_time\" content=\"2025-04-22T12:54:36+00:00\" \/>\n<meta name=\"twitter:card\" content=\"summary_large_image\" \/>\n<meta name=\"twitter:label1\" content=\"\u041f\u0440\u043e\u0446\u0435\u045a\u0435\u043d\u043e \u0432\u0440\u0435\u043c\u0435 \u0447\u0438\u0442\u0430\u045a\u0430\" \/>\n\t<meta name=\"twitter:data1\" content=\"2 \u043c\u0438\u043d\u0443\u0442\u0430\" \/>\n<script type=\"application\/ld+json\" class=\"yoast-schema-graph\">{\"@context\":\"https:\/\/schema.org\",\"@graph\":[{\"@type\":\"WebPage\",\"@id\":\"https:\/\/www.kemostik.com\/sr\/politika-zdravlja-bezbednosti-i-dobrobiti\/\",\"url\":\"https:\/\/www.kemostik.com\/sr\/politika-zdravlja-bezbednosti-i-dobrobiti\/\",\"name\":\"Politika zdravlja, bezbednosti I dobrobiti - KANSAI HELIOS Kemostik d.o.o\",\"isPartOf\":{\"@id\":\"https:\/\/www.kemostik.com\/sr\/#website\"},\"datePublished\":\"2024-12-12T21:11:28+00:00\",\"dateModified\":\"2025-04-22T12:54:36+00:00\",\"breadcrumb\":{\"@id\":\"https:\/\/www.kemostik.com\/sr\/politika-zdravlja-bezbednosti-i-dobrobiti\/#breadcrumb\"},\"inLanguage\":\"sr-RS\",\"potentialAction\":[{\"@type\":\"ReadAction\",\"target\":[\"https:\/\/www.kemostik.com\/sr\/politika-zdravlja-bezbednosti-i-dobrobiti\/\"]}]},{\"@type\":\"BreadcrumbList\",\"@id\":\"https:\/\/www.kemostik.com\/sr\/politika-zdravlja-bezbednosti-i-dobrobiti\/#breadcrumb\",\"itemListElement\":[{\"@type\":\"ListItem\",\"position\":1,\"name\":\"Home\",\"item\":\"https:\/\/www.kemostik.com\/sr\/\"},{\"@type\":\"ListItem\",\"position\":2,\"name\":\"Politika zdravlja, bezbednosti I dobrobiti\"}]},{\"@type\":\"WebSite\",\"@id\":\"https:\/\/www.kemostik.com\/sr\/#website\",\"url\":\"https:\/\/www.kemostik.com\/sr\/\",\"name\":\"KANSAI HELIOS Kemostik d.o.o\",\"description\":\"\",\"publisher\":{\"@id\":\"https:\/\/www.kemostik.com\/sr\/#organization\"},\"potentialAction\":[{\"@type\":\"SearchAction\",\"target\":{\"@type\":\"EntryPoint\",\"urlTemplate\":\"https:\/\/www.kemostik.com\/sr\/?s={search_term_string}\"},\"query-input\":{\"@type\":\"PropertyValueSpecification\",\"valueRequired\":true,\"valueName\":\"search_term_string\"}}],\"inLanguage\":\"sr-RS\"},{\"@type\":\"Organization\",\"@id\":\"https:\/\/www.kemostik.com\/sr\/#organization\",\"name\":\"KANSAI HELIOS Kemostik d.o.o\",\"url\":\"https:\/\/www.kemostik.com\/sr\/\",\"logo\":{\"@type\":\"ImageObject\",\"inLanguage\":\"sr-RS\",\"@id\":\"https:\/\/www.kemostik.com\/sr\/#\/schema\/logo\/image\/\",\"url\":\"https:\/\/www.kemostik.com\/wp-content\/uploads\/2024\/10\/kansai-helios-logo-transparent.png\",\"contentUrl\":\"https:\/\/www.kemostik.com\/wp-content\/uploads\/2024\/10\/kansai-helios-logo-transparent.png\",\"width\":240,\"height\":90,\"caption\":\"KANSAI HELIOS Kemostik d.o.o\"},\"image\":{\"@id\":\"https:\/\/www.kemostik.com\/sr\/#\/schema\/logo\/image\/\"}}]}<\/script>\n<!-- \/ Yoast SEO plugin. -->","yoast_head_json":{"title":"Politika zdravlja, bezbednosti I dobrobiti - KANSAI HELIOS Kemostik d.o.o","robots":{"index":"index","follow":"follow","max-snippet":"max-snippet:-1","max-image-preview":"max-image-preview:large","max-video-preview":"max-video-preview:-1"},"canonical":"https:\/\/www.kemostik.com\/sr\/politika-zdravlja-bezbednosti-i-dobrobiti\/","og_locale":"sr_RS","og_type":"article","og_title":"Politika zdravlja, bezbednosti I dobrobiti - KANSAI HELIOS Kemostik d.o.o","og_description":"[vc_row][vc_column][vc_row_inner equal_height=&#8220;yes&#8220; content_placement=&#8220;middle&#8220;][vc_column_inner][vc_column_text css=&#8220;&#8220;]U KANSAI HELIOS Grupi, za\u0161tita zdravlja, bezbednosti i dobrobiti na\u0161ih ljudi i zajednice je mnogo vi\u0161e od obaveze \u2013 to je na\u0161e nepoklolebljivo obe\u0107anje. Ova politika slu\u017ei kao na\u0161a vodilja ka stvaranju radnog okru\u017eenja bez opasnosti, negovanju kulture brige i obezbe\u0111ivanju uskla\u0111enosti sa propisima.[\/vc_column_text][\/vc_column_inner][\/vc_row_inner][\/vc_column][\/vc_row][vc_row disable_element=&#8220;yes&#8220;][vc_column][vc_row_inner][vc_column_inner width=&#8220;1\/2&#8243;][vc_custom_heading text=&#8220;Ni\u010d nezgod in zdravo delovno mesto&#8220;...","og_url":"https:\/\/www.kemostik.com\/sr\/politika-zdravlja-bezbednosti-i-dobrobiti\/","og_site_name":"KANSAI HELIOS Kemostik d.o.o","article_modified_time":"2025-04-22T12:54:36+00:00","twitter_card":"summary_large_image","twitter_misc":{"\u041f\u0440\u043e\u0446\u0435\u045a\u0435\u043d\u043e \u0432\u0440\u0435\u043c\u0435 \u0447\u0438\u0442\u0430\u045a\u0430":"2 \u043c\u0438\u043d\u0443\u0442\u0430"},"schema":{"@context":"https:\/\/schema.org","@graph":[{"@type":"WebPage","@id":"https:\/\/www.kemostik.com\/sr\/politika-zdravlja-bezbednosti-i-dobrobiti\/","url":"https:\/\/www.kemostik.com\/sr\/politika-zdravlja-bezbednosti-i-dobrobiti\/","name":"Politika zdravlja, bezbednosti I dobrobiti - KANSAI HELIOS Kemostik d.o.o","isPartOf":{"@id":"https:\/\/www.kemostik.com\/sr\/#website"},"datePublished":"2024-12-12T21:11:28+00:00","dateModified":"2025-04-22T12:54:36+00:00","breadcrumb":{"@id":"https:\/\/www.kemostik.com\/sr\/politika-zdravlja-bezbednosti-i-dobrobiti\/#breadcrumb"},"inLanguage":"sr-RS","potentialAction":[{"@type":"ReadAction","target":["https:\/\/www.kemostik.com\/sr\/politika-zdravlja-bezbednosti-i-dobrobiti\/"]}]},{"@type":"BreadcrumbList","@id":"https:\/\/www.kemostik.com\/sr\/politika-zdravlja-bezbednosti-i-dobrobiti\/#breadcrumb","itemListElement":[{"@type":"ListItem","position":1,"name":"Home","item":"https:\/\/www.kemostik.com\/sr\/"},{"@type":"ListItem","position":2,"name":"Politika zdravlja, bezbednosti I dobrobiti"}]},{"@type":"WebSite","@id":"https:\/\/www.kemostik.com\/sr\/#website","url":"https:\/\/www.kemostik.com\/sr\/","name":"KANSAI HELIOS Kemostik d.o.o","description":"","publisher":{"@id":"https:\/\/www.kemostik.com\/sr\/#organization"},"potentialAction":[{"@type":"SearchAction","target":{"@type":"EntryPoint","urlTemplate":"https:\/\/www.kemostik.com\/sr\/?s={search_term_string}"},"query-input":{"@type":"PropertyValueSpecification","valueRequired":true,"valueName":"search_term_string"}}],"inLanguage":"sr-RS"},{"@type":"Organization","@id":"https:\/\/www.kemostik.com\/sr\/#organization","name":"KANSAI HELIOS Kemostik d.o.o","url":"https:\/\/www.kemostik.com\/sr\/","logo":{"@type":"ImageObject","inLanguage":"sr-RS","@id":"https:\/\/www.kemostik.com\/sr\/#\/schema\/logo\/image\/","url":"https:\/\/www.kemostik.com\/wp-content\/uploads\/2024\/10\/kansai-helios-logo-transparent.png","contentUrl":"https:\/\/www.kemostik.com\/wp-content\/uploads\/2024\/10\/kansai-helios-logo-transparent.png","width":240,"height":90,"caption":"KANSAI HELIOS Kemostik d.o.o"},"image":{"@id":"https:\/\/www.kemostik.com\/sr\/#\/schema\/logo\/image\/"}}]}},"_links":{"self":[{"href":"https:\/\/www.kemostik.com\/sr\/wp-json\/wp\/v2\/pages\/1824","targetHints":{"allow":["GET"]}}],"collection":[{"href":"https:\/\/www.kemostik.com\/sr\/wp-json\/wp\/v2\/pages"}],"about":[{"href":"https:\/\/www.kemostik.com\/sr\/wp-json\/wp\/v2\/types\/page"}],"author":[{"embeddable":true,"href":"https:\/\/www.kemostik.com\/sr\/wp-json\/wp\/v2\/users\/1"}],"replies":[{"embeddable":true,"href":"https:\/\/www.kemostik.com\/sr\/wp-json\/wp\/v2\/comments?post=1824"}],"version-history":[{"count":4,"href":"https:\/\/www.kemostik.com\/sr\/wp-json\/wp\/v2\/pages\/1824\/revisions"}],"predecessor-version":[{"id":3655,"href":"https:\/\/www.kemostik.com\/sr\/wp-json\/wp\/v2\/pages\/1824\/revisions\/3655"}],"wp:attachment":[{"href":"https:\/\/www.kemostik.com\/sr\/wp-json\/wp\/v2\/media?parent=1824"}],"curies":[{"name":"wp","href":"https:\/\/api.w.org\/{rel}","templated":true}]}}