{"id":1828,"date":"2024-12-12T22:04:39","date_gmt":"2024-12-12T21:04:39","guid":{"rendered":"https:\/\/www.kemostik.com\/okoljska-politika\/"},"modified":"2025-04-22T14:55:47","modified_gmt":"2025-04-22T12:55:47","slug":"politika-zastite-zivotne-sredine","status":"publish","type":"page","link":"https:\/\/www.kemostik.com\/sr\/politika-zastite-zivotne-sredine\/","title":{"rendered":"Politika za\u0161tite \u017eivotne sredine"},"content":{"rendered":"<div class=\"wpb-content-wrapper\"><p>[vc_row][vc_column][vc_row_inner equal_height=&#8220;yes&#8220; content_placement=&#8220;middle&#8220;][vc_column_inner][vc_column_text css=&#8220;&#8220;]U KANSAI HELIOS Grupi, prioritet nam je upravljanje ekolo\u0161kim aspektima u svim na\u0161im pogonima i vrednosnom lancu, prepoznaju\u0107i njenu klju\u010dnu va\u017enost za sada\u0161nje i budu\u0107e generacije.<\/p>\n<p>&nbsp;<\/p>\n<p>Ova politika se odnosi na sve subjekte unutar KANSAI HELIOS Grupe, uklju\u010duju\u0107i podru\u017enice, sektore, pogone i postrojenja \u0161irom sveta. O\u010dekuje se da svaki zaposleni primenjuje ove principe u svojim svakodnevnim aktivnostima, a podsti\u010demo uskla\u0111enost i od na\u0161ih poslovnih partnera, dobavlja\u010da i izvo\u0111a\u010da radova.[\/vc_column_text]                <a class=\"btn btn-default\" rel=\"\" target=\"_blank\" href=\"\/wp-content\/uploads\/2025\/03\/RS_Environmental-Policy_2025_WEB_wosign.pdf\">Politika za\u0161tite \u017eivotne sredine<\/a>\r\n\t\t\t\t[\/vc_column_inner][\/vc_row_inner]\r\n\t\t\t<div class=\"helios_section_distance s\"><\/div>\r\n\r\n\t\t\t[\/vc_column][\/vc_row]<\/p>\n<\/div>","protected":false},"excerpt":{"rendered":"<p>[vc_row][vc_column][vc_row_inner equal_height=&#8220;yes&#8220; content_placement=&#8220;middle&#8220;][vc_column_inner][vc_column_text css=&#8220;&#8220;]U KANSAI HELIOS Grupi, prioritet nam je upravljanje ekolo\u0161kim aspektima u svim na\u0161im pogonima i vrednosnom lancu, prepoznaju\u0107i njenu klju\u010dnu va\u017enost za sada\u0161nje i budu\u0107e generacije. &nbsp; Ova politika se odnosi na sve subjekte unutar KANSAI HELIOS Grupe, uklju\u010duju\u0107i podru\u017enice, sektore, pogone i postrojenja \u0161irom sveta. O\u010dekuje se da svaki zaposleni primenjuje&#8230;<\/p>\n","protected":false},"author":1,"featured_media":0,"parent":0,"menu_order":0,"comment_status":"closed","ping_status":"closed","template":"","meta":{"footnotes":""},"class_list":["post-1828","page","type-page","status-publish","hentry"],"yoast_head":"<!-- This site is optimized with the Yoast SEO plugin v27.2 - https:\/\/yoast.com\/product\/yoast-seo-wordpress\/ -->\n<title>Politika za\u0161tite \u017eivotne sredine - KANSAI HELIOS Kemostik d.o.o<\/title>\n<meta name=\"robots\" content=\"index, follow, max-snippet:-1, max-image-preview:large, max-video-preview:-1\" \/>\n<link rel=\"canonical\" href=\"https:\/\/www.kemostik.com\/sr\/politika-zastite-zivotne-sredine\/\" \/>\n<meta property=\"og:locale\" content=\"sr_RS\" \/>\n<meta property=\"og:type\" content=\"article\" \/>\n<meta property=\"og:title\" content=\"Politika za\u0161tite \u017eivotne sredine - KANSAI HELIOS Kemostik d.o.o\" \/>\n<meta property=\"og:description\" content=\"[vc_row][vc_column][vc_row_inner equal_height=&#8220;yes&#8220; content_placement=&#8220;middle&#8220;][vc_column_inner][vc_column_text css=&#8220;&#8220;]U KANSAI HELIOS Grupi, prioritet nam je upravljanje ekolo\u0161kim aspektima u svim na\u0161im pogonima i vrednosnom lancu, prepoznaju\u0107i njenu klju\u010dnu va\u017enost za sada\u0161nje i budu\u0107e generacije. &nbsp; Ova politika se odnosi na sve subjekte unutar KANSAI HELIOS Grupe, uklju\u010duju\u0107i podru\u017enice, sektore, pogone i postrojenja \u0161irom sveta. O\u010dekuje se da svaki zaposleni primenjuje...\" \/>\n<meta property=\"og:url\" content=\"https:\/\/www.kemostik.com\/sr\/politika-zastite-zivotne-sredine\/\" \/>\n<meta property=\"og:site_name\" content=\"KANSAI HELIOS Kemostik d.o.o\" \/>\n<meta property=\"article:modified_time\" content=\"2025-04-22T12:55:47+00:00\" \/>\n<meta name=\"twitter:card\" content=\"summary_large_image\" \/>\n<meta name=\"twitter:label1\" content=\"\u041f\u0440\u043e\u0446\u0435\u045a\u0435\u043d\u043e \u0432\u0440\u0435\u043c\u0435 \u0447\u0438\u0442\u0430\u045a\u0430\" \/>\n\t<meta name=\"twitter:data1\" content=\"1 \u043c\u0438\u043d\u0443\u0442\" \/>\n<script type=\"application\/ld+json\" class=\"yoast-schema-graph\">{\"@context\":\"https:\/\/schema.org\",\"@graph\":[{\"@type\":\"WebPage\",\"@id\":\"https:\/\/www.kemostik.com\/sr\/politika-zastite-zivotne-sredine\/\",\"url\":\"https:\/\/www.kemostik.com\/sr\/politika-zastite-zivotne-sredine\/\",\"name\":\"Politika za\u0161tite \u017eivotne sredine - KANSAI HELIOS Kemostik d.o.o\",\"isPartOf\":{\"@id\":\"https:\/\/www.kemostik.com\/sr\/#website\"},\"datePublished\":\"2024-12-12T21:04:39+00:00\",\"dateModified\":\"2025-04-22T12:55:47+00:00\",\"breadcrumb\":{\"@id\":\"https:\/\/www.kemostik.com\/sr\/politika-zastite-zivotne-sredine\/#breadcrumb\"},\"inLanguage\":\"sr-RS\",\"potentialAction\":[{\"@type\":\"ReadAction\",\"target\":[\"https:\/\/www.kemostik.com\/sr\/politika-zastite-zivotne-sredine\/\"]}]},{\"@type\":\"BreadcrumbList\",\"@id\":\"https:\/\/www.kemostik.com\/sr\/politika-zastite-zivotne-sredine\/#breadcrumb\",\"itemListElement\":[{\"@type\":\"ListItem\",\"position\":1,\"name\":\"Home\",\"item\":\"https:\/\/www.kemostik.com\/sr\/\"},{\"@type\":\"ListItem\",\"position\":2,\"name\":\"Politika za\u0161tite \u017eivotne sredine\"}]},{\"@type\":\"WebSite\",\"@id\":\"https:\/\/www.kemostik.com\/sr\/#website\",\"url\":\"https:\/\/www.kemostik.com\/sr\/\",\"name\":\"KANSAI HELIOS Kemostik d.o.o\",\"description\":\"\",\"publisher\":{\"@id\":\"https:\/\/www.kemostik.com\/sr\/#organization\"},\"potentialAction\":[{\"@type\":\"SearchAction\",\"target\":{\"@type\":\"EntryPoint\",\"urlTemplate\":\"https:\/\/www.kemostik.com\/sr\/?s={search_term_string}\"},\"query-input\":{\"@type\":\"PropertyValueSpecification\",\"valueRequired\":true,\"valueName\":\"search_term_string\"}}],\"inLanguage\":\"sr-RS\"},{\"@type\":\"Organization\",\"@id\":\"https:\/\/www.kemostik.com\/sr\/#organization\",\"name\":\"KANSAI HELIOS Kemostik d.o.o\",\"url\":\"https:\/\/www.kemostik.com\/sr\/\",\"logo\":{\"@type\":\"ImageObject\",\"inLanguage\":\"sr-RS\",\"@id\":\"https:\/\/www.kemostik.com\/sr\/#\/schema\/logo\/image\/\",\"url\":\"https:\/\/www.kemostik.com\/wp-content\/uploads\/2024\/10\/kansai-helios-logo-transparent.png\",\"contentUrl\":\"https:\/\/www.kemostik.com\/wp-content\/uploads\/2024\/10\/kansai-helios-logo-transparent.png\",\"width\":240,\"height\":90,\"caption\":\"KANSAI HELIOS Kemostik d.o.o\"},\"image\":{\"@id\":\"https:\/\/www.kemostik.com\/sr\/#\/schema\/logo\/image\/\"}}]}<\/script>\n<!-- \/ Yoast SEO plugin. -->","yoast_head_json":{"title":"Politika za\u0161tite \u017eivotne sredine - KANSAI HELIOS Kemostik d.o.o","robots":{"index":"index","follow":"follow","max-snippet":"max-snippet:-1","max-image-preview":"max-image-preview:large","max-video-preview":"max-video-preview:-1"},"canonical":"https:\/\/www.kemostik.com\/sr\/politika-zastite-zivotne-sredine\/","og_locale":"sr_RS","og_type":"article","og_title":"Politika za\u0161tite \u017eivotne sredine - KANSAI HELIOS Kemostik d.o.o","og_description":"[vc_row][vc_column][vc_row_inner equal_height=&#8220;yes&#8220; content_placement=&#8220;middle&#8220;][vc_column_inner][vc_column_text css=&#8220;&#8220;]U KANSAI HELIOS Grupi, prioritet nam je upravljanje ekolo\u0161kim aspektima u svim na\u0161im pogonima i vrednosnom lancu, prepoznaju\u0107i njenu klju\u010dnu va\u017enost za sada\u0161nje i budu\u0107e generacije. &nbsp; Ova politika se odnosi na sve subjekte unutar KANSAI HELIOS Grupe, uklju\u010duju\u0107i podru\u017enice, sektore, pogone i postrojenja \u0161irom sveta. O\u010dekuje se da svaki zaposleni primenjuje...","og_url":"https:\/\/www.kemostik.com\/sr\/politika-zastite-zivotne-sredine\/","og_site_name":"KANSAI HELIOS Kemostik d.o.o","article_modified_time":"2025-04-22T12:55:47+00:00","twitter_card":"summary_large_image","twitter_misc":{"\u041f\u0440\u043e\u0446\u0435\u045a\u0435\u043d\u043e \u0432\u0440\u0435\u043c\u0435 \u0447\u0438\u0442\u0430\u045a\u0430":"1 \u043c\u0438\u043d\u0443\u0442"},"schema":{"@context":"https:\/\/schema.org","@graph":[{"@type":"WebPage","@id":"https:\/\/www.kemostik.com\/sr\/politika-zastite-zivotne-sredine\/","url":"https:\/\/www.kemostik.com\/sr\/politika-zastite-zivotne-sredine\/","name":"Politika za\u0161tite \u017eivotne sredine - KANSAI HELIOS Kemostik d.o.o","isPartOf":{"@id":"https:\/\/www.kemostik.com\/sr\/#website"},"datePublished":"2024-12-12T21:04:39+00:00","dateModified":"2025-04-22T12:55:47+00:00","breadcrumb":{"@id":"https:\/\/www.kemostik.com\/sr\/politika-zastite-zivotne-sredine\/#breadcrumb"},"inLanguage":"sr-RS","potentialAction":[{"@type":"ReadAction","target":["https:\/\/www.kemostik.com\/sr\/politika-zastite-zivotne-sredine\/"]}]},{"@type":"BreadcrumbList","@id":"https:\/\/www.kemostik.com\/sr\/politika-zastite-zivotne-sredine\/#breadcrumb","itemListElement":[{"@type":"ListItem","position":1,"name":"Home","item":"https:\/\/www.kemostik.com\/sr\/"},{"@type":"ListItem","position":2,"name":"Politika za\u0161tite \u017eivotne sredine"}]},{"@type":"WebSite","@id":"https:\/\/www.kemostik.com\/sr\/#website","url":"https:\/\/www.kemostik.com\/sr\/","name":"KANSAI HELIOS Kemostik d.o.o","description":"","publisher":{"@id":"https:\/\/www.kemostik.com\/sr\/#organization"},"potentialAction":[{"@type":"SearchAction","target":{"@type":"EntryPoint","urlTemplate":"https:\/\/www.kemostik.com\/sr\/?s={search_term_string}"},"query-input":{"@type":"PropertyValueSpecification","valueRequired":true,"valueName":"search_term_string"}}],"inLanguage":"sr-RS"},{"@type":"Organization","@id":"https:\/\/www.kemostik.com\/sr\/#organization","name":"KANSAI HELIOS Kemostik d.o.o","url":"https:\/\/www.kemostik.com\/sr\/","logo":{"@type":"ImageObject","inLanguage":"sr-RS","@id":"https:\/\/www.kemostik.com\/sr\/#\/schema\/logo\/image\/","url":"https:\/\/www.kemostik.com\/wp-content\/uploads\/2024\/10\/kansai-helios-logo-transparent.png","contentUrl":"https:\/\/www.kemostik.com\/wp-content\/uploads\/2024\/10\/kansai-helios-logo-transparent.png","width":240,"height":90,"caption":"KANSAI HELIOS Kemostik d.o.o"},"image":{"@id":"https:\/\/www.kemostik.com\/sr\/#\/schema\/logo\/image\/"}}]}},"_links":{"self":[{"href":"https:\/\/www.kemostik.com\/sr\/wp-json\/wp\/v2\/pages\/1828","targetHints":{"allow":["GET"]}}],"collection":[{"href":"https:\/\/www.kemostik.com\/sr\/wp-json\/wp\/v2\/pages"}],"about":[{"href":"https:\/\/www.kemostik.com\/sr\/wp-json\/wp\/v2\/types\/page"}],"author":[{"embeddable":true,"href":"https:\/\/www.kemostik.com\/sr\/wp-json\/wp\/v2\/users\/1"}],"replies":[{"embeddable":true,"href":"https:\/\/www.kemostik.com\/sr\/wp-json\/wp\/v2\/comments?post=1828"}],"version-history":[{"count":4,"href":"https:\/\/www.kemostik.com\/sr\/wp-json\/wp\/v2\/pages\/1828\/revisions"}],"predecessor-version":[{"id":3656,"href":"https:\/\/www.kemostik.com\/sr\/wp-json\/wp\/v2\/pages\/1828\/revisions\/3656"}],"wp:attachment":[{"href":"https:\/\/www.kemostik.com\/sr\/wp-json\/wp\/v2\/media?parent=1828"}],"curies":[{"name":"wp","href":"https:\/\/api.w.org\/{rel}","templated":true}]}}