{"id":1844,"date":"2024-10-24T12:58:44","date_gmt":"2024-10-24T10:58:44","guid":{"rendered":"https:\/\/www.kemostik.com\/neostik\/lepila\/"},"modified":"2025-04-05T10:46:15","modified_gmt":"2025-04-05T08:46:15","slug":"lepkovi","status":"publish","type":"page","link":"https:\/\/www.kemostik.com\/sr\/neostik\/lepkovi\/","title":{"rendered":"Lepkovi"},"content":{"rendered":"<div class=\"wpb-content-wrapper\"><p>[vc_row][vc_column][vc_row_inner][vc_column_inner width=&#8220;1\/2&#8243;][vc_column_text css=&#8220;&#8220;]Ako tra\u017eite lepak za manje popravke u va\u0161em domu, \u0161kolski lepak za projekte va\u0161e dece, lepak za drvo za popravku va\u0161eg name\u0161taja ili lepak za unutra\u0161nju i spoljnu upotrebu, koji je tako\u0111e otporan na vremenske uticaje, sigurno \u0107ete na\u0107i pravo re\u0161enje u na\u0161oj \u0161irokoj ponudi lepkova. Mo\u017eete birati izme\u0111u univerzalnih kontaktnih kau\u010dukovih lepkova, monta\u017enih lepkova, lepkova za drvo, podne i zidne obloge, kao i epoksidnih lepkova. Sigurni smo da \u0107ete na\u0107i lepak koji Vam je potreban.<\/p>\n<p>&nbsp;<\/p>\n<p>Izvrsno prijanjanje.<br \/>\n\u010cisto nano\u0161enje, bez zamazivanja i prljav\u0161tine.<br \/>\nBogat izbor lepkova za sve namene.<\/p>\n<p>&nbsp;<\/p>\n<p>DR\u017dI.[\/vc_column_text][\/vc_column_inner][vc_column_inner width=&#8220;1\/2&#8243;][vc_single_image image=&#8220;816&#8243; img_size=&#8220;&#8220; alignment=&#8220;center&#8220; css=&#8220;&#8220;][\/vc_column_inner][\/vc_row_inner][\/vc_column][\/vc_row][vc_row][vc_column]\r\n\t\t\t<div class=\"helios_section_distance s\"><\/div>\r\n\r\n\t\t\t[\/vc_column][\/vc_row][vc_row][vc_column]            <style>\r\n                .helios_grid_column > div {\r\n                    max-width: 33.333333333333%;\r\n                }\r\n                @media screen and (max-width: 770px) {\r\n                    .helios_grid_column > div {\r\n                        max-width: 50%;\r\n                    }\r\n                }\r\n                @media screen and (max-width: 500px) {\r\n                    .helios_grid_column > div {\r\n                        max-width: 100%;\r\n                    }\r\n                }\r\n            <\/style>\r\n\r\n            <div class=\"helios_grid_column\">\r\n                                <div class=\"helios_grid_page\">\r\n                    <div class=\"grid-page-wrap\">\r\n                        <div class=\"page-img-wrap\">\r\n                            <a rel=\"\" target=\"\" href=\"https:\/\/www.kemostik.com\/sr\/neostik\/lepkovi\/univerzalni-lepkovi\/\">\r\n                                <img decoding=\"async\" src=\"https:\/\/www.kemostik.com\/wp-content\/uploads\/2025\/03\/Neostik_Univerzalna-lepila_Universal-glues2-600x400-1.jpg\" alt=\"\" style=\"object-fit:cover\" loading=\"lazy\">\r\n                            <\/a>\r\n                        <\/div>\r\n                        <div class=\"page-title-wrap\">\r\n                            <a rel=\"\" target=\"\" href=\"https:\/\/www.kemostik.com\/sr\/neostik\/lepkovi\/univerzalni-lepkovi\/\">\r\n                                <span class=\"page-title\">\r\n                                     Univerzalni lepkovi                                <\/span>\r\n                                <span class=\"next-arrow\">\r\n                                    <i class=\"fa fa-chevron-right\"><\/i>\r\n                                <\/span>\r\n                            <\/a>\r\n                        <\/div>\r\n                    <\/div>\r\n                <\/div>\r\n                                <div class=\"helios_grid_page\">\r\n                    <div class=\"grid-page-wrap\">\r\n                        <div class=\"page-img-wrap\">\r\n                            <a rel=\"\" target=\"\" href=\"https:\/\/www.kemostik.com\/sr\/neostik\/lepkovi\/sekundni-lepkovi\/\">\r\n                                <img decoding=\"async\" src=\"https:\/\/www.kemostik.com\/wp-content\/uploads\/2025\/01\/Neostik_Sekundna-lepila-300x200-1.jpg\" alt=\"\" style=\"object-fit:cover\" loading=\"lazy\">\r\n                            <\/a>\r\n                        <\/div>\r\n                        <div class=\"page-title-wrap\">\r\n                            <a rel=\"\" target=\"\" href=\"https:\/\/www.kemostik.com\/sr\/neostik\/lepkovi\/sekundni-lepkovi\/\">\r\n                                <span class=\"page-title\">\r\n                                     Sekundni lepkovi                                <\/span>\r\n                                <span class=\"next-arrow\">\r\n                                    <i class=\"fa fa-chevron-right\"><\/i>\r\n                                <\/span>\r\n                            <\/a>\r\n                        <\/div>\r\n                    <\/div>\r\n                <\/div>\r\n                                <div class=\"helios_grid_page\">\r\n                    <div class=\"grid-page-wrap\">\r\n                        <div class=\"page-img-wrap\">\r\n                            <a rel=\"\" target=\"\" href=\"https:\/\/www.kemostik.com\/sr\/neostik\/lepkovi\/montazni-lepkovi\/\">\r\n                                <img decoding=\"async\" src=\"https:\/\/www.kemostik.com\/wp-content\/uploads\/2025\/01\/Neostik_Montazna-lepila-300x200-1.jpg\" alt=\"\" style=\"object-fit:cover\" loading=\"lazy\">\r\n                            <\/a>\r\n                        <\/div>\r\n                        <div class=\"page-title-wrap\">\r\n                            <a rel=\"\" target=\"\" href=\"https:\/\/www.kemostik.com\/sr\/neostik\/lepkovi\/montazni-lepkovi\/\">\r\n                                <span class=\"page-title\">\r\n                                     Monta\u017eni lepkovi                                <\/span>\r\n                                <span class=\"next-arrow\">\r\n                                    <i class=\"fa fa-chevron-right\"><\/i>\r\n                                <\/span>\r\n                            <\/a>\r\n                        <\/div>\r\n                    <\/div>\r\n                <\/div>\r\n                                <div class=\"helios_grid_page\">\r\n                    <div class=\"grid-page-wrap\">\r\n                        <div class=\"page-img-wrap\">\r\n                            <a rel=\"\" target=\"\" href=\"https:\/\/www.kemostik.com\/sr\/neostik\/lepkovi\/lepkovi-za-drvo\/\">\r\n                                <img decoding=\"async\" src=\"https:\/\/www.kemostik.com\/wp-content\/uploads\/2025\/01\/Neostik_Lepila-za-les-300x200-1.jpg\" alt=\"\" style=\"object-fit:cover\" loading=\"lazy\">\r\n                            <\/a>\r\n                        <\/div>\r\n                        <div class=\"page-title-wrap\">\r\n                            <a rel=\"\" target=\"\" href=\"https:\/\/www.kemostik.com\/sr\/neostik\/lepkovi\/lepkovi-za-drvo\/\">\r\n                                <span class=\"page-title\">\r\n                                     Lepkovi za drvo                                <\/span>\r\n                                <span class=\"next-arrow\">\r\n                                    <i class=\"fa fa-chevron-right\"><\/i>\r\n                                <\/span>\r\n                            <\/a>\r\n                        <\/div>\r\n                    <\/div>\r\n                <\/div>\r\n                                <div class=\"helios_grid_page\">\r\n                    <div class=\"grid-page-wrap\">\r\n                        <div class=\"page-img-wrap\">\r\n                            <a rel=\"\" target=\"\" href=\"https:\/\/www.kemostik.com\/sr\/neostik\/lepkovi\/epoksidni-lepkovi\/\">\r\n                                <img decoding=\"async\" src=\"https:\/\/www.kemostik.com\/wp-content\/uploads\/2025\/01\/Neostik_Epoksidna-lepila-300x200-1.jpg\" alt=\"\" style=\"object-fit:cover\" loading=\"lazy\">\r\n                            <\/a>\r\n                        <\/div>\r\n                        <div class=\"page-title-wrap\">\r\n                            <a rel=\"\" target=\"\" href=\"https:\/\/www.kemostik.com\/sr\/neostik\/lepkovi\/epoksidni-lepkovi\/\">\r\n                                <span class=\"page-title\">\r\n                                     Epoksidni lepkovi                                <\/span>\r\n                                <span class=\"next-arrow\">\r\n                                    <i class=\"fa fa-chevron-right\"><\/i>\r\n                                <\/span>\r\n                            <\/a>\r\n                        <\/div>\r\n                    <\/div>\r\n                <\/div>\r\n                                <div class=\"helios_grid_page\">\r\n                    <div class=\"grid-page-wrap\">\r\n                        <div class=\"page-img-wrap\">\r\n                            <a rel=\"\" target=\"\" href=\"https:\/\/www.kemostik.com\/sr\/neostik\/lepkovi\/lepkovi-za-podne-zidne-obloge\/\">\r\n                                <img decoding=\"async\" src=\"https:\/\/www.kemostik.com\/wp-content\/uploads\/2025\/01\/Neostik_Lepilo-za-talne-stekse-obloge-1-300x200-1.jpg\" alt=\"\" style=\"object-fit:cover\" loading=\"lazy\">\r\n                            <\/a>\r\n                        <\/div>\r\n                        <div class=\"page-title-wrap\">\r\n                            <a rel=\"\" target=\"\" href=\"https:\/\/www.kemostik.com\/sr\/neostik\/lepkovi\/lepkovi-za-podne-zidne-obloge\/\">\r\n                                <span class=\"page-title\">\r\n                                     Lepkovi za podne i zidne obloge                                <\/span>\r\n                                <span class=\"next-arrow\">\r\n                                    <i class=\"fa fa-chevron-right\"><\/i>\r\n                                <\/span>\r\n                            <\/a>\r\n                        <\/div>\r\n                    <\/div>\r\n                <\/div>\r\n                            <\/div>\r\n            [\/vc_column][\/vc_row]<\/p>\n<\/div>","protected":false},"excerpt":{"rendered":"<p>[vc_row][vc_column][vc_row_inner][vc_column_inner width=&#8220;1\/2&#8243;][vc_column_text css=&#8220;&#8220;]Ako tra\u017eite lepak za manje popravke u va\u0161em domu, \u0161kolski lepak za projekte va\u0161e dece, lepak za drvo za popravku va\u0161eg name\u0161taja ili lepak za unutra\u0161nju i spoljnu upotrebu, koji je tako\u0111e otporan na vremenske uticaje, sigurno \u0107ete na\u0107i pravo re\u0161enje u na\u0161oj \u0161irokoj ponudi lepkova. Mo\u017eete birati izme\u0111u univerzalnih kontaktnih kau\u010dukovih lepkova,&#8230;<\/p>\n","protected":false},"author":1,"featured_media":0,"parent":1748,"menu_order":0,"comment_status":"closed","ping_status":"closed","template":"","meta":{"footnotes":""},"class_list":["post-1844","page","type-page","status-publish","hentry"],"yoast_head":"<!-- This site is optimized with the Yoast SEO plugin v27.2 - https:\/\/yoast.com\/product\/yoast-seo-wordpress\/ -->\n<title>Lepkovi - KANSAI HELIOS Kemostik d.o.o<\/title>\n<meta name=\"robots\" content=\"index, follow, max-snippet:-1, max-image-preview:large, max-video-preview:-1\" \/>\n<link rel=\"canonical\" href=\"https:\/\/www.kemostik.com\/sr\/neostik\/lepkovi\/\" \/>\n<meta property=\"og:locale\" content=\"sr_RS\" \/>\n<meta property=\"og:type\" content=\"article\" \/>\n<meta property=\"og:title\" content=\"Lepkovi - KANSAI HELIOS Kemostik d.o.o\" \/>\n<meta property=\"og:description\" content=\"[vc_row][vc_column][vc_row_inner][vc_column_inner width=&#8220;1\/2&#8243;][vc_column_text css=&#8220;&#8220;]Ako tra\u017eite lepak za manje popravke u va\u0161em domu, \u0161kolski lepak za projekte va\u0161e dece, lepak za drvo za popravku va\u0161eg name\u0161taja ili lepak za unutra\u0161nju i spoljnu upotrebu, koji je tako\u0111e otporan na vremenske uticaje, sigurno \u0107ete na\u0107i pravo re\u0161enje u na\u0161oj \u0161irokoj ponudi lepkova. Mo\u017eete birati izme\u0111u univerzalnih kontaktnih kau\u010dukovih lepkova,...\" \/>\n<meta property=\"og:url\" content=\"https:\/\/www.kemostik.com\/sr\/neostik\/lepkovi\/\" \/>\n<meta property=\"og:site_name\" content=\"KANSAI HELIOS Kemostik d.o.o\" \/>\n<meta property=\"article:modified_time\" content=\"2025-04-05T08:46:15+00:00\" \/>\n<meta name=\"twitter:card\" content=\"summary_large_image\" \/>\n<meta name=\"twitter:label1\" content=\"\u041f\u0440\u043e\u0446\u0435\u045a\u0435\u043d\u043e \u0432\u0440\u0435\u043c\u0435 \u0447\u0438\u0442\u0430\u045a\u0430\" \/>\n\t<meta name=\"twitter:data1\" content=\"2 \u043c\u0438\u043d\u0443\u0442\u0430\" \/>\n<script type=\"application\/ld+json\" class=\"yoast-schema-graph\">{\"@context\":\"https:\/\/schema.org\",\"@graph\":[{\"@type\":\"WebPage\",\"@id\":\"https:\/\/www.kemostik.com\/sr\/neostik\/lepkovi\/\",\"url\":\"https:\/\/www.kemostik.com\/sr\/neostik\/lepkovi\/\",\"name\":\"Lepkovi - KANSAI HELIOS Kemostik d.o.o\",\"isPartOf\":{\"@id\":\"https:\/\/www.kemostik.com\/sr\/#website\"},\"datePublished\":\"2024-10-24T10:58:44+00:00\",\"dateModified\":\"2025-04-05T08:46:15+00:00\",\"breadcrumb\":{\"@id\":\"https:\/\/www.kemostik.com\/sr\/neostik\/lepkovi\/#breadcrumb\"},\"inLanguage\":\"sr-RS\",\"potentialAction\":[{\"@type\":\"ReadAction\",\"target\":[\"https:\/\/www.kemostik.com\/sr\/neostik\/lepkovi\/\"]}]},{\"@type\":\"BreadcrumbList\",\"@id\":\"https:\/\/www.kemostik.com\/sr\/neostik\/lepkovi\/#breadcrumb\",\"itemListElement\":[{\"@type\":\"ListItem\",\"position\":1,\"name\":\"Home\",\"item\":\"https:\/\/www.kemostik.com\/sr\/\"},{\"@type\":\"ListItem\",\"position\":2,\"name\":\"NEOSTIK\",\"item\":\"https:\/\/www.kemostik.com\/sr\/neostik\/\"},{\"@type\":\"ListItem\",\"position\":3,\"name\":\"Lepkovi\"}]},{\"@type\":\"WebSite\",\"@id\":\"https:\/\/www.kemostik.com\/sr\/#website\",\"url\":\"https:\/\/www.kemostik.com\/sr\/\",\"name\":\"KANSAI HELIOS Kemostik d.o.o\",\"description\":\"\",\"publisher\":{\"@id\":\"https:\/\/www.kemostik.com\/sr\/#organization\"},\"potentialAction\":[{\"@type\":\"SearchAction\",\"target\":{\"@type\":\"EntryPoint\",\"urlTemplate\":\"https:\/\/www.kemostik.com\/sr\/?s={search_term_string}\"},\"query-input\":{\"@type\":\"PropertyValueSpecification\",\"valueRequired\":true,\"valueName\":\"search_term_string\"}}],\"inLanguage\":\"sr-RS\"},{\"@type\":\"Organization\",\"@id\":\"https:\/\/www.kemostik.com\/sr\/#organization\",\"name\":\"KANSAI HELIOS Kemostik d.o.o\",\"url\":\"https:\/\/www.kemostik.com\/sr\/\",\"logo\":{\"@type\":\"ImageObject\",\"inLanguage\":\"sr-RS\",\"@id\":\"https:\/\/www.kemostik.com\/sr\/#\/schema\/logo\/image\/\",\"url\":\"https:\/\/www.kemostik.com\/wp-content\/uploads\/2024\/10\/kansai-helios-logo-transparent.png\",\"contentUrl\":\"https:\/\/www.kemostik.com\/wp-content\/uploads\/2024\/10\/kansai-helios-logo-transparent.png\",\"width\":240,\"height\":90,\"caption\":\"KANSAI HELIOS Kemostik d.o.o\"},\"image\":{\"@id\":\"https:\/\/www.kemostik.com\/sr\/#\/schema\/logo\/image\/\"}}]}<\/script>\n<!-- \/ Yoast SEO plugin. -->","yoast_head_json":{"title":"Lepkovi - KANSAI HELIOS Kemostik d.o.o","robots":{"index":"index","follow":"follow","max-snippet":"max-snippet:-1","max-image-preview":"max-image-preview:large","max-video-preview":"max-video-preview:-1"},"canonical":"https:\/\/www.kemostik.com\/sr\/neostik\/lepkovi\/","og_locale":"sr_RS","og_type":"article","og_title":"Lepkovi - KANSAI HELIOS Kemostik d.o.o","og_description":"[vc_row][vc_column][vc_row_inner][vc_column_inner width=&#8220;1\/2&#8243;][vc_column_text css=&#8220;&#8220;]Ako tra\u017eite lepak za manje popravke u va\u0161em domu, \u0161kolski lepak za projekte va\u0161e dece, lepak za drvo za popravku va\u0161eg name\u0161taja ili lepak za unutra\u0161nju i spoljnu upotrebu, koji je tako\u0111e otporan na vremenske uticaje, sigurno \u0107ete na\u0107i pravo re\u0161enje u na\u0161oj \u0161irokoj ponudi lepkova. Mo\u017eete birati izme\u0111u univerzalnih kontaktnih kau\u010dukovih lepkova,...","og_url":"https:\/\/www.kemostik.com\/sr\/neostik\/lepkovi\/","og_site_name":"KANSAI HELIOS Kemostik d.o.o","article_modified_time":"2025-04-05T08:46:15+00:00","twitter_card":"summary_large_image","twitter_misc":{"\u041f\u0440\u043e\u0446\u0435\u045a\u0435\u043d\u043e \u0432\u0440\u0435\u043c\u0435 \u0447\u0438\u0442\u0430\u045a\u0430":"2 \u043c\u0438\u043d\u0443\u0442\u0430"},"schema":{"@context":"https:\/\/schema.org","@graph":[{"@type":"WebPage","@id":"https:\/\/www.kemostik.com\/sr\/neostik\/lepkovi\/","url":"https:\/\/www.kemostik.com\/sr\/neostik\/lepkovi\/","name":"Lepkovi - KANSAI HELIOS Kemostik d.o.o","isPartOf":{"@id":"https:\/\/www.kemostik.com\/sr\/#website"},"datePublished":"2024-10-24T10:58:44+00:00","dateModified":"2025-04-05T08:46:15+00:00","breadcrumb":{"@id":"https:\/\/www.kemostik.com\/sr\/neostik\/lepkovi\/#breadcrumb"},"inLanguage":"sr-RS","potentialAction":[{"@type":"ReadAction","target":["https:\/\/www.kemostik.com\/sr\/neostik\/lepkovi\/"]}]},{"@type":"BreadcrumbList","@id":"https:\/\/www.kemostik.com\/sr\/neostik\/lepkovi\/#breadcrumb","itemListElement":[{"@type":"ListItem","position":1,"name":"Home","item":"https:\/\/www.kemostik.com\/sr\/"},{"@type":"ListItem","position":2,"name":"NEOSTIK","item":"https:\/\/www.kemostik.com\/sr\/neostik\/"},{"@type":"ListItem","position":3,"name":"Lepkovi"}]},{"@type":"WebSite","@id":"https:\/\/www.kemostik.com\/sr\/#website","url":"https:\/\/www.kemostik.com\/sr\/","name":"KANSAI HELIOS Kemostik d.o.o","description":"","publisher":{"@id":"https:\/\/www.kemostik.com\/sr\/#organization"},"potentialAction":[{"@type":"SearchAction","target":{"@type":"EntryPoint","urlTemplate":"https:\/\/www.kemostik.com\/sr\/?s={search_term_string}"},"query-input":{"@type":"PropertyValueSpecification","valueRequired":true,"valueName":"search_term_string"}}],"inLanguage":"sr-RS"},{"@type":"Organization","@id":"https:\/\/www.kemostik.com\/sr\/#organization","name":"KANSAI HELIOS Kemostik d.o.o","url":"https:\/\/www.kemostik.com\/sr\/","logo":{"@type":"ImageObject","inLanguage":"sr-RS","@id":"https:\/\/www.kemostik.com\/sr\/#\/schema\/logo\/image\/","url":"https:\/\/www.kemostik.com\/wp-content\/uploads\/2024\/10\/kansai-helios-logo-transparent.png","contentUrl":"https:\/\/www.kemostik.com\/wp-content\/uploads\/2024\/10\/kansai-helios-logo-transparent.png","width":240,"height":90,"caption":"KANSAI HELIOS Kemostik d.o.o"},"image":{"@id":"https:\/\/www.kemostik.com\/sr\/#\/schema\/logo\/image\/"}}]}},"_links":{"self":[{"href":"https:\/\/www.kemostik.com\/sr\/wp-json\/wp\/v2\/pages\/1844","targetHints":{"allow":["GET"]}}],"collection":[{"href":"https:\/\/www.kemostik.com\/sr\/wp-json\/wp\/v2\/pages"}],"about":[{"href":"https:\/\/www.kemostik.com\/sr\/wp-json\/wp\/v2\/types\/page"}],"author":[{"embeddable":true,"href":"https:\/\/www.kemostik.com\/sr\/wp-json\/wp\/v2\/users\/1"}],"replies":[{"embeddable":true,"href":"https:\/\/www.kemostik.com\/sr\/wp-json\/wp\/v2\/comments?post=1844"}],"version-history":[{"count":4,"href":"https:\/\/www.kemostik.com\/sr\/wp-json\/wp\/v2\/pages\/1844\/revisions"}],"predecessor-version":[{"id":3622,"href":"https:\/\/www.kemostik.com\/sr\/wp-json\/wp\/v2\/pages\/1844\/revisions\/3622"}],"up":[{"embeddable":true,"href":"https:\/\/www.kemostik.com\/sr\/wp-json\/wp\/v2\/pages\/1748"}],"wp:attachment":[{"href":"https:\/\/www.kemostik.com\/sr\/wp-json\/wp\/v2\/media?parent=1844"}],"curies":[{"name":"wp","href":"https:\/\/api.w.org\/{rel}","templated":true}]}}