{"id":1852,"date":"2025-01-24T13:40:46","date_gmt":"2025-01-24T12:40:46","guid":{"rendered":"https:\/\/www.kemostik.com\/neostik\/lepila\/montazna-lepila\/neostik-montazno-lepilo-za-stiropor\/"},"modified":"2025-03-19T21:51:10","modified_gmt":"2025-03-19T20:51:10","slug":"neostik-montazni-lepak-za-stiropor","status":"publish","type":"page","link":"https:\/\/www.kemostik.com\/sr\/neostik\/lepkovi\/montazni-lepkovi\/neostik-montazni-lepak-za-stiropor\/","title":{"rendered":"Neostik MONTA\u017dNI LEPAK ZA STIROPOR"},"content":{"rendered":"<div class=\"wpb-content-wrapper\"><p>[vc_row][vc_column][vc_row_inner][vc_column_inner width=&#8220;1\/2&#8243;][vc_column_text css=&#8220;&#8220;]Namenjen je brzoj monta\u017ei elemenata od stiropora na upojne podloge. Dobro prijanja i ne kliza na vertikalnim fugama. Mo\u017ee se bojiti, ne uzrokuje koroziju i ne stvara mrlje, a otporan je protiv starenja. Proizvod je namenjen za unutra\u0161nju upotrebu.<\/p>\n<p>&nbsp;<\/p>\n<p><strong>UPOTREBA:<\/strong>\u00a0za popravku, fiksiranje i lepljenje dekorativnih elemenata od stiropora, EPS i XPS na ve\u0107inu upojnih gra\u0111evinskih materijala.[\/vc_column_text][vc_column_text css=&#8220;&#8220;]<\/p>\n<h6>LEPI:<\/h6>\n<p>stiropor, EPS i XPS.[\/vc_column_text][vc_column_text css=&#8220;&#8220;]<\/p>\n<h6>PAKOVANJE:<\/h6>\n<p>310 ml, 1 kg, 4 kg<\/p>\n<div id=\"gtx-trans\" style=\"position: absolute; left: 32px; top: 39.9688px;\">\n<div class=\"gtx-trans-icon\"><\/div>\n<\/div>\n<p>[\/vc_column_text][vc_column_text css=&#8220;&#8220;]<\/p>\n<div class=\"inline\"><img decoding=\"async\" class=\"wp-image-566\" src=\"https:\/\/www.kemostik.com\/wp-content\/uploads\/2025\/01\/I01.png\" \/><img decoding=\"async\" src=\"https:\/\/www.kemostik.com\/wp-content\/uploads\/2025\/01\/I02.png\" \/><img decoding=\"async\" src=\"https:\/\/www.kemostik.com\/wp-content\/uploads\/2025\/01\/I03.png\" \/><\/div>\n<p>[\/vc_column_text][\/vc_column_inner][vc_column_inner width=&#8220;1\/2&#8243;][vc_single_image image=&#8220;422&#8243; img_size=&#8220;&#8220; alignment=&#8220;center&#8220; css=&#8220;&#8220;][\/vc_column_inner][\/vc_row_inner][\/vc_column][\/vc_row][vc_row][vc_column]\r\n\t\t\t<div class=\"helios_section_distance m\"><\/div>\r\n\r\n\t\t\t[\/vc_column][\/vc_row]<\/p>\n<\/div>","protected":false},"excerpt":{"rendered":"<p>[vc_row][vc_column][vc_row_inner][vc_column_inner width=&#8220;1\/2&#8243;][vc_column_text css=&#8220;&#8220;]Namenjen je brzoj monta\u017ei elemenata od stiropora na upojne podloge. Dobro prijanja i ne kliza na vertikalnim fugama. Mo\u017ee se bojiti, ne uzrokuje koroziju i ne stvara mrlje, a otporan je protiv starenja. Proizvod je namenjen za unutra\u0161nju upotrebu. &nbsp; UPOTREBA:\u00a0za popravku, fiksiranje i lepljenje dekorativnih elemenata od stiropora, EPS i XPS na&#8230;<\/p>\n","protected":false},"author":1,"featured_media":0,"parent":1848,"menu_order":0,"comment_status":"closed","ping_status":"closed","template":"","meta":{"footnotes":""},"class_list":["post-1852","page","type-page","status-publish","hentry"],"yoast_head":"<!-- This site is optimized with the Yoast SEO plugin v27.2 - https:\/\/yoast.com\/product\/yoast-seo-wordpress\/ -->\n<title>Neostik MONTA\u017dNI LEPAK ZA STIROPOR - KANSAI HELIOS Kemostik d.o.o<\/title>\n<meta name=\"robots\" content=\"index, follow, max-snippet:-1, max-image-preview:large, max-video-preview:-1\" \/>\n<link rel=\"canonical\" href=\"https:\/\/www.kemostik.com\/sr\/neostik\/lepkovi\/montazni-lepkovi\/neostik-montazni-lepak-za-stiropor\/\" \/>\n<meta property=\"og:locale\" content=\"sr_RS\" \/>\n<meta property=\"og:type\" content=\"article\" \/>\n<meta property=\"og:title\" content=\"Neostik MONTA\u017dNI LEPAK ZA STIROPOR - KANSAI HELIOS Kemostik d.o.o\" \/>\n<meta property=\"og:description\" content=\"[vc_row][vc_column][vc_row_inner][vc_column_inner width=&#8220;1\/2&#8243;][vc_column_text css=&#8220;&#8220;]Namenjen je brzoj monta\u017ei elemenata od stiropora na upojne podloge. Dobro prijanja i ne kliza na vertikalnim fugama. Mo\u017ee se bojiti, ne uzrokuje koroziju i ne stvara mrlje, a otporan je protiv starenja. Proizvod je namenjen za unutra\u0161nju upotrebu. &nbsp; UPOTREBA:\u00a0za popravku, fiksiranje i lepljenje dekorativnih elemenata od stiropora, EPS i XPS na...\" \/>\n<meta property=\"og:url\" content=\"https:\/\/www.kemostik.com\/sr\/neostik\/lepkovi\/montazni-lepkovi\/neostik-montazni-lepak-za-stiropor\/\" \/>\n<meta property=\"og:site_name\" content=\"KANSAI HELIOS Kemostik d.o.o\" \/>\n<meta property=\"article:modified_time\" content=\"2025-03-19T20:51:10+00:00\" \/>\n<meta property=\"og:image\" content=\"https:\/\/www.kemostik.com\/wp-content\/uploads\/2025\/01\/I01.png\" \/>\n<meta name=\"twitter:card\" content=\"summary_large_image\" \/>\n<meta name=\"twitter:label1\" content=\"\u041f\u0440\u043e\u0446\u0435\u045a\u0435\u043d\u043e \u0432\u0440\u0435\u043c\u0435 \u0447\u0438\u0442\u0430\u045a\u0430\" \/>\n\t<meta name=\"twitter:data1\" content=\"1 \u043c\u0438\u043d\u0443\u0442\" \/>\n<script type=\"application\/ld+json\" class=\"yoast-schema-graph\">{\"@context\":\"https:\/\/schema.org\",\"@graph\":[{\"@type\":\"WebPage\",\"@id\":\"https:\/\/www.kemostik.com\/sr\/neostik\/lepkovi\/montazni-lepkovi\/neostik-montazni-lepak-za-stiropor\/\",\"url\":\"https:\/\/www.kemostik.com\/sr\/neostik\/lepkovi\/montazni-lepkovi\/neostik-montazni-lepak-za-stiropor\/\",\"name\":\"Neostik MONTA\u017dNI LEPAK ZA STIROPOR - KANSAI HELIOS Kemostik d.o.o\",\"isPartOf\":{\"@id\":\"https:\/\/www.kemostik.com\/sr\/#website\"},\"primaryImageOfPage\":{\"@id\":\"https:\/\/www.kemostik.com\/sr\/neostik\/lepkovi\/montazni-lepkovi\/neostik-montazni-lepak-za-stiropor\/#primaryimage\"},\"image\":{\"@id\":\"https:\/\/www.kemostik.com\/sr\/neostik\/lepkovi\/montazni-lepkovi\/neostik-montazni-lepak-za-stiropor\/#primaryimage\"},\"thumbnailUrl\":\"https:\/\/www.kemostik.com\/wp-content\/uploads\/2025\/01\/I01.png\",\"datePublished\":\"2025-01-24T12:40:46+00:00\",\"dateModified\":\"2025-03-19T20:51:10+00:00\",\"breadcrumb\":{\"@id\":\"https:\/\/www.kemostik.com\/sr\/neostik\/lepkovi\/montazni-lepkovi\/neostik-montazni-lepak-za-stiropor\/#breadcrumb\"},\"inLanguage\":\"sr-RS\",\"potentialAction\":[{\"@type\":\"ReadAction\",\"target\":[\"https:\/\/www.kemostik.com\/sr\/neostik\/lepkovi\/montazni-lepkovi\/neostik-montazni-lepak-za-stiropor\/\"]}]},{\"@type\":\"ImageObject\",\"inLanguage\":\"sr-RS\",\"@id\":\"https:\/\/www.kemostik.com\/sr\/neostik\/lepkovi\/montazni-lepkovi\/neostik-montazni-lepak-za-stiropor\/#primaryimage\",\"url\":\"https:\/\/www.kemostik.com\/wp-content\/uploads\/2025\/01\/I01.png\",\"contentUrl\":\"https:\/\/www.kemostik.com\/wp-content\/uploads\/2025\/01\/I01.png\"},{\"@type\":\"BreadcrumbList\",\"@id\":\"https:\/\/www.kemostik.com\/sr\/neostik\/lepkovi\/montazni-lepkovi\/neostik-montazni-lepak-za-stiropor\/#breadcrumb\",\"itemListElement\":[{\"@type\":\"ListItem\",\"position\":1,\"name\":\"Home\",\"item\":\"https:\/\/www.kemostik.com\/sr\/\"},{\"@type\":\"ListItem\",\"position\":2,\"name\":\"NEOSTIK\",\"item\":\"https:\/\/www.kemostik.com\/sr\/neostik\/\"},{\"@type\":\"ListItem\",\"position\":3,\"name\":\"Lepkovi\",\"item\":\"https:\/\/www.kemostik.com\/sr\/neostik\/lepila\/\"},{\"@type\":\"ListItem\",\"position\":4,\"name\":\"Monta\u017eni lepkovi\",\"item\":\"https:\/\/www.kemostik.com\/sr\/neostik\/lepila\/montazna-lepila\/\"},{\"@type\":\"ListItem\",\"position\":5,\"name\":\"Neostik MONTA\u017dNI LEPAK ZA STIROPOR\"}]},{\"@type\":\"WebSite\",\"@id\":\"https:\/\/www.kemostik.com\/sr\/#website\",\"url\":\"https:\/\/www.kemostik.com\/sr\/\",\"name\":\"KANSAI HELIOS Kemostik d.o.o\",\"description\":\"\",\"publisher\":{\"@id\":\"https:\/\/www.kemostik.com\/sr\/#organization\"},\"potentialAction\":[{\"@type\":\"SearchAction\",\"target\":{\"@type\":\"EntryPoint\",\"urlTemplate\":\"https:\/\/www.kemostik.com\/sr\/?s={search_term_string}\"},\"query-input\":{\"@type\":\"PropertyValueSpecification\",\"valueRequired\":true,\"valueName\":\"search_term_string\"}}],\"inLanguage\":\"sr-RS\"},{\"@type\":\"Organization\",\"@id\":\"https:\/\/www.kemostik.com\/sr\/#organization\",\"name\":\"KANSAI HELIOS Kemostik d.o.o\",\"url\":\"https:\/\/www.kemostik.com\/sr\/\",\"logo\":{\"@type\":\"ImageObject\",\"inLanguage\":\"sr-RS\",\"@id\":\"https:\/\/www.kemostik.com\/sr\/#\/schema\/logo\/image\/\",\"url\":\"https:\/\/www.kemostik.com\/wp-content\/uploads\/2024\/10\/kansai-helios-logo-transparent.png\",\"contentUrl\":\"https:\/\/www.kemostik.com\/wp-content\/uploads\/2024\/10\/kansai-helios-logo-transparent.png\",\"width\":240,\"height\":90,\"caption\":\"KANSAI HELIOS Kemostik d.o.o\"},\"image\":{\"@id\":\"https:\/\/www.kemostik.com\/sr\/#\/schema\/logo\/image\/\"}}]}<\/script>\n<!-- \/ Yoast SEO plugin. -->","yoast_head_json":{"title":"Neostik MONTA\u017dNI LEPAK ZA STIROPOR - KANSAI HELIOS Kemostik d.o.o","robots":{"index":"index","follow":"follow","max-snippet":"max-snippet:-1","max-image-preview":"max-image-preview:large","max-video-preview":"max-video-preview:-1"},"canonical":"https:\/\/www.kemostik.com\/sr\/neostik\/lepkovi\/montazni-lepkovi\/neostik-montazni-lepak-za-stiropor\/","og_locale":"sr_RS","og_type":"article","og_title":"Neostik MONTA\u017dNI LEPAK ZA STIROPOR - KANSAI HELIOS Kemostik d.o.o","og_description":"[vc_row][vc_column][vc_row_inner][vc_column_inner width=&#8220;1\/2&#8243;][vc_column_text css=&#8220;&#8220;]Namenjen je brzoj monta\u017ei elemenata od stiropora na upojne podloge. Dobro prijanja i ne kliza na vertikalnim fugama. Mo\u017ee se bojiti, ne uzrokuje koroziju i ne stvara mrlje, a otporan je protiv starenja. Proizvod je namenjen za unutra\u0161nju upotrebu. &nbsp; UPOTREBA:\u00a0za popravku, fiksiranje i lepljenje dekorativnih elemenata od stiropora, EPS i XPS na...","og_url":"https:\/\/www.kemostik.com\/sr\/neostik\/lepkovi\/montazni-lepkovi\/neostik-montazni-lepak-za-stiropor\/","og_site_name":"KANSAI HELIOS Kemostik d.o.o","article_modified_time":"2025-03-19T20:51:10+00:00","og_image":[{"url":"https:\/\/www.kemostik.com\/wp-content\/uploads\/2025\/01\/I01.png","type":"","width":"","height":""}],"twitter_card":"summary_large_image","twitter_misc":{"\u041f\u0440\u043e\u0446\u0435\u045a\u0435\u043d\u043e \u0432\u0440\u0435\u043c\u0435 \u0447\u0438\u0442\u0430\u045a\u0430":"1 \u043c\u0438\u043d\u0443\u0442"},"schema":{"@context":"https:\/\/schema.org","@graph":[{"@type":"WebPage","@id":"https:\/\/www.kemostik.com\/sr\/neostik\/lepkovi\/montazni-lepkovi\/neostik-montazni-lepak-za-stiropor\/","url":"https:\/\/www.kemostik.com\/sr\/neostik\/lepkovi\/montazni-lepkovi\/neostik-montazni-lepak-za-stiropor\/","name":"Neostik MONTA\u017dNI LEPAK ZA STIROPOR - KANSAI HELIOS Kemostik d.o.o","isPartOf":{"@id":"https:\/\/www.kemostik.com\/sr\/#website"},"primaryImageOfPage":{"@id":"https:\/\/www.kemostik.com\/sr\/neostik\/lepkovi\/montazni-lepkovi\/neostik-montazni-lepak-za-stiropor\/#primaryimage"},"image":{"@id":"https:\/\/www.kemostik.com\/sr\/neostik\/lepkovi\/montazni-lepkovi\/neostik-montazni-lepak-za-stiropor\/#primaryimage"},"thumbnailUrl":"https:\/\/www.kemostik.com\/wp-content\/uploads\/2025\/01\/I01.png","datePublished":"2025-01-24T12:40:46+00:00","dateModified":"2025-03-19T20:51:10+00:00","breadcrumb":{"@id":"https:\/\/www.kemostik.com\/sr\/neostik\/lepkovi\/montazni-lepkovi\/neostik-montazni-lepak-za-stiropor\/#breadcrumb"},"inLanguage":"sr-RS","potentialAction":[{"@type":"ReadAction","target":["https:\/\/www.kemostik.com\/sr\/neostik\/lepkovi\/montazni-lepkovi\/neostik-montazni-lepak-za-stiropor\/"]}]},{"@type":"ImageObject","inLanguage":"sr-RS","@id":"https:\/\/www.kemostik.com\/sr\/neostik\/lepkovi\/montazni-lepkovi\/neostik-montazni-lepak-za-stiropor\/#primaryimage","url":"https:\/\/www.kemostik.com\/wp-content\/uploads\/2025\/01\/I01.png","contentUrl":"https:\/\/www.kemostik.com\/wp-content\/uploads\/2025\/01\/I01.png"},{"@type":"BreadcrumbList","@id":"https:\/\/www.kemostik.com\/sr\/neostik\/lepkovi\/montazni-lepkovi\/neostik-montazni-lepak-za-stiropor\/#breadcrumb","itemListElement":[{"@type":"ListItem","position":1,"name":"Home","item":"https:\/\/www.kemostik.com\/sr\/"},{"@type":"ListItem","position":2,"name":"NEOSTIK","item":"https:\/\/www.kemostik.com\/sr\/neostik\/"},{"@type":"ListItem","position":3,"name":"Lepkovi","item":"https:\/\/www.kemostik.com\/sr\/neostik\/lepila\/"},{"@type":"ListItem","position":4,"name":"Monta\u017eni lepkovi","item":"https:\/\/www.kemostik.com\/sr\/neostik\/lepila\/montazna-lepila\/"},{"@type":"ListItem","position":5,"name":"Neostik MONTA\u017dNI LEPAK ZA STIROPOR"}]},{"@type":"WebSite","@id":"https:\/\/www.kemostik.com\/sr\/#website","url":"https:\/\/www.kemostik.com\/sr\/","name":"KANSAI HELIOS Kemostik d.o.o","description":"","publisher":{"@id":"https:\/\/www.kemostik.com\/sr\/#organization"},"potentialAction":[{"@type":"SearchAction","target":{"@type":"EntryPoint","urlTemplate":"https:\/\/www.kemostik.com\/sr\/?s={search_term_string}"},"query-input":{"@type":"PropertyValueSpecification","valueRequired":true,"valueName":"search_term_string"}}],"inLanguage":"sr-RS"},{"@type":"Organization","@id":"https:\/\/www.kemostik.com\/sr\/#organization","name":"KANSAI HELIOS Kemostik d.o.o","url":"https:\/\/www.kemostik.com\/sr\/","logo":{"@type":"ImageObject","inLanguage":"sr-RS","@id":"https:\/\/www.kemostik.com\/sr\/#\/schema\/logo\/image\/","url":"https:\/\/www.kemostik.com\/wp-content\/uploads\/2024\/10\/kansai-helios-logo-transparent.png","contentUrl":"https:\/\/www.kemostik.com\/wp-content\/uploads\/2024\/10\/kansai-helios-logo-transparent.png","width":240,"height":90,"caption":"KANSAI HELIOS Kemostik d.o.o"},"image":{"@id":"https:\/\/www.kemostik.com\/sr\/#\/schema\/logo\/image\/"}}]}},"_links":{"self":[{"href":"https:\/\/www.kemostik.com\/sr\/wp-json\/wp\/v2\/pages\/1852","targetHints":{"allow":["GET"]}}],"collection":[{"href":"https:\/\/www.kemostik.com\/sr\/wp-json\/wp\/v2\/pages"}],"about":[{"href":"https:\/\/www.kemostik.com\/sr\/wp-json\/wp\/v2\/types\/page"}],"author":[{"embeddable":true,"href":"https:\/\/www.kemostik.com\/sr\/wp-json\/wp\/v2\/users\/1"}],"replies":[{"embeddable":true,"href":"https:\/\/www.kemostik.com\/sr\/wp-json\/wp\/v2\/comments?post=1852"}],"version-history":[{"count":2,"href":"https:\/\/www.kemostik.com\/sr\/wp-json\/wp\/v2\/pages\/1852\/revisions"}],"predecessor-version":[{"id":2350,"href":"https:\/\/www.kemostik.com\/sr\/wp-json\/wp\/v2\/pages\/1852\/revisions\/2350"}],"up":[{"embeddable":true,"href":"https:\/\/www.kemostik.com\/sr\/wp-json\/wp\/v2\/pages\/1848"}],"wp:attachment":[{"href":"https:\/\/www.kemostik.com\/sr\/wp-json\/wp\/v2\/media?parent=1852"}],"curies":[{"name":"wp","href":"https:\/\/api.w.org\/{rel}","templated":true}]}}