{"id":1884,"date":"2024-10-24T12:59:12","date_gmt":"2024-10-24T10:59:12","guid":{"rendered":"https:\/\/www.kemostik.com\/neostik\/lepila\/univerzalna-lepila\/"},"modified":"2025-03-28T16:19:52","modified_gmt":"2025-03-28T15:19:52","slug":"univerzalni-lepkovi","status":"publish","type":"page","link":"https:\/\/www.kemostik.com\/sr\/neostik\/lepkovi\/univerzalni-lepkovi\/","title":{"rendered":"Univerzalni lepkovi"},"content":{"rendered":"<div class=\"wpb-content-wrapper\"><p>[vc_row][vc_column][vc_row_inner][vc_column_inner width=&#8220;1\/2&#8243;][vc_column_text css=&#8220;&#8220;]Univerzalni kontaktni kau\u010dukovi lepkovi Neostik Universal lepe brzo i efikasno. Jednostavni su za upotrebu i omogu\u0107uju \u010disto nano\u0161enje, bez zamazivanja.<\/p>\n<p><span id=\"more-2053\"><\/span><br \/>\nIzra\u0111eni su na osnovi elasti\u010dnog polimera, kau\u010duka, koji je rastopljen u sme\u0161i razre\u0111iva\u010da. Lepljenje je posledica isparavanja razre\u0111iva\u010da, zbog \u010dega dolazi do koagulacije kau\u010duka i formiranja lepka. Povr\u0161ine spojimo kad je sloj lepka osu\u0161en do te mere da se lepak kod dodira ne vu\u010de vi\u0161e za prstom. Po\u010detna snaga vam omogu\u0107uje neposrednu daljnju obradu lepljenih povr\u0161ina.[\/vc_column_text][\/vc_column_inner][vc_column_inner width=&#8220;1\/2&#8243;][vc_single_image image=&#8220;816&#8243; img_size=&#8220;&#8220; alignment=&#8220;center&#8220; css=&#8220;&#8220;][\/vc_column_inner][\/vc_row_inner][\/vc_column][\/vc_row][vc_row css=&#8220;.vc_custom_1737578071091{margin-top: 40px !important;}&#8220;][vc_column width=&#8220;1\/3&#8243;][vc_single_image image=&#8220;366&#8243; img_size=&#8220;full&#8220; alignment=&#8220;center&#8220; css=&#8220;&#8220;][\/vc_column][vc_column width=&#8220;2\/3&#8243;][vc_custom_heading text=&#8220;Neostik UNIVERSAL SPRAY PROFI&#8220; font_container=&#8220;tag:h5|text_align:left|color:%23AE841F&#8220; use_theme_fonts=&#8220;yes&#8220; css=&#8220;&#8220;][vc_column_text css=&#8220;&#8220;]Univerzalni kontaktni kau\u010dukov lepak u spreju je namenjen lepljenju \u0161irokog spektra materijala.<br \/>\nMe\u0111usobno ili na razli\u010dite podloge mo\u017eete lepiti razli\u010dite materijale. Posebno je efikasan na mestima gde su visoka optere\u0107enja spojeva.[\/vc_column_text][vc_column_text css=&#8220;&#8220; el_class=&#8220;neostik-url&#8220;]<a href=\"https:\/\/www.kemostik.com\/sr\/neostik\/lepkovi\/univerzalni-lepkovi\/neostik-spray-profi\/\">Preberite ve\u010d<\/a><\/p>\n<div id=\"gtx-trans\" style=\"position: absolute; left: -78px; top: -10px;\">\n<div class=\"gtx-trans-icon\"><\/div>\n<\/div>\n<p>[\/vc_column_text][\/vc_column][\/vc_row][vc_row css=&#8220;.vc_custom_1737578079739{margin-top: 40px !important;}&#8220;][vc_column width=&#8220;1\/3&#8243;][vc_single_image image=&#8220;365&#8243; img_size=&#8220;full&#8220; alignment=&#8220;center&#8220; css=&#8220;&#8220;][\/vc_column][vc_column width=&#8220;2\/3&#8243;][vc_custom_heading text=&#8220;Neostik UNIVERSAL PROFI PLUS&#8220; font_container=&#8220;tag:h5|text_align:left|color:%23AE841F&#8220; use_theme_fonts=&#8220;yes&#8220; css=&#8220;&#8220;][vc_column_text css=&#8220;&#8220;]Univerzalni kontaktni kau\u010dukov lepak Neostik PROFI PLUS s ve\u0107im sadr\u017eajem lepljive materije omogu\u0107uje spajanje \u010dak i vrlo upojnih materijala.[\/vc_column_text][vc_column_text css=&#8220;&#8220; el_class=&#8220;neostik-url&#8220;]<a href=\"https:\/\/www.kemostik.com\/sr\/neostik\/lepkovi\/univerzalni-lepkovi\/neostik-sk-121-professional\/\">Preberite ve\u010d<\/a><\/p>\n<p>&nbsp;<\/p>\n<div id=\"gtx-trans\" style=\"position: absolute; left: -51px; top: -10px;\">\n<div class=\"gtx-trans-icon\"><\/div>\n<\/div>\n<p>[\/vc_column_text][\/vc_column][\/vc_row][vc_row css=&#8220;.vc_custom_1737578086493{margin-top: 40px !important;}&#8220;][vc_column width=&#8220;1\/3&#8243;][vc_single_image image=&#8220;364&#8243; img_size=&#8220;full&#8220; alignment=&#8220;center&#8220; css=&#8220;&#8220;][\/vc_column][vc_column width=&#8220;2\/3&#8243;][vc_custom_heading text=&#8220;Neostik UNIVERSAL TRANSPARENT&#8220; font_container=&#8220;tag:h5|text_align:left|color:%23AE841F&#8220; use_theme_fonts=&#8220;yes&#8220; css=&#8220;&#8220;][vc_column_text css=&#8220;&#8220;]Transparentni univerzalni lepak Neostik UNIVERSAL TRANSPARENT je pogodan za op\u0161tu upotrebu u kancelariji, \u0161koli i doma\u0107instvu i u modelarstvu.[\/vc_column_text][vc_column_text css=&#8220;&#8220; el_class=&#8220;neostik-url&#8220;]<a href=\"https:\/\/www.kemostik.com\/sr\/neostik\/lepkovi\/univerzalni-lepkovi\/neostik-sk-103-transparent\/\">Preberite ve\u010d<\/a><\/p>\n<p>[\/vc_column_text][\/vc_column][\/vc_row][vc_row css=&#8220;.vc_custom_1737578094126{margin-top: 40px !important;}&#8220;][vc_column width=&#8220;1\/3&#8243;][vc_single_image image=&#8220;363&#8243; img_size=&#8220;full&#8220; alignment=&#8220;center&#8220; css=&#8220;&#8220;][\/vc_column][vc_column width=&#8220;2\/3&#8243;][vc_custom_heading text=&#8220;Neostik UNIVERSAL&#8220; font_container=&#8220;tag:h5|text_align:left|color:%23AE841F&#8220; use_theme_fonts=&#8220;yes&#8220; css=&#8220;&#8220;][vc_column_text css=&#8220;&#8220;]Tradicionalni lepak sa sna\u017enim prijanjanjem za najraznovrsniju upotrebu. Me\u0111usobno ili na razli\u010dite podloge lepi \u0161irok raspon materijala.[\/vc_column_text][vc_column_text css=&#8220;&#8220; el_class=&#8220;neostik-url&#8220;]<a href=\"https:\/\/www.kemostik.com\/sr\/neostik\/lepkovi\/univerzalni-lepkovi\/neostik-universal\/\">Preberite ve\u010d<\/a><\/p>\n<p>&nbsp;<\/p>\n<div id=\"gtx-trans\" style=\"position: absolute; left: -27px; top: -10px;\">\n<div class=\"gtx-trans-icon\"><\/div>\n<\/div>\n<p>[\/vc_column_text][\/vc_column][\/vc_row]<\/p>\n<\/div>","protected":false},"excerpt":{"rendered":"<p>[vc_row][vc_column][vc_row_inner][vc_column_inner width=&#8220;1\/2&#8243;][vc_column_text css=&#8220;&#8220;]Univerzalni kontaktni kau\u010dukovi lepkovi Neostik Universal lepe brzo i efikasno. Jednostavni su za upotrebu i omogu\u0107uju \u010disto nano\u0161enje, bez zamazivanja. Izra\u0111eni su na osnovi elasti\u010dnog polimera, kau\u010duka, koji je rastopljen u sme\u0161i razre\u0111iva\u010da. Lepljenje je posledica isparavanja razre\u0111iva\u010da, zbog \u010dega dolazi do koagulacije kau\u010duka i formiranja lepka. Povr\u0161ine spojimo kad je sloj lepka&#8230;<\/p>\n","protected":false},"author":1,"featured_media":0,"parent":1844,"menu_order":0,"comment_status":"closed","ping_status":"closed","template":"","meta":{"footnotes":""},"class_list":["post-1884","page","type-page","status-publish","hentry"],"yoast_head":"<!-- This site is optimized with the Yoast SEO plugin v27.2 - https:\/\/yoast.com\/product\/yoast-seo-wordpress\/ -->\n<title>Univerzalni lepkovi - KANSAI HELIOS Kemostik d.o.o<\/title>\n<meta name=\"robots\" content=\"index, follow, max-snippet:-1, max-image-preview:large, max-video-preview:-1\" \/>\n<link rel=\"canonical\" href=\"https:\/\/www.kemostik.com\/sr\/neostik\/lepkovi\/univerzalni-lepkovi\/\" \/>\n<meta property=\"og:locale\" content=\"sr_RS\" \/>\n<meta property=\"og:type\" content=\"article\" \/>\n<meta property=\"og:title\" content=\"Univerzalni lepkovi - KANSAI HELIOS Kemostik d.o.o\" \/>\n<meta property=\"og:description\" content=\"[vc_row][vc_column][vc_row_inner][vc_column_inner width=&#8220;1\/2&#8243;][vc_column_text css=&#8220;&#8220;]Univerzalni kontaktni kau\u010dukovi lepkovi Neostik Universal lepe brzo i efikasno. Jednostavni su za upotrebu i omogu\u0107uju \u010disto nano\u0161enje, bez zamazivanja. Izra\u0111eni su na osnovi elasti\u010dnog polimera, kau\u010duka, koji je rastopljen u sme\u0161i razre\u0111iva\u010da. Lepljenje je posledica isparavanja razre\u0111iva\u010da, zbog \u010dega dolazi do koagulacije kau\u010duka i formiranja lepka. Povr\u0161ine spojimo kad je sloj lepka...\" \/>\n<meta property=\"og:url\" content=\"https:\/\/www.kemostik.com\/sr\/neostik\/lepkovi\/univerzalni-lepkovi\/\" \/>\n<meta property=\"og:site_name\" content=\"KANSAI HELIOS Kemostik d.o.o\" \/>\n<meta property=\"article:modified_time\" content=\"2025-03-28T15:19:52+00:00\" \/>\n<meta name=\"twitter:card\" content=\"summary_large_image\" \/>\n<meta name=\"twitter:label1\" content=\"\u041f\u0440\u043e\u0446\u0435\u045a\u0435\u043d\u043e \u0432\u0440\u0435\u043c\u0435 \u0447\u0438\u0442\u0430\u045a\u0430\" \/>\n\t<meta name=\"twitter:data1\" content=\"3 \u043c\u0438\u043d\u0443\u0442\u0430\" \/>\n<script type=\"application\/ld+json\" class=\"yoast-schema-graph\">{\"@context\":\"https:\/\/schema.org\",\"@graph\":[{\"@type\":\"WebPage\",\"@id\":\"https:\/\/www.kemostik.com\/sr\/neostik\/lepkovi\/univerzalni-lepkovi\/\",\"url\":\"https:\/\/www.kemostik.com\/sr\/neostik\/lepkovi\/univerzalni-lepkovi\/\",\"name\":\"Univerzalni lepkovi - KANSAI HELIOS Kemostik d.o.o\",\"isPartOf\":{\"@id\":\"https:\/\/www.kemostik.com\/sr\/#website\"},\"datePublished\":\"2024-10-24T10:59:12+00:00\",\"dateModified\":\"2025-03-28T15:19:52+00:00\",\"breadcrumb\":{\"@id\":\"https:\/\/www.kemostik.com\/sr\/neostik\/lepkovi\/univerzalni-lepkovi\/#breadcrumb\"},\"inLanguage\":\"sr-RS\",\"potentialAction\":[{\"@type\":\"ReadAction\",\"target\":[\"https:\/\/www.kemostik.com\/sr\/neostik\/lepkovi\/univerzalni-lepkovi\/\"]}]},{\"@type\":\"BreadcrumbList\",\"@id\":\"https:\/\/www.kemostik.com\/sr\/neostik\/lepkovi\/univerzalni-lepkovi\/#breadcrumb\",\"itemListElement\":[{\"@type\":\"ListItem\",\"position\":1,\"name\":\"Home\",\"item\":\"https:\/\/www.kemostik.com\/sr\/\"},{\"@type\":\"ListItem\",\"position\":2,\"name\":\"NEOSTIK\",\"item\":\"https:\/\/www.kemostik.com\/sr\/neostik\/\"},{\"@type\":\"ListItem\",\"position\":3,\"name\":\"Lepkovi\",\"item\":\"https:\/\/www.kemostik.com\/sr\/neostik\/lepila\/\"},{\"@type\":\"ListItem\",\"position\":4,\"name\":\"Univerzalni lepkovi\"}]},{\"@type\":\"WebSite\",\"@id\":\"https:\/\/www.kemostik.com\/sr\/#website\",\"url\":\"https:\/\/www.kemostik.com\/sr\/\",\"name\":\"KANSAI HELIOS Kemostik d.o.o\",\"description\":\"\",\"publisher\":{\"@id\":\"https:\/\/www.kemostik.com\/sr\/#organization\"},\"potentialAction\":[{\"@type\":\"SearchAction\",\"target\":{\"@type\":\"EntryPoint\",\"urlTemplate\":\"https:\/\/www.kemostik.com\/sr\/?s={search_term_string}\"},\"query-input\":{\"@type\":\"PropertyValueSpecification\",\"valueRequired\":true,\"valueName\":\"search_term_string\"}}],\"inLanguage\":\"sr-RS\"},{\"@type\":\"Organization\",\"@id\":\"https:\/\/www.kemostik.com\/sr\/#organization\",\"name\":\"KANSAI HELIOS Kemostik d.o.o\",\"url\":\"https:\/\/www.kemostik.com\/sr\/\",\"logo\":{\"@type\":\"ImageObject\",\"inLanguage\":\"sr-RS\",\"@id\":\"https:\/\/www.kemostik.com\/sr\/#\/schema\/logo\/image\/\",\"url\":\"https:\/\/www.kemostik.com\/wp-content\/uploads\/2024\/10\/kansai-helios-logo-transparent.png\",\"contentUrl\":\"https:\/\/www.kemostik.com\/wp-content\/uploads\/2024\/10\/kansai-helios-logo-transparent.png\",\"width\":240,\"height\":90,\"caption\":\"KANSAI HELIOS Kemostik d.o.o\"},\"image\":{\"@id\":\"https:\/\/www.kemostik.com\/sr\/#\/schema\/logo\/image\/\"}}]}<\/script>\n<!-- \/ Yoast SEO plugin. -->","yoast_head_json":{"title":"Univerzalni lepkovi - KANSAI HELIOS Kemostik d.o.o","robots":{"index":"index","follow":"follow","max-snippet":"max-snippet:-1","max-image-preview":"max-image-preview:large","max-video-preview":"max-video-preview:-1"},"canonical":"https:\/\/www.kemostik.com\/sr\/neostik\/lepkovi\/univerzalni-lepkovi\/","og_locale":"sr_RS","og_type":"article","og_title":"Univerzalni lepkovi - KANSAI HELIOS Kemostik d.o.o","og_description":"[vc_row][vc_column][vc_row_inner][vc_column_inner width=&#8220;1\/2&#8243;][vc_column_text css=&#8220;&#8220;]Univerzalni kontaktni kau\u010dukovi lepkovi Neostik Universal lepe brzo i efikasno. Jednostavni su za upotrebu i omogu\u0107uju \u010disto nano\u0161enje, bez zamazivanja. Izra\u0111eni su na osnovi elasti\u010dnog polimera, kau\u010duka, koji je rastopljen u sme\u0161i razre\u0111iva\u010da. Lepljenje je posledica isparavanja razre\u0111iva\u010da, zbog \u010dega dolazi do koagulacije kau\u010duka i formiranja lepka. Povr\u0161ine spojimo kad je sloj lepka...","og_url":"https:\/\/www.kemostik.com\/sr\/neostik\/lepkovi\/univerzalni-lepkovi\/","og_site_name":"KANSAI HELIOS Kemostik d.o.o","article_modified_time":"2025-03-28T15:19:52+00:00","twitter_card":"summary_large_image","twitter_misc":{"\u041f\u0440\u043e\u0446\u0435\u045a\u0435\u043d\u043e \u0432\u0440\u0435\u043c\u0435 \u0447\u0438\u0442\u0430\u045a\u0430":"3 \u043c\u0438\u043d\u0443\u0442\u0430"},"schema":{"@context":"https:\/\/schema.org","@graph":[{"@type":"WebPage","@id":"https:\/\/www.kemostik.com\/sr\/neostik\/lepkovi\/univerzalni-lepkovi\/","url":"https:\/\/www.kemostik.com\/sr\/neostik\/lepkovi\/univerzalni-lepkovi\/","name":"Univerzalni lepkovi - KANSAI HELIOS Kemostik d.o.o","isPartOf":{"@id":"https:\/\/www.kemostik.com\/sr\/#website"},"datePublished":"2024-10-24T10:59:12+00:00","dateModified":"2025-03-28T15:19:52+00:00","breadcrumb":{"@id":"https:\/\/www.kemostik.com\/sr\/neostik\/lepkovi\/univerzalni-lepkovi\/#breadcrumb"},"inLanguage":"sr-RS","potentialAction":[{"@type":"ReadAction","target":["https:\/\/www.kemostik.com\/sr\/neostik\/lepkovi\/univerzalni-lepkovi\/"]}]},{"@type":"BreadcrumbList","@id":"https:\/\/www.kemostik.com\/sr\/neostik\/lepkovi\/univerzalni-lepkovi\/#breadcrumb","itemListElement":[{"@type":"ListItem","position":1,"name":"Home","item":"https:\/\/www.kemostik.com\/sr\/"},{"@type":"ListItem","position":2,"name":"NEOSTIK","item":"https:\/\/www.kemostik.com\/sr\/neostik\/"},{"@type":"ListItem","position":3,"name":"Lepkovi","item":"https:\/\/www.kemostik.com\/sr\/neostik\/lepila\/"},{"@type":"ListItem","position":4,"name":"Univerzalni lepkovi"}]},{"@type":"WebSite","@id":"https:\/\/www.kemostik.com\/sr\/#website","url":"https:\/\/www.kemostik.com\/sr\/","name":"KANSAI HELIOS Kemostik d.o.o","description":"","publisher":{"@id":"https:\/\/www.kemostik.com\/sr\/#organization"},"potentialAction":[{"@type":"SearchAction","target":{"@type":"EntryPoint","urlTemplate":"https:\/\/www.kemostik.com\/sr\/?s={search_term_string}"},"query-input":{"@type":"PropertyValueSpecification","valueRequired":true,"valueName":"search_term_string"}}],"inLanguage":"sr-RS"},{"@type":"Organization","@id":"https:\/\/www.kemostik.com\/sr\/#organization","name":"KANSAI HELIOS Kemostik d.o.o","url":"https:\/\/www.kemostik.com\/sr\/","logo":{"@type":"ImageObject","inLanguage":"sr-RS","@id":"https:\/\/www.kemostik.com\/sr\/#\/schema\/logo\/image\/","url":"https:\/\/www.kemostik.com\/wp-content\/uploads\/2024\/10\/kansai-helios-logo-transparent.png","contentUrl":"https:\/\/www.kemostik.com\/wp-content\/uploads\/2024\/10\/kansai-helios-logo-transparent.png","width":240,"height":90,"caption":"KANSAI HELIOS Kemostik d.o.o"},"image":{"@id":"https:\/\/www.kemostik.com\/sr\/#\/schema\/logo\/image\/"}}]}},"_links":{"self":[{"href":"https:\/\/www.kemostik.com\/sr\/wp-json\/wp\/v2\/pages\/1884","targetHints":{"allow":["GET"]}}],"collection":[{"href":"https:\/\/www.kemostik.com\/sr\/wp-json\/wp\/v2\/pages"}],"about":[{"href":"https:\/\/www.kemostik.com\/sr\/wp-json\/wp\/v2\/types\/page"}],"author":[{"embeddable":true,"href":"https:\/\/www.kemostik.com\/sr\/wp-json\/wp\/v2\/users\/1"}],"replies":[{"embeddable":true,"href":"https:\/\/www.kemostik.com\/sr\/wp-json\/wp\/v2\/comments?post=1884"}],"version-history":[{"count":4,"href":"https:\/\/www.kemostik.com\/sr\/wp-json\/wp\/v2\/pages\/1884\/revisions"}],"predecessor-version":[{"id":2902,"href":"https:\/\/www.kemostik.com\/sr\/wp-json\/wp\/v2\/pages\/1884\/revisions\/2902"}],"up":[{"embeddable":true,"href":"https:\/\/www.kemostik.com\/sr\/wp-json\/wp\/v2\/pages\/1844"}],"wp:attachment":[{"href":"https:\/\/www.kemostik.com\/sr\/wp-json\/wp\/v2\/media?parent=1884"}],"curies":[{"name":"wp","href":"https:\/\/api.w.org\/{rel}","templated":true}]}}