{"id":1896,"date":"2025-01-22T21:35:55","date_gmt":"2025-01-22T20:35:55","guid":{"rendered":"https:\/\/www.kemostik.com\/neostik\/lepila\/univerzalna-lepila\/neostik-universal-spray-profi\/"},"modified":"2025-03-19T22:19:05","modified_gmt":"2025-03-19T21:19:05","slug":"neostik-spray-profi","status":"publish","type":"page","link":"https:\/\/www.kemostik.com\/sr\/neostik\/lepkovi\/univerzalni-lepkovi\/neostik-spray-profi\/","title":{"rendered":"Neostik UNIVERSAL SPRAY PROFI"},"content":{"rendered":"<div class=\"wpb-content-wrapper\"><p>[vc_row][vc_column][vc_row_inner][vc_column_inner width=&#8220;1\/2&#8243;][vc_column_text css=&#8220;&#8220;]Univerzalni kontaktni kau\u010dukov lepak u spreju je namenjen lepljenju \u0161irokog spektra materijala.<br \/>\nMe\u0111usobno ili na razli\u010dite podloge mo\u017eete lepiti razli\u010dite materijale. Posebno je efikasan na mestima gde su visoka optere\u0107enja spojeva.<br \/>\nTrostepena dizna omogu\u0107uje regulisanje \u0161irine izlaza lepka iz doze i time omogu\u0107uje raznovrsnu potro\u0161nju: niska \/ srednja \/ visoka potro\u0161nja.<br \/>\nPosebna dodatna funkcija dizne tako\u0111e omogu\u0107uje raznovrsno nano\u0161enje lepka: ta\u010dkasto ili na \u0161irokoj povr\u0161ini.[\/vc_column_text][vc_column_text css=&#8220;&#8220;]<\/p>\n<h6>LEPI:<\/h6>\n<p>mekane pene, prirodnu ko\u017eu, gumu, drvo, furnir, plutu, plasti\u010dne mase, papir, karton i tekstil.<br \/>\nLepak je pogodan tako\u0111e za ve\u0107inu stiropora (preporu\u010dujemo da na povr\u0161ini prethodno napravite probu).[\/vc_column_text][vc_column_text css=&#8220;&#8220;]<\/p>\n<h6>PAKOVANJE:<\/h6>\n<p>400 ml<\/p>\n<div id=\"gtx-trans\" style=\"position: absolute; left: 33px; top: -1.03125px;\">\n<div class=\"gtx-trans-icon\"><\/div>\n<\/div>\n<p>[\/vc_column_text][vc_column_text css=&#8220;&#8220;]<\/p>\n<div class=\"inline\"><img decoding=\"async\" src=\"\/wp-content\/uploads\/2025\/01\/N01.png\" alt=\"\" \/><br \/>\n<img decoding=\"async\" src=\"\/wp-content\/uploads\/2025\/01\/E04.png\" alt=\"\" \/><br \/>\n<img decoding=\"async\" src=\"\/wp-content\/uploads\/2025\/01\/C03.png\" alt=\"\" \/><br \/>\n<img decoding=\"async\" src=\"\/wp-content\/uploads\/2025\/01\/G03.png\" alt=\"\" \/><\/div>\n<p>[\/vc_column_text][\/vc_column_inner][vc_column_inner width=&#8220;1\/2&#8243;][vc_single_image image=&#8220;373&#8243; img_size=&#8220;&#8220; alignment=&#8220;center&#8220; css=&#8220;&#8220;][\/vc_column_inner][\/vc_row_inner][\/vc_column][\/vc_row][vc_row][vc_column][vc_video link=&#8220;https:\/\/youtu.be\/k1EOltrwL9g?si=APZYj537Yfb-SHZE&#8220; align=&#8220;center&#8220; css=&#8220;&#8220;][\/vc_column][\/vc_row][vc_row][vc_column]\r\n\t\t\t<div class=\"helios_section_distance m\"><\/div>\r\n\r\n\t\t\t[\/vc_column][\/vc_row]<\/p>\n<\/div>","protected":false},"excerpt":{"rendered":"<p>[vc_row][vc_column][vc_row_inner][vc_column_inner width=&#8220;1\/2&#8243;][vc_column_text css=&#8220;&#8220;]Univerzalni kontaktni kau\u010dukov lepak u spreju je namenjen lepljenju \u0161irokog spektra materijala. Me\u0111usobno ili na razli\u010dite podloge mo\u017eete lepiti razli\u010dite materijale. Posebno je efikasan na mestima gde su visoka optere\u0107enja spojeva. Trostepena dizna omogu\u0107uje regulisanje \u0161irine izlaza lepka iz doze i time omogu\u0107uje raznovrsnu potro\u0161nju: niska \/ srednja \/ visoka potro\u0161nja. Posebna dodatna&#8230;<\/p>\n","protected":false},"author":1,"featured_media":0,"parent":1884,"menu_order":0,"comment_status":"closed","ping_status":"closed","template":"","meta":{"footnotes":""},"class_list":["post-1896","page","type-page","status-publish","hentry"],"yoast_head":"<!-- This site is optimized with the Yoast SEO plugin v27.2 - https:\/\/yoast.com\/product\/yoast-seo-wordpress\/ -->\n<title>Neostik UNIVERSAL SPRAY PROFI - KANSAI HELIOS Kemostik d.o.o<\/title>\n<meta name=\"robots\" content=\"index, follow, max-snippet:-1, max-image-preview:large, max-video-preview:-1\" \/>\n<link rel=\"canonical\" href=\"https:\/\/www.kemostik.com\/sr\/neostik\/lepkovi\/univerzalni-lepkovi\/neostik-spray-profi\/\" \/>\n<meta property=\"og:locale\" content=\"sr_RS\" \/>\n<meta property=\"og:type\" content=\"article\" \/>\n<meta property=\"og:title\" content=\"Neostik UNIVERSAL SPRAY PROFI - KANSAI HELIOS Kemostik d.o.o\" \/>\n<meta property=\"og:description\" content=\"[vc_row][vc_column][vc_row_inner][vc_column_inner width=&#8220;1\/2&#8243;][vc_column_text css=&#8220;&#8220;]Univerzalni kontaktni kau\u010dukov lepak u spreju je namenjen lepljenju \u0161irokog spektra materijala. Me\u0111usobno ili na razli\u010dite podloge mo\u017eete lepiti razli\u010dite materijale. Posebno je efikasan na mestima gde su visoka optere\u0107enja spojeva. Trostepena dizna omogu\u0107uje regulisanje \u0161irine izlaza lepka iz doze i time omogu\u0107uje raznovrsnu potro\u0161nju: niska \/ srednja \/ visoka potro\u0161nja. Posebna dodatna...\" \/>\n<meta property=\"og:url\" content=\"https:\/\/www.kemostik.com\/sr\/neostik\/lepkovi\/univerzalni-lepkovi\/neostik-spray-profi\/\" \/>\n<meta property=\"og:site_name\" content=\"KANSAI HELIOS Kemostik d.o.o\" \/>\n<meta property=\"article:modified_time\" content=\"2025-03-19T21:19:05+00:00\" \/>\n<meta name=\"twitter:card\" content=\"summary_large_image\" \/>\n<meta name=\"twitter:label1\" content=\"\u041f\u0440\u043e\u0446\u0435\u045a\u0435\u043d\u043e \u0432\u0440\u0435\u043c\u0435 \u0447\u0438\u0442\u0430\u045a\u0430\" \/>\n\t<meta name=\"twitter:data1\" content=\"1 \u043c\u0438\u043d\u0443\u0442\" \/>\n<script type=\"application\/ld+json\" class=\"yoast-schema-graph\">{\"@context\":\"https:\/\/schema.org\",\"@graph\":[{\"@type\":\"WebPage\",\"@id\":\"https:\/\/www.kemostik.com\/sr\/neostik\/lepkovi\/univerzalni-lepkovi\/neostik-spray-profi\/\",\"url\":\"https:\/\/www.kemostik.com\/sr\/neostik\/lepkovi\/univerzalni-lepkovi\/neostik-spray-profi\/\",\"name\":\"Neostik UNIVERSAL SPRAY PROFI - KANSAI HELIOS Kemostik d.o.o\",\"isPartOf\":{\"@id\":\"https:\/\/www.kemostik.com\/sr\/#website\"},\"datePublished\":\"2025-01-22T20:35:55+00:00\",\"dateModified\":\"2025-03-19T21:19:05+00:00\",\"breadcrumb\":{\"@id\":\"https:\/\/www.kemostik.com\/sr\/neostik\/lepkovi\/univerzalni-lepkovi\/neostik-spray-profi\/#breadcrumb\"},\"inLanguage\":\"sr-RS\",\"potentialAction\":[{\"@type\":\"ReadAction\",\"target\":[\"https:\/\/www.kemostik.com\/sr\/neostik\/lepkovi\/univerzalni-lepkovi\/neostik-spray-profi\/\"]}]},{\"@type\":\"BreadcrumbList\",\"@id\":\"https:\/\/www.kemostik.com\/sr\/neostik\/lepkovi\/univerzalni-lepkovi\/neostik-spray-profi\/#breadcrumb\",\"itemListElement\":[{\"@type\":\"ListItem\",\"position\":1,\"name\":\"Home\",\"item\":\"https:\/\/www.kemostik.com\/sr\/\"},{\"@type\":\"ListItem\",\"position\":2,\"name\":\"NEOSTIK\",\"item\":\"https:\/\/www.kemostik.com\/sr\/neostik\/\"},{\"@type\":\"ListItem\",\"position\":3,\"name\":\"Lepkovi\",\"item\":\"https:\/\/www.kemostik.com\/sr\/neostik\/lepila\/\"},{\"@type\":\"ListItem\",\"position\":4,\"name\":\"Univerzalni lepkovi\",\"item\":\"https:\/\/www.kemostik.com\/sr\/neostik\/lepkovi\/univerzalni-lepkovi\/\"},{\"@type\":\"ListItem\",\"position\":5,\"name\":\"Neostik UNIVERSAL SPRAY PROFI\"}]},{\"@type\":\"WebSite\",\"@id\":\"https:\/\/www.kemostik.com\/sr\/#website\",\"url\":\"https:\/\/www.kemostik.com\/sr\/\",\"name\":\"KANSAI HELIOS Kemostik d.o.o\",\"description\":\"\",\"publisher\":{\"@id\":\"https:\/\/www.kemostik.com\/sr\/#organization\"},\"potentialAction\":[{\"@type\":\"SearchAction\",\"target\":{\"@type\":\"EntryPoint\",\"urlTemplate\":\"https:\/\/www.kemostik.com\/sr\/?s={search_term_string}\"},\"query-input\":{\"@type\":\"PropertyValueSpecification\",\"valueRequired\":true,\"valueName\":\"search_term_string\"}}],\"inLanguage\":\"sr-RS\"},{\"@type\":\"Organization\",\"@id\":\"https:\/\/www.kemostik.com\/sr\/#organization\",\"name\":\"KANSAI HELIOS Kemostik d.o.o\",\"url\":\"https:\/\/www.kemostik.com\/sr\/\",\"logo\":{\"@type\":\"ImageObject\",\"inLanguage\":\"sr-RS\",\"@id\":\"https:\/\/www.kemostik.com\/sr\/#\/schema\/logo\/image\/\",\"url\":\"https:\/\/www.kemostik.com\/wp-content\/uploads\/2024\/10\/kansai-helios-logo-transparent.png\",\"contentUrl\":\"https:\/\/www.kemostik.com\/wp-content\/uploads\/2024\/10\/kansai-helios-logo-transparent.png\",\"width\":240,\"height\":90,\"caption\":\"KANSAI HELIOS Kemostik d.o.o\"},\"image\":{\"@id\":\"https:\/\/www.kemostik.com\/sr\/#\/schema\/logo\/image\/\"}}]}<\/script>\n<!-- \/ Yoast SEO plugin. -->","yoast_head_json":{"title":"Neostik UNIVERSAL SPRAY PROFI - KANSAI HELIOS Kemostik d.o.o","robots":{"index":"index","follow":"follow","max-snippet":"max-snippet:-1","max-image-preview":"max-image-preview:large","max-video-preview":"max-video-preview:-1"},"canonical":"https:\/\/www.kemostik.com\/sr\/neostik\/lepkovi\/univerzalni-lepkovi\/neostik-spray-profi\/","og_locale":"sr_RS","og_type":"article","og_title":"Neostik UNIVERSAL SPRAY PROFI - KANSAI HELIOS Kemostik d.o.o","og_description":"[vc_row][vc_column][vc_row_inner][vc_column_inner width=&#8220;1\/2&#8243;][vc_column_text css=&#8220;&#8220;]Univerzalni kontaktni kau\u010dukov lepak u spreju je namenjen lepljenju \u0161irokog spektra materijala. Me\u0111usobno ili na razli\u010dite podloge mo\u017eete lepiti razli\u010dite materijale. Posebno je efikasan na mestima gde su visoka optere\u0107enja spojeva. Trostepena dizna omogu\u0107uje regulisanje \u0161irine izlaza lepka iz doze i time omogu\u0107uje raznovrsnu potro\u0161nju: niska \/ srednja \/ visoka potro\u0161nja. Posebna dodatna...","og_url":"https:\/\/www.kemostik.com\/sr\/neostik\/lepkovi\/univerzalni-lepkovi\/neostik-spray-profi\/","og_site_name":"KANSAI HELIOS Kemostik d.o.o","article_modified_time":"2025-03-19T21:19:05+00:00","twitter_card":"summary_large_image","twitter_misc":{"\u041f\u0440\u043e\u0446\u0435\u045a\u0435\u043d\u043e \u0432\u0440\u0435\u043c\u0435 \u0447\u0438\u0442\u0430\u045a\u0430":"1 \u043c\u0438\u043d\u0443\u0442"},"schema":{"@context":"https:\/\/schema.org","@graph":[{"@type":"WebPage","@id":"https:\/\/www.kemostik.com\/sr\/neostik\/lepkovi\/univerzalni-lepkovi\/neostik-spray-profi\/","url":"https:\/\/www.kemostik.com\/sr\/neostik\/lepkovi\/univerzalni-lepkovi\/neostik-spray-profi\/","name":"Neostik UNIVERSAL SPRAY PROFI - KANSAI HELIOS Kemostik d.o.o","isPartOf":{"@id":"https:\/\/www.kemostik.com\/sr\/#website"},"datePublished":"2025-01-22T20:35:55+00:00","dateModified":"2025-03-19T21:19:05+00:00","breadcrumb":{"@id":"https:\/\/www.kemostik.com\/sr\/neostik\/lepkovi\/univerzalni-lepkovi\/neostik-spray-profi\/#breadcrumb"},"inLanguage":"sr-RS","potentialAction":[{"@type":"ReadAction","target":["https:\/\/www.kemostik.com\/sr\/neostik\/lepkovi\/univerzalni-lepkovi\/neostik-spray-profi\/"]}]},{"@type":"BreadcrumbList","@id":"https:\/\/www.kemostik.com\/sr\/neostik\/lepkovi\/univerzalni-lepkovi\/neostik-spray-profi\/#breadcrumb","itemListElement":[{"@type":"ListItem","position":1,"name":"Home","item":"https:\/\/www.kemostik.com\/sr\/"},{"@type":"ListItem","position":2,"name":"NEOSTIK","item":"https:\/\/www.kemostik.com\/sr\/neostik\/"},{"@type":"ListItem","position":3,"name":"Lepkovi","item":"https:\/\/www.kemostik.com\/sr\/neostik\/lepila\/"},{"@type":"ListItem","position":4,"name":"Univerzalni lepkovi","item":"https:\/\/www.kemostik.com\/sr\/neostik\/lepkovi\/univerzalni-lepkovi\/"},{"@type":"ListItem","position":5,"name":"Neostik UNIVERSAL SPRAY PROFI"}]},{"@type":"WebSite","@id":"https:\/\/www.kemostik.com\/sr\/#website","url":"https:\/\/www.kemostik.com\/sr\/","name":"KANSAI HELIOS Kemostik d.o.o","description":"","publisher":{"@id":"https:\/\/www.kemostik.com\/sr\/#organization"},"potentialAction":[{"@type":"SearchAction","target":{"@type":"EntryPoint","urlTemplate":"https:\/\/www.kemostik.com\/sr\/?s={search_term_string}"},"query-input":{"@type":"PropertyValueSpecification","valueRequired":true,"valueName":"search_term_string"}}],"inLanguage":"sr-RS"},{"@type":"Organization","@id":"https:\/\/www.kemostik.com\/sr\/#organization","name":"KANSAI HELIOS Kemostik d.o.o","url":"https:\/\/www.kemostik.com\/sr\/","logo":{"@type":"ImageObject","inLanguage":"sr-RS","@id":"https:\/\/www.kemostik.com\/sr\/#\/schema\/logo\/image\/","url":"https:\/\/www.kemostik.com\/wp-content\/uploads\/2024\/10\/kansai-helios-logo-transparent.png","contentUrl":"https:\/\/www.kemostik.com\/wp-content\/uploads\/2024\/10\/kansai-helios-logo-transparent.png","width":240,"height":90,"caption":"KANSAI HELIOS Kemostik d.o.o"},"image":{"@id":"https:\/\/www.kemostik.com\/sr\/#\/schema\/logo\/image\/"}}]}},"_links":{"self":[{"href":"https:\/\/www.kemostik.com\/sr\/wp-json\/wp\/v2\/pages\/1896","targetHints":{"allow":["GET"]}}],"collection":[{"href":"https:\/\/www.kemostik.com\/sr\/wp-json\/wp\/v2\/pages"}],"about":[{"href":"https:\/\/www.kemostik.com\/sr\/wp-json\/wp\/v2\/types\/page"}],"author":[{"embeddable":true,"href":"https:\/\/www.kemostik.com\/sr\/wp-json\/wp\/v2\/users\/1"}],"replies":[{"embeddable":true,"href":"https:\/\/www.kemostik.com\/sr\/wp-json\/wp\/v2\/comments?post=1896"}],"version-history":[{"count":2,"href":"https:\/\/www.kemostik.com\/sr\/wp-json\/wp\/v2\/pages\/1896\/revisions"}],"predecessor-version":[{"id":2373,"href":"https:\/\/www.kemostik.com\/sr\/wp-json\/wp\/v2\/pages\/1896\/revisions\/2373"}],"up":[{"embeddable":true,"href":"https:\/\/www.kemostik.com\/sr\/wp-json\/wp\/v2\/pages\/1884"}],"wp:attachment":[{"href":"https:\/\/www.kemostik.com\/sr\/wp-json\/wp\/v2\/media?parent=1896"}],"curies":[{"name":"wp","href":"https:\/\/api.w.org\/{rel}","templated":true}]}}