{"id":1930,"date":"2024-10-05T23:45:19","date_gmt":"2024-10-05T21:45:19","guid":{"rendered":"https:\/\/www.kemostik.com\/o-nas\/"},"modified":"2025-05-08T12:30:40","modified_gmt":"2025-05-08T10:30:40","slug":"o-nama","status":"publish","type":"page","link":"https:\/\/www.kemostik.com\/sr\/o-nama\/","title":{"rendered":"O nama"},"content":{"rendered":"<div class=\"wpb-content-wrapper\"><p>[vc_row][vc_column][vc_row_inner equal_height=&#8220;yes&#8220; content_placement=&#8220;middle&#8220;][vc_column_inner width=&#8220;1\/2&#8243;][vc_custom_heading text=&#8220;KANSAI HELIOS Kemostik d.o.o&#8220; font_container=&#8220;tag:h5|text_align:left&#8220; use_theme_fonts=&#8220;yes&#8220; css=&#8220;&#8220;][vc_column_text css=&#8220;&#8220;]Tradicija proizvodnje lepkova je duga 6 decenija, kada je nastao danas najpoznatiji lepak Neostik. Nastavak ulaganja u razvoj novih ekolo\u0161kih vrsta lepkova u\u010dinio je da KANSAI HELIOS Kemostik postane va\u017ean igra\u010d na tr\u017ei\u0161tu Centralne i Isto\u010dne Evrope. Pored palete proizvoda naprednih lepkova, kompanija proizvodi i program koji se sastoji od visokokvalitetnih \u0161krobova, pasti za poliranje i bru\u0161enje, te proizvoda iz oblasti primenjene hemije, kao \u0161to su Ferrosan i Cinol.[\/vc_column_text][\/vc_column_inner][vc_column_inner width=&#8220;1\/2&#8243;][vc_single_image image=&#8220;224&#8243; img_size=&#8220;539&#215;346&#8243; alignment=&#8220;center&#8220; css=&#8220;&#8220;][\/vc_column_inner][\/vc_row_inner]\r\n\t\t\t<div class=\"helios_section_distance s\"><\/div>\r\n\r\n\t\t\t[vc_row_inner equal_height=&#8220;yes&#8220; content_placement=&#8220;middle&#8220;][vc_column_inner width=&#8220;1\/2&#8243;][vc_custom_heading text=&#8220;Neostik lepkovi \u2013 od 1960. godine!&#8220; font_container=&#8220;tag:h5|text_align:left&#8220; use_theme_fonts=&#8220;yes&#8220; css=&#8220;&#8220;][vc_column_text css=&#8220;&#8220;]Obimno znanje u razvoju visokokvalitetnih lepkova za profesionalne korisnike predstavlja izvor za razvoj lepkova za \u0161iroku upotrebu i uradi-sam segment. Kontaktni lepak Neostik je pre vi\u0161e od 50 godina postao sinonim za kvalitetan i jak lepak. Kada se ne\u0161to zalepi Neostikom, to \u0107e sigurno ostati zalepljeno.[\/vc_column_text][\/vc_column_inner][vc_column_inner width=&#8220;1\/2&#8243;][vc_single_image image=&#8220;223&#8243; img_size=&#8220;539&#215;346&#8243; alignment=&#8220;center&#8220; css=&#8220;&#8220;][\/vc_column_inner][\/vc_row_inner]\r\n\t\t\t<div class=\"helios_section_distance s\"><\/div>\r\n\r\n\t\t\t[vc_row_inner equal_height=&#8220;yes&#8220; content_placement=&#8220;middle&#8220;][vc_column_inner width=&#8220;1\/2&#8243;][vc_custom_heading text=&#8220;Premazni sistemi&#8220; font_container=&#8220;tag:h5|text_align:left&#8220; use_theme_fonts=&#8220;yes&#8220; css=&#8220;&#8220;][vc_column_text css=&#8220;&#8220;]Na\u0161a lepila i zaptivne mase su deo ponude dobavlja\u010da sistema KANSAI HELIOS. U KANSAI HELIOS-u pru\u017eamo sveobuhvatne industrijske premazne sisteme i sisteme lakova za sve povr\u0161ine i najvi\u0161e standarde najzahtevnijih industrija. Na\u0161 asortiman uklju\u010duje te\u010dne i pra\u0161kaste premaze, e-premaze, gel premaze kao i industrijske zaptivne mase i lepila \u2013 savr\u0161eno je uskla\u0111en u svim va\u017enim karakteristikama premaza.<\/p>\n<p>&nbsp;<\/p>\n<p>Vi\u0161e informacija mo\u017eete prona\u0107i <a href=\"https:\/\/kansai-helios-industry.com\/\">ovde<\/a>.[\/vc_column_text][\/vc_column_inner][vc_column_inner width=&#8220;1\/2&#8243;][vc_single_image image=&#8220;3731&#8243; img_size=&#8220;539&#215;346&#8243; alignment=&#8220;center&#8220; css=&#8220;&#8220;][\/vc_column_inner][\/vc_row_inner]\r\n\t\t\t<div class=\"helios_section_distance s\"><\/div>\r\n\r\n\t\t\t[vc_row_inner equal_height=&#8220;yes&#8220; content_placement=&#8220;middle&#8220;][vc_column_inner][vc_custom_heading text=&#8220;Dio globalne tvrtke proizvo\u0111a\u010da premaza&#8220; font_container=&#8220;tag:h5|text_align:left&#8220; use_theme_fonts=&#8220;yes&#8220; css=&#8220;&#8220;][vc_column_text css=&#8220;&#8220;]KANSAI HELIOS je \u010dlan grupe\u00a0<a href=\"http:\/\/www.kansai.com\/\" target=\"_blank\" rel=\"noopener noreferrer\">KANSAI PAINT<\/a>, jedne od vode\u0107ih proizvo\u0111a\u010da boja i premaza u svetu. Sa proizvodnjom, distribucijom i prodajnim aktivnostima slu\u017eimo globalnu bazu klijenata \u0161irom sveta.\u00a0<strong>Pouzdanost, rast i razvoj<\/strong> su najva\u017enije vrednosti, koje pokre\u0107u na\u0161 svakodnevni posao, poma\u017eu\u0107i nam da kreiramo nove proizvode i usluge koji zadovoljavaju potrebe na\u0161ih klijenata.[\/vc_column_text][\/vc_column_inner][\/vc_row_inner]\r\n\t\t\t<div class=\"helios_section_distance s\"><\/div>\r\n\r\n\t\t\t[\/vc_column][\/vc_row][vc_row][vc_column][vc_video link=&#8220;https:\/\/www.youtube.com\/watch?v=Mk2j_f3tSZU&#8220; align=&#8220;center&#8220; css=&#8220;&#8220;]\r\n\t\t\t<div class=\"helios_section_distance s\"><\/div>\r\n\r\n\t\t\t[\/vc_column][\/vc_row]<\/p>\n<\/div>","protected":false},"excerpt":{"rendered":"<p>[vc_row][vc_column][vc_row_inner equal_height=&#8220;yes&#8220; content_placement=&#8220;middle&#8220;][vc_column_inner width=&#8220;1\/2&#8243;][vc_custom_heading text=&#8220;KANSAI HELIOS Kemostik d.o.o&#8220; font_container=&#8220;tag:h5|text_align:left&#8220; use_theme_fonts=&#8220;yes&#8220; css=&#8220;&#8220;][vc_column_text css=&#8220;&#8220;]Tradicija proizvodnje lepkova je duga 6 decenija, kada je nastao danas najpoznatiji lepak Neostik. Nastavak ulaganja u razvoj novih ekolo\u0161kih vrsta lepkova u\u010dinio je da KANSAI HELIOS Kemostik postane va\u017ean igra\u010d na tr\u017ei\u0161tu Centralne i Isto\u010dne Evrope. Pored palete proizvoda naprednih lepkova, kompanija proizvodi&#8230;<\/p>\n","protected":false},"author":1,"featured_media":0,"parent":0,"menu_order":0,"comment_status":"closed","ping_status":"closed","template":"","meta":{"footnotes":""},"class_list":["post-1930","page","type-page","status-publish","hentry"],"yoast_head":"<!-- This site is optimized with the Yoast SEO plugin v27.2 - https:\/\/yoast.com\/product\/yoast-seo-wordpress\/ -->\n<title>O nama - KANSAI HELIOS Kemostik d.o.o<\/title>\n<meta name=\"robots\" content=\"index, follow, max-snippet:-1, max-image-preview:large, max-video-preview:-1\" \/>\n<link rel=\"canonical\" href=\"https:\/\/www.kemostik.com\/sr\/o-nama\/\" \/>\n<meta property=\"og:locale\" content=\"sr_RS\" \/>\n<meta property=\"og:type\" content=\"article\" \/>\n<meta property=\"og:title\" content=\"O nama - KANSAI HELIOS Kemostik d.o.o\" \/>\n<meta property=\"og:description\" content=\"[vc_row][vc_column][vc_row_inner equal_height=&#8220;yes&#8220; content_placement=&#8220;middle&#8220;][vc_column_inner width=&#8220;1\/2&#8243;][vc_custom_heading text=&#8220;KANSAI HELIOS Kemostik d.o.o&#8220; font_container=&#8220;tag:h5|text_align:left&#8220; use_theme_fonts=&#8220;yes&#8220; css=&#8220;&#8220;][vc_column_text css=&#8220;&#8220;]Tradicija proizvodnje lepkova je duga 6 decenija, kada je nastao danas najpoznatiji lepak Neostik. Nastavak ulaganja u razvoj novih ekolo\u0161kih vrsta lepkova u\u010dinio je da KANSAI HELIOS Kemostik postane va\u017ean igra\u010d na tr\u017ei\u0161tu Centralne i Isto\u010dne Evrope. Pored palete proizvoda naprednih lepkova, kompanija proizvodi...\" \/>\n<meta property=\"og:url\" content=\"https:\/\/www.kemostik.com\/sr\/o-nama\/\" \/>\n<meta property=\"og:site_name\" content=\"KANSAI HELIOS Kemostik d.o.o\" \/>\n<meta property=\"article:modified_time\" content=\"2025-05-08T10:30:40+00:00\" \/>\n<meta name=\"twitter:card\" content=\"summary_large_image\" \/>\n<meta name=\"twitter:label1\" content=\"\u041f\u0440\u043e\u0446\u0435\u045a\u0435\u043d\u043e \u0432\u0440\u0435\u043c\u0435 \u0447\u0438\u0442\u0430\u045a\u0430\" \/>\n\t<meta name=\"twitter:data1\" content=\"3 \u043c\u0438\u043d\u0443\u0442\u0430\" \/>\n<script type=\"application\/ld+json\" class=\"yoast-schema-graph\">{\"@context\":\"https:\/\/schema.org\",\"@graph\":[{\"@type\":\"WebPage\",\"@id\":\"https:\/\/www.kemostik.com\/sr\/o-nama\/\",\"url\":\"https:\/\/www.kemostik.com\/sr\/o-nama\/\",\"name\":\"O nama - KANSAI HELIOS Kemostik d.o.o\",\"isPartOf\":{\"@id\":\"https:\/\/www.kemostik.com\/sr\/#website\"},\"datePublished\":\"2024-10-05T21:45:19+00:00\",\"dateModified\":\"2025-05-08T10:30:40+00:00\",\"breadcrumb\":{\"@id\":\"https:\/\/www.kemostik.com\/sr\/o-nama\/#breadcrumb\"},\"inLanguage\":\"sr-RS\",\"potentialAction\":[{\"@type\":\"ReadAction\",\"target\":[\"https:\/\/www.kemostik.com\/sr\/o-nama\/\"]}]},{\"@type\":\"BreadcrumbList\",\"@id\":\"https:\/\/www.kemostik.com\/sr\/o-nama\/#breadcrumb\",\"itemListElement\":[{\"@type\":\"ListItem\",\"position\":1,\"name\":\"Home\",\"item\":\"https:\/\/www.kemostik.com\/sr\/\"},{\"@type\":\"ListItem\",\"position\":2,\"name\":\"O nama\"}]},{\"@type\":\"WebSite\",\"@id\":\"https:\/\/www.kemostik.com\/sr\/#website\",\"url\":\"https:\/\/www.kemostik.com\/sr\/\",\"name\":\"KANSAI HELIOS Kemostik d.o.o\",\"description\":\"\",\"publisher\":{\"@id\":\"https:\/\/www.kemostik.com\/sr\/#organization\"},\"potentialAction\":[{\"@type\":\"SearchAction\",\"target\":{\"@type\":\"EntryPoint\",\"urlTemplate\":\"https:\/\/www.kemostik.com\/sr\/?s={search_term_string}\"},\"query-input\":{\"@type\":\"PropertyValueSpecification\",\"valueRequired\":true,\"valueName\":\"search_term_string\"}}],\"inLanguage\":\"sr-RS\"},{\"@type\":\"Organization\",\"@id\":\"https:\/\/www.kemostik.com\/sr\/#organization\",\"name\":\"KANSAI HELIOS Kemostik d.o.o\",\"url\":\"https:\/\/www.kemostik.com\/sr\/\",\"logo\":{\"@type\":\"ImageObject\",\"inLanguage\":\"sr-RS\",\"@id\":\"https:\/\/www.kemostik.com\/sr\/#\/schema\/logo\/image\/\",\"url\":\"https:\/\/www.kemostik.com\/wp-content\/uploads\/2024\/10\/kansai-helios-logo-transparent.png\",\"contentUrl\":\"https:\/\/www.kemostik.com\/wp-content\/uploads\/2024\/10\/kansai-helios-logo-transparent.png\",\"width\":240,\"height\":90,\"caption\":\"KANSAI HELIOS Kemostik d.o.o\"},\"image\":{\"@id\":\"https:\/\/www.kemostik.com\/sr\/#\/schema\/logo\/image\/\"}}]}<\/script>\n<!-- \/ Yoast SEO plugin. -->","yoast_head_json":{"title":"O nama - KANSAI HELIOS Kemostik d.o.o","robots":{"index":"index","follow":"follow","max-snippet":"max-snippet:-1","max-image-preview":"max-image-preview:large","max-video-preview":"max-video-preview:-1"},"canonical":"https:\/\/www.kemostik.com\/sr\/o-nama\/","og_locale":"sr_RS","og_type":"article","og_title":"O nama - KANSAI HELIOS Kemostik d.o.o","og_description":"[vc_row][vc_column][vc_row_inner equal_height=&#8220;yes&#8220; content_placement=&#8220;middle&#8220;][vc_column_inner width=&#8220;1\/2&#8243;][vc_custom_heading text=&#8220;KANSAI HELIOS Kemostik d.o.o&#8220; font_container=&#8220;tag:h5|text_align:left&#8220; use_theme_fonts=&#8220;yes&#8220; css=&#8220;&#8220;][vc_column_text css=&#8220;&#8220;]Tradicija proizvodnje lepkova je duga 6 decenija, kada je nastao danas najpoznatiji lepak Neostik. Nastavak ulaganja u razvoj novih ekolo\u0161kih vrsta lepkova u\u010dinio je da KANSAI HELIOS Kemostik postane va\u017ean igra\u010d na tr\u017ei\u0161tu Centralne i Isto\u010dne Evrope. Pored palete proizvoda naprednih lepkova, kompanija proizvodi...","og_url":"https:\/\/www.kemostik.com\/sr\/o-nama\/","og_site_name":"KANSAI HELIOS Kemostik d.o.o","article_modified_time":"2025-05-08T10:30:40+00:00","twitter_card":"summary_large_image","twitter_misc":{"\u041f\u0440\u043e\u0446\u0435\u045a\u0435\u043d\u043e \u0432\u0440\u0435\u043c\u0435 \u0447\u0438\u0442\u0430\u045a\u0430":"3 \u043c\u0438\u043d\u0443\u0442\u0430"},"schema":{"@context":"https:\/\/schema.org","@graph":[{"@type":"WebPage","@id":"https:\/\/www.kemostik.com\/sr\/o-nama\/","url":"https:\/\/www.kemostik.com\/sr\/o-nama\/","name":"O nama - KANSAI HELIOS Kemostik d.o.o","isPartOf":{"@id":"https:\/\/www.kemostik.com\/sr\/#website"},"datePublished":"2024-10-05T21:45:19+00:00","dateModified":"2025-05-08T10:30:40+00:00","breadcrumb":{"@id":"https:\/\/www.kemostik.com\/sr\/o-nama\/#breadcrumb"},"inLanguage":"sr-RS","potentialAction":[{"@type":"ReadAction","target":["https:\/\/www.kemostik.com\/sr\/o-nama\/"]}]},{"@type":"BreadcrumbList","@id":"https:\/\/www.kemostik.com\/sr\/o-nama\/#breadcrumb","itemListElement":[{"@type":"ListItem","position":1,"name":"Home","item":"https:\/\/www.kemostik.com\/sr\/"},{"@type":"ListItem","position":2,"name":"O nama"}]},{"@type":"WebSite","@id":"https:\/\/www.kemostik.com\/sr\/#website","url":"https:\/\/www.kemostik.com\/sr\/","name":"KANSAI HELIOS Kemostik d.o.o","description":"","publisher":{"@id":"https:\/\/www.kemostik.com\/sr\/#organization"},"potentialAction":[{"@type":"SearchAction","target":{"@type":"EntryPoint","urlTemplate":"https:\/\/www.kemostik.com\/sr\/?s={search_term_string}"},"query-input":{"@type":"PropertyValueSpecification","valueRequired":true,"valueName":"search_term_string"}}],"inLanguage":"sr-RS"},{"@type":"Organization","@id":"https:\/\/www.kemostik.com\/sr\/#organization","name":"KANSAI HELIOS Kemostik d.o.o","url":"https:\/\/www.kemostik.com\/sr\/","logo":{"@type":"ImageObject","inLanguage":"sr-RS","@id":"https:\/\/www.kemostik.com\/sr\/#\/schema\/logo\/image\/","url":"https:\/\/www.kemostik.com\/wp-content\/uploads\/2024\/10\/kansai-helios-logo-transparent.png","contentUrl":"https:\/\/www.kemostik.com\/wp-content\/uploads\/2024\/10\/kansai-helios-logo-transparent.png","width":240,"height":90,"caption":"KANSAI HELIOS Kemostik d.o.o"},"image":{"@id":"https:\/\/www.kemostik.com\/sr\/#\/schema\/logo\/image\/"}}]}},"_links":{"self":[{"href":"https:\/\/www.kemostik.com\/sr\/wp-json\/wp\/v2\/pages\/1930","targetHints":{"allow":["GET"]}}],"collection":[{"href":"https:\/\/www.kemostik.com\/sr\/wp-json\/wp\/v2\/pages"}],"about":[{"href":"https:\/\/www.kemostik.com\/sr\/wp-json\/wp\/v2\/types\/page"}],"author":[{"embeddable":true,"href":"https:\/\/www.kemostik.com\/sr\/wp-json\/wp\/v2\/users\/1"}],"replies":[{"embeddable":true,"href":"https:\/\/www.kemostik.com\/sr\/wp-json\/wp\/v2\/comments?post=1930"}],"version-history":[{"count":9,"href":"https:\/\/www.kemostik.com\/sr\/wp-json\/wp\/v2\/pages\/1930\/revisions"}],"predecessor-version":[{"id":3747,"href":"https:\/\/www.kemostik.com\/sr\/wp-json\/wp\/v2\/pages\/1930\/revisions\/3747"}],"wp:attachment":[{"href":"https:\/\/www.kemostik.com\/sr\/wp-json\/wp\/v2\/media?parent=1930"}],"curies":[{"name":"wp","href":"https:\/\/api.w.org\/{rel}","templated":true}]}}