{"id":1946,"date":"2024-12-12T23:54:31","date_gmt":"2024-12-12T22:54:31","guid":{"rendered":"https:\/\/www.kemostik.com\/lepila-za-toaletno-industrijo\/"},"modified":"2025-03-19T19:23:07","modified_gmt":"2025-03-19T18:23:07","slug":"lepkovi-za-toaletnu-industriju","status":"publish","type":"page","link":"https:\/\/www.kemostik.com\/sr\/proizvodi\/lepkovi\/lepkovi-za-toaletnu-industriju\/","title":{"rendered":"Lepkovi za toaletnu industriju"},"content":{"rendered":"<div class=\"wpb-content-wrapper\"><p>[vc_row][vc_column][vc_row_inner][vc_column_inner][vc_column_text css=&#8220;&#8220;]PLASTIKOL\u00a0lepkovi su lepkovi na vodenoj bazi dok je\u00a0DEVAKOL\u00a0na skrobnoj bazi. Postoji \u0161irok spektar lepkova koji omogu\u0107avaju lepljenje u svim fazama proizvodnje toalet papira i<br \/>\nprilago\u0111eni su za upotrebu na razli\u010ditim ma\u0161inama i pri razli\u010ditim brzinama proizvodnih linija.[\/vc_column_text][\/vc_column_inner][\/vc_row_inner]\r\n\t\t\t<div class=\"helios_section_distance s\"><\/div>\r\n\r\n\t\t\t[\/vc_column][\/vc_row]<\/p>\n<\/div>","protected":false},"excerpt":{"rendered":"<p>[vc_row][vc_column][vc_row_inner][vc_column_inner][vc_column_text css=&#8220;&#8220;]PLASTIKOL\u00a0lepkovi su lepkovi na vodenoj bazi dok je\u00a0DEVAKOL\u00a0na skrobnoj bazi. Postoji \u0161irok spektar lepkova koji omogu\u0107avaju lepljenje u svim fazama proizvodnje toalet papira i prilago\u0111eni su za upotrebu na razli\u010ditim ma\u0161inama i pri razli\u010ditim brzinama proizvodnih linija.[\/vc_column_text][\/vc_column_inner][\/vc_row_inner][\/vc_column][\/vc_row]<\/p>\n","protected":false},"author":1,"featured_media":0,"parent":1986,"menu_order":0,"comment_status":"closed","ping_status":"closed","template":"","meta":{"footnotes":""},"class_list":["post-1946","page","type-page","status-publish","hentry"],"yoast_head":"<!-- This site is optimized with the Yoast SEO plugin v27.2 - https:\/\/yoast.com\/product\/yoast-seo-wordpress\/ -->\n<title>Lepkovi za toaletnu industriju - KANSAI HELIOS Kemostik d.o.o<\/title>\n<meta name=\"robots\" content=\"index, follow, max-snippet:-1, max-image-preview:large, max-video-preview:-1\" \/>\n<link rel=\"canonical\" href=\"https:\/\/www.kemostik.com\/sr\/proizvodi\/lepkovi\/lepkovi-za-toaletnu-industriju\/\" \/>\n<meta property=\"og:locale\" content=\"sr_RS\" \/>\n<meta property=\"og:type\" content=\"article\" \/>\n<meta property=\"og:title\" content=\"Lepkovi za toaletnu industriju - KANSAI HELIOS Kemostik d.o.o\" \/>\n<meta property=\"og:description\" content=\"[vc_row][vc_column][vc_row_inner][vc_column_inner][vc_column_text css=&#8220;&#8220;]PLASTIKOL\u00a0lepkovi su lepkovi na vodenoj bazi dok je\u00a0DEVAKOL\u00a0na skrobnoj bazi. Postoji \u0161irok spektar lepkova koji omogu\u0107avaju lepljenje u svim fazama proizvodnje toalet papira i prilago\u0111eni su za upotrebu na razli\u010ditim ma\u0161inama i pri razli\u010ditim brzinama proizvodnih linija.[\/vc_column_text][\/vc_column_inner][\/vc_row_inner][\/vc_column][\/vc_row]\" \/>\n<meta property=\"og:url\" content=\"https:\/\/www.kemostik.com\/sr\/proizvodi\/lepkovi\/lepkovi-za-toaletnu-industriju\/\" \/>\n<meta property=\"og:site_name\" content=\"KANSAI HELIOS Kemostik d.o.o\" \/>\n<meta property=\"article:modified_time\" content=\"2025-03-19T18:23:07+00:00\" \/>\n<meta name=\"twitter:card\" content=\"summary_large_image\" \/>\n<script type=\"application\/ld+json\" class=\"yoast-schema-graph\">{\"@context\":\"https:\/\/schema.org\",\"@graph\":[{\"@type\":\"WebPage\",\"@id\":\"https:\/\/www.kemostik.com\/sr\/proizvodi\/lepkovi\/lepkovi-za-toaletnu-industriju\/\",\"url\":\"https:\/\/www.kemostik.com\/sr\/proizvodi\/lepkovi\/lepkovi-za-toaletnu-industriju\/\",\"name\":\"Lepkovi za toaletnu industriju - KANSAI HELIOS Kemostik d.o.o\",\"isPartOf\":{\"@id\":\"https:\/\/www.kemostik.com\/sr\/#website\"},\"datePublished\":\"2024-12-12T22:54:31+00:00\",\"dateModified\":\"2025-03-19T18:23:07+00:00\",\"breadcrumb\":{\"@id\":\"https:\/\/www.kemostik.com\/sr\/proizvodi\/lepkovi\/lepkovi-za-toaletnu-industriju\/#breadcrumb\"},\"inLanguage\":\"sr-RS\",\"potentialAction\":[{\"@type\":\"ReadAction\",\"target\":[\"https:\/\/www.kemostik.com\/sr\/proizvodi\/lepkovi\/lepkovi-za-toaletnu-industriju\/\"]}]},{\"@type\":\"BreadcrumbList\",\"@id\":\"https:\/\/www.kemostik.com\/sr\/proizvodi\/lepkovi\/lepkovi-za-toaletnu-industriju\/#breadcrumb\",\"itemListElement\":[{\"@type\":\"ListItem\",\"position\":1,\"name\":\"Home\",\"item\":\"https:\/\/www.kemostik.com\/sr\/\"},{\"@type\":\"ListItem\",\"position\":2,\"name\":\"Proizvodi\",\"item\":\"https:\/\/www.kemostik.com\/sr\/izdelki\/\"},{\"@type\":\"ListItem\",\"position\":3,\"name\":\"Lepkovi\",\"item\":\"https:\/\/www.kemostik.com\/sr\/izdelki\/lepila\/\"},{\"@type\":\"ListItem\",\"position\":4,\"name\":\"Lepkovi za toaletnu industriju\"}]},{\"@type\":\"WebSite\",\"@id\":\"https:\/\/www.kemostik.com\/sr\/#website\",\"url\":\"https:\/\/www.kemostik.com\/sr\/\",\"name\":\"KANSAI HELIOS Kemostik d.o.o\",\"description\":\"\",\"publisher\":{\"@id\":\"https:\/\/www.kemostik.com\/sr\/#organization\"},\"potentialAction\":[{\"@type\":\"SearchAction\",\"target\":{\"@type\":\"EntryPoint\",\"urlTemplate\":\"https:\/\/www.kemostik.com\/sr\/?s={search_term_string}\"},\"query-input\":{\"@type\":\"PropertyValueSpecification\",\"valueRequired\":true,\"valueName\":\"search_term_string\"}}],\"inLanguage\":\"sr-RS\"},{\"@type\":\"Organization\",\"@id\":\"https:\/\/www.kemostik.com\/sr\/#organization\",\"name\":\"KANSAI HELIOS Kemostik d.o.o\",\"url\":\"https:\/\/www.kemostik.com\/sr\/\",\"logo\":{\"@type\":\"ImageObject\",\"inLanguage\":\"sr-RS\",\"@id\":\"https:\/\/www.kemostik.com\/sr\/#\/schema\/logo\/image\/\",\"url\":\"https:\/\/www.kemostik.com\/wp-content\/uploads\/2024\/10\/kansai-helios-logo-transparent.png\",\"contentUrl\":\"https:\/\/www.kemostik.com\/wp-content\/uploads\/2024\/10\/kansai-helios-logo-transparent.png\",\"width\":240,\"height\":90,\"caption\":\"KANSAI HELIOS Kemostik d.o.o\"},\"image\":{\"@id\":\"https:\/\/www.kemostik.com\/sr\/#\/schema\/logo\/image\/\"}}]}<\/script>\n<!-- \/ Yoast SEO plugin. -->","yoast_head_json":{"title":"Lepkovi za toaletnu industriju - KANSAI HELIOS Kemostik d.o.o","robots":{"index":"index","follow":"follow","max-snippet":"max-snippet:-1","max-image-preview":"max-image-preview:large","max-video-preview":"max-video-preview:-1"},"canonical":"https:\/\/www.kemostik.com\/sr\/proizvodi\/lepkovi\/lepkovi-za-toaletnu-industriju\/","og_locale":"sr_RS","og_type":"article","og_title":"Lepkovi za toaletnu industriju - KANSAI HELIOS Kemostik d.o.o","og_description":"[vc_row][vc_column][vc_row_inner][vc_column_inner][vc_column_text css=&#8220;&#8220;]PLASTIKOL\u00a0lepkovi su lepkovi na vodenoj bazi dok je\u00a0DEVAKOL\u00a0na skrobnoj bazi. Postoji \u0161irok spektar lepkova koji omogu\u0107avaju lepljenje u svim fazama proizvodnje toalet papira i prilago\u0111eni su za upotrebu na razli\u010ditim ma\u0161inama i pri razli\u010ditim brzinama proizvodnih linija.[\/vc_column_text][\/vc_column_inner][\/vc_row_inner][\/vc_column][\/vc_row]","og_url":"https:\/\/www.kemostik.com\/sr\/proizvodi\/lepkovi\/lepkovi-za-toaletnu-industriju\/","og_site_name":"KANSAI HELIOS Kemostik d.o.o","article_modified_time":"2025-03-19T18:23:07+00:00","twitter_card":"summary_large_image","schema":{"@context":"https:\/\/schema.org","@graph":[{"@type":"WebPage","@id":"https:\/\/www.kemostik.com\/sr\/proizvodi\/lepkovi\/lepkovi-za-toaletnu-industriju\/","url":"https:\/\/www.kemostik.com\/sr\/proizvodi\/lepkovi\/lepkovi-za-toaletnu-industriju\/","name":"Lepkovi za toaletnu industriju - KANSAI HELIOS Kemostik d.o.o","isPartOf":{"@id":"https:\/\/www.kemostik.com\/sr\/#website"},"datePublished":"2024-12-12T22:54:31+00:00","dateModified":"2025-03-19T18:23:07+00:00","breadcrumb":{"@id":"https:\/\/www.kemostik.com\/sr\/proizvodi\/lepkovi\/lepkovi-za-toaletnu-industriju\/#breadcrumb"},"inLanguage":"sr-RS","potentialAction":[{"@type":"ReadAction","target":["https:\/\/www.kemostik.com\/sr\/proizvodi\/lepkovi\/lepkovi-za-toaletnu-industriju\/"]}]},{"@type":"BreadcrumbList","@id":"https:\/\/www.kemostik.com\/sr\/proizvodi\/lepkovi\/lepkovi-za-toaletnu-industriju\/#breadcrumb","itemListElement":[{"@type":"ListItem","position":1,"name":"Home","item":"https:\/\/www.kemostik.com\/sr\/"},{"@type":"ListItem","position":2,"name":"Proizvodi","item":"https:\/\/www.kemostik.com\/sr\/izdelki\/"},{"@type":"ListItem","position":3,"name":"Lepkovi","item":"https:\/\/www.kemostik.com\/sr\/izdelki\/lepila\/"},{"@type":"ListItem","position":4,"name":"Lepkovi za toaletnu industriju"}]},{"@type":"WebSite","@id":"https:\/\/www.kemostik.com\/sr\/#website","url":"https:\/\/www.kemostik.com\/sr\/","name":"KANSAI HELIOS Kemostik d.o.o","description":"","publisher":{"@id":"https:\/\/www.kemostik.com\/sr\/#organization"},"potentialAction":[{"@type":"SearchAction","target":{"@type":"EntryPoint","urlTemplate":"https:\/\/www.kemostik.com\/sr\/?s={search_term_string}"},"query-input":{"@type":"PropertyValueSpecification","valueRequired":true,"valueName":"search_term_string"}}],"inLanguage":"sr-RS"},{"@type":"Organization","@id":"https:\/\/www.kemostik.com\/sr\/#organization","name":"KANSAI HELIOS Kemostik d.o.o","url":"https:\/\/www.kemostik.com\/sr\/","logo":{"@type":"ImageObject","inLanguage":"sr-RS","@id":"https:\/\/www.kemostik.com\/sr\/#\/schema\/logo\/image\/","url":"https:\/\/www.kemostik.com\/wp-content\/uploads\/2024\/10\/kansai-helios-logo-transparent.png","contentUrl":"https:\/\/www.kemostik.com\/wp-content\/uploads\/2024\/10\/kansai-helios-logo-transparent.png","width":240,"height":90,"caption":"KANSAI HELIOS Kemostik d.o.o"},"image":{"@id":"https:\/\/www.kemostik.com\/sr\/#\/schema\/logo\/image\/"}}]}},"_links":{"self":[{"href":"https:\/\/www.kemostik.com\/sr\/wp-json\/wp\/v2\/pages\/1946","targetHints":{"allow":["GET"]}}],"collection":[{"href":"https:\/\/www.kemostik.com\/sr\/wp-json\/wp\/v2\/pages"}],"about":[{"href":"https:\/\/www.kemostik.com\/sr\/wp-json\/wp\/v2\/types\/page"}],"author":[{"embeddable":true,"href":"https:\/\/www.kemostik.com\/sr\/wp-json\/wp\/v2\/users\/1"}],"replies":[{"embeddable":true,"href":"https:\/\/www.kemostik.com\/sr\/wp-json\/wp\/v2\/comments?post=1946"}],"version-history":[{"count":2,"href":"https:\/\/www.kemostik.com\/sr\/wp-json\/wp\/v2\/pages\/1946\/revisions"}],"predecessor-version":[{"id":2301,"href":"https:\/\/www.kemostik.com\/sr\/wp-json\/wp\/v2\/pages\/1946\/revisions\/2301"}],"up":[{"embeddable":true,"href":"https:\/\/www.kemostik.com\/sr\/wp-json\/wp\/v2\/pages\/1986"}],"wp:attachment":[{"href":"https:\/\/www.kemostik.com\/sr\/wp-json\/wp\/v2\/media?parent=1946"}],"curies":[{"name":"wp","href":"https:\/\/api.w.org\/{rel}","templated":true}]}}