{"id":1970,"date":"2024-10-05T23:45:19","date_gmt":"2024-10-05T21:45:19","guid":{"rendered":"https:\/\/www.kemostik.com\/lepila-za-lesno-in-pohistveno-industrijo\/"},"modified":"2025-03-19T18:54:53","modified_gmt":"2025-03-19T17:54:53","slug":"lepkovi-za-drvo-i-namestaj","status":"publish","type":"page","link":"https:\/\/www.kemostik.com\/sr\/proizvodi\/lepkovi\/lepkovi-za-drvo-i-namestaj\/","title":{"rendered":"Lepkovi za drvo i name\u0161taj"},"content":{"rendered":"<div class=\"wpb-content-wrapper\"><p>[vc_row][vc_column][vc_row_inner][vc_column_inner width=&#8220;1\/2&#8243;][vc_custom_heading text=&#8220;LIGNOFIX disperzioni lepkovi&#8220; font_container=&#8220;tag:h5|text_align:left&#8220; use_theme_fonts=&#8220;yes&#8220; css=&#8220;&#8220;][vc_column_text css=&#8220;&#8220;]Svi\u00a0<strong>LIGNOFIX<\/strong>\u00a0disperzioni lepkovi za drvo zadovoljavaju D2, D3 ili D4 standarde DIN EN 204 i DIN EN 14257 (WATT 91). Odabir vrste lepka zavisi od slo\u017eenosti proizvoda koji se lepi, od tehnologije lepljenja i od vrsta drveta. Profesionalni korisnici vrlo \u010desto odlu\u010de da koriste lepak D3 standarda (Lignofix VO TIP-3\u00a0ili\u00a0Lignofix D3), jer se ovaj lepak mo\u017ee koristiti za \u0161irinsko i du\u017einsko spajanje drveta kao i za monta\u017eno lepljenje drveta.<\/p>\n<div id=\"gtx-trans\" style=\"position: absolute; left: 100px; top: 38px;\">\n<div class=\"gtx-trans-icon\"><\/div>\n<\/div>\n<p>[\/vc_column_text][vc_column_text css=&#8220;&#8220;]<\/p>\n<ul>\n<li>Za proizvodnju stolarije se preporu\u010duje upotreba jednokomponentnog ili dvokomponentnog lepka D4<br \/>\n(<strong>Lignofix VO TIP-4<\/strong>\u00a0ili\u00a0<strong>Lignofix D4 \/ 1K<\/strong>)<\/li>\n<li>Za lepljenje u visokofrekventnim presama, preporu\u010duje se upotreba lepka\u00a0<strong>Lignofix VF<\/strong><\/li>\n<\/ul>\n<p>[\/vc_column_text][\/vc_column_inner][vc_column_inner width=&#8220;1\/2&#8243;][vc_single_image image=&#8220;832&#8243; img_size=&#8220;300&#215;200&#8243; css=&#8220;&#8220;][\/vc_column_inner][\/vc_row_inner]\r\n\t\t\t<div class=\"helios_section_distance xs\"><\/div>\r\n\r\n\t\t\t[vc_row_inner][vc_column_inner width=&#8220;1\/2&#8243;][vc_custom_heading text=&#8220;1K UREA \u2013 formaldehidni lepak LIGNOFIX UF&#8220; font_container=&#8220;tag:h5|text_align:left&#8220; use_theme_fonts=&#8220;yes&#8220; css=&#8220;&#8220;][vc_column_text css=&#8220;&#8220;]Lepak\u00a0<strong>Lignofix UF<\/strong>\u00a0se koristi za furniranje i vezivanje vi\u0161e slojeva kod svih tipova plo\u010da. Sadr\u017ei manje od 0,75 ppm formaldehida, te stoga ispunjava E1 standarde.<\/p>\n<div id=\"gtx-trans\" style=\"position: absolute; left: 124px; top: -10px;\">\n<div class=\"gtx-trans-icon\"><\/div>\n<\/div>\n<p>[\/vc_column_text][\/vc_column_inner][vc_column_inner width=&#8220;1\/2&#8243;][vc_single_image image=&#8220;269&#8243; img_size=&#8220;600&#215;400&#8243; css=&#8220;&#8220;][\/vc_column_inner][\/vc_row_inner]\r\n\t\t\t<div class=\"helios_section_distance xs\"><\/div>\r\n\r\n\t\t\t[vc_row_inner][vc_column_inner][vc_custom_heading text=&#8220;HELIOMELT termo taljivi lepkovi za name\u0161taj&#8220; font_container=&#8220;tag:h5|text_align:left&#8220; use_theme_fonts=&#8220;yes&#8220; css=&#8220;&#8220;][vc_column_text css=&#8220;&#8220;]<strong>HELIOMELT<\/strong>\u00a0termo taljivi lepkovi za name\u0161taj su posebno koncipirani za kantovanje, soft-forming i oblaganje profila. Postoje tipovi lepkova sa i bez punila, kao i tipovi za proizvodne linije razli\u010ditih brzina.<\/p>\n<div id=\"gtx-trans\" style=\"position: absolute; left: -14px; top: -10px;\">\n<div class=\"gtx-trans-icon\"><\/div>\n<\/div>\n<p>[\/vc_column_text][\/vc_column_inner][\/vc_row_inner]\r\n\t\t\t<div class=\"helios_section_distance xs\"><\/div>\r\n\r\n\t\t\t[vc_row_inner][vc_column_inner][vc_custom_heading text=&#8220;HELIOTAK&#8220; font_container=&#8220;tag:h5|text_align:left&#8220; use_theme_fonts=&#8220;yes&#8220; css=&#8220;&#8220;][vc_column_text css=&#8220;&#8220;]<strong>HELIOTAK<\/strong>\u00a0lepkovi za membranske i vakuum prese napravljeni su za oblaganje povr\u0161ina termoplasti\u010dnim folijama u industriji name\u0161taja.<\/p>\n<div id=\"gtx-trans\" style=\"position: absolute; left: -8px; top: -10px;\">\n<div class=\"gtx-trans-icon\"><\/div>\n<\/div>\n<p>[\/vc_column_text][\/vc_column_inner][\/vc_row_inner]\r\n\t\t\t<div class=\"helios_section_distance xs\"><\/div>\r\n\r\n\t\t\t[vc_row_inner][vc_column_inner][vc_custom_heading text=&#8220;NEOSTIK PUR&#8220; font_container=&#8220;tag:h5|text_align:left&#8220; use_theme_fonts=&#8220;yes&#8220; css=&#8220;&#8220;][vc_column_text css=&#8220;&#8220;]<strong>NEOSTIK PUR<\/strong>\u00a0su jednokomponentni reaktivni poliuretanski lepkovi pogodni za strukturalno spajanje razli\u010ditih materijala i naro\u010dito za lepljenje izolacije u panelima. Postoje razli\u010diti tipovi lepkova, koji se razlikuju po otvorenom vremenu u razponu od<br \/>\n5 do 60 minuta.<\/p>\n<div id=\"gtx-trans\" style=\"position: absolute; left: -35px; top: -10px;\">\n<div class=\"gtx-trans-icon\"><\/div>\n<\/div>\n<p>[\/vc_column_text][\/vc_column_inner][\/vc_row_inner]\r\n\t\t\t<div class=\"helios_section_distance s\"><\/div>\r\n\r\n\t\t\t[\/vc_column][\/vc_row]<\/p>\n<\/div>","protected":false},"excerpt":{"rendered":"<p>[vc_row][vc_column][vc_row_inner][vc_column_inner width=&#8220;1\/2&#8243;][vc_custom_heading text=&#8220;LIGNOFIX disperzioni lepkovi&#8220; font_container=&#8220;tag:h5|text_align:left&#8220; use_theme_fonts=&#8220;yes&#8220; css=&#8220;&#8220;][vc_column_text css=&#8220;&#8220;]Svi\u00a0LIGNOFIX\u00a0disperzioni lepkovi za drvo zadovoljavaju D2, D3 ili D4 standarde DIN EN 204 i DIN EN 14257 (WATT 91). Odabir vrste lepka zavisi od slo\u017eenosti proizvoda koji se lepi, od tehnologije lepljenja i od vrsta drveta. Profesionalni korisnici vrlo \u010desto odlu\u010de da koriste lepak D3 standarda (Lignofix&#8230;<\/p>\n","protected":false},"author":1,"featured_media":0,"parent":1986,"menu_order":0,"comment_status":"closed","ping_status":"closed","template":"","meta":{"footnotes":""},"class_list":["post-1970","page","type-page","status-publish","hentry"],"yoast_head":"<!-- This site is optimized with the Yoast SEO plugin v27.2 - https:\/\/yoast.com\/product\/yoast-seo-wordpress\/ -->\n<title>Lepkovi za drvo i name\u0161taj - KANSAI HELIOS Kemostik d.o.o<\/title>\n<meta name=\"robots\" content=\"index, follow, max-snippet:-1, max-image-preview:large, max-video-preview:-1\" \/>\n<link rel=\"canonical\" href=\"https:\/\/www.kemostik.com\/sr\/proizvodi\/lepkovi\/lepkovi-za-drvo-i-namestaj\/\" \/>\n<meta property=\"og:locale\" content=\"sr_RS\" \/>\n<meta property=\"og:type\" content=\"article\" \/>\n<meta property=\"og:title\" content=\"Lepkovi za drvo i name\u0161taj - KANSAI HELIOS Kemostik d.o.o\" \/>\n<meta property=\"og:description\" content=\"[vc_row][vc_column][vc_row_inner][vc_column_inner width=&#8220;1\/2&#8243;][vc_custom_heading text=&#8220;LIGNOFIX disperzioni lepkovi&#8220; font_container=&#8220;tag:h5|text_align:left&#8220; use_theme_fonts=&#8220;yes&#8220; css=&#8220;&#8220;][vc_column_text css=&#8220;&#8220;]Svi\u00a0LIGNOFIX\u00a0disperzioni lepkovi za drvo zadovoljavaju D2, D3 ili D4 standarde DIN EN 204 i DIN EN 14257 (WATT 91). Odabir vrste lepka zavisi od slo\u017eenosti proizvoda koji se lepi, od tehnologije lepljenja i od vrsta drveta. Profesionalni korisnici vrlo \u010desto odlu\u010de da koriste lepak D3 standarda (Lignofix...\" \/>\n<meta property=\"og:url\" content=\"https:\/\/www.kemostik.com\/sr\/proizvodi\/lepkovi\/lepkovi-za-drvo-i-namestaj\/\" \/>\n<meta property=\"og:site_name\" content=\"KANSAI HELIOS Kemostik d.o.o\" \/>\n<meta property=\"article:modified_time\" content=\"2025-03-19T17:54:53+00:00\" \/>\n<meta name=\"twitter:card\" content=\"summary_large_image\" \/>\n<meta name=\"twitter:label1\" content=\"\u041f\u0440\u043e\u0446\u0435\u045a\u0435\u043d\u043e \u0432\u0440\u0435\u043c\u0435 \u0447\u0438\u0442\u0430\u045a\u0430\" \/>\n\t<meta name=\"twitter:data1\" content=\"2 \u043c\u0438\u043d\u0443\u0442\u0430\" \/>\n<script type=\"application\/ld+json\" class=\"yoast-schema-graph\">{\"@context\":\"https:\/\/schema.org\",\"@graph\":[{\"@type\":\"WebPage\",\"@id\":\"https:\/\/www.kemostik.com\/sr\/proizvodi\/lepkovi\/lepkovi-za-drvo-i-namestaj\/\",\"url\":\"https:\/\/www.kemostik.com\/sr\/proizvodi\/lepkovi\/lepkovi-za-drvo-i-namestaj\/\",\"name\":\"Lepkovi za drvo i name\u0161taj - KANSAI HELIOS Kemostik d.o.o\",\"isPartOf\":{\"@id\":\"https:\/\/www.kemostik.com\/sr\/#website\"},\"datePublished\":\"2024-10-05T21:45:19+00:00\",\"dateModified\":\"2025-03-19T17:54:53+00:00\",\"breadcrumb\":{\"@id\":\"https:\/\/www.kemostik.com\/sr\/proizvodi\/lepkovi\/lepkovi-za-drvo-i-namestaj\/#breadcrumb\"},\"inLanguage\":\"sr-RS\",\"potentialAction\":[{\"@type\":\"ReadAction\",\"target\":[\"https:\/\/www.kemostik.com\/sr\/proizvodi\/lepkovi\/lepkovi-za-drvo-i-namestaj\/\"]}]},{\"@type\":\"BreadcrumbList\",\"@id\":\"https:\/\/www.kemostik.com\/sr\/proizvodi\/lepkovi\/lepkovi-za-drvo-i-namestaj\/#breadcrumb\",\"itemListElement\":[{\"@type\":\"ListItem\",\"position\":1,\"name\":\"Home\",\"item\":\"https:\/\/www.kemostik.com\/sr\/\"},{\"@type\":\"ListItem\",\"position\":2,\"name\":\"Proizvodi\",\"item\":\"https:\/\/www.kemostik.com\/sr\/izdelki\/\"},{\"@type\":\"ListItem\",\"position\":3,\"name\":\"Lepkovi\",\"item\":\"https:\/\/www.kemostik.com\/sr\/izdelki\/lepila\/\"},{\"@type\":\"ListItem\",\"position\":4,\"name\":\"Lepkovi za drvo i name\u0161taj\"}]},{\"@type\":\"WebSite\",\"@id\":\"https:\/\/www.kemostik.com\/sr\/#website\",\"url\":\"https:\/\/www.kemostik.com\/sr\/\",\"name\":\"KANSAI HELIOS Kemostik d.o.o\",\"description\":\"\",\"publisher\":{\"@id\":\"https:\/\/www.kemostik.com\/sr\/#organization\"},\"potentialAction\":[{\"@type\":\"SearchAction\",\"target\":{\"@type\":\"EntryPoint\",\"urlTemplate\":\"https:\/\/www.kemostik.com\/sr\/?s={search_term_string}\"},\"query-input\":{\"@type\":\"PropertyValueSpecification\",\"valueRequired\":true,\"valueName\":\"search_term_string\"}}],\"inLanguage\":\"sr-RS\"},{\"@type\":\"Organization\",\"@id\":\"https:\/\/www.kemostik.com\/sr\/#organization\",\"name\":\"KANSAI HELIOS Kemostik d.o.o\",\"url\":\"https:\/\/www.kemostik.com\/sr\/\",\"logo\":{\"@type\":\"ImageObject\",\"inLanguage\":\"sr-RS\",\"@id\":\"https:\/\/www.kemostik.com\/sr\/#\/schema\/logo\/image\/\",\"url\":\"https:\/\/www.kemostik.com\/wp-content\/uploads\/2024\/10\/kansai-helios-logo-transparent.png\",\"contentUrl\":\"https:\/\/www.kemostik.com\/wp-content\/uploads\/2024\/10\/kansai-helios-logo-transparent.png\",\"width\":240,\"height\":90,\"caption\":\"KANSAI HELIOS Kemostik d.o.o\"},\"image\":{\"@id\":\"https:\/\/www.kemostik.com\/sr\/#\/schema\/logo\/image\/\"}}]}<\/script>\n<!-- \/ Yoast SEO plugin. -->","yoast_head_json":{"title":"Lepkovi za drvo i name\u0161taj - KANSAI HELIOS Kemostik d.o.o","robots":{"index":"index","follow":"follow","max-snippet":"max-snippet:-1","max-image-preview":"max-image-preview:large","max-video-preview":"max-video-preview:-1"},"canonical":"https:\/\/www.kemostik.com\/sr\/proizvodi\/lepkovi\/lepkovi-za-drvo-i-namestaj\/","og_locale":"sr_RS","og_type":"article","og_title":"Lepkovi za drvo i name\u0161taj - KANSAI HELIOS Kemostik d.o.o","og_description":"[vc_row][vc_column][vc_row_inner][vc_column_inner width=&#8220;1\/2&#8243;][vc_custom_heading text=&#8220;LIGNOFIX disperzioni lepkovi&#8220; font_container=&#8220;tag:h5|text_align:left&#8220; use_theme_fonts=&#8220;yes&#8220; css=&#8220;&#8220;][vc_column_text css=&#8220;&#8220;]Svi\u00a0LIGNOFIX\u00a0disperzioni lepkovi za drvo zadovoljavaju D2, D3 ili D4 standarde DIN EN 204 i DIN EN 14257 (WATT 91). Odabir vrste lepka zavisi od slo\u017eenosti proizvoda koji se lepi, od tehnologije lepljenja i od vrsta drveta. Profesionalni korisnici vrlo \u010desto odlu\u010de da koriste lepak D3 standarda (Lignofix...","og_url":"https:\/\/www.kemostik.com\/sr\/proizvodi\/lepkovi\/lepkovi-za-drvo-i-namestaj\/","og_site_name":"KANSAI HELIOS Kemostik d.o.o","article_modified_time":"2025-03-19T17:54:53+00:00","twitter_card":"summary_large_image","twitter_misc":{"\u041f\u0440\u043e\u0446\u0435\u045a\u0435\u043d\u043e \u0432\u0440\u0435\u043c\u0435 \u0447\u0438\u0442\u0430\u045a\u0430":"2 \u043c\u0438\u043d\u0443\u0442\u0430"},"schema":{"@context":"https:\/\/schema.org","@graph":[{"@type":"WebPage","@id":"https:\/\/www.kemostik.com\/sr\/proizvodi\/lepkovi\/lepkovi-za-drvo-i-namestaj\/","url":"https:\/\/www.kemostik.com\/sr\/proizvodi\/lepkovi\/lepkovi-za-drvo-i-namestaj\/","name":"Lepkovi za drvo i name\u0161taj - KANSAI HELIOS Kemostik d.o.o","isPartOf":{"@id":"https:\/\/www.kemostik.com\/sr\/#website"},"datePublished":"2024-10-05T21:45:19+00:00","dateModified":"2025-03-19T17:54:53+00:00","breadcrumb":{"@id":"https:\/\/www.kemostik.com\/sr\/proizvodi\/lepkovi\/lepkovi-za-drvo-i-namestaj\/#breadcrumb"},"inLanguage":"sr-RS","potentialAction":[{"@type":"ReadAction","target":["https:\/\/www.kemostik.com\/sr\/proizvodi\/lepkovi\/lepkovi-za-drvo-i-namestaj\/"]}]},{"@type":"BreadcrumbList","@id":"https:\/\/www.kemostik.com\/sr\/proizvodi\/lepkovi\/lepkovi-za-drvo-i-namestaj\/#breadcrumb","itemListElement":[{"@type":"ListItem","position":1,"name":"Home","item":"https:\/\/www.kemostik.com\/sr\/"},{"@type":"ListItem","position":2,"name":"Proizvodi","item":"https:\/\/www.kemostik.com\/sr\/izdelki\/"},{"@type":"ListItem","position":3,"name":"Lepkovi","item":"https:\/\/www.kemostik.com\/sr\/izdelki\/lepila\/"},{"@type":"ListItem","position":4,"name":"Lepkovi za drvo i name\u0161taj"}]},{"@type":"WebSite","@id":"https:\/\/www.kemostik.com\/sr\/#website","url":"https:\/\/www.kemostik.com\/sr\/","name":"KANSAI HELIOS Kemostik d.o.o","description":"","publisher":{"@id":"https:\/\/www.kemostik.com\/sr\/#organization"},"potentialAction":[{"@type":"SearchAction","target":{"@type":"EntryPoint","urlTemplate":"https:\/\/www.kemostik.com\/sr\/?s={search_term_string}"},"query-input":{"@type":"PropertyValueSpecification","valueRequired":true,"valueName":"search_term_string"}}],"inLanguage":"sr-RS"},{"@type":"Organization","@id":"https:\/\/www.kemostik.com\/sr\/#organization","name":"KANSAI HELIOS Kemostik d.o.o","url":"https:\/\/www.kemostik.com\/sr\/","logo":{"@type":"ImageObject","inLanguage":"sr-RS","@id":"https:\/\/www.kemostik.com\/sr\/#\/schema\/logo\/image\/","url":"https:\/\/www.kemostik.com\/wp-content\/uploads\/2024\/10\/kansai-helios-logo-transparent.png","contentUrl":"https:\/\/www.kemostik.com\/wp-content\/uploads\/2024\/10\/kansai-helios-logo-transparent.png","width":240,"height":90,"caption":"KANSAI HELIOS Kemostik d.o.o"},"image":{"@id":"https:\/\/www.kemostik.com\/sr\/#\/schema\/logo\/image\/"}}]}},"_links":{"self":[{"href":"https:\/\/www.kemostik.com\/sr\/wp-json\/wp\/v2\/pages\/1970","targetHints":{"allow":["GET"]}}],"collection":[{"href":"https:\/\/www.kemostik.com\/sr\/wp-json\/wp\/v2\/pages"}],"about":[{"href":"https:\/\/www.kemostik.com\/sr\/wp-json\/wp\/v2\/types\/page"}],"author":[{"embeddable":true,"href":"https:\/\/www.kemostik.com\/sr\/wp-json\/wp\/v2\/users\/1"}],"replies":[{"embeddable":true,"href":"https:\/\/www.kemostik.com\/sr\/wp-json\/wp\/v2\/comments?post=1970"}],"version-history":[{"count":2,"href":"https:\/\/www.kemostik.com\/sr\/wp-json\/wp\/v2\/pages\/1970\/revisions"}],"predecessor-version":[{"id":2291,"href":"https:\/\/www.kemostik.com\/sr\/wp-json\/wp\/v2\/pages\/1970\/revisions\/2291"}],"up":[{"embeddable":true,"href":"https:\/\/www.kemostik.com\/sr\/wp-json\/wp\/v2\/pages\/1986"}],"wp:attachment":[{"href":"https:\/\/www.kemostik.com\/sr\/wp-json\/wp\/v2\/media?parent=1970"}],"curies":[{"name":"wp","href":"https:\/\/api.w.org\/{rel}","templated":true}]}}