{"id":1974,"date":"2024-12-12T23:46:25","date_gmt":"2024-12-12T22:46:25","guid":{"rendered":"https:\/\/www.kemostik.com\/lepila-in-tesnila-za-proizvodnjo-posebnih-vrst-vozil-in-kontejnerjev\/"},"modified":"2025-03-19T18:37:42","modified_gmt":"2025-03-19T17:37:42","slug":"lepkovi-zaptivne-mase-za-specijalna-vozila-kontejnere","status":"publish","type":"page","link":"https:\/\/www.kemostik.com\/sr\/proizvodi\/lepkovi\/lepkovi-zaptivne-mase-za-specijalna-vozila-kontejnere\/","title":{"rendered":"Lepkovi i zaptivne mase za specijalna vozila i kontejnere"},"content":{"rendered":"<div class=\"wpb-content-wrapper\"><p>[vc_row][vc_column][vc_row_inner][vc_column_inner][vc_custom_heading text=&#8220;NEOSTIK lepkovi za podne i zidne obloge&#8220; font_container=&#8220;tag:h5|text_align:left&#8220; use_theme_fonts=&#8220;yes&#8220; css=&#8220;&#8220;][vc_column_text css=&#8220;&#8220;]Koriste se za lepljenje razli\u010ditih tipova podnih i zidnih obloga, naro\u010dito u proizvodnji autobusa, kamiona, kampera, prikolica, mobilnih ku\u0107ica i kontejnera za stanovanje. Paleta proizvoda uklju\u010duje slede\u0107e lepkove:<\/p>\n<ul>\n<li>Na bazi organskih rastvara\u010da. Naro\u010dito se koriste za lepljenje gumenih obloga na razne podloge; mogu se nanositi ru\u010dno ili prskanjem<\/li>\n<li>Na vodenoj bazi. Koriste se za lepljenje razli\u010ditih plasti\u010dnih obloga na iverici ili na druge upojne podloge; mogu se nanositi ru\u010dno ili rolerom.<\/li>\n<\/ul>\n<p>[\/vc_column_text][\/vc_column_inner][\/vc_row_inner]\r\n\t\t\t<div class=\"helios_section_distance xs\"><\/div>\r\n\r\n\t\t\t[vc_row_inner][vc_column_inner width=&#8220;1\/2&#8243;][vc_custom_heading text=&#8220;NEOSTIK lepkovi za izolaciju&#8220; font_container=&#8220;tag:h5|text_align:left&#8220; use_theme_fonts=&#8220;yes&#8220; css=&#8220;&#8220;][vc_column_text css=&#8220;&#8220;]Helios Kemostik je za lepljenje izolacije razvio tri re\u0161enja:<\/p>\n<ul>\n<li><strong>FLEXBOND<\/strong> lepak na bazi organskih rastvara\u010da za lepljenje izolacije napravljene od elastomerne pene<\/li>\n<li>Dvokomponentni poliuretanski lepkovi za lepljenje izolacije kao \u0161to su polistiren ili mineralna vuna na metal, beton, drvo i druge sli\u010dne povr\u0161ine<\/li>\n<li><strong>NEOSTIK PUR<\/strong> jednokomponentni reaktivni poliuretanski lepak pogodan za strukturalno vezivanje razli\u010ditih materijala i lepljenje izolacije i panela. Postoje tipovi sa razli\u010ditim otvorenim vremenom u rasponu od 5 do 60 minuta.<\/li>\n<\/ul>\n<div id=\"gtx-trans\" style=\"position: absolute; left: 141px; top: 198px;\">\n<div class=\"gtx-trans-icon\"><\/div>\n<\/div>\n<p>[\/vc_column_text][\/vc_column_inner][vc_column_inner width=&#8220;1\/2&#8243;][vc_single_image image=&#8220;309&#8243; img_size=&#8220;300&#215;200&#8243; css=&#8220;&#8220;][\/vc_column_inner][\/vc_row_inner]\r\n\t\t\t<div class=\"helios_section_distance xs\"><\/div>\r\n\r\n\t\t\t[vc_row_inner][vc_column_inner width=&#8220;1\/2&#8243;][vc_custom_heading text=&#8220;NEOSTIK poliuretanske i druge zaptivne mase&#8220; font_container=&#8220;tag:h5|text_align:left&#8220; use_theme_fonts=&#8220;yes&#8220; css=&#8220;&#8220;][vc_column_text css=&#8220;&#8220;]Koriste se naro\u010dito za lepljenje i zaptivanje, kao i za ugradnju prozora u proizvodnji autobusa, \u017eelezni\u010dkih vagona i kontejnera za stanovanje. Paleta proizvoda uklju\u010duje poliuretanske zaptivne mase razli\u010dite \u010dvrsto\u0107e, MS-polimere, silikonske zaptivne mase i pomo\u0107ne proizvode kao \u0161to su prajmeri i proizvodi za \u010di\u0161\u0107enje.[\/vc_column_text][\/vc_column_inner][vc_column_inner width=&#8220;1\/2&#8243;][vc_single_image image=&#8220;308&#8243; img_size=&#8220;300&#215;200&#8243; css=&#8220;&#8220;][\/vc_column_inner][\/vc_row_inner]\r\n\t\t\t<div class=\"helios_section_distance s\"><\/div>\r\n\r\n\t\t\t[\/vc_column][\/vc_row]<\/p>\n<\/div>","protected":false},"excerpt":{"rendered":"<p>[vc_row][vc_column][vc_row_inner][vc_column_inner][vc_custom_heading text=&#8220;NEOSTIK lepkovi za podne i zidne obloge&#8220; font_container=&#8220;tag:h5|text_align:left&#8220; use_theme_fonts=&#8220;yes&#8220; css=&#8220;&#8220;][vc_column_text css=&#8220;&#8220;]Koriste se za lepljenje razli\u010ditih tipova podnih i zidnih obloga, naro\u010dito u proizvodnji autobusa, kamiona, kampera, prikolica, mobilnih ku\u0107ica i kontejnera za stanovanje. Paleta proizvoda uklju\u010duje slede\u0107e lepkove: Na bazi organskih rastvara\u010da. Naro\u010dito se koriste za lepljenje gumenih obloga na razne podloge; mogu se&#8230;<\/p>\n","protected":false},"author":1,"featured_media":0,"parent":1986,"menu_order":0,"comment_status":"closed","ping_status":"closed","template":"","meta":{"footnotes":""},"class_list":["post-1974","page","type-page","status-publish","hentry"],"yoast_head":"<!-- This site is optimized with the Yoast SEO plugin v27.2 - https:\/\/yoast.com\/product\/yoast-seo-wordpress\/ -->\n<title>Lepkovi i zaptivne mase za specijalna vozila i kontejnere - KANSAI HELIOS Kemostik d.o.o<\/title>\n<meta name=\"robots\" content=\"index, follow, max-snippet:-1, max-image-preview:large, max-video-preview:-1\" \/>\n<link rel=\"canonical\" href=\"https:\/\/www.kemostik.com\/sr\/proizvodi\/lepkovi\/lepkovi-zaptivne-mase-za-specijalna-vozila-kontejnere\/\" \/>\n<meta property=\"og:locale\" content=\"sr_RS\" \/>\n<meta property=\"og:type\" content=\"article\" \/>\n<meta property=\"og:title\" content=\"Lepkovi i zaptivne mase za specijalna vozila i kontejnere - KANSAI HELIOS Kemostik d.o.o\" \/>\n<meta property=\"og:description\" content=\"[vc_row][vc_column][vc_row_inner][vc_column_inner][vc_custom_heading text=&#8220;NEOSTIK lepkovi za podne i zidne obloge&#8220; font_container=&#8220;tag:h5|text_align:left&#8220; use_theme_fonts=&#8220;yes&#8220; css=&#8220;&#8220;][vc_column_text css=&#8220;&#8220;]Koriste se za lepljenje razli\u010ditih tipova podnih i zidnih obloga, naro\u010dito u proizvodnji autobusa, kamiona, kampera, prikolica, mobilnih ku\u0107ica i kontejnera za stanovanje. Paleta proizvoda uklju\u010duje slede\u0107e lepkove: Na bazi organskih rastvara\u010da. Naro\u010dito se koriste za lepljenje gumenih obloga na razne podloge; mogu se...\" \/>\n<meta property=\"og:url\" content=\"https:\/\/www.kemostik.com\/sr\/proizvodi\/lepkovi\/lepkovi-zaptivne-mase-za-specijalna-vozila-kontejnere\/\" \/>\n<meta property=\"og:site_name\" content=\"KANSAI HELIOS Kemostik d.o.o\" \/>\n<meta property=\"article:modified_time\" content=\"2025-03-19T17:37:42+00:00\" \/>\n<meta name=\"twitter:card\" content=\"summary_large_image\" \/>\n<meta name=\"twitter:label1\" content=\"\u041f\u0440\u043e\u0446\u0435\u045a\u0435\u043d\u043e \u0432\u0440\u0435\u043c\u0435 \u0447\u0438\u0442\u0430\u045a\u0430\" \/>\n\t<meta name=\"twitter:data1\" content=\"2 \u043c\u0438\u043d\u0443\u0442\u0430\" \/>\n<script type=\"application\/ld+json\" class=\"yoast-schema-graph\">{\"@context\":\"https:\/\/schema.org\",\"@graph\":[{\"@type\":\"WebPage\",\"@id\":\"https:\/\/www.kemostik.com\/sr\/proizvodi\/lepkovi\/lepkovi-zaptivne-mase-za-specijalna-vozila-kontejnere\/\",\"url\":\"https:\/\/www.kemostik.com\/sr\/proizvodi\/lepkovi\/lepkovi-zaptivne-mase-za-specijalna-vozila-kontejnere\/\",\"name\":\"Lepkovi i zaptivne mase za specijalna vozila i kontejnere - KANSAI HELIOS Kemostik d.o.o\",\"isPartOf\":{\"@id\":\"https:\/\/www.kemostik.com\/sr\/#website\"},\"datePublished\":\"2024-12-12T22:46:25+00:00\",\"dateModified\":\"2025-03-19T17:37:42+00:00\",\"breadcrumb\":{\"@id\":\"https:\/\/www.kemostik.com\/sr\/proizvodi\/lepkovi\/lepkovi-zaptivne-mase-za-specijalna-vozila-kontejnere\/#breadcrumb\"},\"inLanguage\":\"sr-RS\",\"potentialAction\":[{\"@type\":\"ReadAction\",\"target\":[\"https:\/\/www.kemostik.com\/sr\/proizvodi\/lepkovi\/lepkovi-zaptivne-mase-za-specijalna-vozila-kontejnere\/\"]}]},{\"@type\":\"BreadcrumbList\",\"@id\":\"https:\/\/www.kemostik.com\/sr\/proizvodi\/lepkovi\/lepkovi-zaptivne-mase-za-specijalna-vozila-kontejnere\/#breadcrumb\",\"itemListElement\":[{\"@type\":\"ListItem\",\"position\":1,\"name\":\"Home\",\"item\":\"https:\/\/www.kemostik.com\/sr\/\"},{\"@type\":\"ListItem\",\"position\":2,\"name\":\"Proizvodi\",\"item\":\"https:\/\/www.kemostik.com\/sr\/izdelki\/\"},{\"@type\":\"ListItem\",\"position\":3,\"name\":\"Lepkovi\",\"item\":\"https:\/\/www.kemostik.com\/sr\/izdelki\/lepila\/\"},{\"@type\":\"ListItem\",\"position\":4,\"name\":\"Lepkovi i zaptivne mase za specijalna vozila i kontejnere\"}]},{\"@type\":\"WebSite\",\"@id\":\"https:\/\/www.kemostik.com\/sr\/#website\",\"url\":\"https:\/\/www.kemostik.com\/sr\/\",\"name\":\"KANSAI HELIOS Kemostik d.o.o\",\"description\":\"\",\"publisher\":{\"@id\":\"https:\/\/www.kemostik.com\/sr\/#organization\"},\"potentialAction\":[{\"@type\":\"SearchAction\",\"target\":{\"@type\":\"EntryPoint\",\"urlTemplate\":\"https:\/\/www.kemostik.com\/sr\/?s={search_term_string}\"},\"query-input\":{\"@type\":\"PropertyValueSpecification\",\"valueRequired\":true,\"valueName\":\"search_term_string\"}}],\"inLanguage\":\"sr-RS\"},{\"@type\":\"Organization\",\"@id\":\"https:\/\/www.kemostik.com\/sr\/#organization\",\"name\":\"KANSAI HELIOS Kemostik d.o.o\",\"url\":\"https:\/\/www.kemostik.com\/sr\/\",\"logo\":{\"@type\":\"ImageObject\",\"inLanguage\":\"sr-RS\",\"@id\":\"https:\/\/www.kemostik.com\/sr\/#\/schema\/logo\/image\/\",\"url\":\"https:\/\/www.kemostik.com\/wp-content\/uploads\/2024\/10\/kansai-helios-logo-transparent.png\",\"contentUrl\":\"https:\/\/www.kemostik.com\/wp-content\/uploads\/2024\/10\/kansai-helios-logo-transparent.png\",\"width\":240,\"height\":90,\"caption\":\"KANSAI HELIOS Kemostik d.o.o\"},\"image\":{\"@id\":\"https:\/\/www.kemostik.com\/sr\/#\/schema\/logo\/image\/\"}}]}<\/script>\n<!-- \/ Yoast SEO plugin. -->","yoast_head_json":{"title":"Lepkovi i zaptivne mase za specijalna vozila i kontejnere - KANSAI HELIOS Kemostik d.o.o","robots":{"index":"index","follow":"follow","max-snippet":"max-snippet:-1","max-image-preview":"max-image-preview:large","max-video-preview":"max-video-preview:-1"},"canonical":"https:\/\/www.kemostik.com\/sr\/proizvodi\/lepkovi\/lepkovi-zaptivne-mase-za-specijalna-vozila-kontejnere\/","og_locale":"sr_RS","og_type":"article","og_title":"Lepkovi i zaptivne mase za specijalna vozila i kontejnere - KANSAI HELIOS Kemostik d.o.o","og_description":"[vc_row][vc_column][vc_row_inner][vc_column_inner][vc_custom_heading text=&#8220;NEOSTIK lepkovi za podne i zidne obloge&#8220; font_container=&#8220;tag:h5|text_align:left&#8220; use_theme_fonts=&#8220;yes&#8220; css=&#8220;&#8220;][vc_column_text css=&#8220;&#8220;]Koriste se za lepljenje razli\u010ditih tipova podnih i zidnih obloga, naro\u010dito u proizvodnji autobusa, kamiona, kampera, prikolica, mobilnih ku\u0107ica i kontejnera za stanovanje. Paleta proizvoda uklju\u010duje slede\u0107e lepkove: Na bazi organskih rastvara\u010da. Naro\u010dito se koriste za lepljenje gumenih obloga na razne podloge; mogu se...","og_url":"https:\/\/www.kemostik.com\/sr\/proizvodi\/lepkovi\/lepkovi-zaptivne-mase-za-specijalna-vozila-kontejnere\/","og_site_name":"KANSAI HELIOS Kemostik d.o.o","article_modified_time":"2025-03-19T17:37:42+00:00","twitter_card":"summary_large_image","twitter_misc":{"\u041f\u0440\u043e\u0446\u0435\u045a\u0435\u043d\u043e \u0432\u0440\u0435\u043c\u0435 \u0447\u0438\u0442\u0430\u045a\u0430":"2 \u043c\u0438\u043d\u0443\u0442\u0430"},"schema":{"@context":"https:\/\/schema.org","@graph":[{"@type":"WebPage","@id":"https:\/\/www.kemostik.com\/sr\/proizvodi\/lepkovi\/lepkovi-zaptivne-mase-za-specijalna-vozila-kontejnere\/","url":"https:\/\/www.kemostik.com\/sr\/proizvodi\/lepkovi\/lepkovi-zaptivne-mase-za-specijalna-vozila-kontejnere\/","name":"Lepkovi i zaptivne mase za specijalna vozila i kontejnere - KANSAI HELIOS Kemostik d.o.o","isPartOf":{"@id":"https:\/\/www.kemostik.com\/sr\/#website"},"datePublished":"2024-12-12T22:46:25+00:00","dateModified":"2025-03-19T17:37:42+00:00","breadcrumb":{"@id":"https:\/\/www.kemostik.com\/sr\/proizvodi\/lepkovi\/lepkovi-zaptivne-mase-za-specijalna-vozila-kontejnere\/#breadcrumb"},"inLanguage":"sr-RS","potentialAction":[{"@type":"ReadAction","target":["https:\/\/www.kemostik.com\/sr\/proizvodi\/lepkovi\/lepkovi-zaptivne-mase-za-specijalna-vozila-kontejnere\/"]}]},{"@type":"BreadcrumbList","@id":"https:\/\/www.kemostik.com\/sr\/proizvodi\/lepkovi\/lepkovi-zaptivne-mase-za-specijalna-vozila-kontejnere\/#breadcrumb","itemListElement":[{"@type":"ListItem","position":1,"name":"Home","item":"https:\/\/www.kemostik.com\/sr\/"},{"@type":"ListItem","position":2,"name":"Proizvodi","item":"https:\/\/www.kemostik.com\/sr\/izdelki\/"},{"@type":"ListItem","position":3,"name":"Lepkovi","item":"https:\/\/www.kemostik.com\/sr\/izdelki\/lepila\/"},{"@type":"ListItem","position":4,"name":"Lepkovi i zaptivne mase za specijalna vozila i kontejnere"}]},{"@type":"WebSite","@id":"https:\/\/www.kemostik.com\/sr\/#website","url":"https:\/\/www.kemostik.com\/sr\/","name":"KANSAI HELIOS Kemostik d.o.o","description":"","publisher":{"@id":"https:\/\/www.kemostik.com\/sr\/#organization"},"potentialAction":[{"@type":"SearchAction","target":{"@type":"EntryPoint","urlTemplate":"https:\/\/www.kemostik.com\/sr\/?s={search_term_string}"},"query-input":{"@type":"PropertyValueSpecification","valueRequired":true,"valueName":"search_term_string"}}],"inLanguage":"sr-RS"},{"@type":"Organization","@id":"https:\/\/www.kemostik.com\/sr\/#organization","name":"KANSAI HELIOS Kemostik d.o.o","url":"https:\/\/www.kemostik.com\/sr\/","logo":{"@type":"ImageObject","inLanguage":"sr-RS","@id":"https:\/\/www.kemostik.com\/sr\/#\/schema\/logo\/image\/","url":"https:\/\/www.kemostik.com\/wp-content\/uploads\/2024\/10\/kansai-helios-logo-transparent.png","contentUrl":"https:\/\/www.kemostik.com\/wp-content\/uploads\/2024\/10\/kansai-helios-logo-transparent.png","width":240,"height":90,"caption":"KANSAI HELIOS Kemostik d.o.o"},"image":{"@id":"https:\/\/www.kemostik.com\/sr\/#\/schema\/logo\/image\/"}}]}},"_links":{"self":[{"href":"https:\/\/www.kemostik.com\/sr\/wp-json\/wp\/v2\/pages\/1974","targetHints":{"allow":["GET"]}}],"collection":[{"href":"https:\/\/www.kemostik.com\/sr\/wp-json\/wp\/v2\/pages"}],"about":[{"href":"https:\/\/www.kemostik.com\/sr\/wp-json\/wp\/v2\/types\/page"}],"author":[{"embeddable":true,"href":"https:\/\/www.kemostik.com\/sr\/wp-json\/wp\/v2\/users\/1"}],"replies":[{"embeddable":true,"href":"https:\/\/www.kemostik.com\/sr\/wp-json\/wp\/v2\/comments?post=1974"}],"version-history":[{"count":3,"href":"https:\/\/www.kemostik.com\/sr\/wp-json\/wp\/v2\/pages\/1974\/revisions"}],"predecessor-version":[{"id":2287,"href":"https:\/\/www.kemostik.com\/sr\/wp-json\/wp\/v2\/pages\/1974\/revisions\/2287"}],"up":[{"embeddable":true,"href":"https:\/\/www.kemostik.com\/sr\/wp-json\/wp\/v2\/pages\/1986"}],"wp:attachment":[{"href":"https:\/\/www.kemostik.com\/sr\/wp-json\/wp\/v2\/media?parent=1974"}],"curies":[{"name":"wp","href":"https:\/\/api.w.org\/{rel}","templated":true}]}}