{"id":1978,"date":"2024-12-12T23:56:38","date_gmt":"2024-12-12T22:56:38","guid":{"rendered":"https:\/\/www.kemostik.com\/lepila-in-kemicni-izdelki-za-druge-namene\/"},"modified":"2025-03-19T17:50:29","modified_gmt":"2025-03-19T16:50:29","slug":"lepkovi-i-hemijski-proizvodi-za-ostale-namene","status":"publish","type":"page","link":"https:\/\/www.kemostik.com\/sr\/proizvodi\/lepkovi\/lepkovi-i-hemijski-proizvodi-za-ostale-namene\/","title":{"rendered":"Lepkovi I hemijski proizvodi za ostale namene"},"content":{"rendered":"<div class=\"wpb-content-wrapper\"><p>[vc_row][vc_column][vc_row_inner][vc_column_inner width=&#8220;1\/2&#8243;][vc_custom_heading text=&#8220;Lepkovi za knjigoveza\u010dku i grafi\u010dku industriju&#8220; font_container=&#8220;tag:h5|text_align:left&#8220; use_theme_fonts=&#8220;yes&#8220; css=&#8220;&#8220;][vc_column_text css=&#8220;&#8220;]Ovaj portfolio uklju\u010duje termo taljive lepkove kao i lepkove na vodenoj bazi za potrebe knjigoveza\u0161tva.[\/vc_column_text][\/vc_column_inner][vc_column_inner width=&#8220;1\/2&#8243;][vc_single_image image=&#8220;324&#8243; img_size=&#8220;300&#215;200&#8243; css=&#8220;&#8220;][\/vc_column_inner][\/vc_row_inner]\r\n\t\t\t<div class=\"helios_section_distance xs\"><\/div>\r\n\r\n\t\t\t[vc_row_inner][vc_column_inner][vc_custom_heading text=&#8220;Lepkovi za gumu&#8220; font_container=&#8220;tag:h5|text_align:left&#8220; use_theme_fonts=&#8220;yes&#8220; css=&#8220;&#8220;][vc_column_text css=&#8220;&#8220;]Helios Kemostik paleta proizvoda uklju\u010duje lepkove koji nude savr\u0161ena re\u0161enja kod proizvodnje transportnih traka, gumenih \u010damca i vulkanizacije.[\/vc_column_text][\/vc_column_inner][\/vc_row_inner]\r\n\t\t\t<div class=\"helios_section_distance xs\"><\/div>\r\n\r\n\t\t\t[vc_row_inner][vc_column_inner][vc_custom_heading text=&#8220;Lepkovi za lepljenje izolacije&#8220; font_container=&#8220;tag:h5|text_align:left&#8220; use_theme_fonts=&#8220;yes&#8220; css=&#8220;&#8220;][vc_column_text css=&#8220;&#8220;]U programu su jednokomponentni i dvokomponentni lepkovi brendova\u00a0<strong>Neostik<\/strong>\u00a0i\u00a0<strong>Metacoll<\/strong>, za lepljenje izolacione pene, kamene vune, polistirena i stirodura na razli\u010dite podloge kao \u0161to su metal, drvo itd. Razlikuju se po otvorenom vremenu, brzini su\u0161enja, vremenu vezivanja i viskozitetu.<\/p>\n<div id=\"gtx-trans\" style=\"position: absolute; left: 203px; top: 14px;\">\n<div class=\"gtx-trans-icon\"><\/div>\n<\/div>\n<p>[\/vc_column_text][\/vc_column_inner][\/vc_row_inner]\r\n\t\t\t<div class=\"helios_section_distance xs\"><\/div>\r\n\r\n\t\t\t[vc_row_inner][vc_column_inner][vc_custom_heading text=&#8220;Lepkovi za cigarete&#8220; font_container=&#8220;tag:h5|text_align:left&#8220; use_theme_fonts=&#8220;yes&#8220; css=&#8220;&#8220;][vc_column_text css=&#8220;&#8220;]Ovaj program se sastoji od\u00a0<strong>PLASTIKOL<\/strong>\u00a0lepkova, koji predstavljaju kompletnu paletu lepkova za proizvo\u0111a\u010de cigareta u duvanskoj industriji.<\/p>\n<div id=\"gtx-trans\" style=\"position: absolute; left: 273px; top: 38px;\">\n<div class=\"gtx-trans-icon\"><\/div>\n<\/div>\n<p>[\/vc_column_text][\/vc_column_inner][\/vc_row_inner]\r\n\t\t\t<div class=\"helios_section_distance xs\"><\/div>\r\n\r\n\t\t\t[vc_row_inner][vc_column_inner width=&#8220;1\/2&#8243;][vc_custom_heading text=&#8220;Lepkovi za vezivne kai\u0161e i tekstil&#8220; font_container=&#8220;tag:h5|text_align:left&#8220; use_theme_fonts=&#8220;yes&#8220; css=&#8220;&#8220;][vc_column_text css=&#8220;&#8220;]Ova paleta proizvoda u glavnom sadr\u017ei termo taljive lepkove i PVAc lepkove na vodenoj bazi za laminaciju tekstilnih kai\u0161eva za razli\u010dite namene.[\/vc_column_text][\/vc_column_inner][vc_column_inner width=&#8220;1\/2&#8243;][vc_single_image image=&#8220;323&#8243; img_size=&#8220;300&#215;200&#8243; css=&#8220;&#8220;][\/vc_column_inner][\/vc_row_inner]\r\n\t\t\t<div class=\"helios_section_distance xs\"><\/div>\r\n\r\n\t\t\t[vc_row_inner][vc_column_inner][vc_custom_heading text=&#8220;Lepkovi i pomo\u0107ni proizvodi za druge namene&#8220; font_container=&#8220;tag:h5|text_align:left&#8220; use_theme_fonts=&#8220;yes&#8220; css=&#8220;&#8220;][vc_column_text css=&#8220;&#8220;]Portfolio proizvoda uklju\u010duje cijanoakrilatne lepkove za \u0161irok spektar zahtevnih spajanja u industriji, dvokomponentne epoksi lepkove razli\u010dite gustine i otvorenog vremena, lepkove za PVC, kao i sve vrste sredstava za \u010di\u0161\u0107enje i razre\u0111iva\u010da za lepkove.[\/vc_column_text][\/vc_column_inner][\/vc_row_inner]\r\n\t\t\t<div class=\"helios_section_distance s\"><\/div>\r\n\r\n\t\t\t[\/vc_column][\/vc_row]<\/p>\n<\/div>","protected":false},"excerpt":{"rendered":"<p>[vc_row][vc_column][vc_row_inner][vc_column_inner width=&#8220;1\/2&#8243;][vc_custom_heading text=&#8220;Lepkovi za knjigoveza\u010dku i grafi\u010dku industriju&#8220; font_container=&#8220;tag:h5|text_align:left&#8220; use_theme_fonts=&#8220;yes&#8220; css=&#8220;&#8220;][vc_column_text css=&#8220;&#8220;]Ovaj portfolio uklju\u010duje termo taljive lepkove kao i lepkove na vodenoj bazi za potrebe knjigoveza\u0161tva.[\/vc_column_text][\/vc_column_inner][vc_column_inner width=&#8220;1\/2&#8243;][vc_single_image image=&#8220;324&#8243; img_size=&#8220;300&#215;200&#8243; css=&#8220;&#8220;][\/vc_column_inner][\/vc_row_inner][vc_row_inner][vc_column_inner][vc_custom_heading text=&#8220;Lepkovi za gumu&#8220; font_container=&#8220;tag:h5|text_align:left&#8220; use_theme_fonts=&#8220;yes&#8220; css=&#8220;&#8220;][vc_column_text css=&#8220;&#8220;]Helios Kemostik paleta proizvoda uklju\u010duje lepkove koji nude savr\u0161ena re\u0161enja kod proizvodnje transportnih traka, gumenih \u010damca i vulkanizacije.[\/vc_column_text][\/vc_column_inner][\/vc_row_inner][vc_row_inner][vc_column_inner][vc_custom_heading text=&#8220;Lepkovi&#8230;<\/p>\n","protected":false},"author":1,"featured_media":0,"parent":1986,"menu_order":0,"comment_status":"closed","ping_status":"closed","template":"","meta":{"footnotes":""},"class_list":["post-1978","page","type-page","status-publish","hentry"],"yoast_head":"<!-- This site is optimized with the Yoast SEO plugin v27.2 - https:\/\/yoast.com\/product\/yoast-seo-wordpress\/ -->\n<title>Lepkovi I hemijski proizvodi za ostale namene - KANSAI HELIOS Kemostik d.o.o<\/title>\n<meta name=\"robots\" content=\"index, follow, max-snippet:-1, max-image-preview:large, max-video-preview:-1\" \/>\n<link rel=\"canonical\" href=\"https:\/\/www.kemostik.com\/sr\/proizvodi\/lepkovi\/lepkovi-i-hemijski-proizvodi-za-ostale-namene\/\" \/>\n<meta property=\"og:locale\" content=\"sr_RS\" \/>\n<meta property=\"og:type\" content=\"article\" \/>\n<meta property=\"og:title\" content=\"Lepkovi I hemijski proizvodi za ostale namene - KANSAI HELIOS Kemostik d.o.o\" \/>\n<meta property=\"og:description\" content=\"[vc_row][vc_column][vc_row_inner][vc_column_inner width=&#8220;1\/2&#8243;][vc_custom_heading text=&#8220;Lepkovi za knjigoveza\u010dku i grafi\u010dku industriju&#8220; font_container=&#8220;tag:h5|text_align:left&#8220; use_theme_fonts=&#8220;yes&#8220; css=&#8220;&#8220;][vc_column_text css=&#8220;&#8220;]Ovaj portfolio uklju\u010duje termo taljive lepkove kao i lepkove na vodenoj bazi za potrebe knjigoveza\u0161tva.[\/vc_column_text][\/vc_column_inner][vc_column_inner width=&#8220;1\/2&#8243;][vc_single_image image=&#8220;324&#8243; img_size=&#8220;300&#215;200&#8243; css=&#8220;&#8220;][\/vc_column_inner][\/vc_row_inner][vc_row_inner][vc_column_inner][vc_custom_heading text=&#8220;Lepkovi za gumu&#8220; font_container=&#8220;tag:h5|text_align:left&#8220; use_theme_fonts=&#8220;yes&#8220; css=&#8220;&#8220;][vc_column_text css=&#8220;&#8220;]Helios Kemostik paleta proizvoda uklju\u010duje lepkove koji nude savr\u0161ena re\u0161enja kod proizvodnje transportnih traka, gumenih \u010damca i vulkanizacije.[\/vc_column_text][\/vc_column_inner][\/vc_row_inner][vc_row_inner][vc_column_inner][vc_custom_heading text=&#8220;Lepkovi...\" \/>\n<meta property=\"og:url\" content=\"https:\/\/www.kemostik.com\/sr\/proizvodi\/lepkovi\/lepkovi-i-hemijski-proizvodi-za-ostale-namene\/\" \/>\n<meta property=\"og:site_name\" content=\"KANSAI HELIOS Kemostik d.o.o\" \/>\n<meta property=\"article:modified_time\" content=\"2025-03-19T16:50:29+00:00\" \/>\n<meta name=\"twitter:card\" content=\"summary_large_image\" \/>\n<meta name=\"twitter:label1\" content=\"\u041f\u0440\u043e\u0446\u0435\u045a\u0435\u043d\u043e \u0432\u0440\u0435\u043c\u0435 \u0447\u0438\u0442\u0430\u045a\u0430\" \/>\n\t<meta name=\"twitter:data1\" content=\"2 \u043c\u0438\u043d\u0443\u0442\u0430\" \/>\n<script type=\"application\/ld+json\" class=\"yoast-schema-graph\">{\"@context\":\"https:\/\/schema.org\",\"@graph\":[{\"@type\":\"WebPage\",\"@id\":\"https:\/\/www.kemostik.com\/sr\/proizvodi\/lepkovi\/lepkovi-i-hemijski-proizvodi-za-ostale-namene\/\",\"url\":\"https:\/\/www.kemostik.com\/sr\/proizvodi\/lepkovi\/lepkovi-i-hemijski-proizvodi-za-ostale-namene\/\",\"name\":\"Lepkovi I hemijski proizvodi za ostale namene - KANSAI HELIOS Kemostik d.o.o\",\"isPartOf\":{\"@id\":\"https:\/\/www.kemostik.com\/sr\/#website\"},\"datePublished\":\"2024-12-12T22:56:38+00:00\",\"dateModified\":\"2025-03-19T16:50:29+00:00\",\"breadcrumb\":{\"@id\":\"https:\/\/www.kemostik.com\/sr\/proizvodi\/lepkovi\/lepkovi-i-hemijski-proizvodi-za-ostale-namene\/#breadcrumb\"},\"inLanguage\":\"sr-RS\",\"potentialAction\":[{\"@type\":\"ReadAction\",\"target\":[\"https:\/\/www.kemostik.com\/sr\/proizvodi\/lepkovi\/lepkovi-i-hemijski-proizvodi-za-ostale-namene\/\"]}]},{\"@type\":\"BreadcrumbList\",\"@id\":\"https:\/\/www.kemostik.com\/sr\/proizvodi\/lepkovi\/lepkovi-i-hemijski-proizvodi-za-ostale-namene\/#breadcrumb\",\"itemListElement\":[{\"@type\":\"ListItem\",\"position\":1,\"name\":\"Home\",\"item\":\"https:\/\/www.kemostik.com\/sr\/\"},{\"@type\":\"ListItem\",\"position\":2,\"name\":\"Proizvodi\",\"item\":\"https:\/\/www.kemostik.com\/sr\/izdelki\/\"},{\"@type\":\"ListItem\",\"position\":3,\"name\":\"Lepkovi\",\"item\":\"https:\/\/www.kemostik.com\/sr\/izdelki\/lepila\/\"},{\"@type\":\"ListItem\",\"position\":4,\"name\":\"Lepkovi I hemijski proizvodi za ostale namene\"}]},{\"@type\":\"WebSite\",\"@id\":\"https:\/\/www.kemostik.com\/sr\/#website\",\"url\":\"https:\/\/www.kemostik.com\/sr\/\",\"name\":\"KANSAI HELIOS Kemostik d.o.o\",\"description\":\"\",\"publisher\":{\"@id\":\"https:\/\/www.kemostik.com\/sr\/#organization\"},\"potentialAction\":[{\"@type\":\"SearchAction\",\"target\":{\"@type\":\"EntryPoint\",\"urlTemplate\":\"https:\/\/www.kemostik.com\/sr\/?s={search_term_string}\"},\"query-input\":{\"@type\":\"PropertyValueSpecification\",\"valueRequired\":true,\"valueName\":\"search_term_string\"}}],\"inLanguage\":\"sr-RS\"},{\"@type\":\"Organization\",\"@id\":\"https:\/\/www.kemostik.com\/sr\/#organization\",\"name\":\"KANSAI HELIOS Kemostik d.o.o\",\"url\":\"https:\/\/www.kemostik.com\/sr\/\",\"logo\":{\"@type\":\"ImageObject\",\"inLanguage\":\"sr-RS\",\"@id\":\"https:\/\/www.kemostik.com\/sr\/#\/schema\/logo\/image\/\",\"url\":\"https:\/\/www.kemostik.com\/wp-content\/uploads\/2024\/10\/kansai-helios-logo-transparent.png\",\"contentUrl\":\"https:\/\/www.kemostik.com\/wp-content\/uploads\/2024\/10\/kansai-helios-logo-transparent.png\",\"width\":240,\"height\":90,\"caption\":\"KANSAI HELIOS Kemostik d.o.o\"},\"image\":{\"@id\":\"https:\/\/www.kemostik.com\/sr\/#\/schema\/logo\/image\/\"}}]}<\/script>\n<!-- \/ Yoast SEO plugin. -->","yoast_head_json":{"title":"Lepkovi I hemijski proizvodi za ostale namene - KANSAI HELIOS Kemostik d.o.o","robots":{"index":"index","follow":"follow","max-snippet":"max-snippet:-1","max-image-preview":"max-image-preview:large","max-video-preview":"max-video-preview:-1"},"canonical":"https:\/\/www.kemostik.com\/sr\/proizvodi\/lepkovi\/lepkovi-i-hemijski-proizvodi-za-ostale-namene\/","og_locale":"sr_RS","og_type":"article","og_title":"Lepkovi I hemijski proizvodi za ostale namene - KANSAI HELIOS Kemostik d.o.o","og_description":"[vc_row][vc_column][vc_row_inner][vc_column_inner width=&#8220;1\/2&#8243;][vc_custom_heading text=&#8220;Lepkovi za knjigoveza\u010dku i grafi\u010dku industriju&#8220; font_container=&#8220;tag:h5|text_align:left&#8220; use_theme_fonts=&#8220;yes&#8220; css=&#8220;&#8220;][vc_column_text css=&#8220;&#8220;]Ovaj portfolio uklju\u010duje termo taljive lepkove kao i lepkove na vodenoj bazi za potrebe knjigoveza\u0161tva.[\/vc_column_text][\/vc_column_inner][vc_column_inner width=&#8220;1\/2&#8243;][vc_single_image image=&#8220;324&#8243; img_size=&#8220;300&#215;200&#8243; css=&#8220;&#8220;][\/vc_column_inner][\/vc_row_inner][vc_row_inner][vc_column_inner][vc_custom_heading text=&#8220;Lepkovi za gumu&#8220; font_container=&#8220;tag:h5|text_align:left&#8220; use_theme_fonts=&#8220;yes&#8220; css=&#8220;&#8220;][vc_column_text css=&#8220;&#8220;]Helios Kemostik paleta proizvoda uklju\u010duje lepkove koji nude savr\u0161ena re\u0161enja kod proizvodnje transportnih traka, gumenih \u010damca i vulkanizacije.[\/vc_column_text][\/vc_column_inner][\/vc_row_inner][vc_row_inner][vc_column_inner][vc_custom_heading text=&#8220;Lepkovi...","og_url":"https:\/\/www.kemostik.com\/sr\/proizvodi\/lepkovi\/lepkovi-i-hemijski-proizvodi-za-ostale-namene\/","og_site_name":"KANSAI HELIOS Kemostik d.o.o","article_modified_time":"2025-03-19T16:50:29+00:00","twitter_card":"summary_large_image","twitter_misc":{"\u041f\u0440\u043e\u0446\u0435\u045a\u0435\u043d\u043e \u0432\u0440\u0435\u043c\u0435 \u0447\u0438\u0442\u0430\u045a\u0430":"2 \u043c\u0438\u043d\u0443\u0442\u0430"},"schema":{"@context":"https:\/\/schema.org","@graph":[{"@type":"WebPage","@id":"https:\/\/www.kemostik.com\/sr\/proizvodi\/lepkovi\/lepkovi-i-hemijski-proizvodi-za-ostale-namene\/","url":"https:\/\/www.kemostik.com\/sr\/proizvodi\/lepkovi\/lepkovi-i-hemijski-proizvodi-za-ostale-namene\/","name":"Lepkovi I hemijski proizvodi za ostale namene - KANSAI HELIOS Kemostik d.o.o","isPartOf":{"@id":"https:\/\/www.kemostik.com\/sr\/#website"},"datePublished":"2024-12-12T22:56:38+00:00","dateModified":"2025-03-19T16:50:29+00:00","breadcrumb":{"@id":"https:\/\/www.kemostik.com\/sr\/proizvodi\/lepkovi\/lepkovi-i-hemijski-proizvodi-za-ostale-namene\/#breadcrumb"},"inLanguage":"sr-RS","potentialAction":[{"@type":"ReadAction","target":["https:\/\/www.kemostik.com\/sr\/proizvodi\/lepkovi\/lepkovi-i-hemijski-proizvodi-za-ostale-namene\/"]}]},{"@type":"BreadcrumbList","@id":"https:\/\/www.kemostik.com\/sr\/proizvodi\/lepkovi\/lepkovi-i-hemijski-proizvodi-za-ostale-namene\/#breadcrumb","itemListElement":[{"@type":"ListItem","position":1,"name":"Home","item":"https:\/\/www.kemostik.com\/sr\/"},{"@type":"ListItem","position":2,"name":"Proizvodi","item":"https:\/\/www.kemostik.com\/sr\/izdelki\/"},{"@type":"ListItem","position":3,"name":"Lepkovi","item":"https:\/\/www.kemostik.com\/sr\/izdelki\/lepila\/"},{"@type":"ListItem","position":4,"name":"Lepkovi I hemijski proizvodi za ostale namene"}]},{"@type":"WebSite","@id":"https:\/\/www.kemostik.com\/sr\/#website","url":"https:\/\/www.kemostik.com\/sr\/","name":"KANSAI HELIOS Kemostik d.o.o","description":"","publisher":{"@id":"https:\/\/www.kemostik.com\/sr\/#organization"},"potentialAction":[{"@type":"SearchAction","target":{"@type":"EntryPoint","urlTemplate":"https:\/\/www.kemostik.com\/sr\/?s={search_term_string}"},"query-input":{"@type":"PropertyValueSpecification","valueRequired":true,"valueName":"search_term_string"}}],"inLanguage":"sr-RS"},{"@type":"Organization","@id":"https:\/\/www.kemostik.com\/sr\/#organization","name":"KANSAI HELIOS Kemostik d.o.o","url":"https:\/\/www.kemostik.com\/sr\/","logo":{"@type":"ImageObject","inLanguage":"sr-RS","@id":"https:\/\/www.kemostik.com\/sr\/#\/schema\/logo\/image\/","url":"https:\/\/www.kemostik.com\/wp-content\/uploads\/2024\/10\/kansai-helios-logo-transparent.png","contentUrl":"https:\/\/www.kemostik.com\/wp-content\/uploads\/2024\/10\/kansai-helios-logo-transparent.png","width":240,"height":90,"caption":"KANSAI HELIOS Kemostik d.o.o"},"image":{"@id":"https:\/\/www.kemostik.com\/sr\/#\/schema\/logo\/image\/"}}]}},"_links":{"self":[{"href":"https:\/\/www.kemostik.com\/sr\/wp-json\/wp\/v2\/pages\/1978","targetHints":{"allow":["GET"]}}],"collection":[{"href":"https:\/\/www.kemostik.com\/sr\/wp-json\/wp\/v2\/pages"}],"about":[{"href":"https:\/\/www.kemostik.com\/sr\/wp-json\/wp\/v2\/types\/page"}],"author":[{"embeddable":true,"href":"https:\/\/www.kemostik.com\/sr\/wp-json\/wp\/v2\/users\/1"}],"replies":[{"embeddable":true,"href":"https:\/\/www.kemostik.com\/sr\/wp-json\/wp\/v2\/comments?post=1978"}],"version-history":[{"count":2,"href":"https:\/\/www.kemostik.com\/sr\/wp-json\/wp\/v2\/pages\/1978\/revisions"}],"predecessor-version":[{"id":2284,"href":"https:\/\/www.kemostik.com\/sr\/wp-json\/wp\/v2\/pages\/1978\/revisions\/2284"}],"up":[{"embeddable":true,"href":"https:\/\/www.kemostik.com\/sr\/wp-json\/wp\/v2\/pages\/1986"}],"wp:attachment":[{"href":"https:\/\/www.kemostik.com\/sr\/wp-json\/wp\/v2\/media?parent=1978"}],"curies":[{"name":"wp","href":"https:\/\/api.w.org\/{rel}","templated":true}]}}