{"id":1990,"date":"2024-12-12T22:45:28","date_gmt":"2024-12-12T21:45:28","guid":{"rendered":"https:\/\/www.kemostik.com\/drugi-izdelki\/"},"modified":"2025-03-19T19:38:25","modified_gmt":"2025-03-19T18:38:25","slug":"ostali-proizvodi","status":"publish","type":"page","link":"https:\/\/www.kemostik.com\/sr\/proizvodi\/ostali-proizvodi\/","title":{"rendered":"Ostali proizvodi"},"content":{"rendered":"<div class=\"wpb-content-wrapper\"><p>[vc_row][vc_column][vc_row_inner][vc_column_inner width=&#8220;1\/2&#8243;][vc_custom_heading text=&#8220;BRUSNE PASTE&#8220; font_container=&#8220;tag:h5|text_align:left&#8220; use_theme_fonts=&#8220;yes&#8220; css=&#8220;&#8220;][vc_column_text css=&#8220;&#8220;]Za profesionalne korisnike u raznim granama industrije i trgovine, nudimo \u0161irok spektar brusnih pasta. U na\u0161em programu imamo slede\u0107e:<\/p>\n<ul>\n<li><strong>KEMIPOL<\/strong>\u00a0\u010dvrste brusne paste namenjene za bru\u0161enje svih vrsta metala, kao \u0161to je gvo\u017e\u0111e, \u010delik, ner\u0111aju\u0107i \u010delik, mesing, bakar, aluminijum, cink i razne vrste plemenitih metala.<\/li>\n<li><strong>Te\u010dne i meke brusne paste<\/strong>\u00a0su namenjene za bru\u0161enje ventila, vodovodinih instalacija kao i za najfinije bru\u0161enje u industriji precizne mehanike.<\/li>\n<\/ul>\n<div id=\"gtx-trans\" style=\"position: absolute; left: 224px; top: 198px;\">\n<div class=\"gtx-trans-icon\"><\/div>\n<\/div>\n<p>[\/vc_column_text][\/vc_column_inner][vc_column_inner width=&#8220;1\/2&#8243;][vc_single_image image=&#8220;769&#8243; img_size=&#8220;full&#8220; alignment=&#8220;center&#8220; css=&#8220;&#8220;][\/vc_column_inner][\/vc_row_inner]\r\n\t\t\t<div class=\"helios_section_distance xs\"><\/div>\r\n\r\n\t\t\t[vc_row_inner][vc_column_inner][vc_custom_heading text=&#8220;PASTE ZA PREDPOLIRANJE I POLIRANJE&#8220; font_container=&#8220;tag:h5|text_align:left&#8220; use_theme_fonts=&#8220;yes&#8220; css=&#8220;&#8220;][vc_column_text css=&#8220;&#8220;]U proizvodnji razli\u010ditih metalnih proizvoda, kao i plastike i komada name\u0161taja, poliranje je poslednja faza koja daje zavr\u0161ni sjaj proizvodu. Pod brendovima\u00a0<strong>KEMIPOL<\/strong>\u00a0i\u00a0<strong>PUROL<\/strong>\u00a0nudimo \u0161irok dijapazon \u010dvrstih i mekih pasti za poliranje i predpoliranje, za materijale kao \u0161to su gov\u017e\u0111e, \u010delik, ner\u0111aju\u0107i \u010delik, mesing, bakar, aluminijum, cink, plemeniti metali, \u010dvrsta plastika, i lakirane povr\u0161ine u industriji proizvodnje name\u0161taja.<\/p>\n<div id=\"gtx-trans\" style=\"position: absolute; left: 343px; top: 86px;\">\n<div class=\"gtx-trans-icon\"><\/div>\n<\/div>\n<p>[\/vc_column_text][\/vc_column_inner][\/vc_row_inner]\r\n\t\t\t<div class=\"helios_section_distance s\"><\/div>\r\n\r\n\t\t\t[\/vc_column][\/vc_row]<\/p>\n<\/div>","protected":false},"excerpt":{"rendered":"<p>[vc_row][vc_column][vc_row_inner][vc_column_inner width=&#8220;1\/2&#8243;][vc_custom_heading text=&#8220;BRUSNE PASTE&#8220; font_container=&#8220;tag:h5|text_align:left&#8220; use_theme_fonts=&#8220;yes&#8220; css=&#8220;&#8220;][vc_column_text css=&#8220;&#8220;]Za profesionalne korisnike u raznim granama industrije i trgovine, nudimo \u0161irok spektar brusnih pasta. U na\u0161em programu imamo slede\u0107e: KEMIPOL\u00a0\u010dvrste brusne paste namenjene za bru\u0161enje svih vrsta metala, kao \u0161to je gvo\u017e\u0111e, \u010delik, ner\u0111aju\u0107i \u010delik, mesing, bakar, aluminijum, cink i razne vrste plemenitih metala. Te\u010dne i meke brusne&#8230;<\/p>\n","protected":false},"author":1,"featured_media":0,"parent":1994,"menu_order":0,"comment_status":"closed","ping_status":"closed","template":"","meta":{"footnotes":""},"class_list":["post-1990","page","type-page","status-publish","hentry"],"yoast_head":"<!-- This site is optimized with the Yoast SEO plugin v27.2 - https:\/\/yoast.com\/product\/yoast-seo-wordpress\/ -->\n<title>Ostali proizvodi - KANSAI HELIOS Kemostik d.o.o<\/title>\n<meta name=\"robots\" content=\"index, follow, max-snippet:-1, max-image-preview:large, max-video-preview:-1\" \/>\n<link rel=\"canonical\" href=\"https:\/\/www.kemostik.com\/sr\/proizvodi\/ostali-proizvodi\/\" \/>\n<meta property=\"og:locale\" content=\"sr_RS\" \/>\n<meta property=\"og:type\" content=\"article\" \/>\n<meta property=\"og:title\" content=\"Ostali proizvodi - KANSAI HELIOS Kemostik d.o.o\" \/>\n<meta property=\"og:description\" content=\"[vc_row][vc_column][vc_row_inner][vc_column_inner width=&#8220;1\/2&#8243;][vc_custom_heading text=&#8220;BRUSNE PASTE&#8220; font_container=&#8220;tag:h5|text_align:left&#8220; use_theme_fonts=&#8220;yes&#8220; css=&#8220;&#8220;][vc_column_text css=&#8220;&#8220;]Za profesionalne korisnike u raznim granama industrije i trgovine, nudimo \u0161irok spektar brusnih pasta. U na\u0161em programu imamo slede\u0107e: KEMIPOL\u00a0\u010dvrste brusne paste namenjene za bru\u0161enje svih vrsta metala, kao \u0161to je gvo\u017e\u0111e, \u010delik, ner\u0111aju\u0107i \u010delik, mesing, bakar, aluminijum, cink i razne vrste plemenitih metala. Te\u010dne i meke brusne...\" \/>\n<meta property=\"og:url\" content=\"https:\/\/www.kemostik.com\/sr\/proizvodi\/ostali-proizvodi\/\" \/>\n<meta property=\"og:site_name\" content=\"KANSAI HELIOS Kemostik d.o.o\" \/>\n<meta property=\"article:modified_time\" content=\"2025-03-19T18:38:25+00:00\" \/>\n<meta name=\"twitter:card\" content=\"summary_large_image\" \/>\n<meta name=\"twitter:label1\" content=\"\u041f\u0440\u043e\u0446\u0435\u045a\u0435\u043d\u043e \u0432\u0440\u0435\u043c\u0435 \u0447\u0438\u0442\u0430\u045a\u0430\" \/>\n\t<meta name=\"twitter:data1\" content=\"1 \u043c\u0438\u043d\u0443\u0442\" \/>\n<script type=\"application\/ld+json\" class=\"yoast-schema-graph\">{\"@context\":\"https:\/\/schema.org\",\"@graph\":[{\"@type\":\"WebPage\",\"@id\":\"https:\/\/www.kemostik.com\/sr\/proizvodi\/ostali-proizvodi\/\",\"url\":\"https:\/\/www.kemostik.com\/sr\/proizvodi\/ostali-proizvodi\/\",\"name\":\"Ostali proizvodi - KANSAI HELIOS Kemostik d.o.o\",\"isPartOf\":{\"@id\":\"https:\/\/www.kemostik.com\/sr\/#website\"},\"datePublished\":\"2024-12-12T21:45:28+00:00\",\"dateModified\":\"2025-03-19T18:38:25+00:00\",\"breadcrumb\":{\"@id\":\"https:\/\/www.kemostik.com\/sr\/proizvodi\/ostali-proizvodi\/#breadcrumb\"},\"inLanguage\":\"sr-RS\",\"potentialAction\":[{\"@type\":\"ReadAction\",\"target\":[\"https:\/\/www.kemostik.com\/sr\/proizvodi\/ostali-proizvodi\/\"]}]},{\"@type\":\"BreadcrumbList\",\"@id\":\"https:\/\/www.kemostik.com\/sr\/proizvodi\/ostali-proizvodi\/#breadcrumb\",\"itemListElement\":[{\"@type\":\"ListItem\",\"position\":1,\"name\":\"Home\",\"item\":\"https:\/\/www.kemostik.com\/sr\/\"},{\"@type\":\"ListItem\",\"position\":2,\"name\":\"Proizvodi\",\"item\":\"https:\/\/www.kemostik.com\/sr\/izdelki\/\"},{\"@type\":\"ListItem\",\"position\":3,\"name\":\"Ostali proizvodi\"}]},{\"@type\":\"WebSite\",\"@id\":\"https:\/\/www.kemostik.com\/sr\/#website\",\"url\":\"https:\/\/www.kemostik.com\/sr\/\",\"name\":\"KANSAI HELIOS Kemostik d.o.o\",\"description\":\"\",\"publisher\":{\"@id\":\"https:\/\/www.kemostik.com\/sr\/#organization\"},\"potentialAction\":[{\"@type\":\"SearchAction\",\"target\":{\"@type\":\"EntryPoint\",\"urlTemplate\":\"https:\/\/www.kemostik.com\/sr\/?s={search_term_string}\"},\"query-input\":{\"@type\":\"PropertyValueSpecification\",\"valueRequired\":true,\"valueName\":\"search_term_string\"}}],\"inLanguage\":\"sr-RS\"},{\"@type\":\"Organization\",\"@id\":\"https:\/\/www.kemostik.com\/sr\/#organization\",\"name\":\"KANSAI HELIOS Kemostik d.o.o\",\"url\":\"https:\/\/www.kemostik.com\/sr\/\",\"logo\":{\"@type\":\"ImageObject\",\"inLanguage\":\"sr-RS\",\"@id\":\"https:\/\/www.kemostik.com\/sr\/#\/schema\/logo\/image\/\",\"url\":\"https:\/\/www.kemostik.com\/wp-content\/uploads\/2024\/10\/kansai-helios-logo-transparent.png\",\"contentUrl\":\"https:\/\/www.kemostik.com\/wp-content\/uploads\/2024\/10\/kansai-helios-logo-transparent.png\",\"width\":240,\"height\":90,\"caption\":\"KANSAI HELIOS Kemostik d.o.o\"},\"image\":{\"@id\":\"https:\/\/www.kemostik.com\/sr\/#\/schema\/logo\/image\/\"}}]}<\/script>\n<!-- \/ Yoast SEO plugin. -->","yoast_head_json":{"title":"Ostali proizvodi - KANSAI HELIOS Kemostik d.o.o","robots":{"index":"index","follow":"follow","max-snippet":"max-snippet:-1","max-image-preview":"max-image-preview:large","max-video-preview":"max-video-preview:-1"},"canonical":"https:\/\/www.kemostik.com\/sr\/proizvodi\/ostali-proizvodi\/","og_locale":"sr_RS","og_type":"article","og_title":"Ostali proizvodi - KANSAI HELIOS Kemostik d.o.o","og_description":"[vc_row][vc_column][vc_row_inner][vc_column_inner width=&#8220;1\/2&#8243;][vc_custom_heading text=&#8220;BRUSNE PASTE&#8220; font_container=&#8220;tag:h5|text_align:left&#8220; use_theme_fonts=&#8220;yes&#8220; css=&#8220;&#8220;][vc_column_text css=&#8220;&#8220;]Za profesionalne korisnike u raznim granama industrije i trgovine, nudimo \u0161irok spektar brusnih pasta. U na\u0161em programu imamo slede\u0107e: KEMIPOL\u00a0\u010dvrste brusne paste namenjene za bru\u0161enje svih vrsta metala, kao \u0161to je gvo\u017e\u0111e, \u010delik, ner\u0111aju\u0107i \u010delik, mesing, bakar, aluminijum, cink i razne vrste plemenitih metala. Te\u010dne i meke brusne...","og_url":"https:\/\/www.kemostik.com\/sr\/proizvodi\/ostali-proizvodi\/","og_site_name":"KANSAI HELIOS Kemostik d.o.o","article_modified_time":"2025-03-19T18:38:25+00:00","twitter_card":"summary_large_image","twitter_misc":{"\u041f\u0440\u043e\u0446\u0435\u045a\u0435\u043d\u043e \u0432\u0440\u0435\u043c\u0435 \u0447\u0438\u0442\u0430\u045a\u0430":"1 \u043c\u0438\u043d\u0443\u0442"},"schema":{"@context":"https:\/\/schema.org","@graph":[{"@type":"WebPage","@id":"https:\/\/www.kemostik.com\/sr\/proizvodi\/ostali-proizvodi\/","url":"https:\/\/www.kemostik.com\/sr\/proizvodi\/ostali-proizvodi\/","name":"Ostali proizvodi - KANSAI HELIOS Kemostik d.o.o","isPartOf":{"@id":"https:\/\/www.kemostik.com\/sr\/#website"},"datePublished":"2024-12-12T21:45:28+00:00","dateModified":"2025-03-19T18:38:25+00:00","breadcrumb":{"@id":"https:\/\/www.kemostik.com\/sr\/proizvodi\/ostali-proizvodi\/#breadcrumb"},"inLanguage":"sr-RS","potentialAction":[{"@type":"ReadAction","target":["https:\/\/www.kemostik.com\/sr\/proizvodi\/ostali-proizvodi\/"]}]},{"@type":"BreadcrumbList","@id":"https:\/\/www.kemostik.com\/sr\/proizvodi\/ostali-proizvodi\/#breadcrumb","itemListElement":[{"@type":"ListItem","position":1,"name":"Home","item":"https:\/\/www.kemostik.com\/sr\/"},{"@type":"ListItem","position":2,"name":"Proizvodi","item":"https:\/\/www.kemostik.com\/sr\/izdelki\/"},{"@type":"ListItem","position":3,"name":"Ostali proizvodi"}]},{"@type":"WebSite","@id":"https:\/\/www.kemostik.com\/sr\/#website","url":"https:\/\/www.kemostik.com\/sr\/","name":"KANSAI HELIOS Kemostik d.o.o","description":"","publisher":{"@id":"https:\/\/www.kemostik.com\/sr\/#organization"},"potentialAction":[{"@type":"SearchAction","target":{"@type":"EntryPoint","urlTemplate":"https:\/\/www.kemostik.com\/sr\/?s={search_term_string}"},"query-input":{"@type":"PropertyValueSpecification","valueRequired":true,"valueName":"search_term_string"}}],"inLanguage":"sr-RS"},{"@type":"Organization","@id":"https:\/\/www.kemostik.com\/sr\/#organization","name":"KANSAI HELIOS Kemostik d.o.o","url":"https:\/\/www.kemostik.com\/sr\/","logo":{"@type":"ImageObject","inLanguage":"sr-RS","@id":"https:\/\/www.kemostik.com\/sr\/#\/schema\/logo\/image\/","url":"https:\/\/www.kemostik.com\/wp-content\/uploads\/2024\/10\/kansai-helios-logo-transparent.png","contentUrl":"https:\/\/www.kemostik.com\/wp-content\/uploads\/2024\/10\/kansai-helios-logo-transparent.png","width":240,"height":90,"caption":"KANSAI HELIOS Kemostik d.o.o"},"image":{"@id":"https:\/\/www.kemostik.com\/sr\/#\/schema\/logo\/image\/"}}]}},"_links":{"self":[{"href":"https:\/\/www.kemostik.com\/sr\/wp-json\/wp\/v2\/pages\/1990","targetHints":{"allow":["GET"]}}],"collection":[{"href":"https:\/\/www.kemostik.com\/sr\/wp-json\/wp\/v2\/pages"}],"about":[{"href":"https:\/\/www.kemostik.com\/sr\/wp-json\/wp\/v2\/types\/page"}],"author":[{"embeddable":true,"href":"https:\/\/www.kemostik.com\/sr\/wp-json\/wp\/v2\/users\/1"}],"replies":[{"embeddable":true,"href":"https:\/\/www.kemostik.com\/sr\/wp-json\/wp\/v2\/comments?post=1990"}],"version-history":[{"count":2,"href":"https:\/\/www.kemostik.com\/sr\/wp-json\/wp\/v2\/pages\/1990\/revisions"}],"predecessor-version":[{"id":2307,"href":"https:\/\/www.kemostik.com\/sr\/wp-json\/wp\/v2\/pages\/1990\/revisions\/2307"}],"up":[{"embeddable":true,"href":"https:\/\/www.kemostik.com\/sr\/wp-json\/wp\/v2\/pages\/1994"}],"wp:attachment":[{"href":"https:\/\/www.kemostik.com\/sr\/wp-json\/wp\/v2\/media?parent=1990"}],"curies":[{"name":"wp","href":"https:\/\/api.w.org\/{rel}","templated":true}]}}