{"id":2018,"date":"2025-01-23T15:08:27","date_gmt":"2025-01-23T14:08:27","guid":{"rendered":"https:\/\/www.kemostik.com\/neostik\/lepila\/lepila-za-les\/"},"modified":"2025-04-05T11:03:28","modified_gmt":"2025-04-05T09:03:28","slug":"lepkovi-za-drvo","status":"publish","type":"page","link":"https:\/\/www.kemostik.com\/sr\/neostik\/lepkovi\/lepkovi-za-drvo\/","title":{"rendered":"Lepkovi za drvo"},"content":{"rendered":"<div class=\"wpb-content-wrapper\"><p>[vc_row][vc_column][vc_row_inner][vc_column_inner width=&#8220;1\/2&#8243;][vc_column_text css=&#8220;&#8220;]Neostik AquaBond su beli disperzivni lepkovi, namenjeni lepljenju drveta. Odlikuju ih prozirnost, elasti\u010dnost i \u017eilavost osu\u0161enog lepljenog sloja.<\/p>\n<p><span id=\"more-2090\"><\/span><br \/>\nLepkovi Neostik Aquabond su pakovani u prakti\u010dne boce s nastavkom za jednostavno nano\u0161enje.[\/vc_column_text][\/vc_column_inner][vc_column_inner width=&#8220;1\/2&#8243;][vc_single_image image=&#8220;432&#8243; img_size=&#8220;&#8220; alignment=&#8220;center&#8220; css=&#8220;&#8220;][\/vc_column_inner][\/vc_row_inner][\/vc_column][\/vc_row][vc_row css=&#8220;.vc_custom_1737578071091{margin-top: 40px !important;}&#8220;][vc_column width=&#8220;1\/3&#8243;][vc_single_image image=&#8220;431&#8243; img_size=&#8220;full&#8220; alignment=&#8220;center&#8220; css=&#8220;&#8220;][\/vc_column][vc_column width=&#8220;2\/3&#8243;][vc_custom_heading text=&#8220;Neostik AQUA BOND UNIVERSAL&#8220; font_container=&#8220;tag:h5|text_align:left|color:%23AE841F&#8220; use_theme_fonts=&#8220;yes&#8220; css=&#8220;&#8220;][vc_column_text css=&#8220;&#8220;]Univerzalni lepak za drvo, \u0161perplo\u010de, iverice, karton i tekstil.[\/vc_column_text][vc_column_text css=&#8220;&#8220; el_class=&#8220;neostik-url&#8220;]<a href=\"https:\/\/www.kemostik.com\/sr\/neostik\/lepkovi\/lepkovi-za-drvo\/neostik-ds-301-aqua-bond-universal\/\">Preberite ve\u010d<\/a><\/p>\n<p>&nbsp;<\/p>\n<div id=\"gtx-trans\" style=\"position: absolute; left: -19px; top: -10px;\">\n<div class=\"gtx-trans-icon\"><\/div>\n<\/div>\n<p>[\/vc_column_text][\/vc_column][\/vc_row][vc_row css=&#8220;.vc_custom_1737578079739{margin-top: 40px !important;}&#8220;][vc_column width=&#8220;1\/3&#8243;][vc_single_image image=&#8220;430&#8243; img_size=&#8220;full&#8220; alignment=&#8220;center&#8220; css=&#8220;&#8220;][\/vc_column][vc_column width=&#8220;2\/3&#8243;][vc_custom_heading text=&#8220;Neostik AQUA BOND EXTRA&#8220; font_container=&#8220;tag:h5|text_align:left|color:%23AE841F&#8220; use_theme_fonts=&#8220;yes&#8220; css=&#8220;&#8220;][vc_column_text css=&#8220;&#8220;]Vodootporni lepak za drvo, posebno namenjen proizvodima, koji su izlo\u017eeni visokoj vazdu\u0161noj vlazi ili hladnoj vodi. Vodootpornost i tvrdo\u0107a spoja su sukladni s EN 204 D3.[\/vc_column_text][vc_column_text css=&#8220;&#8220; el_class=&#8220;neostik-url&#8220;]<a href=\"https:\/\/www.kemostik.com\/sr\/neostik\/lepkovi\/lepkovi-za-drvo\/neostik-ds-311-aqua-bond-extra\/\">Preberite ve\u010d<\/a><\/p>\n<p>&nbsp;<\/p>\n<div id=\"gtx-trans\" style=\"position: absolute; left: -165px; top: -10px;\">\n<div class=\"gtx-trans-icon\"><\/div>\n<\/div>\n<p>[\/vc_column_text][\/vc_column][\/vc_row][vc_row css=&#8220;.vc_custom_1737578086493{margin-top: 40px !important;}&#8220;][vc_column width=&#8220;1\/3&#8243;][vc_single_image image=&#8220;429&#8243; img_size=&#8220;full&#8220; alignment=&#8220;center&#8220; css=&#8220;&#8220;][\/vc_column][vc_column width=&#8220;2\/3&#8243;][vc_custom_heading text=&#8220;Neostik AQUA BOND EXPRESS&#8220; font_container=&#8220;tag:h5|text_align:left|color:%23AE841F&#8220; use_theme_fonts=&#8220;yes&#8220; css=&#8220;&#8220;][vc_column_text css=&#8220;&#8220;]Univerzalni brzi lepak za drvo, posebno namenjen proizvodima, koji su izlo\u017eeni visokoj vazdu\u0161noj vlazi ili hladnoj vodi.<br \/>\nZalepi u nekoliko sekundi.[\/vc_column_text][vc_column_text css=&#8220;&#8220; el_class=&#8220;neostik-url&#8220;]<a href=\"https:\/\/www.kemostik.com\/sr\/neostik\/lepkovi\/lepkovi-za-drvo\/neostik-ds-312-aqua-bond-express\/\">Preberite ve\u010d<\/a><\/p>\n<p>&nbsp;<\/p>\n<div id=\"gtx-trans\" style=\"position: absolute; left: -67px; top: 38px;\">\n<div class=\"gtx-trans-icon\"><\/div>\n<\/div>\n<p>[\/vc_column_text][\/vc_column][\/vc_row][vc_row css=&#8220;.vc_custom_1737578094126{margin-top: 40px !important;}&#8220;][vc_column width=&#8220;1\/3&#8243;][vc_single_image image=&#8220;428&#8243; img_size=&#8220;full&#8220; alignment=&#8220;center&#8220; css=&#8220;&#8220;][\/vc_column][vc_column width=&#8220;2\/3&#8243;][vc_custom_heading text=&#8220;Neostik AQUA BOND LAMINAT &amp; PARKET&#8220; font_container=&#8220;tag:h5|text_align:left|color:%23AE841F&#8220; use_theme_fonts=&#8220;yes&#8220; css=&#8220;&#8220;][vc_column_text css=&#8220;&#8220;]Neostik AQUA BOND LAMINAT&amp;PARKET je jednokomponentni vodoodporni disperzivni lepak na osnovi PVAc disperzije. S njim mo\u017eete lepiti i popuniti \u017eljebove pri spajanju posebnih drvenih elemenata: laminata, gotovog parketa i iverice.[\/vc_column_text][vc_column_text css=&#8220;&#8220; el_class=&#8220;neostik-url&#8220;]<a href=\"https:\/\/www.kemostik.com\/sr\/neostik\/lepkovi\/lepkovi-za-drvo\/neostik-ds-903-aqua-bond-laminat-parket\/\">Preberite ve\u010d<\/a><\/p>\n<p>&nbsp;<\/p>\n<div id=\"gtx-trans\" style=\"position: absolute; left: -36px; top: -10px;\">\n<div class=\"gtx-trans-icon\"><\/div>\n<\/div>\n<p>[\/vc_column_text][\/vc_column][\/vc_row][vc_row css=&#8220;.vc_custom_1737578094126{margin-top: 40px !important;}&#8220;][vc_column width=&#8220;1\/3&#8243;][vc_single_image image=&#8220;427&#8243; img_size=&#8220;full&#8220; alignment=&#8220;center&#8220; css=&#8220;&#8220;][\/vc_column][vc_column width=&#8220;2\/3&#8243;][vc_custom_heading text=&#8220;Neostik PUR BOND SPECIAL&#8220; font_container=&#8220;tag:h5|text_align:left|color:%23AE841F&#8220; use_theme_fonts=&#8220;yes&#8220; css=&#8220;&#8220;][vc_column_text css=&#8220;&#8220;]Neostik PUR BOND SPECIAL je jednokomponentni poliuretanski lepak bez organskih razre\u0111iva\u010da. Namenjen je lepljenju jako optere\u0107enih povr\u0161ina drveta, kamena, betona, keramike, stiropora, izolacijskih materijala, metala \u2013 spolja i unutra.[\/vc_column_text][vc_column_text css=&#8220;&#8220; el_class=&#8220;neostik-url&#8220;]<a href=\"https:\/\/www.kemostik.com\/sr\/neostik\/lepkovi\/lepkovi-za-drvo\/neostik-pu-304-pur-bond-special\/\">Preberite ve\u010d<\/a><\/p>\n<div id=\"gtx-trans\" style=\"position: absolute; left: -26px; top: -10px;\">\n<div class=\"gtx-trans-icon\"><\/div>\n<\/div>\n<p>[\/vc_column_text][\/vc_column][\/vc_row]<\/p>\n<\/div>","protected":false},"excerpt":{"rendered":"<p>[vc_row][vc_column][vc_row_inner][vc_column_inner width=&#8220;1\/2&#8243;][vc_column_text css=&#8220;&#8220;]Neostik AquaBond su beli disperzivni lepkovi, namenjeni lepljenju drveta. Odlikuju ih prozirnost, elasti\u010dnost i \u017eilavost osu\u0161enog lepljenog sloja. Lepkovi Neostik Aquabond su pakovani u prakti\u010dne boce s nastavkom za jednostavno nano\u0161enje.[\/vc_column_text][\/vc_column_inner][vc_column_inner width=&#8220;1\/2&#8243;][vc_single_image image=&#8220;432&#8243; img_size=&#8220;&#8220; alignment=&#8220;center&#8220; css=&#8220;&#8220;][\/vc_column_inner][\/vc_row_inner][\/vc_column][\/vc_row][vc_row css=&#8220;.vc_custom_1737578071091{margin-top: 40px !important;}&#8220;][vc_column width=&#8220;1\/3&#8243;][vc_single_image image=&#8220;431&#8243; img_size=&#8220;full&#8220; alignment=&#8220;center&#8220; css=&#8220;&#8220;][\/vc_column][vc_column width=&#8220;2\/3&#8243;][vc_custom_heading text=&#8220;Neostik AQUA BOND UNIVERSAL&#8220; font_container=&#8220;tag:h5|text_align:left|color:%23AE841F&#8220; use_theme_fonts=&#8220;yes&#8220; css=&#8220;&#8220;][vc_column_text css=&#8220;&#8220;]Univerzalni&#8230;<\/p>\n","protected":false},"author":1,"featured_media":0,"parent":1844,"menu_order":0,"comment_status":"closed","ping_status":"closed","template":"","meta":{"footnotes":""},"class_list":["post-2018","page","type-page","status-publish","hentry"],"yoast_head":"<!-- This site is optimized with the Yoast SEO plugin v27.2 - https:\/\/yoast.com\/product\/yoast-seo-wordpress\/ -->\n<title>Lepkovi za drvo - KANSAI HELIOS Kemostik d.o.o<\/title>\n<meta name=\"robots\" content=\"index, follow, max-snippet:-1, max-image-preview:large, max-video-preview:-1\" \/>\n<link rel=\"canonical\" href=\"https:\/\/www.kemostik.com\/sr\/neostik\/lepkovi\/lepkovi-za-drvo\/\" \/>\n<meta property=\"og:locale\" content=\"sr_RS\" \/>\n<meta property=\"og:type\" content=\"article\" \/>\n<meta property=\"og:title\" content=\"Lepkovi za drvo - KANSAI HELIOS Kemostik d.o.o\" \/>\n<meta property=\"og:description\" content=\"[vc_row][vc_column][vc_row_inner][vc_column_inner width=&#8220;1\/2&#8243;][vc_column_text css=&#8220;&#8220;]Neostik AquaBond su beli disperzivni lepkovi, namenjeni lepljenju drveta. Odlikuju ih prozirnost, elasti\u010dnost i \u017eilavost osu\u0161enog lepljenog sloja. Lepkovi Neostik Aquabond su pakovani u prakti\u010dne boce s nastavkom za jednostavno nano\u0161enje.[\/vc_column_text][\/vc_column_inner][vc_column_inner width=&#8220;1\/2&#8243;][vc_single_image image=&#8220;432&#8243; img_size=&#8220;&#8220; alignment=&#8220;center&#8220; css=&#8220;&#8220;][\/vc_column_inner][\/vc_row_inner][\/vc_column][\/vc_row][vc_row css=&#8220;.vc_custom_1737578071091{margin-top: 40px !important;}&#8220;][vc_column width=&#8220;1\/3&#8243;][vc_single_image image=&#8220;431&#8243; img_size=&#8220;full&#8220; alignment=&#8220;center&#8220; css=&#8220;&#8220;][\/vc_column][vc_column width=&#8220;2\/3&#8243;][vc_custom_heading text=&#8220;Neostik AQUA BOND UNIVERSAL&#8220; font_container=&#8220;tag:h5|text_align:left|color:%23AE841F&#8220; use_theme_fonts=&#8220;yes&#8220; css=&#8220;&#8220;][vc_column_text css=&#8220;&#8220;]Univerzalni...\" \/>\n<meta property=\"og:url\" content=\"https:\/\/www.kemostik.com\/sr\/neostik\/lepkovi\/lepkovi-za-drvo\/\" \/>\n<meta property=\"og:site_name\" content=\"KANSAI HELIOS Kemostik d.o.o\" \/>\n<meta property=\"article:modified_time\" content=\"2025-04-05T09:03:28+00:00\" \/>\n<meta name=\"twitter:card\" content=\"summary_large_image\" \/>\n<meta name=\"twitter:label1\" content=\"\u041f\u0440\u043e\u0446\u0435\u045a\u0435\u043d\u043e \u0432\u0440\u0435\u043c\u0435 \u0447\u0438\u0442\u0430\u045a\u0430\" \/>\n\t<meta name=\"twitter:data1\" content=\"3 \u043c\u0438\u043d\u0443\u0442\u0430\" \/>\n<script type=\"application\/ld+json\" class=\"yoast-schema-graph\">{\"@context\":\"https:\/\/schema.org\",\"@graph\":[{\"@type\":\"WebPage\",\"@id\":\"https:\/\/www.kemostik.com\/sr\/neostik\/lepkovi\/lepkovi-za-drvo\/\",\"url\":\"https:\/\/www.kemostik.com\/sr\/neostik\/lepkovi\/lepkovi-za-drvo\/\",\"name\":\"Lepkovi za drvo - KANSAI HELIOS Kemostik d.o.o\",\"isPartOf\":{\"@id\":\"https:\/\/www.kemostik.com\/sr\/#website\"},\"datePublished\":\"2025-01-23T14:08:27+00:00\",\"dateModified\":\"2025-04-05T09:03:28+00:00\",\"breadcrumb\":{\"@id\":\"https:\/\/www.kemostik.com\/sr\/neostik\/lepkovi\/lepkovi-za-drvo\/#breadcrumb\"},\"inLanguage\":\"sr-RS\",\"potentialAction\":[{\"@type\":\"ReadAction\",\"target\":[\"https:\/\/www.kemostik.com\/sr\/neostik\/lepkovi\/lepkovi-za-drvo\/\"]}]},{\"@type\":\"BreadcrumbList\",\"@id\":\"https:\/\/www.kemostik.com\/sr\/neostik\/lepkovi\/lepkovi-za-drvo\/#breadcrumb\",\"itemListElement\":[{\"@type\":\"ListItem\",\"position\":1,\"name\":\"Home\",\"item\":\"https:\/\/www.kemostik.com\/sr\/\"},{\"@type\":\"ListItem\",\"position\":2,\"name\":\"NEOSTIK\",\"item\":\"https:\/\/www.kemostik.com\/sr\/neostik\/\"},{\"@type\":\"ListItem\",\"position\":3,\"name\":\"Lepkovi\",\"item\":\"https:\/\/www.kemostik.com\/sr\/neostik\/lepila\/\"},{\"@type\":\"ListItem\",\"position\":4,\"name\":\"Lepkovi za drvo\"}]},{\"@type\":\"WebSite\",\"@id\":\"https:\/\/www.kemostik.com\/sr\/#website\",\"url\":\"https:\/\/www.kemostik.com\/sr\/\",\"name\":\"KANSAI HELIOS Kemostik d.o.o\",\"description\":\"\",\"publisher\":{\"@id\":\"https:\/\/www.kemostik.com\/sr\/#organization\"},\"potentialAction\":[{\"@type\":\"SearchAction\",\"target\":{\"@type\":\"EntryPoint\",\"urlTemplate\":\"https:\/\/www.kemostik.com\/sr\/?s={search_term_string}\"},\"query-input\":{\"@type\":\"PropertyValueSpecification\",\"valueRequired\":true,\"valueName\":\"search_term_string\"}}],\"inLanguage\":\"sr-RS\"},{\"@type\":\"Organization\",\"@id\":\"https:\/\/www.kemostik.com\/sr\/#organization\",\"name\":\"KANSAI HELIOS Kemostik d.o.o\",\"url\":\"https:\/\/www.kemostik.com\/sr\/\",\"logo\":{\"@type\":\"ImageObject\",\"inLanguage\":\"sr-RS\",\"@id\":\"https:\/\/www.kemostik.com\/sr\/#\/schema\/logo\/image\/\",\"url\":\"https:\/\/www.kemostik.com\/wp-content\/uploads\/2024\/10\/kansai-helios-logo-transparent.png\",\"contentUrl\":\"https:\/\/www.kemostik.com\/wp-content\/uploads\/2024\/10\/kansai-helios-logo-transparent.png\",\"width\":240,\"height\":90,\"caption\":\"KANSAI HELIOS Kemostik d.o.o\"},\"image\":{\"@id\":\"https:\/\/www.kemostik.com\/sr\/#\/schema\/logo\/image\/\"}}]}<\/script>\n<!-- \/ Yoast SEO plugin. -->","yoast_head_json":{"title":"Lepkovi za drvo - KANSAI HELIOS Kemostik d.o.o","robots":{"index":"index","follow":"follow","max-snippet":"max-snippet:-1","max-image-preview":"max-image-preview:large","max-video-preview":"max-video-preview:-1"},"canonical":"https:\/\/www.kemostik.com\/sr\/neostik\/lepkovi\/lepkovi-za-drvo\/","og_locale":"sr_RS","og_type":"article","og_title":"Lepkovi za drvo - KANSAI HELIOS Kemostik d.o.o","og_description":"[vc_row][vc_column][vc_row_inner][vc_column_inner width=&#8220;1\/2&#8243;][vc_column_text css=&#8220;&#8220;]Neostik AquaBond su beli disperzivni lepkovi, namenjeni lepljenju drveta. Odlikuju ih prozirnost, elasti\u010dnost i \u017eilavost osu\u0161enog lepljenog sloja. Lepkovi Neostik Aquabond su pakovani u prakti\u010dne boce s nastavkom za jednostavno nano\u0161enje.[\/vc_column_text][\/vc_column_inner][vc_column_inner width=&#8220;1\/2&#8243;][vc_single_image image=&#8220;432&#8243; img_size=&#8220;&#8220; alignment=&#8220;center&#8220; css=&#8220;&#8220;][\/vc_column_inner][\/vc_row_inner][\/vc_column][\/vc_row][vc_row css=&#8220;.vc_custom_1737578071091{margin-top: 40px !important;}&#8220;][vc_column width=&#8220;1\/3&#8243;][vc_single_image image=&#8220;431&#8243; img_size=&#8220;full&#8220; alignment=&#8220;center&#8220; css=&#8220;&#8220;][\/vc_column][vc_column width=&#8220;2\/3&#8243;][vc_custom_heading text=&#8220;Neostik AQUA BOND UNIVERSAL&#8220; font_container=&#8220;tag:h5|text_align:left|color:%23AE841F&#8220; use_theme_fonts=&#8220;yes&#8220; css=&#8220;&#8220;][vc_column_text css=&#8220;&#8220;]Univerzalni...","og_url":"https:\/\/www.kemostik.com\/sr\/neostik\/lepkovi\/lepkovi-za-drvo\/","og_site_name":"KANSAI HELIOS Kemostik d.o.o","article_modified_time":"2025-04-05T09:03:28+00:00","twitter_card":"summary_large_image","twitter_misc":{"\u041f\u0440\u043e\u0446\u0435\u045a\u0435\u043d\u043e \u0432\u0440\u0435\u043c\u0435 \u0447\u0438\u0442\u0430\u045a\u0430":"3 \u043c\u0438\u043d\u0443\u0442\u0430"},"schema":{"@context":"https:\/\/schema.org","@graph":[{"@type":"WebPage","@id":"https:\/\/www.kemostik.com\/sr\/neostik\/lepkovi\/lepkovi-za-drvo\/","url":"https:\/\/www.kemostik.com\/sr\/neostik\/lepkovi\/lepkovi-za-drvo\/","name":"Lepkovi za drvo - KANSAI HELIOS Kemostik d.o.o","isPartOf":{"@id":"https:\/\/www.kemostik.com\/sr\/#website"},"datePublished":"2025-01-23T14:08:27+00:00","dateModified":"2025-04-05T09:03:28+00:00","breadcrumb":{"@id":"https:\/\/www.kemostik.com\/sr\/neostik\/lepkovi\/lepkovi-za-drvo\/#breadcrumb"},"inLanguage":"sr-RS","potentialAction":[{"@type":"ReadAction","target":["https:\/\/www.kemostik.com\/sr\/neostik\/lepkovi\/lepkovi-za-drvo\/"]}]},{"@type":"BreadcrumbList","@id":"https:\/\/www.kemostik.com\/sr\/neostik\/lepkovi\/lepkovi-za-drvo\/#breadcrumb","itemListElement":[{"@type":"ListItem","position":1,"name":"Home","item":"https:\/\/www.kemostik.com\/sr\/"},{"@type":"ListItem","position":2,"name":"NEOSTIK","item":"https:\/\/www.kemostik.com\/sr\/neostik\/"},{"@type":"ListItem","position":3,"name":"Lepkovi","item":"https:\/\/www.kemostik.com\/sr\/neostik\/lepila\/"},{"@type":"ListItem","position":4,"name":"Lepkovi za drvo"}]},{"@type":"WebSite","@id":"https:\/\/www.kemostik.com\/sr\/#website","url":"https:\/\/www.kemostik.com\/sr\/","name":"KANSAI HELIOS Kemostik d.o.o","description":"","publisher":{"@id":"https:\/\/www.kemostik.com\/sr\/#organization"},"potentialAction":[{"@type":"SearchAction","target":{"@type":"EntryPoint","urlTemplate":"https:\/\/www.kemostik.com\/sr\/?s={search_term_string}"},"query-input":{"@type":"PropertyValueSpecification","valueRequired":true,"valueName":"search_term_string"}}],"inLanguage":"sr-RS"},{"@type":"Organization","@id":"https:\/\/www.kemostik.com\/sr\/#organization","name":"KANSAI HELIOS Kemostik d.o.o","url":"https:\/\/www.kemostik.com\/sr\/","logo":{"@type":"ImageObject","inLanguage":"sr-RS","@id":"https:\/\/www.kemostik.com\/sr\/#\/schema\/logo\/image\/","url":"https:\/\/www.kemostik.com\/wp-content\/uploads\/2024\/10\/kansai-helios-logo-transparent.png","contentUrl":"https:\/\/www.kemostik.com\/wp-content\/uploads\/2024\/10\/kansai-helios-logo-transparent.png","width":240,"height":90,"caption":"KANSAI HELIOS Kemostik d.o.o"},"image":{"@id":"https:\/\/www.kemostik.com\/sr\/#\/schema\/logo\/image\/"}}]}},"_links":{"self":[{"href":"https:\/\/www.kemostik.com\/sr\/wp-json\/wp\/v2\/pages\/2018","targetHints":{"allow":["GET"]}}],"collection":[{"href":"https:\/\/www.kemostik.com\/sr\/wp-json\/wp\/v2\/pages"}],"about":[{"href":"https:\/\/www.kemostik.com\/sr\/wp-json\/wp\/v2\/types\/page"}],"author":[{"embeddable":true,"href":"https:\/\/www.kemostik.com\/sr\/wp-json\/wp\/v2\/users\/1"}],"replies":[{"embeddable":true,"href":"https:\/\/www.kemostik.com\/sr\/wp-json\/wp\/v2\/comments?post=2018"}],"version-history":[{"count":5,"href":"https:\/\/www.kemostik.com\/sr\/wp-json\/wp\/v2\/pages\/2018\/revisions"}],"predecessor-version":[{"id":3627,"href":"https:\/\/www.kemostik.com\/sr\/wp-json\/wp\/v2\/pages\/2018\/revisions\/3627"}],"up":[{"embeddable":true,"href":"https:\/\/www.kemostik.com\/sr\/wp-json\/wp\/v2\/pages\/1844"}],"wp:attachment":[{"href":"https:\/\/www.kemostik.com\/sr\/wp-json\/wp\/v2\/media?parent=2018"}],"curies":[{"name":"wp","href":"https:\/\/api.w.org\/{rel}","templated":true}]}}