{"id":2038,"date":"2025-01-24T15:01:08","date_gmt":"2025-01-24T14:01:08","guid":{"rendered":"https:\/\/www.kemostik.com\/neostik\/lepila\/lepila-za-les\/neostik-pur-bond-special\/"},"modified":"2025-03-28T16:25:08","modified_gmt":"2025-03-28T15:25:08","slug":"neostik-pu-304-pur-bond-special","status":"publish","type":"page","link":"https:\/\/www.kemostik.com\/sr\/neostik\/lepkovi\/lepkovi-za-drvo\/neostik-pu-304-pur-bond-special\/","title":{"rendered":"Neostik PUR BOND SPECIAL"},"content":{"rendered":"<div class=\"wpb-content-wrapper\"><p>[vc_row][vc_column][vc_row_inner][vc_column_inner width=&#8220;1\/2&#8243;][vc_column_text css=&#8220;&#8220;]<\/p>\n<div class=\"stolpec-levo\">Neostik PUR BOND SPECIAL je jednokomponentni poliuretanski lepak bez organskih razre\u0111iva\u010da. Namenjen je lepljenju jako optere\u0107enih povr\u0161ina drveta, kamena, betona, keramike, stiropora, izolacijskih materijala, metala \u2013 spolja i unutra. O\u010dvrsnuti sloj lepka je postojan na temperaturne razlike od \u201340 \u00b0C do +120 \u00b0C, vodoodporan (D4 po EN204). Lepak stvrdnjava pomo\u0107u vlage iz vazduha ili materijala koji se lepe. Pri stvrdnjavanju lepak se delimi\u010dno peni.<\/div>\n<p>[\/vc_column_text][vc_column_text css=&#8220;&#8220;]<\/p>\n<h6>LEPI:<\/h6>\n<p>jako optere\u0107ene povr\u0161ine drveta, kamena, betona, keramike, stiropora, izolacijskih materijala i metala.<br \/>\nPogodno je za spoljnu i unutra\u0161nju upotrebu.[\/vc_column_text][vc_column_text css=&#8220;&#8220;]<\/p>\n<h6><strong>PAKOVANJE:<\/strong><\/h6>\n<p>250 g<\/p>\n<div id=\"gtx-trans\" style=\"position: absolute; left: -60px; top: 39.9688px;\">\n<div class=\"gtx-trans-icon\"><\/div>\n<\/div>\n<p>[\/vc_column_text][\/vc_column_inner][vc_column_inner width=&#8220;1\/2&#8243;][vc_single_image image=&#8220;427&#8243; img_size=&#8220;&#8220; alignment=&#8220;center&#8220; css=&#8220;&#8220;][\/vc_column_inner][\/vc_row_inner][\/vc_column][\/vc_row][vc_row][vc_column]\r\n\t\t\t<div class=\"helios_section_distance m\"><\/div>\r\n\r\n\t\t\t[\/vc_column][\/vc_row]<\/p>\n<\/div>","protected":false},"excerpt":{"rendered":"<p>[vc_row][vc_column][vc_row_inner][vc_column_inner width=&#8220;1\/2&#8243;][vc_column_text css=&#8220;&#8220;] Neostik PUR BOND SPECIAL je jednokomponentni poliuretanski lepak bez organskih razre\u0111iva\u010da. Namenjen je lepljenju jako optere\u0107enih povr\u0161ina drveta, kamena, betona, keramike, stiropora, izolacijskih materijala, metala \u2013 spolja i unutra. O\u010dvrsnuti sloj lepka je postojan na temperaturne razlike od \u201340 \u00b0C do +120 \u00b0C, vodoodporan (D4 po EN204). Lepak stvrdnjava pomo\u0107u vlage iz&#8230;<\/p>\n","protected":false},"author":1,"featured_media":0,"parent":2018,"menu_order":0,"comment_status":"closed","ping_status":"closed","template":"","meta":{"footnotes":""},"class_list":["post-2038","page","type-page","status-publish","hentry"],"yoast_head":"<!-- This site is optimized with the Yoast SEO plugin v27.2 - https:\/\/yoast.com\/product\/yoast-seo-wordpress\/ -->\n<title>Neostik PUR BOND SPECIAL - KANSAI HELIOS Kemostik d.o.o<\/title>\n<meta name=\"robots\" content=\"index, follow, max-snippet:-1, max-image-preview:large, max-video-preview:-1\" \/>\n<link rel=\"canonical\" href=\"https:\/\/www.kemostik.com\/sr\/neostik\/lepkovi\/lepkovi-za-drvo\/neostik-pu-304-pur-bond-special\/\" \/>\n<meta property=\"og:locale\" content=\"sr_RS\" \/>\n<meta property=\"og:type\" content=\"article\" \/>\n<meta property=\"og:title\" content=\"Neostik PUR BOND SPECIAL - KANSAI HELIOS Kemostik d.o.o\" \/>\n<meta property=\"og:description\" content=\"[vc_row][vc_column][vc_row_inner][vc_column_inner width=&#8220;1\/2&#8243;][vc_column_text css=&#8220;&#8220;] Neostik PUR BOND SPECIAL je jednokomponentni poliuretanski lepak bez organskih razre\u0111iva\u010da. Namenjen je lepljenju jako optere\u0107enih povr\u0161ina drveta, kamena, betona, keramike, stiropora, izolacijskih materijala, metala \u2013 spolja i unutra. O\u010dvrsnuti sloj lepka je postojan na temperaturne razlike od \u201340 \u00b0C do +120 \u00b0C, vodoodporan (D4 po EN204). Lepak stvrdnjava pomo\u0107u vlage iz...\" \/>\n<meta property=\"og:url\" content=\"https:\/\/www.kemostik.com\/sr\/neostik\/lepkovi\/lepkovi-za-drvo\/neostik-pu-304-pur-bond-special\/\" \/>\n<meta property=\"og:site_name\" content=\"KANSAI HELIOS Kemostik d.o.o\" \/>\n<meta property=\"article:modified_time\" content=\"2025-03-28T15:25:08+00:00\" \/>\n<meta name=\"twitter:card\" content=\"summary_large_image\" \/>\n<meta name=\"twitter:label1\" content=\"\u041f\u0440\u043e\u0446\u0435\u045a\u0435\u043d\u043e \u0432\u0440\u0435\u043c\u0435 \u0447\u0438\u0442\u0430\u045a\u0430\" \/>\n\t<meta name=\"twitter:data1\" content=\"1 \u043c\u0438\u043d\u0443\u0442\" \/>\n<script type=\"application\/ld+json\" class=\"yoast-schema-graph\">{\"@context\":\"https:\/\/schema.org\",\"@graph\":[{\"@type\":\"WebPage\",\"@id\":\"https:\/\/www.kemostik.com\/sr\/neostik\/lepkovi\/lepkovi-za-drvo\/neostik-pu-304-pur-bond-special\/\",\"url\":\"https:\/\/www.kemostik.com\/sr\/neostik\/lepkovi\/lepkovi-za-drvo\/neostik-pu-304-pur-bond-special\/\",\"name\":\"Neostik PUR BOND SPECIAL - KANSAI HELIOS Kemostik d.o.o\",\"isPartOf\":{\"@id\":\"https:\/\/www.kemostik.com\/sr\/#website\"},\"datePublished\":\"2025-01-24T14:01:08+00:00\",\"dateModified\":\"2025-03-28T15:25:08+00:00\",\"breadcrumb\":{\"@id\":\"https:\/\/www.kemostik.com\/sr\/neostik\/lepkovi\/lepkovi-za-drvo\/neostik-pu-304-pur-bond-special\/#breadcrumb\"},\"inLanguage\":\"sr-RS\",\"potentialAction\":[{\"@type\":\"ReadAction\",\"target\":[\"https:\/\/www.kemostik.com\/sr\/neostik\/lepkovi\/lepkovi-za-drvo\/neostik-pu-304-pur-bond-special\/\"]}]},{\"@type\":\"BreadcrumbList\",\"@id\":\"https:\/\/www.kemostik.com\/sr\/neostik\/lepkovi\/lepkovi-za-drvo\/neostik-pu-304-pur-bond-special\/#breadcrumb\",\"itemListElement\":[{\"@type\":\"ListItem\",\"position\":1,\"name\":\"Home\",\"item\":\"https:\/\/www.kemostik.com\/sr\/\"},{\"@type\":\"ListItem\",\"position\":2,\"name\":\"NEOSTIK\",\"item\":\"https:\/\/www.kemostik.com\/sr\/neostik\/\"},{\"@type\":\"ListItem\",\"position\":3,\"name\":\"Lepkovi\",\"item\":\"https:\/\/www.kemostik.com\/sr\/neostik\/lepila\/\"},{\"@type\":\"ListItem\",\"position\":4,\"name\":\"Lepkovi za drvo\",\"item\":\"https:\/\/www.kemostik.com\/sr\/neostik\/lepila\/lepila-za-les\/\"},{\"@type\":\"ListItem\",\"position\":5,\"name\":\"Neostik PUR BOND SPECIAL\"}]},{\"@type\":\"WebSite\",\"@id\":\"https:\/\/www.kemostik.com\/sr\/#website\",\"url\":\"https:\/\/www.kemostik.com\/sr\/\",\"name\":\"KANSAI HELIOS Kemostik d.o.o\",\"description\":\"\",\"publisher\":{\"@id\":\"https:\/\/www.kemostik.com\/sr\/#organization\"},\"potentialAction\":[{\"@type\":\"SearchAction\",\"target\":{\"@type\":\"EntryPoint\",\"urlTemplate\":\"https:\/\/www.kemostik.com\/sr\/?s={search_term_string}\"},\"query-input\":{\"@type\":\"PropertyValueSpecification\",\"valueRequired\":true,\"valueName\":\"search_term_string\"}}],\"inLanguage\":\"sr-RS\"},{\"@type\":\"Organization\",\"@id\":\"https:\/\/www.kemostik.com\/sr\/#organization\",\"name\":\"KANSAI HELIOS Kemostik d.o.o\",\"url\":\"https:\/\/www.kemostik.com\/sr\/\",\"logo\":{\"@type\":\"ImageObject\",\"inLanguage\":\"sr-RS\",\"@id\":\"https:\/\/www.kemostik.com\/sr\/#\/schema\/logo\/image\/\",\"url\":\"https:\/\/www.kemostik.com\/wp-content\/uploads\/2024\/10\/kansai-helios-logo-transparent.png\",\"contentUrl\":\"https:\/\/www.kemostik.com\/wp-content\/uploads\/2024\/10\/kansai-helios-logo-transparent.png\",\"width\":240,\"height\":90,\"caption\":\"KANSAI HELIOS Kemostik d.o.o\"},\"image\":{\"@id\":\"https:\/\/www.kemostik.com\/sr\/#\/schema\/logo\/image\/\"}}]}<\/script>\n<!-- \/ Yoast SEO plugin. -->","yoast_head_json":{"title":"Neostik PUR BOND SPECIAL - KANSAI HELIOS Kemostik d.o.o","robots":{"index":"index","follow":"follow","max-snippet":"max-snippet:-1","max-image-preview":"max-image-preview:large","max-video-preview":"max-video-preview:-1"},"canonical":"https:\/\/www.kemostik.com\/sr\/neostik\/lepkovi\/lepkovi-za-drvo\/neostik-pu-304-pur-bond-special\/","og_locale":"sr_RS","og_type":"article","og_title":"Neostik PUR BOND SPECIAL - KANSAI HELIOS Kemostik d.o.o","og_description":"[vc_row][vc_column][vc_row_inner][vc_column_inner width=&#8220;1\/2&#8243;][vc_column_text css=&#8220;&#8220;] Neostik PUR BOND SPECIAL je jednokomponentni poliuretanski lepak bez organskih razre\u0111iva\u010da. Namenjen je lepljenju jako optere\u0107enih povr\u0161ina drveta, kamena, betona, keramike, stiropora, izolacijskih materijala, metala \u2013 spolja i unutra. O\u010dvrsnuti sloj lepka je postojan na temperaturne razlike od \u201340 \u00b0C do +120 \u00b0C, vodoodporan (D4 po EN204). Lepak stvrdnjava pomo\u0107u vlage iz...","og_url":"https:\/\/www.kemostik.com\/sr\/neostik\/lepkovi\/lepkovi-za-drvo\/neostik-pu-304-pur-bond-special\/","og_site_name":"KANSAI HELIOS Kemostik d.o.o","article_modified_time":"2025-03-28T15:25:08+00:00","twitter_card":"summary_large_image","twitter_misc":{"\u041f\u0440\u043e\u0446\u0435\u045a\u0435\u043d\u043e \u0432\u0440\u0435\u043c\u0435 \u0447\u0438\u0442\u0430\u045a\u0430":"1 \u043c\u0438\u043d\u0443\u0442"},"schema":{"@context":"https:\/\/schema.org","@graph":[{"@type":"WebPage","@id":"https:\/\/www.kemostik.com\/sr\/neostik\/lepkovi\/lepkovi-za-drvo\/neostik-pu-304-pur-bond-special\/","url":"https:\/\/www.kemostik.com\/sr\/neostik\/lepkovi\/lepkovi-za-drvo\/neostik-pu-304-pur-bond-special\/","name":"Neostik PUR BOND SPECIAL - KANSAI HELIOS Kemostik d.o.o","isPartOf":{"@id":"https:\/\/www.kemostik.com\/sr\/#website"},"datePublished":"2025-01-24T14:01:08+00:00","dateModified":"2025-03-28T15:25:08+00:00","breadcrumb":{"@id":"https:\/\/www.kemostik.com\/sr\/neostik\/lepkovi\/lepkovi-za-drvo\/neostik-pu-304-pur-bond-special\/#breadcrumb"},"inLanguage":"sr-RS","potentialAction":[{"@type":"ReadAction","target":["https:\/\/www.kemostik.com\/sr\/neostik\/lepkovi\/lepkovi-za-drvo\/neostik-pu-304-pur-bond-special\/"]}]},{"@type":"BreadcrumbList","@id":"https:\/\/www.kemostik.com\/sr\/neostik\/lepkovi\/lepkovi-za-drvo\/neostik-pu-304-pur-bond-special\/#breadcrumb","itemListElement":[{"@type":"ListItem","position":1,"name":"Home","item":"https:\/\/www.kemostik.com\/sr\/"},{"@type":"ListItem","position":2,"name":"NEOSTIK","item":"https:\/\/www.kemostik.com\/sr\/neostik\/"},{"@type":"ListItem","position":3,"name":"Lepkovi","item":"https:\/\/www.kemostik.com\/sr\/neostik\/lepila\/"},{"@type":"ListItem","position":4,"name":"Lepkovi za drvo","item":"https:\/\/www.kemostik.com\/sr\/neostik\/lepila\/lepila-za-les\/"},{"@type":"ListItem","position":5,"name":"Neostik PUR BOND SPECIAL"}]},{"@type":"WebSite","@id":"https:\/\/www.kemostik.com\/sr\/#website","url":"https:\/\/www.kemostik.com\/sr\/","name":"KANSAI HELIOS Kemostik d.o.o","description":"","publisher":{"@id":"https:\/\/www.kemostik.com\/sr\/#organization"},"potentialAction":[{"@type":"SearchAction","target":{"@type":"EntryPoint","urlTemplate":"https:\/\/www.kemostik.com\/sr\/?s={search_term_string}"},"query-input":{"@type":"PropertyValueSpecification","valueRequired":true,"valueName":"search_term_string"}}],"inLanguage":"sr-RS"},{"@type":"Organization","@id":"https:\/\/www.kemostik.com\/sr\/#organization","name":"KANSAI HELIOS Kemostik d.o.o","url":"https:\/\/www.kemostik.com\/sr\/","logo":{"@type":"ImageObject","inLanguage":"sr-RS","@id":"https:\/\/www.kemostik.com\/sr\/#\/schema\/logo\/image\/","url":"https:\/\/www.kemostik.com\/wp-content\/uploads\/2024\/10\/kansai-helios-logo-transparent.png","contentUrl":"https:\/\/www.kemostik.com\/wp-content\/uploads\/2024\/10\/kansai-helios-logo-transparent.png","width":240,"height":90,"caption":"KANSAI HELIOS Kemostik d.o.o"},"image":{"@id":"https:\/\/www.kemostik.com\/sr\/#\/schema\/logo\/image\/"}}]}},"_links":{"self":[{"href":"https:\/\/www.kemostik.com\/sr\/wp-json\/wp\/v2\/pages\/2038","targetHints":{"allow":["GET"]}}],"collection":[{"href":"https:\/\/www.kemostik.com\/sr\/wp-json\/wp\/v2\/pages"}],"about":[{"href":"https:\/\/www.kemostik.com\/sr\/wp-json\/wp\/v2\/types\/page"}],"author":[{"embeddable":true,"href":"https:\/\/www.kemostik.com\/sr\/wp-json\/wp\/v2\/users\/1"}],"replies":[{"embeddable":true,"href":"https:\/\/www.kemostik.com\/sr\/wp-json\/wp\/v2\/comments?post=2038"}],"version-history":[{"count":2,"href":"https:\/\/www.kemostik.com\/sr\/wp-json\/wp\/v2\/pages\/2038\/revisions"}],"predecessor-version":[{"id":2336,"href":"https:\/\/www.kemostik.com\/sr\/wp-json\/wp\/v2\/pages\/2038\/revisions\/2336"}],"up":[{"embeddable":true,"href":"https:\/\/www.kemostik.com\/sr\/wp-json\/wp\/v2\/pages\/2018"}],"wp:attachment":[{"href":"https:\/\/www.kemostik.com\/sr\/wp-json\/wp\/v2\/media?parent=2038"}],"curies":[{"name":"wp","href":"https:\/\/api.w.org\/{rel}","templated":true}]}}